{"id":5047,"date":"2025-01-26T03:31:20","date_gmt":"2025-01-26T03:31:20","guid":{"rendered":"https:\/\/fmp-components.com\/?post_type=product&#038;p=5047"},"modified":"2025-01-26T03:31:20","modified_gmt":"2025-01-26T03:31:20","slug":"cement-mixer-2810-gearbox-reducer-for-concrete-mixer-innovative-drive-system-%ef%bc%88zl-2810%ef%bc%89","status":"publish","type":"product","link":"https:\/\/fmp-components.com\/hu\/product\/cement-mixer-2810-gearbox-reducer-for-concrete-mixer-innovative-drive-system-%ef%bc%88zl-2810%ef%bc%89\/","title":{"rendered":"Cementkever\u0151 2810 sebess\u00e9gv\u00e1lt\u00f3 reduktor betonkever\u0151h\u00f6z Innovat\u00edv hajt\u00e1srendszer \uff08ZL-2810\uff09"},"content":{"rendered":"<h2>A 2810 sebess\u00e9gv\u00e1lt\u00f3 szerkezeti rajza<\/h2>\n<p><img loading=\"lazy\" decoding=\"async\" class=\"wp-image-5048 aligncenter\" src=\"https:\/\/fmp-components.com\/wp-content\/uploads\/2025\/01\/cement-mixer-gearbox11.webp\" alt=\"cementkever\u0151 sebess\u00e9gv\u00e1lt\u00f3\" width=\"855\" height=\"523\" title=\"\" srcset=\"https:\/\/fmp-components.com\/wp-content\/uploads\/2025\/01\/cement-mixer-gearbox11.webp 855w, https:\/\/fmp-components.com\/wp-content\/uploads\/2025\/01\/cement-mixer-gearbox11-480x294.webp 480w\" sizes=\"(min-width: 0px) and (max-width: 480px) 480px, (min-width: 481px) 855px, 100vw\" \/><\/p>\n<table style=\"width: 100%;\" border=\"1\" width=\"100%\" cellspacing=\"0\" cellpadding=\"0\">\n<tbody>\n<tr>\n<th>Alkatr\u00e9sz sz\u00e1ma<\/th>\n<th>Komponens neve<\/th>\n<th>Alkatr\u00e9sz sz\u00e1ma<\/th>\n<th>Komponens neve<\/th>\n<th>Alkatr\u00e9sz sz\u00e1ma<\/th>\n<th>Komponens neve<\/th>\n<\/tr>\n<tr>\n<td>1<\/td>\n<td>Bemeneti tengely<\/td>\n<td>2<\/td>\n<td>Olajt\u00f6m\u00edt\u00e9s<\/td>\n<td>3<\/td>\n<td>M\u00e9lyhorny\u00fa goly\u00f3scsap\u00e1gy<\/td>\n<\/tr>\n<tr>\n<td>4<\/td>\n<td>Ajt\u00f3burkolat<\/td>\n<td>5<\/td>\n<td>M\u00e9lyhorny\u00fa goly\u00f3scsap\u00e1gy<\/td>\n<td>6<\/td>\n<td>Hatsz\u00f6glet\u0171 csavar<\/td>\n<\/tr>\n<tr>\n<td>7<\/td>\n<td>Lapos kulcs<\/td>\n<td>8<\/td>\n<td>Csigaker\u00e9k<\/td>\n<td>9<\/td>\n<td>Olajcsavar csavar<\/td>\n<\/tr>\n<tr>\n<td>10<\/td>\n<td>Doboz<\/td>\n<td>11<\/td>\n<td>Lapos kulcs<\/td>\n<td>12<\/td>\n<td>K\u00fapkerekes fogasker\u00e9k<\/td>\n<\/tr>\n<tr>\n<td>13<\/td>\n<td>Biztos\u00edt\u00f3gy\u0171r\u0171<\/td>\n<td>14<\/td>\n<td>Al\u00e1t\u00e9tlemez<\/td>\n<td>15<\/td>\n<td>F\u00e9reg<\/td>\n<\/tr>\n<tr>\n<td>16<\/td>\n<td>M\u00e9lyhorny\u00fa goly\u00f3scsap\u00e1gy<\/td>\n<td>17<\/td>\n<td>Biztos\u00edt\u00f3gy\u0171r\u0171<\/td>\n<td>18<\/td>\n<td>Olajt\u00f6m\u00edt\u00e9s<\/td>\n<\/tr>\n<tr>\n<td>19<\/td>\n<td>Bord\u00e1s tengely<\/td>\n<td>20<\/td>\n<td>Olajt\u00f6m\u00edt\u00e9s<\/td>\n<td>21<\/td>\n<td>R\u00f6gz\u00edt\u0151gy\u0171r\u0171<\/td>\n<\/tr>\n<tr>\n<td>22<\/td>\n<td>Ajt\u00f3burkolat<\/td>\n<td>23<\/td>\n<td>Bord\u00e1s h\u00fcvely<\/td>\n<td><\/td>\n<td><\/td>\n<\/tr>\n<\/tbody>\n<\/table>\n<p>Megjegyz\u00e9sek\uff1a<br \/>\n1. \u00d6sszeszerel\u00e9s el\u0151tt minden alkatr\u00e9szt meg kell tiszt\u00edtani.<br \/>\n2. \u00d6sszeszerel\u00e9s k\u00f6zben a csap\u00e1gynak szorosan a tengely v\u00e1ll\u00e1hoz kell fek\u00fcdnie.<br \/>\n3. Haszn\u00e1ljon WA460 ken\u0151olajat, vagy v\u00e1lassza ki a k\u00f6rnyezeti h\u0151m\u00e9rs\u00e9kletnek megfelel\u0151 olajat.<br \/>\n4. Terhel\u00e9s n\u00e9lk\u00fcli tesztet kell v\u00e9gezni, a m\u0171k\u00f6d\u00e9snek rugalmasnak \u00e9s szabadnak kell lennie. 1 \u00f3r\u00e1s fut\u00e1s ut\u00e1n a h\u0151m\u00e9rs\u00e9klet-emelked\u00e9snek \u2264 45 \u2103-nak kell lennie.<\/p>\n<p><img loading=\"lazy\" decoding=\"async\" class=\"alignnone  wp-image-5049\" src=\"https:\/\/fmp-components.com\/wp-content\/uploads\/2025\/01\/0_cement-mixer-gearbox51.webp\" alt=\"cementkever\u0151 sebess\u00e9gv\u00e1lt\u00f3\" width=\"967\" height=\"910\" title=\"\" srcset=\"https:\/\/fmp-components.com\/wp-content\/uploads\/2025\/01\/0_cement-mixer-gearbox51.webp 967w, https:\/\/fmp-components.com\/wp-content\/uploads\/2025\/01\/0_cement-mixer-gearbox51-480x452.webp 480w\" sizes=\"(min-width: 0px) and (max-width: 480px) 480px, (min-width: 481px) 967px, 100vw\" \/><\/p>\n<h3>Hogyan m\u0171k\u00f6dik a sebess\u00e9gv\u00e1lt\u00f3 a betonkever\u0151ben?<\/h3>\n<p>A betonkever\u0151 sebess\u00e9gv\u00e1lt\u00f3ja kulcsszerepet j\u00e1tszik a motor teljes\u00edtm\u00e9ny\u00e9nek a kever\u0151dobhoz val\u00f3 \u00e1tvitel\u00e9ben, lehet\u0151v\u00e9 t\u00e9ve a kever\u00e9si folyamatot. \u00cdme egy \u00e1ttekint\u00e9s arr\u00f3l, hogyan m\u0171k\u00f6dik a sebess\u00e9gv\u00e1lt\u00f3 egy betonkever\u0151ben:<\/p>\n<ol>\n<li><strong>Teljes\u00edtm\u00e9ny\u00e1tvitel:<\/strong> A sebess\u00e9gv\u00e1lt\u00f3 a motorhoz van csatlakoztatva, amely biztos\u00edtja a kever\u0151 m\u0171k\u00f6d\u00e9s\u00e9hez sz\u00fcks\u00e9ges energi\u00e1t. A motor jellemz\u0151en nagy sebess\u00e9ggel m\u0171k\u00f6dik, de a kever\u0151dobnak lassabb, szab\u00e1lyozott sebess\u00e9gre \u00e9s nagyobb nyomat\u00e9kra van sz\u00fcks\u00e9ge a beton megfelel\u0151 kever\u00e9s\u00e9hez. A sebess\u00e9gv\u00e1lt\u00f3 a motor nagy sebess\u00e9g\u0171 forg\u00e1s\u00e1t lassabb, a dob forg\u00e1s\u00e1hoz megfelel\u0151bb sebess\u00e9gre cs\u00f6kkenti.<\/li>\n<li><strong>Sebess\u00e9gcs\u00f6kkent\u00e9s:<\/strong> A sebess\u00e9gv\u00e1lt\u00f3 fogasker\u00e9k-rendszert \u2013 gyakran bolyg\u00f3kerekes vagy ferde fogaskerekes fogaskerekeket \u2013 haszn\u00e1l a sz\u00fcks\u00e9ges sebess\u00e9gcs\u00f6kkent\u00e9s el\u00e9r\u00e9s\u00e9hez. Ez biztos\u00edtja, hogy a kever\u0151dob lassabb, szab\u00e1lyozott sebess\u00e9ggel forogjon, ami elengedhetetlen az egyenletes kever\u00e9shez a motor t\u00falterhel\u00e9se vagy a berendez\u00e9s k\u00e1rosod\u00e1sa n\u00e9lk\u00fcl.<\/li>\n<li><strong>Nyomat\u00e9ker\u0151s\u00edt\u00e9s:<\/strong> A sebess\u00e9g cs\u00f6kkent\u00e9se mellett a sebess\u00e9gv\u00e1lt\u00f3 feler\u0151s\u00edti a nyomat\u00e9kot is, biztos\u00edtva a neh\u00e9z dob forgat\u00e1s\u00e1hoz \u00e9s a beton hat\u00e9kony kever\u00e9s\u00e9hez sz\u00fcks\u00e9ges extra er\u0151t. A megn\u00f6velt nyomat\u00e9k biztos\u00edtja, hogy a dob sim\u00e1n forogjon m\u00e9g akkor is, ha tele van neh\u00e9z betonadal\u00e9kokkal.<\/li>\n<li><strong>Hat\u00e9kony energiaeloszt\u00e1s:<\/strong> A sebess\u00e9gv\u00e1lt\u00f3 biztos\u00edtja, hogy a teljes\u00edtm\u00e9ny hat\u00e9konyan oszoljon el a kever\u0151dobon, \u00e9s n\u00e9ha m\u00e1s alkatr\u00e9szeken, p\u00e9ld\u00e1ul a csig\u00e1kon vagy a lap\u00e1tokon, ha a kever\u0151 rendelkezik ezekkel a funkci\u00f3kkal. Biztos\u00edtja a kever\u00e9si m\u0171velet stabilit\u00e1s\u00e1t, cs\u00f6kkentve az energiavesztes\u00e9get \u00e9s fenntartva a k\u00edv\u00e1nt teljes\u00edtm\u00e9nyt.<\/li>\n<li><strong>Tart\u00f3ss\u00e1g \u00e9s megb\u00edzhat\u00f3s\u00e1g:<\/strong> A betonkever\u0151k sebess\u00e9gv\u00e1lt\u00f3j\u00e1t \u00fagy tervezt\u00e9k, hogy ellen\u00e1lljon a neh\u00e9z, folyamatos m\u0171k\u00f6d\u00e9snek ig\u00e9nyes k\u00f6rnyezetben. Nagy szil\u00e1rds\u00e1g\u00fa anyagokb\u00f3l k\u00e9sz\u00fclt, hogy elb\u00edrja a gyakori ind\u00edt\u00e1si-le\u00e1ll\u00edt\u00e1si ciklusok, a nagy terhel\u00e9sek, valamint a zord k\u00f6r\u00fclm\u00e9nyek, p\u00e9ld\u00e1ul a por \u00e9s a nedvess\u00e9g okozta ig\u00e9nybev\u00e9telt.<\/li>\n<li><strong>Karbantart\u00e1s \u00e9s hossz\u00fa \u00e9lettartam:<\/strong> A sebess\u00e9gv\u00e1lt\u00f3t \u00fagy tervezt\u00e9k, hogy k\u00f6nnyen karbantarthat\u00f3 legyen, olyan funkci\u00f3kkal, mint az olajken\u00e9s \u00e9s a t\u00f6m\u00edtett csap\u00e1gyak, amelyek hossz\u00fa t\u00e1von is biztos\u00edtj\u00e1k a z\u00f6kken\u0151mentes m\u0171k\u00f6d\u00e9st. A rendszeres karbantart\u00e1s biztos\u00edtja a sebess\u00e9gv\u00e1lt\u00f3 folyamatos hat\u00e9kony m\u0171k\u00f6d\u00e9s\u00e9t, cs\u00f6kkentve az \u00e1ll\u00e1sid\u0151t \u00e9s meghosszabb\u00edtva a kever\u0151 \u00e9lettartam\u00e1t.<\/li>\n<\/ol>\n<p>\u00d6sszefoglalva, a betonkever\u0151 sebess\u00e9gv\u00e1lt\u00f3ja elengedhetetlen ahhoz, hogy a motor nagy sebess\u00e9g\u0171 teljes\u00edtm\u00e9ny\u00e9t alacsony sebess\u00e9g\u0171, nagy nyomat\u00e9k\u00fa mozg\u00e1ss\u00e1 alak\u00edtsa, biztos\u00edtva a hat\u00e9kony \u00e9s megb\u00edzhat\u00f3 kever\u00e9si teljes\u00edtm\u00e9nyt. Szerepe l\u00e9tfontoss\u00e1g\u00fa az egyenletes kever\u00e9s biztos\u00edt\u00e1s\u00e1ban, az alkatr\u00e9szek kop\u00e1s\u00e1nak cs\u00f6kkent\u00e9s\u00e9ben, valamint a hossz\u00fa t\u00e1v\u00fa haszn\u00e1lathoz sz\u00fcks\u00e9ges tart\u00f3ss\u00e1g biztos\u00edt\u00e1s\u00e1ban ig\u00e9nyes k\u00f6rnyezetben.<\/p>\n<table style=\"border-collapse: collapse; width: 99.6093%; height: 112px;\" border=\"0\" width=\"160\" cellspacing=\"0\" cellpadding=\"0\">\n<tbody>\n<tr style=\"height: 14.40pt;\">\n<td style=\"height: 14.4pt; width: 49.2308%;\" align=\"right\" width=\"80\" height=\"24\"><img loading=\"lazy\" decoding=\"async\" class=\"alignnone size-full wp-image-5051\" src=\"https:\/\/fmp-components.com\/wp-content\/uploads\/2025\/01\/fmp_2810-gearbox-3.webp\" alt=\"fmp_2810-sebess\u00e9gv\u00e1lt\u00f3\" width=\"2016\" height=\"1512\" title=\"\" srcset=\"https:\/\/fmp-components.com\/wp-content\/uploads\/2025\/01\/fmp_2810-gearbox-3.webp 2016w, https:\/\/fmp-components.com\/wp-content\/uploads\/2025\/01\/fmp_2810-gearbox-3-1280x960.webp 1280w, https:\/\/fmp-components.com\/wp-content\/uploads\/2025\/01\/fmp_2810-gearbox-3-980x735.webp 980w, https:\/\/fmp-components.com\/wp-content\/uploads\/2025\/01\/fmp_2810-gearbox-3-480x360.webp 480w\" sizes=\"(min-width: 0px) and (max-width: 480px) 480px, (min-width: 481px) and (max-width: 980px) 980px, (min-width: 981px) and (max-width: 1280px) 1280px, (min-width: 1281px) 2016px, 100vw\" \/><\/td>\n<td style=\"width: 49.2308%;\" align=\"right\" width=\"80\"><img loading=\"lazy\" decoding=\"async\" class=\"alignnone size-full wp-image-5050\" src=\"https:\/\/fmp-components.com\/wp-content\/uploads\/2025\/01\/fmp_2810-gearbox-2.webp\" alt=\"fmp_2810-sebess\u00e9gv\u00e1lt\u00f3\" width=\"2016\" height=\"1512\" title=\"\" srcset=\"https:\/\/fmp-components.com\/wp-content\/uploads\/2025\/01\/fmp_2810-gearbox-2.webp 2016w, https:\/\/fmp-components.com\/wp-content\/uploads\/2025\/01\/fmp_2810-gearbox-2-1280x960.webp 1280w, https:\/\/fmp-components.com\/wp-content\/uploads\/2025\/01\/fmp_2810-gearbox-2-980x735.webp 980w, https:\/\/fmp-components.com\/wp-content\/uploads\/2025\/01\/fmp_2810-gearbox-2-480x360.webp 480w\" sizes=\"(min-width: 0px) and (max-width: 480px) 480px, (min-width: 481px) and (max-width: 980px) 980px, (min-width: 981px) and (max-width: 1280px) 1280px, (min-width: 1281px) 2016px, 100vw\" \/><\/td>\n<\/tr>\n<\/tbody>\n<\/table>\n<h3>Az FMP-r\u0151l<\/h3>\n<p>Az FMP egy professzion\u00e1lis sebess\u00e9gv\u00e1lt\u00f3gy\u00e1rt\u00f3 \u00fczem, amely kiv\u00e1l\u00f3s\u00e1g\u00e1r\u00f3l ismert. B\u00fcszk\u00e9k vagyunk arra, hogy sz\u00e1mos olyan alapvet\u0151 el\u0151nyt k\u00edn\u00e1lunk, amelyek megb\u00edzhat\u00f3 partnerr\u00e9 tesznek minket a sebess\u00e9gv\u00e1lt\u00f3-gy\u00e1rt\u00f3 ipar\u00e1gban:<\/p>\n<p><img loading=\"lazy\" decoding=\"async\" class=\"size-full wp-image-5052 alignleft\" src=\"https:\/\/fmp-components.com\/wp-content\/uploads\/2025\/01\/0_cement-mixer-gearbox131.webp\" alt=\"0_cement-kever\u0151-sebess\u00e9gv\u00e1lt\u00f313(1)\" width=\"562\" height=\"750\" title=\"\" srcset=\"https:\/\/fmp-components.com\/wp-content\/uploads\/2025\/01\/0_cement-mixer-gearbox131.webp 562w, https:\/\/fmp-components.com\/wp-content\/uploads\/2025\/01\/0_cement-mixer-gearbox131-480x641.webp 480w\" sizes=\"(min-width: 0px) and (max-width: 480px) 480px, (min-width: 481px) 562px, 100vw\" \/><\/p>\n<ol>\n<li><strong>Kiv\u00e1l\u00f3 gy\u00e1rt\u00e1si folyamat:<\/strong><br \/>\nKorszer\u0171 nemzetk\u00f6zi gy\u00e1rt\u00f3berendez\u00e9seket \u00e9s prec\u00edzi\u00f3s gy\u00e1rt\u00e1si technol\u00f3gi\u00e1t haszn\u00e1lunk, biztos\u00edtva, hogy minden sebess\u00e9gv\u00e1lt\u00f3 megfeleljen a legmagasabb ipar\u00e1gi szabv\u00e1nyoknak. Szigor\u00faan betartjuk az ISO min\u0151s\u00e9gir\u00e1ny\u00edt\u00e1si rendszer szabv\u00e1nyait a pontoss\u00e1g, a szil\u00e1rds\u00e1g \u00e9s a tart\u00f3ss\u00e1g garant\u00e1l\u00e1sa \u00e9rdek\u00e9ben.<\/li>\n<li><strong>Diverzifik\u00e1lt term\u00e9kcsal\u00e1d:<\/strong><br \/>\nKiterjedt term\u00e9kk\u00edn\u00e1latunk sz\u00e1mos ipar\u00e1gat szolg\u00e1l ki, bele\u00e9rtve az ipari berendez\u00e9seket, mez\u0151gazdas\u00e1gi g\u00e9peket, \u00e9p\u00edt\u0151ipari berendez\u00e9seket, haj\u00f3energia-rendszereket \u00e9s \u00faj energia\u00e1tviteli rendszereket. Standard \u00e9s egyedi megold\u00e1sokat is k\u00edn\u00e1lunk, amelyek az \u00d6n egyedi ig\u00e9nyeire szabottak, f\u00fcggetlen\u00fcl a specifik\u00e1ci\u00f3kt\u00f3l vagy k\u00f6vetelm\u00e9nyekt\u0151l.<\/li>\n<li><strong>Innovat\u00edv K+F er\u0151ss\u00e9g:<\/strong><br \/>\nK\u00e9pzett \u00e9s innovat\u00edv K+F csapatunkkal folyamatosan fejlesztj\u00fck technol\u00f3gi\u00e1nkat \u00e9s tervez\u00e9s\u00fcnket, hogy \u00faj, hat\u00e9kony, energiatakar\u00e9kos, alacsony zajszint\u0171 \u00e9s nagy teljes\u00edtm\u00e9ny\u0171 sebess\u00e9gv\u00e1lt\u00f3kat fejlessz\u00fcnk ki. A piaci trendek l\u00e9p\u00e9st tartva megfelel\u00fcnk a leg\u00fajabb technol\u00f3giai ig\u00e9nyeknek.<\/li>\n<li><strong>Kiv\u00e1lasztott nyersanyagok \u00e9s kieg\u00e9sz\u00edt\u0151k:<\/strong><br \/>\nA min\u0151s\u00e9get helyezz\u00fck el\u0151t\u00e9rbe, ez\u00e9rt kiv\u00e1l\u00f3 min\u0151s\u00e9g\u0171 ac\u00e9lt \u00e9s m\u00e1s tart\u00f3s anyagokat haszn\u00e1lunk. Minden tart\u00f3elemet, p\u00e9ld\u00e1ul csap\u00e1gyakat \u00e9s t\u00f6m\u00edt\u00e9seket, j\u00f3 h\u00edr\u0171 hazai \u00e9s nemzetk\u00f6zi m\u00e1rk\u00e1kt\u00f3l szerez\u00fcnk be a stabil \u00e9s megb\u00edzhat\u00f3 teljes\u00edtm\u00e9ny biztos\u00edt\u00e1sa \u00e9rdek\u00e9ben.<\/li>\n<li><strong>Szigor\u00fa min\u0151s\u00e9gellen\u0151rz\u00e9si rendszer:<\/strong><br \/>\nSzigor\u00fa min\u0151s\u00e9gellen\u0151rz\u00e9st v\u00e9gz\u00fcnk a gy\u00e1rt\u00e1si folyamat sor\u00e1n. A nyersanyagok be\u00e9rkez\u00e9s\u00e9t\u0151l a k\u00e9szterm\u00e9kek kisz\u00e1ll\u00edt\u00e1s\u00e1ig minden egyes sebess\u00e9gv\u00e1lt\u00f3t \u00e1tfog\u00f3 tesztel\u00e9snek vet\u00fcnk al\u00e1 korszer\u0171 berendez\u00e9sek seg\u00edts\u00e9g\u00e9vel, hogy a sz\u00e1ll\u00edt\u00e1s el\u0151tt biztos\u00edtsuk a hib\u00e1k kiz\u00e1r\u00e1s\u00e1t.<\/li>\n<li><strong>Teljes k\u00f6r\u0171 szervizgarancia:<\/strong><br \/>\nElk\u00f6telezettek vagyunk nemcsak a kiv\u00e1l\u00f3 min\u0151s\u00e9g\u0171 term\u00e9kek, hanem az \u00e1tfog\u00f3 \u00e9rt\u00e9kes\u00edt\u00e9s ut\u00e1ni t\u00e1mogat\u00e1s ir\u00e1nt is. Szolg\u00e1ltat\u00e1saink k\u00f6z\u00e9 tartozik a telep\u00edt\u00e9si tan\u00e1csad\u00e1s, a karbantart\u00e1s, a hibaelh\u00e1r\u00edt\u00e1s \u00e9s az alkatr\u00e9szell\u00e1t\u00e1s, hogy \u00fcgyfeleink teljes el\u00e9gedetts\u00e9g\u00e9t \u00e9s nyugalm\u00e1t biztos\u00edtsuk.<\/li>\n<li><strong>Gazdag ipar\u00e1gi tapasztalat \u00e9s j\u00f3 h\u00edrn\u00e9v:<\/strong><br \/>\nA sebess\u00e9gv\u00e1lt\u00f3-gy\u00e1rt\u00e1sban szerzett \u00e9vtizedes tapasztalatunkkal felbecs\u00fclhetetlen \u00e9rt\u00e9k\u0171 tapasztalatra \u00e9s er\u0151s m\u0171szaki alapokra tett\u00fcnk szert. Min\u0151s\u00e9g\u00fcnk \u00e9s megb\u00edzhat\u00f3s\u00e1gunk r\u00e9v\u00e9n vil\u00e1gszerte elnyert\u00fck \u00fcgyfeleink bizalm\u00e1t.<\/li>\n<\/ol>\n<p><strong>Egyedi megold\u00e1sok:<\/strong><\/p>\n<p>Az FMP-n\u00e9l \u00f6r\u00f6mmel t\u00e1mogatjuk az \u00d6n egyedi ig\u00e9nyei szerinti egyedi tervek elk\u00e9sz\u00edt\u00e9s\u00e9t is. Ha van rajza vagy terve, egyszer\u0171en k\u00fcldje el nek\u00fcnk e-mailben, \u00e9s szak\u00e9rt\u0151i csapatunk 24 \u00f3r\u00e1n bel\u00fcl \u00e1ttekinti \u00e9s \u00e1raj\u00e1nlatot ad. Elk\u00f6telezettek vagyunk amellett, hogy gyors, hat\u00e9kony \u00e9s szem\u00e9lyre szabott megold\u00e1sokat k\u00edn\u00e1ljunk projektjei megval\u00f3s\u00edt\u00e1s\u00e1hoz.<\/p>","protected":false},"excerpt":{"rendered":"<p>Structure Diagram of 2810 Gearbox Component Number Component Name Component Number Component Name Component Number Component Name 1 Input Shaft 2 Oil Seal 3 Deep Groove Ball Bearing 4 Door Cover 5 Deep Groove Ball Bearing 6 Hexagonal Head Bolt 7 Flat Key 8 Worm Gear 9 Oil Plug Screw 10 Box 11 Flat Key [&hellip;]<\/p>","protected":false},"featured_media":5053,"comment_status":"open","ping_status":"closed","template":"","meta":{"_et_pb_use_builder":"","_et_pb_old_content":"","_et_gb_content_width":""},"product_brand":[],"product_cat":[94],"product_tag":[],"class_list":{"0":"post-5047","1":"product","2":"type-product","3":"status-publish","4":"has-post-thumbnail","6":"product_cat-industrial-gearbox","8":"first","9":"instock","10":"shipping-taxable","11":"product-type-simple"},"_links":{"self":[{"href":"https:\/\/fmp-components.com\/hu\/wp-json\/wp\/v2\/product\/5047","targetHints":{"allow":["GET"]}}],"collection":[{"href":"https:\/\/fmp-components.com\/hu\/wp-json\/wp\/v2\/product"}],"about":[{"href":"https:\/\/fmp-components.com\/hu\/wp-json\/wp\/v2\/types\/product"}],"replies":[{"embeddable":true,"href":"https:\/\/fmp-components.com\/hu\/wp-json\/wp\/v2\/comments?post=5047"}],"wp:featuredmedia":[{"embeddable":true,"href":"https:\/\/fmp-components.com\/hu\/wp-json\/wp\/v2\/media\/5053"}],"wp:attachment":[{"href":"https:\/\/fmp-components.com\/hu\/wp-json\/wp\/v2\/media?parent=5047"}],"wp:term":[{"taxonomy":"product_brand","embeddable":true,"href":"https:\/\/fmp-components.com\/hu\/wp-json\/wp\/v2\/product_brand?post=5047"},{"taxonomy":"product_cat","embeddable":true,"href":"https:\/\/fmp-components.com\/hu\/wp-json\/wp\/v2\/product_cat?post=5047"},{"taxonomy":"product_tag","embeddable":true,"href":"https:\/\/fmp-components.com\/hu\/wp-json\/wp\/v2\/product_tag?post=5047"}],"curies":[{"name":"munkaf\u00fczet","href":"https:\/\/api.w.org\/{rel}","templated":true}]}}