{"id":5040,"date":"2025-01-26T03:04:33","date_gmt":"2025-01-26T03:04:33","guid":{"rendered":"https:\/\/fmp-components.com\/?post_type=product&#038;p=5040"},"modified":"2025-01-26T03:04:33","modified_gmt":"2025-01-26T03:04:33","slug":"cement-polishing-gearbox-for-smooth-concrete-floors-and-walls","status":"publish","type":"product","link":"https:\/\/fmp-components.com\/hu\/product\/cement-polishing-gearbox-for-smooth-concrete-floors-and-walls\/","title":{"rendered":"Cement pol\u00edroz\u00f3 sebess\u00e9gv\u00e1lt\u00f3 sima betonpadl\u00f3khoz \u00e9s falakhoz"},"content":{"rendered":"<h2>Cement pol\u00edroz\u00f3 sebess\u00e9gv\u00e1lt\u00f3<\/h2>\n<p>A betoncsiszol\u00f3 hajt\u00f3m\u0171 egy nagy teljes\u00edtm\u00e9ny\u0171, prec\u00edzi\u00f3san megtervezett alkatr\u00e9sz, amelyet betoncsiszol\u00f3 \u00e9s pol\u00edroz\u00f3 g\u00e9pekhez terveztek. Ez a hajt\u00f3m\u0171 kritikus szerepet j\u00e1tszik a sima \u00e9s hat\u00e9kony m\u0171k\u00f6d\u00e9s biztos\u00edt\u00e1s\u00e1ban, biztos\u00edtva a sz\u00fcks\u00e9ges nyomat\u00e9kot \u00e9s sebess\u00e9gszab\u00e1lyoz\u00e1st az optim\u00e1lis pol\u00edroz\u00e1si eredm\u00e9nyekhez. Ak\u00e1r ipari, ak\u00e1r kereskedelmi betonalkalmaz\u00e1sokban haszn\u00e1lj\u00e1k, tart\u00f3ss\u00e1got, megb\u00edzhat\u00f3s\u00e1got \u00e9s teljes\u00edtm\u00e9nyt biztos\u00edt ig\u00e9nyes k\u00f6r\u00fclm\u00e9nyek k\u00f6z\u00f6tt.<\/p>\n<p><strong>F\u0151bb jellemz\u0151k:<\/strong><\/p>\n<ol>\n<li><strong>Nagy nyomat\u00e9k \u00e9s sebess\u00e9gszab\u00e1lyoz\u00e1s:<\/strong> A sebess\u00e9gv\u00e1lt\u00f3 \u00fagy van kialak\u00edtva, hogy cs\u00f6kkentse a motor nagy fordulatsz\u00e1m\u00fa forg\u00e1s\u00e1t, ide\u00e1lis nyomat\u00e9kot \u00e9s sebess\u00e9get biztos\u00edtva a pol\u00edroz\u00f3 szersz\u00e1mok sz\u00e1m\u00e1ra. Ez lehet\u0151v\u00e9 teszi a betonfel\u00fcletek egyenletes \u00e9s egyenletes pol\u00edroz\u00e1s\u00e1t, minimaliz\u00e1lva a szersz\u00e1mok kop\u00e1s\u00e1t \u00e9s jav\u00edtva az \u00e1ltal\u00e1nos fel\u00fcletmin\u0151s\u00e9get.<\/li>\n<li><strong>Tart\u00f3ss\u00e1g \u00e9s megb\u00edzhat\u00f3s\u00e1g:<\/strong> A robusztus anyagokb\u00f3l \u00e9s kiv\u00e1l\u00f3 min\u0151s\u00e9g\u0171 kidolgoz\u00e1ssal k\u00e9sz\u00fclt betonpol\u00edroz\u00f3 hajt\u00f3m\u0171 \u00fagy lett kialak\u00edtva, hogy ellen\u00e1lljon a betonpol\u00edroz\u00f3 g\u00e9pek nagy ig\u00e9nybev\u00e9tel\u00e9nek. Kiv\u00e9teles tart\u00f3ss\u00e1got k\u00edn\u00e1l m\u00e9g zord \u00fczemi k\u00f6r\u00fclm\u00e9nyek k\u00f6z\u00f6tt is, biztos\u00edtva a hossz\u00fa t\u00e1v\u00fa teljes\u00edtm\u00e9nyt.<\/li>\n<li><strong>Hat\u00e9kony er\u0151\u00e1tvitel:<\/strong> A sebess\u00e9gv\u00e1lt\u00f3 rendk\u00edv\u00fcl hat\u00e9kony fogasker\u00e9k-rendszert haszn\u00e1l \u2013 p\u00e9ld\u00e1ul csigakerekeket vagy bolyg\u00f3kerekes fogaskerekeket \u2013, amelyek z\u00f6kken\u0151mentes er\u0151\u00e1tvitelt biztos\u00edtanak a motort\u00f3l a pol\u00edroz\u00f3fejig. Ez sima, folyamatos mozg\u00e1st eredm\u00e9nyez, ami jobb ir\u00e1ny\u00edt\u00e1st \u00e9s pontoss\u00e1got tesz lehet\u0151v\u00e9 a pol\u00edroz\u00e1si folyamat sor\u00e1n.<\/li>\n<li><strong>Zajcs\u00f6kkent\u00e9s \u00e9s sima m\u0171k\u00f6d\u00e9s:<\/strong> A zaj \u00e9s rezg\u00e9s minimaliz\u00e1l\u00e1s\u00e1ra tervezett sebess\u00e9gv\u00e1lt\u00f3 csendesebb m\u0171k\u00f6d\u00e9st biztos\u00edt, hozz\u00e1j\u00e1rulva a k\u00e9nyelmesebb munkak\u00f6rnyezethez \u00e9s a g\u00e9p jobb stabilit\u00e1s\u00e1hoz.<\/li>\n<li><strong>H\u0151\u00e1ll\u00f3s\u00e1g:<\/strong> A sebess\u00e9gv\u00e1lt\u00f3t \u00fagy tervezt\u00e9k, hogy elb\u00edrja a folyamatos \u00fczem sor\u00e1n keletkez\u0151 magas h\u0151m\u00e9rs\u00e9kleteket, \u00edgy alkalmass\u00e1 teszi hossz\u00fa munka\u00f3r\u00e1kra a t\u00falmeleged\u00e9s vagy a teljes\u00edtm\u00e9nyroml\u00e1s kock\u00e1zata n\u00e9lk\u00fcl.<\/li>\n<li><strong>K\u00f6nny\u0171 karbantart\u00e1s:<\/strong> Egyszer\u0171, m\u00e9gis hat\u00e9kony kialak\u00edt\u00e1s\u00e1nak k\u00f6sz\u00f6nhet\u0151en a betoncsiszol\u00f3 hajt\u00f3m\u0171 k\u00f6nnyen karbantarthat\u00f3. A rendszeres szervizel\u00e9s \u00e9s ken\u00e9s egyszer\u0171, \u00edgy minim\u00e1lis \u00e1ll\u00e1sid\u0151t \u00e9s alacsony karbantart\u00e1si k\u00f6lts\u00e9geket biztos\u00edt.<\/li>\n<li><strong>Kompakt \u00e9s k\u00f6nny\u0171 kialak\u00edt\u00e1s:<\/strong> Robusztus fel\u00e9p\u00edt\u00e9se ellen\u00e9re a sebess\u00e9gv\u00e1lt\u00f3 kompakt \u00e9s k\u00f6nny\u0171 kialak\u00edt\u00e1s\u00fa, \u00edgy k\u00f6nnyen integr\u00e1lhat\u00f3 k\u00fcl\u00f6nf\u00e9le betoncsiszol\u00f3 g\u00e9pekbe, optim\u00e1lis egyens\u00falyt \u00e9s egyszer\u0171 haszn\u00e1latot biztos\u00edtva.<\/li>\n<\/ol>\n<p><strong>Alkalmaz\u00e1sok:<\/strong><\/p>\n<ul>\n<li>Kereskedelmi \u00e9s ipari betoncsiszol\u00f3 g\u00e9pek<\/li>\n<li>Padl\u00f3csiszol\u00f3 \u00e9s -sim\u00edt\u00f3 berendez\u00e9sek<\/li>\n<li>Nagy teherb\u00edr\u00e1s\u00fa fel\u00fclet-el\u0151k\u00e9sz\u00edt\u00e9s \u00e9s fel\u00faj\u00edt\u00e1s<\/li>\n<li>Betonpadl\u00f3k pol\u00edroz\u00e1sa \u00e9s f\u00e9nyez\u00e9se, bele\u00e9rtve rakt\u00e1rakat, bemutat\u00f3termeket \u00e9s ipari l\u00e9tes\u00edtm\u00e9nyeket<\/li>\n<\/ul>\n<p>A betonpol\u00edroz\u00f3 hajt\u00f3m\u0171 elengedhetetlen eleme a kiv\u00e1l\u00f3 min\u0151s\u00e9g\u0171, k\u00f6vetkezetes eredm\u00e9nyek el\u00e9r\u00e9s\u00e9hez a betonpol\u00edroz\u00e1s sor\u00e1n. A nagy nyomat\u00e9k, a tart\u00f3ss\u00e1g \u00e9s a sima m\u0171k\u00f6d\u00e9s kombin\u00e1ci\u00f3j\u00e1val biztos\u00edtja a hat\u00e9kony teljes\u00edtm\u00e9nyhez sz\u00fcks\u00e9ges er\u0151t \u00e9s megb\u00edzhat\u00f3s\u00e1got az ig\u00e9nyes betonpol\u00edroz\u00e1si alkalmaz\u00e1sokban.<\/p>\n<table style=\"width: 100%;\" border=\"1\" width=\"100%\" cellspacing=\"0\" cellpadding=\"0\">\n<tbody>\n<tr style=\"height: 14.40pt;\">\n<td style=\"height: 14.40pt; width: 48.00pt;\" align=\"right\" width=\"80\" height=\"24\"><img loading=\"lazy\" decoding=\"async\" class=\"alignnone size-full wp-image-5045\" src=\"https:\/\/fmp-components.com\/wp-content\/uploads\/2025\/01\/1-meter-long-shell-gearbox-copper-gear.webp\" alt=\"1 m\u00e9ter hossz\u00fa h\u00e9j\u00fa sebess\u00e9gv\u00e1lt\u00f3 - r\u00e9z fogasker\u00e9k\" width=\"427\" height=\"448\" title=\"\" srcset=\"https:\/\/fmp-components.com\/wp-content\/uploads\/2025\/01\/1-meter-long-shell-gearbox-copper-gear.webp 427w, https:\/\/fmp-components.com\/wp-content\/uploads\/2025\/01\/1-meter-long-shell-gearbox-copper-gear-286x300.webp 286w, https:\/\/fmp-components.com\/wp-content\/uploads\/2025\/01\/1-meter-long-shell-gearbox-copper-gear-11x12.webp 11w\" sizes=\"(max-width: 427px) 100vw, 427px\" \/><\/td>\n<td style=\"width: 48.00pt;\" align=\"right\" width=\"80\"><img loading=\"lazy\" decoding=\"async\" class=\"alignnone size-full wp-image-5044\" src=\"https:\/\/fmp-components.com\/wp-content\/uploads\/2025\/01\/1-meter-long-shell-gearbox-iron-gear.webp\" alt=\"1 m\u00e9ter hossz\u00fa h\u00e9j\u00fa sebess\u00e9gv\u00e1lt\u00f3-vas fogasker\u00e9k\" width=\"427\" height=\"448\" title=\"\" srcset=\"https:\/\/fmp-components.com\/wp-content\/uploads\/2025\/01\/1-meter-long-shell-gearbox-iron-gear.webp 427w, https:\/\/fmp-components.com\/wp-content\/uploads\/2025\/01\/1-meter-long-shell-gearbox-iron-gear-286x300.webp 286w, https:\/\/fmp-components.com\/wp-content\/uploads\/2025\/01\/1-meter-long-shell-gearbox-iron-gear-11x12.webp 11w\" sizes=\"(max-width: 427px) 100vw, 427px\" \/><\/td>\n<td style=\"width: 48.00pt;\" align=\"right\" width=\"80\"><img loading=\"lazy\" decoding=\"async\" class=\"alignnone size-full wp-image-5043\" src=\"https:\/\/fmp-components.com\/wp-content\/uploads\/2025\/01\/1-meter-square-shell-gearbox.webp\" alt=\"1 m\u00e9teres n\u00e9gyzet alak\u00fa h\u00e9j\u00fa sebess\u00e9gv\u00e1lt\u00f3\" width=\"427\" height=\"448\" title=\"\" srcset=\"https:\/\/fmp-components.com\/wp-content\/uploads\/2025\/01\/1-meter-square-shell-gearbox.webp 427w, https:\/\/fmp-components.com\/wp-content\/uploads\/2025\/01\/1-meter-square-shell-gearbox-286x300.webp 286w, https:\/\/fmp-components.com\/wp-content\/uploads\/2025\/01\/1-meter-square-shell-gearbox-11x12.webp 11w\" sizes=\"(max-width: 427px) 100vw, 427px\" \/><\/td>\n<td style=\"width: 48.00pt;\" align=\"right\" width=\"80\"><img loading=\"lazy\" decoding=\"async\" class=\"alignnone size-full wp-image-5042\" src=\"https:\/\/fmp-components.com\/wp-content\/uploads\/2025\/01\/60-90-Aluminum-case-gearbox.webp\" alt=\"60-90 Alum\u00ednium h\u00e1zas sebess\u00e9gv\u00e1lt\u00f3\" width=\"427\" height=\"448\" title=\"\" srcset=\"https:\/\/fmp-components.com\/wp-content\/uploads\/2025\/01\/60-90-Aluminum-case-gearbox.webp 427w, https:\/\/fmp-components.com\/wp-content\/uploads\/2025\/01\/60-90-Aluminum-case-gearbox-286x300.webp 286w, https:\/\/fmp-components.com\/wp-content\/uploads\/2025\/01\/60-90-Aluminum-case-gearbox-11x12.webp 11w\" sizes=\"(max-width: 427px) 100vw, 427px\" \/><\/td>\n<td style=\"width: 48.00pt;\" align=\"right\" width=\"80\"><img loading=\"lazy\" decoding=\"async\" class=\"alignnone size-full wp-image-5046\" src=\"https:\/\/fmp-components.com\/wp-content\/uploads\/2025\/01\/60-90-iron-case-gearbox1.webp\" alt=\"60-90 vash\u00e1zas sebess\u00e9gv\u00e1lt\u00f3(1)\" width=\"427\" height=\"448\" title=\"\" srcset=\"https:\/\/fmp-components.com\/wp-content\/uploads\/2025\/01\/60-90-iron-case-gearbox1.webp 427w, https:\/\/fmp-components.com\/wp-content\/uploads\/2025\/01\/60-90-iron-case-gearbox1-286x300.webp 286w, https:\/\/fmp-components.com\/wp-content\/uploads\/2025\/01\/60-90-iron-case-gearbox1-11x12.webp 11w\" sizes=\"(max-width: 427px) 100vw, 427px\" \/><\/td>\n<\/tr>\n<tr style=\"height: 14.40pt;\">\n<td style=\"height: 14.4pt; text-align: center;\" align=\"right\" height=\"24\"><strong>1 m\u00e9ter hossz\u00fa h\u00e9j\u00fa sebess\u00e9gv\u00e1lt\u00f3 - r\u00e9z fogasker\u00e9k<\/strong><\/td>\n<td style=\"text-align: center;\" align=\"right\"><strong>1 m\u00e9ter hossz\u00fa h\u00e9j\u00fa sebess\u00e9gv\u00e1lt\u00f3-vas fogasker\u00e9k<\/strong><\/td>\n<td style=\"text-align: center;\" align=\"right\"><strong>1 m\u00e9teres n\u00e9gyzet alak\u00fa h\u00e9j\u00fa sebess\u00e9gv\u00e1lt\u00f3<\/strong><\/td>\n<td style=\"text-align: center;\" align=\"right\"><strong>60-90 Alum\u00ednium h\u00e1zas sebess\u00e9gv\u00e1lt\u00f3<\/strong><\/td>\n<td style=\"text-align: center;\" align=\"right\"><strong>60-90 vash\u00e1zas sebess\u00e9gv\u00e1lt\u00f3<\/strong><\/td>\n<\/tr>\n<\/tbody>\n<\/table>\n<p>Egyedi ig\u00e9nyeire szabott, szem\u00e9lyre szabott megold\u00e1sokat k\u00edn\u00e1lunk. Ha van terve vagy rajza, k\u00e9rj\u00fck, k\u00fcldje el nek\u00fcnk e-mailben. Szak\u00e9rt\u0151 csapatunk felm\u00e9ri az \u00d6n ig\u00e9nyeit, \u00e9s 24 \u00f3r\u00e1n bel\u00fcl \u00e1raj\u00e1nlatot ad. Elk\u00f6telezettek vagyunk a gyors \u00e9s pontos v\u00e1laszok ir\u00e1nt, hogy biztos\u00edtsuk projektje z\u00f6kken\u0151mentes lebonyol\u00edt\u00e1s\u00e1t.<\/p>","protected":false},"excerpt":{"rendered":"<p>Cement Polishing Gearbox The Concrete Polishing Gearbox is a high-performance, precision-engineered component designed for use in concrete grinding and polishing machinery. This gearbox plays a critical role in ensuring smooth and efficient operation, providing the necessary torque and speed control for optimal polishing results. Whether used in industrial or commercial concrete applications, it ensures durability, [&hellip;]<\/p>","protected":false},"featured_media":5041,"comment_status":"open","ping_status":"closed","template":"","meta":{"_et_pb_use_builder":"","_et_pb_old_content":"","_et_gb_content_width":""},"product_brand":[],"product_cat":[94],"product_tag":[],"class_list":{"0":"post-5040","1":"product","2":"type-product","3":"status-publish","4":"has-post-thumbnail","6":"product_cat-industrial-gearbox","8":"first","9":"instock","10":"shipping-taxable","11":"product-type-simple"},"_links":{"self":[{"href":"https:\/\/fmp-components.com\/hu\/wp-json\/wp\/v2\/product\/5040","targetHints":{"allow":["GET"]}}],"collection":[{"href":"https:\/\/fmp-components.com\/hu\/wp-json\/wp\/v2\/product"}],"about":[{"href":"https:\/\/fmp-components.com\/hu\/wp-json\/wp\/v2\/types\/product"}],"replies":[{"embeddable":true,"href":"https:\/\/fmp-components.com\/hu\/wp-json\/wp\/v2\/comments?post=5040"}],"wp:featuredmedia":[{"embeddable":true,"href":"https:\/\/fmp-components.com\/hu\/wp-json\/wp\/v2\/media\/5041"}],"wp:attachment":[{"href":"https:\/\/fmp-components.com\/hu\/wp-json\/wp\/v2\/media?parent=5040"}],"wp:term":[{"taxonomy":"product_brand","embeddable":true,"href":"https:\/\/fmp-components.com\/hu\/wp-json\/wp\/v2\/product_brand?post=5040"},{"taxonomy":"product_cat","embeddable":true,"href":"https:\/\/fmp-components.com\/hu\/wp-json\/wp\/v2\/product_cat?post=5040"},{"taxonomy":"product_tag","embeddable":true,"href":"https:\/\/fmp-components.com\/hu\/wp-json\/wp\/v2\/product_tag?post=5040"}],"curies":[{"name":"munkaf\u00fczet","href":"https:\/\/api.w.org\/{rel}","templated":true}]}}