{"id":4777,"date":"2025-01-20T08:49:32","date_gmt":"2025-01-20T08:49:32","guid":{"rendered":"https:\/\/fmp-components.com\/?page_id=8"},"modified":"2025-01-20T08:53:40","modified_gmt":"2025-01-20T08:53:40","slug":"curved-rack-and-pinion-gear","status":"publish","type":"product","link":"https:\/\/fmp-components.com\/hu\/product\/curved-rack-and-pinion-gear\/","title":{"rendered":"\u00cdvelt fogasl\u00e9c \u00e9s fogasker\u00e9k"},"content":{"rendered":"<h2>\u00cdvelt fogasl\u00e9c- \u00e9s fogasker\u00e9k-fogaskerekek specifik\u00e1ci\u00f3ja<\/h2>\n<p>Prec\u00edzi\u00f3s megmunk\u00e1l\u00e1s\u00fa rozsdamentes ac\u00e9l \u00edvelt fogasl\u00e9c \u00e9s fogasker\u00e9k robothoz<\/p>\n<table class=\"table\" border=\"1\" width=\"100%\" cellspacing=\"0\" cellpadding=\"0\">\n<tbody>\n<tr class=\"firstRow\">\n<td><strong>Modellsz\u00e1m<\/strong><\/td>\n<td>M1, M1.5, M2, M2.5, M3, M4, M5, M8, M12 stb.<\/td>\n<\/tr>\n<tr>\n<td><strong>Anyag<\/strong><\/td>\n<td>S\u00e1rgar\u00e9z, C45 ac\u00e9l, rozsdamentes ac\u00e9l, r\u00e9z, POM, alum\u00ednium, \u00f6tv\u00f6zet \u00e9s \u00edgy tov\u00e1bb<\/td>\n<\/tr>\n<tr>\n<td><strong>Fel\u00fcletkezel\u00e9s<\/strong><\/td>\n<td>Cinkbevonat, nikkelbevonat, passziv\u00e1l\u00e1s, oxid\u00e1ci\u00f3, elox\u00e1l\u00e1s, geomet, dakromet, fekete-oxid, foszfatiz\u00e1l\u00e1s, porbevonat \u00e9s elektrofor\u00e9zis.<\/td>\n<\/tr>\n<tr>\n<td><strong>Standard<\/strong><\/td>\n<td>ISO, DIN, ANSI, JIS, BS \u00e9s nem szabv\u00e1nyos.<\/td>\n<\/tr>\n<tr>\n<td><strong>Pontoss\u00e1g<\/strong><\/td>\n<td>DIN6, DIN7, DIN8, DIN9.<\/td>\n<\/tr>\n<tr>\n<td><strong>Fog\u00e1szati \u200b\u200bkezel\u00e9s<\/strong><\/td>\n<td>Edzett, mart vagy k\u00f6sz\u00f6r\u00fclt<\/td>\n<\/tr>\n<tr>\n<td><strong>Tolerancia<\/strong><\/td>\n<td>0,001 mm-0,01 mm-0,1 mm<\/td>\n<\/tr>\n<tr>\n<td><strong>Befejez\u00e9s<\/strong><\/td>\n<td>s\u00f6r\u00e9tez\u00e9s\/homokf\u00fav\u00e1s, h\u0151kezel\u00e9s, l\u00e1gy\u00edt\u00e1s, megereszt\u00e9s, pol\u00edroz\u00e1s, elox\u00e1l\u00e1s, horganyzott<\/td>\n<\/tr>\n<tr>\n<td><strong>Csomagol\u00e1s<\/strong><\/td>\n<td>M\u0171anyag zacsk\u00f3 + dobozok vagy fa csomagol\u00e1s<\/td>\n<\/tr>\n<tr>\n<td><strong>Fizet\u00e9si felt\u00e9telek<\/strong><\/td>\n<td>T\/T, L\/C<\/td>\n<\/tr>\n<tr>\n<td><strong>Mint\u00e1k<\/strong><\/td>\n<td>Minta\u00e1r $2-t\u0151l $100-ig. A minta expressz k\u00e9r\u00e9s\u00e9t az \u00fcgyfelek fizetik.<\/td>\n<\/tr>\n<tr>\n<td><strong>Alkalmaz\u00e1s<\/strong><\/td>\n<td>1. Automatikus vez\u00e9rl\u0151g\u00e9p 2. F\u00e9lvezet\u0151ipar 3. \u00c1ltal\u00e1nos ipari g\u00e9pek 4. Orvosi berendez\u00e9sek 5. Napenergia-berendez\u00e9sek 6. Szersz\u00e1mg\u00e9pek 7. Parkol\u00f3rendszer 8. Nagysebess\u00e9g\u0171 vas\u00fati \u00e9s l\u00e9gi k\u00f6zleked\u00e9si berendez\u00e9sek stb.<\/td>\n<\/tr>\n<\/tbody>\n<\/table>\n<p>Az \u00edves vagy \u00edvelt fogasker\u00e9k- \u00e9s fogasker\u00e9k-anyag kiv\u00e1laszt\u00e1sa tudom\u00e1nyos \u00e9s \u00e9sszer\u0171. Teljes m\u00e9rt\u00e9kben figyelembe veszi a projekt t\u00e9nyleges felhaszn\u00e1l\u00e1si k\u00f6rnyezet\u00e9t, \u00e9s j\u00f3 kop\u00e1s\u00e1ll\u00f3s\u00e1ggal rendelkezik. Az \u00edvelt fogasker\u00e9k- \u00e9s fogasker\u00e9k-anyag m\u00e9rlegeli az adott felhaszn\u00e1l\u00e1si k\u00f6rnyezetet \u00e9s az anyag \u00e1raml\u00e1si jellemz\u0151it, majd a kiv\u00e1laszt\u00e1s ut\u00e1n feldolgozza. Az \u00edvelt fogasker\u00e9k- \u00e9s fogasker\u00e9k-anyag kop\u00e1s\u00e1ll\u00f3s\u00e1ggal \u00e9s stabilit\u00e1ssal rendelkezik az edz\u00e9s ut\u00e1n.<\/p>","protected":false},"excerpt":{"rendered":"<p>Specification of Curved Rack and Pinion Gears Precision Machining Stainless Steel Curved Rack and Pinion Gear for Robot Model Number M1,M1.5,M2,M2.5,M3,M4,M5,M8,M12 etc. Material Brass, \u00a0 C45 steel, Stainless steel, Copper, POM, Aluminum, Alloy, and so on Surface treatment Zinc-plated, Nickel plated, Passivation, Oxidation, Anodization,\u00a0 \u00a0 Geomet, Dacromet, Black Oxide, Phosphatizing, Powder Coating, and \u00a0 Electrophoresis. [&hellip;]<\/p>","protected":false},"featured_media":4778,"comment_status":"open","ping_status":"closed","template":"","meta":{"_et_pb_use_builder":"","_et_pb_old_content":"","_et_gb_content_width":""},"product_brand":[],"product_cat":[91],"product_tag":[],"class_list":{"0":"post-4777","1":"product","2":"type-product","3":"status-publish","4":"has-post-thumbnail","6":"product_cat-gear-racks","8":"first","9":"instock","10":"shipping-taxable","11":"product-type-simple"},"_links":{"self":[{"href":"https:\/\/fmp-components.com\/hu\/wp-json\/wp\/v2\/product\/4777","targetHints":{"allow":["GET"]}}],"collection":[{"href":"https:\/\/fmp-components.com\/hu\/wp-json\/wp\/v2\/product"}],"about":[{"href":"https:\/\/fmp-components.com\/hu\/wp-json\/wp\/v2\/types\/product"}],"replies":[{"embeddable":true,"href":"https:\/\/fmp-components.com\/hu\/wp-json\/wp\/v2\/comments?post=4777"}],"wp:featuredmedia":[{"embeddable":true,"href":"https:\/\/fmp-components.com\/hu\/wp-json\/wp\/v2\/media\/4778"}],"wp:attachment":[{"href":"https:\/\/fmp-components.com\/hu\/wp-json\/wp\/v2\/media?parent=4777"}],"wp:term":[{"taxonomy":"product_brand","embeddable":true,"href":"https:\/\/fmp-components.com\/hu\/wp-json\/wp\/v2\/product_brand?post=4777"},{"taxonomy":"product_cat","embeddable":true,"href":"https:\/\/fmp-components.com\/hu\/wp-json\/wp\/v2\/product_cat?post=4777"},{"taxonomy":"product_tag","embeddable":true,"href":"https:\/\/fmp-components.com\/hu\/wp-json\/wp\/v2\/product_tag?post=4777"}],"curies":[{"name":"munkaf\u00fczet","href":"https:\/\/api.w.org\/{rel}","templated":true}]}}