{"id":4769,"date":"2025-01-20T07:46:09","date_gmt":"2025-01-20T07:46:09","guid":{"rendered":"https:\/\/fmp-components.com\/?page_id=8"},"modified":"2025-01-20T07:46:10","modified_gmt":"2025-01-20T07:46:10","slug":"helical-gear-rack","status":"publish","type":"product","link":"https:\/\/fmp-components.com\/hu\/product\/helical-gear-rack\/","title":{"rendered":"Spir\u00e1lis fogasker\u00e9k-\u00e1llv\u00e1ny"},"content":{"rendered":"<h2>Spir\u00e1lis fogasker\u00e9k-\u00e1llv\u00e1ny (mart \u00e9s form\u00e1zott fel\u00fclet)<\/h2>\n<p><img loading=\"lazy\" decoding=\"async\" class=\"alignnone size-full wp-image-4770\" src=\"https:\/\/fmp-components.com\/wp-content\/uploads\/2025\/01\/Helical-Gear-Rack-3.webp\" alt=\"Csavaros fogasker\u00e9k-\u00e1llv\u00e1ny\" width=\"1200\" height=\"350\" title=\"\" srcset=\"https:\/\/fmp-components.com\/wp-content\/uploads\/2025\/01\/Helical-Gear-Rack-3.webp 1200w, https:\/\/fmp-components.com\/wp-content\/uploads\/2025\/01\/Helical-Gear-Rack-3-980x286.webp 980w, https:\/\/fmp-components.com\/wp-content\/uploads\/2025\/01\/Helical-Gear-Rack-3-480x140.webp 480w\" sizes=\"(min-width: 0px) and (max-width: 480px) 480px, (min-width: 481px) and (max-width: 980px) 980px, (min-width: 981px) 1200px, 100vw\" \/><\/p>\n<table style=\"width: 101.848%; height: 129px;\" border=\"1\">\n<tbody>\n<tr>\n<td>Prec\u00edzi\u00f3s min\u0151s\u00e9g: (JIS 5. fokozat) 7e25<\/td>\n<td>Edz\u00e9s: Fogfel\u00fclet karboniz\u00e1l\u00e1sa (HRC42-48)<\/td>\n<\/tr>\n<tr>\n<td>Anyag: (S45C k\u00f6zepes sz\u00e9nac\u00e9l) C45<\/td>\n<td>Oldals\u00f3 talaj: Tartalmazza<\/td>\n<\/tr>\n<tr>\n<td>T\u00edpus: Spir\u00e1lis \u00e1llv\u00e1ny<\/td>\n<td>Nyom\u00e1ssz\u00f6g: 20\u00b0<\/td>\n<\/tr>\n<tr>\n<td>Fogak kezel\u00e9se: Mart fogak<\/td>\n<td>Der\u00e9ksz\u00f6g\u0171 spir\u00e1l: 19\u00b031\u203242\u2033<\/td>\n<\/tr>\n<\/tbody>\n<\/table>\n<h2>Spir\u00e1lis fogasker\u00e9k-\u00e1llv\u00e1ny specifik\u00e1ci\u00f3ja:<\/h2>\n<table border=\"1\" cellspacing=\"0\" cellpadding=\"0\">\n<tbody>\n<tr>\n<td width=\"59\">Modul<\/td>\n<td width=\"71\">L<\/td>\n<td width=\"59\">L2<\/td>\n<td width=\"59\">Fogsz\u00e1m<\/td>\n<td width=\"42\">B.<\/td>\n<td width=\"35\">A0<\/td>\n<td width=\"42\">A1<\/td>\n<td width=\"47\">D<\/td>\n<td width=\"47\">\u00e9n<\/td>\n<td width=\"47\">Lyuk sz\u00e1ma<\/td>\n<td width=\"35\">Egy<\/td>\n<td width=\"47\">C1<\/td>\n<td width=\"47\">C2<\/td>\n<td width=\"35\">E<\/td>\n<td width=\"59\">D1<\/td>\n<td width=\"59\">I1<\/td>\n<td width=\"48\">C3<\/td>\n<td width=\"82\">D\u0151l\u00e9ssz\u00f6g-hiba \/300 mm<\/td>\n<\/tr>\n<tr>\n<td width=\"59\">1<\/td>\n<td width=\"71\">1000.00<\/td>\n<td width=\"59\">3.14<\/td>\n<td width=\"59\">300<\/td>\n<td width=\"42\">15<\/td>\n<td width=\"35\">15<\/td>\n<td width=\"42\">14<\/td>\n<td width=\"47\">&#8211;<\/td>\n<td width=\"47\">&#8211;<\/td>\n<td width=\"47\">&#8211;<\/td>\n<td width=\"35\">&#8211;<\/td>\n<td width=\"47\">&#8211;<\/td>\n<td width=\"47\">&#8211;<\/td>\n<td width=\"35\">&#8211;<\/td>\n<td width=\"59\">&#8211;<\/td>\n<td width=\"59\">&#8211;<\/td>\n<td width=\"48\">&#8211;<\/td>\n<td width=\"82\">0.02<\/td>\n<\/tr>\n<tr>\n<td width=\"59\">1.5<\/td>\n<td width=\"71\">1000.00<\/td>\n<td width=\"59\">6.7<\/td>\n<td width=\"59\">200<\/td>\n<td width=\"42\">19<\/td>\n<td width=\"35\">19<\/td>\n<td width=\"42\">17.5<\/td>\n<td width=\"47\">62.5<\/td>\n<td width=\"47\">125<\/td>\n<td width=\"47\">8<\/td>\n<td width=\"35\">8<\/td>\n<td width=\"47\">7<\/td>\n<td width=\"47\">11<\/td>\n<td width=\"35\">7<\/td>\n<td width=\"59\">31.7<\/td>\n<td width=\"59\">936.6<\/td>\n<td width=\"48\">5.7<\/td>\n<td width=\"82\">0.03<\/td>\n<\/tr>\n<tr>\n<td width=\"59\">2<\/td>\n<td width=\"71\">1000.00<\/td>\n<td width=\"59\">8.5<\/td>\n<td width=\"59\">150<\/td>\n<td width=\"42\">24<\/td>\n<td width=\"35\">24<\/td>\n<td width=\"42\">22<\/td>\n<td width=\"47\">62.5<\/td>\n<td width=\"47\">125<\/td>\n<td width=\"47\">8<\/td>\n<td width=\"35\">8<\/td>\n<td width=\"47\">7<\/td>\n<td width=\"47\">11<\/td>\n<td width=\"35\">7<\/td>\n<td width=\"59\">31.7<\/td>\n<td width=\"59\">936.6<\/td>\n<td width=\"48\">5.7<\/td>\n<td width=\"82\">0.031<\/td>\n<\/tr>\n<tr>\n<td width=\"59\">2.5<\/td>\n<td width=\"71\">1000.00<\/td>\n<td width=\"59\">8.5<\/td>\n<td width=\"59\">120<\/td>\n<td width=\"42\">24<\/td>\n<td width=\"35\">24<\/td>\n<td width=\"42\">21.5<\/td>\n<td width=\"47\">62.5<\/td>\n<td width=\"47\">125<\/td>\n<td width=\"47\">8<\/td>\n<td width=\"35\">9<\/td>\n<td width=\"47\">7<\/td>\n<td width=\"47\">11<\/td>\n<td width=\"35\">7<\/td>\n<td width=\"59\">31.7<\/td>\n<td width=\"59\">936.6<\/td>\n<td width=\"48\">5.7<\/td>\n<td width=\"82\">0.033<\/td>\n<\/tr>\n<tr>\n<td width=\"59\">3<\/td>\n<td width=\"71\">1000.00<\/td>\n<td width=\"59\">10.3<\/td>\n<td width=\"59\">100<\/td>\n<td width=\"42\">29<\/td>\n<td width=\"35\">29<\/td>\n<td width=\"42\">26<\/td>\n<td width=\"47\">62.5<\/td>\n<td width=\"47\">125<\/td>\n<td width=\"47\">8<\/td>\n<td width=\"35\">9<\/td>\n<td width=\"47\">10<\/td>\n<td width=\"47\">15<\/td>\n<td width=\"35\">9<\/td>\n<td width=\"59\">35.0<\/td>\n<td width=\"59\">930.0<\/td>\n<td width=\"48\">7.7<\/td>\n<td width=\"82\">0.035<\/td>\n<\/tr>\n<tr>\n<td width=\"59\">4<\/td>\n<td width=\"71\">1000.00<\/td>\n<td width=\"59\">13.8<\/td>\n<td width=\"59\">75<\/td>\n<td width=\"42\">39<\/td>\n<td width=\"35\">39<\/td>\n<td width=\"42\">35<\/td>\n<td width=\"47\">62.5<\/td>\n<td width=\"47\">125<\/td>\n<td width=\"47\">8<\/td>\n<td width=\"35\">12<\/td>\n<td width=\"47\">10<\/td>\n<td width=\"47\">15<\/td>\n<td width=\"35\">9<\/td>\n<td width=\"59\">33.3<\/td>\n<td width=\"59\">933.0<\/td>\n<td width=\"48\">7.7<\/td>\n<td width=\"82\">0.038<\/td>\n<\/tr>\n<tr>\n<td width=\"59\">5<\/td>\n<td width=\"71\">1000.00<\/td>\n<td width=\"59\">17.4<\/td>\n<td width=\"59\">60<\/td>\n<td width=\"42\">49<\/td>\n<td width=\"35\">39<\/td>\n<td width=\"42\">34<\/td>\n<td width=\"47\">62.5<\/td>\n<td width=\"47\">125<\/td>\n<td width=\"47\">8<\/td>\n<td width=\"35\">12<\/td>\n<td width=\"47\">14<\/td>\n<td width=\"47\">20<\/td>\n<td width=\"35\">13<\/td>\n<td width=\"59\">37.5<\/td>\n<td width=\"59\">925.0<\/td>\n<td width=\"48\">11.7<\/td>\n<td width=\"82\">0.04<\/td>\n<\/tr>\n<tr>\n<td width=\"59\">6<\/td>\n<td width=\"71\">1000.00<\/td>\n<td width=\"59\">20.9<\/td>\n<td width=\"59\">50<\/td>\n<td width=\"42\">59<\/td>\n<td width=\"35\">49<\/td>\n<td width=\"42\">43<\/td>\n<td width=\"47\">62.5<\/td>\n<td width=\"47\">125<\/td>\n<td width=\"47\">8<\/td>\n<td width=\"35\">16<\/td>\n<td width=\"47\">18<\/td>\n<td width=\"47\">26<\/td>\n<td width=\"35\">17<\/td>\n<td width=\"59\">37.5<\/td>\n<td width=\"59\">925.0<\/td>\n<td width=\"48\">15.7<\/td>\n<td width=\"82\">0.042<\/td>\n<\/tr>\n<tr>\n<td width=\"59\">8<\/td>\n<td width=\"71\">1000.00<\/td>\n<td width=\"59\">28.7<\/td>\n<td width=\"59\">36<\/td>\n<td width=\"42\">79<\/td>\n<td width=\"35\">79<\/td>\n<td width=\"42\">71<\/td>\n<td width=\"47\">60<\/td>\n<td width=\"47\">120<\/td>\n<td width=\"47\">8<\/td>\n<td width=\"35\">25<\/td>\n<td width=\"47\">22<\/td>\n<td width=\"47\">33<\/td>\n<td width=\"35\">21<\/td>\n<td width=\"59\">120.0<\/td>\n<td width=\"59\">720.0<\/td>\n<td width=\"48\">19.7<\/td>\n<td width=\"82\">0.045<\/td>\n<\/tr>\n<tr>\n<td width=\"59\">10<\/td>\n<td width=\"71\">1000.00<\/td>\n<td width=\"59\">35.11<\/td>\n<td width=\"59\">30<\/td>\n<td width=\"42\">99<\/td>\n<td width=\"35\">99<\/td>\n<td width=\"42\">89<\/td>\n<td width=\"47\">62.5<\/td>\n<td width=\"47\">125<\/td>\n<td width=\"47\">8<\/td>\n<td width=\"35\">32<\/td>\n<td width=\"47\">33<\/td>\n<td width=\"47\">48<\/td>\n<td width=\"35\">32<\/td>\n<td width=\"59\">125.0<\/td>\n<td width=\"59\">750.0<\/td>\n<td width=\"48\">19.7<\/td>\n<td width=\"82\">0.052<\/td>\n<\/tr>\n<\/tbody>\n<\/table>\n<h2>Homlokkerekes fogasl\u00e9c \u00e9s fogasker\u00e9k term\u00e9kinform\u00e1ci\u00f3<\/h2>\n<table border=\"1\" width=\"100%\" cellspacing=\"0\" cellpadding=\"0\">\n<tbody>\n<tr>\n<td width=\"140\"><strong>Folyamat<\/strong><\/td>\n<td width=\"429\">Megmunk\u00e1l\u00e1s, kov\u00e1csol\u00e1s, \u00f6nt\u00e9s, v\u00e1g\u00e1s<\/td>\n<\/tr>\n<tr>\n<td width=\"140\"><strong>Anyag<\/strong><\/td>\n<td width=\"429\">C45 (1045), A3 (alacsony sz\u00e9ntartalm\u00fa ac\u00e9l), 40Cr, 20CrMnTi, 42CrMo, \u00f6nt\u00f6ttvas, g\u00f6mbgrafitos \u00f6nt\u00f6ttvas, r\u00e9z, rozsdamentes ac\u00e9l \u00e9s \u00edgy tov\u00e1bb, az \u00d6n k\u00e9r\u00e9se szerint<\/td>\n<\/tr>\n<tr>\n<td width=\"140\"><strong>H\u0151kezel\u00e9s<\/strong><\/td>\n<td width=\"429\">Nagyfrekvenci\u00e1s edz\u00e9s, karboniz\u00e1l\u00e1s, s\u00f6r\u00e9tez\u00e9s, edz\u00e9s \u00e9s megereszt\u00e9s, nitrid\u00e1l\u00e1s<\/td>\n<\/tr>\n<tr>\n<td width=\"140\"><strong>Fel\u00fcletkezel\u00e9s<\/strong><\/td>\n<td width=\"429\">Feketet\u00e9ssel, t\u0171zihorganyz\u00e1ssal, kem\u00e9ny kr\u00f3moz\u00e1ssal, cinkez\u00e9ssel, galvaniz\u00e1l\u00e1ssal, nikkelez\u00e9ssel, homokf\u00fav\u00e1ssal, sz\u00ednes fest\u00e9ssel, dacromet bevonattal, porfest\u00e9ssel \u00e9s az \u00fcgyf\u00e9l ig\u00e9nyei szerint foglalkozom.<\/td>\n<\/tr>\n<tr>\n<td width=\"140\"><strong>Teljes\u00edtm\u00e9ny<\/strong><\/td>\n<td width=\"429\">Hossz\u00fa \u00e9lettartam, nagy pontoss\u00e1g, nagy kop\u00e1s\u00e1ll\u00f3s\u00e1g, nagy szil\u00e1rds\u00e1g, alacsony zajszint, sima \u00e9s stabil, f\u00e1radts\u00e1gi szil\u00e1rds\u00e1g<\/td>\n<\/tr>\n<tr>\n<td width=\"140\"><strong>Modell<\/strong><\/td>\n<td width=\"429\">ANSI, DIN, JIS szabv\u00e1ny, nem szabv\u00e1nyos, homlokkerekek, ferde fogaskerekek, egyenes k\u00fapkerekek, csigakerekek, csigakerekek, fogasl\u00e9cek<\/td>\n<\/tr>\n<tr>\n<td width=\"140\"><strong>Csomagol\u00e1s<\/strong><\/td>\n<td width=\"429\">A term\u00e9kek gondosan vannak csomagolva, bels\u0151 m\u0171anyag zacsk\u00f3k \u00e9s k\u00fcls\u0151 kartondobozok vagy az \u00fcgyf\u00e9l ig\u00e9nyei szerint; nagy t\u00e1vols\u00e1g\u00fa sz\u00e1ll\u00edt\u00e1s vagy hossz\u00fa t\u00e1v\u00fa t\u00e1rol\u00e1s ut\u00e1n nyissa ki a csomagot; vadonat\u00faj, s\u00e9r\u00fcl\u00e9smentes, rozsdamentes.<\/td>\n<\/tr>\n<\/tbody>\n<\/table>\n<h3>A spir\u00e1lis fogasker\u00e9k-\u00e1llv\u00e1ny alkalmaz\u00e1sai<\/h3>\n<p>A fogasl\u00e9ces hajt\u00e1sokat sz\u00e1mos alkalmaz\u00e1sban haszn\u00e1lj\u00e1k, bele\u00e9rtve a tengelyhajt\u00e1sokat, a mobil port\u00e1lokat \u00e9s oszlopokat, a pick-and-place robotokat, a CNC mar\u00f3g\u00e9peket \u00e9s az olyan anyagmozgat\u00f3 rendszereket, ahol prec\u00edz pozicion\u00e1l\u00e1sra \u00e9s ism\u00e9tl\u00e9si pontoss\u00e1gra van sz\u00fcks\u00e9g. Ezek a hajt\u00e1sok k\u00f6nnyed\u00e9n kezelik a nagy teherb\u00edr\u00e1st \u00e9s a munkaciklusokat is. Az ipar\u00e1gak k\u00f6z\u00e9 tartozik az anyagmozgat\u00e1s, az automatiz\u00e1l\u00e1s, az aut\u00f3ipar, a rep\u00fcl\u0151g\u00e9pipar, a szersz\u00e1mg\u00e9pek \u00e9s a robotika.<\/p>\n<p><img loading=\"lazy\" decoding=\"async\" class=\"alignnone size-full wp-image-4771\" src=\"https:\/\/fmp-components.com\/wp-content\/uploads\/2025\/01\/Helical-Gear-Rack-Applications.webp\" alt=\"Csavaros fogasker\u00e9k-fogasl\u00e9c alkalmaz\u00e1sok\" width=\"2250\" height=\"1306\" title=\"\" srcset=\"https:\/\/fmp-components.com\/wp-content\/uploads\/2025\/01\/Helical-Gear-Rack-Applications.webp 2250w, https:\/\/fmp-components.com\/wp-content\/uploads\/2025\/01\/Helical-Gear-Rack-Applications-1280x743.webp 1280w, https:\/\/fmp-components.com\/wp-content\/uploads\/2025\/01\/Helical-Gear-Rack-Applications-980x569.webp 980w, https:\/\/fmp-components.com\/wp-content\/uploads\/2025\/01\/Helical-Gear-Rack-Applications-480x279.webp 480w\" sizes=\"(min-width: 0px) and (max-width: 480px) 480px, (min-width: 481px) and (max-width: 980px) 980px, (min-width: 981px) and (max-width: 1280px) 1280px, (min-width: 1281px) 2250px, 100vw\" \/><\/p>","protected":false},"excerpt":{"rendered":"<p>Helical Gear Rack(Finish Milled&amp;Shaped) Precision Grade: (JIS Grade 5) 7e25 Hardening: Tooth area carburized(HRC42-48) Material:(S45C Medium Carbon Steel)C45 Side Ground: Included Type: Helical Rack Pressure Angle: 20\u00b0 Treatment of Teeth:\u00a0Milled Right helix angle: 19\u00b031\u203242\u2033 Helical Gear Rack Specification\uff1a Module L L2 Tooth No. B A0 A1 D I Hole No. A C1 C2 E D1 [&hellip;]<\/p>","protected":false},"featured_media":4772,"comment_status":"open","ping_status":"closed","template":"","meta":{"_et_pb_use_builder":"","_et_pb_old_content":"","_et_gb_content_width":""},"product_brand":[],"product_cat":[91],"product_tag":[],"class_list":{"0":"post-4769","1":"product","2":"type-product","3":"status-publish","4":"has-post-thumbnail","6":"product_cat-gear-racks","8":"first","9":"instock","10":"shipping-taxable","11":"product-type-simple"},"_links":{"self":[{"href":"https:\/\/fmp-components.com\/hu\/wp-json\/wp\/v2\/product\/4769","targetHints":{"allow":["GET"]}}],"collection":[{"href":"https:\/\/fmp-components.com\/hu\/wp-json\/wp\/v2\/product"}],"about":[{"href":"https:\/\/fmp-components.com\/hu\/wp-json\/wp\/v2\/types\/product"}],"replies":[{"embeddable":true,"href":"https:\/\/fmp-components.com\/hu\/wp-json\/wp\/v2\/comments?post=4769"}],"wp:featuredmedia":[{"embeddable":true,"href":"https:\/\/fmp-components.com\/hu\/wp-json\/wp\/v2\/media\/4772"}],"wp:attachment":[{"href":"https:\/\/fmp-components.com\/hu\/wp-json\/wp\/v2\/media?parent=4769"}],"wp:term":[{"taxonomy":"product_brand","embeddable":true,"href":"https:\/\/fmp-components.com\/hu\/wp-json\/wp\/v2\/product_brand?post=4769"},{"taxonomy":"product_cat","embeddable":true,"href":"https:\/\/fmp-components.com\/hu\/wp-json\/wp\/v2\/product_cat?post=4769"},{"taxonomy":"product_tag","embeddable":true,"href":"https:\/\/fmp-components.com\/hu\/wp-json\/wp\/v2\/product_tag?post=4769"}],"curies":[{"name":"munkaf\u00fczet","href":"https:\/\/api.w.org\/{rel}","templated":true}]}}