{"id":4763,"date":"2025-01-20T06:18:59","date_gmt":"2025-01-20T06:18:59","guid":{"rendered":"https:\/\/fmp-components.com\/?page_id=8"},"modified":"2025-01-20T06:45:54","modified_gmt":"2025-01-20T06:45:54","slug":"gear-rack-and-pinion","status":"publish","type":"product","link":"https:\/\/fmp-components.com\/hu\/product\/gear-rack-and-pinion\/","title":{"rendered":"Fogasker\u00e9k \u00e9s fogasker\u00e9k"},"content":{"rendered":"<table style=\"border-collapse: collapse; width: 101.172%; height: 57px;\" border=\"0\" width=\"128\" cellspacing=\"0\" cellpadding=\"0\">\n<tbody>\n<tr style=\"height: 13.8pt;\">\n<td style=\"height: 13.8pt; width: 48pt;\" align=\"right\" width=\"64\" height=\"18\"><img loading=\"lazy\" decoding=\"async\" class=\"alignnone size-full wp-image-4765\" src=\"https:\/\/fmp-components.com\/wp-content\/uploads\/2025\/01\/Rack-and-Pinion-Gear.webp\" alt=\"Fogasl\u00e9ces fogasker\u00e9k\" width=\"600\" height=\"600\" title=\"\" srcset=\"https:\/\/fmp-components.com\/wp-content\/uploads\/2025\/01\/Rack-and-Pinion-Gear.webp 600w, https:\/\/fmp-components.com\/wp-content\/uploads\/2025\/01\/Rack-and-Pinion-Gear-480x480.webp 480w\" sizes=\"(min-width: 0px) and (max-width: 480px) 480px, (min-width: 481px) 600px, 100vw\" \/><\/td>\n<td style=\"width: 48pt;\" align=\"right\" width=\"64\"><img loading=\"lazy\" decoding=\"async\" class=\"alignnone size-full wp-image-4766\" src=\"https:\/\/fmp-components.com\/wp-content\/uploads\/2025\/01\/Rack-and-Pinion-Gears.webp\" alt=\"Fogasl\u00e9ces fogaskerekek\" width=\"600\" height=\"600\" title=\"\" srcset=\"https:\/\/fmp-components.com\/wp-content\/uploads\/2025\/01\/Rack-and-Pinion-Gears.webp 600w, https:\/\/fmp-components.com\/wp-content\/uploads\/2025\/01\/Rack-and-Pinion-Gears-480x480.webp 480w\" sizes=\"(min-width: 0px) and (max-width: 480px) 480px, (min-width: 481px) 600px, 100vw\" \/><\/td>\n<\/tr>\n<\/tbody>\n<\/table>\n<h2>Fogasl\u00e9c \u00e9s fogasker\u00e9k anyaga<\/h2>\n<p>A fogasl\u00e9cek \u00e9s hajt\u00f3kerekek anyagait tekintve a szil\u00e1rds\u00e1got, a kop\u00e1s\u00e1ll\u00f3s\u00e1got \u00e9s a nedvsz\u00edv\u00f3 k\u00e9pess\u00e9get veszik figyelembe. A fogasl\u00e9cek \u00e9s hajt\u00f3kerekek ac\u00e9lj\u00e1nak gy\u00e1rt\u00e1s\u00e1hoz leggyakrabban haszn\u00e1lt anyag a sz\u00e9nac\u00e9l.<\/p>\n<ol>\n<li>Ez az anyag kiv\u00e1l\u00f3an alkalmas a legt\u00f6bb be\u00e1ll\u00edt\u00e1shoz \u00e9s felhaszn\u00e1l\u00e1si helyzethez.<\/li>\n<li>A fogasl\u00e9c fog\u00e1nak \u00e9s a fogasker\u00e9knek a relat\u00edv szil\u00e1rds\u00e1ga teszi ezt az anyagot hat\u00e9konny\u00e1.<\/li>\n<li>Ezenk\u00edv\u00fcl az anyag j\u00f3l alkalmas h\u0151kezel\u00e9sre a szil\u00e1rds\u00e1g n\u00f6vel\u00e9se \u00e9rdek\u00e9ben, lehet\u0151v\u00e9 teszi menetes vagy csavarfuratok behelyez\u00e9s\u00e9t, meg\u0151rzi a m\u00e9retstabilit\u00e1st, \u00e9s sz\u00fcks\u00e9g eset\u00e9n kiegyenes\u00edthet\u0151.<\/li>\n<\/ol>\n<table border=\"1\" cellspacing=\"0\" cellpadding=\"0\">\n<tbody>\n<tr>\n<td><b>Alum\u00ednium<\/b><\/td>\n<td>Az alum\u00ednium k\u00e9kes, ez\u00fcstfeh\u00e9r, k\u00e9pl\u00e9keny, k\u00e9pl\u00e9keny, k\u00f6nny\u0171, h\u00e1rom\u00e9rt\u00e9k\u0171 f\u00e9mes elem, j\u00f3 elektromos \u00e9s h\u0151vezet\u0151 k\u00e9pess\u00e9ggel, magas f\u00e9nyvisszaver\u0151 k\u00e9pess\u00e9ggel \u00e9s oxid\u00e1ci\u00f3s ellen\u00e1ll\u00e1ssal. K\u00f6nnyebb, mint az ac\u00e9l, de nem olyan er\u0151s.<\/td>\n<\/tr>\n<tr>\n<td><b>S\u00e1rgar\u00e9z<\/b><\/td>\n<td class=\"LtGrey\" valign=\"top\">A s\u00e1rgar\u00e9z j\u00f3 szil\u00e1rds\u00e1ggal, magas h\u0151m\u00e9rs\u00e9kleti k\u00e9pl\u00e9kenys\u00e9ggel \u00e9s hideg rugalmass\u00e1ggal, elektromos vezet\u0151k\u00e9pess\u00e9ggel, korr\u00f3zi\u00f3\u00e1ll\u00f3s\u00e1ggal, csap\u00e1gytulajdons\u00e1gokkal \u00e9s alacsony m\u00e1gneses permeabilit\u00e1ssal rendelkezik.<\/td>\n<\/tr>\n<tr>\n<td><b>Bronz\u00a0<\/b><\/td>\n<td class=\"LtGrey\" valign=\"top\">A bronz egy r\u00e9z alap\u00fa \u00f6tv\u00f6zet, amely r\u00e9zb\u0151l, mint els\u0151dleges \u00f6tv\u00f6z\u0151f\u00e9mb\u0151l, \u00e9s egy vagy t\u00f6bb m\u00e1s f\u00e9mb\u0151l, p\u00e9ld\u00e1ul \u00f3nb\u00f3l, cinkb\u0151l vagy foszforb\u00f3l \u00e1ll. A szil\u00edciumbronz egy tipikus bronz\u00f6tv\u00f6zet.<\/td>\n<\/tr>\n<tr>\n<td><b>\u00d6nt\u00f6ttvas<\/b><\/td>\n<td class=\"LtGrey\" valign=\"top\">Az \u00f6nt\u00f6ttvas egy nagyon tart\u00f3s, nagy mennyis\u00e9g\u0171 szenet tartalmaz\u00f3 vas\u00f6tv\u00f6zet. T\u00edpusai k\u00f6z\u00e9 tartozik a g\u00f6mbgrafitos \u00f6nt\u00f6ttvas, a sz\u00fcrke\u00f6ntv\u00e9ny \u00e9s a feh\u00e9r\u00f6ntv\u00e9ny. A min\u0151s\u00e9gbeli k\u00fcl\u00f6nbs\u00e9gek az \u00f6sszet\u00e9tel \u00e9s a feldolgoz\u00e1s elt\u00e9r\u00e9seinek tudhat\u00f3k be.<\/td>\n<\/tr>\n<tr>\n<td><b>Sz\u00e9nac\u00e9l \/ \u00f6tv\u00f6z\u00f6tt ac\u00e9l<\/b><\/td>\n<td class=\"LtGrey\" valign=\"top\">Az ac\u00e9l egy kereskedelmi forgalomban kaphat\u00f3 vas, amely alapvet\u0151 \u00f6tv\u00f6z\u0151 alkot\u00f3elemk\u00e9nt legfeljebb k\u00f6r\u00fclbel\u00fcl 1,7 sz\u00e1zal\u00e9k szenet tartalmaz. Sz\u00e1mos sz\u00e9n- \u00e9s \u00f6tv\u00f6z\u00f6tt ac\u00e9lfajta kaphat\u00f3. Ezeket azonban korr\u00f3zi\u00f3v\u00e9delemmel kell ell\u00e1tni.<\/td>\n<\/tr>\n<tr>\n<td><b>Edzett ac\u00e9l<\/b><\/td>\n<td class=\"LtGrey\" valign=\"top\">Az ac\u00e9lt t\u00f6bbf\u00e9lek\u00e9ppen is lehet edzeni. Ezek k\u00f6z\u00e9 tartoznak a k\u00fcl\u00f6nf\u00e9le edz\u00e9si technik\u00e1k olajban \u00e9s v\u00edzben, az ac\u00e9l indukci\u00f3s kamr\u00e1kon val\u00f3 \u00e1tvezet\u00e9se stb. Az ac\u00e9l gyors leh\u0171l\u00e9se a feldolgoz\u00e1s sor\u00e1n megfagy, csapd\u00e1ba ejti \u00e9s a sz\u00e9natomokat a zsugorodott vaskrist\u00e1lyokba csomagolja, \u00edgy merev \u00e9s rideg f\u00e9met hoz l\u00e9tre. B\u00e1r kih\u00edv\u00e1st jelent\u0151, nem k\u00e9pes sok \u00fct\u00e9st vagy \u00fct\u00e9st elviselni t\u00f6r\u00e9s n\u00e9lk\u00fcl.<\/td>\n<\/tr>\n<tr>\n<td><b>Rozsdamentes ac\u00e9l<\/b><\/td>\n<td class=\"LtGrey\" valign=\"top\">A rozsdamentes ac\u00e9l vegyszer- \u00e9s korr\u00f3zi\u00f3\u00e1ll\u00f3, \u00e9s viszonylag nagy fesz\u00fclts\u00e9g\u00e1ll\u00f3s\u00e1ggal rendelkezhet. A legt\u00f6bb rozsdamentes ac\u00e9l nem edzhet\u0151 ugyanolyan m\u00e9rt\u00e9kben, mint a sz\u00e9nac\u00e9l.<\/td>\n<\/tr>\n<tr>\n<td><b>Acet\u00e1l<\/b><\/td>\n<td>Az acet\u00e1l egy stabil m\u0171anyag, amely \u00f6nken\u0151 tulajdons\u00e1gokkal rendelkezik, \u00e9s ken\u0151anyagokkal fokozhat\u00f3.<\/td>\n<\/tr>\n<tr>\n<td><b>Delrin<\/b><\/td>\n<td class=\"LtGrey\" valign=\"top\">A Delrin egy mesters\u00e9ges m\u0171anyag, amely sz\u00edv\u00f3ss\u00e1ggal, merevs\u00e9ggel, kop\u00e1s- \u00e9s kop\u00e1s\u00e1ll\u00f3s\u00e1ggal, valamint alacsony s\u00farl\u00f3d\u00e1si tulajdons\u00e1gokkal rendelkezik.<\/td>\n<\/tr>\n<tr>\n<td><b>Nejlon<\/b><\/td>\n<td class=\"LtGrey\" valign=\"top\">A nejlon, amely sz\u00e1mos poliamidb\u00f3l \u00e1ll, egy sz\u00e9les k\u00f6rben haszn\u00e1lt, \u00e1ltal\u00e1nos c\u00e9l\u00fa anyag. Neh\u00e9z \u00e9s ellen\u00e1ll\u00f3, valamint j\u00f3 nyom\u00e1s\u00e1ll\u00f3s\u00e1ggal rendelkezik.<\/td>\n<\/tr>\n<tr>\n<td><b>Polikarbon\u00e1t<\/b><\/td>\n<td class=\"LtGrey\" valign=\"top\">A polikarbon\u00e1t egy rendk\u00edv\u00fcl sz\u00edv\u00f3s polimer, amely sz\u0171k t\u0171r\u00e9sek mellett megmunk\u00e1lhat\u00f3. Ken\u00e9sre n\u00e9ha sz\u00fcks\u00e9g van, mivel a polikarbon\u00e1t kop\u00e1si tulajdons\u00e1gai nem olyan j\u00f3k, mint n\u00e9h\u00e1ny m\u00e1s polimer\u00e9.<\/td>\n<\/tr>\n<\/tbody>\n<\/table>\n<h3>Fogasker\u00e9k-alkalmaz\u00e1s<\/h3>\n<p>F\u0151k\u00e9nt k\u00fcl\u00f6nf\u00e9le mechanikus er\u0151\u00e1tviteli rendszerekben haszn\u00e1lj\u00e1k, p\u00e9ld\u00e1ul automatiz\u00e1lt g\u00e9pekben, CNC szersz\u00e1mg\u00e9pekben, \u00e9p\u00edt\u0151anyag-m\u0171helyekben, gy\u00e1rt\u00f3\u00fczemekben, g\u00e9pjav\u00edt\u00f3 m\u0171helyekben, \u00e9p\u00edt\u00e9si projektekben stb.<\/p>\n<p><img loading=\"lazy\" decoding=\"async\" class=\"alignnone size-full wp-image-4767\" src=\"https:\/\/fmp-components.com\/wp-content\/uploads\/2025\/01\/gear-rack-11.webp\" alt=\"fogasker\u00e9k\" width=\"1200\" height=\"209\" title=\"\" srcset=\"https:\/\/fmp-components.com\/wp-content\/uploads\/2025\/01\/gear-rack-11.webp 1200w, https:\/\/fmp-components.com\/wp-content\/uploads\/2025\/01\/gear-rack-11-980x171.webp 980w, https:\/\/fmp-components.com\/wp-content\/uploads\/2025\/01\/gear-rack-11-480x84.webp 480w\" sizes=\"(min-width: 0px) and (max-width: 480px) 480px, (min-width: 481px) and (max-width: 980px) 980px, (min-width: 981px) 1200px, 100vw\" \/><\/p>","protected":false},"excerpt":{"rendered":"<p>Rack and Pinion Gear Material As for the materials of racks and pinions, strength, abrasion resistance, and absorbency are considered. Carbon steel is the most common material used to make racks and pinion steel. This material is excellent for most settings and usage scenarios. The relative strength of the rack tooth combined with the pinion [&hellip;]<\/p>","protected":false},"featured_media":4764,"comment_status":"open","ping_status":"closed","template":"","meta":{"_et_pb_use_builder":"","_et_pb_old_content":"","_et_gb_content_width":""},"product_brand":[],"product_cat":[91],"product_tag":[],"class_list":{"0":"post-4763","1":"product","2":"type-product","3":"status-publish","4":"has-post-thumbnail","6":"product_cat-gear-racks","8":"first","9":"instock","10":"shipping-taxable","11":"product-type-simple"},"_links":{"self":[{"href":"https:\/\/fmp-components.com\/hu\/wp-json\/wp\/v2\/product\/4763","targetHints":{"allow":["GET"]}}],"collection":[{"href":"https:\/\/fmp-components.com\/hu\/wp-json\/wp\/v2\/product"}],"about":[{"href":"https:\/\/fmp-components.com\/hu\/wp-json\/wp\/v2\/types\/product"}],"replies":[{"embeddable":true,"href":"https:\/\/fmp-components.com\/hu\/wp-json\/wp\/v2\/comments?post=4763"}],"wp:featuredmedia":[{"embeddable":true,"href":"https:\/\/fmp-components.com\/hu\/wp-json\/wp\/v2\/media\/4764"}],"wp:attachment":[{"href":"https:\/\/fmp-components.com\/hu\/wp-json\/wp\/v2\/media?parent=4763"}],"wp:term":[{"taxonomy":"product_brand","embeddable":true,"href":"https:\/\/fmp-components.com\/hu\/wp-json\/wp\/v2\/product_brand?post=4763"},{"taxonomy":"product_cat","embeddable":true,"href":"https:\/\/fmp-components.com\/hu\/wp-json\/wp\/v2\/product_cat?post=4763"},{"taxonomy":"product_tag","embeddable":true,"href":"https:\/\/fmp-components.com\/hu\/wp-json\/wp\/v2\/product_tag?post=4763"}],"curies":[{"name":"munkaf\u00fczet","href":"https:\/\/api.w.org\/{rel}","templated":true}]}}