{"id":469,"date":"2024-12-10T08:34:34","date_gmt":"2024-12-10T08:34:34","guid":{"rendered":"https:\/\/fmp-components.com\/?page_id=8"},"modified":"2024-12-10T08:53:20","modified_gmt":"2024-12-10T08:53:20","slug":"small-excavator-cylinder","status":"publish","type":"product","link":"https:\/\/fmp-components.com\/hu\/product\/small-excavator-cylinder\/","title":{"rendered":"Kis kotr\u00f3g\u00e9p henger"},"content":{"rendered":"<p style=\"text-align: center;\"><span style=\"font-size: 18pt;\">Kis kotr\u00f3g\u00e9p henger<\/span><\/p>\n<p>A kis kotr\u00f3g\u00e9p munkahengere egy kritikus hidraulikus alkatr\u00e9sz, amelyet a kis kotr\u00f3g\u00e9pek teljes\u00edtm\u00e9ny\u00e9nek optimaliz\u00e1l\u00e1s\u00e1ra terveztek k\u00fcl\u00f6nf\u00e9le \u00e9p\u00edt\u00e9si \u00e9s f\u00f6ldmunk\u00e1k sor\u00e1n. A tart\u00f3ss\u00e1gra \u00e9s hat\u00e9konys\u00e1gra tervezett munkahenger megk\u00f6nny\u00edti az alapvet\u0151 mozg\u00e1sokat, bele\u00e9rtve az emel\u00e9st, az \u00e1s\u00e1st \u00e9s a man\u0151verez\u00e9st, biztos\u00edtva a prec\u00edz m\u0171k\u00f6d\u00e9st.<\/p>\n<p><img loading=\"lazy\" decoding=\"async\" class=\"size-full wp-image-483 aligncenter\" src=\"https:\/\/fmp-components.com\/wp-content\/uploads\/2024\/12\/Small-Excavator-Cylinder.webp\" alt=\"Kis kotr\u00f3g\u00e9p-henger\" width=\"760\" height=\"533\" title=\"\" srcset=\"https:\/\/fmp-components.com\/wp-content\/uploads\/2024\/12\/Small-Excavator-Cylinder.webp 760w, https:\/\/fmp-components.com\/wp-content\/uploads\/2024\/12\/Small-Excavator-Cylinder-480x337.webp 480w\" sizes=\"(min-width: 0px) and (max-width: 480px) 480px, (min-width: 481px) 760px, 100vw\" \/><\/p>\n<h4>F\u0151bb jellemz\u0151k:<\/h4>\n<ul>\n<li>Robusztus konstrukci\u00f3: Nagy szil\u00e1rds\u00e1g\u00fa anyagokb\u00f3l k\u00e9sz\u00fclt, a kis kotr\u00f3g\u00e9p henger \u00fagy van kialak\u00edtva, hogy ellen\u00e1lljon az \u00e9p\u00edtkez\u00e9sek neh\u00e9z k\u00f6r\u00fclm\u00e9nyeinek, hossz\u00fa t\u00e1v\u00fa megb\u00edzhat\u00f3s\u00e1got \u00e9s teljes\u00edtm\u00e9nyt biztos\u00edtva.<\/li>\n<li>Sokoldal\u00fa funkcionalit\u00e1s: Ez a henger k\u00fcl\u00f6nf\u00e9le funkci\u00f3kat t\u00e1mogat, bele\u00e9rtve a g\u00e9m, a kan\u00e1lsz\u00e1r, a kan\u00e1l \u00e9s a tartoz\u00e9kok m\u0171k\u00f6dtet\u00e9s\u00e9t, \u00edgy szerves r\u00e9sz\u00e9t k\u00e9pezi a kotr\u00f3g\u00e9p teljes m\u0171k\u00f6d\u00e9s\u00e9nek.<\/li>\n<li>Hat\u00e9kony hidraulikus teljes\u00edtm\u00e9ny: A sima \u00e9s \u00e9rz\u00e9keny m\u0171k\u00f6d\u00e9sre tervezett hidraulikus rendszer lehet\u0151v\u00e9 teszi a kezel\u0151k sz\u00e1m\u00e1ra a feladatok prec\u00edz elv\u00e9gz\u00e9s\u00e9t, n\u00f6velve a termel\u00e9kenys\u00e9get az \u00e1s\u00e1s, a tereprendez\u00e9s \u00e9s az anyagmozgat\u00e1s sor\u00e1n.<\/li>\n<li>Kompakt kialak\u00edt\u00e1s: A henger kompakt kialak\u00edt\u00e1sa lehet\u0151v\u00e9 teszi a k\u00f6nny\u0171 integr\u00e1ci\u00f3t kisebb kotr\u00f3g\u00e9pekbe, jav\u00edtva azok man\u0151verezhet\u0151s\u00e9g\u00e9t sz\u0171k helyeken, mik\u00f6zben meg\u0151rzi a robusztus teljes\u00edtm\u00e9nyt.<\/li>\n<li>Alacsony karbantart\u00e1si ig\u00e9ny: A tart\u00f3ss\u00e1gra tervezett kis kotr\u00f3g\u00e9p-henger minim\u00e1lis karbantart\u00e1st ig\u00e9nyel, cs\u00f6kkentve az \u00e1ll\u00e1sid\u0151t \u00e9s hozz\u00e1j\u00e1rulva a m\u0171k\u00f6d\u00e9s \u00e1ltal\u00e1nos hat\u00e9konys\u00e1g\u00e1hoz.<\/li>\n<\/ul>\n<p>A kis kotr\u00f3g\u00e9p munkahengere egy alapvet\u0151 elem, amely n\u00f6veli a kis kotr\u00f3g\u00e9pek funkcionalit\u00e1s\u00e1t \u00e9s sokoldal\u00fas\u00e1g\u00e1t, \u00edgy hat\u00e9kony eszk\u00f6z\u00f6kk\u00e9 v\u00e1lnak az \u00e9p\u00edt\u0151ipar, a tereprendez\u00e9s \u00e9s a f\u00f6ldmunka sz\u00e9les k\u00f6r\u0171 alkalmaz\u00e1saihoz.<\/p>\n<h2>Kis kotr\u00f3g\u00e9p r\u00fadhenger (karhenger) specifik\u00e1ci\u00f3i:<\/h2>\n<p>A ny\u00e9lhenger, m\u00e1s n\u00e9ven a kar hengere, felel\u0151s a kotr\u00f3g\u00e9p g\u00e9mj\u00e9nek kiny\u00fajt\u00e1s\u00e1\u00e9rt \u00e9s visszah\u00faz\u00e1s\u00e1\u00e9rt. Ez a henger biztos\u00edtja a sz\u00fcks\u00e9ges er\u0151t a ny\u00e9l emel\u00e9s\u00e9hez \u00e9s leenged\u00e9s\u00e9hez, lehet\u0151v\u00e9 t\u00e9ve a prec\u00edz mozg\u00e1st \u00e1s\u00e1si \u00e9s anyagmozgat\u00e1si feladatok sor\u00e1n.<\/p>\n<h2><img loading=\"lazy\" decoding=\"async\" class=\"size-full wp-image-471 aligncenter\" src=\"https:\/\/fmp-components.com\/wp-content\/uploads\/2024\/12\/Small-Excavator-Cylinder1.webp\" alt=\"Kis kotr\u00f3g\u00e9p henger\" width=\"500\" height=\"200\" title=\"\" srcset=\"https:\/\/fmp-components.com\/wp-content\/uploads\/2024\/12\/Small-Excavator-Cylinder1.webp 500w, https:\/\/fmp-components.com\/wp-content\/uploads\/2024\/12\/Small-Excavator-Cylinder1-480x192.webp 480w\" sizes=\"(min-width: 0px) and (max-width: 480px) 480px, (min-width: 481px) 500px, 100vw\" \/><\/h2>\n<table style=\"width: 100%;\" border=\"1\" width=\"100%\" cellspacing=\"0\" cellpadding=\"0\">\n<tbody>\n<tr>\n<td>Term\u00e9k neve<\/td>\n<td>Kis kotr\u00f3g\u00e9p p\u00e1lcahenger<\/td>\n<\/tr>\n<tr>\n<td>Jellemz\u0151k:<\/td>\n<td>Az alkar mozg\u00e1s\u00e1nak szab\u00e1lyoz\u00e1sa<\/td>\n<\/tr>\n<tr>\n<td>Furat\u00e1tm\u00e9r\u0151:<\/td>\n<td>50 mm\uff5e115 mm<\/td>\n<\/tr>\n<tr>\n<td>R\u00fad \u00e1tm\u00e9r\u0151je:<\/td>\n<td>25 mm\uff5e70 mm<br \/>\nL\u00f6ket \u22641000 mm<\/td>\n<\/tr>\n<tr>\n<td>Tol\u00f3er\u0151:<\/td>\n<td>Maximum 305 kN<\/td>\n<\/tr>\n<tr>\n<td>Furat\u00e1tm\u00e9r\u0151:<\/td>\n<td>115 mm\/nyom\u00e1s 29,4 MPa)<\/td>\n<\/tr>\n<\/tbody>\n<\/table>\n<h2><\/h2>\n<h2><img loading=\"lazy\" decoding=\"async\" class=\"alignnone size-full wp-image-472\" src=\"https:\/\/fmp-components.com\/wp-content\/uploads\/2024\/12\/Small-Excavator-Cylinder1-1.webp\" alt=\"Kis kotr\u00f3g\u00e9p henger\" width=\"828\" height=\"416\" title=\"\" srcset=\"https:\/\/fmp-components.com\/wp-content\/uploads\/2024\/12\/Small-Excavator-Cylinder1-1.webp 828w, https:\/\/fmp-components.com\/wp-content\/uploads\/2024\/12\/Small-Excavator-Cylinder1-1-480x241.webp 480w\" sizes=\"(min-width: 0px) and (max-width: 480px) 480px, (min-width: 481px) 828px, 100vw\" \/><\/h2>\n<h2>Kis kotr\u00f3g\u00e9p v\u00f6d\u00f6r henger specifik\u00e1ci\u00f3i:<\/h2>\n<p>A kan\u00e1lhenger m\u0171k\u00f6dteti a kotr\u00f3g\u00e9p kanal\u00e1t, lehet\u0151v\u00e9 t\u00e9ve az anyagok megd\u00f6nt\u00e9s\u00e9t \u00e9s \u00fcr\u00edt\u00e9s\u00e9t. Ez a henger kulcsfontoss\u00e1g\u00fa a kotr\u00e1shoz, a kotor\u00e9khoz \u00e9s a rakod\u00e1shoz, mivel biztos\u00edtja a kan\u00e1l hat\u00e9kony kezel\u00e9s\u00e9hez sz\u00fcks\u00e9ges er\u0151t.<\/p>\n<h2><img loading=\"lazy\" decoding=\"async\" class=\"size-full wp-image-473 aligncenter\" src=\"https:\/\/fmp-components.com\/wp-content\/uploads\/2024\/12\/Small-Excavator-Cylinder2.webp\" alt=\"Kis kotr\u00f3g\u00e9p henger\" width=\"500\" height=\"200\" title=\"\" srcset=\"https:\/\/fmp-components.com\/wp-content\/uploads\/2024\/12\/Small-Excavator-Cylinder2.webp 500w, https:\/\/fmp-components.com\/wp-content\/uploads\/2024\/12\/Small-Excavator-Cylinder2-480x192.webp 480w\" sizes=\"(min-width: 0px) and (max-width: 480px) 480px, (min-width: 481px) 500px, 100vw\" \/><\/h2>\n<table style=\"width: 100%;\" border=\"1\" width=\"100%\" cellspacing=\"0\" cellpadding=\"0\">\n<tbody>\n<tr>\n<td>Term\u00e9k neve<\/td>\n<td>Kis kotr\u00f3g\u00e9p v\u00f6d\u00f6r henger<\/td>\n<\/tr>\n<tr>\n<td>Jellemz\u0151k:<\/td>\n<td>Ir\u00e1ny\u00edtsd a v\u00f6d\u00f6r m\u0171k\u00f6d\u00e9s\u00e9t<\/td>\n<\/tr>\n<tr>\n<td>Furat\u00e1tm\u00e9r\u0151:<\/td>\n<td>50 mm\uff5e105 mm<\/td>\n<\/tr>\n<tr>\n<td>R\u00fad \u00e1tm\u00e9r\u0151je:<\/td>\n<td>25 mm\uff5e70 mm<br \/>\nL\u00f6ket \u22641000 mm<\/td>\n<\/tr>\n<tr>\n<td>Tol\u00f3er\u0151:<\/td>\n<td>Maximum 255 kN<\/td>\n<\/tr>\n<tr>\n<td>Furat\u00e1tm\u00e9r\u0151:<\/td>\n<td>105 mm\/nyom\u00e1s 29,4 MPa<\/td>\n<\/tr>\n<\/tbody>\n<\/table>\n<h2><\/h2>\n<h2><img loading=\"lazy\" decoding=\"async\" class=\"alignnone size-full wp-image-474\" src=\"https:\/\/fmp-components.com\/wp-content\/uploads\/2024\/12\/Small-Excavator-Cylinder2-1.webp\" alt=\"Kis kotr\u00f3g\u00e9p henger\" width=\"847\" height=\"410\" title=\"\" srcset=\"https:\/\/fmp-components.com\/wp-content\/uploads\/2024\/12\/Small-Excavator-Cylinder2-1.webp 847w, https:\/\/fmp-components.com\/wp-content\/uploads\/2024\/12\/Small-Excavator-Cylinder2-1-480x232.webp 480w\" sizes=\"(min-width: 0px) and (max-width: 480px) 480px, (min-width: 481px) 847px, 100vw\" \/><\/h2>\n<h2>Kis kotr\u00f3g\u00e9p g\u00e9mhenger specifik\u00e1ci\u00f3i:<\/h2>\n<p>A g\u00e9mhenger vez\u00e9rli a kotr\u00f3g\u00e9p g\u00e9mj\u00e9nek mozg\u00e1s\u00e1t, lehet\u0151v\u00e9 t\u00e9ve annak emel\u00e9s\u00e9t \u00e9s s\u00fcllyeszt\u00e9s\u00e9t. Ez a henger elengedhetetlen a k\u00fcl\u00f6nb\u00f6z\u0151 magass\u00e1gok \u00e9s m\u00e9lys\u00e9gek el\u00e9r\u00e9s\u00e9hez, lehet\u0151v\u00e9 t\u00e9ve a kotr\u00f3g\u00e9p sz\u00e1m\u00e1ra, hogy k\u00fcl\u00f6nf\u00e9le feladatokat v\u00e9gezzen prec\u00edzen.<\/p>\n<h2><img loading=\"lazy\" decoding=\"async\" class=\"size-full wp-image-475 aligncenter\" src=\"https:\/\/fmp-components.com\/wp-content\/uploads\/2024\/12\/Small-Excavator-Cylinder3.webp\" alt=\"Kis kotr\u00f3g\u00e9p henger\" width=\"500\" height=\"200\" title=\"\" srcset=\"https:\/\/fmp-components.com\/wp-content\/uploads\/2024\/12\/Small-Excavator-Cylinder3.webp 500w, https:\/\/fmp-components.com\/wp-content\/uploads\/2024\/12\/Small-Excavator-Cylinder3-480x192.webp 480w\" sizes=\"(min-width: 0px) and (max-width: 480px) 480px, (min-width: 481px) 500px, 100vw\" \/><\/h2>\n<table style=\"width: 100%;\" border=\"1\" width=\"100%\" cellspacing=\"0\" cellpadding=\"0\">\n<tbody>\n<tr>\n<td>Term\u00e9k neve<\/td>\n<td>Kis kotr\u00f3g\u00e9p g\u00e9mhenger<\/td>\n<\/tr>\n<tr>\n<td>Jellemz\u0151k:<\/td>\n<td>Ir\u00e1ny\u00edtsd a nagy kar emel\u0151 mozg\u00e1s\u00e1t<\/td>\n<\/tr>\n<tr>\n<td>Furat\u00e1tm\u00e9r\u0151:<\/td>\n<td>50 mm\uff5e125 mm<\/td>\n<\/tr>\n<tr>\n<td>R\u00fad \u00e1tm\u00e9r\u0151je:<\/td>\n<td>25 mm\uff5e75 mm<br \/>\nL\u00f6ket \u22641000 mm<\/td>\n<\/tr>\n<tr>\n<td>Tol\u00f3er\u0151:<\/td>\n<td>Maximum 361 kN<\/td>\n<\/tr>\n<tr>\n<td>Furat\u00e1tm\u00e9r\u0151:<\/td>\n<td>125 mm\/nyom\u00e1s 29,4 MPa<\/td>\n<\/tr>\n<\/tbody>\n<\/table>\n<h2><\/h2>\n<h2><img loading=\"lazy\" decoding=\"async\" class=\"alignnone size-full wp-image-476\" src=\"https:\/\/fmp-components.com\/wp-content\/uploads\/2024\/12\/Small-Excavator-Cylinder3-1.webp\" alt=\"Kis kotr\u00f3g\u00e9p henger\" width=\"874\" height=\"394\" title=\"\" srcset=\"https:\/\/fmp-components.com\/wp-content\/uploads\/2024\/12\/Small-Excavator-Cylinder3-1.webp 874w, https:\/\/fmp-components.com\/wp-content\/uploads\/2024\/12\/Small-Excavator-Cylinder3-1-480x216.webp 480w\" sizes=\"(min-width: 0px) and (max-width: 480px) 480px, (min-width: 481px) 874px, 100vw\" \/><\/h2>\n<h2>Kis kotr\u00f3g\u00e9p buld\u00f3zer henger specifik\u00e1ci\u00f3i:<\/h2>\n<p>A buld\u00f3zer henger a kotr\u00f3g\u00e9p tol\u00f3lapj\u00e1nak vez\u00e9rl\u00e9s\u00e9re szolg\u00e1l, lehet\u0151v\u00e9 t\u00e9ve a talaj pontos szintez\u00e9s\u00e9t \u00e9s r\u00e9zs\u0171lyukaszt\u00e1s\u00e1t. Ez a henger n\u00f6veli a kotr\u00f3g\u00e9p sokoldal\u00fas\u00e1g\u00e1t, alkalmass\u00e1 t\u00e9ve olyan feladatokra, mint a terep el\u0151k\u00e9sz\u00edt\u00e9se \u00e9s a f\u00f6ldmozgat\u00e1s.<\/p>\n<h2><img loading=\"lazy\" decoding=\"async\" class=\"size-full wp-image-477 aligncenter\" src=\"https:\/\/fmp-components.com\/wp-content\/uploads\/2024\/12\/Small-Excavator-Cylinder4.webp\" alt=\"Kis kotr\u00f3g\u00e9p henger\" width=\"500\" height=\"200\" title=\"\" srcset=\"https:\/\/fmp-components.com\/wp-content\/uploads\/2024\/12\/Small-Excavator-Cylinder4.webp 500w, https:\/\/fmp-components.com\/wp-content\/uploads\/2024\/12\/Small-Excavator-Cylinder4-480x192.webp 480w\" sizes=\"(min-width: 0px) and (max-width: 480px) 480px, (min-width: 481px) 500px, 100vw\" \/><\/h2>\n<table style=\"width: 100%;\" border=\"1\" width=\"100%\" cellspacing=\"0\" cellpadding=\"0\">\n<tbody>\n<tr>\n<td>Term\u00e9k neve<\/td>\n<td>Kis kotr\u00f3g\u00e9p buld\u00f3zer henger<\/td>\n<\/tr>\n<tr>\n<td>Jellemz\u0151k:<\/td>\n<td>Ir\u00e1ny\u00edtsd a buld\u00f3zer m\u0171k\u00f6d\u00e9s\u00e9t<\/td>\n<\/tr>\n<tr>\n<td>Furat\u00e1tm\u00e9r\u0151:<\/td>\n<td>50 mm\uff5e140 mm<\/td>\n<\/tr>\n<tr>\n<td>R\u00fad \u00e1tm\u00e9r\u0151je:<\/td>\n<td>25 mm\uff5e80 mm<br \/>\nL\u00f6ket \u2264250 mm<\/td>\n<\/tr>\n<tr>\n<td>Tol\u00f3er\u0151:<\/td>\n<td>Maximum 453 kN<\/td>\n<\/tr>\n<tr>\n<td>Furat\u00e1tm\u00e9r\u0151:<\/td>\n<td>140 mm\/nyom\u00e1s 29,4 MPa<\/td>\n<\/tr>\n<\/tbody>\n<\/table>\n<h2><\/h2>\n<h2><img loading=\"lazy\" decoding=\"async\" class=\"alignnone size-full wp-image-478\" src=\"https:\/\/fmp-components.com\/wp-content\/uploads\/2024\/12\/Small-Excavator-Cylinder4-1.webp\" alt=\"Kis kotr\u00f3g\u00e9p henger\" width=\"847\" height=\"401\" title=\"\" srcset=\"https:\/\/fmp-components.com\/wp-content\/uploads\/2024\/12\/Small-Excavator-Cylinder4-1.webp 847w, https:\/\/fmp-components.com\/wp-content\/uploads\/2024\/12\/Small-Excavator-Cylinder4-1-480x227.webp 480w\" sizes=\"(min-width: 0px) and (max-width: 480px) 480px, (min-width: 481px) 847px, 100vw\" \/><\/h2>\n<h2>Kis kotr\u00f3g\u00e9p forg\u00f3 m\u0171k\u00f6dtet\u0151 specifik\u00e1ci\u00f3i:<\/h2>\n<p>A forg\u00f3 m\u0171k\u00f6dtet\u0151 forg\u00f3 mozg\u00e1st biztos\u00edt olyan tartoz\u00e9koknak, mint a f\u00far\u00f3k vagy a markol\u00f3k. Ez az alkatr\u00e9sz lehet\u0151v\u00e9 teszi a kotr\u00f3g\u00e9p sz\u00e1m\u00e1ra, hogy olyan feladatokat v\u00e9gezzen, amelyek forg\u00f3 vagy fordul\u00f3 mozg\u00e1st ig\u00e9nyelnek, n\u00f6velve a m\u0171k\u00f6d\u00e9si rugalmass\u00e1got.<\/p>\n<h2><img loading=\"lazy\" decoding=\"async\" class=\"size-full wp-image-479 aligncenter\" src=\"https:\/\/fmp-components.com\/wp-content\/uploads\/2024\/12\/Small-Excavator-Cylinder5.webp\" alt=\"Kis kotr\u00f3g\u00e9p henger\" width=\"500\" height=\"200\" title=\"\" srcset=\"https:\/\/fmp-components.com\/wp-content\/uploads\/2024\/12\/Small-Excavator-Cylinder5.webp 500w, https:\/\/fmp-components.com\/wp-content\/uploads\/2024\/12\/Small-Excavator-Cylinder5-480x192.webp 480w\" sizes=\"(min-width: 0px) and (max-width: 480px) 480px, (min-width: 481px) 500px, 100vw\" \/><\/h2>\n<table style=\"width: 100%;\" border=\"1\" width=\"100%\" cellspacing=\"0\" cellpadding=\"0\">\n<tbody>\n<tr style=\"height: 23px;\">\n<td style=\"height: 23px;\">Term\u00e9k neve<\/td>\n<td style=\"height: 23px;\">Kis kotr\u00f3g\u00e9p forg\u00f3 m\u0171k\u00f6dtet\u0151<\/td>\n<\/tr>\n<tr style=\"height: 23px;\">\n<td style=\"height: 23px;\">Jellemz\u0151k:<\/td>\n<td style=\"height: 23px;\">A nagy kar elhajl\u00e1sa<\/td>\n<\/tr>\n<tr style=\"height: 23px;\">\n<td style=\"height: 23px;\">Furat\u00e1tm\u00e9r\u0151:<\/td>\n<td style=\"height: 23px;\">50 mm\uff5e120 mm<\/td>\n<\/tr>\n<tr style=\"height: 47px;\">\n<td style=\"height: 47px;\">R\u00fad \u00e1tm\u00e9r\u0151je:<\/td>\n<td style=\"height: 47px;\">25 mm\uff5e75 mm<br \/>\nL\u00f6ket \u22641000 mm<\/td>\n<\/tr>\n<tr style=\"height: 23px;\">\n<td style=\"height: 23px;\">Tol\u00f3er\u0151:<\/td>\n<td style=\"height: 23px;\">Maximum 333 kN<\/td>\n<\/tr>\n<tr style=\"height: 23px;\">\n<td style=\"height: 23px;\">Furat\u00e1tm\u00e9r\u0151:<\/td>\n<td style=\"height: 23px;\">120 mm\/nyom\u00e1s 29,4 MPa<\/td>\n<\/tr>\n<\/tbody>\n<\/table>\n<h2><\/h2>\n<h2><img loading=\"lazy\" decoding=\"async\" class=\"alignnone size-full wp-image-480\" src=\"https:\/\/fmp-components.com\/wp-content\/uploads\/2024\/12\/Small-Excavator-Cylinder5-1.webp\" alt=\"Kis kotr\u00f3g\u00e9p henger\" width=\"849\" height=\"392\" title=\"\" srcset=\"https:\/\/fmp-components.com\/wp-content\/uploads\/2024\/12\/Small-Excavator-Cylinder5-1.webp 849w, https:\/\/fmp-components.com\/wp-content\/uploads\/2024\/12\/Small-Excavator-Cylinder5-1-480x222.webp 480w\" sizes=\"(min-width: 0px) and (max-width: 480px) 480px, (min-width: 481px) 849px, 100vw\" \/><\/h2>\n<h2>Az FMP-r\u0151l<\/h2>\n<p>Az FMP egy speci\u00e1lis g\u00e9pgy\u00e1rt\u00f3 v\u00e1llalat, amely hidraulikus hengerek gy\u00e1rt\u00e1s\u00e1ra specializ\u00e1l\u00f3dott. Megalakul\u00e1sa \u00f3ta a v\u00e1llalat a hidraulikus technol\u00f3gia kutat\u00e1s\u00e1ra \u00e9s gy\u00e1rt\u00e1s\u00e1ra \u00f6sszpontos\u00edt, \u00e9s sikeresen \u00e1tt\u00e9rt a soksz\u00edn\u0171 term\u00e9kk\u00edn\u00e1latr\u00f3l, amely mag\u00e1ban foglalta a betakar\u00edt\u00f3 \u00e9s \u00e9p\u00edt\u0151ipari g\u00e9peket, a mez\u0151gazdas\u00e1gi traktoralkatr\u00e9szekre specializ\u00e1l\u00f3d\u00e1sra. T\u00f6bb mint egy \u00e9vtizedes gy\u00e1rt\u00e1si \u00e9s ir\u00e1ny\u00edt\u00e1si tapasztalattal az FMP fejlett gy\u00e1rt\u00e1si technik\u00e1kkal biztos\u00edtja a kiv\u00e1l\u00f3 min\u0151s\u00e9g\u0171 term\u00e9keket.<\/p>\n<p>A v\u00e1llalat fejl\u0151d\u00e9s\u00e9vel \u00e1tfog\u00f3 megmunk\u00e1l\u00f3 gy\u00e1rt\u00f3sort, \u00f6sszeszerel\u0151 sort \u00e9s bevon\u00f3sort fejlesztett ki. Csapatunk k\u00e9pzett vezet\u0151kb\u0151l, tapasztalt g\u00e9p\u00e9sztervez\u0151kb\u0151l \u00e9s magasan k\u00e9pzett technikusokb\u00f3l \u00e1ll, akik egy\u00fcttm\u0171k\u00f6dve biztos\u00edtj\u00e1k a stabil termel\u00e9si min\u0151s\u00e9get, mik\u00f6zben hat\u00e9konyan ellen\u0151rzik a folyamatok folytonoss\u00e1g\u00e1t \u00e9s hat\u00e9konys\u00e1g\u00e1t.<\/p>\n<p>Az FMP a k\u00f6vetkez\u0151 filoz\u00f3fi\u00e1t vallja: \u201eA technol\u00f3giai innov\u00e1ci\u00f3 hajtja a fejl\u0151d\u00e9st, a min\u0151s\u00e9g teremti a m\u00e1rk\u00e1kat, a szak\u00e9rtelem garant\u00e1lja a min\u0151s\u00e9get, \u00e9s hossz\u00fa t\u00e1v\u00fa, mindenki sz\u00e1m\u00e1ra el\u0151ny\u00f6s kapcsolatokat \u00e9p\u00edt.\u201d Elk\u00f6telezetts\u00e9g\u00fcnk a kiv\u00e1l\u00f3 min\u0151s\u00e9g\u0171 term\u00e9kek \u00e9s a kiv\u00e1l\u00f3 \u00fcgyf\u00e9lszolg\u00e1lat ir\u00e1nt tov\u00e1bbra is alapvet\u0151 c\u00e9lunk, mik\u00f6zben folyamatosan megfelel\u00fcnk a piac v\u00e1ltoz\u00f3 ig\u00e9nyeinek.<\/p>\n<p><img loading=\"lazy\" decoding=\"async\" class=\"alignnone size-full wp-image-426\" src=\"https:\/\/fmp-components.com\/wp-content\/uploads\/2024\/12\/Sanitation-Machinery-Locking-Hydraulic-Cylinder-factory.webp\" sizes=\"(min-width: 0px) and (max-width: 480px) 480px, (min-width: 481px) and (max-width: 980px) 980px, (min-width: 981px) and (max-width: 1280px) 1280px, (min-width: 1281px) 1414px, 100vw\" srcset=\"https:\/\/fmp-components.com\/wp-content\/uploads\/2024\/12\/Sanitation-Machinery-Locking-Hydraulic-Cylinder-factory.webp 1414w, https:\/\/fmp-components.com\/wp-content\/uploads\/2024\/12\/Sanitation-Machinery-Locking-Hydraulic-Cylinder-factory-1280x529.webp 1280w, https:\/\/fmp-components.com\/wp-content\/uploads\/2024\/12\/Sanitation-Machinery-Locking-Hydraulic-Cylinder-factory-980x405.webp 980w, https:\/\/fmp-components.com\/wp-content\/uploads\/2024\/12\/Sanitation-Machinery-Locking-Hydraulic-Cylinder-factory-480x198.webp 480w\" alt=\"Higi\u00e9niai-G\u00e9p-Z\u00e1r\u00f3-Hidraulikus-Henger-gy\u00e1r\" width=\"1414\" height=\"584\" title=\"\"><\/p>\n<p>Szerz\u0151: CX<\/p>","protected":false},"excerpt":{"rendered":"<p>A kis kotr\u00f3g\u00e9p munkahengere egy kulcsfontoss\u00e1g\u00fa hidraulikus alkatr\u00e9sz, amely a kis kotr\u00f3g\u00e9pek er\u0151teljes \u00e9s prec\u00edz mozg\u00e1s\u00e1t biztos\u00edtja. Ez a henger k\u00fcl\u00f6nf\u00e9le funkci\u00f3k, p\u00e9ld\u00e1ul emel\u00e9s, \u00e1s\u00e1s \u00e9s billent\u00e9s elv\u00e9gz\u00e9s\u00e9re szolg\u00e1l, biztos\u00edtva a g\u00e9p hat\u00e9kony m\u0171k\u00f6d\u00e9s\u00e9t. Nagy szil\u00e1rds\u00e1g\u00fa anyagokb\u00f3l k\u00e9sz\u00fclt, \u00edgy ellen\u00e1ll az \u00e9p\u00edt\u00e9si \u00e9s f\u00f6ldmunk\u00e1k neh\u00e9z k\u00f6r\u00fclm\u00e9nyeinek, tart\u00f3ss\u00e1got \u00e9s megb\u00edzhat\u00f3s\u00e1got k\u00edn\u00e1lva. A kompakt kialak\u00edt\u00e1s lehet\u0151v\u00e9 teszi a k\u00f6nny\u0171 integr\u00e1ci\u00f3t a kis kotr\u00f3g\u00e9pekbe, ami fokozott man\u0151verezhet\u0151s\u00e9get biztos\u00edt sz\u0171k helyeken. Hat\u00e9kony hidraulikus teljes\u00edtm\u00e9ny\u00e9vel a kis kotr\u00f3g\u00e9p munkahengere l\u00e9tfontoss\u00e1g\u00fa szerepet j\u00e1tszik a g\u00e9p k\u00e9pess\u00e9geinek optimaliz\u00e1l\u00e1s\u00e1ban a sz\u00e9les k\u00f6r\u0171 alkalmaz\u00e1sokhoz.<\/p>","protected":false},"featured_media":470,"comment_status":"open","ping_status":"closed","template":"","meta":{"_et_pb_use_builder":"","_et_pb_old_content":"","_et_gb_content_width":""},"product_brand":[],"product_cat":[25],"product_tag":[],"class_list":{"0":"post-469","1":"product","2":"type-product","3":"status-publish","4":"has-post-thumbnail","6":"product_cat-mobile-machinery-hydraulic-cylinder","8":"first","9":"instock","10":"shipping-taxable","11":"product-type-simple"},"_links":{"self":[{"href":"https:\/\/fmp-components.com\/hu\/wp-json\/wp\/v2\/product\/469","targetHints":{"allow":["GET"]}}],"collection":[{"href":"https:\/\/fmp-components.com\/hu\/wp-json\/wp\/v2\/product"}],"about":[{"href":"https:\/\/fmp-components.com\/hu\/wp-json\/wp\/v2\/types\/product"}],"replies":[{"embeddable":true,"href":"https:\/\/fmp-components.com\/hu\/wp-json\/wp\/v2\/comments?post=469"}],"wp:featuredmedia":[{"embeddable":true,"href":"https:\/\/fmp-components.com\/hu\/wp-json\/wp\/v2\/media\/470"}],"wp:attachment":[{"href":"https:\/\/fmp-components.com\/hu\/wp-json\/wp\/v2\/media?parent=469"}],"wp:term":[{"taxonomy":"product_brand","embeddable":true,"href":"https:\/\/fmp-components.com\/hu\/wp-json\/wp\/v2\/product_brand?post=469"},{"taxonomy":"product_cat","embeddable":true,"href":"https:\/\/fmp-components.com\/hu\/wp-json\/wp\/v2\/product_cat?post=469"},{"taxonomy":"product_tag","embeddable":true,"href":"https:\/\/fmp-components.com\/hu\/wp-json\/wp\/v2\/product_tag?post=469"}],"curies":[{"name":"munkaf\u00fczet","href":"https:\/\/api.w.org\/{rel}","templated":true}]}}