{"id":452,"date":"2024-12-10T07:23:50","date_gmt":"2024-12-10T07:23:50","guid":{"rendered":"https:\/\/fmp-components.com\/?page_id=8"},"modified":"2024-12-10T07:26:39","modified_gmt":"2024-12-10T07:26:39","slug":"crane-pin-hydraulic-cylinder","status":"publish","type":"product","link":"https:\/\/fmp-components.com\/hu\/product\/crane-pin-hydraulic-cylinder\/","title":{"rendered":"Darucsap hidraulikus henger"},"content":{"rendered":"<p style=\"text-align: center;\"><span style=\"font-size: 18pt;\">Darucsap hidraulikus henger<\/span><\/p>\n<p>A darucsap-hidraulikus henger egy alapvet\u0151 alkatr\u00e9sz, amelyet a csapok pontos mozgat\u00e1s\u00e1nak \u00e9s biztons\u00e1gos r\u00f6gz\u00edt\u00e9s\u00e9nek megk\u00f6nny\u00edt\u00e9s\u00e9re terveztek k\u00fcl\u00f6nf\u00e9le darualkalmaz\u00e1sokban. Ez a hidraulikus henger megb\u00edzhat\u00f3 er\u0151t biztos\u00edt a k\u00fcl\u00f6nb\u00f6z\u0151 darualkatr\u00e9szeket \u00f6sszek\u00f6t\u0151 csapok be- \u00e9s kiold\u00e1s\u00e1hoz, biztos\u00edtva a stabilit\u00e1st \u00e9s a biztons\u00e1got az emel\u00e9si m\u0171veletek sor\u00e1n.<\/p>\n<p><img loading=\"lazy\" decoding=\"async\" class=\"size-full wp-image-453 aligncenter\" src=\"https:\/\/fmp-components.com\/wp-content\/uploads\/2024\/12\/Crane-Pin-Hydraulic-Cylinder.jpg\" alt=\"Darucsap hidraulikus henger\" width=\"500\" height=\"500\" title=\"\" srcset=\"https:\/\/fmp-components.com\/wp-content\/uploads\/2024\/12\/Crane-Pin-Hydraulic-Cylinder.jpg 500w, https:\/\/fmp-components.com\/wp-content\/uploads\/2024\/12\/Crane-Pin-Hydraulic-Cylinder-480x480.jpg 480w\" sizes=\"(min-width: 0px) and (max-width: 480px) 480px, (min-width: 481px) 500px, 100vw\" \/><\/p>\n<h4>F\u0151bb jellemz\u0151k:<\/h4>\n<ul>\n<li>Tart\u00f3s konstrukci\u00f3: Nagy szil\u00e1rds\u00e1g\u00fa anyagokb\u00f3l k\u00e9sz\u00fclt, a darucsap hidraulikus hengere \u00fagy van kialak\u00edtva, hogy ellen\u00e1lljon az \u00e9p\u00edt\u00e9si \u00e9s neh\u00e9z emel\u00e9si k\u00f6rnyezet ig\u00e9nyes k\u00f6r\u00fclm\u00e9nyeinek, biztos\u00edtva a hossz\u00fa t\u00e1v\u00fa tart\u00f3ss\u00e1got \u00e9s megb\u00edzhat\u00f3s\u00e1got.<\/li>\n<li>Sima m\u0171k\u00f6d\u00e9s: A fejlett hidraulikus rendszer lehet\u0151v\u00e9 teszi a folyamatos \u00e9s kontroll\u00e1lt mozg\u00e1sokat, lehet\u0151v\u00e9 t\u00e9ve a csapok gyors \u00e9s hat\u00e9kony be- \u00e9s kiold\u00e1s\u00e1t, ami jav\u00edtja a daru \u00e1ltal\u00e1nos funkcionalit\u00e1s\u00e1t.<\/li>\n<li>Fokozott biztons\u00e1g: A biztons\u00e1gos csapszeg-r\u00f6gz\u00edt\u00e9s biztos\u00edt\u00e1s\u00e1val ez a hidraulikus henger seg\u00edt fenntartani a daru alkatr\u00e9szeinek stabilit\u00e1s\u00e1t m\u0171k\u00f6d\u00e9s k\u00f6zben, cs\u00f6kkentve a balesetek kock\u00e1zat\u00e1t \u00e9s jav\u00edtva a kezel\u0151k \u00e9s a helysz\u00edni szem\u00e9lyzet biztons\u00e1g\u00e1t.<\/li>\n<li>Sokoldal\u00fa alkalmaz\u00e1s: A daruk \u00e9s emel\u0151berendez\u00e9sek sz\u00e9les sk\u00e1l\u00e1j\u00e1hoz alkalmas csapos hidraulikus henger k\u00f6nnyen integr\u00e1lhat\u00f3 a megl\u00e9v\u0151 rendszerekbe, \u00edgy sokoldal\u00fa megold\u00e1st k\u00edn\u00e1l k\u00fcl\u00f6nf\u00e9le emel\u00e9si \u00e9s \u00e9p\u00edt\u00e9si feladatokhoz.<\/li>\n<li>Alacsony karbantart\u00e1si ig\u00e9ny: A hat\u00e9konys\u00e1gra \u00e9s tart\u00f3ss\u00e1gra tervezett hidraulikus henger minim\u00e1lis karbantart\u00e1st ig\u00e9nyel, ami hozz\u00e1j\u00e1rul a cs\u00f6kkentett \u00e1ll\u00e1sid\u0151h\u00f6z \u00e9s a nagyobb termel\u00e9kenys\u00e9ghez.<\/li>\n<\/ul>\n<p>A darucsap hidraulikus hengere kulcsfontoss\u00e1g\u00fa alkatr\u00e9sz, amely n\u00f6veli a daruk teljes\u00edtm\u00e9ny\u00e9t, biztons\u00e1g\u00e1t \u00e9s megb\u00edzhat\u00f3s\u00e1g\u00e1t, \u00edgy n\u00e9lk\u00fcl\u00f6zhetetlen a hat\u00e9kony emel\u00e9si m\u0171veletekhez k\u00fcl\u00f6nf\u00e9le alkalmaz\u00e1sokban.<\/p>\n<h2>Darucsap hidraulikus henger m\u00e9retei:<\/h2>\n<table style=\"width: 100%;\">\n<tbody>\n<tr>\n<td style=\"width: 45.9228%;\"><img loading=\"lazy\" decoding=\"async\" class=\"size-full wp-image-453 aligncenter\" src=\"https:\/\/fmp-components.com\/wp-content\/uploads\/2024\/12\/Crane-Pin-Hydraulic-Cylinder.jpg\" alt=\"Darucsap hidraulikus henger\" width=\"500\" height=\"500\" title=\"\" srcset=\"https:\/\/fmp-components.com\/wp-content\/uploads\/2024\/12\/Crane-Pin-Hydraulic-Cylinder.jpg 500w, https:\/\/fmp-components.com\/wp-content\/uploads\/2024\/12\/Crane-Pin-Hydraulic-Cylinder-480x480.jpg 480w\" sizes=\"(min-width: 0px) and (max-width: 480px) 480px, (min-width: 481px) 500px, 100vw\" \/><\/td>\n<td style=\"width: 53.4335%;\"><img loading=\"lazy\" decoding=\"async\" class=\"alignnone size-full wp-image-454\" src=\"https:\/\/fmp-components.com\/wp-content\/uploads\/2024\/12\/Crane-Pin-Hydraulic-Cylinder-Dimensions-2.webp\" alt=\"Darucsap hidraulikus henger\" width=\"1024\" height=\"690\" title=\"\" srcset=\"https:\/\/fmp-components.com\/wp-content\/uploads\/2024\/12\/Crane-Pin-Hydraulic-Cylinder-Dimensions-2.webp 1024w, https:\/\/fmp-components.com\/wp-content\/uploads\/2024\/12\/Crane-Pin-Hydraulic-Cylinder-Dimensions-2-980x660.webp 980w, https:\/\/fmp-components.com\/wp-content\/uploads\/2024\/12\/Crane-Pin-Hydraulic-Cylinder-Dimensions-2-480x323.webp 480w\" sizes=\"(min-width: 0px) and (max-width: 480px) 480px, (min-width: 481px) and (max-width: 980px) 980px, (min-width: 981px) 1024px, 100vw\" \/><\/td>\n<\/tr>\n<\/tbody>\n<\/table>\n<table style=\"width: 100%; height: 133px;\" border=\"1\" cellspacing=\"0\" cellpadding=\"0\">\n<tbody>\n<tr style=\"height: 71px;\">\n<td style=\"height: 71px;\" width=\"246\">Henger neve<\/td>\n<td style=\"height: 71px;\" width=\"336\">Rajzsz\u00e1m<\/td>\n<td style=\"height: 71px;\" width=\"126\">Furat\u00e1tm\u00e9r\u0151 (D)<\/td>\n<td style=\"height: 71px;\" width=\"123\">R\u00fad \u00e1tm\u00e9r\u0151je (d)<\/td>\n<td style=\"height: 71px;\" width=\"114\">L\u00f6ket (S)<\/td>\n<td style=\"height: 71px;\" width=\"170\">Telep\u00edt\u00e9si t\u00e1vols\u00e1g (L)<\/td>\n<td style=\"height: 71px;\" width=\"172\">\u00dczemi nyom\u00e1s<\/td>\n<td style=\"height: 71px;\" width=\"366\">Interf\u00e9sz m\u00e9retei (M)<\/td>\n<td style=\"height: 71px;\" width=\"96\">S\u00faly<\/td>\n<\/tr>\n<tr style=\"height: 62px;\">\n<td class=\"et3\" style=\"height: 62px;\" width=\"246\" height=\"370\">Csapos hidraulikus henger<\/td>\n<td class=\"et4\" style=\"height: 62px;\" width=\"336\">ZXYG14.01-00<\/td>\n<td class=\"et4\" style=\"height: 62px;\" width=\"126\">\u03a680<\/td>\n<td class=\"et4\" style=\"height: 62px;\" width=\"123\">\u03a640<\/td>\n<td class=\"et4\" style=\"height: 62px;\" width=\"114\">225<\/td>\n<td class=\"et4\" style=\"height: 62px;\" width=\"170\">440<\/td>\n<td class=\"et4\" style=\"height: 62px;\" width=\"172\">25MPa<\/td>\n<td class=\"et4\" style=\"height: 62px;\" width=\"366\">G1\/4<\/td>\n<td class=\"et4\" style=\"height: 62px;\" width=\"96\">97,8 kg<\/td>\n<\/tr>\n<\/tbody>\n<\/table>\n<h2>Darucsap hidraulikus henger param\u00e9tere:<\/h2>\n<table border=\"1\" width=\"100%\" cellspacing=\"0\" cellpadding=\"0\">\n<tbody>\n<tr>\n<td width=\"70\">T\u00e9tel<\/td>\n<td width=\"70\">Le\u00edr\u00e1s<\/td>\n<\/tr>\n<tr>\n<td width=\"70\">Term\u00e9k neve<\/td>\n<td width=\"70\">Egyedi gy\u00e1rt\u00e1s\u00fa hidraulikus henger<\/td>\n<\/tr>\n<tr>\n<td width=\"70\">Bizony\u00edtv\u00e1ny:<\/td>\n<td width=\"70\">ISO9001, ISO4001, ISO 45003<\/td>\n<\/tr>\n<tr>\n<td width=\"70\">Termel\u00e9si kapacit\u00e1s:<\/td>\n<td width=\"70\">1200 000 db \u00e9vente<\/td>\n<\/tr>\n<tr>\n<td width=\"70\">Mintav\u00e9teli id\u0151<\/td>\n<td width=\"70\">A t\u00e9nyleges t\u00edpus alapj\u00e1n<\/td>\n<\/tr>\n<tr>\n<td width=\"70\">M\u00e1rka<\/td>\n<td width=\"70\">FMP vagy az \u00fcgyf\u00e9l log\u00f3ja<\/td>\n<\/tr>\n<tr>\n<td width=\"70\">Szolg\u00e1ltat\u00e1s<\/td>\n<td width=\"70\">OEM \u00e9s ODM<\/td>\n<\/tr>\n<tr>\n<td width=\"70\">T\u00f6m\u00edt\u00e9s m\u00e1rka<\/td>\n<td width=\"70\">Parker, NOK, BUSAK SHAMBAN<\/td>\n<\/tr>\n<tr>\n<td width=\"70\">Sz\u00e1ll\u00edt\u00e1si id\u0151<\/td>\n<td width=\"70\">Rendel\u00e9si mennyis\u00e9g alapj\u00e1n.<\/td>\n<\/tr>\n<tr>\n<td width=\"70\">V\u00e1llalkoz\u00e1st\u00edpus<\/td>\n<td width=\"70\">Gy\u00e1rt\u00f3 \u00e9s export\u0151r<\/td>\n<\/tr>\n<\/tbody>\n<\/table>\n<h2>El\u00e9rhet\u0151 hidraulikus henger M\u00e1rka \u00e9s modell:<\/h2>\n<table border=\"1\" cellspacing=\"0\" cellpadding=\"0\">\n<tbody>\n<tr>\n<td><span data-spm-anchor-id=\"a2700.details.0.i43.45d84a73e99C9z\">KOMATSU (PC)<\/span><\/td>\n<td>PC30, PC40, PC50, PC56, PC60, PC78, PC100, PC110, PC120, PC130, PC160, PC200-3\/5\/6\/7\/8\/8MO, PC210, PC220-5\/6\/7\/8\/8MO, PC240, PC300\/350\/360-5\/6\/7\/8\/8MO, PC400\/450-5\/6\/7\/8\/8MO, PC800, PC850<\/td>\n<\/tr>\n<tr>\n<td>HERNY\u00d3 (E)<\/td>\n<td>E301.5, E302, E305.5, E306, E307V1\/V2\/B\/C\/D\/E\/F, E308B\/C, E120B, E312V1\/V2\/B\/C\/D, E313D2, E312D2, E315D,<br \/>\nE200B,E320V1\/V2\/A\/B\/C\/D,E324D,E325C\/D,E329D,E330\/336C\/D,E345C,E349D,E365C,E374,E390<\/td>\n<\/tr>\n<tr>\n<td>KOBELCO (SK)<\/td>\n<td>SK60-3\/5\/8,SK75-8\/SR, SK100 ,SK120-3\/5, SK135-8\/SR, SK140-8, SK200-3\/5\/6\/6E, SK210-3\/5\/6\/6E,<br \/>\nSK230\/250-6E,SK250-8,SK260-8,SK350-8\/S8,SK460\/480-8<\/td>\n<\/tr>\n<tr>\n<td>HYUNDAI (R)<\/td>\n<td>R55-5\/7, R60-5\/7, R80, R110, R130, R200-5, R210-5, R215-5\/7, R220-5\/7\/9, R225-5\/7\/9, R250, R260, R265, R290, R305, R445, R485, R505<\/td>\n<\/tr>\n<tr>\n<td><span data-spm-anchor-id=\"a2700.details.0.i53.45d84a73e99C9z\">HITACHI (EX.ZX)<\/span><\/td>\n<td>EX60, EX100-1\/2\/3, EX120-1\/3\/5\/6, EX200-1\/3\/5, EX230-5, EX300-1, EX400<br \/>\nZAX60,ZAX70,ZA120-6,ZAX200\/210-1\/3\/5\/5K,ZAX240,ZAX250,ZAX260,ZAX330-3\/5\/6,ZAX450\/470,ZAX650\/670,ZAX850\/870<\/td>\n<\/tr>\n<tr>\n<td>\n<div class=\"magic-32\"><span data-spm-anchor-id=\"a2700.details.0.i55.45d84a73e99C9z\">DOOSAN (DH\/DX)<\/span><\/div>\n<\/td>\n<td>\n<div class=\"magic-33\"><span class=\"magic-34\">DH55, DH60, DH80, DH150, DH215-5\/7, DH220-5, DH225-5\/7, DH258, DH300-5\/7, DH370, DH420, DH500<br \/>\nDX55, DX60, DX75, DX130, DX225-9, DX300, DX380, DX420, DX500<\/span><\/div>\n<\/td>\n<\/tr>\n<tr>\n<td>\n<div class=\"magic-32\">VOLVO (EC)<\/div>\n<\/td>\n<td>\n<div class=\"magic-33\"><span class=\"magic-34\">EC55, EC60, EC75, EC80, EC140, EC210B\/D, EC220D, EC240, EC250, EC290, EC300, EC360 EC380, EC460, EC480, EC700, EC750, EC950<\/span><\/div>\n<\/td>\n<\/tr>\n<tr>\n<td>\n<div class=\"magic-32\">KATO (HD)<\/div>\n<\/td>\n<td>\n<div class=\"magic-33\"><span class=\"magic-34\">HD307\/308, HD450, HD512, HD700-5\/7, HD820-1\/2\/3\/5\/R, HD1023-1\/3, HD1430-1\/3<\/span><\/div>\n<\/td>\n<\/tr>\n<tr>\n<td>\n<div class=\"magic-32\">EGY\u00c9B M\u00c1RKA<\/div>\n<\/td>\n<td>\n<div class=\"magic-33\"><span class=\"magic-34\">XCMG,LIUGONG,KUBOTA,CASE,YANMAR,SUNWARD,ZOOMLION,LISHIDE,LIEHERR<\/span><\/div>\n<\/td>\n<\/tr>\n<\/tbody>\n<\/table>\n<h3>A darucsapos hidraulikus henger el\u0151nyei<\/h3>\n<h4>1. Pontos elk\u00f6telez\u0151d\u00e9s \u00e9s elt\u00e1volod\u00e1s<\/h4>\n<p>A darucsap-hidraulikus munkahenger lehet\u0151v\u00e9 teszi a csapok be- \u00e9s kiold\u00e1s\u00e1nak pontos vez\u00e9rl\u00e9s\u00e9t, biztos\u00edtva, hogy a daru alkatr\u00e9szei biztons\u00e1gosan r\u00f6gz\u00edtve legyenek m\u0171k\u00f6d\u00e9s k\u00f6zben. Ez a prec\u00edzi\u00f3 n\u00f6veli a biztons\u00e1got \u00e9s a m\u0171k\u00f6d\u00e9si hat\u00e9konys\u00e1got.<\/p>\n<h4>2. Fokozott stabilit\u00e1s<\/h4>\n<p>Megb\u00edzhat\u00f3 reteszel\u0151 mechanizmusok biztos\u00edt\u00e1s\u00e1val ez a hidraulikus henger biztos\u00edtja, hogy a daru alkatr\u00e9szei stabilak maradjanak emel\u00e9si m\u0171veletek k\u00f6zben. Ez a stabilit\u00e1s cs\u00f6kkenti a balesetek kock\u00e1zat\u00e1t, \u00e9s jav\u00edtja a kezel\u0151k \u00e9s a k\u00f6rnyez\u0151 szem\u00e9lyzet \u00e1ltal\u00e1nos biztons\u00e1g\u00e1t.<\/p>\n<h4>3. Tart\u00f3s konstrukci\u00f3<\/h4>\n<p>A nagy szil\u00e1rds\u00e1g\u00fa anyagokb\u00f3l k\u00e9sz\u00fclt darucsap-hidraulikus hengert \u00fagy tervezt\u00e9k, hogy ellen\u00e1lljon az \u00e9p\u00edt\u00e9si \u00e9s neh\u00e9z emel\u00e9si k\u00f6r\u00fclm\u00e9nyeknek. Robusztus kialak\u00edt\u00e1sa hossz\u00fa t\u00e1v\u00fa tart\u00f3ss\u00e1got \u00e9s megb\u00edzhat\u00f3s\u00e1got biztos\u00edt zord k\u00f6rnyezetben.<\/p>\n<h4>4. Z\u00f6kken\u0151mentes m\u0171k\u00f6d\u00e9s<\/h4>\n<p>A fejlett hidraulikus rendszer sima \u00e9s kontroll\u00e1lt mozg\u00e1sokat tesz lehet\u0151v\u00e9, lehet\u0151v\u00e9 t\u00e9ve a gyors be\u00e1ll\u00edt\u00e1sokat. Ez a hat\u00e9konys\u00e1g n\u00f6veli a daru teljes\u00edtm\u00e9ny\u00e9t, \u00e9s gyorsabb ciklusid\u0151ket tesz lehet\u0151v\u00e9 a m\u0171veletek sor\u00e1n.<\/p>\n<h4>5. Sokoldal\u00fa alkalmaz\u00e1s<\/h4>\n<p>Ez a hidraulikus henger sz\u00e1mos darut\u00edpushoz \u00e9s emel\u0151berendez\u00e9shez alkalmas, \u00edgy sokoldal\u00fa megold\u00e1st k\u00edn\u00e1l k\u00fcl\u00f6nf\u00e9le alkalmaz\u00e1sokhoz az \u00e9p\u00edt\u0151iparban, a karbantart\u00e1sban \u00e9s az ipari k\u00f6rnyezetben.<\/p>\n<h4>6. Alacsony karbantart\u00e1si ig\u00e9ny<\/h4>\n<p>A kialak\u00edt\u00e1s minimaliz\u00e1lja a kop\u00e1st, ami cs\u00f6kkenti a karbantart\u00e1si ig\u00e9nyt. Ez alacsonyabb \u00fczemeltet\u00e9si k\u00f6lts\u00e9geket \u00e9s kevesebb \u00e1ll\u00e1sid\u0151t eredm\u00e9nyez, hozz\u00e1j\u00e1rulva az \u00e1ltal\u00e1nos termel\u00e9kenys\u00e9ghez.<\/p>\n<h4>7. Energiahat\u00e9konys\u00e1g<\/h4>\n<p>A hidraulikus rendszer energiafelhaszn\u00e1l\u00e1sra van optimaliz\u00e1lva, cs\u00f6kkentve az energiafogyaszt\u00e1st \u00fczem k\u00f6zben. Ez a hat\u00e9konys\u00e1g nemcsak az \u00fczemeltet\u00e9si k\u00f6lts\u00e9geket cs\u00f6kkenti, hanem a k\u00f6rnyezetbar\u00e1t emel\u00e9si gyakorlatokat is t\u00e1mogatja.<\/p>\n<p>A darucsap hidraulikus henger sz\u00e1mos el\u0151nnyel rendelkezik, bele\u00e9rtve a prec\u00edz vez\u00e9rl\u00e9st, a fokozott stabilit\u00e1st \u00e9s a tart\u00f3ss\u00e1got, \u00edgy n\u00e9lk\u00fcl\u00f6zhetetlen alkatr\u00e9sz a hat\u00e9kony \u00e9s megb\u00edzhat\u00f3 darum\u0171veletekhez k\u00fcl\u00f6nf\u00e9le alkalmaz\u00e1sokban.<\/p>\n<p><img loading=\"lazy\" decoding=\"async\" class=\"alignnone size-full wp-image-447\" src=\"https:\/\/fmp-components.com\/wp-content\/uploads\/2024\/12\/Crane.webp\" alt=\"Daru\" width=\"1234\" height=\"822\" title=\"\" srcset=\"https:\/\/fmp-components.com\/wp-content\/uploads\/2024\/12\/Crane.webp 1234w, https:\/\/fmp-components.com\/wp-content\/uploads\/2024\/12\/Crane-980x653.webp 980w, https:\/\/fmp-components.com\/wp-content\/uploads\/2024\/12\/Crane-480x320.webp 480w\" sizes=\"(min-width: 0px) and (max-width: 480px) 480px, (min-width: 481px) and (max-width: 980px) 980px, (min-width: 981px) 1234px, 100vw\" \/><\/p>\n<h2>Az FMP-r\u0151l<\/h2>\n<p>Az FMP egy speci\u00e1lis g\u00e9pgy\u00e1rt\u00f3 v\u00e1llalat, amely hidraulikus hengerek gy\u00e1rt\u00e1s\u00e1ra specializ\u00e1l\u00f3dott. Megalakul\u00e1sa \u00f3ta a v\u00e1llalat a hidraulikus technol\u00f3gia kutat\u00e1s\u00e1ra \u00e9s gy\u00e1rt\u00e1s\u00e1ra \u00f6sszpontos\u00edt, \u00e9s sikeresen \u00e1tt\u00e9rt a soksz\u00edn\u0171 term\u00e9kk\u00edn\u00e1latr\u00f3l, amely mag\u00e1ban foglalta a betakar\u00edt\u00f3 \u00e9s \u00e9p\u00edt\u0151ipari g\u00e9peket, a mez\u0151gazdas\u00e1gi traktoralkatr\u00e9szekre specializ\u00e1l\u00f3d\u00e1sra. T\u00f6bb mint egy \u00e9vtizedes gy\u00e1rt\u00e1si \u00e9s ir\u00e1ny\u00edt\u00e1si tapasztalattal az FMP fejlett gy\u00e1rt\u00e1si technik\u00e1kkal biztos\u00edtja a kiv\u00e1l\u00f3 min\u0151s\u00e9g\u0171 term\u00e9keket.<\/p>\n<p>A v\u00e1llalat fejl\u0151d\u00e9s\u00e9vel \u00e1tfog\u00f3 megmunk\u00e1l\u00f3 gy\u00e1rt\u00f3sort, \u00f6sszeszerel\u0151 sort \u00e9s bevon\u00f3sort fejlesztett ki. Csapatunk k\u00e9pzett vezet\u0151kb\u0151l, tapasztalt g\u00e9p\u00e9sztervez\u0151kb\u0151l \u00e9s magasan k\u00e9pzett technikusokb\u00f3l \u00e1ll, akik egy\u00fcttm\u0171k\u00f6dve biztos\u00edtj\u00e1k a stabil termel\u00e9si min\u0151s\u00e9get, mik\u00f6zben hat\u00e9konyan ellen\u0151rzik a folyamatok folytonoss\u00e1g\u00e1t \u00e9s hat\u00e9konys\u00e1g\u00e1t.<\/p>\n<p>Az FMP a k\u00f6vetkez\u0151 filoz\u00f3fi\u00e1t vallja: \u201eA technol\u00f3giai innov\u00e1ci\u00f3 hajtja a fejl\u0151d\u00e9st, a min\u0151s\u00e9g teremti a m\u00e1rk\u00e1kat, a szak\u00e9rtelem garant\u00e1lja a min\u0151s\u00e9get, \u00e9s hossz\u00fa t\u00e1v\u00fa, mindenki sz\u00e1m\u00e1ra el\u0151ny\u00f6s kapcsolatokat \u00e9p\u00edt.\u201d Elk\u00f6telezetts\u00e9g\u00fcnk a kiv\u00e1l\u00f3 min\u0151s\u00e9g\u0171 term\u00e9kek \u00e9s a kiv\u00e1l\u00f3 \u00fcgyf\u00e9lszolg\u00e1lat ir\u00e1nt tov\u00e1bbra is alapvet\u0151 c\u00e9lunk, mik\u00f6zben folyamatosan megfelel\u00fcnk a piac v\u00e1ltoz\u00f3 ig\u00e9nyeinek.<\/p>\n<p><img loading=\"lazy\" decoding=\"async\" class=\"alignnone size-full wp-image-426\" src=\"https:\/\/fmp-components.com\/wp-content\/uploads\/2024\/12\/Sanitation-Machinery-Locking-Hydraulic-Cylinder-factory.webp\" sizes=\"(min-width: 0px) and (max-width: 480px) 480px, (min-width: 481px) and (max-width: 980px) 980px, (min-width: 981px) and (max-width: 1280px) 1280px, (min-width: 1281px) 1414px, 100vw\" srcset=\"https:\/\/fmp-components.com\/wp-content\/uploads\/2024\/12\/Sanitation-Machinery-Locking-Hydraulic-Cylinder-factory.webp 1414w, https:\/\/fmp-components.com\/wp-content\/uploads\/2024\/12\/Sanitation-Machinery-Locking-Hydraulic-Cylinder-factory-1280x529.webp 1280w, https:\/\/fmp-components.com\/wp-content\/uploads\/2024\/12\/Sanitation-Machinery-Locking-Hydraulic-Cylinder-factory-980x405.webp 980w, https:\/\/fmp-components.com\/wp-content\/uploads\/2024\/12\/Sanitation-Machinery-Locking-Hydraulic-Cylinder-factory-480x198.webp 480w\" alt=\"Higi\u00e9niai-G\u00e9p-Z\u00e1r\u00f3-Hidraulikus-Henger-gy\u00e1r\" width=\"1414\" height=\"584\" title=\"\"><\/p>\n<p>Szerz\u0151: CX<\/p>","protected":false},"excerpt":{"rendered":"<p>A darucsap-hidraulikus henger egy l\u00e9tfontoss\u00e1g\u00fa alkatr\u00e9sz, amelyet a csapok pontos mozgat\u00e1s\u00e1nak \u00e9s r\u00f6gz\u00edt\u00e9s\u00e9nek megk\u00f6nny\u00edt\u00e9s\u00e9re terveztek darualkalmaz\u00e1sokban. Ez a hidraulikus henger megb\u00edzhat\u00f3 er\u0151t biztos\u00edt a csapok be- \u00e9s kiold\u00e1s\u00e1hoz, amelyek r\u00f6gz\u00edtik a k\u00fcl\u00f6nb\u00f6z\u0151 darualkatr\u00e9szeket, biztos\u00edtva a stabilit\u00e1st \u00e9s a biztons\u00e1got emel\u00e9si m\u0171veletek sor\u00e1n. Tart\u00f3sra tervezve, nagy szil\u00e1rds\u00e1g\u00fa anyagokb\u00f3l k\u00e9sz\u00fclt, hogy ellen\u00e1lljon az \u00e9p\u00edt\u00e9si k\u00f6rnyezet szigor\u00fa k\u00f6vetelm\u00e9nyeinek. A hat\u00e9kony hidraulikus rendszer lehet\u0151v\u00e9 teszi a sima \u00e9s szab\u00e1lyozott m\u0171k\u00f6d\u00e9st, lehet\u0151v\u00e9 t\u00e9ve a gyors be\u00e1ll\u00edt\u00e1sokat \u00e9s jav\u00edtva a daru \u00e1ltal\u00e1nos funkcionalit\u00e1s\u00e1t. Ez az alapvet\u0151 henger kulcsfontoss\u00e1g\u00fa szerepet j\u00e1tszik a daru teljes\u00edtm\u00e9ny\u00e9nek optimaliz\u00e1l\u00e1s\u00e1ban \u00e9s a neh\u00e9z terhek biztons\u00e1gos kezel\u00e9s\u00e9ben.<\/p>","protected":false},"featured_media":453,"comment_status":"open","ping_status":"closed","template":"","meta":{"_et_pb_use_builder":"","_et_pb_old_content":"","_et_gb_content_width":""},"product_brand":[],"product_cat":[24],"product_tag":[],"class_list":{"0":"post-452","1":"product","2":"type-product","3":"status-publish","4":"has-post-thumbnail","6":"product_cat-construction-machinery-hydraulic-cylinders","8":"first","9":"instock","10":"shipping-taxable","11":"product-type-simple"},"_links":{"self":[{"href":"https:\/\/fmp-components.com\/hu\/wp-json\/wp\/v2\/product\/452","targetHints":{"allow":["GET"]}}],"collection":[{"href":"https:\/\/fmp-components.com\/hu\/wp-json\/wp\/v2\/product"}],"about":[{"href":"https:\/\/fmp-components.com\/hu\/wp-json\/wp\/v2\/types\/product"}],"replies":[{"embeddable":true,"href":"https:\/\/fmp-components.com\/hu\/wp-json\/wp\/v2\/comments?post=452"}],"wp:featuredmedia":[{"embeddable":true,"href":"https:\/\/fmp-components.com\/hu\/wp-json\/wp\/v2\/media\/453"}],"wp:attachment":[{"href":"https:\/\/fmp-components.com\/hu\/wp-json\/wp\/v2\/media?parent=452"}],"wp:term":[{"taxonomy":"product_brand","embeddable":true,"href":"https:\/\/fmp-components.com\/hu\/wp-json\/wp\/v2\/product_brand?post=452"},{"taxonomy":"product_cat","embeddable":true,"href":"https:\/\/fmp-components.com\/hu\/wp-json\/wp\/v2\/product_cat?post=452"},{"taxonomy":"product_tag","embeddable":true,"href":"https:\/\/fmp-components.com\/hu\/wp-json\/wp\/v2\/product_tag?post=452"}],"curies":[{"name":"munkaf\u00fczet","href":"https:\/\/api.w.org\/{rel}","templated":true}]}}