{"id":448,"date":"2024-12-10T06:59:17","date_gmt":"2024-12-10T06:59:17","guid":{"rendered":"https:\/\/fmp-components.com\/?page_id=8"},"modified":"2024-12-10T07:23:25","modified_gmt":"2024-12-10T07:23:25","slug":"crane-luffing-hydraulic-cylinder","status":"publish","type":"product","link":"https:\/\/fmp-components.com\/hu\/product\/crane-luffing-hydraulic-cylinder\/","title":{"rendered":"Daru emel\u0151 hidraulikus henger"},"content":{"rendered":"<p style=\"text-align: center;\"><span style=\"font-size: 18pt;\">Daru emel\u0151 hidraulikus henger<\/span><\/p>\n<p>A daru g\u00e9m emel\u0151hengere egy alapvet\u0151 alkatr\u00e9sz, amely a daru g\u00e9m emel\u0151mozg\u00e1s\u00e1nak megk\u00f6nny\u00edt\u00e9s\u00e9re szolg\u00e1l, lehet\u0151v\u00e9 t\u00e9ve a sz\u00f6g pontos be\u00e1ll\u00edt\u00e1s\u00e1t az optim\u00e1lis teherkezel\u00e9s \u00e9rdek\u00e9ben. Ez a hidraulikus henger sima \u00e9s szab\u00e1lyozott mozg\u00e1st biztos\u00edt, ami kritikus fontoss\u00e1g\u00fa a biztons\u00e1gos \u00e9s hat\u00e9kony emel\u00e9si m\u0171veletekhez.<\/p>\n<p><img loading=\"lazy\" decoding=\"async\" class=\"size-full wp-image-449 aligncenter\" src=\"https:\/\/fmp-components.com\/wp-content\/uploads\/2024\/12\/Crane-Luffing-Hydraulic-Cylinder.webp\" alt=\"Daru emel\u0151 hidraulikus henger\" width=\"500\" height=\"500\" title=\"\" srcset=\"https:\/\/fmp-components.com\/wp-content\/uploads\/2024\/12\/Crane-Luffing-Hydraulic-Cylinder.webp 500w, https:\/\/fmp-components.com\/wp-content\/uploads\/2024\/12\/Crane-Luffing-Hydraulic-Cylinder-480x480.webp 480w\" sizes=\"(min-width: 0px) and (max-width: 480px) 480px, (min-width: 481px) 500px, 100vw\" \/><\/p>\n<h4>F\u0151bb jellemz\u0151k:<\/h4>\n<ul>\n<li>Robusztus konstrukci\u00f3: Nagy szil\u00e1rds\u00e1g\u00fa anyagokb\u00f3l k\u00e9sz\u00fclt, a billen\u0151 hidraulikus henger \u00fagy van kialak\u00edtva, hogy ellen\u00e1lljon az \u00e9p\u00edt\u0151ipar \u00e9s az ipari k\u00f6rnyezet kih\u00edv\u00e1st jelent\u0151 k\u00f6r\u00fclm\u00e9nyeinek, biztos\u00edtva a hossz\u00fa t\u00e1v\u00fa tart\u00f3ss\u00e1got \u00e9s megb\u00edzhat\u00f3s\u00e1got.<\/li>\n<li>Sima m\u0171k\u00f6d\u00e9s: A fejlett hidraulikus rendszer folyamatos \u00e9s \u00e9rz\u00e9keny mozg\u00e1sokat tesz lehet\u0151v\u00e9, lehet\u0151v\u00e9 t\u00e9ve a kezel\u0151k sz\u00e1m\u00e1ra a g\u00e9m sz\u00f6g\u00e9nek gyors \u00e9s pontos be\u00e1ll\u00edt\u00e1s\u00e1t, n\u00f6velve az \u00e1ltal\u00e1nos m\u0171k\u00f6d\u00e9si hat\u00e9konys\u00e1got.<\/li>\n<li>Fokozott biztons\u00e1g: A g\u00e9m billen\u00e9s\u00e9nek prec\u00edz szab\u00e1lyoz\u00e1s\u00e1val ez a hidraulikus henger seg\u00edt fenntartani a stabilit\u00e1st emel\u00e9si m\u0171veletek k\u00f6zben, cs\u00f6kkentve a balesetek kock\u00e1zat\u00e1t \u00e9s biztos\u00edtva a neh\u00e9z terhek biztons\u00e1gos kezel\u00e9s\u00e9t.<\/li>\n<li>Sokoldal\u00fa alkalmaz\u00e1s: A billen\u0151 hidraulikus henger k\u00fcl\u00f6nf\u00e9le darukhoz, bele\u00e9rtve a toronydarukat \u00e9s a mobildarukat is, k\u00f6nnyen integr\u00e1lhat\u00f3 a megl\u00e9v\u0151 darurendszerekbe, \u00edgy sokoldal\u00fa megold\u00e1st k\u00edn\u00e1l k\u00fcl\u00f6nf\u00e9le emel\u00e9si alkalmaz\u00e1sokhoz.<\/li>\n<li>Alacsony karbantart\u00e1si ig\u00e9ny: A hat\u00e9konys\u00e1gra \u00e9s tart\u00f3ss\u00e1gra tervezett hidraulikus henger minim\u00e1lis karbantart\u00e1st ig\u00e9nyel, ami cs\u00f6kkenti az \u00e1ll\u00e1sid\u0151t \u00e9s n\u00f6veli a termel\u00e9kenys\u00e9get.<\/li>\n<\/ul>\n<p>A daru emel\u0151hidraulikus hengere l\u00e9tfontoss\u00e1g\u00fa alkatr\u00e9sz, amely a prec\u00edz emel\u0151mozg\u00e1sok lehet\u0151v\u00e9 t\u00e9tel\u00e9vel jav\u00edtja a daruk teljes\u00edtm\u00e9ny\u00e9t \u00e9s biztons\u00e1g\u00e1t, n\u00e9lk\u00fcl\u00f6zhetetlenn\u00e9 t\u00e9ve a hat\u00e9kony emel\u00e9si m\u0171veletekhez k\u00fcl\u00f6nf\u00e9le alkalmaz\u00e1sokban.<\/p>\n<h2>Daru emel\u0151 hidraulikus henger m\u00e9retei:<\/h2>\n<table style=\"width: 100%; height: 257px;\">\n<tbody>\n<tr style=\"height: 257px;\">\n<td style=\"width: 50.6438%; height: 257px;\">\n<h2><img loading=\"lazy\" decoding=\"async\" class=\"wp-image-449 aligncenter\" src=\"https:\/\/fmp-components.com\/wp-content\/uploads\/2024\/12\/Crane-Luffing-Hydraulic-Cylinder.webp\" alt=\"Daru emel\u0151 hidraulikus henger\" width=\"302\" height=\"302\" title=\"\"><\/h2>\n<\/td>\n<td style=\"width: 48.7124%; height: 257px;\">\n<h2><img loading=\"lazy\" decoding=\"async\" class=\"alignnone size-full wp-image-450\" src=\"https:\/\/fmp-components.com\/wp-content\/uploads\/2024\/12\/Crane-Luffing-Hydraulic-Cylinder-Dimensions-2.webp\" alt=\"Daru emel\u0151 hidraulikus henger\" width=\"980\" height=\"495\" title=\"\" srcset=\"https:\/\/fmp-components.com\/wp-content\/uploads\/2024\/12\/Crane-Luffing-Hydraulic-Cylinder-Dimensions-2.webp 980w, https:\/\/fmp-components.com\/wp-content\/uploads\/2024\/12\/Crane-Luffing-Hydraulic-Cylinder-Dimensions-2-480x242.webp 480w\" sizes=\"(min-width: 0px) and (max-width: 480px) 480px, (min-width: 481px) 980px, 100vw\" \/><\/h2>\n<\/td>\n<\/tr>\n<\/tbody>\n<\/table>\n<table style=\"width: 100%; height: 137px;\" border=\"1\" cellspacing=\"0\" cellpadding=\"0\">\n<tbody>\n<tr style=\"height: 71px;\">\n<td style=\"height: 71px;\" width=\"246\">Henger neve<\/td>\n<td style=\"height: 71px;\" width=\"336\">Rajzsz\u00e1m<\/td>\n<td style=\"height: 71px;\" width=\"126\">Furat\u00e1tm\u00e9r\u0151 (D)<\/td>\n<td style=\"height: 71px;\" width=\"123\">R\u00fad \u00e1tm\u00e9r\u0151je (d)<\/td>\n<td style=\"height: 71px;\" width=\"114\">L\u00f6ket (S)<\/td>\n<td style=\"height: 71px;\" width=\"170\">Telep\u00edt\u00e9si t\u00e1vols\u00e1g (L)<\/td>\n<td style=\"height: 71px;\" width=\"172\">\u00dczemi nyom\u00e1s<\/td>\n<td style=\"height: 71px;\" width=\"366\">Interf\u00e9sz m\u00e9retei (M)<\/td>\n<td style=\"height: 71px;\" width=\"96\">S\u00faly<\/td>\n<\/tr>\n<tr style=\"height: 66px;\">\n<td class=\"et3\" style=\"height: 66px;\" width=\"246\" height=\"405\">Hidraulikus henger emel\u00e9se<\/td>\n<td class=\"et4\" style=\"height: 66px;\" width=\"336\">ZXSTC1000S.2.5-00<\/td>\n<td class=\"et4\" style=\"height: 66px;\" width=\"126\">\u03a6320<\/td>\n<td class=\"et4\" style=\"height: 66px;\" width=\"123\">\u03a6280<\/td>\n<td class=\"et4\" style=\"height: 66px;\" width=\"114\">4000<\/td>\n<td class=\"et4\" style=\"height: 66px;\" width=\"170\">4750<\/td>\n<td class=\"et4\" style=\"height: 66px;\" width=\"172\">32MPa<\/td>\n<td class=\"et4\" style=\"height: 66px;\" width=\"366\">2-M27*2;4-G1\/4<\/td>\n<td class=\"et4\" style=\"height: 66px;\" width=\"96\">1522 kg<\/td>\n<\/tr>\n<\/tbody>\n<\/table>\n<h2>Daru emel\u0151 hidraulikus henger param\u00e9tere:<\/h2>\n<table border=\"1\" width=\"100%\" cellspacing=\"0\" cellpadding=\"0\">\n<tbody>\n<tr>\n<td width=\"70\">T\u00e9tel<\/td>\n<td width=\"70\">Le\u00edr\u00e1s<\/td>\n<\/tr>\n<tr>\n<td width=\"70\">Term\u00e9k neve<\/td>\n<td width=\"70\">Egyedi gy\u00e1rt\u00e1s\u00fa hidraulikus henger<\/td>\n<\/tr>\n<tr>\n<td width=\"70\">Bizony\u00edtv\u00e1ny:<\/td>\n<td width=\"70\">ISO9001, ISO4001, ISO 45003<\/td>\n<\/tr>\n<tr>\n<td width=\"70\">Termel\u00e9si kapacit\u00e1s:<\/td>\n<td width=\"70\">1200 000 db \u00e9vente<\/td>\n<\/tr>\n<tr>\n<td width=\"70\">Mintav\u00e9teli id\u0151<\/td>\n<td width=\"70\">A t\u00e9nyleges t\u00edpus alapj\u00e1n<\/td>\n<\/tr>\n<tr>\n<td width=\"70\">M\u00e1rka<\/td>\n<td width=\"70\">FMP vagy az \u00fcgyf\u00e9l log\u00f3ja<\/td>\n<\/tr>\n<tr>\n<td width=\"70\">Szolg\u00e1ltat\u00e1s<\/td>\n<td width=\"70\">OEM \u00e9s ODM<\/td>\n<\/tr>\n<tr>\n<td width=\"70\">T\u00f6m\u00edt\u00e9s m\u00e1rka<\/td>\n<td width=\"70\">Parker, NOK, BUSAK SHAMBAN<\/td>\n<\/tr>\n<tr>\n<td width=\"70\">Sz\u00e1ll\u00edt\u00e1si id\u0151<\/td>\n<td width=\"70\">Rendel\u00e9si mennyis\u00e9g alapj\u00e1n.<\/td>\n<\/tr>\n<tr>\n<td width=\"70\">V\u00e1llalkoz\u00e1st\u00edpus<\/td>\n<td width=\"70\">Gy\u00e1rt\u00f3 \u00e9s export\u0151r<\/td>\n<\/tr>\n<\/tbody>\n<\/table>\n<h2>El\u00e9rhet\u0151 hidraulikus henger M\u00e1rka \u00e9s modell:<\/h2>\n<table border=\"1\" cellspacing=\"0\" cellpadding=\"0\">\n<tbody>\n<tr>\n<td><span data-spm-anchor-id=\"a2700.details.0.i43.45d84a73e99C9z\">KOMATSU (PC)<\/span><\/td>\n<td>PC30, PC40, PC50, PC56, PC60, PC78, PC100, PC110, PC120, PC130, PC160, PC200-3\/5\/6\/7\/8\/8MO, PC210, PC220-5\/6\/7\/8\/8MO, PC240, PC300\/350\/360-5\/6\/7\/8\/8MO, PC400\/450-5\/6\/7\/8\/8MO, PC800, PC850<\/td>\n<\/tr>\n<tr>\n<td>HERNY\u00d3 (E)<\/td>\n<td>E301.5, E302, E305.5, E306, E307V1\/V2\/B\/C\/D\/E\/F, E308B\/C, E120B, E312V1\/V2\/B\/C\/D, E313D2, E312D2, E315D,<br \/>\nE200B,E320V1\/V2\/A\/B\/C\/D,E324D,E325C\/D,E329D,E330\/336C\/D,E345C,E349D,E365C,E374,E390<\/td>\n<\/tr>\n<tr>\n<td>KOBELCO (SK)<\/td>\n<td>SK60-3\/5\/8,SK75-8\/SR, SK100 ,SK120-3\/5, SK135-8\/SR, SK140-8, SK200-3\/5\/6\/6E, SK210-3\/5\/6\/6E,<br \/>\nSK230\/250-6E,SK250-8,SK260-8,SK350-8\/S8,SK460\/480-8<\/td>\n<\/tr>\n<tr>\n<td>HYUNDAI (R)<\/td>\n<td>R55-5\/7, R60-5\/7, R80, R110, R130, R200-5, R210-5, R215-5\/7, R220-5\/7\/9, R225-5\/7\/9, R250, R260, R265, R290, R305, R445, R485, R505<\/td>\n<\/tr>\n<tr>\n<td><span data-spm-anchor-id=\"a2700.details.0.i53.45d84a73e99C9z\">HITACHI (EX.ZX)<\/span><\/td>\n<td>EX60, EX100-1\/2\/3, EX120-1\/3\/5\/6, EX200-1\/3\/5, EX230-5, EX300-1, EX400<br \/>\nZAX60,ZAX70,ZA120-6,ZAX200\/210-1\/3\/5\/5K,ZAX240,ZAX250,ZAX260,ZAX330-3\/5\/6,ZAX450\/470,ZAX650\/670,ZAX850\/870<\/td>\n<\/tr>\n<tr>\n<td>\n<div class=\"magic-32\"><span data-spm-anchor-id=\"a2700.details.0.i55.45d84a73e99C9z\">DOOSAN (DH\/DX)<\/span><\/div>\n<\/td>\n<td>\n<div class=\"magic-33\"><span class=\"magic-34\">DH55, DH60, DH80, DH150, DH215-5\/7, DH220-5, DH225-5\/7, DH258, DH300-5\/7, DH370, DH420, DH500<br \/>\nDX55, DX60, DX75, DX130, DX225-9, DX300, DX380, DX420, DX500<\/span><\/div>\n<\/td>\n<\/tr>\n<tr>\n<td>\n<div class=\"magic-32\">VOLVO (EC)<\/div>\n<\/td>\n<td>\n<div class=\"magic-33\"><span class=\"magic-34\">EC55, EC60, EC75, EC80, EC140, EC210B\/D, EC220D, EC240, EC250, EC290, EC300, EC360 EC380, EC460, EC480, EC700, EC750, EC950<\/span><\/div>\n<\/td>\n<\/tr>\n<tr>\n<td>\n<div class=\"magic-32\">KATO (HD)<\/div>\n<\/td>\n<td>\n<div class=\"magic-33\"><span class=\"magic-34\">HD307\/308, HD450, HD512, HD700-5\/7, HD820-1\/2\/3\/5\/R, HD1023-1\/3, HD1430-1\/3<\/span><\/div>\n<\/td>\n<\/tr>\n<tr>\n<td>\n<div class=\"magic-32\">EGY\u00c9B M\u00c1RKA<\/div>\n<\/td>\n<td>\n<div class=\"magic-33\"><span class=\"magic-34\">XCMG,LIUGONG,KUBOTA,CASE,YANMAR,SUNWARD,ZOOMLION,LISHIDE,LIEHERR<\/span><\/div>\n<\/td>\n<\/tr>\n<\/tbody>\n<\/table>\n<h3>A daru emel\u0151 hidraulikus henger el\u0151nyei<\/h3>\n<h4>1. Prec\u00edz vez\u00e9rl\u00e9s<\/h4>\n<p>A daru emel\u0151hidraulikus hengere prec\u00edz szab\u00e1lyoz\u00e1st biztos\u00edt a kezel\u0151k sz\u00e1m\u00e1ra a g\u00e9m sz\u00f6ge felett, lehet\u0151v\u00e9 t\u00e9ve a terhek pontos pozicion\u00e1l\u00e1s\u00e1t. Ez a pontoss\u00e1g kulcsfontoss\u00e1g\u00fa a biztons\u00e1gos \u00e9s hat\u00e9kony emel\u00e9si m\u0171veletekhez, k\u00fcl\u00f6n\u00f6sen sz\u0171k vagy \u00f6sszetett munkak\u00f6rnyezetben.<\/p>\n<h4>2. Fokozott biztons\u00e1g<\/h4>\n<p>A sima \u00e9s kontroll\u00e1lt billen\u0151mozg\u00e1sok lehet\u0151v\u00e9 t\u00e9tel\u00e9vel ez a hidraulikus henger seg\u00edt fenntartani a daru stabilit\u00e1s\u00e1t m\u0171k\u00f6d\u00e9s k\u00f6zben. Ez cs\u00f6kkenti a balesetek kock\u00e1zat\u00e1t, biztos\u00edtva mind a kezel\u0151k, mind a k\u00f6zelben tart\u00f3zkod\u00f3 szem\u00e9lyzet biztons\u00e1g\u00e1t.<\/p>\n<h4>3. Robusztus tart\u00f3ss\u00e1g<\/h4>\n<p>A nagy szil\u00e1rds\u00e1g\u00fa anyagokb\u00f3l k\u00e9sz\u00fclt billen\u0151 hidraulikus hengert \u00fagy tervezt\u00e9k, hogy ellen\u00e1lljon az \u00e9p\u00edt\u0151iparban \u00e9s az ipari k\u00f6rnyezetben jellemz\u0151 neh\u00e9z k\u00f6r\u00fclm\u00e9nyeknek. Tart\u00f3ss\u00e1ga hossz\u00fa \u00e9lettartamot biztos\u00edt, minimaliz\u00e1lva a gyakori cser\u00e9k sz\u00fcks\u00e9gess\u00e9g\u00e9t.<\/p>\n<h4>4. Jav\u00edtott m\u0171k\u00f6d\u00e9si hat\u00e9konys\u00e1g<\/h4>\n<p>A fejlett hidraulikus rendszer lehet\u0151v\u00e9 teszi a g\u00e9m sz\u00f6g\u00e9nek gyors \u00e9s \u00e9rz\u00e9keny be\u00e1ll\u00edt\u00e1s\u00e1t, n\u00f6velve az \u00e1ltal\u00e1nos m\u0171k\u00f6d\u00e9si hat\u00e9konys\u00e1got. Ez a k\u00e9pess\u00e9g gyorsabb ciklusid\u0151ket \u00e9s jobb termel\u00e9kenys\u00e9get tesz lehet\u0151v\u00e9 az emel\u00e9si m\u0171veletek sor\u00e1n.<\/p>\n<h4>5. Sokoldal\u00fas\u00e1g<\/h4>\n<p>A hidraulikus billen\u0151henger sz\u00e1mos darut\u00edpushoz alkalmas, bele\u00e9rtve a toronydarukat \u00e9s a mobildarukat is, \u00e9s k\u00f6nnyen integr\u00e1lhat\u00f3 k\u00fcl\u00f6nf\u00e9le rendszerekbe. Ez a sokoldal\u00fas\u00e1g n\u00e9lk\u00fcl\u00f6zhetetlen alkot\u00f3elemm\u00e9 teszi a k\u00fcl\u00f6nf\u00e9le emel\u00e9si alkalmaz\u00e1sokban.<\/p>\n<h4>6. Alacsony karbantart\u00e1si ig\u00e9ny<\/h4>\n<p>A hidraulikus henger kialak\u00edt\u00e1sa minimaliz\u00e1lja a kop\u00e1st, ami alacsonyabb karbantart\u00e1si ig\u00e9nyt eredm\u00e9nyez. Ez\u00e1ltal cs\u00f6kken az \u00e1ll\u00e1sid\u0151 \u00e9s az \u00fczemeltet\u00e9si k\u00f6lts\u00e9gek, ami hozz\u00e1j\u00e1rul a hat\u00e9konyabb projektmenedzsmenthez.<\/p>\n<h4>7. Energiahat\u00e9konys\u00e1g<\/h4>\n<p>A hidraulikus rendszert \u00fagy tervezt\u00e9k, hogy optimaliz\u00e1lja az energiafelhaszn\u00e1l\u00e1st, cs\u00f6kkentve az \u00fczem k\u00f6zbeni teljes\u00edtm\u00e9nyvesztes\u00e9get. Ez az energiahat\u00e9konys\u00e1g alacsonyabb \u00fczemeltet\u00e9si k\u00f6lts\u00e9geket eredm\u00e9nyez, \u00e9s t\u00e1mogatja a k\u00f6rnyezetbar\u00e1t gyakorlatokat az \u00e9p\u00edt\u0151iparban \u00e9s az ipari m\u0171veletekben.<\/p>\n<p>A daru emel\u0151 hidraulikus henger sz\u00e1mos el\u0151nnyel rendelkezik, bele\u00e9rtve a prec\u00edz vez\u00e9rl\u00e9st, a fokozott biztons\u00e1got \u00e9s a jobb hat\u00e9konys\u00e1got, \u00edgy n\u00e9lk\u00fcl\u00f6zhetetlen alkatr\u00e9sze a hat\u00e9kony \u00e9s megb\u00edzhat\u00f3 darum\u0171veleteknek k\u00fcl\u00f6nf\u00e9le alkalmaz\u00e1sokban.<\/p>\n<p><img loading=\"lazy\" decoding=\"async\" class=\"alignnone size-full wp-image-447\" src=\"https:\/\/fmp-components.com\/wp-content\/uploads\/2024\/12\/Crane.webp\" alt=\"Daru\" width=\"1234\" height=\"822\" title=\"\" srcset=\"https:\/\/fmp-components.com\/wp-content\/uploads\/2024\/12\/Crane.webp 1234w, https:\/\/fmp-components.com\/wp-content\/uploads\/2024\/12\/Crane-980x653.webp 980w, https:\/\/fmp-components.com\/wp-content\/uploads\/2024\/12\/Crane-480x320.webp 480w\" sizes=\"(min-width: 0px) and (max-width: 480px) 480px, (min-width: 481px) and (max-width: 980px) 980px, (min-width: 981px) 1234px, 100vw\" \/><\/p>\n<h2>Az FMP-r\u0151l<\/h2>\n<p>Az FMP egy speci\u00e1lis g\u00e9pgy\u00e1rt\u00f3 v\u00e1llalat, amely hidraulikus hengerek gy\u00e1rt\u00e1s\u00e1ra specializ\u00e1l\u00f3dott. Megalakul\u00e1sa \u00f3ta a v\u00e1llalat a hidraulikus technol\u00f3gia kutat\u00e1s\u00e1ra \u00e9s gy\u00e1rt\u00e1s\u00e1ra \u00f6sszpontos\u00edt, \u00e9s sikeresen \u00e1tt\u00e9rt a soksz\u00edn\u0171 term\u00e9kk\u00edn\u00e1latr\u00f3l, amely mag\u00e1ban foglalta a betakar\u00edt\u00f3 \u00e9s \u00e9p\u00edt\u0151ipari g\u00e9peket, a mez\u0151gazdas\u00e1gi traktoralkatr\u00e9szekre specializ\u00e1l\u00f3d\u00e1sra. T\u00f6bb mint egy \u00e9vtizedes gy\u00e1rt\u00e1si \u00e9s ir\u00e1ny\u00edt\u00e1si tapasztalattal az FMP fejlett gy\u00e1rt\u00e1si technik\u00e1kkal biztos\u00edtja a kiv\u00e1l\u00f3 min\u0151s\u00e9g\u0171 term\u00e9keket.<\/p>\n<p>A v\u00e1llalat fejl\u0151d\u00e9s\u00e9vel \u00e1tfog\u00f3 megmunk\u00e1l\u00f3 gy\u00e1rt\u00f3sort, \u00f6sszeszerel\u0151 sort \u00e9s bevon\u00f3sort fejlesztett ki. Csapatunk k\u00e9pzett vezet\u0151kb\u0151l, tapasztalt g\u00e9p\u00e9sztervez\u0151kb\u0151l \u00e9s magasan k\u00e9pzett technikusokb\u00f3l \u00e1ll, akik egy\u00fcttm\u0171k\u00f6dve biztos\u00edtj\u00e1k a stabil termel\u00e9si min\u0151s\u00e9get, mik\u00f6zben hat\u00e9konyan ellen\u0151rzik a folyamatok folytonoss\u00e1g\u00e1t \u00e9s hat\u00e9konys\u00e1g\u00e1t.<\/p>\n<p>Az FMP a k\u00f6vetkez\u0151 filoz\u00f3fi\u00e1t vallja: \u201eA technol\u00f3giai innov\u00e1ci\u00f3 hajtja a fejl\u0151d\u00e9st, a min\u0151s\u00e9g teremti a m\u00e1rk\u00e1kat, a szak\u00e9rtelem garant\u00e1lja a min\u0151s\u00e9get, \u00e9s hossz\u00fa t\u00e1v\u00fa, mindenki sz\u00e1m\u00e1ra el\u0151ny\u00f6s kapcsolatokat \u00e9p\u00edt.\u201d Elk\u00f6telezetts\u00e9g\u00fcnk a kiv\u00e1l\u00f3 min\u0151s\u00e9g\u0171 term\u00e9kek \u00e9s a kiv\u00e1l\u00f3 \u00fcgyf\u00e9lszolg\u00e1lat ir\u00e1nt tov\u00e1bbra is alapvet\u0151 c\u00e9lunk, mik\u00f6zben folyamatosan megfelel\u00fcnk a piac v\u00e1ltoz\u00f3 ig\u00e9nyeinek.<\/p>\n<p><img loading=\"lazy\" decoding=\"async\" class=\"alignnone size-full wp-image-426\" src=\"https:\/\/fmp-components.com\/wp-content\/uploads\/2024\/12\/Sanitation-Machinery-Locking-Hydraulic-Cylinder-factory.webp\" sizes=\"(min-width: 0px) and (max-width: 480px) 480px, (min-width: 481px) and (max-width: 980px) 980px, (min-width: 981px) and (max-width: 1280px) 1280px, (min-width: 1281px) 1414px, 100vw\" srcset=\"https:\/\/fmp-components.com\/wp-content\/uploads\/2024\/12\/Sanitation-Machinery-Locking-Hydraulic-Cylinder-factory.webp 1414w, https:\/\/fmp-components.com\/wp-content\/uploads\/2024\/12\/Sanitation-Machinery-Locking-Hydraulic-Cylinder-factory-1280x529.webp 1280w, https:\/\/fmp-components.com\/wp-content\/uploads\/2024\/12\/Sanitation-Machinery-Locking-Hydraulic-Cylinder-factory-980x405.webp 980w, https:\/\/fmp-components.com\/wp-content\/uploads\/2024\/12\/Sanitation-Machinery-Locking-Hydraulic-Cylinder-factory-480x198.webp 480w\" alt=\"Higi\u00e9niai-G\u00e9p-Z\u00e1r\u00f3-Hidraulikus-Henger-gy\u00e1r\" width=\"1414\" height=\"584\" title=\"\"><\/p>\n<p>Szerz\u0151: CX<\/p>","protected":false},"excerpt":{"rendered":"<p>A daru g\u00e9m emel\u0151henger\u00e9nek egy kritikus fontoss\u00e1g\u00fa alkatr\u00e9sze, amely lehet\u0151v\u00e9 teszi a daru g\u00e9mj\u00e9nek emel\u0151mozg\u00e1s\u00e1t, lehet\u0151v\u00e9 t\u00e9ve a sz\u00f6g emel\u00e9s\u00e9t vagy s\u00fcllyeszt\u00e9s\u00e9t az emel\u00e9si m\u0171veletek sor\u00e1n a pontos pozicion\u00e1l\u00e1s \u00e9rdek\u00e9ben. A tart\u00f3ss\u00e1gra \u00e9s hat\u00e9konys\u00e1gra tervezett hidraulikus henger sima \u00e9s kontroll\u00e1lt mozg\u00e1st biztos\u00edt, biztos\u00edtva a neh\u00e9z terhek biztons\u00e1gos \u00e9s hat\u00e9kony kezel\u00e9s\u00e9t. Nagy szil\u00e1rds\u00e1g\u00fa anyagokb\u00f3l k\u00e9sz\u00fclt, \u00e9s \u00fagy tervezt\u00e9k, hogy ellen\u00e1lljon az \u00e9p\u00edt\u0151iparban \u00e9s az ipari k\u00f6rnyezetben jellemz\u0151 ig\u00e9nyes k\u00f6r\u00fclm\u00e9nyeknek. A hat\u00e9kony hidraulikus rendszer lehet\u0151v\u00e9 teszi a g\u00e9m sz\u00f6g\u00e9nek gyors be\u00e1ll\u00edt\u00e1s\u00e1t, n\u00f6velve a daru sokoldal\u00fas\u00e1g\u00e1t \u00e9s m\u0171k\u00f6d\u00e9si rugalmass\u00e1g\u00e1t. Ez az alapvet\u0151 henger l\u00e9tfontoss\u00e1g\u00fa szerepet j\u00e1tszik a daru teljes\u00edtm\u00e9ny\u00e9nek optimaliz\u00e1l\u00e1s\u00e1ban, \u00edgy n\u00e9lk\u00fcl\u00f6zhetetlen a k\u00fcl\u00f6nf\u00e9le emel\u00e9si alkalmaz\u00e1sokhoz.<\/p>","protected":false},"featured_media":449,"comment_status":"open","ping_status":"closed","template":"","meta":{"_et_pb_use_builder":"","_et_pb_old_content":"","_et_gb_content_width":""},"product_brand":[],"product_cat":[24],"product_tag":[],"class_list":{"0":"post-448","1":"product","2":"type-product","3":"status-publish","4":"has-post-thumbnail","6":"product_cat-construction-machinery-hydraulic-cylinders","8":"first","9":"instock","10":"shipping-taxable","11":"product-type-simple"},"_links":{"self":[{"href":"https:\/\/fmp-components.com\/hu\/wp-json\/wp\/v2\/product\/448","targetHints":{"allow":["GET"]}}],"collection":[{"href":"https:\/\/fmp-components.com\/hu\/wp-json\/wp\/v2\/product"}],"about":[{"href":"https:\/\/fmp-components.com\/hu\/wp-json\/wp\/v2\/types\/product"}],"replies":[{"embeddable":true,"href":"https:\/\/fmp-components.com\/hu\/wp-json\/wp\/v2\/comments?post=448"}],"wp:featuredmedia":[{"embeddable":true,"href":"https:\/\/fmp-components.com\/hu\/wp-json\/wp\/v2\/media\/449"}],"wp:attachment":[{"href":"https:\/\/fmp-components.com\/hu\/wp-json\/wp\/v2\/media?parent=448"}],"wp:term":[{"taxonomy":"product_brand","embeddable":true,"href":"https:\/\/fmp-components.com\/hu\/wp-json\/wp\/v2\/product_brand?post=448"},{"taxonomy":"product_cat","embeddable":true,"href":"https:\/\/fmp-components.com\/hu\/wp-json\/wp\/v2\/product_cat?post=448"},{"taxonomy":"product_tag","embeddable":true,"href":"https:\/\/fmp-components.com\/hu\/wp-json\/wp\/v2\/product_tag?post=448"}],"curies":[{"name":"munkaf\u00fczet","href":"https:\/\/api.w.org\/{rel}","templated":true}]}}