{"id":432,"date":"2024-12-10T06:13:58","date_gmt":"2024-12-10T06:13:58","guid":{"rendered":"https:\/\/fmp-components.com\/?page_id=8"},"modified":"2024-12-10T06:13:58","modified_gmt":"2024-12-10T06:13:58","slug":"sanitation-machinery-forward-thrust-hydraulic-cylinder","status":"publish","type":"product","link":"https:\/\/fmp-components.com\/hu\/product\/sanitation-machinery-forward-thrust-hydraulic-cylinder\/","title":{"rendered":"Hidraulikus g\u00e9pek el\u0151retolt hidraulikus henger"},"content":{"rendered":"<p style=\"text-align: center;\"><span style=\"font-size: 18pt;\">Hidraulikus g\u00e9pek el\u0151retolt hidraulikus henger<\/span><\/p>\n<p>\u00a0A szaniterg\u00e9pek el\u0151retolt hidraulikus hengere egy alapvet\u0151 alkatr\u00e9sz, amelyet arra terveztek, hogy nagy teljes\u00edtm\u00e9ny\u0171 \u00e9s megb\u00edzhat\u00f3 el\u0151retolt tol\u00f3er\u0151t biztos\u00edtson k\u00fcl\u00f6nf\u00e9le szaniterberendez\u00e9sek, p\u00e9ld\u00e1ul kuk\u00e1saut\u00f3k \u00e9s utcasepr\u0151 g\u00e9pek sz\u00e1m\u00e1ra. Ez a hidraulikus henger a sima \u00e9s ellen\u0151rz\u00f6tt mozg\u00e1sok el\u0151seg\u00edt\u00e9s\u00e9re szolg\u00e1l, n\u00f6velve a hullad\u00e9kgy\u0171jt\u00e9si \u00e9s utcatiszt\u00edt\u00e1si feladatok hat\u00e9konys\u00e1g\u00e1t.<\/p>\n<p><img loading=\"lazy\" decoding=\"async\" class=\"size-full wp-image-439 aligncenter\" src=\"https:\/\/fmp-components.com\/wp-content\/uploads\/2024\/12\/Sanitation-Machinery-Forward-Thrust-Hydraulic-Cylinder.webp\" alt=\"Hidraulikus g\u00e9pek-el\u0151retolt hidraulikus henger\" width=\"500\" height=\"500\" title=\"\" srcset=\"https:\/\/fmp-components.com\/wp-content\/uploads\/2024\/12\/Sanitation-Machinery-Forward-Thrust-Hydraulic-Cylinder.webp 500w, https:\/\/fmp-components.com\/wp-content\/uploads\/2024\/12\/Sanitation-Machinery-Forward-Thrust-Hydraulic-Cylinder-480x480.webp 480w\" sizes=\"(min-width: 0px) and (max-width: 480px) 480px, (min-width: 481px) 500px, 100vw\" \/><\/p>\n<h4>F\u0151bb jellemz\u0151k:<\/h4>\n<ul>\n<li>Robusztus konstrukci\u00f3: Nagy szil\u00e1rds\u00e1g\u00fa anyagokb\u00f3l k\u00e9sz\u00fclt, ez a hidraulikus henger a higi\u00e9niai ipar neh\u00e9z k\u00f6r\u00fclm\u00e9nyeinek ellen\u00e1ll, biztos\u00edtva a tart\u00f3ss\u00e1got \u00e9s a hossz\u00fa t\u00e1v\u00fa teljes\u00edtm\u00e9nyt.<\/li>\n<li>Sima hidraulikus m\u0171k\u00f6d\u00e9s: A fejlett hidraulikus rendszer folyamatos \u00e9s \u00e9rz\u00e9keny mozg\u00e1sokat tesz lehet\u0151v\u00e9, minimaliz\u00e1lva a g\u00e9pek kop\u00e1s\u00e1t \u00e9s optimaliz\u00e1lva a m\u0171k\u00f6d\u00e9si hat\u00e9konys\u00e1got.<\/li>\n<li>Prec\u00edz vez\u00e9rl\u00e9s: A pontos vez\u00e9rl\u00e9sre tervezett el\u0151retolt hidraulikus munkahenger lehet\u0151v\u00e9 teszi a kezel\u0151k sz\u00e1m\u00e1ra a szaniter berendez\u00e9sek hat\u00e9kony mozgat\u00e1s\u00e1t, jav\u00edtva a biztons\u00e1got \u00e9s a teljes\u00edtm\u00e9nyt a k\u00fcl\u00f6nf\u00e9le feladatok sor\u00e1n.<\/li>\n<li>Sokoldal\u00fa alkalmaz\u00e1s: Ez a hidraulikus henger sz\u00e1mos szaniterg\u00e9phez alkalmas, k\u00f6nnyen integr\u00e1lhat\u00f3 a megl\u00e9v\u0151 rendszerekbe, \u00edgy sokoldal\u00fa megold\u00e1st k\u00edn\u00e1l a hullad\u00e9kkezel\u00e9si m\u0171veletekhez.<\/li>\n<li>Energiahat\u00e9konys\u00e1g: Kialak\u00edt\u00e1s\u00e1nak k\u00f6sz\u00f6nhet\u0151en optimaliz\u00e1lja az energiafogyaszt\u00e1st, cs\u00f6kkenti az energiavesztes\u00e9get \u00e9s hozz\u00e1j\u00e1rul az alacsonyabb \u00fczemeltet\u00e9si k\u00f6lts\u00e9gekhez, \u00edgy k\u00f6rnyezetbar\u00e1t v\u00e1laszt\u00e1s a higi\u00e9niai szolg\u00e1ltat\u00e1sok sz\u00e1m\u00e1ra.<\/li>\n<\/ul>\n<p>A szaniterg\u00e9pek el\u0151retolt hidraulikus munkahengere jav\u00edtja a szaniterberendez\u00e9sek funkcionalit\u00e1s\u00e1t \u00e9s hat\u00e9konys\u00e1g\u00e1t, biztos\u00edtva a hat\u00e9kony teljes\u00edtm\u00e9nyt a hullad\u00e9kkezel\u00e9si m\u0171veletek sor\u00e1n, mik\u00f6zben magas szint\u0171 tart\u00f3ss\u00e1got \u00e9s szab\u00e1lyozhat\u00f3s\u00e1got biztos\u00edt.<\/p>\n<h2>Hidraulikus g\u00e9pek el\u0151retolt hidraulikus henger m\u00e9retei:<\/h2>\n<table>\n<tbody>\n<tr>\n<td><img loading=\"lazy\" decoding=\"async\" class=\"alignnone size-full wp-image-435\" src=\"https:\/\/fmp-components.com\/wp-content\/uploads\/2024\/12\/Sanitation-Machinery-Forward-Thrust-Hydraulic-Cylinder-Dimensions-1.webp\" alt=\"Higi\u00e9niai-G\u00e9pek-El\u0151retolt-Hidraulikus-Henger-El\u0151ny\u00f6k-1\" width=\"980\" height=\"416\" title=\"\" srcset=\"https:\/\/fmp-components.com\/wp-content\/uploads\/2024\/12\/Sanitation-Machinery-Forward-Thrust-Hydraulic-Cylinder-Dimensions-1.webp 980w, https:\/\/fmp-components.com\/wp-content\/uploads\/2024\/12\/Sanitation-Machinery-Forward-Thrust-Hydraulic-Cylinder-Dimensions-1-480x204.webp 480w\" sizes=\"(min-width: 0px) and (max-width: 480px) 480px, (min-width: 481px) 980px, 100vw\" \/><\/td>\n<td><img loading=\"lazy\" decoding=\"async\" class=\"alignnone size-full wp-image-436\" src=\"https:\/\/fmp-components.com\/wp-content\/uploads\/2024\/12\/Sanitation-Machinery-Forward-Thrust-Hydraulic-Cylinder-Dimensions-2.webp\" alt=\"Higi\u00e9niai-G\u00e9pek-El\u0151retolt-Hidraulikus-Henger-El\u0151ny\u00f6k-1\" width=\"980\" height=\"416\" title=\"\" srcset=\"https:\/\/fmp-components.com\/wp-content\/uploads\/2024\/12\/Sanitation-Machinery-Forward-Thrust-Hydraulic-Cylinder-Dimensions-2.webp 980w, https:\/\/fmp-components.com\/wp-content\/uploads\/2024\/12\/Sanitation-Machinery-Forward-Thrust-Hydraulic-Cylinder-Dimensions-2-480x204.webp 480w\" sizes=\"(min-width: 0px) and (max-width: 480px) 480px, (min-width: 481px) 980px, 100vw\" \/><\/td>\n<\/tr>\n<\/tbody>\n<\/table>\n<table style=\"width: 100%; height: 133px;\" border=\"1\" cellspacing=\"0\" cellpadding=\"0\">\n<tbody>\n<tr style=\"height: 71px;\">\n<td style=\"height: 71px;\" width=\"246\">Henger neve<\/td>\n<td style=\"height: 71px;\" width=\"336\">Rajzsz\u00e1m<\/td>\n<td style=\"height: 71px;\" width=\"126\">Furat\u00e1tm\u00e9r\u0151 (D)<\/td>\n<td style=\"height: 71px;\" width=\"123\">R\u00fad \u00e1tm\u00e9r\u0151je (d)<\/td>\n<td style=\"height: 71px;\" width=\"114\">L\u00f6ket (S)<\/td>\n<td style=\"height: 71px;\" width=\"170\">Telep\u00edt\u00e9si t\u00e1vols\u00e1g (L)<\/td>\n<td style=\"height: 71px;\" width=\"172\">\u00dczemi nyom\u00e1s<\/td>\n<td style=\"height: 71px;\" width=\"366\">Interf\u00e9sz m\u00e9retei (M)<\/td>\n<td style=\"height: 71px;\" width=\"96\">S\u00faly<\/td>\n<\/tr>\n<tr style=\"height: 62px;\">\n<td class=\"et3\" style=\"height: 62px;\" width=\"246\" height=\"298\">El\u0151retolt tol\u00f3henger<\/td>\n<td class=\"et4\" style=\"height: 62px;\" width=\"336\">LPE416B.4.4-2-00<\/td>\n<td class=\"et4\" style=\"height: 62px;\" width=\"126\">\u03a690<\/td>\n<td class=\"et4\" style=\"height: 62px;\" width=\"123\">\u03a663<\/td>\n<td class=\"et4\" style=\"height: 62px;\" width=\"114\">320<\/td>\n<td class=\"et4\" style=\"height: 62px;\" width=\"170\">878<\/td>\n<td class=\"et4\" style=\"height: 62px;\" width=\"172\">16MPa<\/td>\n<td class=\"et4\" style=\"height: 62px;\" width=\"366\">2 db M22*1,5<\/td>\n<td class=\"et4\" style=\"height: 62px;\" width=\"96\">47 kg<\/td>\n<\/tr>\n<\/tbody>\n<\/table>\n<table>\n<tbody>\n<tr>\n<td><img loading=\"lazy\" decoding=\"async\" class=\"alignnone size-full wp-image-437\" src=\"https:\/\/fmp-components.com\/wp-content\/uploads\/2024\/12\/Sanitation-Machinery-Forward-Thrust-Hydraulic-Cylinder-Dimensions-3.webp\" alt=\"Higi\u00e9niai-G\u00e9pek-El\u0151retolt-Hidraulikus-Henger-El\u0151ny\u00f6k-1\" width=\"980\" height=\"375\" title=\"\" srcset=\"https:\/\/fmp-components.com\/wp-content\/uploads\/2024\/12\/Sanitation-Machinery-Forward-Thrust-Hydraulic-Cylinder-Dimensions-3.webp 980w, https:\/\/fmp-components.com\/wp-content\/uploads\/2024\/12\/Sanitation-Machinery-Forward-Thrust-Hydraulic-Cylinder-Dimensions-3-480x184.webp 480w\" sizes=\"(min-width: 0px) and (max-width: 480px) 480px, (min-width: 481px) 980px, 100vw\" \/><\/td>\n<td><img loading=\"lazy\" decoding=\"async\" class=\"alignnone size-full wp-image-438\" src=\"https:\/\/fmp-components.com\/wp-content\/uploads\/2024\/12\/Sanitation-Machinery-Forward-Thrust-Hydraulic-Cylinder-Dimensions-4.webp\" alt=\"Higi\u00e9niai-G\u00e9pek-El\u0151retolt-Hidraulikus-Henger-El\u0151ny\u00f6k-1\" width=\"980\" height=\"375\" title=\"\" srcset=\"https:\/\/fmp-components.com\/wp-content\/uploads\/2024\/12\/Sanitation-Machinery-Forward-Thrust-Hydraulic-Cylinder-Dimensions-4.webp 980w, https:\/\/fmp-components.com\/wp-content\/uploads\/2024\/12\/Sanitation-Machinery-Forward-Thrust-Hydraulic-Cylinder-Dimensions-4-480x184.webp 480w\" sizes=\"(min-width: 0px) and (max-width: 480px) 480px, (min-width: 481px) 980px, 100vw\" \/><\/td>\n<\/tr>\n<\/tbody>\n<\/table>\n<table style=\"width: 100%; height: 119px;\" border=\"1\" cellspacing=\"0\" cellpadding=\"0\">\n<tbody>\n<tr style=\"height: 71px;\">\n<td style=\"height: 71px;\" width=\"246\">Henger neve<\/td>\n<td style=\"height: 71px;\" width=\"336\">Rajzsz\u00e1m<\/td>\n<td style=\"height: 71px;\" width=\"126\">Furat\u00e1tm\u00e9r\u0151 (D)<\/td>\n<td style=\"height: 71px;\" width=\"123\">R\u00fad \u00e1tm\u00e9r\u0151je (d)<\/td>\n<td style=\"height: 71px;\" width=\"114\">L\u00f6ket (S)<\/td>\n<td style=\"height: 71px;\" width=\"170\">Telep\u00edt\u00e9si t\u00e1vols\u00e1g (L)<\/td>\n<td style=\"height: 71px;\" width=\"172\">\u00dczemi nyom\u00e1s<\/td>\n<td style=\"height: 71px;\" width=\"366\">Interf\u00e9sz m\u00e9retei (M)<\/td>\n<td style=\"height: 71px;\" width=\"96\">S\u00faly<\/td>\n<\/tr>\n<tr style=\"height: 48px;\">\n<td class=\"et3\" style=\"height: 48px;\" width=\"246\" height=\"290\">El\u0151retolt tol\u00f3henger<\/td>\n<td class=\"et4\" style=\"height: 48px;\" width=\"336\">LPG418.4.4-2-00<\/td>\n<td class=\"et4\" style=\"height: 48px;\" width=\"126\">\u03a6100<\/td>\n<td class=\"et4\" style=\"height: 48px;\" width=\"123\">\u03a655<\/td>\n<td class=\"et4\" style=\"height: 48px;\" width=\"114\">320<\/td>\n<td class=\"et4\" style=\"height: 48px;\" width=\"170\">700<\/td>\n<td class=\"et4\" style=\"height: 48px;\" width=\"172\">16MPa<\/td>\n<td class=\"et4\" style=\"height: 48px;\" width=\"366\">2 db M22*1,5<\/td>\n<td class=\"et4\" style=\"height: 48px;\" width=\"96\">41 kg<\/td>\n<\/tr>\n<\/tbody>\n<\/table>\n<h2>El\u00e9rhet\u0151 hidraulikus henger M\u00e1rka \u00e9s modell:<\/h2>\n<table border=\"1\" cellspacing=\"0\" cellpadding=\"0\">\n<tbody>\n<tr>\n<td><span data-spm-anchor-id=\"a2700.details.0.i43.45d84a73e99C9z\">KOMATSU (PC)<\/span><\/td>\n<td>PC30, PC40, PC50, PC56, PC60, PC78, PC100, PC110, PC120, PC130, PC160, PC200-3\/5\/6\/7\/8\/8MO, PC210, PC220-5\/6\/7\/8\/8MO, PC240, PC300\/350\/360-5\/6\/7\/8\/8MO, PC400\/450-5\/6\/7\/8\/8MO, PC800, PC850<\/td>\n<\/tr>\n<tr>\n<td>HERNY\u00d3 (E)<\/td>\n<td>E301.5, E302, E305.5, E306, E307V1\/V2\/B\/C\/D\/E\/F, E308B\/C, E120B, E312V1\/V2\/B\/C\/D, E313D2, E312D2, E315D,<br \/>\nE200B,E320V1\/V2\/A\/B\/C\/D,E324D,E325C\/D,E329D,E330\/336C\/D,E345C,E349D,E365C,E374,E390<\/td>\n<\/tr>\n<tr>\n<td>KOBELCO (SK)<\/td>\n<td>SK60-3\/5\/8,SK75-8\/SR, SK100 ,SK120-3\/5, SK135-8\/SR, SK140-8, SK200-3\/5\/6\/6E, SK210-3\/5\/6\/6E,<br \/>\nSK230\/250-6E,SK250-8,SK260-8,SK350-8\/S8,SK460\/480-8<\/td>\n<\/tr>\n<tr>\n<td>HYUNDAI (R)<\/td>\n<td>R55-5\/7, R60-5\/7, R80, R110, R130, R200-5, R210-5, R215-5\/7, R220-5\/7\/9, R225-5\/7\/9, R250, R260, R265, R290, R305, R445, R485, R505<\/td>\n<\/tr>\n<tr>\n<td><span data-spm-anchor-id=\"a2700.details.0.i53.45d84a73e99C9z\">HITACHI (EX.ZX)<\/span><\/td>\n<td>EX60, EX100-1\/2\/3, EX120-1\/3\/5\/6, EX200-1\/3\/5, EX230-5, EX300-1, EX400<br \/>\nZAX60,ZAX70,ZA120-6,ZAX200\/210-1\/3\/5\/5K,ZAX240,ZAX250,ZAX260,ZAX330-3\/5\/6,ZAX450\/470,ZAX650\/670,ZAX850\/870<\/td>\n<\/tr>\n<tr>\n<td>\n<div class=\"magic-32\"><span data-spm-anchor-id=\"a2700.details.0.i55.45d84a73e99C9z\">DOOSAN (DH\/DX)<\/span><\/div>\n<\/td>\n<td>\n<div class=\"magic-33\"><span class=\"magic-34\">DH55, DH60, DH80, DH150, DH215-5\/7, DH220-5, DH225-5\/7, DH258, DH300-5\/7, DH370, DH420, DH500<br \/>\nDX55, DX60, DX75, DX130, DX225-9, DX300, DX380, DX420, DX500<\/span><\/div>\n<\/td>\n<\/tr>\n<tr>\n<td>\n<div class=\"magic-32\">VOLVO (EC)<\/div>\n<\/td>\n<td>\n<div class=\"magic-33\"><span class=\"magic-34\">EC55, EC60, EC75, EC80, EC140, EC210B\/D, EC220D, EC240, EC250, EC290, EC300, EC360 EC380, EC460, EC480, EC700, EC750, EC950<\/span><\/div>\n<\/td>\n<\/tr>\n<tr>\n<td>\n<div class=\"magic-32\">KATO (HD)<\/div>\n<\/td>\n<td>\n<div class=\"magic-33\"><span class=\"magic-34\">HD307\/308, HD450, HD512, HD700-5\/7, HD820-1\/2\/3\/5\/R, HD1023-1\/3, HD1430-1\/3<\/span><\/div>\n<\/td>\n<\/tr>\n<tr>\n<td>\n<div class=\"magic-32\">EGY\u00c9B M\u00c1RKA<\/div>\n<\/td>\n<td>\n<div class=\"magic-33\"><span class=\"magic-34\">XCMG,LIUGONG,KUBOTA,CASE,YANMAR,SUNWARD,ZOOMLION,LISHIDE,LIEHERR<\/span><\/div>\n<\/td>\n<\/tr>\n<\/tbody>\n<\/table>\n<h3>A szaniterg\u00e9pek el\u0151retolt hidraulikus henger\u00e9nek jellemz\u0151i<\/h3>\n<h4>1. Tart\u00f3s konstrukci\u00f3<\/h4>\n<p>A fert\u0151tlen\u00edt\u0151 g\u00e9pek el\u0151retolt hidraulikus munkahengere nagy szil\u00e1rds\u00e1g\u00fa anyagokb\u00f3l k\u00e9sz\u00fclt, \u00edgy biztos\u00edtva, hogy ellen\u00e1lljon a fert\u0151tlen\u00edt\u00e9si m\u0171veletek sor\u00e1n \u00e1ltal\u00e1ban el\u0151fordul\u00f3 zord k\u00f6r\u00fclm\u00e9nyeknek. Ez a robusztus kialak\u00edt\u00e1s hossz\u00fa t\u00e1v\u00fa tart\u00f3ss\u00e1got \u00e9s megb\u00edzhat\u00f3s\u00e1got garant\u00e1l.<\/p>\n<h4>2. Sima hidraulikus m\u0171k\u00f6d\u00e9s<\/h4>\n<p>Fejlett hidraulikus rendszerrel tervezett henger sima \u00e9s foly\u00e9kony mozg\u00e1st biztos\u00edt. Ez a funkci\u00f3 minimaliz\u00e1lja a g\u00e9p kop\u00e1s\u00e1t \u00e9s n\u00f6veli az \u00e1ltal\u00e1nos m\u0171k\u00f6d\u00e9si hat\u00e9konys\u00e1got, lehet\u0151v\u00e9 t\u00e9ve a z\u00f6kken\u0151mentes teljes\u00edtm\u00e9nyt a hullad\u00e9kgy\u0171jt\u00e9s sor\u00e1n.<\/p>\n<h4>3. Prec\u00edz vez\u00e9rl\u00e9s<\/h4>\n<p>A hidraulikus hengert a pontos vez\u00e9rl\u00e9sre tervezt\u00e9k, lehet\u0151v\u00e9 t\u00e9ve a kezel\u0151k sz\u00e1m\u00e1ra a szaniter berendez\u00e9sek prec\u00edz kezel\u00e9s\u00e9t. Ez a k\u00e9pess\u00e9g jav\u00edtja a biztons\u00e1got \u00e9s a hat\u00e9konys\u00e1got k\u00fcl\u00f6nf\u00e9le feladatok, p\u00e9ld\u00e1ul az utcatiszt\u00edt\u00e1s \u00e9s a hullad\u00e9ksz\u00e1ll\u00edt\u00e1s sor\u00e1n.<\/p>\n<h4>4. Sokoldal\u00fa alkalmaz\u00e1s<\/h4>\n<p>Ez az el\u0151retolt hidraulikus henger sz\u00e1mos szaniterg\u00e9phez alkalmas, bele\u00e9rtve a kuk\u00e1saut\u00f3kat \u00e9s az utcasepr\u0151 g\u00e9peket is, \u00e9s k\u00f6nnyen integr\u00e1lhat\u00f3 a megl\u00e9v\u0151 rendszerekbe, \u00edgy sokoldal\u00fa v\u00e1laszt\u00e1st k\u00edn\u00e1l a hullad\u00e9kkezel\u00e9shez.<\/p>\n<h4>5. Energiahat\u00e9konys\u00e1g<\/h4>\n<p>A henger kialak\u00edt\u00e1sa optimaliz\u00e1lja az energiafelhaszn\u00e1l\u00e1st, cs\u00f6kkentve az \u00fczem k\u00f6zbeni teljes\u00edtm\u00e9nyvesztes\u00e9get. Ez az energiahat\u00e9konys\u00e1g alacsonyabb \u00fczemeltet\u00e9si k\u00f6lts\u00e9geket eredm\u00e9nyez, hozz\u00e1j\u00e1rulva a fenntarthat\u00f3bb gyakorlatokhoz a higi\u00e9niai iparban.<\/p>\n<h4>6. Alacsony karbantart\u00e1si ig\u00e9ny<\/h4>\n<p>Robusztus konstrukci\u00f3j\u00e1nak \u00e9s kiv\u00e1l\u00f3 min\u0151s\u00e9g\u0171 anyagainak k\u00f6sz\u00f6nhet\u0151en az el\u0151retolt hidraulikus henger minim\u00e1lis karbantart\u00e1st ig\u00e9nyel, ami cs\u00f6kkenti az \u00e1ll\u00e1sid\u0151t \u00e9s n\u00f6veli a higi\u00e9niai szolg\u00e1ltat\u00e1sok termel\u00e9kenys\u00e9g\u00e9t.<\/p>\n<h4>7. Biztons\u00e1gi funkci\u00f3k<\/h4>\n<p>A biztons\u00e1gi mechanizmusokat, p\u00e9ld\u00e1ul a nyom\u00e1scs\u00f6kkent\u0151 szelepeket tartalmaz\u00f3 hidraulikus henger seg\u00edt megel\u0151zni a t\u00falterhel\u00e9st \u00e9s biztos\u00edtja a stabil m\u0171k\u00f6d\u00e9st, ez\u00e1ltal n\u00f6velve mind a kezel\u0151k, mind a k\u00f6rnyezet biztons\u00e1g\u00e1t.<\/p>\n<p>\u00d6sszefoglalva, a szaniterg\u00e9pek el\u0151retolt hidraulikus hengere a tart\u00f3ss\u00e1g, a hat\u00e9konys\u00e1g \u00e9s a biztons\u00e1g kombin\u00e1ci\u00f3j\u00e1t k\u00edn\u00e1lja, \u00edgy n\u00e9lk\u00fcl\u00f6zhetetlen eleme a hat\u00e9kony \u00e9s megb\u00edzhat\u00f3 szaniter\u00fczemeltet\u00e9snek.<\/p>\n<p><img loading=\"lazy\" decoding=\"async\" class=\"alignnone size-full wp-image-440\" src=\"https:\/\/fmp-components.com\/wp-content\/uploads\/2024\/12\/Sanitation-Machinery-Forward-Thrust-Hydraulic-Cylinder-1.webp\" alt=\"Hidraulikus g\u00e9pek-el\u0151retolt hidraulikus henger\" width=\"1000\" height=\"667\" title=\"\" srcset=\"https:\/\/fmp-components.com\/wp-content\/uploads\/2024\/12\/Sanitation-Machinery-Forward-Thrust-Hydraulic-Cylinder-1.webp 1000w, https:\/\/fmp-components.com\/wp-content\/uploads\/2024\/12\/Sanitation-Machinery-Forward-Thrust-Hydraulic-Cylinder-1-980x654.webp 980w, https:\/\/fmp-components.com\/wp-content\/uploads\/2024\/12\/Sanitation-Machinery-Forward-Thrust-Hydraulic-Cylinder-1-480x320.webp 480w\" sizes=\"(min-width: 0px) and (max-width: 480px) 480px, (min-width: 481px) and (max-width: 980px) 980px, (min-width: 981px) 1000px, 100vw\" \/><\/p>\n<h2>Az FMP-r\u0151l<\/h2>\n<p>Az FMP egy speci\u00e1lis g\u00e9pgy\u00e1rt\u00f3 v\u00e1llalat, amely hidraulikus hengerek gy\u00e1rt\u00e1s\u00e1ra specializ\u00e1l\u00f3dott. Megalakul\u00e1sa \u00f3ta a v\u00e1llalat a hidraulikus technol\u00f3gia kutat\u00e1s\u00e1ra \u00e9s gy\u00e1rt\u00e1s\u00e1ra \u00f6sszpontos\u00edt, \u00e9s sikeresen \u00e1tt\u00e9rt a soksz\u00edn\u0171 term\u00e9kk\u00edn\u00e1latr\u00f3l, amely mag\u00e1ban foglalta a betakar\u00edt\u00f3 \u00e9s \u00e9p\u00edt\u0151ipari g\u00e9peket, a mez\u0151gazdas\u00e1gi traktoralkatr\u00e9szekre specializ\u00e1l\u00f3d\u00e1sra. T\u00f6bb mint egy \u00e9vtizedes gy\u00e1rt\u00e1si \u00e9s ir\u00e1ny\u00edt\u00e1si tapasztalattal az FMP fejlett gy\u00e1rt\u00e1si technik\u00e1kkal biztos\u00edtja a kiv\u00e1l\u00f3 min\u0151s\u00e9g\u0171 term\u00e9keket.<\/p>\n<p>A v\u00e1llalat fejl\u0151d\u00e9s\u00e9vel \u00e1tfog\u00f3 megmunk\u00e1l\u00f3 gy\u00e1rt\u00f3sort, \u00f6sszeszerel\u0151 sort \u00e9s bevon\u00f3sort fejlesztett ki. Csapatunk k\u00e9pzett vezet\u0151kb\u0151l, tapasztalt g\u00e9p\u00e9sztervez\u0151kb\u0151l \u00e9s magasan k\u00e9pzett technikusokb\u00f3l \u00e1ll, akik egy\u00fcttm\u0171k\u00f6dve biztos\u00edtj\u00e1k a stabil termel\u00e9si min\u0151s\u00e9get, mik\u00f6zben hat\u00e9konyan ellen\u0151rzik a folyamatok folytonoss\u00e1g\u00e1t \u00e9s hat\u00e9konys\u00e1g\u00e1t.<\/p>\n<p>Az FMP a k\u00f6vetkez\u0151 filoz\u00f3fi\u00e1t vallja: \u201eA technol\u00f3giai innov\u00e1ci\u00f3 hajtja a fejl\u0151d\u00e9st, a min\u0151s\u00e9g teremti a m\u00e1rk\u00e1kat, a szak\u00e9rtelem garant\u00e1lja a min\u0151s\u00e9get, \u00e9s hossz\u00fa t\u00e1v\u00fa, mindenki sz\u00e1m\u00e1ra el\u0151ny\u00f6s kapcsolatokat \u00e9p\u00edt.\u201d Elk\u00f6telezetts\u00e9g\u00fcnk a kiv\u00e1l\u00f3 min\u0151s\u00e9g\u0171 term\u00e9kek \u00e9s a kiv\u00e1l\u00f3 \u00fcgyf\u00e9lszolg\u00e1lat ir\u00e1nt tov\u00e1bbra is alapvet\u0151 c\u00e9lunk, mik\u00f6zben folyamatosan megfelel\u00fcnk a piac v\u00e1ltoz\u00f3 ig\u00e9nyeinek.<\/p>\n<p><img loading=\"lazy\" decoding=\"async\" class=\"alignnone size-full wp-image-426\" src=\"https:\/\/fmp-components.com\/wp-content\/uploads\/2024\/12\/Sanitation-Machinery-Locking-Hydraulic-Cylinder-factory.webp\" alt=\"Higi\u00e9niai-G\u00e9p-Z\u00e1r\u00f3-Hidraulikus-Henger-gy\u00e1r\" width=\"1414\" height=\"584\" title=\"\" srcset=\"https:\/\/fmp-components.com\/wp-content\/uploads\/2024\/12\/Sanitation-Machinery-Locking-Hydraulic-Cylinder-factory.webp 1414w, https:\/\/fmp-components.com\/wp-content\/uploads\/2024\/12\/Sanitation-Machinery-Locking-Hydraulic-Cylinder-factory-1280x529.webp 1280w, https:\/\/fmp-components.com\/wp-content\/uploads\/2024\/12\/Sanitation-Machinery-Locking-Hydraulic-Cylinder-factory-980x405.webp 980w, https:\/\/fmp-components.com\/wp-content\/uploads\/2024\/12\/Sanitation-Machinery-Locking-Hydraulic-Cylinder-factory-480x198.webp 480w\" sizes=\"(min-width: 0px) and (max-width: 480px) 480px, (min-width: 481px) and (max-width: 980px) 980px, (min-width: 981px) and (max-width: 1280px) 1280px, (min-width: 1281px) 1414px, 100vw\" \/><\/p>\n<p>Szerz\u0151: CX<\/p>","protected":false},"excerpt":{"rendered":"<p>A szaniterg\u00e9pek el\u0151retolt hidraulikus hengere l\u00e9tfontoss\u00e1g\u00fa alkatr\u00e9sz, amelyet arra terveztek, hogy nagy teljes\u00edtm\u00e9ny\u0171 el\u0151retol\u00e1st biztos\u00edtson a szaniterberendez\u00e9sek, p\u00e9ld\u00e1ul a kuk\u00e1saut\u00f3k \u00e9s az utcasepr\u0151 g\u00e9pek sz\u00e1m\u00e1ra. A megb\u00edzhat\u00f3s\u00e1gra \u00e9s hat\u00e9konys\u00e1gra tervezett hidraulikus henger sima \u00e9s szab\u00e1lyozott mozg\u00e1st tesz lehet\u0151v\u00e9, megk\u00f6nny\u00edtve a hat\u00e9kony m\u0171k\u00f6d\u00e9st a hullad\u00e9kgy\u0171jt\u00e9s \u00e9s az utcatiszt\u00edt\u00e1s sor\u00e1n. Nagy szil\u00e1rds\u00e1g\u00fa anyagokb\u00f3l k\u00e9sz\u00fclt, \u00edgy ellen\u00e1ll a szanitermunk\u00e1kra jellemz\u0151 zord k\u00f6r\u00fclm\u00e9nyeknek, biztos\u00edtva a hossz\u00fa t\u00e1v\u00fa tart\u00f3ss\u00e1got. Fejlett hidraulikus kialak\u00edt\u00e1sa lehet\u0151v\u00e9 teszi a prec\u00edz vez\u00e9rl\u00e9st \u00e9s a reag\u00e1l\u00f3k\u00e9pess\u00e9get, \u00edgy elengedhetetlen a szaniterg\u00e9pek teljes\u00edtm\u00e9ny\u00e9nek \u00e9s biztons\u00e1g\u00e1nak optimaliz\u00e1l\u00e1s\u00e1hoz k\u00fcl\u00f6nb\u00f6z\u0151 alkalmaz\u00e1sokban.<\/p>","protected":false},"featured_media":439,"comment_status":"open","ping_status":"closed","template":"","meta":{"_et_pb_use_builder":"","_et_pb_old_content":"","_et_gb_content_width":""},"product_brand":[],"product_cat":[23],"product_tag":[],"class_list":{"0":"post-432","1":"product","2":"type-product","3":"status-publish","4":"has-post-thumbnail","6":"product_cat-sanitation-machinery-hydraulic-cylinders","8":"first","9":"instock","10":"shipping-taxable","11":"product-type-simple"},"_links":{"self":[{"href":"https:\/\/fmp-components.com\/hu\/wp-json\/wp\/v2\/product\/432","targetHints":{"allow":["GET"]}}],"collection":[{"href":"https:\/\/fmp-components.com\/hu\/wp-json\/wp\/v2\/product"}],"about":[{"href":"https:\/\/fmp-components.com\/hu\/wp-json\/wp\/v2\/types\/product"}],"replies":[{"embeddable":true,"href":"https:\/\/fmp-components.com\/hu\/wp-json\/wp\/v2\/comments?post=432"}],"wp:featuredmedia":[{"embeddable":true,"href":"https:\/\/fmp-components.com\/hu\/wp-json\/wp\/v2\/media\/439"}],"wp:attachment":[{"href":"https:\/\/fmp-components.com\/hu\/wp-json\/wp\/v2\/media?parent=432"}],"wp:term":[{"taxonomy":"product_brand","embeddable":true,"href":"https:\/\/fmp-components.com\/hu\/wp-json\/wp\/v2\/product_brand?post=432"},{"taxonomy":"product_cat","embeddable":true,"href":"https:\/\/fmp-components.com\/hu\/wp-json\/wp\/v2\/product_cat?post=432"},{"taxonomy":"product_tag","embeddable":true,"href":"https:\/\/fmp-components.com\/hu\/wp-json\/wp\/v2\/product_tag?post=432"}],"curies":[{"name":"munkaf\u00fczet","href":"https:\/\/api.w.org\/{rel}","templated":true}]}}