{"id":427,"date":"2024-12-10T05:55:29","date_gmt":"2024-12-10T05:55:29","guid":{"rendered":"https:\/\/fmp-components.com\/?page_id=8"},"modified":"2024-12-10T05:55:29","modified_gmt":"2024-12-10T05:55:29","slug":"sanitation-machinery-reverse-thrust-hydraulic-cylinder","status":"publish","type":"product","link":"https:\/\/fmp-components.com\/hu\/product\/sanitation-machinery-reverse-thrust-hydraulic-cylinder\/","title":{"rendered":"Hidraulikus g\u00e9pek ford\u00edtott tol\u00f3er\u0151vel"},"content":{"rendered":"<p style=\"text-align: center;\"><span style=\"font-size: 18pt;\">Hidraulikus g\u00e9pek ford\u00edtott tol\u00f3er\u0151vel<\/span><\/p>\n<p>A szaniterg\u00e9pek ford\u00edtott tol\u00f3erej\u0171 hidraulikus hengere egy alapvet\u0151 alkatr\u00e9sz, amelyet k\u00fcl\u00f6nf\u00e9le szaniterberendez\u00e9sek, p\u00e9ld\u00e1ul kuk\u00e1saut\u00f3k \u00e9s utcasepr\u0151 g\u00e9pek megb\u00edzhat\u00f3 ford\u00edtott tol\u00f3erej\u00e9nek biztos\u00edt\u00e1s\u00e1ra terveztek. Ez a hidraulikus henger \u00fagy lett kialak\u00edtva, hogy sima \u00e9s ellen\u0151rz\u00f6tt mozg\u00e1sokat biztos\u00edtson, lehet\u0151v\u00e9 t\u00e9ve a g\u00e9pi funkci\u00f3k hat\u00e9kony be- \u00e9s kikapcsol\u00e1s\u00e1t a hullad\u00e9kgy\u0171jt\u00e9s \u00e9s a tiszt\u00edt\u00e1s sor\u00e1n.<\/p>\n<p><img loading=\"lazy\" decoding=\"async\" class=\"size-full wp-image-428 aligncenter\" src=\"https:\/\/fmp-components.com\/wp-content\/uploads\/2024\/12\/Sanitation-Machinery-Reverse-Thrust-Hydraulic-Cylinder.webp\" alt=\"Hidraulikus g\u00e9pek ford\u00edtott tol\u00f3er\u0151vel\" width=\"500\" height=\"500\" title=\"\" srcset=\"https:\/\/fmp-components.com\/wp-content\/uploads\/2024\/12\/Sanitation-Machinery-Reverse-Thrust-Hydraulic-Cylinder.webp 500w, https:\/\/fmp-components.com\/wp-content\/uploads\/2024\/12\/Sanitation-Machinery-Reverse-Thrust-Hydraulic-Cylinder-480x480.webp 480w\" sizes=\"(min-width: 0px) and (max-width: 480px) 480px, (min-width: 481px) 500px, 100vw\" \/><\/p>\n<h4>F\u0151bb jellemz\u0151k:<\/h4>\n<ul>\n<li>Tart\u00f3s konstrukci\u00f3: Nagy szil\u00e1rds\u00e1g\u00fa anyagokb\u00f3l k\u00e9sz\u00fclt, ez a hidraulikus henger \u00fagy van kialak\u00edtva, hogy ellen\u00e1lljon a higi\u00e9niai munk\u00e1k szigor\u00fa k\u00f6vetelm\u00e9nyeinek, biztos\u00edtva a hossz\u00fa t\u00e1v\u00fa teljes\u00edtm\u00e9nyt zord k\u00f6rnyezetben.<\/li>\n<li>Sima hidraulikus m\u0171k\u00f6d\u00e9s: A fejlett hidraulikus rendszer \u00e9rz\u00e9keny \u00e9s foly\u00e9kony mozg\u00e1sokat tesz lehet\u0151v\u00e9, minimaliz\u00e1lva a berendez\u00e9sek kop\u00e1s\u00e1t \u00e9s n\u00f6velve az \u00e1ltal\u00e1nos m\u0171k\u00f6d\u00e9si hat\u00e9konys\u00e1got.<\/li>\n<li>Tov\u00e1bbfejlesztett vez\u00e9rl\u00e9s: A prec\u00edz vez\u00e9rl\u00e9sre tervezett ford\u00edtott tol\u00f3er\u0151s hidraulikus munkahenger lehet\u0151v\u00e9 teszi a kezel\u0151k sz\u00e1m\u00e1ra a fert\u0151tlen\u00edt\u0151 g\u00e9pek hat\u00e9kony navig\u00e1l\u00e1s\u00e1t \u00e9s man\u0151verez\u00e9s\u00e9t, jav\u00edtva a biztons\u00e1got \u00e9s a teljes\u00edtm\u00e9nyt.<\/li>\n<li>Sokoldal\u00fa alkalmaz\u00e1s: Ez a hidraulikus henger sz\u00e1mos szaniterg\u00e9phez alkalmas, z\u00f6kken\u0151mentesen integr\u00e1lhat\u00f3 k\u00fcl\u00f6nf\u00e9le rendszerekbe, \u00edgy sokoldal\u00fa megold\u00e1st k\u00edn\u00e1l a hullad\u00e9kkezel\u00e9shez.<\/li>\n<li>Energiahat\u00e9kony: Kialak\u00edt\u00e1s\u00e1nak k\u00f6sz\u00f6nhet\u0151en optimaliz\u00e1lja az energiafelhaszn\u00e1l\u00e1st, cs\u00f6kkenti az energiavesztes\u00e9get \u00e9s hozz\u00e1j\u00e1rul az alacsonyabb \u00fczemeltet\u00e9si k\u00f6lts\u00e9gekhez, \u00edgy k\u00f6rnyezetbar\u00e1t v\u00e1laszt\u00e1s.<\/li>\n<\/ul>\n<p>A szaniterg\u00e9pek ford\u00edtott tol\u00f3er\u0151s hidraulikus hengere kritikus fontoss\u00e1g\u00fa alkatr\u00e9sz, amely jav\u00edtja a szaniterberendez\u00e9sek funkcionalit\u00e1s\u00e1t \u00e9s hat\u00e9konys\u00e1g\u00e1t, biztos\u00edtva a hat\u00e9kony teljes\u00edtm\u00e9nyt a hullad\u00e9kkezel\u00e9si m\u0171veletek sor\u00e1n, mik\u00f6zben magas szint\u0171 tart\u00f3ss\u00e1got \u00e9s szab\u00e1lyozhat\u00f3s\u00e1got biztos\u00edt.<\/p>\n<h2 style=\"box-sizing: border-box; user-select: initial !important; margin: 0px; padding: 0px 0px 10px; border: 0px; outline: 0px; font-size: 26px; text-size-adjust: 100%; vertical-align: baseline; background: #ffffff; color: #333333; line-height: 1em; font-weight: 500; font-family: Nunito, Helvetica, Arial, Lucida, sans-serif; font-style: normal; font-variant-ligatures: normal; font-variant-caps: normal; letter-spacing: normal; orphans: 2; text-align: start; text-indent: 0px; text-transform: none; widows: 2; word-spacing: 0px; -webkit-text-stroke-width: 0px; white-space: normal; text-decoration-thickness: initial; text-decoration-style: initial; text-decoration-color: initial;\">Hidraulikus g\u00e9pek ford\u00edtott tol\u00f3er\u0151vel rendelkez\u0151 hidraulikus henger\u00e9nek m\u00e9retei:<\/h2>\n<table style=\"box-sizing: border-box; user-select: initial !important; border-collapse: collapse; border-spacing: 0px; word-break: break-all !important; color: #666666; font-family: Nunito, Helvetica, Arial, Lucida, sans-serif; font-size: 16px; font-style: normal; font-variant-ligatures: normal; font-variant-caps: normal; font-weight: 500; letter-spacing: normal; orphans: 2; text-align: start; text-transform: none; widows: 2; word-spacing: 0px; -webkit-text-stroke-width: 0px; white-space: normal; background-color: #ffffff; text-decoration-thickness: initial; text-decoration-style: initial; text-decoration-color: initial; width: 735.139px;\">\n<tbody style=\"box-sizing: border-box; user-select: initial !important;\">\n<tr style=\"box-sizing: border-box; user-select: initial !important;\">\n<td style=\"box-sizing: border-box; user-select: initial !important; width: 367.569px;\"><img loading=\"lazy\" decoding=\"async\" class=\"alignnone size-full wp-image-430\" src=\"https:\/\/fmp-components.com\/wp-content\/uploads\/2024\/12\/Sanitation-Machinery-Reverse-thrust-Hydraulic-Cylinder-Dimensions-1.webp\" alt=\"Hidraulikus g\u00e9pek ford\u00edtott tol\u00f3er\u0151vel\" width=\"806\" height=\"377\" title=\"\" srcset=\"https:\/\/fmp-components.com\/wp-content\/uploads\/2024\/12\/Sanitation-Machinery-Reverse-thrust-Hydraulic-Cylinder-Dimensions-1.webp 806w, https:\/\/fmp-components.com\/wp-content\/uploads\/2024\/12\/Sanitation-Machinery-Reverse-thrust-Hydraulic-Cylinder-Dimensions-1-480x225.webp 480w\" sizes=\"(min-width: 0px) and (max-width: 480px) 480px, (min-width: 481px) 806px, 100vw\" \/><\/td>\n<td style=\"box-sizing: border-box; user-select: initial !important; width: 367.569px;\"><img loading=\"lazy\" decoding=\"async\" class=\"alignnone size-full wp-image-431\" src=\"https:\/\/fmp-components.com\/wp-content\/uploads\/2024\/12\/Sanitation-Machinery-Reverse-thrust-Hydraulic-Cylinder-Dimensions-2.webp\" alt=\"Hidraulikus g\u00e9pek ford\u00edtott tol\u00f3er\u0151vel\" width=\"806\" height=\"377\" title=\"\" srcset=\"https:\/\/fmp-components.com\/wp-content\/uploads\/2024\/12\/Sanitation-Machinery-Reverse-thrust-Hydraulic-Cylinder-Dimensions-2.webp 806w, https:\/\/fmp-components.com\/wp-content\/uploads\/2024\/12\/Sanitation-Machinery-Reverse-thrust-Hydraulic-Cylinder-Dimensions-2-480x225.webp 480w\" sizes=\"(min-width: 0px) and (max-width: 480px) 480px, (min-width: 481px) 806px, 100vw\" \/><\/td>\n<\/tr>\n<\/tbody>\n<\/table>\n<table style=\"box-sizing: border-box; border-collapse: collapse; border-spacing: 0px; color: #666666; font-family: Nunito, Helvetica, Arial, Lucida, sans-serif; font-size: 16px; font-style: normal; font-variant-ligatures: normal; font-variant-caps: normal; font-weight: 500; letter-spacing: normal; orphans: 2; text-align: start; text-transform: none; widows: 2; word-spacing: 0px; -webkit-text-stroke-width: 0px; white-space: normal; background-color: #ffffff; text-decoration-thickness: initial; text-decoration-style: initial; text-decoration-color: initial; height: 62px; width: 97.3832%; user-select: initial !important; word-break: break-all !important;\" border=\"1\" cellspacing=\"0\" cellpadding=\"0\">\n<tbody style=\"box-sizing: border-box; user-select: initial !important;\">\n<tr style=\"box-sizing: border-box; user-select: initial !important; height: 47px;\">\n<td style=\"box-sizing: border-box; height: 47px; width: 12.6359%; text-align: center; user-select: initial !important;\" width=\"246\">Henger neve<\/td>\n<td style=\"box-sizing: border-box; height: 47px; width: 17.5272%; text-align: center; user-select: initial !important;\" width=\"336\">Rajzsz\u00e1m<\/td>\n<td style=\"box-sizing: border-box; height: 47px; width: 8.55978%; text-align: center; user-select: initial !important;\" width=\"126\">Furat\u00e1tm\u00e9r\u0151 (D)<\/td>\n<td style=\"box-sizing: border-box; height: 47px; width: 8.42391%; text-align: center; user-select: initial !important;\" width=\"123\">R\u00fad \u00e1tm\u00e9r\u0151je (d)<\/td>\n<td style=\"box-sizing: border-box; height: 47px; width: 7.06522%; text-align: center; user-select: initial !important;\" width=\"114\">L\u00f6ket (S)<\/td>\n<td style=\"box-sizing: border-box; height: 47px; width: 11.0054%; text-align: center; user-select: initial !important;\" width=\"170\">Telep\u00edt\u00e9si t\u00e1vols\u00e1g (L)<\/td>\n<td style=\"box-sizing: border-box; height: 47px; width: 10.0543%; text-align: center; user-select: initial !important;\" width=\"172\">\u00dczemi nyom\u00e1s<\/td>\n<td style=\"box-sizing: border-box; height: 47px; width: 18.0707%; text-align: center; user-select: initial !important;\" width=\"366\">Interf\u00e9sz m\u00e9retei (M)<\/td>\n<td style=\"box-sizing: border-box; height: 47px; width: 28.7304%; text-align: center; user-select: initial !important;\" width=\"96\">S\u00faly<\/td>\n<\/tr>\n<tr style=\"box-sizing: border-box; user-select: initial !important; height: 15px;\">\n<td class=\"et3\" style=\"box-sizing: border-box; height: 15px; width: 12.6359%; text-align: center; user-select: initial !important;\" width=\"246\" height=\"303\">Ford\u00edtott tol\u00f3er\u0151-henger<\/td>\n<td class=\"et4\" style=\"box-sizing: border-box; width: 17.5272%; height: 15px; text-align: center; user-select: initial !important;\" width=\"336\">LPE222.2.2-5-00<\/td>\n<td class=\"et4\" style=\"box-sizing: border-box; width: 8.55978%; height: 15px; text-align: center; user-select: initial !important;\" width=\"126\">\u03a6220<\/td>\n<td class=\"et4\" style=\"box-sizing: border-box; width: 8.42391%; height: 15px; text-align: center; user-select: initial !important;\" width=\"123\">\u03a6110<\/td>\n<td class=\"et4\" style=\"box-sizing: border-box; width: 7.06522%; height: 15px; text-align: center; user-select: initial !important;\" width=\"114\">420<\/td>\n<td class=\"et4\" style=\"box-sizing: border-box; width: 11.0054%; height: 15px; text-align: center; user-select: initial !important;\" width=\"170\">1110<\/td>\n<td class=\"et4\" style=\"box-sizing: border-box; width: 10.0543%; height: 15px; text-align: center; user-select: initial !important;\" width=\"172\">16MPa<\/td>\n<td class=\"et4\" style=\"box-sizing: border-box; width: 18.0707%; height: 15px; text-align: center; user-select: initial !important;\" width=\"366\">2 db M22*1,5<\/td>\n<td class=\"et4\" style=\"box-sizing: border-box; width: 28.7304%; height: 15px; text-align: center; user-select: initial !important;\" width=\"96\">323 kg<\/td>\n<\/tr>\n<\/tbody>\n<\/table>\n<h2>El\u00e9rhet\u0151 hidraulikus henger M\u00e1rka \u00e9s modell:<\/h2>\n<table border=\"1\" cellspacing=\"0\" cellpadding=\"0\">\n<tbody>\n<tr>\n<td><span data-spm-anchor-id=\"a2700.details.0.i43.45d84a73e99C9z\">KOMATSU (PC)<\/span><\/td>\n<td>PC30, PC40, PC50, PC56, PC60, PC78, PC100, PC110, PC120, PC130, PC160, PC200-3\/5\/6\/7\/8\/8MO, PC210, PC220-5\/6\/7\/8\/8MO, PC240, PC300\/350\/360-5\/6\/7\/8\/8MO, PC400\/450-5\/6\/7\/8\/8MO, PC800, PC850<\/td>\n<\/tr>\n<tr>\n<td>HERNY\u00d3 (E)<\/td>\n<td>E301.5, E302, E305.5, E306, E307V1\/V2\/B\/C\/D\/E\/F, E308B\/C, E120B, E312V1\/V2\/B\/C\/D, E313D2, E312D2, E315D,<br \/>\nE200B,E320V1\/V2\/A\/B\/C\/D,E324D,E325C\/D,E329D,E330\/336C\/D,E345C,E349D,E365C,E374,E390<\/td>\n<\/tr>\n<tr>\n<td>KOBELCO (SK)<\/td>\n<td>SK60-3\/5\/8,SK75-8\/SR, SK100 ,SK120-3\/5, SK135-8\/SR, SK140-8, SK200-3\/5\/6\/6E, SK210-3\/5\/6\/6E,<br \/>\nSK230\/250-6E,SK250-8,SK260-8,SK350-8\/S8,SK460\/480-8<\/td>\n<\/tr>\n<tr>\n<td>HYUNDAI (R)<\/td>\n<td>R55-5\/7, R60-5\/7, R80, R110, R130, R200-5, R210-5, R215-5\/7, R220-5\/7\/9, R225-5\/7\/9, R250, R260, R265, R290, R305, R445, R485, R505<\/td>\n<\/tr>\n<tr>\n<td><span data-spm-anchor-id=\"a2700.details.0.i53.45d84a73e99C9z\">HITACHI (EX.ZX)<\/span><\/td>\n<td>EX60, EX100-1\/2\/3, EX120-1\/3\/5\/6, EX200-1\/3\/5, EX230-5, EX300-1, EX400<br \/>\nZAX60,ZAX70,ZA120-6,ZAX200\/210-1\/3\/5\/5K,ZAX240,ZAX250,ZAX260,ZAX330-3\/5\/6,ZAX450\/470,ZAX650\/670,ZAX850\/870<\/td>\n<\/tr>\n<tr>\n<td>\n<div class=\"magic-32\"><span data-spm-anchor-id=\"a2700.details.0.i55.45d84a73e99C9z\">DOOSAN (DH\/DX)<\/span><\/div>\n<\/td>\n<td>\n<div class=\"magic-33\"><span class=\"magic-34\">DH55, DH60, DH80, DH150, DH215-5\/7, DH220-5, DH225-5\/7, DH258, DH300-5\/7, DH370, DH420, DH500<br \/>\nDX55, DX60, DX75, DX130, DX225-9, DX300, DX380, DX420, DX500<\/span><\/div>\n<\/td>\n<\/tr>\n<tr>\n<td>\n<div class=\"magic-32\">VOLVO (EC)<\/div>\n<\/td>\n<td>\n<div class=\"magic-33\"><span class=\"magic-34\">EC55, EC60, EC75, EC80, EC140, EC210B\/D, EC220D, EC240, EC250, EC290, EC300, EC360 EC380, EC460, EC480, EC700, EC750, EC950<\/span><\/div>\n<\/td>\n<\/tr>\n<tr>\n<td>\n<div class=\"magic-32\">KATO (HD)<\/div>\n<\/td>\n<td>\n<div class=\"magic-33\"><span class=\"magic-34\">HD307\/308, HD450, HD512, HD700-5\/7, HD820-1\/2\/3\/5\/R, HD1023-1\/3, HD1430-1\/3<\/span><\/div>\n<\/td>\n<\/tr>\n<tr>\n<td>\n<div class=\"magic-32\">EGY\u00c9B M\u00c1RKA<\/div>\n<\/td>\n<td>\n<div class=\"magic-33\"><span class=\"magic-34\">XCMG,LIUGONG,KUBOTA,CASE,YANMAR,SUNWARD,ZOOMLION,LISHIDE,LIEHERR<\/span><\/div>\n<\/td>\n<\/tr>\n<\/tbody>\n<\/table>\n<h3>A szaniterg\u00e9pek ford\u00edtott tol\u00f3er\u0151s hidraulikus henger\u00e9nek el\u0151nyei<\/h3>\n<h4>1. Fokozott vez\u00e9rl\u00e9s<\/h4>\n<p>A fert\u0151tlen\u00edt\u0151 g\u00e9pek ford\u00edtott tol\u00f3er\u0151s hidraulikus munkahengere prec\u00edz vez\u00e9rl\u00e9st biztos\u00edt a fert\u0151tlen\u00edt\u0151 berendez\u00e9sek ford\u00edtott tol\u00f3er\u0151 mozg\u00e1sa felett. Ez a k\u00e9pess\u00e9g lehet\u0151v\u00e9 teszi a kezel\u0151k sz\u00e1m\u00e1ra a hat\u00e9kony man\u0151verez\u00e9st, jav\u00edtva az olyan m\u0171veletek \u00e1ltal\u00e1nos hat\u00e9konys\u00e1g\u00e1t, mint a hullad\u00e9kgy\u0171jt\u00e9s \u00e9s az utcatiszt\u00edt\u00e1s.<\/p>\n<h4>2. Robusztus tart\u00f3ss\u00e1g<\/h4>\n<p>A hidraulikus henger nagy szil\u00e1rds\u00e1g\u00fa anyagokb\u00f3l k\u00e9sz\u00fclt, hogy ellen\u00e1lljon a k\u00edm\u00e9letlen higi\u00e9niai k\u00f6r\u00fclm\u00e9nyeknek. Tart\u00f3ss\u00e1ga hossz\u00fa \u00e9lettartamot biztos\u00edt, cs\u00f6kkentve a gyakori cser\u00e9k \u00e9s karbantart\u00e1s sz\u00fcks\u00e9gess\u00e9g\u00e9t.<\/p>\n<h4>3. Z\u00f6kken\u0151mentes m\u0171k\u00f6d\u00e9s<\/h4>\n<p>A ford\u00edtott tol\u00f3er\u0151-henger fejlett hidraulikus rendszere sima \u00e9s \u00e9rz\u00e9keny m\u0171k\u00f6d\u00e9st tesz lehet\u0151v\u00e9. Ez cs\u00f6kkenti a berendez\u00e9s kop\u00e1s\u00e1t \u00e9s minimaliz\u00e1lja a hirtelen mozg\u00e1sok kock\u00e1zat\u00e1t, n\u00f6velve a biztons\u00e1got \u00fczemeltet\u00e9s k\u00f6zben.<\/p>\n<h4>4. Sokoldal\u00fas\u00e1g<\/h4>\n<p>Ez a hidraulikus henger sokoldal\u00fa, \u00e9s k\u00fcl\u00f6nf\u00e9le higi\u00e9niai g\u00e9pekhez, p\u00e9ld\u00e1ul kuk\u00e1saut\u00f3khoz \u00e9s utcasepr\u0151 g\u00e9pekhez is haszn\u00e1lhat\u00f3. Alkalmazkod\u00f3k\u00e9pess\u00e9ge sz\u00e9les k\u00f6r\u0171 alkalmaz\u00e1si lehet\u0151s\u00e9geket k\u00edn\u00e1l a hullad\u00e9kgazd\u00e1lkod\u00e1sban \u00e9s a kommun\u00e1lis szolg\u00e1ltat\u00e1sokban.<\/p>\n<h4>5. Fokozott biztons\u00e1g<\/h4>\n<p>A megb\u00edzhat\u00f3 ford\u00edtott tol\u00f3er\u0151-szab\u00e1lyoz\u00e1s biztos\u00edt\u00e1s\u00e1val a hidraulikus henger n\u00f6veli a higi\u00e9niai m\u0171veletek biztons\u00e1g\u00e1t. Seg\u00edt megel\u0151zni a baleseteket, \u00e9s biztos\u00edtja, hogy a g\u00e9pek biztons\u00e1gos param\u00e9tereken bel\u00fcl m\u0171k\u00f6djenek, v\u00e9dve mind a kezel\u0151ket, mind a k\u00f6rnyezetet.<\/p>\n<h4>6. Energiahat\u00e9konys\u00e1g<\/h4>\n<p>A ford\u00edtott tol\u00f3er\u0151vel m\u0171k\u00f6d\u0151 hidraulikus henger kialak\u00edt\u00e1sa optimaliz\u00e1lja az energiafelhaszn\u00e1l\u00e1st, minimaliz\u00e1lva az \u00fczem k\u00f6zbeni teljes\u00edtm\u00e9nyvesztes\u00e9get. Ez a hat\u00e9konys\u00e1g alacsonyabb \u00fczemeltet\u00e9si k\u00f6lts\u00e9geket eredm\u00e9nyez, \u00e9s hozz\u00e1j\u00e1rul a k\u00f6rnyezetbar\u00e1t hullad\u00e9kgazd\u00e1lkod\u00e1si gyakorlatokhoz.<\/p>\n<h4>7. K\u00f6nny\u0171 integr\u00e1ci\u00f3<\/h4>\n<p>A palackot \u00fagy tervezt\u00e9k, hogy egyszer\u0171en beszerelhet\u0151 legyen a megl\u00e9v\u0151 szaniter berendez\u00e9sekbe, \u00edgy gyors fejleszt\u00e9seket lehet v\u00e9gezni, \u00e9s minimaliz\u00e1lni lehet az \u00e1ll\u00e1sid\u0151t a karbantart\u00e1s vagy csere sor\u00e1n.<\/p>\n<p>A szaniterg\u00e9pek ford\u00edtott tol\u00f3er\u0151vel m\u0171k\u00f6d\u0151 hidraulikus hengere sz\u00e1mos el\u0151nnyel rendelkezik, bele\u00e9rtve a fokozott vez\u00e9rl\u00e9st, a tart\u00f3ss\u00e1got \u00e9s a biztons\u00e1got, \u00edgy n\u00e9lk\u00fcl\u00f6zhetetlen eleme a hat\u00e9kony \u00e9s eredm\u00e9nyes szaniter\u00fczemeltet\u00e9snek. Sokoldal\u00fas\u00e1ga \u00e9s energiahat\u00e9konys\u00e1ga tov\u00e1bb n\u00f6veli \u00e9rt\u00e9k\u00e9t a hullad\u00e9kgazd\u00e1lkod\u00e1si iparban.<\/p>\n<p><img loading=\"lazy\" decoding=\"async\" class=\"alignnone size-full wp-image-429\" src=\"https:\/\/fmp-components.com\/wp-content\/uploads\/2024\/12\/Sanitation-Machinery-Reverse-Thrust-Hydraulic-Cylinder-1.webp\" alt=\"Hidraulikus g\u00e9pek ford\u00edtott tol\u00f3er\u0151vel\" width=\"1000\" height=\"667\" title=\"\" srcset=\"https:\/\/fmp-components.com\/wp-content\/uploads\/2024\/12\/Sanitation-Machinery-Reverse-Thrust-Hydraulic-Cylinder-1.webp 1000w, https:\/\/fmp-components.com\/wp-content\/uploads\/2024\/12\/Sanitation-Machinery-Reverse-Thrust-Hydraulic-Cylinder-1-980x654.webp 980w, https:\/\/fmp-components.com\/wp-content\/uploads\/2024\/12\/Sanitation-Machinery-Reverse-Thrust-Hydraulic-Cylinder-1-480x320.webp 480w\" sizes=\"(min-width: 0px) and (max-width: 480px) 480px, (min-width: 481px) and (max-width: 980px) 980px, (min-width: 981px) 1000px, 100vw\" \/><\/p>\n<h2>Az FMP-r\u0151l<\/h2>\n<p>Az FMP egy speci\u00e1lis g\u00e9pgy\u00e1rt\u00f3 v\u00e1llalat, amely hidraulikus hengerek gy\u00e1rt\u00e1s\u00e1ra specializ\u00e1l\u00f3dott. Megalakul\u00e1sa \u00f3ta a v\u00e1llalat a hidraulikus technol\u00f3gia kutat\u00e1s\u00e1ra \u00e9s gy\u00e1rt\u00e1s\u00e1ra \u00f6sszpontos\u00edt, \u00e9s sikeresen \u00e1tt\u00e9rt a soksz\u00edn\u0171 term\u00e9kk\u00edn\u00e1latr\u00f3l, amely mag\u00e1ban foglalta a betakar\u00edt\u00f3 \u00e9s \u00e9p\u00edt\u0151ipari g\u00e9peket, a mez\u0151gazdas\u00e1gi traktoralkatr\u00e9szekre specializ\u00e1l\u00f3d\u00e1sra. T\u00f6bb mint egy \u00e9vtizedes gy\u00e1rt\u00e1si \u00e9s ir\u00e1ny\u00edt\u00e1si tapasztalattal az FMP fejlett gy\u00e1rt\u00e1si technik\u00e1kkal biztos\u00edtja a kiv\u00e1l\u00f3 min\u0151s\u00e9g\u0171 term\u00e9keket.<\/p>\n<p>A v\u00e1llalat fejl\u0151d\u00e9s\u00e9vel \u00e1tfog\u00f3 megmunk\u00e1l\u00f3 gy\u00e1rt\u00f3sort, \u00f6sszeszerel\u0151 sort \u00e9s bevon\u00f3sort fejlesztett ki. Csapatunk k\u00e9pzett vezet\u0151kb\u0151l, tapasztalt g\u00e9p\u00e9sztervez\u0151kb\u0151l \u00e9s magasan k\u00e9pzett technikusokb\u00f3l \u00e1ll, akik egy\u00fcttm\u0171k\u00f6dve biztos\u00edtj\u00e1k a stabil termel\u00e9si min\u0151s\u00e9get, mik\u00f6zben hat\u00e9konyan ellen\u0151rzik a folyamatok folytonoss\u00e1g\u00e1t \u00e9s hat\u00e9konys\u00e1g\u00e1t.<\/p>\n<p>Az FMP a k\u00f6vetkez\u0151 filoz\u00f3fi\u00e1t vallja: \u201eA technol\u00f3giai innov\u00e1ci\u00f3 hajtja a fejl\u0151d\u00e9st, a min\u0151s\u00e9g teremti a m\u00e1rk\u00e1kat, a szak\u00e9rtelem garant\u00e1lja a min\u0151s\u00e9get, \u00e9s hossz\u00fa t\u00e1v\u00fa, mindenki sz\u00e1m\u00e1ra el\u0151ny\u00f6s kapcsolatokat \u00e9p\u00edt.\u201d Elk\u00f6telezetts\u00e9g\u00fcnk a kiv\u00e1l\u00f3 min\u0151s\u00e9g\u0171 term\u00e9kek \u00e9s a kiv\u00e1l\u00f3 \u00fcgyf\u00e9lszolg\u00e1lat ir\u00e1nt tov\u00e1bbra is alapvet\u0151 c\u00e9lunk, mik\u00f6zben folyamatosan megfelel\u00fcnk a piac v\u00e1ltoz\u00f3 ig\u00e9nyeinek.<\/p>\n<p><img loading=\"lazy\" decoding=\"async\" class=\"alignnone size-full wp-image-426\" src=\"https:\/\/fmp-components.com\/wp-content\/uploads\/2024\/12\/Sanitation-Machinery-Locking-Hydraulic-Cylinder-factory.webp\" alt=\"Higi\u00e9niai-G\u00e9p-Z\u00e1r\u00f3-Hidraulikus-Henger-gy\u00e1r\" width=\"1414\" height=\"584\" title=\"\" srcset=\"https:\/\/fmp-components.com\/wp-content\/uploads\/2024\/12\/Sanitation-Machinery-Locking-Hydraulic-Cylinder-factory.webp 1414w, https:\/\/fmp-components.com\/wp-content\/uploads\/2024\/12\/Sanitation-Machinery-Locking-Hydraulic-Cylinder-factory-1280x529.webp 1280w, https:\/\/fmp-components.com\/wp-content\/uploads\/2024\/12\/Sanitation-Machinery-Locking-Hydraulic-Cylinder-factory-980x405.webp 980w, https:\/\/fmp-components.com\/wp-content\/uploads\/2024\/12\/Sanitation-Machinery-Locking-Hydraulic-Cylinder-factory-480x198.webp 480w\" sizes=\"(min-width: 0px) and (max-width: 480px) 480px, (min-width: 481px) and (max-width: 980px) 980px, (min-width: 981px) and (max-width: 1280px) 1280px, (min-width: 1281px) 1414px, 100vw\" \/><\/p>\n<p>Szerz\u0151: CX<\/p>","protected":false},"excerpt":{"rendered":"<p>A szaniterg\u00e9pek ford\u00edtott tol\u00f3erej\u0171 hidraulikus hengere kulcsfontoss\u00e1g\u00fa alkatr\u00e9sz, amelyet a szaniterberendez\u00e9sek, p\u00e9ld\u00e1ul a kuk\u00e1saut\u00f3k \u00e9s az utcasepr\u0151 g\u00e9pek hat\u00e9kony ford\u00edtott tol\u00f3erej\u00e9nek biztos\u00edt\u00e1s\u00e1ra terveztek. A megb\u00edzhat\u00f3 teljes\u00edtm\u00e9ny biztos\u00edt\u00e1s\u00e1ra tervezett hidraulikus henger sima \u00e9s szab\u00e1lyozott m\u0171k\u00f6d\u00e9st biztos\u00edt, lehet\u0151v\u00e9 t\u00e9ve a prec\u00edz mozg\u00e1sokat a g\u00e9p k\u00fcl\u00f6nb\u00f6z\u0151 funkci\u00f3inak be- \u00e9s kikapcsol\u00e1sakor. Nagy szil\u00e1rds\u00e1g\u00fa anyagokb\u00f3l k\u00e9sz\u00fclt, \u00edgy ellen\u00e1ll a neh\u00e9z munkak\u00f6r\u00fclm\u00e9nyeknek, biztos\u00edtva a tart\u00f3ss\u00e1got \u00e9s a hossz\u00fa \u00e9lettartamot. A hat\u00e9kony hidraulikus kialak\u00edt\u00e1s minimaliz\u00e1lja az energiavesztes\u00e9get, mik\u00f6zben maximaliz\u00e1lja a m\u0171k\u00f6d\u00e9si hat\u00e9konys\u00e1got, \u00edgy n\u00e9lk\u00fcl\u00f6zhetetlen eszk\u00f6z a szaniterg\u00e9pek funkcionalit\u00e1s\u00e1nak \u00e9s hat\u00e9konys\u00e1g\u00e1nak jav\u00edt\u00e1s\u00e1hoz a hullad\u00e9kgazd\u00e1lkod\u00e1si alkalmaz\u00e1sokban.<\/p>","protected":false},"featured_media":428,"comment_status":"open","ping_status":"closed","template":"","meta":{"_et_pb_use_builder":"","_et_pb_old_content":"","_et_gb_content_width":""},"product_brand":[],"product_cat":[23],"product_tag":[],"class_list":{"0":"post-427","1":"product","2":"type-product","3":"status-publish","4":"has-post-thumbnail","6":"product_cat-sanitation-machinery-hydraulic-cylinders","8":"first","9":"instock","10":"shipping-taxable","11":"product-type-simple"},"_links":{"self":[{"href":"https:\/\/fmp-components.com\/hu\/wp-json\/wp\/v2\/product\/427","targetHints":{"allow":["GET"]}}],"collection":[{"href":"https:\/\/fmp-components.com\/hu\/wp-json\/wp\/v2\/product"}],"about":[{"href":"https:\/\/fmp-components.com\/hu\/wp-json\/wp\/v2\/types\/product"}],"replies":[{"embeddable":true,"href":"https:\/\/fmp-components.com\/hu\/wp-json\/wp\/v2\/comments?post=427"}],"wp:featuredmedia":[{"embeddable":true,"href":"https:\/\/fmp-components.com\/hu\/wp-json\/wp\/v2\/media\/428"}],"wp:attachment":[{"href":"https:\/\/fmp-components.com\/hu\/wp-json\/wp\/v2\/media?parent=427"}],"wp:term":[{"taxonomy":"product_brand","embeddable":true,"href":"https:\/\/fmp-components.com\/hu\/wp-json\/wp\/v2\/product_brand?post=427"},{"taxonomy":"product_cat","embeddable":true,"href":"https:\/\/fmp-components.com\/hu\/wp-json\/wp\/v2\/product_cat?post=427"},{"taxonomy":"product_tag","embeddable":true,"href":"https:\/\/fmp-components.com\/hu\/wp-json\/wp\/v2\/product_tag?post=427"}],"curies":[{"name":"munkaf\u00fczet","href":"https:\/\/api.w.org\/{rel}","templated":true}]}}