{"id":420,"date":"2024-12-10T05:29:31","date_gmt":"2024-12-10T05:29:31","guid":{"rendered":"https:\/\/fmp-components.com\/?page_id=8"},"modified":"2024-12-10T05:45:25","modified_gmt":"2024-12-10T05:45:25","slug":"sanitation-machinery-locking-hydraulic-cylinder","status":"publish","type":"product","link":"https:\/\/fmp-components.com\/hu\/product\/sanitation-machinery-locking-hydraulic-cylinder\/","title":{"rendered":"Hidraulikus henger reteszel\u0151"},"content":{"rendered":"<p style=\"text-align: center;\"><span style=\"font-size: 18pt;\">Hidraulikus henger reteszel\u0151<\/span><\/p>\n<p>A szaniterg\u00e9pek reteszel\u0151 hidraulikus hengere egy alapvet\u0151 alkatr\u00e9sz, amelyet a szaniterberendez\u00e9sek, bele\u00e9rtve a kuk\u00e1saut\u00f3kat, utcasepr\u0151ket \u00e9s hullad\u00e9kpr\u00e9seket, biztons\u00e1gos \u00e9s megb\u00edzhat\u00f3 reteszel\u0151 mechanizmusok biztos\u00edt\u00e1s\u00e1ra terveztek. Ez a hidraulikus henger biztos\u00edtja, hogy a g\u00e9p k\u00fcl\u00f6nb\u00f6z\u0151 r\u00e9szei stabilak \u00e9s biztons\u00e1gosak maradjanak m\u0171k\u00f6d\u00e9s \u00e9s sz\u00e1ll\u00edt\u00e1s k\u00f6zben, n\u00f6velve az \u00e1ltal\u00e1nos biztons\u00e1got \u00e9s hat\u00e9konys\u00e1got.<\/p>\n<p><img loading=\"lazy\" decoding=\"async\" class=\"size-full wp-image-421 aligncenter\" src=\"https:\/\/fmp-components.com\/wp-content\/uploads\/2024\/12\/Sanitation-Machinery-Locking-Hydraulic-Cylinder.webp\" alt=\"Hidraulikus henger reteszel\u0151\" width=\"500\" height=\"500\" title=\"\" srcset=\"https:\/\/fmp-components.com\/wp-content\/uploads\/2024\/12\/Sanitation-Machinery-Locking-Hydraulic-Cylinder.webp 500w, https:\/\/fmp-components.com\/wp-content\/uploads\/2024\/12\/Sanitation-Machinery-Locking-Hydraulic-Cylinder-480x480.webp 480w\" sizes=\"(min-width: 0px) and (max-width: 480px) 480px, (min-width: 481px) 500px, 100vw\" \/><\/p>\n<h4>F\u0151bb jellemz\u0151k:<\/h4>\n<ul>\n<li>Robusztus konstrukci\u00f3: Nagy szil\u00e1rds\u00e1g\u00fa anyagokb\u00f3l k\u00e9sz\u00fclt, ez a reteszel\u0151 hidraulikus henger \u00fagy van kialak\u00edtva, hogy ellen\u00e1lljon a higi\u00e9niai munk\u00e1k neh\u00e9z k\u00f6r\u00fclm\u00e9nyeinek, biztos\u00edtva a hossz\u00fa t\u00e1v\u00fa tart\u00f3ss\u00e1got \u00e9s megb\u00edzhat\u00f3s\u00e1got.<\/li>\n<li>Hat\u00e9kony hidraulikus kialak\u00edt\u00e1s: A henger fejlett hidraulikus technol\u00f3gi\u00e1t alkalmaz a sima \u00e9s \u00e9rz\u00e9keny m\u0171k\u00f6d\u00e9s \u00e9rdek\u00e9ben. A reteszel\u0151 mechanizmus gyors be- \u00e9s kiold\u00e1sa hat\u00e9kony munkafolyamatot tesz lehet\u0151v\u00e9.<\/li>\n<li>Fokozott biztons\u00e1g: A szaniterg\u00e9pek kritikus alkatr\u00e9szeinek biztons\u00e1gos r\u00f6gz\u00edt\u00e9s\u00e9vel a hidraulikus henger seg\u00edt megel\u0151zni a v\u00e9letlen elmozdul\u00e1st vagy elmozdul\u00e1st m\u0171k\u00f6d\u00e9s k\u00f6zben, ez\u00e1ltal cs\u00f6kkentve a balesetek kock\u00e1zat\u00e1t.<\/li>\n<li>Sokoldal\u00fa alkalmaz\u00e1sok: Ez a reteszel\u0151 hidraulikus henger sz\u00e1mos szaniter berendez\u00e9shez alkalmas, \u00e9s elengedhetetlen a hullad\u00e9kgazd\u00e1lkod\u00e1sban \u00e9s utcatiszt\u00edt\u00e1sban haszn\u00e1lt k\u00fcl\u00f6nf\u00e9le j\u00e1rm\u0171vek \u00e9s g\u00e9pek hat\u00e9kony m\u0171k\u00f6d\u00e9s\u00e9hez.<\/li>\n<li>K\u00f6nny\u0171 integr\u00e1ci\u00f3: Az egyszer\u0171 telep\u00edt\u00e9sre tervezett reteszel\u0151 hidraulikus henger z\u00f6kken\u0151mentesen be\u00e9p\u00edthet\u0151 a megl\u00e9v\u0151 szaniterg\u00e9p-rendszerekbe, minimaliz\u00e1lva az \u00e1ll\u00e1sid\u0151t \u00e9s biztos\u00edtva a gyors telep\u00edt\u00e9st.<\/li>\n<\/ul>\n<p>A szaniterg\u00e9pek reteszel\u0151 hidraulikus hengere kulcsfontoss\u00e1g\u00fa elem, amely n\u00f6veli a szaniterberendez\u00e9sek biztons\u00e1g\u00e1t, hat\u00e9konys\u00e1g\u00e1t \u00e9s megb\u00edzhat\u00f3s\u00e1g\u00e1t, \u00edgy n\u00e9lk\u00fcl\u00f6zhetetlen eszk\u00f6z a hat\u00e9kony hullad\u00e9kgazd\u00e1lkod\u00e1si m\u0171veletekhez.<\/p>\n<h2>Hidraulikus henger z\u00e1r\u00f3szerkezet\u00e9nek m\u00e9retei:<\/h2>\n<table>\n<tbody>\n<tr>\n<td><img loading=\"lazy\" decoding=\"async\" class=\"alignnone size-full wp-image-423\" src=\"https:\/\/fmp-components.com\/wp-content\/uploads\/2024\/12\/Sanitation-Machinery-Locking-Hydraulic-Cylinder-Dimensions-1.webp\" alt=\"Hidraulikus henger reteszel\u0151\" width=\"980\" height=\"427\" title=\"\" srcset=\"https:\/\/fmp-components.com\/wp-content\/uploads\/2024\/12\/Sanitation-Machinery-Locking-Hydraulic-Cylinder-Dimensions-1.webp 980w, https:\/\/fmp-components.com\/wp-content\/uploads\/2024\/12\/Sanitation-Machinery-Locking-Hydraulic-Cylinder-Dimensions-1-480x209.webp 480w\" sizes=\"(min-width: 0px) and (max-width: 480px) 480px, (min-width: 481px) 980px, 100vw\" \/><\/td>\n<td><img loading=\"lazy\" decoding=\"async\" class=\"alignnone size-full wp-image-424\" src=\"https:\/\/fmp-components.com\/wp-content\/uploads\/2024\/12\/Sanitation-Machinery-Locking-Hydraulic-Cylinder-Dimensions-2.webp\" alt=\"Hidraulikus henger reteszel\u0151\" width=\"980\" height=\"427\" title=\"\" srcset=\"https:\/\/fmp-components.com\/wp-content\/uploads\/2024\/12\/Sanitation-Machinery-Locking-Hydraulic-Cylinder-Dimensions-2.webp 980w, https:\/\/fmp-components.com\/wp-content\/uploads\/2024\/12\/Sanitation-Machinery-Locking-Hydraulic-Cylinder-Dimensions-2-480x209.webp 480w\" sizes=\"(min-width: 0px) and (max-width: 480px) 480px, (min-width: 481px) 980px, 100vw\" \/><\/td>\n<\/tr>\n<\/tbody>\n<\/table>\n<table style=\"width: 100%; height: 124px;\" border=\"1\" cellspacing=\"0\" cellpadding=\"0\">\n<tbody>\n<tr style=\"height: 47px;\">\n<td style=\"height: 47px;\" width=\"246\">Henger neve<\/td>\n<td style=\"height: 47px;\" width=\"336\">Rajzsz\u00e1m<\/td>\n<td style=\"height: 47px;\" width=\"126\">Furat\u00e1tm\u00e9r\u0151 (D)<\/td>\n<td style=\"height: 47px;\" width=\"123\">R\u00fad \u00e1tm\u00e9r\u0151je (d)<\/td>\n<td style=\"height: 47px;\" width=\"114\">L\u00f6ket (S)<\/td>\n<td style=\"height: 47px;\" width=\"170\">Telep\u00edt\u00e9si t\u00e1vols\u00e1g (L)<\/td>\n<td style=\"height: 47px;\" width=\"172\">\u00dczemi nyom\u00e1s<\/td>\n<td style=\"height: 47px;\" width=\"366\">Interf\u00e9sz m\u00e9retei (M)<\/td>\n<td style=\"height: 47px;\" width=\"96\">S\u00faly<\/td>\n<\/tr>\n<tr style=\"height: 33px;\">\n<td class=\"et3\" style=\"height: 33px;\" width=\"246\" height=\"286\">Z\u00e1r\u00f3henger<\/td>\n<td class=\"et4\" style=\"height: 33px;\" width=\"336\">107504-00<\/td>\n<td class=\"et4\" style=\"height: 33px;\" width=\"126\">\u03a640<\/td>\n<td class=\"et4\" style=\"height: 33px;\" width=\"123\">\u03a620<\/td>\n<td class=\"et4\" style=\"height: 33px;\" width=\"114\">53<\/td>\n<td class=\"et4\" style=\"height: 33px;\" width=\"170\">245<\/td>\n<td class=\"et4\" style=\"height: 33px;\" width=\"172\">25MPa<\/td>\n<td class=\"et4\" style=\"height: 33px;\" width=\"366\">2-G3\/8<\/td>\n<td class=\"et4\" style=\"height: 33px;\" width=\"96\">2,6 kg<\/td>\n<\/tr>\n<tr style=\"height: 44px;\">\n<td class=\"et3\" style=\"height: 44px;\" width=\"246\" height=\"316\">Z\u00e1r\u00f3henger<\/td>\n<td class=\"et4\" style=\"height: 44px;\">103631-00<\/td>\n<td class=\"et4\" style=\"height: 44px;\">\u03a663<\/td>\n<td class=\"et4\" style=\"height: 44px;\">\u03a640<\/td>\n<td class=\"et4\" style=\"height: 44px;\">160<\/td>\n<td class=\"et4\" style=\"height: 44px;\">385<\/td>\n<td class=\"et4\" style=\"height: 44px;\">30MPa<\/td>\n<td class=\"et4\" style=\"height: 44px;\">2-G3\/8<\/td>\n<td class=\"et4\" style=\"height: 44px;\">15 kg<\/td>\n<\/tr>\n<\/tbody>\n<\/table>\n<h3>A szaniterg\u00e9pek hidraulikus henger\u00e9nek reteszel\u0151j\u00e9nek jellemz\u0151i<\/h3>\n<h4>1. Robusztus konstrukci\u00f3<\/h4>\n<p>A szaniterg\u00e9pek reteszel\u0151 hidraulikus hengere nagy szil\u00e1rds\u00e1g\u00fa anyagokb\u00f3l k\u00e9sz\u00fcl, amelyek tart\u00f3ss\u00e1got \u00e9s kop\u00e1s\u00e1ll\u00f3s\u00e1got biztos\u00edtanak, \u00edgy alkalmass\u00e1 teszik a szaniter munk\u00e1k ig\u00e9nyes k\u00f6r\u00fclm\u00e9nyeire.<\/p>\n<h4>2. Hat\u00e9kony z\u00e1rmechanizmus<\/h4>\n<p>Ez a hidraulikus henger fejlett reteszel\u0151 mechanizmussal van ell\u00e1tva, amely lehet\u0151v\u00e9 teszi a gyors \u00e9s biztons\u00e1gos be- \u00e9s kikapcsol\u00e1s. Ez a hat\u00e9konys\u00e1g jav\u00edtja a m\u0171k\u00f6d\u00e9si munkafolyamatot \u00e9s a biztons\u00e1got haszn\u00e1lat k\u00f6zben.<\/p>\n<h4>3. Sima hidraulikus m\u0171k\u00f6d\u00e9s<\/h4>\n<p>A henger egy j\u00f3l megtervezett hidraulikus rendszert haszn\u00e1l, amely sima \u00e9s \u00e9rz\u00e9keny m\u0171k\u00f6d\u00e9st biztos\u00edt. Ez a funkci\u00f3 lehet\u0151v\u00e9 teszi a z\u00e1r\u00e1si \u00e9s old\u00e1si m\u0171veletek prec\u00edz vez\u00e9rl\u00e9s\u00e9t, biztos\u00edtva a megb\u00edzhat\u00f3 teljes\u00edtm\u00e9nyt.<\/p>\n<h4>4. Biztons\u00e1gi fejleszt\u00e9sek<\/h4>\n<p>A biztons\u00e1gi funkci\u00f3kat, p\u00e9ld\u00e1ul a nyom\u00e1scs\u00f6kkent\u0151 szelepeket tartalmaz\u00f3 reteszel\u0151 hidraulikus henger megakad\u00e1lyozza a v\u00e9letlen kiold\u00e1st vagy elmozdul\u00e1st. Ez biztos\u00edtja, hogy az alkatr\u00e9szek m\u0171k\u00f6d\u00e9s k\u00f6zben biztons\u00e1gosan r\u00f6gz\u00edtve maradjanak, cs\u00f6kkentve a balesetek kock\u00e1zat\u00e1t.<\/p>\n<h4>5. Sokoldal\u00fa kompatibilit\u00e1s<\/h4>\n<p>Ez a hidraulikus henger sz\u00e1mos szaniter berendez\u00e9ssel kompatibilis, bele\u00e9rtve a kuk\u00e1saut\u00f3kat \u00e9s az utcasepr\u0151 g\u00e9peket is, \u00edgy k\u00f6nnyen integr\u00e1lhat\u00f3 k\u00fcl\u00f6nf\u00e9le g\u00e9prendszerekbe, \u00edgy sokoldal\u00fa v\u00e1laszt\u00e1s a hullad\u00e9kgazd\u00e1lkod\u00e1si m\u0171veletekhez.<\/p>\n<h4>6. Alacsony karbantart\u00e1si ig\u00e9ny<\/h4>\n<p>Robusztus kialak\u00edt\u00e1s\u00e1nak \u00e9s tart\u00f3s anyagainak k\u00f6sz\u00f6nhet\u0151en a reteszel\u0151 hidraulikus henger minim\u00e1lis karbantart\u00e1st ig\u00e9nyel, ami cs\u00f6kkenti a higi\u00e9niai szolg\u00e1ltat\u00e1sok \u00e1ll\u00e1sidej\u00e9t \u00e9s \u00fczemeltet\u00e9si k\u00f6lts\u00e9geit.<\/p>\n<h4>7. Kompakt kialak\u00edt\u00e1s<\/h4>\n<p>A henger kompakt kialak\u00edt\u00e1sa lehet\u0151v\u00e9 teszi a hely hat\u00e9kony kihaszn\u00e1l\u00e1s\u00e1t a szaniterg\u00e9peken bel\u00fcl, optim\u00e1lis teljes\u00edtm\u00e9nyt ny\u00fajtva a berendez\u00e9s \u00e1ltal\u00e1nos elrendez\u00e9s\u00e9nek vesz\u00e9lyeztet\u00e9se n\u00e9lk\u00fcl.<\/p>\n<h4>8. Korr\u00f3zi\u00f3\u00e1ll\u00f3s\u00e1g<\/h4>\n<p>Sok modell korr\u00f3zi\u00f3v\u00e9d\u0151 bevonattal rendelkezik, biztos\u00edtva, hogy a hidraulikus henger meg\u0151rzi funkcionalit\u00e1s\u00e1t \u00e9s megjelen\u00e9s\u00e9t m\u00e9g a higi\u00e9niai munk\u00e1k sor\u00e1n gyakran el\u0151fordul\u00f3 zord k\u00f6rnyezeti felt\u00e9teleknek is kit\u00e9ve.<\/p>\n<p>\u00d6sszefoglalva, a szaniterg\u00e9pek reteszel\u0151 hidraulikus hengere \u00f6tv\u00f6zi a tart\u00f3ss\u00e1got, a hat\u00e9konys\u00e1got \u00e9s a biztons\u00e1got, \u00edgy n\u00e9lk\u00fcl\u00f6zhetetlen eleme a szaniteripar hat\u00e9kony \u00e9s megb\u00edzhat\u00f3 m\u0171k\u00f6d\u00e9s\u00e9nek.<\/p>\n<h2><img loading=\"lazy\" decoding=\"async\" class=\"alignnone size-full wp-image-422\" src=\"https:\/\/fmp-components.com\/wp-content\/uploads\/2024\/12\/Sanitation-Machinery.webp\" alt=\"Hidraulikus henger reteszel\u0151\" width=\"1000\" height=\"667\" title=\"\" srcset=\"https:\/\/fmp-components.com\/wp-content\/uploads\/2024\/12\/Sanitation-Machinery.webp 1000w, https:\/\/fmp-components.com\/wp-content\/uploads\/2024\/12\/Sanitation-Machinery-980x654.webp 980w, https:\/\/fmp-components.com\/wp-content\/uploads\/2024\/12\/Sanitation-Machinery-480x320.webp 480w\" sizes=\"(min-width: 0px) and (max-width: 480px) 480px, (min-width: 481px) and (max-width: 980px) 980px, (min-width: 981px) 1000px, 100vw\" \/><\/h2>\n<h2>Az FMP-r\u0151l<\/h2>\n<p>Az FMP egy speci\u00e1lis g\u00e9pgy\u00e1rt\u00f3 v\u00e1llalat, amely hidraulikus hengerek gy\u00e1rt\u00e1s\u00e1ra specializ\u00e1l\u00f3dott. Megalakul\u00e1sa \u00f3ta a v\u00e1llalat a hidraulikus technol\u00f3gia kutat\u00e1s\u00e1ra \u00e9s gy\u00e1rt\u00e1s\u00e1ra \u00f6sszpontos\u00edt, \u00e9s sikeresen \u00e1tt\u00e9rt a soksz\u00edn\u0171 term\u00e9kk\u00edn\u00e1latr\u00f3l, amely mag\u00e1ban foglalta a betakar\u00edt\u00f3 \u00e9s \u00e9p\u00edt\u0151ipari g\u00e9peket, a mez\u0151gazdas\u00e1gi traktoralkatr\u00e9szekre specializ\u00e1l\u00f3d\u00e1sra. T\u00f6bb mint egy \u00e9vtizedes gy\u00e1rt\u00e1si \u00e9s ir\u00e1ny\u00edt\u00e1si tapasztalattal az FMP fejlett gy\u00e1rt\u00e1si technik\u00e1kkal biztos\u00edtja a kiv\u00e1l\u00f3 min\u0151s\u00e9g\u0171 term\u00e9keket.<\/p>\n<p>A v\u00e1llalat fejl\u0151d\u00e9s\u00e9vel \u00e1tfog\u00f3 megmunk\u00e1l\u00f3 gy\u00e1rt\u00f3sort, \u00f6sszeszerel\u0151 sort \u00e9s bevon\u00f3sort fejlesztett ki. Csapatunk k\u00e9pzett vezet\u0151kb\u0151l, tapasztalt g\u00e9p\u00e9sztervez\u0151kb\u0151l \u00e9s magasan k\u00e9pzett technikusokb\u00f3l \u00e1ll, akik egy\u00fcttm\u0171k\u00f6dve biztos\u00edtj\u00e1k a stabil termel\u00e9si min\u0151s\u00e9get, mik\u00f6zben hat\u00e9konyan ellen\u0151rzik a folyamatok folytonoss\u00e1g\u00e1t \u00e9s hat\u00e9konys\u00e1g\u00e1t.<\/p>\n<p>Az FMP a k\u00f6vetkez\u0151 filoz\u00f3fi\u00e1t vallja: \u201eA technol\u00f3giai innov\u00e1ci\u00f3 hajtja a fejl\u0151d\u00e9st, a min\u0151s\u00e9g teremti a m\u00e1rk\u00e1kat, a szak\u00e9rtelem garant\u00e1lja a min\u0151s\u00e9get, \u00e9s hossz\u00fa t\u00e1v\u00fa, mindenki sz\u00e1m\u00e1ra el\u0151ny\u00f6s kapcsolatokat \u00e9p\u00edt.\u201d Elk\u00f6telezetts\u00e9g\u00fcnk a kiv\u00e1l\u00f3 min\u0151s\u00e9g\u0171 term\u00e9kek \u00e9s a kiv\u00e1l\u00f3 \u00fcgyf\u00e9lszolg\u00e1lat ir\u00e1nt tov\u00e1bbra is alapvet\u0151 c\u00e9lunk, mik\u00f6zben folyamatosan megfelel\u00fcnk a piac v\u00e1ltoz\u00f3 ig\u00e9nyeinek.<\/p>\n<p><img loading=\"lazy\" decoding=\"async\" class=\"alignnone size-full wp-image-426\" src=\"https:\/\/fmp-components.com\/wp-content\/uploads\/2024\/12\/Sanitation-Machinery-Locking-Hydraulic-Cylinder-factory.webp\" alt=\"Higi\u00e9niai-G\u00e9p-Z\u00e1r\u00f3-Hidraulikus-Henger-gy\u00e1r\" width=\"1414\" height=\"584\" title=\"\" srcset=\"https:\/\/fmp-components.com\/wp-content\/uploads\/2024\/12\/Sanitation-Machinery-Locking-Hydraulic-Cylinder-factory.webp 1414w, https:\/\/fmp-components.com\/wp-content\/uploads\/2024\/12\/Sanitation-Machinery-Locking-Hydraulic-Cylinder-factory-1280x529.webp 1280w, https:\/\/fmp-components.com\/wp-content\/uploads\/2024\/12\/Sanitation-Machinery-Locking-Hydraulic-Cylinder-factory-980x405.webp 980w, https:\/\/fmp-components.com\/wp-content\/uploads\/2024\/12\/Sanitation-Machinery-Locking-Hydraulic-Cylinder-factory-480x198.webp 480w\" sizes=\"(min-width: 0px) and (max-width: 480px) 480px, (min-width: 481px) and (max-width: 980px) 980px, (min-width: 981px) and (max-width: 1280px) 1280px, (min-width: 1281px) 1414px, 100vw\" \/><\/p>\n<p>Szerz\u0151: CX<\/p>","protected":false},"excerpt":{"rendered":"<p>A szaniterg\u00e9pek reteszel\u0151 hidraulikus hengere l\u00e9tfontoss\u00e1g\u00fa alkatr\u00e9sz, amelyet a szaniterberendez\u00e9sek, p\u00e9ld\u00e1ul a kuk\u00e1saut\u00f3k \u00e9s az utcasepr\u0151 g\u00e9pek biztons\u00e1gos m\u0171k\u00f6d\u00e9s\u00e9nek biztos\u00edt\u00e1s\u00e1ra terveztek. Ez a hidraulikus henger megb\u00edzhat\u00f3 reteszel\u0151 mechanizmusokat biztos\u00edt, amelyek fenntartj\u00e1k a g\u00e9p stabilit\u00e1s\u00e1t \u00e9s biztons\u00e1g\u00e1t m\u0171k\u00f6d\u00e9s \u00e9s sz\u00e1ll\u00edt\u00e1s k\u00f6zben. Nagy szil\u00e1rds\u00e1g\u00fa anyagokb\u00f3l k\u00e9sz\u00fclt, \u00edgy ellen\u00e1ll a zord munkak\u00f6rnyezet k\u00f6vetelm\u00e9nyeinek, biztos\u00edtva a tart\u00f3ss\u00e1got \u00e9s a hossz\u00fa \u00e9lettartamot. A hat\u00e9kony hidraulikus kialak\u00edt\u00e1s lehet\u0151v\u00e9 teszi a z\u00f6kken\u0151mentes m\u0171k\u00f6d\u00e9st, lehet\u0151v\u00e9 t\u00e9ve a reteszel\u0151rendszer gyors be- \u00e9s kiold\u00e1s\u00e1t. A biztons\u00e1g \u00e9s a hat\u00e9konys\u00e1g n\u00f6vel\u00e9se \u00e9rdek\u00e9ben elengedhetetlen ez a reteszel\u0151 hidraulikus henger, amely kulcsfontoss\u00e1g\u00fa a szaniterg\u00e9pek hat\u00e9kony m\u0171k\u00f6d\u00e9s\u00e9hez.<\/p>","protected":false},"featured_media":421,"comment_status":"open","ping_status":"closed","template":"","meta":{"_et_pb_use_builder":"","_et_pb_old_content":"","_et_gb_content_width":""},"product_brand":[],"product_cat":[23],"product_tag":[],"class_list":{"0":"post-420","1":"product","2":"type-product","3":"status-publish","4":"has-post-thumbnail","6":"product_cat-sanitation-machinery-hydraulic-cylinders","8":"first","9":"instock","10":"shipping-taxable","11":"product-type-simple"},"_links":{"self":[{"href":"https:\/\/fmp-components.com\/hu\/wp-json\/wp\/v2\/product\/420","targetHints":{"allow":["GET"]}}],"collection":[{"href":"https:\/\/fmp-components.com\/hu\/wp-json\/wp\/v2\/product"}],"about":[{"href":"https:\/\/fmp-components.com\/hu\/wp-json\/wp\/v2\/types\/product"}],"replies":[{"embeddable":true,"href":"https:\/\/fmp-components.com\/hu\/wp-json\/wp\/v2\/comments?post=420"}],"wp:featuredmedia":[{"embeddable":true,"href":"https:\/\/fmp-components.com\/hu\/wp-json\/wp\/v2\/media\/421"}],"wp:attachment":[{"href":"https:\/\/fmp-components.com\/hu\/wp-json\/wp\/v2\/media?parent=420"}],"wp:term":[{"taxonomy":"product_brand","embeddable":true,"href":"https:\/\/fmp-components.com\/hu\/wp-json\/wp\/v2\/product_brand?post=420"},{"taxonomy":"product_cat","embeddable":true,"href":"https:\/\/fmp-components.com\/hu\/wp-json\/wp\/v2\/product_cat?post=420"},{"taxonomy":"product_tag","embeddable":true,"href":"https:\/\/fmp-components.com\/hu\/wp-json\/wp\/v2\/product_tag?post=420"}],"curies":[{"name":"munkaf\u00fczet","href":"https:\/\/api.w.org\/{rel}","templated":true}]}}