{"id":411,"date":"2024-12-10T03:31:52","date_gmt":"2024-12-10T03:31:52","guid":{"rendered":"https:\/\/fmp-components.com\/?page_id=8"},"modified":"2024-12-10T03:51:35","modified_gmt":"2024-12-10T03:51:35","slug":"boom-aerial-work-vehicle-steering-hydraulic-cylinder","status":"publish","type":"product","link":"https:\/\/fmp-components.com\/hu\/product\/boom-aerial-work-vehicle-steering-hydraulic-cylinder\/","title":{"rendered":"G\u00e9mes emel\u0151g\u00e9p j\u00e1rm\u0171 korm\u00e1nym\u0171 hidraulikus hengere"},"content":{"rendered":"<p style=\"text-align: center;\"><span style=\"font-size: 18pt;\">G\u00e9mes emel\u0151g\u00e9p j\u00e1rm\u0171 korm\u00e1nym\u0171 hidraulikus hengere<\/span><\/p>\n<p>A g\u00e9m emel\u0151kos\u00e1r korm\u00e1nym\u0171 hidraulikus munkahengere kulcsfontoss\u00e1g\u00fa alkatr\u00e9sz, amelyet a emel\u0151kos\u00e1r man\u0151verezhet\u0151s\u00e9g\u00e9nek \u00e9s ir\u00e1ny\u00edthat\u00f3s\u00e1g\u00e1nak jav\u00edt\u00e1s\u00e1ra terveztek. Ez a hidraulikus henger prec\u00edz korm\u00e1nyz\u00e1si k\u00e9pess\u00e9geket biztos\u00edt, lehet\u0151v\u00e9 t\u00e9ve a kezel\u0151k sz\u00e1m\u00e1ra, hogy k\u00f6nnyen navig\u00e1ljanak sz\u0171k helyeken, \u00e9s pontosan pozicion\u00e1lj\u00e1k az emel\u0151t k\u00fcl\u00f6nb\u00f6z\u0151 alkalmaz\u00e1sok sor\u00e1n.<\/p>\n<h2><img loading=\"lazy\" decoding=\"async\" class=\"size-full wp-image-416 aligncenter\" src=\"https:\/\/fmp-components.com\/wp-content\/uploads\/2024\/12\/Boom-Aerial-Work-Vehicle-Steering-Hydraulic-Cylinder.webp\" alt=\"G\u00e9mes emel\u0151g\u00e9p j\u00e1rm\u0171 korm\u00e1nym\u0171 hidraulikus hengere\" width=\"500\" height=\"500\" title=\"\" srcset=\"https:\/\/fmp-components.com\/wp-content\/uploads\/2024\/12\/Boom-Aerial-Work-Vehicle-Steering-Hydraulic-Cylinder.webp 500w, https:\/\/fmp-components.com\/wp-content\/uploads\/2024\/12\/Boom-Aerial-Work-Vehicle-Steering-Hydraulic-Cylinder-480x480.webp 480w\" sizes=\"(min-width: 0px) and (max-width: 480px) 480px, (min-width: 481px) 500px, 100vw\" \/><\/h2>\n<h4>F\u0151bb jellemz\u0151k:<\/h4>\n<ul>\n<li>Sima korm\u00e1nyz\u00e1s: A hidraulikus henger \u00e9rz\u00e9keny \u00e9s sima korm\u00e1nyz\u00e1st biztos\u00edt, lehet\u0151v\u00e9 t\u00e9ve a pontos be\u00e1ll\u00edt\u00e1sokat \u00e9s a kiv\u00e1l\u00f3 kezelhet\u0151s\u00e9get \u00f6sszetett munkak\u00f6rnyezetekben.<\/li>\n<li>Tart\u00f3s konstrukci\u00f3: Nagy szil\u00e1rds\u00e1g\u00fa anyagokb\u00f3l k\u00e9sz\u00fclt, ez a korm\u00e1nym\u0171 hidraulikus henger \u00fagy van kialak\u00edtva, hogy ellen\u00e1lljon a neh\u00e9z \u00fczemi k\u00f6r\u00fclm\u00e9nyeknek, biztos\u00edtva a hossz\u00fa t\u00e1v\u00fa teljes\u00edtm\u00e9nyt \u00e9s megb\u00edzhat\u00f3s\u00e1got.<\/li>\n<li>Hat\u00e9kony hidraulikus rendszer: A fejlett hidraulikus kialak\u00edt\u00e1s maximaliz\u00e1lja a teljes\u00edtm\u00e9nyt, mik\u00f6zben minimaliz\u00e1lja az energiavesztes\u00e9get, hozz\u00e1j\u00e1rulva a k\u00f6lts\u00e9ghat\u00e9kony m\u0171k\u00f6d\u00e9shez \u00e9s a fokozott \u00f6sszhat\u00e9konys\u00e1ghoz.<\/li>\n<li>Biztons\u00e1gi fejleszt\u00e9sek: A t\u00falkorm\u00e1nyz\u00e1st megakad\u00e1lyoz\u00f3 \u00e9s stabilit\u00e1st biztos\u00edt\u00f3 biztons\u00e1gi funkci\u00f3kkal felszerelt henger seg\u00edt fenntartani az ir\u00e1ny\u00edt\u00e1st m\u0171k\u00f6d\u00e9s k\u00f6zben, cs\u00f6kkentve a balesetek kock\u00e1zat\u00e1t.<\/li>\n<li>Sokoldal\u00fa alkalmaz\u00e1sok: Ez a korm\u00e1nym\u0171 hidraulikus henger elengedhetetlen a g\u00e9mszerkezetes munkag\u00e9pek hat\u00e9konys\u00e1g\u00e1nak maximaliz\u00e1l\u00e1s\u00e1hoz, \u00e9s k\u00fcl\u00f6nf\u00e9le \u00e9p\u00edt\u0151ipari, karbantart\u00e1si \u00e9s k\u00f6zm\u0171szolg\u00e1ltat\u00e1si feladatokhoz is alkalmas.<\/li>\n<\/ul>\n<p>A g\u00e9m emel\u0151j\u00e1rm\u0171 korm\u00e1nym\u0171 hidraulikus munkahenger\u00e9t a man\u0151verezhet\u0151s\u00e9g, a biztons\u00e1g \u00e9s az \u00e1ltal\u00e1nos teljes\u00edtm\u00e9ny jav\u00edt\u00e1s\u00e1ra tervezt\u00e9k, \u00edgy n\u00e9lk\u00fcl\u00f6zhetetlen eszk\u00f6zz\u00e9 v\u00e1lik a k\u00fcl\u00f6nf\u00e9le ipar\u00e1gakban dolgoz\u00f3 kezel\u0151k sz\u00e1m\u00e1ra, akik emelt hozz\u00e1f\u00e9r\u00e9si megold\u00e1sokat ig\u00e9nyelnek.<\/p>\n<h2>G\u00e9m emel\u0151g\u00e9p korm\u00e1nym\u0171 hidraulikus henger m\u00e9retei:<\/h2>\n<table>\n<tbody>\n<tr>\n<td>\n<h2><img loading=\"lazy\" decoding=\"async\" class=\"alignnone size-full wp-image-414\" src=\"https:\/\/fmp-components.com\/wp-content\/uploads\/2024\/12\/Boom-Aerial-Work-Vehicle-Steering-Hydraulic-Cylinder-Dimensions-1.webp\" alt=\"G\u00e9m-Anglia-Munkaj\u00e1rm\u0171-Korm\u00e1nyz\u00e1s-Hidraulikus-Henger-M\u00e9retek\" width=\"980\" height=\"390\" title=\"\" srcset=\"https:\/\/fmp-components.com\/wp-content\/uploads\/2024\/12\/Boom-Aerial-Work-Vehicle-Steering-Hydraulic-Cylinder-Dimensions-1.webp 980w, https:\/\/fmp-components.com\/wp-content\/uploads\/2024\/12\/Boom-Aerial-Work-Vehicle-Steering-Hydraulic-Cylinder-Dimensions-1-480x191.webp 480w\" sizes=\"(min-width: 0px) and (max-width: 480px) 480px, (min-width: 481px) 980px, 100vw\" \/><\/h2>\n<\/td>\n<td>\n<h2><img loading=\"lazy\" decoding=\"async\" class=\"alignnone size-full wp-image-415\" src=\"https:\/\/fmp-components.com\/wp-content\/uploads\/2024\/12\/Boom-Aerial-Work-Vehicle-Steering-Hydraulic-Cylinder-Dimensions-2.webp\" alt=\"G\u00e9m-Anglia-Munkaj\u00e1rm\u0171-Korm\u00e1nyz\u00e1s-Hidraulikus-Henger-M\u00e9retek-2\" width=\"980\" height=\"390\" title=\"\" srcset=\"https:\/\/fmp-components.com\/wp-content\/uploads\/2024\/12\/Boom-Aerial-Work-Vehicle-Steering-Hydraulic-Cylinder-Dimensions-2.webp 980w, https:\/\/fmp-components.com\/wp-content\/uploads\/2024\/12\/Boom-Aerial-Work-Vehicle-Steering-Hydraulic-Cylinder-Dimensions-2-480x191.webp 480w\" sizes=\"(min-width: 0px) and (max-width: 480px) 480px, (min-width: 481px) 980px, 100vw\" \/><\/h2>\n<\/td>\n<\/tr>\n<\/tbody>\n<\/table>\n<table style=\"width: 100%; height: 130px;\" border=\"1\" cellspacing=\"0\" cellpadding=\"0\">\n<tbody>\n<tr style=\"height: 71px;\">\n<td style=\"height: 71px;\" width=\"246\">Henger neve<\/td>\n<td style=\"height: 71px;\" width=\"336\">Rajzsz\u00e1m<\/td>\n<td style=\"height: 71px;\" width=\"126\">Furat\u00e1tm\u00e9r\u0151 (D)<\/td>\n<td style=\"height: 71px;\" width=\"123\">R\u00fad \u00e1tm\u00e9r\u0151je (d)<\/td>\n<td style=\"height: 71px;\" width=\"114\">L\u00f6ket (S)<\/td>\n<td style=\"height: 71px;\" width=\"170\">Telep\u00edt\u00e9si t\u00e1vols\u00e1g (L)<\/td>\n<td style=\"height: 71px;\" width=\"172\">\u00dczemi nyom\u00e1s<\/td>\n<td style=\"height: 71px;\" width=\"366\">Interf\u00e9sz m\u00e9retei (M)<\/td>\n<td style=\"height: 71px;\" width=\"96\">S\u00faly<\/td>\n<\/tr>\n<tr style=\"height: 59px;\">\n<td class=\"et3\" style=\"height: 59px;\" width=\"246\" height=\"214\">Korm\u00e1nyhenger<\/td>\n<td class=\"et4\" style=\"height: 59px;\" width=\"336\">GTHZ210C-620100-000<\/td>\n<td class=\"et4\" style=\"height: 59px;\" width=\"126\">\u03a663<\/td>\n<td class=\"et4\" style=\"height: 59px;\" width=\"123\">\u03a635<\/td>\n<td class=\"et4\" style=\"height: 59px;\" width=\"114\">320<\/td>\n<td class=\"et4\" style=\"height: 59px;\" width=\"170\">540<\/td>\n<td class=\"et4\" style=\"height: 59px;\" width=\"172\">21MPa<\/td>\n<td class=\"et4\" style=\"height: 59px;\" width=\"366\">2 db M14*1.5<\/td>\n<td class=\"et4\" style=\"height: 59px;\" width=\"96\">13 kg<\/td>\n<\/tr>\n<\/tbody>\n<\/table>\n<h2>G\u00e9mes munkag\u00e9p j\u00e1rm\u0171 korm\u00e1nym\u0171 hidraulikus henger\u00e9nek param\u00e9tere:<\/h2>\n<table border=\"1\" width=\"100%\" cellspacing=\"0\" cellpadding=\"0\">\n<tbody>\n<tr>\n<td width=\"70\">T\u00e9tel<\/td>\n<td width=\"70\">Le\u00edr\u00e1s<\/td>\n<\/tr>\n<tr>\n<td width=\"70\">Term\u00e9k neve<\/td>\n<td width=\"70\">Korm\u00e1nym\u0171 hidraulikus henger<\/td>\n<\/tr>\n<tr>\n<td width=\"70\">Alkalmaz\u00e1s<\/td>\n<td width=\"70\">G\u00e9mes l\u00e9gi munkag\u00e9p<\/td>\n<\/tr>\n<tr>\n<td width=\"70\">Anyag<\/td>\n<td width=\"70\">20#\/45#, Q345B, 40Cr ac\u00e9l<\/td>\n<\/tr>\n<tr>\n<td width=\"70\">Sz\u00edn\u00e9szi t\u00edpus<\/td>\n<td width=\"70\">Kett\u0151s m\u0171k\u00f6d\u00e9s\u0171 Egyszeres m\u0171k\u00f6d\u00e9s\u0171<\/td>\n<\/tr>\n<tr>\n<td width=\"70\">Alapvet\u0151 \u00f6sszetev\u0151k<\/td>\n<td width=\"70\">Dugatty\u00far\u00fad, Dugatty\u00fa<\/td>\n<\/tr>\n<tr>\n<td width=\"70\">Bizony\u00edtv\u00e1ny:<\/td>\n<td width=\"70\">ISO9001, ISO4001, ISO 45003<\/td>\n<\/tr>\n<tr>\n<td width=\"70\">Termel\u00e9si kapacit\u00e1s:<\/td>\n<td width=\"70\">1200 000 db \u00e9vente<\/td>\n<\/tr>\n<tr>\n<td width=\"70\">Mintav\u00e9teli id\u0151<\/td>\n<td width=\"70\">A t\u00e9nyleges t\u00edpus alapj\u00e1n<\/td>\n<\/tr>\n<tr>\n<td width=\"70\">M\u00e1rka<\/td>\n<td width=\"70\">FMP vagy az \u00fcgyf\u00e9l log\u00f3ja<\/td>\n<\/tr>\n<tr>\n<td width=\"70\">Szolg\u00e1ltat\u00e1s<\/td>\n<td width=\"70\">OEM \u00e9s ODM<\/td>\n<\/tr>\n<tr>\n<td width=\"70\">T\u00f6m\u00edt\u00e9s m\u00e1rka<\/td>\n<td width=\"70\">Parker, NOK, BUSAK SHAMBAN<\/td>\n<\/tr>\n<tr>\n<td width=\"70\">Sz\u00e1ll\u00edt\u00e1si id\u0151<\/td>\n<td width=\"70\">Rendel\u00e9si mennyis\u00e9g alapj\u00e1n.<\/td>\n<\/tr>\n<tr>\n<td width=\"70\">V\u00e1llalkoz\u00e1st\u00edpus<\/td>\n<td width=\"70\">Gy\u00e1rt\u00f3 \u00e9s export\u0151r<\/td>\n<\/tr>\n<\/tbody>\n<\/table>\n<h2>El\u00e9rhet\u0151 hidraulikus henger M\u00e1rka \u00e9s modell:<\/h2>\n<table style=\"width: 100%;\" border=\"1\" cellspacing=\"0\" cellpadding=\"0\">\n<tbody>\n<tr>\n<td style=\"width: 11.2661%;\"><b data-spm-anchor-id=\"a2700.details.0.i43.45d84a73e99C9z\">KOMATSU (PC)<\/b><\/td>\n<td style=\"width: 88.6266%;\">PC30, PC40, PC50, PC56, PC60, PC78, PC100, PC110, PC120, PC130, PC160, PC200-3\/5\/6\/7\/8\/8MO, PC210, PC220-5\/6\/7\/8\/8MO, PC240, PC300\/350\/360-5\/6\/7\/8\/8MO, PC400\/450-5\/6\/7\/8\/8MO, PC800, PC850<\/td>\n<\/tr>\n<tr>\n<td style=\"width: 11.2661%;\"><b>HERNY\u00d3 (E)<\/b><\/td>\n<td style=\"width: 88.6266%;\">E301.5, E302, E305.5, E306, E307V1\/V2\/B\/C\/D\/E\/F, E308B\/C, E120B, E312V1\/V2\/B\/C\/D, E313D2, E312D2, E315D,<br \/>\nE200B,E320V1\/V2\/A\/B\/C\/D,E324D,E325C\/D,E329D,E330\/336C\/D,E345C,E349D,E365C,E374,E390<\/td>\n<\/tr>\n<tr>\n<td style=\"width: 11.2661%;\"><b>KOBELCO (SK)<\/b><\/td>\n<td style=\"width: 88.6266%;\">SK60-3\/5\/8,SK75-8\/SR, SK100 ,SK120-3\/5, SK135-8\/SR, SK140-8, SK200-3\/5\/6\/6E, SK210-3\/5\/6\/6E,<br \/>\nSK230\/250-6E,SK250-8,SK260-8,SK350-8\/S8,SK460\/480-8<\/td>\n<\/tr>\n<tr>\n<td style=\"width: 11.2661%;\"><b>HYUNDAI (R)<\/b><\/td>\n<td style=\"width: 88.6266%;\">R55-5\/7, R60-5\/7, R80, R110, R130, R200-5, R210-5, R215-5\/7, R220-5\/7\/9, R225-5\/7\/9, R250, R260, R265, R290, R305, R445, R485, R505<\/td>\n<\/tr>\n<tr>\n<td style=\"width: 11.2661%;\"><b data-spm-anchor-id=\"a2700.details.0.i53.45d84a73e99C9z\">HITACHI (EX.ZX)<\/b><\/td>\n<td style=\"width: 88.6266%;\">EX60, EX100-1\/2\/3, EX120-1\/3\/5\/6, EX200-1\/3\/5, EX230-5, EX300-1, EX400<br \/>\nZAX60,ZAX70,ZA120-6,ZAX200\/210-1\/3\/5\/5K,ZAX240,ZAX250,ZAX260,ZAX330-3\/5\/6,ZAX450\/470,ZAX650\/670,ZAX850\/870<\/td>\n<\/tr>\n<tr>\n<td style=\"width: 11.2661%;\">\n<div class=\"magic-32\"><b data-spm-anchor-id=\"a2700.details.0.i55.45d84a73e99C9z\">DOOSAN (DH\/DX)<\/b><\/div>\n<\/td>\n<td style=\"width: 88.6266%;\">\n<div class=\"magic-33\"><span class=\"magic-34\">DH55, DH60, DH80, DH150, DH215-5\/7, DH220-5, DH225-5\/7, DH258, DH300-5\/7, DH370, DH420, DH500<br \/>\nDX55, DX60, DX75, DX130, DX225-9, DX300, DX380, DX420, DX500<\/span><\/div>\n<\/td>\n<\/tr>\n<tr>\n<td style=\"width: 11.2661%;\">\n<div class=\"magic-32\"><b>VOLVO (EC)<\/b><\/div>\n<\/td>\n<td style=\"width: 88.6266%;\">\n<div class=\"magic-33\"><span class=\"magic-34\">EC55, EC60, EC75, EC80, EC140, EC210B\/D, EC220D, EC240, EC250, EC290, EC300, EC360 EC380, EC460, EC480, EC700, EC750, EC950<\/span><\/div>\n<\/td>\n<\/tr>\n<tr>\n<td style=\"width: 11.2661%;\">\n<div class=\"magic-32\"><b>KATO (HD)<\/b><\/div>\n<\/td>\n<td style=\"width: 88.6266%;\">\n<div class=\"magic-33\"><span class=\"magic-34\">HD307\/308, HD450, HD512, HD700-5\/7, HD820-1\/2\/3\/5\/R, HD1023-1\/3, HD1430-1\/3<\/span><\/div>\n<\/td>\n<\/tr>\n<tr>\n<td style=\"width: 11.2661%;\">\n<div class=\"magic-32\"><b>EGY\u00c9B M\u00c1RKA<\/b><\/div>\n<\/td>\n<td style=\"width: 88.6266%;\">\n<div class=\"magic-33\"><span class=\"magic-34\">XCMG,LIUGONG,KUBOTA,CASE,YANMAR,SUNWARD,ZOOMLION,LISHIDE,LIEHERR<\/span><\/div>\n<\/td>\n<\/tr>\n<\/tbody>\n<\/table>\n<h3>A g\u00e9m l\u00e9gi munka elve J\u00e1rm\u0171 korm\u00e1nym\u0171 hidraulikus henger<\/h3>\n<p>A g\u00e9m munkag\u00e9p hidraulikus korm\u00e1nyhengere a hidraulika elv\u00e9n m\u0171k\u00f6dik, folyad\u00e9knyom\u00e1st haszn\u00e1lva a j\u00e1rm\u0171 korm\u00e1nyz\u00e1s\u00e1hoz sz\u00fcks\u00e9ges mozg\u00e1s \u00e9s er\u0151 l\u00e9trehoz\u00e1s\u00e1hoz. \u00cdme a m\u0171k\u00f6d\u00e9s\u00e9nek r\u00e9szletes le\u00edr\u00e1sa:<\/p>\n<h4>1. Hidraulikus folyad\u00e9kdinamika<\/h4>\n<p>A henger hidraulikafolyad\u00e9kot, jellemz\u0151en olajat tartalmaz, amely az er\u0151\u00e1tvitelre szolg\u00e1l. Amikor a kezel\u0151 m\u0171k\u00f6dteti a korm\u00e1nyberendez\u00e9st, egy szivatty\u00fa hidraulikafolyad\u00e9kot juttat a hengerbe.<\/p>\n<h4>2. Dugatty\u00fa mozg\u00e1sa<\/h4>\n<p>A henger belsej\u00e9ben egy dugatty\u00fa tal\u00e1lhat\u00f3, amely k\u00e9t kamr\u00e1ra osztja a hengert. Amikor a hidraulikafolyad\u00e9k bel\u00e9p az egyik kamr\u00e1ba, megnyomja a dugatty\u00fat, ami mozg\u00e1sra k\u00e9szteti azt. Ez a mozg\u00e1s a j\u00e1rm\u0171 korm\u00e1nyz\u00e1si mozg\u00e1s\u00e1v\u00e1 alakul.<\/p>\n<h4>3. Folyad\u00e9knyom\u00e1s szab\u00e1lyoz\u00e1sa<\/h4>\n<p>A hidraulikafolyad\u00e9k mennyis\u00e9g\u00e9t \u00e9s nyom\u00e1s\u00e1t szab\u00e1lyozz\u00e1k a dugatty\u00fa mozg\u00e1s\u00e1nak sebess\u00e9ge \u00e9s ereje \u00e9rdek\u00e9ben. A folyad\u00e9k \u00e1raml\u00e1s\u00e1nak be\u00e1ll\u00edt\u00e1s\u00e1val a kezel\u0151 prec\u00edz korm\u00e1nyreakci\u00f3kat \u00e9rhet el, ami lehet\u0151v\u00e9 teszi a sima \u00e9s pontos man\u0151verez\u00e9st.<\/p>\n<h4>4. Visszat\u00e9r\u00e9si mechanizmus<\/h4>\n<p>Miut\u00e1n a k\u00edv\u00e1nt korm\u00e1nysz\u00f6get el\u00e9rt\u00e9k, a hidraulikafolyad\u00e9k visszaker\u00fcl a tart\u00e1lyba, lehet\u0151v\u00e9 t\u00e9ve a dugatty\u00fa visszat\u00e9r\u00e9s\u00e9t eredeti helyzet\u00e9be. Ez a visszat\u00e9r\u00e9si m\u0171velet elengedhetetlen a korm\u00e1nyszerkezet vissza\u00e1ll\u00edt\u00e1s\u00e1hoz \u00e9s a k\u00f6vetkez\u0151 man\u0151ver el\u0151k\u00e9sz\u00edt\u00e9s\u00e9hez.<\/p>\n<h4>5. Biztons\u00e1gi funkci\u00f3k<\/h4>\n<p>Sok korm\u00e1nym\u0171 hidraulikus munkahenger biztons\u00e1gi mechanizmusokkal, p\u00e9ld\u00e1ul nyom\u00e1scs\u00f6kkent\u0151 szelepekkel van felszerelve, amelyek megakad\u00e1lyozz\u00e1k a t\u00falterhel\u00e9st \u00e9s biztos\u00edtj\u00e1k a stabil m\u0171k\u00f6d\u00e9st. Ezek a funkci\u00f3k seg\u00edtenek fenntartani az ir\u00e1ny\u00edt\u00e1st \u00e9s megel\u0151zni a baleseteket a j\u00e1rm\u0171 vezet\u00e9se k\u00f6zben.<\/p>\n<p>A korm\u00e1nym\u0171 hidraulikus henger\u00e9nek hat\u00e9kony hidraulikus alapelveinek alkalmaz\u00e1sa lehet\u0151v\u00e9 teszi a g\u00e9mszerkezet\u0171 l\u00e9gi munkag\u00e9pek prec\u00edz vez\u00e9rl\u00e9s\u00e9t \u00e9s man\u0151verezhet\u0151s\u00e9g\u00e9t. A hidraulikus nyom\u00e1s line\u00e1ris mozg\u00e1ss\u00e1 alak\u00edt\u00e1s\u00e1val lehet\u0151v\u00e9 teszi a kezel\u0151k sz\u00e1m\u00e1ra, hogy biztons\u00e1gosan \u00e9s hat\u00e9konyan navig\u00e1ljanak \u00f6sszetett k\u00f6rnyezetekben, \u00edgy n\u00e9lk\u00fcl\u00f6zhetetlen alkot\u00f3eleme a l\u00e9gi munkaalkalmaz\u00e1soknak.<\/p>\n<h2>Az FMP-r\u0151l<\/h2>\n<p>Az FMP egy hidraulikus hengerek speci\u00e1lis gy\u00e1rt\u00f3ja, amely a kutat\u00e1sra \u00e9s a gy\u00e1rt\u00e1si kiv\u00e1l\u00f3s\u00e1gra helyezett er\u0151s hangs\u00faly\u00e1r\u00f3l ismert. A v\u00e1llalat megalakul\u00e1sa \u00f3ta elk\u00f6telezett a hidraulikus hengerek technol\u00f3gi\u00e1j\u00e1nak folyamatos fejleszt\u00e9se ir\u00e1nt. Kezdetben az FMP a betakar\u00edt\u00f3 \u00e9s \u00e9p\u00edt\u0151ipari g\u00e9pekhez gy\u00e1rtott k\u00fcl\u00f6nf\u00e9le term\u00e9keket; az\u00f3ta azonban kifejezetten a mez\u0151gazdas\u00e1gi traktorok alkatr\u00e9szeire \u00f6sszpontos\u00edt.<\/p>\n<p>T\u00f6bb mint egy \u00e9vtizedes gy\u00e1rt\u00e1si szak\u00e9rtelemmel az FMP a sz\u00e9lesk\u00f6r\u0171 vezet\u0151i tapasztalatot a fejlett gy\u00e1rt\u00e1si technol\u00f3gi\u00e1kkal \u00f6tv\u00f6zi, hogy term\u00e9kei legmagasabb min\u0151s\u00e9gi szabv\u00e1nyait biztos\u00edtsa. A v\u00e1llalat \u00e1tfog\u00f3 megmunk\u00e1l\u00f3 gy\u00e1rt\u00f3sort, \u00f6sszeszerel\u0151 sort \u00e9s bevon\u00f3sort hozott l\u00e9tre, amelyek lehet\u0151v\u00e9 teszik a megb\u00edzhat\u00f3 \u00e9s hat\u00e9kony gy\u00e1rt\u00e1si folyamatok biztos\u00edt\u00e1s\u00e1t.<\/p>\n<p>Az FMP n\u00f6veked\u00e9s\u00e9t egy elk\u00f6telezett csapat t\u00e1mogatta, amely tapasztalt vezet\u0151kb\u0151l, k\u00e9pzett g\u00e9p\u00e9sztervez\u0151kb\u0151l \u00e9s magasan k\u00e9pzett technikusokb\u00f3l \u00e1ll. Ez az egy\u00fcttm\u0171k\u00f6d\u0151 megk\u00f6zel\u00edt\u00e9s biztos\u00edtja az \u00e1lland\u00f3 term\u00e9kmin\u0151s\u00e9get \u00e9s hat\u00e9konyan kezeli a folyamatok folytonoss\u00e1g\u00e1t, n\u00f6velve az \u00e1ltal\u00e1nos termel\u00e9si hat\u00e9konys\u00e1got.<\/p>\n<p>Az FMP filoz\u00f3fi\u00e1j\u00e1nak k\u00f6z\u00e9ppontj\u00e1ban a \u201eTechnol\u00f3giai innov\u00e1ci\u00f3 a fejl\u0151d\u00e9s el\u0151mozd\u00edt\u00e1sa\u201d, a \u201eMin\u0151s\u00e9g teremt\u00e9se m\u00e1rk\u00e1k l\u00e9trehoz\u00e1sa\u201d, a \u201eMin\u0151s\u00e9get garant\u00e1l\u00f3 szak\u00e9rtelem\u201d \u00e9s a \u201eHossz\u00fa t\u00e1v\u00fa, mindenki sz\u00e1m\u00e1ra el\u0151ny\u00f6s kapcsolatok ki\u00e9p\u00edt\u00e9se\u201d \u00e9rt\u00e9kek \u00e1llnak. A v\u00e1llalat elk\u00f6telezett a kiv\u00e1l\u00f3 min\u0151s\u00e9g\u0171 term\u00e9kek sz\u00e1ll\u00edt\u00e1sa mellett, kiv\u00e9teles \u00fcgyf\u00e9lszolg\u00e1lat ny\u00fajt\u00e1sa mellett. Az FMP folyamatosan arra t\u00f6rekszik, hogy alkalmazkodjon a piac v\u00e1ltoz\u00f3 ig\u00e9nyeihez, \u00e9s megb\u00edzhat\u00f3 partnerk\u00e9nt pozicion\u00e1lja mag\u00e1t a mez\u0151gazdas\u00e1gi g\u00e9piparban. Az innov\u00e1ci\u00f3 \u00e9s a min\u0151s\u00e9g ir\u00e1nti elk\u00f6telezetts\u00e9g\u00e9vel az FMP c\u00e9lja, hogy jelent\u0151sen hozz\u00e1j\u00e1ruljon a hidraulikus technol\u00f3gia fejl\u0151d\u00e9s\u00e9hez a mez\u0151gazdas\u00e1gi \u00e1gazatban.<\/p>\n<p><img loading=\"lazy\" decoding=\"async\" class=\"alignnone wp-image-359\" src=\"https:\/\/fmp-components.com\/wp-content\/uploads\/2024\/12\/fmp-factory-3.webp\" sizes=\"(min-width: 0px) and (max-width: 480px) 480px, (min-width: 481px) 914px, 100vw\" srcset=\"https:\/\/fmp-components.com\/wp-content\/uploads\/2024\/12\/fmp-factory-3.webp 914w, https:\/\/fmp-components.com\/wp-content\/uploads\/2024\/12\/fmp-factory-3-480x321.webp 480w\" alt=\"fmp-gy\u00e1r\" width=\"914\" height=\"612\" title=\"\"><\/p>\n<p>Szerz\u0151: CX<\/p>","protected":false},"excerpt":{"rendered":"<p>A g\u00e9m emel\u0151kos\u00e1r korm\u00e1nym\u0171 hidraulikus munkahengere egy alapvet\u0151 alkatr\u00e9sz, amelyet a munka\u00e1llv\u00e1nyok prec\u00edz korm\u00e1nyz\u00e1si vez\u00e9rl\u00e9s\u00e9re terveztek. Ez a hidraulikus henger sima \u00e9s \u00e9rz\u00e9keny man\u0151verezhet\u0151s\u00e9get biztos\u00edt, lehet\u0151v\u00e9 t\u00e9ve a kezel\u0151k sz\u00e1m\u00e1ra, hogy sz\u0171k helyeken navig\u00e1ljanak, \u00e9s pontosan pozicion\u00e1lj\u00e1k a j\u00e1rm\u0171vet k\u00fcl\u00f6nb\u00f6z\u0151 feladatok sor\u00e1n. Nagy szil\u00e1rds\u00e1g\u00fa anyagokb\u00f3l k\u00e9sz\u00fclt, \u00edgy tart\u00f3ss\u00e1got \u00e9s megb\u00edzhat\u00f3s\u00e1got biztos\u00edt ig\u00e9nyes k\u00f6rnyezetben. A hat\u00e9kony hidraulikus rendszer nemcsak a korm\u00e1nyz\u00e1si teljes\u00edtm\u00e9nyt jav\u00edtja, hanem hozz\u00e1j\u00e1rul az \u00e1ltal\u00e1nos \u00fczembiztons\u00e1ghoz is. A k\u00f6nny\u0171 navig\u00e1ci\u00f3t lehet\u0151v\u00e9 tev\u0151 k\u00e9pess\u00e9g\u00e9vel ez a korm\u00e1nym\u0171 hidraulikus munkahenger kulcsfontoss\u00e1g\u00fa a g\u00e9m emel\u0151k hat\u00e9konys\u00e1g\u00e1nak maximaliz\u00e1l\u00e1s\u00e1hoz az \u00e9p\u00edt\u0151iparban, a karbantart\u00e1sban \u00e9s a k\u00f6zm\u0171szolg\u00e1ltat\u00e1sokban.<\/p>","protected":false},"featured_media":416,"comment_status":"open","ping_status":"closed","template":"","meta":{"_et_pb_use_builder":"","_et_pb_old_content":"","_et_gb_content_width":""},"product_brand":[],"product_cat":[22],"product_tag":[],"class_list":{"0":"post-411","1":"product","2":"type-product","3":"status-publish","4":"has-post-thumbnail","6":"product_cat-aerial-work-vehicle-hydraulic-cylinders","8":"first","9":"instock","10":"shipping-taxable","11":"product-type-simple"},"_links":{"self":[{"href":"https:\/\/fmp-components.com\/hu\/wp-json\/wp\/v2\/product\/411","targetHints":{"allow":["GET"]}}],"collection":[{"href":"https:\/\/fmp-components.com\/hu\/wp-json\/wp\/v2\/product"}],"about":[{"href":"https:\/\/fmp-components.com\/hu\/wp-json\/wp\/v2\/types\/product"}],"replies":[{"embeddable":true,"href":"https:\/\/fmp-components.com\/hu\/wp-json\/wp\/v2\/comments?post=411"}],"wp:featuredmedia":[{"embeddable":true,"href":"https:\/\/fmp-components.com\/hu\/wp-json\/wp\/v2\/media\/416"}],"wp:attachment":[{"href":"https:\/\/fmp-components.com\/hu\/wp-json\/wp\/v2\/media?parent=411"}],"wp:term":[{"taxonomy":"product_brand","embeddable":true,"href":"https:\/\/fmp-components.com\/hu\/wp-json\/wp\/v2\/product_brand?post=411"},{"taxonomy":"product_cat","embeddable":true,"href":"https:\/\/fmp-components.com\/hu\/wp-json\/wp\/v2\/product_cat?post=411"},{"taxonomy":"product_tag","embeddable":true,"href":"https:\/\/fmp-components.com\/hu\/wp-json\/wp\/v2\/product_tag?post=411"}],"curies":[{"name":"munkaf\u00fczet","href":"https:\/\/api.w.org\/{rel}","templated":true}]}}