{"id":397,"date":"2024-12-10T02:38:22","date_gmt":"2024-12-10T02:38:22","guid":{"rendered":"https:\/\/fmp-components.com\/?page_id=8"},"modified":"2024-12-10T02:54:39","modified_gmt":"2024-12-10T02:54:39","slug":"scissor-fork-aerial-work-vehicle-lifting-hydraulic-cylinder","status":"publish","type":"product","link":"https:\/\/fmp-components.com\/hu\/product\/scissor-fork-aerial-work-vehicle-lifting-hydraulic-cylinder\/","title":{"rendered":"Oll\u00f3s vill\u00e1s l\u00e9gi munkaj\u00e1rm\u0171-emel\u0151 hidraulikus henger"},"content":{"rendered":"<p style=\"text-align: center;\"><span style=\"font-size: 18pt;\">Oll\u00f3s vill\u00e1s l\u00e9gi munkaj\u00e1rm\u0171-emel\u0151 hidraulikus henger<\/span><\/p>\n<p>Az oll\u00f3s vill\u00e1s munkaj\u00e1rm\u0171 emel\u0151hidraulikus munkahengere egy alapvet\u0151 alkatr\u00e9sz, amelyet az oll\u00f3s emel\u0151kos\u00e1r megb\u00edzhat\u00f3 emel\u0151erej\u00e9nek biztos\u00edt\u00e1s\u00e1ra terveztek. Ez a hidraulikus munkahenger optim\u00e1lis teljes\u00edtm\u00e9nyre lett tervezve, lehet\u0151v\u00e9 t\u00e9ve az emel\u0151 sima \u00e9s szab\u00e1lyozott emel\u00e9s\u00e9t, ami elengedhetetlen a megemelt munkater\u00fcletek biztons\u00e1gos \u00e9s hat\u00e9kony el\u00e9r\u00e9s\u00e9hez.<\/p>\n<p><img loading=\"lazy\" decoding=\"async\" class=\"size-full wp-image-407 aligncenter\" src=\"https:\/\/fmp-components.com\/wp-content\/uploads\/2024\/12\/Scissor-Fork-Aerial-Work-Vehicle-Lifting-Hydraulic-Cylinder.webp\" alt=\"Oll\u00f3s vill\u00e1s l\u00e9gi munkaj\u00e1rm\u0171-emel\u0151 hidraulikus henger\" width=\"500\" height=\"500\" title=\"\" srcset=\"https:\/\/fmp-components.com\/wp-content\/uploads\/2024\/12\/Scissor-Fork-Aerial-Work-Vehicle-Lifting-Hydraulic-Cylinder.webp 500w, https:\/\/fmp-components.com\/wp-content\/uploads\/2024\/12\/Scissor-Fork-Aerial-Work-Vehicle-Lifting-Hydraulic-Cylinder-480x480.webp 480w\" sizes=\"(min-width: 0px) and (max-width: 480px) 480px, (min-width: 481px) 500px, 100vw\" \/><\/p>\n<h4>F\u0151bb jellemz\u0151k:<\/h4>\n<ul>\n<li>Robusztus konstrukci\u00f3: Nagy szil\u00e1rds\u00e1g\u00fa anyagokb\u00f3l k\u00e9sz\u00fclt, ez az emel\u0151hidraulikus henger nagy terhel\u00e9seknek \u00e9s zord munkak\u00f6r\u00fclm\u00e9nyeknek is ellen\u00e1ll, \u00edgy tart\u00f3s \u00e9s hossz\u00fa t\u00e1v\u00fa teljes\u00edtm\u00e9nyt biztos\u00edt.<\/li>\n<li>Sima hidraulikus m\u0171k\u00f6d\u00e9s: A fejlett hidraulikus rendszer z\u00f6kken\u0151mentes emel\u00e9si \u00e9s s\u00fcllyeszt\u00e9si m\u0171veleteket tesz lehet\u0151v\u00e9, \u00edgy a kezel\u0151k prec\u00edzen szab\u00e1lyozhatj\u00e1k a platform magass\u00e1g\u00e1t k\u00fcl\u00f6nb\u00f6z\u0151 feladatok sor\u00e1n.<\/li>\n<li>Fokozott biztons\u00e1g: A biztons\u00e1got szem el\u0151tt tartva tervezett henger olyan funkci\u00f3kat tartalmaz, amelyek megakad\u00e1lyozz\u00e1k a hirtelen mozg\u00e1sokat \u00e9s biztos\u00edtj\u00e1k a stabil m\u0171k\u00f6d\u00e9st, cs\u00f6kkentve a balesetek kock\u00e1zat\u00e1t a magasban v\u00e9gzett munka sor\u00e1n.<\/li>\n<li>Sokoldal\u00fa alkalmaz\u00e1sok: Ez az emel\u0151hidraulikus munkahenger sz\u00e9les k\u00f6rben alkalmazhat\u00f3, bele\u00e9rtve az \u00e9p\u00edt\u0151ipar, a karbantart\u00e1s \u00e9s az ipari k\u00f6rnyezeteket, \u00e9s fokozza az oll\u00f3vill\u00e1s munkag\u00e9pek funkcionalit\u00e1s\u00e1t.<\/li>\n<li>K\u00f6nny\u0171 integr\u00e1ci\u00f3: A hengert \u00fagy tervezt\u00e9k, hogy egyszer\u0171en beszerelhet\u0151 legyen a megl\u00e9v\u0151 emel\u0151rendszerekbe, minimaliz\u00e1lva az \u00e1ll\u00e1sid\u0151t \u00e9s lehet\u0151v\u00e9 t\u00e9ve a gyors telep\u00edt\u00e9st a terepen.<\/li>\n<\/ul>\n<p>\u00d6sszefoglalva, az oll\u00f3s vill\u00e1s munkag\u00e9pek hidraulikus munkahengere l\u00e9tfontoss\u00e1g\u00fa alkatr\u00e9sz, amely n\u00f6veli a munkag\u00e9pek biztons\u00e1g\u00e1t, hat\u00e9konys\u00e1g\u00e1t \u00e9s termel\u00e9kenys\u00e9g\u00e9t, \u00edgy n\u00e9lk\u00fcl\u00f6zhetetlen eszk\u00f6zz\u00e9 teszi a k\u00fcl\u00f6nf\u00e9le ipar\u00e1gakban dolgoz\u00f3 \u00fczemeltet\u0151k sz\u00e1m\u00e1ra, akik emelt hozz\u00e1f\u00e9r\u00e9si megold\u00e1sokat ig\u00e9nyelnek.<\/p>\n<h2>Oll\u00f3s vill\u00e1s emel\u0151j\u00e1rm\u0171-emel\u0151 hidraulikus henger alkatr\u00e9szei:<\/h2>\n<p><img loading=\"lazy\" decoding=\"async\" class=\"alignnone size-full wp-image-404\" src=\"https:\/\/fmp-components.com\/wp-content\/uploads\/2024\/12\/Scissor-Fork-Aerial-Work-Vehicle-Lifting-Hydraulic-Cylinder-Parts.webp\" alt=\"\" width=\"1024\" height=\"634\" title=\"\" srcset=\"https:\/\/fmp-components.com\/wp-content\/uploads\/2024\/12\/Scissor-Fork-Aerial-Work-Vehicle-Lifting-Hydraulic-Cylinder-Parts.webp 1024w, https:\/\/fmp-components.com\/wp-content\/uploads\/2024\/12\/Scissor-Fork-Aerial-Work-Vehicle-Lifting-Hydraulic-Cylinder-Parts-980x607.webp 980w, https:\/\/fmp-components.com\/wp-content\/uploads\/2024\/12\/Scissor-Fork-Aerial-Work-Vehicle-Lifting-Hydraulic-Cylinder-Parts-480x297.webp 480w\" sizes=\"(min-width: 0px) and (max-width: 480px) 480px, (min-width: 481px) and (max-width: 980px) 980px, (min-width: 981px) 1024px, 100vw\" \/><\/p>\n<table class=\"has-title all magic-26\" style=\"width: 97.5988%; height: 214px;\" border=\"1\" cellspacing=\"0\" cellpadding=\"0\">\n<tbody>\n<tr>\n<td style=\"width: 6.0665%;\" colspan=\"1\" rowspan=\"1\">\n<div class=\"magic-27\" data-spm-anchor-id=\"a2700.details.0.i26.201d6d46acEaSr\">1<\/div>\n<\/td>\n<td style=\"width: 52.9018%;\" colspan=\"1\" rowspan=\"1\">\n<div class=\"magic-28\">Hengerh\u00e1z szerelv\u00e9ny<\/div>\n<\/td>\n<td style=\"width: 6.16271%;\" colspan=\"1\" rowspan=\"1\">\n<div class=\"magic-27\">9<\/div>\n<\/td>\n<td style=\"width: 34.6345%;\" colspan=\"1\" rowspan=\"1\">\n<div class=\"magic-29\">Du Bush<\/div>\n<\/td>\n<\/tr>\n<tr>\n<td style=\"width: 6.0665%;\" colspan=\"1\" rowspan=\"1\">\n<div class=\"magic-27\">2<\/div>\n<\/td>\n<td style=\"width: 52.9018%;\" colspan=\"1\" rowspan=\"1\">\n<div class=\"magic-28\">\u00datmutat\u00f3 Bush<\/div>\n<\/td>\n<td style=\"width: 6.16271%;\" colspan=\"1\" rowspan=\"1\">\n<div class=\"magic-27\">10<\/div>\n<\/td>\n<td style=\"width: 34.6345%;\" colspan=\"1\" rowspan=\"1\">\n<div class=\"magic-29\">O-gy\u0171r\u0171<\/div>\n<\/td>\n<\/tr>\n<tr>\n<td style=\"width: 6.0665%;\" colspan=\"1\" rowspan=\"1\">\n<div class=\"magic-27\">3<\/div>\n<\/td>\n<td style=\"width: 52.9018%;\" colspan=\"1\" rowspan=\"1\">\n<div class=\"magic-28\">Dugatty\u00fa<\/div>\n<\/td>\n<td style=\"width: 6.16271%;\" colspan=\"1\" rowspan=\"1\">\n<div class=\"magic-27\">11<\/div>\n<\/td>\n<td style=\"width: 34.6345%;\" colspan=\"1\" rowspan=\"1\">\n<div class=\"magic-29\">O-gy\u0171r\u0171<\/div>\n<\/td>\n<\/tr>\n<tr>\n<td style=\"width: 6.0665%;\" colspan=\"1\" rowspan=\"1\">\n<div class=\"magic-27\">4<\/div>\n<\/td>\n<td style=\"width: 52.9018%;\" colspan=\"1\" rowspan=\"1\">\n<div class=\"magic-28\">Dugatty\u00far\u00fad<\/div>\n<\/td>\n<td style=\"width: 6.16271%;\" colspan=\"1\" rowspan=\"1\">\n<div class=\"magic-27\">12<\/div>\n<\/td>\n<td style=\"width: 34.6345%;\" colspan=\"1\" rowspan=\"1\">\n<div class=\"magic-29\">Lyukt\u00f6m\u00edt\u00e9s<\/div>\n<\/td>\n<\/tr>\n<tr>\n<td style=\"width: 6.0665%;\" colspan=\"1\" rowspan=\"1\">\n<div class=\"magic-27\">5<\/div>\n<\/td>\n<td style=\"width: 52.9018%;\" colspan=\"1\" rowspan=\"1\">\n<div class=\"magic-28\">Kompozit csap\u00e1gy<\/div>\n<\/td>\n<td style=\"width: 6.16271%;\" colspan=\"1\" rowspan=\"1\">\n<div class=\"magic-27\">13<\/div>\n<\/td>\n<td style=\"width: 34.6345%;\" colspan=\"1\" rowspan=\"1\">\n<div class=\"magic-29\">Kop\u00f3gy\u0171r\u0171<\/div>\n<\/td>\n<\/tr>\n<tr>\n<td style=\"width: 6.0665%;\" colspan=\"1\" rowspan=\"1\">\n<div class=\"magic-27\">6<\/div>\n<\/td>\n<td style=\"width: 52.9018%;\" colspan=\"1\" rowspan=\"1\">\n<div class=\"magic-28\">Port\u00f6rl\u0151<\/div>\n<\/td>\n<td style=\"width: 6.16271%;\" colspan=\"1\" rowspan=\"1\">\n<div class=\"magic-27\">14<\/div>\n<\/td>\n<td style=\"width: 34.6345%;\" colspan=\"1\" rowspan=\"1\">\n<div class=\"magic-29\">Be\u00e1ll\u00edt\u00f3csavarok<\/div>\n<\/td>\n<\/tr>\n<tr>\n<td style=\"width: 6.0665%;\" colspan=\"1\" rowspan=\"1\">\n<div class=\"magic-27\">7<\/div>\n<\/td>\n<td style=\"width: 52.9018%;\" colspan=\"1\" rowspan=\"1\">\n<div class=\"magic-28\">U-gy\u0171r\u0171<\/div>\n<\/td>\n<td style=\"width: 6.16271%;\" colspan=\"1\" rowspan=\"1\">\n<div class=\"magic-27\">15<\/div>\n<\/td>\n<td style=\"width: 34.6345%;\" colspan=\"1\" rowspan=\"1\">\n<div class=\"magic-29\">Porv\u00e9d\u0151<\/div>\n<\/td>\n<\/tr>\n<tr>\n<td style=\"width: 6.0665%;\" colspan=\"1\" rowspan=\"1\">\n<div class=\"magic-27\">8<\/div>\n<\/td>\n<td style=\"width: 52.9018%;\" colspan=\"1\" rowspan=\"1\">\n<div class=\"magic-28\">O-gy\u0171r\u0171<\/div>\n<\/td>\n<td style=\"width: 6.16271%;\" colspan=\"1\" rowspan=\"1\">\n<div class=\"magic-27\"><\/div>\n<\/td>\n<td style=\"width: 34.6345%;\" colspan=\"1\" rowspan=\"1\"><\/td>\n<\/tr>\n<\/tbody>\n<\/table>\n<h2>Oll\u00f3s vill\u00e1s emel\u0151j\u00e1rm\u0171-emel\u0151 hidraulikus henger m\u00e9retei:<\/h2>\n<table>\n<tbody>\n<tr>\n<td><img loading=\"lazy\" decoding=\"async\" class=\"alignnone size-full wp-image-400\" src=\"https:\/\/fmp-components.com\/wp-content\/uploads\/2024\/12\/Scissor-Fork-Aerial-Work-Vehicle-Lifting-Hydraulic-Cylinder-Dimensions-1.webp\" alt=\"\" width=\"680\" height=\"210\" title=\"\" srcset=\"https:\/\/fmp-components.com\/wp-content\/uploads\/2024\/12\/Scissor-Fork-Aerial-Work-Vehicle-Lifting-Hydraulic-Cylinder-Dimensions-1.webp 680w, https:\/\/fmp-components.com\/wp-content\/uploads\/2024\/12\/Scissor-Fork-Aerial-Work-Vehicle-Lifting-Hydraulic-Cylinder-Dimensions-1-480x148.webp 480w\" sizes=\"(min-width: 0px) and (max-width: 480px) 480px, (min-width: 481px) 680px, 100vw\" \/><\/td>\n<td><img loading=\"lazy\" decoding=\"async\" class=\"alignnone size-full wp-image-401\" src=\"https:\/\/fmp-components.com\/wp-content\/uploads\/2024\/12\/Scissor-Fork-Aerial-Work-Vehicle-Lifting-Hydraulic-Cylinder-Dimensions-2.webp\" alt=\"\" width=\"680\" height=\"210\" title=\"\" srcset=\"https:\/\/fmp-components.com\/wp-content\/uploads\/2024\/12\/Scissor-Fork-Aerial-Work-Vehicle-Lifting-Hydraulic-Cylinder-Dimensions-2.webp 680w, https:\/\/fmp-components.com\/wp-content\/uploads\/2024\/12\/Scissor-Fork-Aerial-Work-Vehicle-Lifting-Hydraulic-Cylinder-Dimensions-2-480x148.webp 480w\" sizes=\"(min-width: 0px) and (max-width: 480px) 480px, (min-width: 481px) 680px, 100vw\" \/><\/td>\n<\/tr>\n<\/tbody>\n<\/table>\n<table border=\"1\" cellspacing=\"0\" cellpadding=\"0\">\n<tbody>\n<tr>\n<td width=\"246\">Henger neve<\/td>\n<td width=\"336\">Rajzsz\u00e1m<\/td>\n<td width=\"126\">Furat\u00e1tm\u00e9r\u0151 (D)<\/td>\n<td width=\"123\">R\u00fad \u00e1tm\u00e9r\u0151je (d)<\/td>\n<td width=\"114\">L\u00f6ket (S)<\/td>\n<td width=\"170\">Telep\u00edt\u00e9si t\u00e1vols\u00e1g (L)<\/td>\n<td width=\"172\">\u00dczemi nyom\u00e1s<\/td>\n<td width=\"366\">Interf\u00e9sz m\u00e9retei (M)<\/td>\n<td width=\"96\">S\u00faly<\/td>\n<\/tr>\n<tr>\n<td class=\"et3\" width=\"246\" height=\"173\">Emel\u0151henger<\/td>\n<td class=\"et4\" width=\"336\">78XEN-620100-001<\/td>\n<td class=\"et4\" width=\"126\">\u03a665<\/td>\n<td class=\"et4\" width=\"123\">\u03a645<\/td>\n<td class=\"et4\" width=\"114\">840<\/td>\n<td class=\"et4\" width=\"170\">1075<\/td>\n<td class=\"et4\" width=\"172\">18MPa<\/td>\n<td class=\"et4\" width=\"366\">G1\/4; \u03a66; M14*1.5<\/td>\n<td class=\"et4\" width=\"96\">27 kg<\/td>\n<\/tr>\n<\/tbody>\n<\/table>\n<table>\n<tbody>\n<tr>\n<td><img loading=\"lazy\" decoding=\"async\" class=\"alignnone size-full wp-image-402\" src=\"https:\/\/fmp-components.com\/wp-content\/uploads\/2024\/12\/Scissor-Fork-Aerial-Work-Vehicle-Lifting-Hydraulic-Cylinder-Dimensions-3.webp\" alt=\"\" width=\"680\" height=\"300\" title=\"\" srcset=\"https:\/\/fmp-components.com\/wp-content\/uploads\/2024\/12\/Scissor-Fork-Aerial-Work-Vehicle-Lifting-Hydraulic-Cylinder-Dimensions-3.webp 680w, https:\/\/fmp-components.com\/wp-content\/uploads\/2024\/12\/Scissor-Fork-Aerial-Work-Vehicle-Lifting-Hydraulic-Cylinder-Dimensions-3-480x212.webp 480w\" sizes=\"(min-width: 0px) and (max-width: 480px) 480px, (min-width: 481px) 680px, 100vw\" \/><\/td>\n<td><img loading=\"lazy\" decoding=\"async\" class=\"alignnone size-full wp-image-403\" src=\"https:\/\/fmp-components.com\/wp-content\/uploads\/2024\/12\/Scissor-Fork-Aerial-Work-Vehicle-Lifting-Hydraulic-Cylinder-Dimensions-4.webp\" alt=\"\" width=\"680\" height=\"300\" title=\"\" srcset=\"https:\/\/fmp-components.com\/wp-content\/uploads\/2024\/12\/Scissor-Fork-Aerial-Work-Vehicle-Lifting-Hydraulic-Cylinder-Dimensions-4.webp 680w, https:\/\/fmp-components.com\/wp-content\/uploads\/2024\/12\/Scissor-Fork-Aerial-Work-Vehicle-Lifting-Hydraulic-Cylinder-Dimensions-4-480x212.webp 480w\" sizes=\"(min-width: 0px) and (max-width: 480px) 480px, (min-width: 481px) 680px, 100vw\" \/><\/td>\n<\/tr>\n<\/tbody>\n<\/table>\n<table style=\"width: 100%; height: 168px;\" border=\"1\" cellspacing=\"0\" cellpadding=\"0\">\n<tbody>\n<tr style=\"height: 71px;\">\n<td style=\"height: 71px;\" width=\"246\">Henger neve<\/td>\n<td style=\"height: 71px;\" width=\"336\">Rajzsz\u00e1m<\/td>\n<td style=\"height: 71px;\" width=\"126\">Furat\u00e1tm\u00e9r\u0151 (D)<\/td>\n<td style=\"height: 71px;\" width=\"123\">R\u00fad \u00e1tm\u00e9r\u0151je (d)<\/td>\n<td style=\"height: 71px;\" width=\"114\">L\u00f6ket (S)<\/td>\n<td style=\"height: 71px;\" width=\"170\">Telep\u00edt\u00e9si t\u00e1vols\u00e1g (L)<\/td>\n<td style=\"height: 71px;\" width=\"172\">\u00dczemi nyom\u00e1s<\/td>\n<td style=\"height: 71px;\" width=\"366\">Interf\u00e9sz m\u00e9retei (M)<\/td>\n<td style=\"height: 71px;\" width=\"96\">S\u00faly<\/td>\n<\/tr>\n<tr style=\"height: 53px;\">\n<td class=\"et3\" style=\"height: 53px;\" width=\"246\" height=\"222\">Emel\u0151henger<\/td>\n<td class=\"et4\" style=\"height: 53px;\" width=\"336\">JCPT1212HD-531000-00A<\/td>\n<td class=\"et4\" style=\"height: 53px;\" width=\"126\">\u03a675<\/td>\n<td class=\"et4\" style=\"height: 53px;\" width=\"123\">\u03a663<\/td>\n<td class=\"et4\" style=\"height: 53px;\" width=\"114\">1269<\/td>\n<td class=\"et4\" style=\"height: 53px;\" width=\"170\">1530<\/td>\n<td class=\"et4\" style=\"height: 53px;\" width=\"172\">25MPa<\/td>\n<td class=\"et4\" style=\"height: 53px;\" width=\"366\">G1\/4; M18*1,5<\/td>\n<td class=\"et4\" style=\"height: 53px;\" width=\"96\">60 kg<\/td>\n<\/tr>\n<tr style=\"height: 44px;\">\n<td class=\"et3\" style=\"height: 44px;\" width=\"246\" height=\"222\">Emel\u0151henger<\/td>\n<td class=\"et4\" style=\"height: 44px;\">JCPT0607DCS-531000-00A<\/td>\n<td class=\"et4\" style=\"height: 44px;\">\u03a663<\/td>\n<td class=\"et4\" style=\"height: 44px;\">\u03a640<\/td>\n<td class=\"et4\" style=\"height: 44px;\">563<\/td>\n<td class=\"et4\" style=\"height: 44px;\">812<\/td>\n<td class=\"et4\" style=\"height: 44px;\">20MPa<\/td>\n<td class=\"et4\" style=\"height: 44px;\">G1\/4; M18*1,5<\/td>\n<td class=\"et4\" style=\"height: 44px;\">17 kg<\/td>\n<\/tr>\n<\/tbody>\n<\/table>\n<h2>El\u00e9rhet\u0151 hidraulikus henger M\u00e1rka \u00e9s modell:<\/h2>\n<table border=\"1\" cellspacing=\"0\" cellpadding=\"0\">\n<tbody>\n<tr>\n<td><b data-spm-anchor-id=\"a2700.details.0.i43.45d84a73e99C9z\">KOMATSU (PC)<\/b><\/td>\n<td>PC30, PC40, PC50, PC56, PC60, PC78, PC100, PC110, PC120, PC130, PC160, PC200-3\/5\/6\/7\/8\/8MO, PC210, PC220-5\/6\/7\/8\/8MO, PC240, PC300\/350\/360-5\/6\/7\/8\/8MO, PC400\/450-5\/6\/7\/8\/8MO, PC800, PC850<\/td>\n<\/tr>\n<tr>\n<td><b>HERNY\u00d3 (E)<\/b><\/td>\n<td>E301.5, E302, E305.5, E306, E307V1\/V2\/B\/C\/D\/E\/F, E308B\/C, E120B, E312V1\/V2\/B\/C\/D, E313D2, E312D2, E315D,<br \/>\nE200B,E320V1\/V2\/A\/B\/C\/D,E324D,E325C\/D,E329D,E330\/336C\/D,E345C,E349D,E365C,E374,E390<\/td>\n<\/tr>\n<tr>\n<td><b>KOBELCO (SK)<\/b><\/td>\n<td>SK60-3\/5\/8,SK75-8\/SR, SK100 ,SK120-3\/5, SK135-8\/SR, SK140-8, SK200-3\/5\/6\/6E, SK210-3\/5\/6\/6E,<br \/>\nSK230\/250-6E,SK250-8,SK260-8,SK350-8\/S8,SK460\/480-8<\/td>\n<\/tr>\n<tr>\n<td><b>HYUNDAI (R)<\/b><\/td>\n<td>R55-5\/7, R60-5\/7, R80, R110, R130, R200-5, R210-5, R215-5\/7, R220-5\/7\/9, R225-5\/7\/9, R250, R260, R265, R290, R305, R445, R485, R505<\/td>\n<\/tr>\n<tr>\n<td><b data-spm-anchor-id=\"a2700.details.0.i53.45d84a73e99C9z\">HITACHI (EX.ZX)<\/b><\/td>\n<td>EX60, EX100-1\/2\/3, EX120-1\/3\/5\/6, EX200-1\/3\/5, EX230-5, EX300-1, EX400<br \/>\nZAX60,ZAX70,ZA120-6,ZAX200\/210-1\/3\/5\/5K,ZAX240,ZAX250,ZAX260,ZAX330-3\/5\/6,ZAX450\/470,ZAX650\/670,ZAX850\/870<\/td>\n<\/tr>\n<tr>\n<td>\n<div class=\"magic-32\"><b data-spm-anchor-id=\"a2700.details.0.i55.45d84a73e99C9z\">DOOSAN (DH\/DX)<\/b><\/div>\n<\/td>\n<td>\n<div class=\"magic-33\"><span class=\"magic-34\">DH55, DH60, DH80, DH150, DH215-5\/7, DH220-5, DH225-5\/7, DH258, DH300-5\/7, DH370, DH420, DH500<br \/>\nDX55, DX60, DX75, DX130, DX225-9, DX300, DX380, DX420, DX500<\/span><\/div>\n<\/td>\n<\/tr>\n<tr>\n<td>\n<div class=\"magic-32\"><b>VOLVO (EC)<\/b><\/div>\n<\/td>\n<td>\n<div class=\"magic-33\"><span class=\"magic-34\">EC55, EC60, EC75, EC80, EC140, EC210B\/D, EC220D, EC240, EC250, EC290, EC300, EC360 EC380, EC460, EC480, EC700, EC750, EC950<\/span><\/div>\n<\/td>\n<\/tr>\n<tr>\n<td>\n<div class=\"magic-32\"><b>KATO (HD)<\/b><\/div>\n<\/td>\n<td>\n<div class=\"magic-33\"><span class=\"magic-34\">HD307\/308, HD450, HD512, HD700-5\/7, HD820-1\/2\/3\/5\/R, HD1023-1\/3, HD1430-1\/3<\/span><\/div>\n<\/td>\n<\/tr>\n<tr>\n<td>\n<div class=\"magic-32\"><b>EGY\u00c9B M\u00c1RKA<\/b><\/div>\n<\/td>\n<td>\n<div class=\"magic-33\"><span class=\"magic-34\">XCMG,LIUGONG,KUBOTA,CASE,YANMAR,SUNWARD,ZOOMLION,LISHIDE,LIEHERR<\/span><\/div>\n<\/td>\n<\/tr>\n<\/tbody>\n<\/table>\n<h3>Az oll\u00f3s vill\u00e1s l\u00e9gi munkag\u00e9pek emel\u0151 hidraulikus henger\u00e9nek el\u0151nyei<\/h3>\n<h4>1. Megn\u00f6velt teherb\u00edr\u00e1s<\/h4>\n<p>Az oll\u00f3s vill\u00e1s munkaj\u00e1rm\u0171-emel\u0151 hidraulikus munkahenger jelent\u0151s emel\u0151er\u0151t biztos\u00edt, lehet\u0151v\u00e9 t\u00e9ve a neh\u00e9z terhek biztons\u00e1gos felemel\u00e9s\u00e9t. Ez a k\u00e9pess\u00e9g lehet\u0151v\u00e9 teszi a kezel\u0151k sz\u00e1m\u00e1ra, hogy hat\u00e9konyan kezelj\u00e9k a k\u00fcl\u00f6nf\u00e9le feladatokat, az \u00e9p\u00edt\u00e9st\u0151l a karbantart\u00e1sig, a biztons\u00e1g vagy a teljes\u00edtm\u00e9ny fel\u00e1ldoz\u00e1sa n\u00e9lk\u00fcl.<\/p>\n<h4>2. Sima \u00e9s prec\u00edz m\u0171k\u00f6d\u00e9s<\/h4>\n<p>Fejlett hidraulikus rendszerrel felszerelve ez az emel\u0151henger sima \u00e9s kontroll\u00e1lt mozg\u00e1st biztos\u00edt. A kezel\u0151k k\u00f6nnyen \u00e9s prec\u00edzen be\u00e1ll\u00edthatj\u00e1k a platform magass\u00e1g\u00e1t, ami megk\u00f6nny\u00edti a pontos pozicion\u00e1l\u00e1st a k\u00fcl\u00f6nb\u00f6z\u0151 alkalmaz\u00e1sokhoz, \u00e9s jav\u00edtja a munkafolyamat \u00e1ltal\u00e1nos hat\u00e9konys\u00e1g\u00e1t.<\/p>\n<h4>3. Robusztus tart\u00f3ss\u00e1g<\/h4>\n<p>A nagy szil\u00e1rds\u00e1g\u00fa anyagokb\u00f3l k\u00e9sz\u00fclt emel\u0151hidraulikus henger ellen\u00e1ll a neh\u00e9z k\u00f6rnyezeti k\u00f6r\u00fclm\u00e9nyeknek \u00e9s a nagy ig\u00e9nybev\u00e9telnek. Ez a tart\u00f3ss\u00e1g hosszabb \u00e9lettartamot \u00e9s alacsonyabb karbantart\u00e1si ig\u00e9nyt eredm\u00e9nyez, v\u00e9gs\u0151 soron pedig cs\u00f6kkenti a v\u00e1llalkoz\u00e1sok m\u0171k\u00f6d\u00e9si k\u00f6lts\u00e9geit.<\/p>\n<h4>4. Biztons\u00e1gi funkci\u00f3k<\/h4>\n<p>A biztons\u00e1g kiemelked\u0151 fontoss\u00e1g\u00fa a magasban v\u00e9gzett munka sor\u00e1n, \u00e9s ez a hidraulikus munkahenger olyan funkci\u00f3kkal rendelkezik, amelyek megakad\u00e1lyozz\u00e1k a hirtelen mozg\u00e1sokat \u00e9s fokozz\u00e1k a stabilit\u00e1st. Ezek a biztons\u00e1gi mechanizmusok nyugalmat biztos\u00edtanak a kezel\u0151knek, lehet\u0151v\u00e9 t\u00e9ve sz\u00e1mukra, hogy a feladataikra koncentr\u00e1ljanak, mik\u00f6zben cs\u00f6kkentik a balesetek kock\u00e1zat\u00e1t.<\/p>\n<h4>5. Sokoldal\u00fas\u00e1g az alkalmaz\u00e1sok k\u00f6z\u00f6tt<\/h4>\n<p>Az oll\u00f3s vill\u00e1s munkag\u00e9pek hidraulikus munkahengere sokoldal\u00fa, \u00e9s sz\u00e1mos ipar\u00e1gban alkalmazhat\u00f3, bele\u00e9rtve az \u00e9p\u00edt\u0151ipar, a karbantart\u00e1s \u00e9s az ipari alkalmaz\u00e1sok ter\u00fclet\u00e9n. Alkalmazkod\u00f3k\u00e9pess\u00e9ge n\u00e9lk\u00fcl\u00f6zhetetlen eszk\u00f6zz\u00e9 teszi minden olyan szervezet sz\u00e1m\u00e1ra, amely munkag\u00e9peket haszn\u00e1l, biztos\u00edtva a k\u00fcl\u00f6nf\u00e9le magas\u00edtott feladatok hat\u00e9kony kezel\u00e9s\u00e9t.<\/p>\n<table style=\"width: 100.251%; height: 397px;\" width=\"290\">\n<tbody>\n<tr style=\"height: 397px;\">\n<td style=\"width: 52.0342%; height: 397px;\" width=\"226\"><img loading=\"lazy\" decoding=\"async\" class=\"wp-image-399 aligncenter\" src=\"https:\/\/fmp-components.com\/wp-content\/uploads\/2024\/12\/Scissor-Fork-Aerial-Work-Vehicle-Lifting-Hydraulic-Cylinder-Applications-2.webp\" alt=\"\" width=\"399\" height=\"399\" title=\"\"><\/td>\n<td style=\"width: 47.3234%; height: 397px;\" width=\"64\"><img loading=\"lazy\" decoding=\"async\" class=\"alignnone wp-image-398\" src=\"https:\/\/fmp-components.com\/wp-content\/uploads\/2024\/12\/Scissor-Fork-Aerial-Work-Vehicle-Lifting-Hydraulic-Cylinder-Applications-1.webp\" alt=\"\" width=\"401\" height=\"401\" title=\"\"><\/td>\n<\/tr>\n<\/tbody>\n<\/table>\n<h2>Az FMP-r\u0151l<\/h2>\n<p>Az FMP egy hidraulikus hengerek speci\u00e1lis gy\u00e1rt\u00f3ja, amely a kutat\u00e1sra \u00e9s a gy\u00e1rt\u00e1si kiv\u00e1l\u00f3s\u00e1gra helyezett er\u0151s hangs\u00faly\u00e1r\u00f3l ismert. A v\u00e1llalat megalakul\u00e1sa \u00f3ta elk\u00f6telezett a hidraulikus hengerek technol\u00f3gi\u00e1j\u00e1nak folyamatos fejleszt\u00e9se ir\u00e1nt. Kezdetben az FMP a betakar\u00edt\u00f3 \u00e9s \u00e9p\u00edt\u0151ipari g\u00e9pekhez gy\u00e1rtott k\u00fcl\u00f6nf\u00e9le term\u00e9keket; az\u00f3ta azonban kifejezetten a mez\u0151gazdas\u00e1gi traktorok alkatr\u00e9szeire \u00f6sszpontos\u00edt.<\/p>\n<p>T\u00f6bb mint egy \u00e9vtizedes gy\u00e1rt\u00e1si szak\u00e9rtelemmel az FMP a sz\u00e9lesk\u00f6r\u0171 vezet\u0151i tapasztalatot a fejlett gy\u00e1rt\u00e1si technol\u00f3gi\u00e1kkal \u00f6tv\u00f6zi, hogy term\u00e9kei legmagasabb min\u0151s\u00e9gi szabv\u00e1nyait biztos\u00edtsa. A v\u00e1llalat \u00e1tfog\u00f3 megmunk\u00e1l\u00f3 gy\u00e1rt\u00f3sort, \u00f6sszeszerel\u0151 sort \u00e9s bevon\u00f3sort hozott l\u00e9tre, amelyek lehet\u0151v\u00e9 teszik a megb\u00edzhat\u00f3 \u00e9s hat\u00e9kony gy\u00e1rt\u00e1si folyamatok biztos\u00edt\u00e1s\u00e1t.<\/p>\n<p>Az FMP n\u00f6veked\u00e9s\u00e9t egy elk\u00f6telezett csapat t\u00e1mogatta, amely tapasztalt vezet\u0151kb\u0151l, k\u00e9pzett g\u00e9p\u00e9sztervez\u0151kb\u0151l \u00e9s magasan k\u00e9pzett technikusokb\u00f3l \u00e1ll. Ez az egy\u00fcttm\u0171k\u00f6d\u0151 megk\u00f6zel\u00edt\u00e9s biztos\u00edtja az \u00e1lland\u00f3 term\u00e9kmin\u0151s\u00e9get \u00e9s hat\u00e9konyan kezeli a folyamatok folytonoss\u00e1g\u00e1t, n\u00f6velve az \u00e1ltal\u00e1nos termel\u00e9si hat\u00e9konys\u00e1got.<\/p>\n<p>Az FMP filoz\u00f3fi\u00e1j\u00e1nak k\u00f6z\u00e9ppontj\u00e1ban a \u201eTechnol\u00f3giai innov\u00e1ci\u00f3 a fejl\u0151d\u00e9s el\u0151mozd\u00edt\u00e1sa\u201d, a \u201eMin\u0151s\u00e9g teremt\u00e9se m\u00e1rk\u00e1k l\u00e9trehoz\u00e1sa\u201d, a \u201eMin\u0151s\u00e9get garant\u00e1l\u00f3 szak\u00e9rtelem\u201d \u00e9s a \u201eHossz\u00fa t\u00e1v\u00fa, mindenki sz\u00e1m\u00e1ra el\u0151ny\u00f6s kapcsolatok ki\u00e9p\u00edt\u00e9se\u201d \u00e9rt\u00e9kek \u00e1llnak. A v\u00e1llalat elk\u00f6telezett a kiv\u00e1l\u00f3 min\u0151s\u00e9g\u0171 term\u00e9kek sz\u00e1ll\u00edt\u00e1sa mellett, kiv\u00e9teles \u00fcgyf\u00e9lszolg\u00e1lat ny\u00fajt\u00e1sa mellett. Az FMP folyamatosan arra t\u00f6rekszik, hogy alkalmazkodjon a piac v\u00e1ltoz\u00f3 ig\u00e9nyeihez, \u00e9s megb\u00edzhat\u00f3 partnerk\u00e9nt pozicion\u00e1lja mag\u00e1t a mez\u0151gazdas\u00e1gi g\u00e9piparban. Az innov\u00e1ci\u00f3 \u00e9s a min\u0151s\u00e9g ir\u00e1nti elk\u00f6telezetts\u00e9g\u00e9vel az FMP c\u00e9lja, hogy jelent\u0151sen hozz\u00e1j\u00e1ruljon a hidraulikus technol\u00f3gia fejl\u0151d\u00e9s\u00e9hez a mez\u0151gazdas\u00e1gi \u00e1gazatban.<\/p>\n<p><img loading=\"lazy\" decoding=\"async\" class=\"alignnone wp-image-359\" src=\"https:\/\/fmp-components.com\/wp-content\/uploads\/2024\/12\/fmp-factory-3.webp\" sizes=\"(min-width: 0px) and (max-width: 480px) 480px, (min-width: 481px) 914px, 100vw\" srcset=\"https:\/\/fmp-components.com\/wp-content\/uploads\/2024\/12\/fmp-factory-3.webp 914w, https:\/\/fmp-components.com\/wp-content\/uploads\/2024\/12\/fmp-factory-3-480x321.webp 480w\" alt=\"fmp-gy\u00e1r\" width=\"914\" height=\"612\" title=\"\"><\/p>\n<p>Szerz\u0151: CX<\/p>","protected":false},"excerpt":{"rendered":"<p>Az oll\u00f3s vill\u00e1s munkag\u00e9pek emel\u0151hidraulikus munkahengere kulcsfontoss\u00e1g\u00fa alkatr\u00e9sz, amelynek c\u00e9lja az oll\u00f3s emel\u0151kos\u00e1rok sz\u00fcks\u00e9ges emel\u0151erej\u00e9nek biztos\u00edt\u00e1sa. A hat\u00e9konys\u00e1g \u00e9s a megb\u00edzhat\u00f3s\u00e1g jegy\u00e9ben tervezett hidraulikus henger lehet\u0151v\u00e9 teszi a platform sima \u00e9s szab\u00e1lyozott emel\u00e9s\u00e9t, lehet\u0151v\u00e9 t\u00e9ve a kezel\u0151k sz\u00e1m\u00e1ra, hogy biztons\u00e1gosan hozz\u00e1f\u00e9rjenek a megemelt munkater\u00fcletekhez. Nagy szil\u00e1rds\u00e1g\u00fa anyagokb\u00f3l k\u00e9sz\u00fclt, \u00edgy ellen\u00e1ll a neh\u00e9z terheknek \u00e9s a zord k\u00f6r\u00fclm\u00e9nyeknek, \u00edgy hossz\u00fa t\u00e1v\u00fa teljes\u00edtm\u00e9nyt biztos\u00edt. Fejlett hidraulikus rendszere megk\u00f6nny\u00edti a prec\u00edz emel\u00e9si \u00e9s s\u00fcllyeszt\u00e9si m\u0171veleteket, \u00edgy ide\u00e1lis v\u00e1laszt\u00e1s az \u00e9p\u00edt\u0151iparban, a karbantart\u00e1sban \u00e9s az ipari k\u00f6rnyezetben v\u00e9gzett k\u00fcl\u00f6nf\u00e9le alkalmaz\u00e1sokhoz. Ezzel az emel\u0151hidraulikus munkahengerrel a kezel\u0151k n\u00f6velhetik a termel\u00e9kenys\u00e9get, mik\u00f6zben biztos\u00edtj\u00e1k a biztons\u00e1got magasban.<\/p>","protected":false},"featured_media":407,"comment_status":"open","ping_status":"closed","template":"","meta":{"_et_pb_use_builder":"","_et_pb_old_content":"","_et_gb_content_width":""},"product_brand":[],"product_cat":[22],"product_tag":[],"class_list":{"0":"post-397","1":"product","2":"type-product","3":"status-publish","4":"has-post-thumbnail","6":"product_cat-aerial-work-vehicle-hydraulic-cylinders","8":"first","9":"instock","10":"shipping-taxable","11":"product-type-simple"},"_links":{"self":[{"href":"https:\/\/fmp-components.com\/hu\/wp-json\/wp\/v2\/product\/397","targetHints":{"allow":["GET"]}}],"collection":[{"href":"https:\/\/fmp-components.com\/hu\/wp-json\/wp\/v2\/product"}],"about":[{"href":"https:\/\/fmp-components.com\/hu\/wp-json\/wp\/v2\/types\/product"}],"replies":[{"embeddable":true,"href":"https:\/\/fmp-components.com\/hu\/wp-json\/wp\/v2\/comments?post=397"}],"wp:featuredmedia":[{"embeddable":true,"href":"https:\/\/fmp-components.com\/hu\/wp-json\/wp\/v2\/media\/407"}],"wp:attachment":[{"href":"https:\/\/fmp-components.com\/hu\/wp-json\/wp\/v2\/media?parent=397"}],"wp:term":[{"taxonomy":"product_brand","embeddable":true,"href":"https:\/\/fmp-components.com\/hu\/wp-json\/wp\/v2\/product_brand?post=397"},{"taxonomy":"product_cat","embeddable":true,"href":"https:\/\/fmp-components.com\/hu\/wp-json\/wp\/v2\/product_cat?post=397"},{"taxonomy":"product_tag","embeddable":true,"href":"https:\/\/fmp-components.com\/hu\/wp-json\/wp\/v2\/product_tag?post=397"}],"curies":[{"name":"munkaf\u00fczet","href":"https:\/\/api.w.org\/{rel}","templated":true}]}}