{"id":3697,"date":"2025-01-09T07:44:24","date_gmt":"2025-01-09T07:44:24","guid":{"rendered":"https:\/\/fmp-components.com\/?page_id=8"},"modified":"2025-01-09T07:44:24","modified_gmt":"2025-01-09T07:44:24","slug":"wheel-drive-planetary-gearbox-reducer-for-cranes","status":"publish","type":"product","link":"https:\/\/fmp-components.com\/hu\/product\/wheel-drive-planetary-gearbox-reducer-for-cranes\/","title":{"rendered":"Ker\u00e9khajt\u00e1s\u00fa bolyg\u00f3kerekes sebess\u00e9gv\u00e1lt\u00f3 reduktor darukhoz"},"content":{"rendered":"<p style=\"text-align: center;\"><span style=\"font-size: 18pt;\">Ker\u00e9khajt\u00e1s\u00fa bolyg\u00f3kerekes sebess\u00e9gv\u00e1lt\u00f3 reduktor darukhoz<\/span><\/p>\n<p>A daruk ker\u00e9khajt\u00e1s\u00fa bolyg\u00f3m\u0171ves reduktorja kulcsfontoss\u00e1g\u00fa elem a daruk mobilit\u00e1s\u00e1nak \u00e9s stabilit\u00e1s\u00e1nak biztos\u00edt\u00e1s\u00e1ban. Feladata az er\u0151\u00e1tvitel a daru motorj\u00e1t\u00f3l a kerekekhez, biztos\u00edtva a sima \u00e9s szab\u00e1lyozott mozg\u00e1st. A daru kerekeinek konfigur\u00e1ci\u00f3j\u00e1t\u00f3l f\u00fcgg\u0151en t\u00f6bb bolyg\u00f3m\u0171ves hajt\u00f3m\u0171 is haszn\u00e1lhat\u00f3 az egyes kerekek meghajt\u00e1s\u00e1ra, lehet\u0151v\u00e9 t\u00e9ve a daru hat\u00e9kony man\u0151verez\u00e9s\u00e9t v\u00e1ltozatos munkak\u00f6rnyezetekben.<\/p>\n<p><img loading=\"lazy\" decoding=\"async\" class=\"wp-image-3698 aligncenter\" src=\"https:\/\/fmp-components.com\/wp-content\/uploads\/2025\/01\/0_wheel-drive-application-2-11.webp\" alt=\"ker\u00e9khajt\u00e1s\u00fa alkalmaz\u00e1s\" width=\"537\" height=\"453\" title=\"\" srcset=\"https:\/\/fmp-components.com\/wp-content\/uploads\/2025\/01\/0_wheel-drive-application-2-11.webp 344w, https:\/\/fmp-components.com\/wp-content\/uploads\/2025\/01\/0_wheel-drive-application-2-11-300x253.webp 300w, https:\/\/fmp-components.com\/wp-content\/uploads\/2025\/01\/0_wheel-drive-application-2-11-14x12.webp 14w\" sizes=\"(max-width: 537px) 100vw, 537px\" \/><\/p>\n<p><strong>Daruk ker\u00e9khajt\u00e1s\u00e1nak teljes\u00edtm\u00e9nyk\u00f6vetelm\u00e9nyei<\/strong><\/p>\n<ul>\n<li><strong>Nagy nyomat\u00e9kkapacit\u00e1s:<\/strong> A sebess\u00e9gv\u00e1lt\u00f3nak k\u00e9pesnek kell lennie a daru neh\u00e9z terheinek kezel\u00e9s\u00e9re, biztos\u00edtva a megb\u00edzhat\u00f3 er\u0151\u00e1tvitelt a kerekekhez ig\u00e9nyes k\u00f6r\u00fclm\u00e9nyek k\u00f6z\u00f6tt.<\/li>\n<li><strong>Alacsony zajszint\u0171 m\u0171k\u00f6d\u00e9s:<\/strong> A munkahelyi zajszennyez\u00e9s minimaliz\u00e1l\u00e1sa \u00e9rdek\u00e9ben a sebess\u00e9gv\u00e1lt\u00f3t csendes m\u0171k\u00f6d\u00e9sre tervezt\u00e9k, fenntartva a b\u00e9k\u00e9s munkak\u00f6rnyezetet.<\/li>\n<li><strong>Nagy hat\u00e9konys\u00e1g:<\/strong> A sebess\u00e9gv\u00e1lt\u00f3nak hat\u00e9kony er\u0151\u00e1tvitelt kell biztos\u00edtania, cs\u00f6kkentve az energiavesztes\u00e9get \u00e9s optimaliz\u00e1lva a daru teljes\u00edtm\u00e9ny\u00e9t a maxim\u00e1lis termel\u00e9kenys\u00e9g \u00e9rdek\u00e9ben.<\/li>\n<li><strong>Tart\u00f3ss\u00e1g:<\/strong> A zord munkak\u00f6rnyezet elvisel\u00e9s\u00e9re tervezett sebess\u00e9gv\u00e1lt\u00f3nak zord k\u00f6r\u00fclm\u00e9nyeket kell elviselnie, bele\u00e9rtve a sz\u00e9ls\u0151s\u00e9ges id\u0151j\u00e1r\u00e1st \u00e9s a nagy ig\u00e9nybev\u00e9telt, biztos\u00edtva a hossz\u00fa \u00e9lettartamot.<\/li>\n<li><strong>Stabilit\u00e1s:<\/strong> A sebess\u00e9gv\u00e1lt\u00f3 kulcsszerepet j\u00e1tszik abban, hogy a daru stabil platformon m\u0171k\u00f6dj\u00f6n, fenntartva az egyens\u00falyt \u00e9s az ir\u00e1ny\u00edthat\u00f3s\u00e1got a neh\u00e9z terhek emel\u00e9se \u00e9s mozgat\u00e1sa sor\u00e1n.<\/li>\n<\/ul>\n<h2>Hogyan m\u0171k\u00f6dik a ker\u00e9khajt\u00e1s a darukkal?<\/h2>\n<p>A daruk ker\u00e9kmeghajt\u00e1sa arra a mechanizmusra utal, amely meghajtja a daru kerekeit, lehet\u0151v\u00e9 t\u00e9ve a daru mozg\u00e1s\u00e1t egy s\u00edn ment\u00e9n vagy egy fel\u00fcleten. Ez a rendszer jellemz\u0151en elektromos vagy hidraulikus motorokat haszn\u00e1l, amelyek a kerekekhez vannak csatlakoztatva, \u00e9s amelyek el\u0151\u00e1ll\u00edtj\u00e1k a daru mozgat\u00e1s\u00e1hoz sz\u00fcks\u00e9ges nyomat\u00e9kot. A haszn\u00e1lt meghajt\u00e1s t\u00edpusa (hidraulikus vagy elektromos) a daru kialak\u00edt\u00e1s\u00e1t\u00f3l \u00e9s az alkalmaz\u00e1si k\u00f6vetelm\u00e9nyekt\u0151l f\u00fcgg.<\/p>\n<p>Az elektromos ker\u00e9khajt\u00e1s\u00fa rendszerekben a villanymotorok egy sor \u00e1tt\u00e9telcs\u00f6kkent\u0151 vagy k\u00f6zvetlen hajt\u00e1son kereszt\u00fcl t\u00e1pl\u00e1lj\u00e1k a kerekeket. A motorokat gyakran a daru f\u0151 t\u00e1pegys\u00e9ge vagy egy k\u00fcls\u0151 forr\u00e1s t\u00e1pl\u00e1lja. Ezeket a motorokat kifinomult rendszerek vez\u00e9relhetik, amelyekkel be\u00e1ll\u00edthat\u00f3 a daru sebess\u00e9ge, ir\u00e1nya \u00e9s gyorsul\u00e1sa, \u00edgy biztos\u00edtva a pontoss\u00e1got \u00e9s a hat\u00e9konys\u00e1got.<\/p>\n<p>A hidraulikus ker\u00e9kmeghajt\u00e1s\u00fa rendszerek ezzel szemben hidraulikus motorokat haszn\u00e1lnak a kerekek meghajt\u00e1s\u00e1ra. Ezeket a motorokat hidraulikus szivatty\u00fak hajtj\u00e1k, amelyeket jellemz\u0151en d\u00edzel- vagy elektromos motor hajt. A hidraulikus hajt\u00e1s nagy nyomat\u00e9kot k\u00edn\u00e1l, \u00e9s gyakran el\u0151nyben r\u00e9szes\u00edtik olyan darukban, amelyeknek neh\u00e9z terheket kell mozgatniuk, vagy olyan kih\u00edv\u00e1st jelent\u0151 k\u00f6rnyezetben kell m\u0171k\u00f6dni\u00fck, ahol nagy teljes\u00edtm\u00e9nyre \u00e9s robusztus teljes\u00edtm\u00e9nyre van sz\u00fcks\u00e9g.<\/p>\n<p><img loading=\"lazy\" decoding=\"async\" class=\"wp-image-3699 aligncenter\" src=\"https:\/\/fmp-components.com\/wp-content\/uploads\/2025\/01\/0_Reggiana-Riduttori-71.webp\" alt=\"Reggiana-Riduttori\" width=\"726\" height=\"620\" title=\"\" srcset=\"https:\/\/fmp-components.com\/wp-content\/uploads\/2025\/01\/0_Reggiana-Riduttori-71.webp 726w, https:\/\/fmp-components.com\/wp-content\/uploads\/2025\/01\/0_Reggiana-Riduttori-71-480x410.webp 480w\" sizes=\"(min-width: 0px) and (max-width: 480px) 480px, (min-width: 481px) 726px, 100vw\" \/><\/p>\n<h2>N\u00e9pszer\u0171 m\u00e1rk\u00e1k \u00e9s kompatibilit\u00e1s<\/h2>\n<p><span style=\"color: #ff0000;\"><em><strong>Megjegyz\u00e9s: A cikkben eml\u00edtett m\u00e1rkanevek csup\u00e1n a k\u00e9nyelm\u00fcnket szolg\u00e1lj\u00e1k, hogy \u00fcgyfeleink kiv\u00e1laszthass\u00e1k \u00e9s kicser\u00e9lhess\u00e9k a megfelel\u0151 mez\u0151gazdas\u00e1gi g\u00e9pm\u00e1rka tartoz\u00e9kait, \u00e9s nem az adott m\u00e1rka term\u00e9keit \u00e9rt\u00e9kes\u00edtik.<\/strong><\/em><\/span><\/p>\n<table style=\"width: 96.3288%; height: 140px;\">\n<tbody>\n<tr>\n<th>M\u00e1rka<\/th>\n<th>Modell<\/th>\n<th>Kompatibilit\u00e1s<\/th>\n<\/tr>\n<tr>\n<td>Zoomlion<\/td>\n<td>QUY260<\/td>\n<td>\u00d6sszeegyeztethet\u0151<\/td>\n<\/tr>\n<tr>\n<td>XCMG<\/td>\n<td>QY50K<\/td>\n<td>\u00d6sszeegyeztethet\u0151<\/td>\n<\/tr>\n<tr>\n<td>Sany<\/td>\n<td>STC250<\/td>\n<td>\u00d6sszeegyeztethet\u0151<\/td>\n<\/tr>\n<tr>\n<td>Terex<\/td>\n<td>RT555-1<\/td>\n<td>\u00d6sszeegyeztethet\u0151<\/td>\n<\/tr>\n<\/tbody>\n<\/table>\n<h2>Az FMP-r\u0151l<\/h2>\n<p>Az FMP egy vezet\u0151 gy\u00e1rt\u00f3, amely mechanikus \u00e9s hidraulikus sebess\u00e9gv\u00e1lt\u00f3 term\u00e9kek sz\u00e9les v\u00e1laszt\u00e9k\u00e1nak gy\u00e1rt\u00e1s\u00e1ra specializ\u00e1l\u00f3dott. Term\u00e9kpalett\u00e1nk bolyg\u00f3kerekes hajt\u00f3m\u0171veket, csigahajt\u00e1sokat, soros ferde fogaskerekes reduktorokat, p\u00e1rhuzamos tengely\u0171 ferde fogaskerekes reduktorokat, ferde k\u00fapkerekes reduktorokat, ferde csigahajt\u00e1sos reduktorokat, mez\u0151gazdas\u00e1gi hajt\u00f3m\u0171veket, traktor hajt\u00f3m\u0171veket, g\u00e9pj\u00e1rm\u0171 hajt\u00f3m\u0171veket, teljes\u00edtm\u00e9nylead\u00f3 tengelyeket \u00e9s speci\u00e1lis reduktorokat tartalmaz. Ezenk\u00edv\u00fcl \u00e1tfog\u00f3 v\u00e1laszt\u00e9kot k\u00edn\u00e1lunk kieg\u00e9sz\u00edt\u0151 alkatr\u00e9szekb\u0151l, mint p\u00e9ld\u00e1ul l\u00e1nckerekek, hidraulikus rendszerek, v\u00e1kuumszivatty\u00fak, hidraulikus tengelykapcsol\u00f3k, fogasl\u00e9cek, l\u00e1ncok, vez\u00e9rm\u0171sz\u00edjak, UDL hajt\u00f3m\u0171vek, \u00e9ksz\u00edjt\u00e1rcs\u00e1k, hidraulikus hengerek, fogasker\u00e9k-szivatty\u00fak, csavarkompresszorok \u00e9s alacsony holtj\u00e1t\u00e9k\u00fa csigahajt\u00e1sok.<\/p>\n<p><strong>Testreszabott megold\u00e1sok minden ig\u00e9nyre<\/strong><\/p>\n<p>Az FMP-n\u00e9l meg\u00e9rtj\u00fck, hogy minden alkalmaz\u00e1s egyedi. Ez\u00e9rt k\u00edn\u00e1lunk teljesen testreszabhat\u00f3 megold\u00e1sokat, bele\u00e9rtve az egyedi sebess\u00e9gv\u00e1lt\u00f3kat, hajt\u00f3m\u0171ves motorokat, hidraulikus rendszereket \u00e9s motorokat, amelyeket \u00fcgyfeleink egyedi ig\u00e9nyeinek kiel\u00e9g\u00edt\u00e9s\u00e9re tervezt\u00fcnk. Rugalmas gy\u00e1rt\u00e1si k\u00e9pess\u00e9geink lehet\u0151v\u00e9 teszik sz\u00e1munkra, hogy prec\u00edzen megtervezett term\u00e9keket hozzunk l\u00e9tre, amelyek a maxim\u00e1lis hat\u00e9konys\u00e1got \u00e9s az optim\u00e1lis teljes\u00edtm\u00e9nyt biztos\u00edtj\u00e1k b\u00e1rmilyen alkalmaz\u00e1shoz.<\/p>\n<p><strong>Elk\u00f6telezetts\u00e9g a min\u0151s\u00e9g \u00e9s az innov\u00e1ci\u00f3 ir\u00e1nt<\/strong><\/p>\n<p>M\u00e9lyen elk\u00f6telezettek vagyunk amellett, hogy minden \u00e1ltalunk gy\u00e1rtott term\u00e9k eset\u00e9ben a legmagasabb min\u0151s\u00e9gi \u00e9s megb\u00edzhat\u00f3s\u00e1gi szabv\u00e1nyokat tartsuk fenn. Korszer\u0171 tesztel\u0151- \u00e9s ellen\u0151rz\u0151 berendez\u00e9seink, valamint magasan k\u00e9pzett m\u0171szaki csapatunk biztos\u00edtja, hogy minden term\u00e9k megfeleljen a szigor\u00fa ipar\u00e1gi szabv\u00e1nyoknak. Ak\u00e1r szabv\u00e1nyos megold\u00e1sokat k\u00edn\u00e1l, ak\u00e1r egyedi tervez\u00e9s\u0171 term\u00e9keket hoz l\u00e9tre, az FMP elk\u00f6telezett a kiv\u00e1l\u00f3 min\u0151s\u00e9g\u0171 eredm\u00e9nyek biztos\u00edt\u00e1sa ir\u00e1nt, amelyek kiv\u00e9telesen teljes\u00edtenek m\u00e9g a legig\u00e9nyesebb k\u00f6rnyezetben is.<\/p>\n<p>Az FMP az elm\u00falt \u00e9vekben gyors n\u00f6veked\u00e9st mutatott, amelyet sz\u00e9lesk\u00f6r\u0171 termel\u00e9si tapasztalatunknak, megb\u00edzhat\u00f3 ir\u00e1ny\u00edt\u00e1si rendszereinknek \u00e9s er\u0151s m\u0171szaki szak\u00e9rtelm\u00fcnknek k\u00f6sz\u00f6nhet\u0151en tett\u00fcnk lehet\u0151v\u00e9. A \u201emin\u0151s\u00e9g a t\u00fal\u00e9l\u00e9s\u00e9rt \u00e9s innov\u00e1ci\u00f3 a fejl\u0151d\u00e9s\u00e9rt\u201d filoz\u00f3fi\u00e1nk volt siker\u00fcnk sarokk\u00f6ve, amely folyamatos fejl\u0151d\u00e9st \u00e9s n\u00f6veked\u00e9st eredm\u00e9nyezett.<\/p>\n<p><strong>Partners\u00e9g a siker\u00e9rt<\/strong><\/p>\n<p>Az FMP-n\u00e9l priorit\u00e1sk\u00e9nt kezelj\u00fck az egy\u00fcttm\u0171k\u00f6d\u00e9st \u00e9s a hossz\u00fa t\u00e1v\u00fa partners\u00e9geket \u00fcgyfeleinkkel. Szorosan egy\u00fcttm\u0171k\u00f6d\u00fcnk \u00fcgyfeleinkkel, hogy innovat\u00edv, megb\u00edzhat\u00f3 megold\u00e1sokat k\u00edn\u00e1ljunk, amelyek fel\u00fclm\u00falj\u00e1k az elv\u00e1r\u00e1sokat. C\u00e9lunk nemcsak az \u00fcgyfeleink ig\u00e9nyeinek kiel\u00e9g\u00edt\u00e9se, hanem a bizalmon, a min\u0151s\u00e9gen \u00e9s a k\u00f6lcs\u00f6n\u00f6s sikeren alapul\u00f3 tart\u00f3s kapcsolatok ki\u00e9p\u00edt\u00e9se is.<\/p>\n<p>A prec\u00edzi\u00f3s m\u00e9rn\u00f6ki munk\u00e1ra, a megb\u00edzhat\u00f3s\u00e1gra \u00e9s a szem\u00e9lyre szabott szolg\u00e1ltat\u00e1sokra \u00f6sszpontos\u00edtva az FMP megb\u00edzhat\u00f3 partner minden mechanikus \u00e9s hidraulikus hajt\u00e1si ig\u00e9ny\u00e9ben. V\u00e1rjuk az egy\u00fcttm\u0171k\u00f6d\u00e9st \u00d6nnel, hogy egy\u00fctt sikerre vezess\u00fck \u00e9s kiv\u00e1l\u00f3s\u00e1got \u00e9rj\u00fcnk el.<\/p>\n<p><img loading=\"lazy\" decoding=\"async\" class=\"alignnone size-full wp-image-3678\" src=\"https:\/\/fmp-components.com\/wp-content\/uploads\/2025\/01\/worm-gearbox-factory1.webp\" alt=\"csigahajt\u00f3m\u0171-gy\u00e1r\" width=\"1024\" height=\"888\" title=\"\" srcset=\"https:\/\/fmp-components.com\/wp-content\/uploads\/2025\/01\/worm-gearbox-factory1.webp 1024w, https:\/\/fmp-components.com\/wp-content\/uploads\/2025\/01\/worm-gearbox-factory1-980x850.webp 980w, https:\/\/fmp-components.com\/wp-content\/uploads\/2025\/01\/worm-gearbox-factory1-480x416.webp 480w\" sizes=\"(min-width: 0px) and (max-width: 480px) 480px, (min-width: 481px) and (max-width: 980px) 980px, (min-width: 981px) 1024px, 100vw\" \/><\/p>\n<p>Szerz\u0151: CX<\/p>","protected":false},"excerpt":{"rendered":"<p>Ker\u00e9khajt\u00e1s\u00fa bolyg\u00f3kerekes hajt\u00f3m\u0171 reduktor darukhoz A darukhoz val\u00f3 kerekhajt\u00e1s\u00fa bolyg\u00f3kerekes hajt\u00f3m\u0171 reduktor kulcsfontoss\u00e1g\u00fa elem a daruk mobilit\u00e1s\u00e1nak \u00e9s stabilit\u00e1s\u00e1nak biztos\u00edt\u00e1s\u00e1ban. Feladata az er\u0151\u00e1tvitel a daru motorj\u00e1t\u00f3l a kerekekhez, biztos\u00edtva a sima \u00e9s szab\u00e1lyozott mozg\u00e1st. A daru kerekeinek konfigur\u00e1ci\u00f3j\u00e1t\u00f3l f\u00fcgg\u0151en t\u00f6bb bolyg\u00f3kerekes hajt\u00f3m\u0171 is [\u2026]<\/p>","protected":false},"featured_media":3700,"comment_status":"open","ping_status":"closed","template":"","meta":{"_et_pb_use_builder":"","_et_pb_old_content":"","_et_gb_content_width":""},"product_brand":[],"product_cat":[90],"product_tag":[],"class_list":{"0":"post-3697","1":"product","2":"type-product","3":"status-publish","4":"has-post-thumbnail","6":"product_cat-planetary-gearbox","8":"first","9":"instock","10":"shipping-taxable","11":"product-type-simple"},"_links":{"self":[{"href":"https:\/\/fmp-components.com\/hu\/wp-json\/wp\/v2\/product\/3697","targetHints":{"allow":["GET"]}}],"collection":[{"href":"https:\/\/fmp-components.com\/hu\/wp-json\/wp\/v2\/product"}],"about":[{"href":"https:\/\/fmp-components.com\/hu\/wp-json\/wp\/v2\/types\/product"}],"replies":[{"embeddable":true,"href":"https:\/\/fmp-components.com\/hu\/wp-json\/wp\/v2\/comments?post=3697"}],"wp:featuredmedia":[{"embeddable":true,"href":"https:\/\/fmp-components.com\/hu\/wp-json\/wp\/v2\/media\/3700"}],"wp:attachment":[{"href":"https:\/\/fmp-components.com\/hu\/wp-json\/wp\/v2\/media?parent=3697"}],"wp:term":[{"taxonomy":"product_brand","embeddable":true,"href":"https:\/\/fmp-components.com\/hu\/wp-json\/wp\/v2\/product_brand?post=3697"},{"taxonomy":"product_cat","embeddable":true,"href":"https:\/\/fmp-components.com\/hu\/wp-json\/wp\/v2\/product_cat?post=3697"},{"taxonomy":"product_tag","embeddable":true,"href":"https:\/\/fmp-components.com\/hu\/wp-json\/wp\/v2\/product_tag?post=3697"}],"curies":[{"name":"munkaf\u00fczet","href":"https:\/\/api.w.org\/{rel}","templated":true}]}}