{"id":3686,"date":"2025-01-09T06:39:01","date_gmt":"2025-01-09T06:39:01","guid":{"rendered":"https:\/\/fmp-components.com\/?page_id=8"},"modified":"2025-01-09T06:39:01","modified_gmt":"2025-01-09T06:39:01","slug":"wheel-drive-planetary-gearbox-reducer-for-road-reclaimers-and-grades","status":"publish","type":"product","link":"https:\/\/fmp-components.com\/hu\/product\/wheel-drive-planetary-gearbox-reducer-for-road-reclaimers-and-grades\/","title":{"rendered":"Ker\u00e9khajt\u00e1s\u00fa bolyg\u00f3m\u0171ves sebess\u00e9gv\u00e1lt\u00f3 reduktor \u00fatfel\u00faj\u00edt\u00f3khoz \u00e9s szintekhez"},"content":{"rendered":"<p><img loading=\"lazy\" decoding=\"async\" class=\"alignnone wp-image-3687\" src=\"https:\/\/fmp-components.com\/wp-content\/uploads\/2025\/01\/0_wheel-drive-for-Road-Reclaimers-and-Grades-0.webp\" alt=\"ker\u00e9khajt\u00e1s-\u00fatfel\u00faj\u00edt\u00f3khoz-\u00e9s-szintekhez\" width=\"863\" height=\"647\" title=\"\" srcset=\"https:\/\/fmp-components.com\/wp-content\/uploads\/2025\/01\/0_wheel-drive-for-Road-Reclaimers-and-Grades-0.webp 400w, https:\/\/fmp-components.com\/wp-content\/uploads\/2025\/01\/0_wheel-drive-for-Road-Reclaimers-and-Grades-0-300x225.webp 300w, https:\/\/fmp-components.com\/wp-content\/uploads\/2025\/01\/0_wheel-drive-for-Road-Reclaimers-and-Grades-0-16x12.webp 16w\" sizes=\"(max-width: 863px) 100vw, 863px\" \/><\/p>\n<h2>Ker\u00e9khajt\u00e1s \u00fatfel\u00faj\u00edt\u00f3khoz<\/h2>\n<p>Az \u00fatfel\u00faj\u00edt\u00f3 g\u00e9pek ker\u00e9khajt\u00e1sa kritikus fontoss\u00e1g\u00fa alkatr\u00e9sz, amely biztos\u00edtja a sz\u00fcks\u00e9ges mobilit\u00e1st \u00e9s tapad\u00e1st. Az \u00fatfel\u00faj\u00edt\u00f3k nagy, nagy teherb\u00edr\u00e1s\u00fa g\u00e9pek, amelyeket az \u00fat\u00e9p\u00edt\u00e9sben \u00e9s -karbantart\u00e1sban haszn\u00e1lnak az \u00fatfel\u00fcletek mar\u00e1s\u00e1ra \u00e9s fel\u00faj\u00edt\u00e1s\u00e1ra. A ker\u00e9khajt\u00e1si rendszer lehet\u0151v\u00e9 teszi ezeknek a g\u00e9peknek, hogy k\u00fcl\u00f6nb\u00f6z\u0151 fel\u00fcleteken, bele\u00e9rtve a kavicsot, az aszfaltot \u00e9s a f\u00f6ldet, mozogjanak, mik\u00f6zben meg\u0151rzik a stabilit\u00e1st \u00e9s az er\u0151t.<\/p>\n<p><img loading=\"lazy\" decoding=\"async\" class=\"size-full wp-image-3688 aligncenter\" src=\"https:\/\/fmp-components.com\/wp-content\/uploads\/2025\/01\/ep_wheel-drive-2-1.webp\" alt=\"ker\u00e9khajt\u00e1s\" width=\"608\" height=\"677\" title=\"\" srcset=\"https:\/\/fmp-components.com\/wp-content\/uploads\/2025\/01\/ep_wheel-drive-2-1.webp 608w, https:\/\/fmp-components.com\/wp-content\/uploads\/2025\/01\/ep_wheel-drive-2-1-480x534.webp 480w\" sizes=\"(min-width: 0px) and (max-width: 480px) 480px, (min-width: 481px) 608px, 100vw\" \/><\/p>\n<p><strong>Kulcsfontoss\u00e1g\u00fa szerep \u00e9s funkci\u00f3:<\/strong><\/p>\n<p>Az \u00fatfelt\u00e1r\u00f3k ker\u00e9khajt\u00e1sa \u00fagy van kialak\u00edtva, hogy a motor vagy a hidraulikus rendszer teljes\u00edtm\u00e9ny\u00e9t a kerekekhez tov\u00e1bb\u00edtsa. Ez biztos\u00edtja a hat\u00e9kony mozg\u00e1st m\u00e9g egyenetlen, lejt\u0151s terepen is. A rendszer jellemz\u0151en nagy nyomat\u00e9k\u00fa hajt\u00e1sokkal van felszerelve, amelyek lehet\u0151v\u00e9 teszik a felt\u00e1r\u00f3 sz\u00e1m\u00e1ra, hogy neh\u00e9z fel\u00fcleteken is mozogjon an\u00e9lk\u00fcl, hogy elvesz\u00edten\u00e9 a tapad\u00e1st, m\u00e9g nagy terhel\u00e9s alatt is. Emellett szab\u00e1lyozott sebess\u00e9get is lehet\u0151v\u00e9 tesz, biztos\u00edtva, hogy a felt\u00e1r\u00f3 a megfelel\u0151 \u00fctemben mozogjon a mar\u00e1si \u00e9s fel\u00fclet-el\u0151k\u00e9sz\u00edt\u00e9si m\u0171veletekhez.<\/p>\n<p><strong>Teljes\u00edtm\u00e9ny \u00e9s tart\u00f3ss\u00e1g:<\/strong><\/p>\n<p>Tekintettel az \u00fatment\u0151 g\u00e9pek neh\u00e9z m\u0171k\u00f6d\u00e9si k\u00f6r\u00fclm\u00e9nyeire, a ker\u00e9khajt\u00e1s\u00fa rendszert tart\u00f3sra \u00e9s megb\u00edzhat\u00f3ra tervezt\u00e9k. \u00dagy tervezt\u00e9k, hogy ellen\u00e1lljon a nagy terhel\u00e9snek, bele\u00e9rtve a gyakori indul\u00e1sokat \u00e9s le\u00e1ll\u00e1sokat, valamint a zord k\u00f6rnyezetben val\u00f3 m\u0171k\u00f6d\u00e9st. A rendszer robusztus fel\u00e9p\u00edt\u00e9se hossz\u00fa \u00e9lettartamot \u00e9s minim\u00e1lis karbantart\u00e1st biztos\u00edt, ami elengedhetetlen az \u00e1ll\u00e1sid\u0151 cs\u00f6kkent\u00e9s\u00e9hez \u00e9s a berendez\u00e9sek hat\u00e9kony m\u0171k\u00f6d\u00e9s\u00e9hez a hossz\u00fa, intenz\u00edv munkaciklusok sor\u00e1n.<\/p>\n<h2>T\u00f6k\u00e9letesen alkalmazkodik az \u00fatfel\u00faj\u00edt\u00f3k munkak\u00f6rnyezet\u00e9hez<\/h2>\n<p>Az \u00fatfel\u00faj\u00edt\u00f3 g\u00e9pek ker\u00e9khajt\u00e1si rendszere t\u00f6k\u00e9letesen alkalmazkodik az \u00fat\u00e9p\u00edt\u00e9s \u00e9s -karbantart\u00e1s ig\u00e9nyes \u00e9s kih\u00edv\u00e1sokkal teli munkak\u00f6rnyezet\u00e9hez. Ezek a g\u00e9pek gyakran egyenetlen, durva \u00e9s kisz\u00e1m\u00edthatatlan terepen, p\u00e9ld\u00e1ul aszfalton, kavicsos \u00e9s f\u00f6ldutakon dolgoznak, mik\u00f6zben nagy terhel\u00e9st is elb\u00edrnak. A ker\u00e9khajt\u00e1si rendszert \u00fagy tervezt\u00e9k, hogy optim\u00e1lis tapad\u00e1st, stabilit\u00e1st \u00e9s mobilit\u00e1st biztos\u00edtson, biztos\u00edtva, hogy a fel\u00faj\u00edt\u00f3 g\u00e9p hat\u00e9konyan tudja elv\u00e9gezni feladatait, p\u00e9ld\u00e1ul az \u00fatfel\u00fcletek mar\u00e1s\u00e1t, fel\u00faj\u00edt\u00e1s\u00e1t \u00e9s \u00fajrahasznos\u00edt\u00e1s\u00e1t, a terepviszonyokt\u00f3l f\u00fcggetlen\u00fcl.<\/p>\n<p><strong>Nagy nyomat\u00e9k \u00e9s tapad\u00e1s a kih\u00edv\u00e1st jelent\u0151 k\u00f6r\u00fclm\u00e9nyekhez<\/strong><\/p>\n<p>Az \u00fatfel\u00faj\u00edt\u00f3knak jelent\u0151s nyomat\u00e9kra \u00e9s tapad\u00e1sra van sz\u00fcks\u00e9g\u00fck ahhoz, hogy neh\u00e9z fel\u00fcleteken mozogjanak, mik\u00f6zben fenntartj\u00e1k az \u00e1lland\u00f3 teljes\u00edtm\u00e9nyt. A ker\u00e9kmeghajt\u00e1si rendszer nagy nyomat\u00e9kkal rendelkezik, \u00edgy a g\u00e9p m\u00e9g a legnagyobb kih\u00edv\u00e1st jelent\u0151 k\u00f6rnyezetekkel is megbirk\u00f3zik, p\u00e9ld\u00e1ul meredek lejt\u0151kkel, laza kavicsokkal \u00e9s t\u00f6m\u00f6r\u00edtett \u00fatfel\u00fcletekkel. Ez sim\u00e1bb m\u0171k\u00f6d\u00e9st, jobb ir\u00e1ny\u00edthat\u00f3s\u00e1got \u00e9s a neh\u00e9z terepen val\u00f3 cs\u00fasz\u00e1s vagy lefullad\u00e1s n\u00e9lk\u00fcli navig\u00e1ci\u00f3t eredm\u00e9nyez.<\/p>\n<p><strong>Tart\u00f3ss\u00e1g \u00e9s megb\u00edzhat\u00f3s\u00e1g zord k\u00f6rnyezetben<\/strong><\/p>\n<p>Az \u00fatfelt\u00e1r\u00f3k zord munkak\u00f6r\u00fclm\u00e9nyei, bele\u00e9rtve a pornak, a vibr\u00e1ci\u00f3nak val\u00f3 kitetts\u00e9get \u00e9s a gyakori munkav\u00e9gz\u00e9st durva, instabil fel\u00fcleteken, tart\u00f3s \u00e9s megb\u00edzhat\u00f3 ker\u00e9khajt\u00e1si rendszert ig\u00e9nyelnek. A rendszer kiv\u00e1l\u00f3 min\u0151s\u00e9g\u0171 anyagokb\u00f3l \u00e9s fejlett m\u00e9rn\u00f6ki munk\u00e1val k\u00e9sz\u00fclt, hogy hossz\u00fa ideig ellen\u00e1lljon ezeknek a terhel\u00e9seknek. Minim\u00e1lis karbantart\u00e1st ig\u00e9nyel \u00e9s terhel\u00e9s alatt is kiv\u00e1l\u00f3 teljes\u00edtm\u00e9nyt ny\u00fajt, a ker\u00e9khajt\u00e1s biztos\u00edtja, hogy a felt\u00e1r\u00f3 m\u0171k\u00f6d\u0151k\u00e9pes \u00e9s hat\u00e9kony maradjon a hossz\u00fa, ig\u00e9nyes munkam\u0171szakok alatt, v\u00e9gs\u0151 soron cs\u00f6kkentve az \u00e1ll\u00e1sid\u0151t \u00e9s jav\u00edtva az \u00e1ltal\u00e1nos termel\u00e9kenys\u00e9get.<\/p>\n<p><img loading=\"lazy\" decoding=\"async\" class=\"alignnone wp-image-3689\" src=\"https:\/\/fmp-components.com\/wp-content\/uploads\/2025\/01\/0_Reggiana-Riduttori-8.webp\" alt=\"Reggiana-Riduttori\" width=\"859\" height=\"734\" title=\"\" srcset=\"https:\/\/fmp-components.com\/wp-content\/uploads\/2025\/01\/0_Reggiana-Riduttori-8.webp 859w, https:\/\/fmp-components.com\/wp-content\/uploads\/2025\/01\/0_Reggiana-Riduttori-8-480x410.webp 480w\" sizes=\"(min-width: 0px) and (max-width: 480px) 480px, (min-width: 481px) 859px, 100vw\" \/><\/p>\n<h3>Kompatibilit\u00e1s a n\u00e9pszer\u0171 modellekkel<\/h3>\n<p data-spm-anchor-id=\"5176.28103460.0.i154.22d63f99WoHmOF\">Soroljon fel n\u00e9h\u00e1ny gyakori m\u00e1rk\u00e1t \u00e9s modellt az \u00fatfel\u00faj\u00edt\u00f3kb\u00f3l, amelyek elm\u00e9letileg kompatibilisek lehetnek t\u00f6bb ker\u00e9khajt\u00e1ssal, de a konkr\u00e9t kompatibilit\u00e1st a gy\u00e1rt\u00f3 \u00e1ltal megadott m\u0171szaki specifik\u00e1ci\u00f3knak \u00e9s testreszab\u00e1si k\u00f6vetelm\u00e9nyeknek megfelel\u0151en kell egyeztetni:<\/p>\n<ul>\n<li data-spm-anchor-id=\"5176.28103460.0.i154.22d63f99WoHmOF\">Wirtgen: \u00datfel\u00faj\u00edt\u00f3 g\u00e9pek, mint p\u00e9ld\u00e1ul a Wirtgen WR 200 \u00e9s WR 250 sorozat.<\/li>\n<li data-spm-anchor-id=\"5176.28103460.0.i154.22d63f99WoHmOF\">Caterpillar: P\u00e9ld\u00e1ul a Caterpillar PM620 \u00e9s PM820 \u00fatfel\u00faj\u00edt\u00f3 g\u00e9pek.<\/li>\n<li data-spm-anchor-id=\"5176.28103460.0.i154.22d63f99WoHmOF\">Fayat Group (Bomag): p\u00e9ld\u00e1ul Bomag BF 600 C, BF 800 P sorozat\u00fa regener\u00e1l\u00f3 g\u00e9pek.<\/li>\n<li data-spm-anchor-id=\"5176.28103460.0.i154.22d63f99WoHmOF\">Volvo \u00c9p\u00edt\u0151ipari Equipment: P\u00e9ld\u00e1ul Volvo R900S, R1100S \u00fatfel\u00faj\u00edt\u00f3 g\u00e9p.<\/li>\n<li data-spm-anchor-id=\"5176.28103460.0.i154.22d63f99WoHmOF\">Dynapac: Dynapac CR 250\/CR 280\/CR 350 sorozat\u00fa regener\u00e1l\u00f3 g\u00e9p.<\/li>\n<\/ul>\n<p>Felh\u00edvjuk figyelm\u00e9t, hogy a k\u00fcl\u00f6nb\u00f6z\u0151 m\u00e1rk\u00e1j\u00fa \u00fatfel\u00faj\u00edt\u00f3 g\u00e9pek kialak\u00edt\u00e1sa elt\u00e9r\u0151 lehet, ez\u00e9rt olyan ker\u00e9khajt\u00e1s\u00fa bolyg\u00f3m\u0171ves sebess\u00e9gv\u00e1lt\u00f3 reduktort kell v\u00e1lasztani vagy testre szabni, amely az adott m\u0171szaki param\u00e9terek alapj\u00e1n alkalmas sz\u00e1mukra. Gyakorlati alkalmaz\u00e1sokban biztos\u00edtani kell, hogy a ker\u00e9khajt\u00e1s elegend\u0151 nyomat\u00e9kot \u00e9s fordulatsz\u00e1m-szab\u00e1lyoz\u00e1st biztos\u00edtson, \u00e9s szerkezeti m\u00e9retek, csatlakoz\u00e1si szabv\u00e1nyok \u00e9s teherb\u00edr\u00e1s tekintet\u00e9ben teljes m\u00e9rt\u00e9kben illeszkedjen a regener\u00e1l\u00f3 g\u00e9p f\u0151 test\u00e9hez.<\/p>\n<p><span style=\"color: #ff0000;\"><em><strong>Megjegyz\u00e9s: A cikkben eml\u00edtett m\u00e1rkanevek csup\u00e1n a k\u00e9nyelm\u00fcnket szolg\u00e1lj\u00e1k, hogy \u00fcgyfeleink kiv\u00e1laszthass\u00e1k \u00e9s kicser\u00e9lhess\u00e9k a megfelel\u0151 mez\u0151gazdas\u00e1gi g\u00e9pm\u00e1rka tartoz\u00e9kait, \u00e9s nem az adott m\u00e1rka term\u00e9keit \u00e9rt\u00e9kes\u00edtik.<\/strong><\/em><\/span><\/p>\n<h2>Az FMP-r\u0151l<\/h2>\n<p>Az FMP egy vezet\u0151 gy\u00e1rt\u00f3, amely mechanikus \u00e9s hidraulikus sebess\u00e9gv\u00e1lt\u00f3 term\u00e9kek sz\u00e9les v\u00e1laszt\u00e9k\u00e1nak gy\u00e1rt\u00e1s\u00e1ra specializ\u00e1l\u00f3dott. Term\u00e9kpalett\u00e1nk bolyg\u00f3kerekes hajt\u00f3m\u0171veket, csigahajt\u00e1sokat, soros ferde fogaskerekes reduktorokat, p\u00e1rhuzamos tengely\u0171 ferde fogaskerekes reduktorokat, ferde k\u00fapkerekes reduktorokat, ferde csigahajt\u00e1sos reduktorokat, mez\u0151gazdas\u00e1gi hajt\u00f3m\u0171veket, traktor hajt\u00f3m\u0171veket, g\u00e9pj\u00e1rm\u0171 hajt\u00f3m\u0171veket, teljes\u00edtm\u00e9nylead\u00f3 tengelyeket \u00e9s speci\u00e1lis reduktorokat tartalmaz. Ezenk\u00edv\u00fcl \u00e1tfog\u00f3 v\u00e1laszt\u00e9kot k\u00edn\u00e1lunk kieg\u00e9sz\u00edt\u0151 alkatr\u00e9szekb\u0151l, mint p\u00e9ld\u00e1ul l\u00e1nckerekek, hidraulikus rendszerek, v\u00e1kuumszivatty\u00fak, hidraulikus tengelykapcsol\u00f3k, fogasl\u00e9cek, l\u00e1ncok, vez\u00e9rm\u0171sz\u00edjak, UDL hajt\u00f3m\u0171vek, \u00e9ksz\u00edjt\u00e1rcs\u00e1k, hidraulikus hengerek, fogasker\u00e9k-szivatty\u00fak, csavarkompresszorok \u00e9s alacsony holtj\u00e1t\u00e9k\u00fa csigahajt\u00e1sok.<\/p>\n<p><strong>Testreszabott megold\u00e1sok minden ig\u00e9nyre<\/strong><\/p>\n<p>Az FMP-n\u00e9l meg\u00e9rtj\u00fck, hogy minden alkalmaz\u00e1s egyedi. Ez\u00e9rt k\u00edn\u00e1lunk teljesen testreszabhat\u00f3 megold\u00e1sokat, bele\u00e9rtve az egyedi sebess\u00e9gv\u00e1lt\u00f3kat, hajt\u00f3m\u0171ves motorokat, hidraulikus rendszereket \u00e9s motorokat, amelyeket \u00fcgyfeleink egyedi ig\u00e9nyeinek kiel\u00e9g\u00edt\u00e9s\u00e9re tervezt\u00fcnk. Rugalmas gy\u00e1rt\u00e1si k\u00e9pess\u00e9geink lehet\u0151v\u00e9 teszik sz\u00e1munkra, hogy prec\u00edzen megtervezett term\u00e9keket hozzunk l\u00e9tre, amelyek a maxim\u00e1lis hat\u00e9konys\u00e1got \u00e9s az optim\u00e1lis teljes\u00edtm\u00e9nyt biztos\u00edtj\u00e1k b\u00e1rmilyen alkalmaz\u00e1shoz.<\/p>\n<p><strong>Elk\u00f6telezetts\u00e9g a min\u0151s\u00e9g \u00e9s az innov\u00e1ci\u00f3 ir\u00e1nt<\/strong><\/p>\n<p>M\u00e9lyen elk\u00f6telezettek vagyunk amellett, hogy minden \u00e1ltalunk gy\u00e1rtott term\u00e9k eset\u00e9ben a legmagasabb min\u0151s\u00e9gi \u00e9s megb\u00edzhat\u00f3s\u00e1gi szabv\u00e1nyokat tartsuk fenn. Korszer\u0171 tesztel\u0151- \u00e9s ellen\u0151rz\u0151 berendez\u00e9seink, valamint magasan k\u00e9pzett m\u0171szaki csapatunk biztos\u00edtja, hogy minden term\u00e9k megfeleljen a szigor\u00fa ipar\u00e1gi szabv\u00e1nyoknak. Ak\u00e1r szabv\u00e1nyos megold\u00e1sokat k\u00edn\u00e1l, ak\u00e1r egyedi tervez\u00e9s\u0171 term\u00e9keket hoz l\u00e9tre, az FMP elk\u00f6telezett a kiv\u00e1l\u00f3 min\u0151s\u00e9g\u0171 eredm\u00e9nyek biztos\u00edt\u00e1sa ir\u00e1nt, amelyek kiv\u00e9telesen teljes\u00edtenek m\u00e9g a legig\u00e9nyesebb k\u00f6rnyezetben is.<\/p>\n<p>Az FMP az elm\u00falt \u00e9vekben gyors n\u00f6veked\u00e9st mutatott, amelyet sz\u00e9lesk\u00f6r\u0171 termel\u00e9si tapasztalatunknak, megb\u00edzhat\u00f3 ir\u00e1ny\u00edt\u00e1si rendszereinknek \u00e9s er\u0151s m\u0171szaki szak\u00e9rtelm\u00fcnknek k\u00f6sz\u00f6nhet\u0151en tett\u00fcnk lehet\u0151v\u00e9. A \u201emin\u0151s\u00e9g a t\u00fal\u00e9l\u00e9s\u00e9rt \u00e9s innov\u00e1ci\u00f3 a fejl\u0151d\u00e9s\u00e9rt\u201d filoz\u00f3fi\u00e1nk volt siker\u00fcnk sarokk\u00f6ve, amely folyamatos fejl\u0151d\u00e9st \u00e9s n\u00f6veked\u00e9st eredm\u00e9nyezett.<\/p>\n<p><strong>Partners\u00e9g a siker\u00e9rt<\/strong><\/p>\n<p>Az FMP-n\u00e9l priorit\u00e1sk\u00e9nt kezelj\u00fck az egy\u00fcttm\u0171k\u00f6d\u00e9st \u00e9s a hossz\u00fa t\u00e1v\u00fa partners\u00e9geket \u00fcgyfeleinkkel. Szorosan egy\u00fcttm\u0171k\u00f6d\u00fcnk \u00fcgyfeleinkkel, hogy innovat\u00edv, megb\u00edzhat\u00f3 megold\u00e1sokat k\u00edn\u00e1ljunk, amelyek fel\u00fclm\u00falj\u00e1k az elv\u00e1r\u00e1sokat. C\u00e9lunk nemcsak az \u00fcgyfeleink ig\u00e9nyeinek kiel\u00e9g\u00edt\u00e9se, hanem a bizalmon, a min\u0151s\u00e9gen \u00e9s a k\u00f6lcs\u00f6n\u00f6s sikeren alapul\u00f3 tart\u00f3s kapcsolatok ki\u00e9p\u00edt\u00e9se is.<\/p>\n<p>A prec\u00edzi\u00f3s m\u00e9rn\u00f6ki munk\u00e1ra, a megb\u00edzhat\u00f3s\u00e1gra \u00e9s a szem\u00e9lyre szabott szolg\u00e1ltat\u00e1sokra \u00f6sszpontos\u00edtva az FMP megb\u00edzhat\u00f3 partner minden mechanikus \u00e9s hidraulikus hajt\u00e1si ig\u00e9ny\u00e9ben. V\u00e1rjuk az egy\u00fcttm\u0171k\u00f6d\u00e9st \u00d6nnel, hogy egy\u00fctt sikerre vezess\u00fck \u00e9s kiv\u00e1l\u00f3s\u00e1got \u00e9rj\u00fcnk el.<\/p>\n<p><img loading=\"lazy\" decoding=\"async\" class=\"alignnone size-full wp-image-3678\" src=\"https:\/\/fmp-components.com\/wp-content\/uploads\/2025\/01\/worm-gearbox-factory1.webp\" alt=\"csigahajt\u00f3m\u0171-gy\u00e1r\" width=\"1024\" height=\"888\" title=\"\" srcset=\"https:\/\/fmp-components.com\/wp-content\/uploads\/2025\/01\/worm-gearbox-factory1.webp 1024w, https:\/\/fmp-components.com\/wp-content\/uploads\/2025\/01\/worm-gearbox-factory1-980x850.webp 980w, https:\/\/fmp-components.com\/wp-content\/uploads\/2025\/01\/worm-gearbox-factory1-480x416.webp 480w\" sizes=\"(min-width: 0px) and (max-width: 480px) 480px, (min-width: 481px) and (max-width: 980px) 980px, (min-width: 981px) 1024px, 100vw\" \/><\/p>\n<p>Szerz\u0151: CX<\/p>\n<p>&nbsp;<\/p>","protected":false},"excerpt":{"rendered":"<p>Wheel Drive for Road Reclaimers The wheel drive for road reclaimers is a critical component that provides the necessary mobility and traction for road reclaiming machines. Road reclaimers are large, heavy-duty machines used in road construction and maintenance to mill and recondition road surfaces. The wheel drive system enables these machines to move across various [&hellip;]<\/p>","protected":false},"featured_media":3690,"comment_status":"open","ping_status":"closed","template":"","meta":{"_et_pb_use_builder":"","_et_pb_old_content":"","_et_gb_content_width":""},"product_brand":[],"product_cat":[90],"product_tag":[],"class_list":{"0":"post-3686","1":"product","2":"type-product","3":"status-publish","4":"has-post-thumbnail","6":"product_cat-planetary-gearbox","8":"first","9":"instock","10":"shipping-taxable","11":"product-type-simple"},"_links":{"self":[{"href":"https:\/\/fmp-components.com\/hu\/wp-json\/wp\/v2\/product\/3686","targetHints":{"allow":["GET"]}}],"collection":[{"href":"https:\/\/fmp-components.com\/hu\/wp-json\/wp\/v2\/product"}],"about":[{"href":"https:\/\/fmp-components.com\/hu\/wp-json\/wp\/v2\/types\/product"}],"replies":[{"embeddable":true,"href":"https:\/\/fmp-components.com\/hu\/wp-json\/wp\/v2\/comments?post=3686"}],"wp:featuredmedia":[{"embeddable":true,"href":"https:\/\/fmp-components.com\/hu\/wp-json\/wp\/v2\/media\/3690"}],"wp:attachment":[{"href":"https:\/\/fmp-components.com\/hu\/wp-json\/wp\/v2\/media?parent=3686"}],"wp:term":[{"taxonomy":"product_brand","embeddable":true,"href":"https:\/\/fmp-components.com\/hu\/wp-json\/wp\/v2\/product_brand?post=3686"},{"taxonomy":"product_cat","embeddable":true,"href":"https:\/\/fmp-components.com\/hu\/wp-json\/wp\/v2\/product_cat?post=3686"},{"taxonomy":"product_tag","embeddable":true,"href":"https:\/\/fmp-components.com\/hu\/wp-json\/wp\/v2\/product_tag?post=3686"}],"curies":[{"name":"munkaf\u00fczet","href":"https:\/\/api.w.org\/{rel}","templated":true}]}}