{"id":3679,"date":"2025-01-09T06:12:10","date_gmt":"2025-01-09T06:12:10","guid":{"rendered":"https:\/\/fmp-components.com\/?page_id=8"},"modified":"2025-01-09T06:22:24","modified_gmt":"2025-01-09T06:22:24","slug":"wheel-drive-planetary-gearbox-reducer-for-rough-terrain-scissor-lift3679","status":"publish","type":"product","link":"https:\/\/fmp-components.com\/hu\/product\/wheel-drive-planetary-gearbox-reducer-for-rough-terrain-scissor-lift3679\/","title":{"rendered":"Ker\u00e9khajt\u00e1s\u00fa bolyg\u00f3m\u0171ves sebess\u00e9gv\u00e1lt\u00f3 reduktor durva terepi oll\u00f3s emel\u0151h\u00f6z"},"content":{"rendered":"<h2>A ker\u00e9khajt\u00e1s helye egyenetlen terepen haszn\u00e1lhat\u00f3 oll\u00f3s emel\u0151n<\/h2>\n<p>A terepj\u00e1r\u00f3 oll\u00f3s emel\u0151k ker\u00e9khajt\u00e1sa jellemz\u0151en az emel\u0151 alv\u00e1z\u00e1nak als\u00f3 r\u00e9sz\u00e9n tal\u00e1lhat\u00f3, a hajt\u00f3kerekekbe integr\u00e1lva. Ezek a hajt\u00e1sok elengedhetetlenek a kerekek meghajt\u00e1s\u00e1hoz, amelyek lehet\u0151v\u00e9 teszik az emel\u0151 mozg\u00e1s\u00e1t egyenetlen, durva fel\u00fcleteken, amelyek gyakran el\u0151fordulnak \u00e9p\u00edt\u00e9si ter\u00fcleteken vagy k\u00fclt\u00e9ri terepen. A ker\u00e9khajt\u00e1si rendszer \u00fagy van elhelyezve, hogy optim\u00e1lis teljes\u00edtm\u00e9nyeloszt\u00e1st biztos\u00edtson a kerekek k\u00f6z\u00f6tt, biztos\u00edtva a sz\u00fcks\u00e9ges nyomat\u00e9kot a megb\u00edzhat\u00f3 mozg\u00e1shoz \u00e9s tapad\u00e1shoz.<\/p>\n<p>A legt\u00f6bb konstrukci\u00f3ban a ker\u00e9khajt\u00e1s tengelyek, sebess\u00e9gv\u00e1lt\u00f3k \u00e9s hidraulikus rendszerek seg\u00edts\u00e9g\u00e9vel kapcsol\u00f3dik a kerekekhez. \u00c1ltal\u00e1ban k\u00f6zvetlen\u00fcl a ker\u00e9kagyra vagy a ker\u00e9kegys\u00e9gbe van szerelve, ahol m\u00e1s mechanikus \u00e9s hidraulikus alkatr\u00e9szekkel egy\u00fcttm\u0171k\u00f6dve m\u0171k\u00f6dik. Ez a strat\u00e9giai elhelyez\u00e9s biztos\u00edtja a hajt\u00e1srendszer hat\u00e9kony m\u0171k\u00f6d\u00e9s\u00e9t, m\u00e9g akkor is, ha az emel\u0151 teljesen ki van ny\u00fajtva vagy ferde helyzetben van.<\/p>\n<p>A neh\u00e9z terepen haszn\u00e1lhat\u00f3 oll\u00f3s emel\u0151k eset\u00e9ben a ker\u00e9khajt\u00e1s kritikus szerepet j\u00e1tszik a neh\u00e9z fel\u00fcleteken, p\u00e9ld\u00e1ul kavicson, f\u00f6ld\u00f6n \u00e9s lejt\u0151k\u00f6n val\u00f3 mobilit\u00e1s biztos\u00edt\u00e1s\u00e1ban. Kialak\u00edt\u00e1sa nagy nyomat\u00e9k \u00e9s stabilit\u00e1s biztos\u00edt\u00e1s\u00e1ra lett optimaliz\u00e1lva, biztos\u00edtva, hogy az emel\u0151 biztons\u00e1gosan \u00e9s hat\u00e9konyan man\u0151verezhessen, mik\u00f6zben meg\u0151rzi az egyens\u00faly\u00e1t \u00e9s az erej\u00e9t ig\u00e9nyl\u0151 k\u00f6r\u00fclm\u00e9nyek k\u00f6z\u00f6tt.<\/p>\n<p><img loading=\"lazy\" decoding=\"async\" class=\"alignnone wp-image-3684\" src=\"https:\/\/fmp-components.com\/wp-content\/uploads\/2025\/01\/0_wheel-drive-for-Scissor-Lift-21.webp\" alt=\"ker\u00e9khajt\u00e1s oll\u00f3s emel\u0151h\u00f6z\" width=\"921\" height=\"532\" title=\"\" srcset=\"https:\/\/fmp-components.com\/wp-content\/uploads\/2025\/01\/0_wheel-drive-for-Scissor-Lift-21.webp 921w, https:\/\/fmp-components.com\/wp-content\/uploads\/2025\/01\/0_wheel-drive-for-Scissor-Lift-21-480x277.webp 480w\" sizes=\"(min-width: 0px) and (max-width: 480px) 480px, (min-width: 481px) 921px, 100vw\" \/><\/p>\n<h2>A ker\u00e9khajt\u00e1s szerepe egy neh\u00e9z terepen haszn\u00e1lhat\u00f3 oll\u00f3s emel\u0151n<\/h2>\n<p>A ker\u00e9khajt\u00e1s kritikus szerepet j\u00e1tszik abban, hogy az oll\u00f3s emel\u0151 hat\u00e9konyan \u00e9s biztons\u00e1gosan mozoghasson egyenetlen, durva fel\u00fcleteken. Feladata a motor vagy a hidraulikus rendszer teljes\u00edtm\u00e9ny\u00e9nek \u00e1tvitele a kerekekhez, biztos\u00edtva a mozg\u00e1shoz sz\u00fcks\u00e9ges nyomat\u00e9kot. Ez biztos\u00edtja, hogy az oll\u00f3s emel\u0151 k\u00e9pes legyen lek\u00fczdeni az \u00e9p\u00edtkez\u00e9seken vagy k\u00fclt\u00e9ri munkak\u00f6rnyezetben gyakran el\u0151fordul\u00f3 akad\u00e1lyokat, emelked\u0151ket \u00e9s egyenetlen terepeket.<\/p>\n<p>A kerekek meghajt\u00e1s\u00e1val a ker\u00e9khajt\u00e1s lehet\u0151v\u00e9 teszi a felvon\u00f3 mozg\u00e1s\u00e1nak pontos vez\u00e9rl\u00e9s\u00e9t, bele\u00e9rtve az el\u0151re- \u00e9s h\u00e1tramenetet, valamint a korm\u00e1nyz\u00e1si funkci\u00f3kat. Ez lehet\u0151v\u00e9 teszi a kezel\u0151k sz\u00e1m\u00e1ra, hogy pontosan man\u0151verezz\u00e9k a felvon\u00f3t, m\u00e9g akkor is, ha az teljesen ki van ny\u00fajtva, vagy egyenetlen fel\u00fcleten van. Hozz\u00e1j\u00e1rul a g\u00e9p \u00e1ltal\u00e1nos stabilit\u00e1s\u00e1hoz, seg\u00edt egyenletesen elosztani a s\u00falyt \u00e9s fenntartani a tapad\u00e1st, megakad\u00e1lyozva a megcs\u00fasz\u00e1st \u00e9s az instabilit\u00e1st.<\/p>\n<p>A mobilit\u00e1s mellett a ker\u00e9kmeghajt\u00e1si rendszer szerepet j\u00e1tszik az emel\u0151 teljes\u00edtm\u00e9ny\u00e9nek jav\u00edt\u00e1s\u00e1ban a sebess\u00e9g \u00e9s a teljes\u00edtm\u00e9ny tekintet\u00e9ben is. Biztos\u00edtja, hogy az emel\u0151 a nagy terhek kezel\u00e9s\u00e9t is k\u00e9pes elv\u00e9gezni a hat\u00e9konys\u00e1g meg\u0151rz\u00e9se mellett, \u00edgy l\u00e9tfontoss\u00e1g\u00fa elemm\u00e9 v\u00e1lik azokban az alkalmaz\u00e1sokban, amelyek f\u00fcgg\u0151leges emel\u00e9st \u00e9s v\u00edzszintes mobilit\u00e1st is ig\u00e9nyelnek kih\u00edv\u00e1st jelent\u0151 terepen.<\/p>\n<p><img loading=\"lazy\" decoding=\"async\" class=\"wp-image-3685 aligncenter\" src=\"https:\/\/fmp-components.com\/wp-content\/uploads\/2025\/01\/0_Snorkel-S9070RT-HC_2.webp\" alt=\"\" width=\"579\" height=\"603\" title=\"\" srcset=\"https:\/\/fmp-components.com\/wp-content\/uploads\/2025\/01\/0_Snorkel-S9070RT-HC_2.webp 579w, https:\/\/fmp-components.com\/wp-content\/uploads\/2025\/01\/0_Snorkel-S9070RT-HC_2-480x500.webp 480w\" sizes=\"(min-width: 0px) and (max-width: 480px) 480px, (min-width: 481px) 579px, 100vw\" \/><\/p>\n<h2>Kompatibilit\u00e1s a n\u00e9pszer\u0171 platformlift modellekkel<\/h2>\n<p>Ker\u00e9khajt\u00e1s\u00fa reduktorunk sz\u00e1mos emel\u0151platform modellel kompatibilis, bele\u00e9rtve:<\/p>\n<ol data-spm-anchor-id=\"5176.28103460.0.i129.297c3f99PFUZxp\">\n<li>JLG Industries: JLG RT sorozat (RT340, RT40, RT60, RT90, RT100, RT110)<\/li>\n<li>Genie: GS-RT sorozat (Genie GS-4069 RT, GS-5390 RT)<\/li>\n<li>Skyjack: SJ-R sorozat (SJ63 AJ Rough Terrain, SJ8841 RTE)<\/li>\n<li>Haulotte: HAULOTTE terepj\u00e1r\u00f3 oll\u00f3s emel\u0151k (HA20PX, HT23 RTJ PRO, HT40 RTJ PRO)<\/li>\n<li>L\u00e9gz\u0151cs\u0151: SR sorozat (SR5719, SR626E, SR9244)<\/li>\n<li>Aichi: SC sorozat (SC50, SC60, SC80)<\/li>\n<li>MEC szem\u00e9lyg\u00e9pkocsik: R sorozat (RS26J, RS40, RS52)<\/li>\n<\/ol>\n<p>Ha ezen modellek b\u00e1rmelyik\u00e9t haszn\u00e1lja, a ker\u00e9khajt\u00e1s\u00fa reduktorunk t\u00f6k\u00e9letesen illeszkedik majd a g\u00e9p\u00e9hez.<br \/>\n<span style=\"color: #ff0000;\"><em><strong>Megjegyz\u00e9s: A cikkben eml\u00edtett m\u00e1rkanevek csup\u00e1n a k\u00e9nyelm\u00fcnket szolg\u00e1lj\u00e1k, hogy \u00fcgyfeleink kiv\u00e1laszthass\u00e1k \u00e9s kicser\u00e9lhess\u00e9k a megfelel\u0151 mez\u0151gazdas\u00e1gi g\u00e9pm\u00e1rka tartoz\u00e9kait, \u00e9s nem az adott m\u00e1rka term\u00e9keit \u00e9rt\u00e9kes\u00edtik.<\/strong><\/em><\/span><\/p>\n<h2>Az FMP-r\u0151l<\/h2>\n<p>Az FMP egy vezet\u0151 gy\u00e1rt\u00f3, amely mechanikus \u00e9s hidraulikus sebess\u00e9gv\u00e1lt\u00f3 term\u00e9kek sz\u00e9les v\u00e1laszt\u00e9k\u00e1nak gy\u00e1rt\u00e1s\u00e1ra specializ\u00e1l\u00f3dott. Term\u00e9kpalett\u00e1nk bolyg\u00f3kerekes hajt\u00f3m\u0171veket, csigahajt\u00e1sokat, soros ferde fogaskerekes reduktorokat, p\u00e1rhuzamos tengely\u0171 ferde fogaskerekes reduktorokat, ferde k\u00fapkerekes reduktorokat, ferde csigahajt\u00e1sos reduktorokat, mez\u0151gazdas\u00e1gi hajt\u00f3m\u0171veket, traktor hajt\u00f3m\u0171veket, g\u00e9pj\u00e1rm\u0171 hajt\u00f3m\u0171veket, teljes\u00edtm\u00e9nylead\u00f3 tengelyeket \u00e9s speci\u00e1lis reduktorokat tartalmaz. Ezenk\u00edv\u00fcl \u00e1tfog\u00f3 v\u00e1laszt\u00e9kot k\u00edn\u00e1lunk kieg\u00e9sz\u00edt\u0151 alkatr\u00e9szekb\u0151l, mint p\u00e9ld\u00e1ul l\u00e1nckerekek, hidraulikus rendszerek, v\u00e1kuumszivatty\u00fak, hidraulikus tengelykapcsol\u00f3k, fogasl\u00e9cek, l\u00e1ncok, vez\u00e9rm\u0171sz\u00edjak, UDL hajt\u00f3m\u0171vek, \u00e9ksz\u00edjt\u00e1rcs\u00e1k, hidraulikus hengerek, fogasker\u00e9k-szivatty\u00fak, csavarkompresszorok \u00e9s alacsony holtj\u00e1t\u00e9k\u00fa csigahajt\u00e1sok.<\/p>\n<p><strong>Testreszabott megold\u00e1sok minden ig\u00e9nyre<\/strong><\/p>\n<p>Az FMP-n\u00e9l meg\u00e9rtj\u00fck, hogy minden alkalmaz\u00e1s egyedi. Ez\u00e9rt k\u00edn\u00e1lunk teljesen testreszabhat\u00f3 megold\u00e1sokat, bele\u00e9rtve az egyedi sebess\u00e9gv\u00e1lt\u00f3kat, hajt\u00f3m\u0171ves motorokat, hidraulikus rendszereket \u00e9s motorokat, amelyeket \u00fcgyfeleink egyedi ig\u00e9nyeinek kiel\u00e9g\u00edt\u00e9s\u00e9re tervezt\u00fcnk. Rugalmas gy\u00e1rt\u00e1si k\u00e9pess\u00e9geink lehet\u0151v\u00e9 teszik sz\u00e1munkra, hogy prec\u00edzen megtervezett term\u00e9keket hozzunk l\u00e9tre, amelyek a maxim\u00e1lis hat\u00e9konys\u00e1got \u00e9s az optim\u00e1lis teljes\u00edtm\u00e9nyt biztos\u00edtj\u00e1k b\u00e1rmilyen alkalmaz\u00e1shoz.<\/p>\n<p><strong>Elk\u00f6telezetts\u00e9g a min\u0151s\u00e9g \u00e9s az innov\u00e1ci\u00f3 ir\u00e1nt<\/strong><\/p>\n<p>M\u00e9lyen elk\u00f6telezettek vagyunk amellett, hogy minden \u00e1ltalunk gy\u00e1rtott term\u00e9k eset\u00e9ben a legmagasabb min\u0151s\u00e9gi \u00e9s megb\u00edzhat\u00f3s\u00e1gi szabv\u00e1nyokat tartsuk fenn. Korszer\u0171 tesztel\u0151- \u00e9s ellen\u0151rz\u0151 berendez\u00e9seink, valamint magasan k\u00e9pzett m\u0171szaki csapatunk biztos\u00edtja, hogy minden term\u00e9k megfeleljen a szigor\u00fa ipar\u00e1gi szabv\u00e1nyoknak. Ak\u00e1r szabv\u00e1nyos megold\u00e1sokat k\u00edn\u00e1l, ak\u00e1r egyedi tervez\u00e9s\u0171 term\u00e9keket hoz l\u00e9tre, az FMP elk\u00f6telezett a kiv\u00e1l\u00f3 min\u0151s\u00e9g\u0171 eredm\u00e9nyek biztos\u00edt\u00e1sa ir\u00e1nt, amelyek kiv\u00e9telesen teljes\u00edtenek m\u00e9g a legig\u00e9nyesebb k\u00f6rnyezetben is.<\/p>\n<p>Az FMP az elm\u00falt \u00e9vekben gyors n\u00f6veked\u00e9st mutatott, amelyet sz\u00e9lesk\u00f6r\u0171 termel\u00e9si tapasztalatunknak, megb\u00edzhat\u00f3 ir\u00e1ny\u00edt\u00e1si rendszereinknek \u00e9s er\u0151s m\u0171szaki szak\u00e9rtelm\u00fcnknek k\u00f6sz\u00f6nhet\u0151en tett\u00fcnk lehet\u0151v\u00e9. A \u201emin\u0151s\u00e9g a t\u00fal\u00e9l\u00e9s\u00e9rt \u00e9s innov\u00e1ci\u00f3 a fejl\u0151d\u00e9s\u00e9rt\u201d filoz\u00f3fi\u00e1nk volt siker\u00fcnk sarokk\u00f6ve, amely folyamatos fejl\u0151d\u00e9st \u00e9s n\u00f6veked\u00e9st eredm\u00e9nyezett.<\/p>\n<p><strong>Partners\u00e9g a siker\u00e9rt<\/strong><\/p>\n<p>Az FMP-n\u00e9l priorit\u00e1sk\u00e9nt kezelj\u00fck az egy\u00fcttm\u0171k\u00f6d\u00e9st \u00e9s a hossz\u00fa t\u00e1v\u00fa partners\u00e9geket \u00fcgyfeleinkkel. Szorosan egy\u00fcttm\u0171k\u00f6d\u00fcnk \u00fcgyfeleinkkel, hogy innovat\u00edv, megb\u00edzhat\u00f3 megold\u00e1sokat k\u00edn\u00e1ljunk, amelyek fel\u00fclm\u00falj\u00e1k az elv\u00e1r\u00e1sokat. C\u00e9lunk nemcsak az \u00fcgyfeleink ig\u00e9nyeinek kiel\u00e9g\u00edt\u00e9se, hanem a bizalmon, a min\u0151s\u00e9gen \u00e9s a k\u00f6lcs\u00f6n\u00f6s sikeren alapul\u00f3 tart\u00f3s kapcsolatok ki\u00e9p\u00edt\u00e9se is.<\/p>\n<p>A prec\u00edzi\u00f3s m\u00e9rn\u00f6ki munk\u00e1ra, a megb\u00edzhat\u00f3s\u00e1gra \u00e9s a szem\u00e9lyre szabott szolg\u00e1ltat\u00e1sokra \u00f6sszpontos\u00edtva az FMP megb\u00edzhat\u00f3 partner minden mechanikus \u00e9s hidraulikus hajt\u00e1si ig\u00e9ny\u00e9ben. V\u00e1rjuk az egy\u00fcttm\u0171k\u00f6d\u00e9st \u00d6nnel, hogy egy\u00fctt sikerre vezess\u00fck \u00e9s kiv\u00e1l\u00f3s\u00e1got \u00e9rj\u00fcnk el.<\/p>\n<p><img loading=\"lazy\" decoding=\"async\" class=\"alignnone size-full wp-image-3678\" src=\"https:\/\/fmp-components.com\/wp-content\/uploads\/2025\/01\/worm-gearbox-factory1.webp\" alt=\"csigahajt\u00f3m\u0171-gy\u00e1r\" width=\"1024\" height=\"888\" title=\"\" srcset=\"https:\/\/fmp-components.com\/wp-content\/uploads\/2025\/01\/worm-gearbox-factory1.webp 1024w, https:\/\/fmp-components.com\/wp-content\/uploads\/2025\/01\/worm-gearbox-factory1-980x850.webp 980w, https:\/\/fmp-components.com\/wp-content\/uploads\/2025\/01\/worm-gearbox-factory1-480x416.webp 480w\" sizes=\"(min-width: 0px) and (max-width: 480px) 480px, (min-width: 481px) and (max-width: 980px) 980px, (min-width: 981px) 1024px, 100vw\" \/><\/p>\n<p>Szerz\u0151: CX<\/p>","protected":false},"excerpt":{"rendered":"<p>Location of the Wheel Drive on a Rough Terrain Scissor Lift The wheel drive on a rough terrain scissor lift is typically located at the lower portion of the lift&#8217;s chassis, integrated into the drive wheels. These drives are essential for powering the wheels that allow the lift to move across uneven, rugged surfaces often [&hellip;]<\/p>","protected":false},"featured_media":3682,"comment_status":"open","ping_status":"closed","template":"","meta":{"_et_pb_use_builder":"","_et_pb_old_content":"","_et_gb_content_width":""},"product_brand":[],"product_cat":[90],"product_tag":[],"class_list":{"0":"post-3679","1":"product","2":"type-product","3":"status-publish","4":"has-post-thumbnail","6":"product_cat-planetary-gearbox","8":"first","9":"instock","10":"shipping-taxable","11":"product-type-simple"},"_links":{"self":[{"href":"https:\/\/fmp-components.com\/hu\/wp-json\/wp\/v2\/product\/3679","targetHints":{"allow":["GET"]}}],"collection":[{"href":"https:\/\/fmp-components.com\/hu\/wp-json\/wp\/v2\/product"}],"about":[{"href":"https:\/\/fmp-components.com\/hu\/wp-json\/wp\/v2\/types\/product"}],"replies":[{"embeddable":true,"href":"https:\/\/fmp-components.com\/hu\/wp-json\/wp\/v2\/comments?post=3679"}],"wp:featuredmedia":[{"embeddable":true,"href":"https:\/\/fmp-components.com\/hu\/wp-json\/wp\/v2\/media\/3682"}],"wp:attachment":[{"href":"https:\/\/fmp-components.com\/hu\/wp-json\/wp\/v2\/media?parent=3679"}],"wp:term":[{"taxonomy":"product_brand","embeddable":true,"href":"https:\/\/fmp-components.com\/hu\/wp-json\/wp\/v2\/product_brand?post=3679"},{"taxonomy":"product_cat","embeddable":true,"href":"https:\/\/fmp-components.com\/hu\/wp-json\/wp\/v2\/product_cat?post=3679"},{"taxonomy":"product_tag","embeddable":true,"href":"https:\/\/fmp-components.com\/hu\/wp-json\/wp\/v2\/product_tag?post=3679"}],"curies":[{"name":"munkaf\u00fczet","href":"https:\/\/api.w.org\/{rel}","templated":true}]}}