{"id":364,"date":"2024-12-09T08:53:34","date_gmt":"2024-12-09T08:53:34","guid":{"rendered":"https:\/\/fmp-components.com\/?page_id=8"},"modified":"2024-12-10T03:21:34","modified_gmt":"2024-12-10T03:21:34","slug":"boom-aerial-work-vehicle-floating-hydraulic-cylinder","status":"publish","type":"product","link":"https:\/\/fmp-components.com\/hu\/product\/boom-aerial-work-vehicle-floating-hydraulic-cylinder\/","title":{"rendered":"G\u00e9mes munkag\u00e9p \u00fasz\u00f3 hidraulikus henger"},"content":{"rendered":"<p style=\"text-align: center;\"><span style=\"font-size: 18pt;\">G\u00e9mes munkag\u00e9p \u00fasz\u00f3 hidraulikus henger<\/span><\/p>\n<p>A g\u00e9m munka\u00e1llv\u00e1nyok \u00fasz\u00f3 hidraulikus hengere egy speci\u00e1lis alkatr\u00e9sz, amelyet a munka\u00e1llv\u00e1nyok teljes\u00edtm\u00e9ny\u00e9nek \u00e9s sokoldal\u00fas\u00e1g\u00e1nak n\u00f6vel\u00e9s\u00e9re terveztek. Ez az innovat\u00edv hidraulikus henger lehet\u0151v\u00e9 teszi a g\u00e9m dinamikus mozg\u00e1s\u00e1t \u00e9s be\u00e1ll\u00edt\u00e1s\u00e1t, lehet\u0151v\u00e9 t\u00e9ve a kezel\u0151k sz\u00e1m\u00e1ra, hogy egyenetlen fel\u00fcleteken navig\u00e1ljanak, \u00e9s nagyobb k\u00f6nnyeds\u00e9ggel \u00e9s biztons\u00e1gosabban \u00e9rj\u00e9k el a megemelt munkater\u00fcleteket.<\/p>\n<p><img loading=\"lazy\" decoding=\"async\" class=\"size-full wp-image-412 aligncenter\" src=\"https:\/\/fmp-components.com\/wp-content\/uploads\/2024\/12\/Boom-Aerial-Work-Vehicle-Floating-Hydraulic-Cylinder.webp\" alt=\"G\u00e9mes munkag\u00e9p \u00fasz\u00f3 hidraulikus henger\" width=\"500\" height=\"500\" title=\"\" srcset=\"https:\/\/fmp-components.com\/wp-content\/uploads\/2024\/12\/Boom-Aerial-Work-Vehicle-Floating-Hydraulic-Cylinder.webp 500w, https:\/\/fmp-components.com\/wp-content\/uploads\/2024\/12\/Boom-Aerial-Work-Vehicle-Floating-Hydraulic-Cylinder-480x480.webp 480w\" sizes=\"(min-width: 0px) and (max-width: 480px) 480px, (min-width: 481px) 500px, 100vw\" \/><\/p>\n<h4>F\u0151bb jellemz\u0151k:<\/h4>\n<ul>\n<li>\u00dasz\u00f3 kialak\u00edt\u00e1s: Az egyed\u00fcl\u00e1ll\u00f3 \u00fasz\u00f3 mechanizmus lehet\u0151v\u00e9 teszi a henger f\u00fcggetlen be\u00e1ll\u00edt\u00e1s\u00e1t, alkalmazkodva a terepviszonyok v\u00e1ltoz\u00e1saihoz, \u00e9s biztos\u00edtva a g\u00e9m optim\u00e1lis pozicion\u00e1l\u00e1s\u00e1t a hat\u00e9kony m\u0171k\u00f6d\u00e9s \u00e9rdek\u00e9ben.<\/li>\n<li>Nagy szil\u00e1rds\u00e1g\u00fa konstrukci\u00f3: Tart\u00f3s anyagokb\u00f3l k\u00e9sz\u00fclt, ez a hidraulikus henger \u00fagy van kialak\u00edtva, hogy ellen\u00e1lljon a nagy terhel\u00e9seknek \u00e9s a zord munkak\u00f6r\u00fclm\u00e9nyeknek, garant\u00e1lva a hossz\u00fa t\u00e1v\u00fa megb\u00edzhat\u00f3s\u00e1got \u00e9s teljes\u00edtm\u00e9nyt.<\/li>\n<li>Sima m\u0171k\u00f6d\u00e9s: A fejlett hidraulikus rendszer z\u00f6kken\u0151mentes mozg\u00e1st biztos\u00edt, lehet\u0151v\u00e9 t\u00e9ve a g\u00e9m magass\u00e1g\u00e1nak \u00e9s sz\u00f6g\u00e9nek pontos szab\u00e1lyoz\u00e1s\u00e1t, ami elengedhetetlen a pontoss\u00e1got ig\u00e9nyl\u0151 feladatokhoz.<\/li>\n<li>Sokoldal\u00fa alkalmaz\u00e1sok: Ez az \u00fasz\u00f3 hidraulikus henger sz\u00e1mos ipar\u00e1gban alkalmazhat\u00f3, bele\u00e9rtve az \u00e9p\u00edt\u0151ipart, a karbantart\u00e1st \u00e9s a k\u00f6zm\u0171veket, \u00e9s olyan feladatokat t\u00e1mogat, mint a telep\u00edt\u00e9s, jav\u00edt\u00e1s \u00e9s ellen\u0151rz\u00e9s magaslati helyeken.<\/li>\n<li>K\u00f6nny\u0171 telep\u00edt\u00e9s: A megl\u00e9v\u0151 g\u00e9memel\u0151 rendszerekbe val\u00f3 egyszer\u0171 integr\u00e1ci\u00f3ra tervezett \u00fasz\u00f3 hidraulikus henger minimaliz\u00e1lja az \u00e1ll\u00e1sid\u0151t \u00e9s megk\u00f6nny\u00edti a gyors telep\u00edt\u00e9st, \u00edgy azonnal haszn\u00e1latra k\u00e9sz.<\/li>\n<\/ul>\n<h4>El\u0151ny\u00f6k:<\/h4>\n<ul>\n<li>Fokozott stabilit\u00e1s: Azzal, hogy a g\u00e9m lebeg \u00e9s alkalmazkodik az egyenetlen fel\u00fcletekhez, a hidraulikus henger fokozza a stabilit\u00e1st m\u0171k\u00f6d\u00e9s k\u00f6zben, cs\u00f6kkentve a borul\u00e1s vagy balesetek kock\u00e1zat\u00e1t.<\/li>\n<li>Fokozott termel\u00e9kenys\u00e9g: A kih\u00edv\u00e1st jelent\u0151 terepeken \u00e9s poz\u00edci\u00f3kban val\u00f3 k\u00f6nny\u0171 navig\u00e1l\u00e1s jav\u00edtja a munkafolyamatok hat\u00e9konys\u00e1g\u00e1t, lehet\u0151v\u00e9 t\u00e9ve a kezel\u0151k sz\u00e1m\u00e1ra, hogy gyorsabban \u00e9s hat\u00e9konyabban v\u00e9gezz\u00e9k el a feladatokat.<\/li>\n<li>Biztons\u00e1gi garancia: A lebeg\u0151 funkci\u00f3 hozz\u00e1j\u00e1rul a biztons\u00e1gosabb m\u0171k\u00f6d\u00e9shez az\u00e1ltal, hogy jobb ir\u00e1ny\u00edthat\u00f3s\u00e1got \u00e9s stabilit\u00e1st biztos\u00edt, ami l\u00e9tfontoss\u00e1g\u00fa a magasban v\u00e9gzett munka sor\u00e1n.<\/li>\n<li>K\u00f6lts\u00e9ghat\u00e9kony megold\u00e1s: A hidraulikus henger tart\u00f3ss\u00e1ga \u00e9s hat\u00e9konys\u00e1ga alacsonyabb karbantart\u00e1si k\u00f6lts\u00e9geket \u00e9s cs\u00f6kkentett \u00e1ll\u00e1sid\u0151t eredm\u00e9nyez, \u00edgy intelligens befektet\u00e9s b\u00e1rmely l\u00e9gi munkag\u00e9p-flotta sz\u00e1m\u00e1ra.<\/li>\n<li>Kezel\u0151i k\u00e9nyelem \u00e9s magabiztoss\u00e1g: A lebeg\u0151 hidraulikus henger \u00e1ltal biztos\u00edtott z\u00f6kken\u0151mentes m\u0171k\u00f6d\u00e9s \u00e9s fokozott vez\u00e9rl\u00e9s lehet\u0151v\u00e9 teszi a kezel\u0151k sz\u00e1m\u00e1ra, hogy magabiztosan dolgozzanak, cs\u00f6kkentve a f\u00e1radts\u00e1got \u00e9s n\u00f6velve a munk\u00e1val val\u00f3 el\u00e9gedetts\u00e9get.<\/li>\n<\/ul>\n<p>\u00d6sszefoglalva, a g\u00e9m munka\u00e1llv\u00e1nyok \u00fasz\u00f3 hidraulikus munkahengere egy alapvet\u0151 elem, amely jelent\u0151sen jav\u00edtja a munka\u00e1llv\u00e1nyok funkcionalit\u00e1s\u00e1t, biztons\u00e1g\u00e1t \u00e9s hat\u00e9konys\u00e1g\u00e1t. Innovat\u00edv kialak\u00edt\u00e1sa \u00e9s megb\u00edzhat\u00f3 teljes\u00edtm\u00e9nye ide\u00e1liss\u00e1 teszi sz\u00e1mos alkalmaz\u00e1shoz, biztos\u00edtva, hogy a kezel\u0151k hat\u00e9konyan \u00e9s biztons\u00e1gosan v\u00e9gezhess\u00e9k feladataikat v\u00e1ltozatos k\u00f6rnyezetekben.<\/p>\n<h2>G\u00e9mes munkag\u00e9p \u00fasz\u00f3 hidraulikus henger m\u00e9retei:<\/h2>\n<table>\n<tbody>\n<tr>\n<td><img loading=\"lazy\" decoding=\"async\" class=\"size-large wp-image-316543 aligncenter\" src=\"https:\/\/hzpt.com\/wp-content\/uploads\/2023\/08\/Boom-Aerial-Work-Vehicle-Floating-Hydraulic-Cylinder-Dimensions-1-1024x440.webp\" sizes=\"(min-width: 0px) and (max-width: 480px) 480px, (min-width: 481px) and (max-width: 980px) 980px, (min-width: 981px) 1024px, 100vw\" srcset=\"https:\/\/images.hzpt.com\/2023\/08\/WMVeeK5s-Boom-Aerial-Work-Vehicle-Floating-Hydraulic-Cylinder-Dimensions-1-1024x440.webp 1024w, https:\/\/images.hzpt.com\/2023\/08\/WMVeeK5s-Boom-Aerial-Work-Vehicle-Floating-Hydraulic-Cylinder-Dimensions-1-980x421.webp 980w, https:\/\/images.hzpt.com\/2023\/08\/WMVeeK5s-Boom-Aerial-Work-Vehicle-Floating-Hydraulic-Cylinder-Dimensions-1-480x206.webp 480w\" alt=\"G\u00e9mes munkag\u00e9p \u00fasz\u00f3 hidraulikus henger m\u00e9retei\" width=\"1024\" height=\"440\" title=\"\"><\/td>\n<td><img loading=\"lazy\" decoding=\"async\" class=\"size-large wp-image-316544 aligncenter\" src=\"https:\/\/hzpt.com\/wp-content\/uploads\/2023\/08\/Boom-Aerial-Work-Vehicle-Floating-Hydraulic-Cylinder-Dimensions-2-1024x440.webp\" sizes=\"(min-width: 0px) and (max-width: 480px) 480px, (min-width: 481px) and (max-width: 980px) 980px, (min-width: 981px) 1024px, 100vw\" srcset=\"https:\/\/images.hzpt.com\/2023\/08\/Boom-Aerial-Work-Vehicle-Floating-Hydraulic-Cylinder-Dimensions-2-1024x440.webp 1024w, https:\/\/images.hzpt.com\/2023\/08\/5WnLVrfo-Boom-Aerial-Work-Vehicle-Floating-Hydraulic-Cylinder-Dimensions-2-980x421.webp 980w, https:\/\/images.hzpt.com\/2023\/08\/5WnLVrfo-Boom-Aerial-Work-Vehicle-Floating-Hydraulic-Cylinder-Dimensions-2-480x206.webp 480w\" alt=\"G\u00e9mes munkag\u00e9p \u00fasz\u00f3 hidraulikus henger m\u00e9retei\" width=\"1024\" height=\"440\" title=\"\"><\/td>\n<\/tr>\n<\/tbody>\n<\/table>\n<table style=\"width: 100%; height: 101px;\" border=\"1\" cellspacing=\"0\" cellpadding=\"0\">\n<tbody>\n<tr style=\"height: 47px;\">\n<td style=\"height: 47px;\" width=\"246\">Henger neve<\/td>\n<td style=\"height: 47px;\" width=\"336\">Rajzsz\u00e1m<\/td>\n<td style=\"height: 47px;\" width=\"126\">Furat\u00e1tm\u00e9r\u0151 (D)<\/td>\n<td style=\"height: 47px;\" width=\"123\">R\u00fad \u00e1tm\u00e9r\u0151je (d)<\/td>\n<td style=\"height: 47px;\" width=\"114\">L\u00f6ket (S)<\/td>\n<td style=\"height: 47px;\" width=\"170\">Telep\u00edt\u00e9si t\u00e1vols\u00e1g (L)<\/td>\n<td style=\"height: 47px;\" width=\"172\">\u00dczemi nyom\u00e1s<\/td>\n<td style=\"height: 47px;\" width=\"366\">Interf\u00e9sz m\u00e9retei (M)<\/td>\n<td style=\"height: 47px;\" width=\"96\">S\u00faly<\/td>\n<\/tr>\n<tr style=\"height: 54px;\">\n<td class=\"et3\" style=\"height: 54px;\" width=\"246\" height=\"290\">\u00dasz\u00f3 henger<\/td>\n<td class=\"et4\" style=\"height: 54px;\" width=\"336\">GTHZ210C-620200-000<\/td>\n<td class=\"et4\" style=\"height: 54px;\" width=\"126\">\u03a663<\/td>\n<td class=\"et4\" style=\"height: 54px;\" width=\"123\">\u03a645<\/td>\n<td class=\"et4\" style=\"height: 54px;\" width=\"114\">60<\/td>\n<td class=\"et4\" style=\"height: 54px;\" width=\"170\">375<\/td>\n<td class=\"et4\" style=\"height: 54px;\" width=\"172\">25MPa<\/td>\n<td class=\"et4\" style=\"height: 54px;\" width=\"366\">2-7\/8-14UNF<\/td>\n<td class=\"et4\" style=\"height: 54px;\" width=\"96\">16 kg<\/td>\n<\/tr>\n<\/tbody>\n<\/table>\n<h2>G\u00e9mes munkag\u00e9p j\u00e1rm\u0171 korm\u00e1nym\u0171 hidraulikus henger\u00e9nek param\u00e9tere:<\/h2>\n<table border=\"1\" width=\"100%\" cellspacing=\"0\" cellpadding=\"0\">\n<tbody>\n<tr>\n<td width=\"70\">T\u00e9tel<\/td>\n<td width=\"70\">Le\u00edr\u00e1s<\/td>\n<\/tr>\n<tr>\n<td width=\"70\">Term\u00e9k neve<\/td>\n<td width=\"70\">Korm\u00e1nym\u0171 hidraulikus henger<\/td>\n<\/tr>\n<tr>\n<td width=\"70\">Alkalmaz\u00e1s<\/td>\n<td width=\"70\">G\u00e9mes l\u00e9gi munkag\u00e9p<\/td>\n<\/tr>\n<tr>\n<td width=\"70\">Anyag<\/td>\n<td width=\"70\">20#\/45#, Q345B, 40Cr ac\u00e9l<\/td>\n<\/tr>\n<tr>\n<td width=\"70\">Sz\u00edn\u00e9szi t\u00edpus<\/td>\n<td width=\"70\">Kett\u0151s m\u0171k\u00f6d\u00e9s\u0171 Egyszeres m\u0171k\u00f6d\u00e9s\u0171<\/td>\n<\/tr>\n<tr>\n<td width=\"70\">Alapvet\u0151 \u00f6sszetev\u0151k<\/td>\n<td width=\"70\">Dugatty\u00far\u00fad, Dugatty\u00fa<\/td>\n<\/tr>\n<tr>\n<td width=\"70\">Bizony\u00edtv\u00e1ny:<\/td>\n<td width=\"70\">ISO9001, ISO4001, ISO 45003<\/td>\n<\/tr>\n<tr>\n<td width=\"70\">Termel\u00e9si kapacit\u00e1s:<\/td>\n<td width=\"70\">1200 000 db \u00e9vente<\/td>\n<\/tr>\n<tr>\n<td width=\"70\">Mintav\u00e9teli id\u0151<\/td>\n<td width=\"70\">A t\u00e9nyleges t\u00edpus alapj\u00e1n<\/td>\n<\/tr>\n<tr>\n<td width=\"70\">M\u00e1rka<\/td>\n<td width=\"70\">FMP vagy az \u00fcgyf\u00e9l log\u00f3ja<\/td>\n<\/tr>\n<tr>\n<td width=\"70\">Szolg\u00e1ltat\u00e1s<\/td>\n<td width=\"70\">OEM \u00e9s ODM<\/td>\n<\/tr>\n<tr>\n<td width=\"70\">T\u00f6m\u00edt\u00e9s m\u00e1rka<\/td>\n<td width=\"70\">Parker, NOK, BUSAK SHAMBAN<\/td>\n<\/tr>\n<tr>\n<td width=\"70\">Sz\u00e1ll\u00edt\u00e1si id\u0151<\/td>\n<td width=\"70\">Rendel\u00e9si mennyis\u00e9g alapj\u00e1n.<\/td>\n<\/tr>\n<tr>\n<td width=\"70\">V\u00e1llalkoz\u00e1st\u00edpus<\/td>\n<td width=\"70\">Gy\u00e1rt\u00f3 \u00e9s export\u0151r<\/td>\n<\/tr>\n<\/tbody>\n<\/table>\n<h3>G\u00e9mes munkag\u00e9p \u00fasz\u00f3 hidraulikus henger\u00e9nek alkalmaz\u00e1sa<\/h3>\n<p>A g\u00e9m munka\u00e1llv\u00e1nyokhoz val\u00f3 \u00fasz\u00f3 hidraulikus henger egy sokoldal\u00fa alkatr\u00e9sz, amelyet sz\u00e1mos ipar\u00e1gban haszn\u00e1lnak, jelent\u0151sen jav\u00edtva a munka\u00e1llv\u00e1nyok funkcionalit\u00e1s\u00e1t \u00e9s biztons\u00e1g\u00e1t. \u00cdme n\u00e9h\u00e1ny f\u0151 alkalmaz\u00e1si ter\u00fclet:<\/p>\n<h4>1. \u00c9p\u00edt\u00e9s<\/h4>\n<p>Az \u00e9p\u00edt\u0151iparban ez a hidraulikus henger elengedhetetlen az olyan feladatokhoz, mint:<\/p>\n<ul>\n<li>Munk\u00e1sok emel\u00e9se: Lehet\u0151v\u00e9 teszi az \u00e9p\u00edt\u0151ipari szem\u00e9lyzet sz\u00e1m\u00e1ra, hogy biztons\u00e1gosan hozz\u00e1f\u00e9rjenek a magaslati ter\u00fcletekhez \u00e9p\u00edt\u00e9si, tet\u0151fed\u00e9si \u00e9s szerel\u00e9si munk\u00e1k sor\u00e1n.<\/li>\n<li>Szerkezeti elemek telep\u00edt\u00e9se: Az \u00fasz\u00f3k\u00e9pess\u00e9g seg\u00edt a gerend\u00e1k, r\u00e1csok \u00e9s m\u00e1s neh\u00e9z anyagok pontos pozicion\u00e1l\u00e1s\u00e1ban, m\u00e9g egyenetlen talajon is.<\/li>\n<\/ul>\n<h4>2. Karbantart\u00e1s \u00e9s jav\u00edt\u00e1s<\/h4>\n<p>Az \u00fasz\u00f3 hidraulikus henger felbecs\u00fclhetetlen \u00e9rt\u00e9k\u0171 a karbantart\u00e1si feladatokhoz, lehet\u0151v\u00e9 t\u00e9ve a technikusok sz\u00e1m\u00e1ra, hogy:<\/p>\n<ul>\n<li>Ellen\u0151rz\u00e9sek v\u00e9grehajt\u00e1sa: K\u00f6nnyed\u00e9n navig\u00e1lhat az \u00e9p\u00edtm\u00e9nyek k\u00f6z\u00f6tt, hogy rutinszer\u0171 ellen\u0151rz\u00e9seket v\u00e9gezhessen hidakon, tornyokon \u00e9s homlokzatokon.<\/li>\n<li>Jav\u00edt\u00e1sok elv\u00e9gz\u00e9se: Hozz\u00e1f\u00e9r\u00e9s a nehezen el\u00e9rhet\u0151 helyekhez a magasban tal\u00e1lhat\u00f3 elektromos rendszerek, HVAC-egys\u00e9gek \u00e9s v\u00edzvezet\u00e9k-szerelv\u00e9nyek jav\u00edt\u00e1s\u00e1hoz.<\/li>\n<\/ul>\n<h4>3. K\u00f6zm\u0171vek \u00e9s telekommunik\u00e1ci\u00f3<\/h4>\n<p>A k\u00f6zm\u0171szolg\u00e1ltat\u00f3k a k\u00f6vetkez\u0151kre haszn\u00e1lj\u00e1k az \u00fasz\u00f3 hidraulikus hengert:<\/p>\n<ul>\n<li>T\u00e1vvezet\u00e9k-karbantart\u00e1s: A fels\u0151vezet\u00e9kekhez val\u00f3 biztons\u00e1gos hozz\u00e1f\u00e9r\u00e9s megk\u00f6nny\u00edt\u00e9se jav\u00edt\u00e1sok \u00e9s fejleszt\u00e9sek c\u00e9lj\u00e1b\u00f3l.<\/li>\n<li>T\u00e1vk\u00f6zl\u00e9si munka: Antenn\u00e1k \u00e9s kommunik\u00e1ci\u00f3s berendez\u00e9sek telep\u00edt\u00e9se \u00e9s karbantart\u00e1sa magas \u00e9p\u00edtm\u00e9nyeken, p\u00e9ld\u00e1ul mobiltelefon-tornyokon.<\/li>\n<\/ul>\n<h4>4. Esem\u00e9ny be\u00e1ll\u00edt\u00e1sa<\/h4>\n<p>A rendezv\u00e9ny- \u00e9s sz\u00f3rakoztat\u00f3iparban ez a hidraulikus henger a k\u00f6vetkez\u0151ket t\u00e1mogatja:<\/p>\n<ul>\n<li>Sz\u00ednpad\u00e9p\u00edt\u00e9s: Seg\u00edts\u00e9gny\u00fajt\u00e1s a sz\u00ednpadok, vil\u00e1g\u00edt\u00f3berendez\u00e9sek \u00e9s hangtechnikai berendez\u00e9sek be\u00e1ll\u00edt\u00e1s\u00e1ban magaslatokon.<\/li>\n<li>Bannerek \u00e9s kijelz\u0151k: Lehet\u0151v\u00e9 teszi nagym\u00e9ret\u0171 bannerek \u00e9s kijelz\u0151k magaslati elhelyez\u00e9s\u00e9t a jobb l\u00e1that\u00f3s\u00e1g \u00e9rdek\u00e9ben.<\/li>\n<\/ul>\n<h4>5. Film- \u00e9s telev\u00edzi\u00f3s produkci\u00f3<\/h4>\n<p>A film- \u00e9s telev\u00edzi\u00f3s iparban az \u00fasz\u00f3 hidraulikus hengerekkel felszerelt l\u00e9gi j\u00e1rm\u0171veket a k\u00f6vetkez\u0151kre haszn\u00e1lj\u00e1k:<\/p>\n<ul>\n<li>Operat\u0151ri munka: Magasabb kamerasz\u00f6gek \u00e9s felv\u00e9telek biztos\u00edt\u00e1sa, lehet\u0151v\u00e9 t\u00e9ve a kreat\u00edv filmez\u00e9si technik\u00e1k alkalmaz\u00e1s\u00e1t.<\/li>\n<li>Vil\u00e1g\u00edt\u00e1s be\u00e1ll\u00edt\u00e1sa: A l\u00e1mp\u00e1k \u00e9s a berendez\u00e9sek biztons\u00e1gos elhelyez\u00e9se a magass\u00e1g\u00e1ll\u00edt\u00e1st ig\u00e9nyl\u0151 d\u00edszleteken.<\/li>\n<\/ul>\n<h4>6. Mez\u0151gazdas\u00e1gi alkalmaz\u00e1sok<\/h4>\n<p>A mez\u0151gazdas\u00e1gban az \u00fasz\u00f3 hidraulikus henger a k\u00f6vetkez\u0151 ter\u00fcleteken alkalmazhat\u00f3:<\/p>\n<ul>\n<li>F\u00e1k metsz\u00e9se \u00e9s betakar\u00edt\u00e1sa: Magas f\u00e1khoz val\u00f3 hozz\u00e1f\u00e9r\u00e9s megk\u00f6nny\u00edt\u00e9se metsz\u00e9s vagy gy\u00fcm\u00f6lcssz\u00fcret c\u00e9lj\u00e1b\u00f3l, biztons\u00e1gos \u00e9s hat\u00e9kony munkafolyamatok biztos\u00edt\u00e1sa.<\/li>\n<li>N\u00f6v\u00e9nypermetez\u00e9s: Lehet\u0151v\u00e9 teszi a permetez\u0151berendez\u00e9sek prec\u00edz elhelyez\u00e9s\u00e9t k\u00fcl\u00f6nb\u00f6z\u0151 magass\u00e1gokban az egyenletes lefedetts\u00e9g biztos\u00edt\u00e1sa \u00e9rdek\u00e9ben.<\/li>\n<\/ul>\n<h4>7. Sz\u00e9lturbina karbantart\u00e1s<\/h4>\n<p>Ez a hidraulikus henger a meg\u00fajul\u00f3 energia szektorban is kritikus fontoss\u00e1g\u00fa a k\u00f6vetkez\u0151k szempontj\u00e1b\u00f3l:<\/p>\n<ul>\n<li>Sz\u00e9lturbina-hozz\u00e1f\u00e9r\u00e9s: A turbinalap\u00e1tokhoz val\u00f3 biztons\u00e1gos hozz\u00e1f\u00e9r\u00e9s biztos\u00edt\u00e1sa ellen\u0151rz\u00e9s \u00e9s karbantart\u00e1s c\u00e9lj\u00e1b\u00f3l, ami elengedhetetlen az optim\u00e1lis teljes\u00edtm\u00e9ny biztos\u00edt\u00e1s\u00e1hoz.<\/li>\n<\/ul>\n<p>A g\u00e9m munka\u00e1llv\u00e1nyok \u00fasz\u00f3 hidraulikus hengere sz\u00e1mos alkalmaz\u00e1sban n\u00f6veli a munka\u00e1llv\u00e1nyok sokoldal\u00fas\u00e1g\u00e1t \u00e9s biztons\u00e1g\u00e1t. Az egyenetlen fel\u00fcletekhez val\u00f3 alkalmazkod\u00f3k\u00e9pess\u00e9ge lehet\u0151v\u00e9 teszi a kezel\u0151k sz\u00e1m\u00e1ra, hogy prec\u00edzen \u00e9s stabilan v\u00e9gezz\u00e9k el a feladataikat, \u00edgy n\u00e9lk\u00fcl\u00f6zhetetlen eszk\u00f6zz\u00e9 v\u00e1lik az \u00e9p\u00edt\u0151iparban, a karbantart\u00e1sban, a k\u00f6zm\u0171vekben, a sz\u00f3rakoztat\u00e1sban \u00e9s m\u00e1s ter\u00fcleteken.\u00a0<img loading=\"lazy\" decoding=\"async\" class=\"alignnone size-full wp-image-413\" src=\"https:\/\/fmp-components.com\/wp-content\/uploads\/2024\/12\/T6UAgYD0-Boom-Aerial-Work-Vehicle-Floating-Hydraulic-Cylinder-Applications.webp\" alt=\"G\u00e9m-L\u00e9gi-Munkag\u00e9p-\u00dasz\u00f3-Hidraulikus-Hengeres-Alkalmaz\u00e1sok\" width=\"980\" height=\"719\" title=\"\" srcset=\"https:\/\/fmp-components.com\/wp-content\/uploads\/2024\/12\/T6UAgYD0-Boom-Aerial-Work-Vehicle-Floating-Hydraulic-Cylinder-Applications.webp 980w, https:\/\/fmp-components.com\/wp-content\/uploads\/2024\/12\/T6UAgYD0-Boom-Aerial-Work-Vehicle-Floating-Hydraulic-Cylinder-Applications-480x352.webp 480w\" sizes=\"(min-width: 0px) and (max-width: 480px) 480px, (min-width: 481px) 980px, 100vw\" \/><\/p>\n<h2>Az FMP-r\u0151l<\/h2>\n<p>Az FMP egy hidraulikus hengerek speci\u00e1lis gy\u00e1rt\u00f3ja, amely a kutat\u00e1sra \u00e9s a gy\u00e1rt\u00e1si kiv\u00e1l\u00f3s\u00e1gra helyezett er\u0151s hangs\u00faly\u00e1r\u00f3l ismert. A v\u00e1llalat megalakul\u00e1sa \u00f3ta elk\u00f6telezett a hidraulikus hengerek technol\u00f3gi\u00e1j\u00e1nak folyamatos fejleszt\u00e9se ir\u00e1nt. Kezdetben az FMP a betakar\u00edt\u00f3 \u00e9s \u00e9p\u00edt\u0151ipari g\u00e9pekhez gy\u00e1rtott k\u00fcl\u00f6nf\u00e9le term\u00e9keket; az\u00f3ta azonban kifejezetten a mez\u0151gazdas\u00e1gi traktorok alkatr\u00e9szeire \u00f6sszpontos\u00edt.<\/p>\n<p>T\u00f6bb mint egy \u00e9vtizedes gy\u00e1rt\u00e1si szak\u00e9rtelemmel az FMP a sz\u00e9lesk\u00f6r\u0171 vezet\u0151i tapasztalatot a fejlett gy\u00e1rt\u00e1si technol\u00f3gi\u00e1kkal \u00f6tv\u00f6zi, hogy term\u00e9kei legmagasabb min\u0151s\u00e9gi szabv\u00e1nyait biztos\u00edtsa. A v\u00e1llalat \u00e1tfog\u00f3 megmunk\u00e1l\u00f3 gy\u00e1rt\u00f3sort, \u00f6sszeszerel\u0151 sort \u00e9s bevon\u00f3sort hozott l\u00e9tre, amelyek lehet\u0151v\u00e9 teszik a megb\u00edzhat\u00f3 \u00e9s hat\u00e9kony gy\u00e1rt\u00e1si folyamatok biztos\u00edt\u00e1s\u00e1t.<\/p>\n<p>Az FMP n\u00f6veked\u00e9s\u00e9t egy elk\u00f6telezett csapat t\u00e1mogatta, amely tapasztalt vezet\u0151kb\u0151l, k\u00e9pzett g\u00e9p\u00e9sztervez\u0151kb\u0151l \u00e9s magasan k\u00e9pzett technikusokb\u00f3l \u00e1ll. Ez az egy\u00fcttm\u0171k\u00f6d\u0151 megk\u00f6zel\u00edt\u00e9s biztos\u00edtja az \u00e1lland\u00f3 term\u00e9kmin\u0151s\u00e9get \u00e9s hat\u00e9konyan kezeli a folyamatok folytonoss\u00e1g\u00e1t, n\u00f6velve az \u00e1ltal\u00e1nos termel\u00e9si hat\u00e9konys\u00e1got.<\/p>\n<p>Az FMP filoz\u00f3fi\u00e1j\u00e1nak k\u00f6z\u00e9ppontj\u00e1ban a \u201eTechnol\u00f3giai innov\u00e1ci\u00f3 a fejl\u0151d\u00e9s el\u0151mozd\u00edt\u00e1sa\u201d, a \u201eMin\u0151s\u00e9g teremt\u00e9se m\u00e1rk\u00e1k l\u00e9trehoz\u00e1sa\u201d, a \u201eMin\u0151s\u00e9get garant\u00e1l\u00f3 szak\u00e9rtelem\u201d \u00e9s a \u201eHossz\u00fa t\u00e1v\u00fa, mindenki sz\u00e1m\u00e1ra el\u0151ny\u00f6s kapcsolatok ki\u00e9p\u00edt\u00e9se\u201d \u00e9rt\u00e9kek \u00e1llnak. A v\u00e1llalat elk\u00f6telezett a kiv\u00e1l\u00f3 min\u0151s\u00e9g\u0171 term\u00e9kek sz\u00e1ll\u00edt\u00e1sa mellett, kiv\u00e9teles \u00fcgyf\u00e9lszolg\u00e1lat ny\u00fajt\u00e1sa mellett. Az FMP folyamatosan arra t\u00f6rekszik, hogy alkalmazkodjon a piac v\u00e1ltoz\u00f3 ig\u00e9nyeihez, \u00e9s megb\u00edzhat\u00f3 partnerk\u00e9nt pozicion\u00e1lja mag\u00e1t a mez\u0151gazdas\u00e1gi g\u00e9piparban. Az innov\u00e1ci\u00f3 \u00e9s a min\u0151s\u00e9g ir\u00e1nti elk\u00f6telezetts\u00e9g\u00e9vel az FMP c\u00e9lja, hogy jelent\u0151sen hozz\u00e1j\u00e1ruljon a hidraulikus technol\u00f3gia fejl\u0151d\u00e9s\u00e9hez a mez\u0151gazdas\u00e1gi \u00e1gazatban.<\/p>\n<p><img loading=\"lazy\" decoding=\"async\" class=\"alignnone wp-image-359\" src=\"https:\/\/fmp-components.com\/wp-content\/uploads\/2024\/12\/fmp-factory-3.webp\" sizes=\"(min-width: 0px) and (max-width: 480px) 480px, (min-width: 481px) 914px, 100vw\" srcset=\"https:\/\/fmp-components.com\/wp-content\/uploads\/2024\/12\/fmp-factory-3.webp 914w, https:\/\/fmp-components.com\/wp-content\/uploads\/2024\/12\/fmp-factory-3-480x321.webp 480w\" alt=\"fmp-gy\u00e1r\" width=\"914\" height=\"612\" title=\"\"><\/p>\n<p>Szerz\u0151: CX<\/p>","protected":false},"excerpt":{"rendered":"<p>A g\u00e9m munka\u00e1llv\u00e1nyainak \u00fasz\u00f3 hidraulikus hengere egy speci\u00e1lis alkatr\u00e9sz, amelyet a munka\u00e1llv\u00e1nyok teljes\u00edtm\u00e9ny\u00e9nek n\u00f6vel\u00e9s\u00e9re terveztek az\u00e1ltal, hogy lehet\u0151v\u00e9 teszi a g\u00e9m dinamikus alkalmazkod\u00e1s\u00e1t az egyenetlen fel\u00fcletekhez. Ez az innovat\u00edv hidraulikus henger sima \u00e9s prec\u00edz mozg\u00e1st biztos\u00edt, lehet\u0151v\u00e9 t\u00e9ve a kezel\u0151k sz\u00e1m\u00e1ra, hogy biztons\u00e1gosan hozz\u00e1f\u00e9rjenek a megemelt munkater\u00fcletekhez, jobb stabilit\u00e1ssal \u00e9s ir\u00e1ny\u00edthat\u00f3s\u00e1ggal. Nagy szil\u00e1rds\u00e1g\u00fa anyagokb\u00f3l k\u00e9sz\u00fclt, \u00edgy ellen\u00e1ll a neh\u00e9z terheknek \u00e9s a zord munkak\u00f6r\u00fclm\u00e9nyeknek, biztos\u00edtva a hossz\u00fa t\u00e1v\u00fa megb\u00edzhat\u00f3s\u00e1got. Sokoldal\u00fas\u00e1g\u00e1nak k\u00f6sz\u00f6nhet\u0151en ide\u00e1lis k\u00fcl\u00f6nf\u00e9le alkalmaz\u00e1sokhoz, bele\u00e9rtve az \u00e9p\u00edt\u0151ipar, a karbantart\u00e1s \u00e9s a k\u00f6zm\u0171vek feladatait, ahol elengedhetetlen a k\u00f6nny\u0171 \u00e9s biztons\u00e1gos man\u0151verez\u00e9s k\u00e9pess\u00e9ge magasban.<\/p>","protected":false},"featured_media":412,"comment_status":"open","ping_status":"closed","template":"","meta":{"_et_pb_use_builder":"","_et_pb_old_content":"","_et_gb_content_width":""},"product_brand":[],"product_cat":[22],"product_tag":[],"class_list":{"0":"post-364","1":"product","2":"type-product","3":"status-publish","4":"has-post-thumbnail","6":"product_cat-aerial-work-vehicle-hydraulic-cylinders","8":"first","9":"instock","10":"shipping-taxable","11":"product-type-simple"},"_links":{"self":[{"href":"https:\/\/fmp-components.com\/hu\/wp-json\/wp\/v2\/product\/364","targetHints":{"allow":["GET"]}}],"collection":[{"href":"https:\/\/fmp-components.com\/hu\/wp-json\/wp\/v2\/product"}],"about":[{"href":"https:\/\/fmp-components.com\/hu\/wp-json\/wp\/v2\/types\/product"}],"replies":[{"embeddable":true,"href":"https:\/\/fmp-components.com\/hu\/wp-json\/wp\/v2\/comments?post=364"}],"wp:featuredmedia":[{"embeddable":true,"href":"https:\/\/fmp-components.com\/hu\/wp-json\/wp\/v2\/media\/412"}],"wp:attachment":[{"href":"https:\/\/fmp-components.com\/hu\/wp-json\/wp\/v2\/media?parent=364"}],"wp:term":[{"taxonomy":"product_brand","embeddable":true,"href":"https:\/\/fmp-components.com\/hu\/wp-json\/wp\/v2\/product_brand?post=364"},{"taxonomy":"product_cat","embeddable":true,"href":"https:\/\/fmp-components.com\/hu\/wp-json\/wp\/v2\/product_cat?post=364"},{"taxonomy":"product_tag","embeddable":true,"href":"https:\/\/fmp-components.com\/hu\/wp-json\/wp\/v2\/product_tag?post=364"}],"curies":[{"name":"munkaf\u00fczet","href":"https:\/\/api.w.org\/{rel}","templated":true}]}}