{"id":3619,"date":"2025-01-09T01:56:31","date_gmt":"2025-01-09T01:56:31","guid":{"rendered":"https:\/\/fmp-components.com\/?page_id=8"},"modified":"2025-01-09T01:56:31","modified_gmt":"2025-01-09T01:56:31","slug":"spindle-motor-used-for-cnc-spindle-jszd170c","status":"publish","type":"product","link":"https:\/\/fmp-components.com\/hu\/product\/spindle-motor-used-for-cnc-spindle-jszd170c\/","title":{"rendered":"CNC ors\u00f3hoz haszn\u00e1lt ors\u00f3motor JSZD170C"},"content":{"rendered":"<p><img loading=\"lazy\" decoding=\"async\" class=\"alignnone size-full wp-image-3621\" src=\"https:\/\/fmp-components.com\/wp-content\/uploads\/2025\/01\/spindle-motor-for-cnc-spindle-jszd170c-2.webp\" alt=\"ors\u00f3motor-cnc-ors\u00f3hoz-jszd170c-2\" width=\"1068\" height=\"718\" title=\"\" srcset=\"https:\/\/fmp-components.com\/wp-content\/uploads\/2025\/01\/spindle-motor-for-cnc-spindle-jszd170c-2.webp 1068w, https:\/\/fmp-components.com\/wp-content\/uploads\/2025\/01\/spindle-motor-for-cnc-spindle-jszd170c-2-980x659.webp 980w, https:\/\/fmp-components.com\/wp-content\/uploads\/2025\/01\/spindle-motor-for-cnc-spindle-jszd170c-2-480x323.webp 480w\" sizes=\"(min-width: 0px) and (max-width: 480px) 480px, (min-width: 481px) and (max-width: 980px) 980px, (min-width: 981px) 1068px, 100vw\" \/><\/p>\n<p><img loading=\"lazy\" decoding=\"async\" class=\"alignnone size-full wp-image-3620\" src=\"https:\/\/fmp-components.com\/wp-content\/uploads\/2025\/01\/spindle-motor-for-cnc-spindle-jszd170c-3.webp\" alt=\"ors\u00f3motor-cnc-ors\u00f3hoz-jszd170c-3\" width=\"1114\" height=\"298\" title=\"\" srcset=\"https:\/\/fmp-components.com\/wp-content\/uploads\/2025\/01\/spindle-motor-for-cnc-spindle-jszd170c-3.webp 1114w, https:\/\/fmp-components.com\/wp-content\/uploads\/2025\/01\/spindle-motor-for-cnc-spindle-jszd170c-3-980x262.webp 980w, https:\/\/fmp-components.com\/wp-content\/uploads\/2025\/01\/spindle-motor-for-cnc-spindle-jszd170c-3-480x128.webp 480w\" sizes=\"(min-width: 0px) and (max-width: 480px) 480px, (min-width: 481px) and (max-width: 980px) 980px, (min-width: 981px) 1114px, 100vw\" \/><\/p>\n<h2>A kimenetnek k\u00e9t m\u00f3dja van, az egyik az \u00e1lland\u00f3 nyomat\u00e9k, a m\u00e1sik az \u00e1lland\u00f3 teljes\u00edtm\u00e9ny, az al\u00e1bbiak szerint:<\/h2>\n<p><img loading=\"lazy\" decoding=\"async\" class=\"alignnone size-full wp-image-3573\" src=\"https:\/\/fmp-components.com\/wp-content\/uploads\/2025\/01\/spindle-motor-1.webp\" alt=\"ors\u00f3motor-1\" width=\"973\" height=\"551\" title=\"\" srcset=\"https:\/\/fmp-components.com\/wp-content\/uploads\/2025\/01\/spindle-motor-1.webp 973w, https:\/\/fmp-components.com\/wp-content\/uploads\/2025\/01\/spindle-motor-1-480x272.webp 480w\" sizes=\"(min-width: 0px) and (max-width: 480px) 480px, (min-width: 481px) 973px, 100vw\" \/><\/p>\n<h2>A motorors\u00f3 n\u00f3menklat\u00far\u00e1j\u00e1nak magyar\u00e1zata<\/h2>\n<p><img loading=\"lazy\" decoding=\"async\" class=\"alignnone size-full wp-image-3574\" src=\"https:\/\/fmp-components.com\/wp-content\/uploads\/2025\/01\/spindle-motor-2.webp\" alt=\"ors\u00f3motor-2\" width=\"666\" height=\"351\" title=\"\" srcset=\"https:\/\/fmp-components.com\/wp-content\/uploads\/2025\/01\/spindle-motor-2.webp 666w, https:\/\/fmp-components.com\/wp-content\/uploads\/2025\/01\/spindle-motor-2-480x253.webp 480w\" sizes=\"(min-width: 0px) and (max-width: 480px) 480px, (min-width: 481px) 666px, 100vw\" \/><\/p>\n<h2>Az ors\u00f3csatlakoz\u00e1s v\u00e9ge<\/h2>\n<p>Sokf\u00e9le csatlakoz\u00e1si t\u00edpussal rendelkezik, az adott modell ors\u00f3j\u00e1t\u00f3l f\u00fcgg\u0151en, k\u00e9rj\u00fck, tekintse meg az al\u00e1bbi t\u00e1bl\u00e1zatot.<\/p>\n<p><img loading=\"lazy\" decoding=\"async\" class=\"alignnone wp-image-3575\" src=\"https:\/\/fmp-components.com\/wp-content\/uploads\/2025\/01\/spindle-motor-3.webp\" alt=\"ors\u00f3motoros\" width=\"885\" height=\"231\" title=\"\" srcset=\"https:\/\/fmp-components.com\/wp-content\/uploads\/2025\/01\/spindle-motor-3.webp 885w, https:\/\/fmp-components.com\/wp-content\/uploads\/2025\/01\/spindle-motor-3-480x125.webp 480w\" sizes=\"(min-width: 0px) and (max-width: 480px) 480px, (min-width: 481px) 885px, 100vw\" \/><\/p>\n<h2>Ors\u00f3 utas\u00edt\u00e1s<\/h2>\n<div><span id=\"spin1\">1<\/span>A frekvenciav\u00e1lt\u00f3\u00a0<span id=\"spin2\">musz\u00e1j<\/span>\u00a0egyezik a\u00a0<span id=\"spin3\">elektromos<\/span>\u00a0ors\u00f3egys\u00e9g. A\u00a0<span id=\"spin4\">alapvet\u0151<\/span>\u00a0frekvencia\u00a0<span id=\"spin5\">vagy ak\u00e1r a<\/span>\u00a0n\u00e9vleges frekvencia\u00a0<span id=\"spin6\">valamint<\/span>\u00a0fesz\u00fclts\u00e9g\u00a0<span id=\"spin7\">k\u00e9nytelen lesz<\/span>\u00a0megfelel a m\u0171szaki param\u00e9tereknek\u00a0<span id=\"spin8\">a<\/span>\u00a0<span id=\"spin9\">elektromos<\/span>\u00a0ors\u00f3.<br \/>\n<span id=\"spin10\">2<\/span>.\u00a0<span id=\"spin11\">Elektromos<\/span>\u00a0ors\u00f3\u00a0<span id=\"spin12\">\u00e1ltal\u00e1ban<\/span>\u00a0keringtetett v\u00edzzel h\u0171tve. H\u0171t\u0151v\u00edz\u00a0<span id=\"spin13\">sz\u00fcks\u00e9ge van r\u00e1<\/span>\u00a0rozsda\u00e1ll\u00f3 \u00e9s sz\u0171rt tisztas\u00e1g\u00fa. Amikor\u00a0<span id=\"spin14\">megszerz\u00e9se<\/span>\u00a0v\u00edz, a be\u00f6ml\u0151ny\u00edl\u00e1s\u00a0<span id=\"spin15\">kell lennie<\/span>\u00a0<span id=\"spin16\">alatt<\/span>\u00a0a\u00a0<span id=\"spin17\">elektromos<\/span>\u00a0ors\u00f3.<br \/>\n<span id=\"spin18\">h\u00e1rom<\/span>. Amikor\u00a0<span id=\"spin19\">egy\u00fctt dolgozva<\/span>\u00a0egy olajk\u00f6ddel kenett ors\u00f3, a\u00a0<span id=\"spin20\">fesz\u00fclts\u00e9g<\/span>\u00a0szab\u00e1lyoz\u00f3 szelep\u00a0<span id=\"spin21\">a<\/span>\u00a0olajk\u00f6d\u00a0<span id=\"spin22\">k\u00fcty\u00fc<\/span>\u00a0<span id=\"spin23\">kellene lennie<\/span>\u00a00,25~0,3 MPA \u00e9rt\u00e9kre \u00e1ll\u00edtva a k\u00f6d\u00f6t\u00a0<span id=\"spin25\">nyom\u00e1s<\/span>\u00a0<span id=\"spin26\">kellene lennie<\/span>\u00a00,1~0,2 MPa\u00a0<span id=\"spin28\">\u00e9s a<\/span>\u00a0<span id=\"spin29\">k\u00fcl\u00f6nf\u00e9le<\/span>\u00a0csepp olaj\u00a0<span id=\"spin30\">kell lennie<\/span>\u00a060-70 csepp\/perc.\u00a0<span id=\"spin31\">\u00e9s a<\/span>\u00a0ken\u0151olaj\u00a0<span id=\"spin32\">kellene lennie<\/span>\u00a0harangolaj vagy turbinaolaj sz.\u00a0<span id=\"spin33\">20<\/span>.<br \/>\n<span id=\"spin34\">n\u00e9gy<\/span>. A\u00a0<span id=\"spin35\">sebess\u00e9g<\/span>\u00a0<span id=\"spin36\">k\u00f6r\u00fcl a<\/span>\u00a0motoros ors\u00f3\u00a0<span id=\"spin37\">\u00fatmutat\u00f3<\/span>\u00a0<span id=\"spin38\">mindenk\u00e9ppen a<\/span>\u00a0legmagasabb\u00a0<span id=\"spin39\">sebess\u00e9g<\/span>, \u00e9s\u00a0<span id=\"spin40\">k\u00e9pes<\/span>\u00a0nem lehet\u00a0<span id=\"spin41\">emelkedett<\/span>,\u00a0<span id=\"spin42\">mindazon\u00e1ltal, az<\/span>\u00a0<span id=\"spin43\">lehet<\/span>\u00a0<span id=\"spin44\">munkav\u00e1llal\u00f3<\/span>\u00a0<span id=\"spin45\">cs\u00f6kkenteni<\/span><br \/>\na\u00a0<span id=\"spin46\">temp\u00f3,<\/span>\u00a0a fesz\u00fclts\u00e9g \u00e9s a frekvencia\u00a0<span id=\"spin47\">cs\u00f6kkent<\/span>\u00a0<span id=\"spin48\">miut\u00e1n a<\/span>\u00a0<span id=\"spin49\">sebess\u00e9g<\/span>\u00a0le van engedve.<br \/>\n<span id=\"spin50\">5<\/span>A forg\u00e1s\u00a0<span id=\"spin51\">p\u00e1lya<\/span>\u00a0<span id=\"spin52\">a<\/span>\u00a0motoros ors\u00f3\u00a0<span id=\"spin53\">\u00e1ltal\u00e1ban<\/span>\u00a0az \u00f3ramutat\u00f3 j\u00e1r\u00e1s\u00e1val ellent\u00e9tes ir\u00e1nyban (n\u00e9zetben\u00a0<span id=\"spin54\">a<\/span>\u00a0tengely). kiv\u00e9ve a\u00a0<span id=\"spin55\">kiz\u00e1r\u00f3lagos<\/span><br \/>\n<span id=\"spin56\">ig\u00e9nyek<\/span>.<br \/>\n<span id=\"spin57\">6<\/span>Az olajk\u00f6ddel kenett motoros ors\u00f3\u00a0<span id=\"spin58\">kell lennie<\/span>\u00a0<span id=\"spin59\">\u00f6sszekapcsolt<\/span>\u00a0v\u00edzzel \u00e9s\u00a0<span id=\"spin60\">benzin<\/span>\u00a0<span id=\"spin61\">megel\u0151z\u0151en<\/span>\u00a0<span id=\"spin62\">lehets\u00e9ges, hogy<\/span>\u00a0<span id=\"spin63\">kezd\u0151dik<\/span>\u00a0\u00e9s\u00a0<span id=\"spin64\">megsz\u0171nik<\/span>\u00a0v\u00edz \u00e9s\u00a0<span id=\"spin65\">\u00fczemanyag\u00a0<\/span><span id=\"spin66\">k\u00edn\u00e1lat<\/span>\u00a0<span id=\"spin67\">ut\u00e1n<\/span>\u00a0le\u00e1ll\u00edt\u00e1s.<br \/>\nMagyar\u00e1zat:\u00a0<span id=\"spin68\">egyed\u00fcl\u00e1ll\u00f3<\/span>\u00a0m\u0171velet\u00a0<span id=\"spin69\">k\u00f6telez\u0151<\/span>\u00a0<span id=\"spin70\">szerint<\/span>\u00a0<span id=\"spin71\">a<\/span>\u00a0<span id=\"spin72\">elektromos<\/span>\u00a0ors\u00f3\u00a0<span id=\"spin73\">ir\u00e1nyelvek<\/span>.<\/div>\n<div>\n<div class=\"flex max-w-full flex-col flex-grow\">\n<div class=\"min-h-8 text-message flex w-full flex-col items-end gap-2 whitespace-normal break-words text-start [.text-message+&amp;]:mt-5\" dir=\"auto\" data-message-author-role=\"assistant\" data-message-id=\"fbdee532-4424-41b2-a093-d85f55f880e4\" data-message-model-slug=\"gpt-4o-mini\">\n<div class=\"flex w-full flex-col gap-1 empty:hidden first:pt-[3px]\">\n<div class=\"markdown prose w-full break-words dark:prose-invert light\">\n<h2>Az FMP-r\u0151l<\/h2>\n<p>Az FMP a kiv\u00e1l\u00f3 min\u0151s\u00e9g\u0171 mechanikus alkatr\u00e9szek, t\u00f6bbek k\u00f6z\u00f6tt a spir\u00e1lis k\u00fapkerekes csigahajt\u00f3m\u0171vek, l\u00e1nckerekek, k\u00fapos perselyek, fogasl\u00e9cek, tengelykapcsol\u00f3k \u00e9s egy\u00e9b sebess\u00e9gv\u00e1lt\u00f3 alkatr\u00e9szek vezet\u0151 gy\u00e1rt\u00f3ja. Er\u0151s exportf\u00f3kuszunkkal t\u00f6bb mint 651 TP4T term\u00e9k\u00fcnket sz\u00e1ll\u00edtjuk eur\u00f3pai piacokra, bele\u00e9rtve N\u00e9metorsz\u00e1got, az Egyes\u00fclt Kir\u00e1lys\u00e1got \u00e9s Franciaorsz\u00e1got, ami \u00e9vi 1 TP5T18 milli\u00f3 RMB exportvolumenhez j\u00e1rul hozz\u00e1. Teljes \u00e9ves termel\u00e9si \u00e9rt\u00e9k\u00fcnk meghaladja a 200 milli\u00f3 RMB-t.<\/p>\n<p>Term\u00e9keinket apr\u00f3l\u00e9kosan tervezz\u00fck, hogy megfeleljenek a nemzetk\u00f6zi, eur\u00f3pai \u00e9s amerikai ipari szabv\u00e1nyoknak. Korszer\u0171 prec\u00edzi\u00f3s megmunk\u00e1l\u00f3 berendez\u00e9seket \u00e9s optimaliz\u00e1lt gy\u00e1rt\u00e1si folyamatokat alkalmazva rugalmas \u00e9s hat\u00e9kony ir\u00e1ny\u00edt\u00e1si rendszert tartunk fenn a term\u00e9kmin\u0151s\u00e9g \u00e9s a versenyk\u00e9pes \u00e1rak biztos\u00edt\u00e1sa \u00e9rdek\u00e9ben.<\/p>\n<p>Az FMP a k\u00f6vetkez\u0151 alapelvek szerint m\u0171k\u00f6dik: \u201eMin\u0151s\u00e9g: a hossz\u00fa t\u00e1v\u00fa siker alapja; Integrit\u00e1s: a n\u00f6veked\u00e9s motorja; Szolg\u00e1ltat\u00e1s: a fejl\u0151d\u00e9s sarokk\u00f6ve; \u00e9s Megfizethet\u0151s\u00e9g: a fenntarthat\u00f3 teljes\u00edtm\u00e9ny kulcsa.\u201d Nyitottak vagyunk az egy\u00fcttm\u0171k\u00f6d\u00e9sre hazai \u00e9s nemzetk\u00f6zi partnerekkel, elk\u00f6telezettek vagyunk a k\u00f6lcs\u00f6n\u00f6s n\u00f6veked\u00e9s \u00e9s a k\u00f6z\u00f6s siker el\u0151mozd\u00edt\u00e1sa ir\u00e1nt.<\/p>\n<\/div>\n<\/div>\n<\/div>\n<\/div>\n<p><img loading=\"lazy\" decoding=\"async\" class=\"alignnone wp-image-3563\" src=\"https:\/\/fmp-components.com\/wp-content\/uploads\/2025\/01\/company-2.webp\" alt=\"v\u00e1llalat\" width=\"873\" height=\"790\" title=\"\" srcset=\"https:\/\/fmp-components.com\/wp-content\/uploads\/2025\/01\/company-2.webp 873w, https:\/\/fmp-components.com\/wp-content\/uploads\/2025\/01\/company-2-480x435.webp 480w\" sizes=\"(min-width: 0px) and (max-width: 480px) 480px, (min-width: 481px) 873px, 100vw\" \/> <img loading=\"lazy\" decoding=\"async\" class=\"alignnone wp-image-3564\" src=\"https:\/\/fmp-components.com\/wp-content\/uploads\/2025\/01\/company-3.webp\" alt=\"v\u00e1llalat\" width=\"873\" height=\"776\" title=\"\" srcset=\"https:\/\/fmp-components.com\/wp-content\/uploads\/2025\/01\/company-3.webp 873w, https:\/\/fmp-components.com\/wp-content\/uploads\/2025\/01\/company-3-480x427.webp 480w\" sizes=\"(min-width: 0px) and (max-width: 480px) 480px, (min-width: 481px) 873px, 100vw\" \/> <img loading=\"lazy\" decoding=\"async\" class=\"alignnone wp-image-3565\" src=\"https:\/\/fmp-components.com\/wp-content\/uploads\/2025\/01\/company-1.webp\" alt=\"v\u00e1llalat\" width=\"877\" height=\"225\" title=\"\" srcset=\"https:\/\/fmp-components.com\/wp-content\/uploads\/2025\/01\/company-1.webp 877w, https:\/\/fmp-components.com\/wp-content\/uploads\/2025\/01\/company-1-480x123.webp 480w\" sizes=\"(min-width: 0px) and (max-width: 480px) 480px, (min-width: 481px) 877px, 100vw\" \/><\/p>\n<p>Szerz\u0151: CX<\/p>\n<\/div>\n<p>&nbsp;<\/p>","protected":false},"excerpt":{"rendered":"<p>There are Two Ways for the Output One is Constant Torque, and Another is Constant Power as Below: Nomenclature Explanation of Motor Spindle The End of the Spindle Connection Its have many different types of connection, depending on the different model spindle, please refer to the table below. Spindle Instruction 1. The frequency converter\u00a0has to\u00a0match [&hellip;]<\/p>","protected":false},"featured_media":3622,"comment_status":"open","ping_status":"closed","template":"","meta":{"_et_pb_use_builder":"","_et_pb_old_content":"","_et_gb_content_width":""},"product_brand":[],"product_cat":[89],"product_tag":[],"class_list":{"0":"post-3619","1":"product","2":"type-product","3":"status-publish","4":"has-post-thumbnail","6":"product_cat-spindle-motor","8":"first","9":"instock","10":"shipping-taxable","11":"product-type-simple"},"_links":{"self":[{"href":"https:\/\/fmp-components.com\/hu\/wp-json\/wp\/v2\/product\/3619","targetHints":{"allow":["GET"]}}],"collection":[{"href":"https:\/\/fmp-components.com\/hu\/wp-json\/wp\/v2\/product"}],"about":[{"href":"https:\/\/fmp-components.com\/hu\/wp-json\/wp\/v2\/types\/product"}],"replies":[{"embeddable":true,"href":"https:\/\/fmp-components.com\/hu\/wp-json\/wp\/v2\/comments?post=3619"}],"wp:featuredmedia":[{"embeddable":true,"href":"https:\/\/fmp-components.com\/hu\/wp-json\/wp\/v2\/media\/3622"}],"wp:attachment":[{"href":"https:\/\/fmp-components.com\/hu\/wp-json\/wp\/v2\/media?parent=3619"}],"wp:term":[{"taxonomy":"product_brand","embeddable":true,"href":"https:\/\/fmp-components.com\/hu\/wp-json\/wp\/v2\/product_brand?post=3619"},{"taxonomy":"product_cat","embeddable":true,"href":"https:\/\/fmp-components.com\/hu\/wp-json\/wp\/v2\/product_cat?post=3619"},{"taxonomy":"product_tag","embeddable":true,"href":"https:\/\/fmp-components.com\/hu\/wp-json\/wp\/v2\/product_tag?post=3619"}],"curies":[{"name":"munkaf\u00fczet","href":"https:\/\/api.w.org\/{rel}","templated":true}]}}