{"id":3604,"date":"2025-01-09T01:34:23","date_gmt":"2025-01-09T01:34:23","guid":{"rendered":"https:\/\/fmp-components.com\/?page_id=8"},"modified":"2025-01-09T01:39:53","modified_gmt":"2025-01-09T01:39:53","slug":"spindle-motor-used-for-cnc-spindle-jszd240","status":"publish","type":"product","link":"https:\/\/fmp-components.com\/hu\/product\/spindle-motor-used-for-cnc-spindle-jszd240\/","title":{"rendered":"CNC ors\u00f3hoz haszn\u00e1lt ors\u00f3motor JSZD240"},"content":{"rendered":"<p><img loading=\"lazy\" decoding=\"async\" class=\"alignnone size-full wp-image-3605\" src=\"https:\/\/fmp-components.com\/wp-content\/uploads\/2025\/01\/spindle-motor-for-cnc-spindle-jszd220-2.webp\" alt=\"ors\u00f3motor-cnc-ors\u00f3hoz-jszd220-2\" width=\"1098\" height=\"635\" title=\"\" srcset=\"https:\/\/fmp-components.com\/wp-content\/uploads\/2025\/01\/spindle-motor-for-cnc-spindle-jszd220-2.webp 1098w, https:\/\/fmp-components.com\/wp-content\/uploads\/2025\/01\/spindle-motor-for-cnc-spindle-jszd220-2-980x567.webp 980w, https:\/\/fmp-components.com\/wp-content\/uploads\/2025\/01\/spindle-motor-for-cnc-spindle-jszd220-2-480x278.webp 480w\" sizes=\"(min-width: 0px) and (max-width: 480px) 480px, (min-width: 481px) and (max-width: 980px) 980px, (min-width: 981px) 1098px, 100vw\" \/><\/p>\n<p><img loading=\"lazy\" decoding=\"async\" class=\"alignnone size-full wp-image-3607\" src=\"https:\/\/fmp-components.com\/wp-content\/uploads\/2025\/01\/spindle-motor-for-cnc-spindle-jszd220-3.webp\" alt=\"ors\u00f3motor-cnc-ors\u00f3hoz-jszd220-3\" width=\"1111\" height=\"449\" title=\"\" srcset=\"https:\/\/fmp-components.com\/wp-content\/uploads\/2025\/01\/spindle-motor-for-cnc-spindle-jszd220-3.webp 1111w, https:\/\/fmp-components.com\/wp-content\/uploads\/2025\/01\/spindle-motor-for-cnc-spindle-jszd220-3-980x396.webp 980w, https:\/\/fmp-components.com\/wp-content\/uploads\/2025\/01\/spindle-motor-for-cnc-spindle-jszd220-3-480x194.webp 480w\" sizes=\"(min-width: 0px) and (max-width: 480px) 480px, (min-width: 481px) and (max-width: 980px) 980px, (min-width: 981px) 1111px, 100vw\" \/><\/p>\n<h3>A megfelel\u0151 CNC ors\u00f3motor t\u00edpus\u00e1nak kiv\u00e1laszt\u00e1sa<\/h3>\n<p>A megfelel\u0151 CNC ors\u00f3motor kiv\u00e1laszt\u00e1sa elengedhetetlen a megmunk\u00e1l\u00e1si m\u0171veletek teljes\u00edtm\u00e9ny\u00e9nek, pontoss\u00e1g\u00e1nak \u00e9s hat\u00e9konys\u00e1g\u00e1nak optimaliz\u00e1l\u00e1s\u00e1hoz. A megfelel\u0151 motor biztos\u00edtja, hogy a g\u00e9p k\u00e9pes legyen kezelni a sz\u00fcks\u00e9ges munkaterhel\u00e9st, mik\u00f6zben el\u00e9ri a k\u00edv\u00e1nt kimeneti min\u0151s\u00e9get. \u00cdme a legfontosabb t\u00e9nyez\u0151k, amelyeket figyelembe kell venni CNC ors\u00f3motor kiv\u00e1laszt\u00e1sakor:<\/p>\n<ol>\n<li><strong>Teljes\u00edtm\u00e9ny- \u00e9s nyomat\u00e9kk\u00f6vetelm\u00e9nyek<\/strong><br \/>\nA motor teljes\u00edtm\u00e9nye (l\u00f3er\u0151ben vagy kilowattban m\u00e9rve) \u00e9s nyomat\u00e9k\u00e9rt\u00e9kei k\u00f6zvetlen\u00fcl befoly\u00e1solj\u00e1k a k\u00fcl\u00f6nb\u00f6z\u0151 anyagok \u00e9s forg\u00e1csol\u00e1si m\u0171veletek kezel\u00e9s\u00e9re val\u00f3 k\u00e9pess\u00e9g\u00e9t. Nagy ig\u00e9nybev\u00e9tel\u0171 alkalmaz\u00e1sokhoz, p\u00e9ld\u00e1ul mar\u00e1shoz vagy m\u00e9lyv\u00e1g\u00e1shoz nagy nyomat\u00e9k\u00fa motorra van sz\u00fcks\u00e9g. Finomabb, prec\u00edzi\u00f3s munk\u00e1khoz a kisebb teljes\u00edtm\u00e9ny\u0171, de nagy sebess\u00e9g\u0171 motorok lehetnek megfelel\u0151bbek. A sz\u00fcks\u00e9ges motorteljes\u00edtm\u00e9ny \u00e9s nyomat\u00e9k meghat\u00e1roz\u00e1s\u00e1hoz \u00e9rt\u00e9kelje az adott megmunk\u00e1l\u00e1si feladatokat.<\/li>\n<li><strong>Sebess\u00e9gtartom\u00e1ny \u00e9s szab\u00e1lyoz\u00e1s<\/strong><br \/>\nA CNC ors\u00f3motorok sz\u00e9les sebess\u00e9gtartom\u00e1nyban kaphat\u00f3k, jellemz\u0151en percenk\u00e9nti fordulatsz\u00e1mban (RPM) m\u00e9rve. Egyes alkalmaz\u00e1sok nagy sebess\u00e9g\u0171 ors\u00f3kat ig\u00e9nyelnek olyan folyamatokhoz, mint a f\u00far\u00e1s vagy a grav\u00edroz\u00e1s, m\u00edg m\u00e1sok, p\u00e9ld\u00e1ul a menetv\u00e1g\u00e1s vagy a durva v\u00e1g\u00e1s, alacsonyabb sebess\u00e9get \u00e9s nagyobb nyomat\u00e9kot ig\u00e9nyelhetnek. A motornak v\u00e1ltoztathat\u00f3 sebess\u00e9gszab\u00e1lyoz\u00e1ssal kell rendelkeznie, hogy az ors\u00f3 fordulatsz\u00e1m\u00e1t a k\u00fcl\u00f6nb\u00f6z\u0151 anyagokhoz \u00e9s m\u0171veletekhez igaz\u00edtsa, biztos\u00edtva a sokoldal\u00fas\u00e1got \u00e9s optimaliz\u00e1lva a teljes\u00edtm\u00e9nyt.<\/li>\n<li><strong>H\u0171t\u0151rendszer<\/strong><br \/>\nAz ors\u00f3motorok m\u0171k\u00f6d\u00e9s k\u00f6zben h\u0151t termelnek, k\u00fcl\u00f6n\u00f6sen nagy teljes\u00edtm\u00e9ny\u0171 vagy folyamatos haszn\u00e1lat eset\u00e9n. A megfelel\u0151 h\u0171t\u0151rendszerrel, p\u00e9ld\u00e1ul leveg\u0151- vagy folyad\u00e9kh\u0171t\u00e9ses motor kiv\u00e1laszt\u00e1sa seg\u00edt fenntartani az optim\u00e1lis teljes\u00edtm\u00e9nyt \u00e9s megel\u0151zni a t\u00falmeleged\u00e9st. A folyad\u00e9kh\u0171t\u00e9ses ors\u00f3k \u00e1ltal\u00e1ban hat\u00e9konyabbak a hossz\u00fa ideig tart\u00f3 vagy nagy teljes\u00edtm\u00e9ny\u0171 feladatokhoz, m\u00edg a l\u00e9gh\u0171t\u00e9ses motorok gyakran elegend\u0151ek a k\u00f6nny\u0171 alkalmaz\u00e1sokhoz.<\/li>\n<li><strong>Pontoss\u00e1g \u00e9s fut\u00e1s<\/strong><br \/>\nAz ors\u00f3motor pontoss\u00e1ga kritikus fontoss\u00e1g\u00fa a nagy pontoss\u00e1g\u00fa megmunk\u00e1l\u00e1shoz. A kis \u00fct\u00e9s\u0171 motorok (a val\u00f3di forg\u00e1stengelyt\u0151l val\u00f3 elt\u00e9r\u00e9s m\u00e9rt\u00e9ke) biztos\u00edtj\u00e1k a munkadarab biztons\u00e1gos r\u00f6gz\u00edt\u00e9s\u00e9t \u00e9s egyenletes forg\u00e1s\u00e1t, ami jobb m\u00e9retpontoss\u00e1got \u00e9s fel\u00fcletmin\u0151s\u00e9get eredm\u00e9nyez. A nagy pontoss\u00e1g\u00fa ors\u00f3k elengedhetetlenek a sz\u0171k t\u0171r\u00e9shat\u00e1rokat ig\u00e9nyl\u0151 ipar\u00e1gakban, p\u00e9ld\u00e1ul a rep\u00fcl\u0151g\u00e9piparban vagy az orvostechnikai eszk\u00f6z\u00f6k gy\u00e1rt\u00e1s\u00e1ban.<\/li>\n<li><strong>Motort\u00edpus: AC vs. DC<\/strong><br \/>\nA CNC ors\u00f3motorok \u00e1ltal\u00e1ban v\u00e1ltakoz\u00f3 \u00e1ram\u00faak (AC) vagy egyen\u00e1ram\u00faak (DC). Az AC motorokat jellemz\u0151en ipari CNC alkalmaz\u00e1sokhoz r\u00e9szes\u00edtik el\u0151nyben a megb\u00edzhat\u00f3s\u00e1guk, jobb energiahat\u00e9konys\u00e1guk \u00e9s hosszabb \u00e9lettartamuk miatt. Ide\u00e1lisak nagy sebess\u00e9g\u0171 \u00e9s nagy nyomat\u00e9k\u00fa m\u0171veletekhez. Az egyen\u00e1ram\u00fa motorok, b\u00e1r kiv\u00e1l\u00f3 nyomat\u00e9kot k\u00edn\u00e1lnak alacsony sebess\u00e9gn\u00e9l, gyakran alkalmasabbak kisebb vagy speci\u00e1lisabb, alacsonyabb energiaig\u00e9ny\u0171 CNC g\u00e9pekhez.<\/li>\n<\/ol>\n<p>A megfelel\u0151 CNC ors\u00f3motor kiv\u00e1laszt\u00e1s\u00e1hoz sz\u00e1mos t\u00e9nyez\u0151 egyens\u00faly\u00e1ra van sz\u00fcks\u00e9g, bele\u00e9rtve a teljes\u00edtm\u00e9nyt, a sebess\u00e9get, a h\u0171t\u00e9st, a pontoss\u00e1got \u00e9s a g\u00e9p vez\u00e9rl\u0151rendszer\u00e9vel val\u00f3 kompatibilit\u00e1st. Ezen t\u00e9nyez\u0151k gondos m\u00e9rlegel\u00e9s\u00e9vel a gy\u00e1rt\u00f3k olyan ors\u00f3motort v\u00e1laszthatnak, amely fokozza a CNC g\u00e9p teljes\u00edtm\u00e9ny\u00e9t, jav\u00edtja a megmunk\u00e1l\u00e1si hat\u00e9konys\u00e1got, \u00e9s biztos\u00edtja a k\u00edv\u00e1nt min\u0151s\u00e9get az adott alkalmaz\u00e1sokhoz.<\/p>\n<h2>A kimenetnek k\u00e9t m\u00f3dja van, az egyik az \u00e1lland\u00f3 nyomat\u00e9k, a m\u00e1sik az \u00e1lland\u00f3 teljes\u00edtm\u00e9ny, az al\u00e1bbiak szerint:<\/h2>\n<p><img loading=\"lazy\" decoding=\"async\" class=\"alignnone size-full wp-image-3573\" src=\"https:\/\/fmp-components.com\/wp-content\/uploads\/2025\/01\/spindle-motor-1.webp\" alt=\"ors\u00f3motor-1\" width=\"973\" height=\"551\" title=\"\" srcset=\"https:\/\/fmp-components.com\/wp-content\/uploads\/2025\/01\/spindle-motor-1.webp 973w, https:\/\/fmp-components.com\/wp-content\/uploads\/2025\/01\/spindle-motor-1-480x272.webp 480w\" sizes=\"(min-width: 0px) and (max-width: 480px) 480px, (min-width: 481px) 973px, 100vw\" \/><\/p>\n<h2>A motorors\u00f3 n\u00f3menklat\u00far\u00e1j\u00e1nak magyar\u00e1zata<\/h2>\n<p><img loading=\"lazy\" decoding=\"async\" class=\"alignnone size-full wp-image-3574\" src=\"https:\/\/fmp-components.com\/wp-content\/uploads\/2025\/01\/spindle-motor-2.webp\" alt=\"ors\u00f3motor-2\" width=\"666\" height=\"351\" title=\"\" srcset=\"https:\/\/fmp-components.com\/wp-content\/uploads\/2025\/01\/spindle-motor-2.webp 666w, https:\/\/fmp-components.com\/wp-content\/uploads\/2025\/01\/spindle-motor-2-480x253.webp 480w\" sizes=\"(min-width: 0px) and (max-width: 480px) 480px, (min-width: 481px) 666px, 100vw\" \/><\/p>\n<h2>Az ors\u00f3csatlakoz\u00e1s v\u00e9ge<\/h2>\n<p>Sokf\u00e9le csatlakoz\u00e1si t\u00edpussal rendelkezik, az adott modell ors\u00f3j\u00e1t\u00f3l f\u00fcgg\u0151en, k\u00e9rj\u00fck, tekintse meg az al\u00e1bbi t\u00e1bl\u00e1zatot.<\/p>\n<p><img loading=\"lazy\" decoding=\"async\" class=\"alignnone wp-image-3575\" src=\"https:\/\/fmp-components.com\/wp-content\/uploads\/2025\/01\/spindle-motor-3.webp\" alt=\"ors\u00f3motoros\" width=\"885\" height=\"231\" title=\"\" srcset=\"https:\/\/fmp-components.com\/wp-content\/uploads\/2025\/01\/spindle-motor-3.webp 885w, https:\/\/fmp-components.com\/wp-content\/uploads\/2025\/01\/spindle-motor-3-480x125.webp 480w\" sizes=\"(min-width: 0px) and (max-width: 480px) 480px, (min-width: 481px) 885px, 100vw\" \/><\/p>\n<h2>Ors\u00f3 utas\u00edt\u00e1s<\/h2>\n<div><span id=\"spin1\">1<\/span>A frekvenciav\u00e1lt\u00f3\u00a0<span id=\"spin2\">musz\u00e1j<\/span>\u00a0egyezik a\u00a0<span id=\"spin3\">elektromos<\/span>\u00a0ors\u00f3egys\u00e9g. A\u00a0<span id=\"spin4\">alapvet\u0151<\/span>\u00a0frekvencia\u00a0<span id=\"spin5\">vagy ak\u00e1r a<\/span>\u00a0n\u00e9vleges frekvencia\u00a0<span id=\"spin6\">valamint<\/span>\u00a0fesz\u00fclts\u00e9g\u00a0<span id=\"spin7\">k\u00e9nytelen lesz<\/span>\u00a0megfelel a m\u0171szaki param\u00e9tereknek\u00a0<span id=\"spin8\">a<\/span>\u00a0<span id=\"spin9\">elektromos<\/span>\u00a0ors\u00f3.<br \/>\n<span id=\"spin10\">2<\/span>.\u00a0<span id=\"spin11\">Elektromos<\/span>\u00a0ors\u00f3\u00a0<span id=\"spin12\">\u00e1ltal\u00e1ban<\/span>\u00a0keringtetett v\u00edzzel h\u0171tve. H\u0171t\u0151v\u00edz\u00a0<span id=\"spin13\">sz\u00fcks\u00e9ge van r\u00e1<\/span>\u00a0rozsda\u00e1ll\u00f3 \u00e9s sz\u0171rt tisztas\u00e1g\u00fa. Amikor\u00a0<span id=\"spin14\">megszerz\u00e9se<\/span>\u00a0v\u00edz, a be\u00f6ml\u0151ny\u00edl\u00e1s\u00a0<span id=\"spin15\">kell lennie<\/span>\u00a0<span id=\"spin16\">alatt<\/span>\u00a0a\u00a0<span id=\"spin17\">elektromos<\/span>\u00a0ors\u00f3.<br \/>\n<span id=\"spin18\">h\u00e1rom<\/span>. Amikor\u00a0<span id=\"spin19\">egy\u00fctt dolgozva<\/span>\u00a0egy olajk\u00f6ddel kenett ors\u00f3, a\u00a0<span id=\"spin20\">fesz\u00fclts\u00e9g<\/span>\u00a0szab\u00e1lyoz\u00f3 szelep\u00a0<span id=\"spin21\">a<\/span>\u00a0olajk\u00f6d\u00a0<span id=\"spin22\">k\u00fcty\u00fc<\/span>\u00a0<span id=\"spin23\">kellene lennie<\/span>\u00a00,25~0,3 MPA \u00e9rt\u00e9kre \u00e1ll\u00edtva a k\u00f6d\u00f6t\u00a0<span id=\"spin25\">nyom\u00e1s<\/span>\u00a0<span id=\"spin26\">kellene lennie<\/span>\u00a00,1~0,2 MPa\u00a0<span id=\"spin28\">\u00e9s a<\/span>\u00a0<span id=\"spin29\">k\u00fcl\u00f6nf\u00e9le<\/span>\u00a0csepp olaj\u00a0<span id=\"spin30\">kell lennie<\/span>\u00a060-70 csepp\/perc.\u00a0<span id=\"spin31\">\u00e9s a<\/span>\u00a0ken\u0151olaj\u00a0<span id=\"spin32\">kellene lennie<\/span>\u00a0harangolaj vagy turbinaolaj sz.\u00a0<span id=\"spin33\">20<\/span>.<br \/>\n<span id=\"spin34\">n\u00e9gy<\/span>. A\u00a0<span id=\"spin35\">sebess\u00e9g<\/span>\u00a0<span id=\"spin36\">k\u00f6r\u00fcl a<\/span>\u00a0motoros ors\u00f3\u00a0<span id=\"spin37\">\u00fatmutat\u00f3<\/span>\u00a0<span id=\"spin38\">mindenk\u00e9ppen a<\/span>\u00a0legmagasabb\u00a0<span id=\"spin39\">sebess\u00e9g<\/span>, \u00e9s\u00a0<span id=\"spin40\">k\u00e9pes<\/span>\u00a0nem lehet\u00a0<span id=\"spin41\">emelkedett<\/span>,\u00a0<span id=\"spin42\">mindazon\u00e1ltal, az<\/span>\u00a0<span id=\"spin43\">lehet<\/span>\u00a0<span id=\"spin44\">munkav\u00e1llal\u00f3<\/span>\u00a0<span id=\"spin45\">cs\u00f6kkenteni<\/span><br \/>\na\u00a0<span id=\"spin46\">temp\u00f3,<\/span>\u00a0a fesz\u00fclts\u00e9g \u00e9s a frekvencia\u00a0<span id=\"spin47\">cs\u00f6kkent<\/span>\u00a0<span id=\"spin48\">miut\u00e1n a<\/span>\u00a0<span id=\"spin49\">sebess\u00e9g<\/span>\u00a0le van engedve.<br \/>\n<span id=\"spin50\">5<\/span>A forg\u00e1s\u00a0<span id=\"spin51\">p\u00e1lya<\/span>\u00a0<span id=\"spin52\">a<\/span>\u00a0motoros ors\u00f3\u00a0<span id=\"spin53\">\u00e1ltal\u00e1ban<\/span>\u00a0az \u00f3ramutat\u00f3 j\u00e1r\u00e1s\u00e1val ellent\u00e9tes ir\u00e1nyban (n\u00e9zetben\u00a0<span id=\"spin54\">a<\/span>\u00a0tengely). kiv\u00e9ve a\u00a0<span id=\"spin55\">kiz\u00e1r\u00f3lagos<\/span><br \/>\n<span id=\"spin56\">ig\u00e9nyek<\/span>.<br \/>\n<span id=\"spin57\">6<\/span>Az olajk\u00f6ddel kenett motoros ors\u00f3\u00a0<span id=\"spin58\">kell lennie<\/span>\u00a0<span id=\"spin59\">\u00f6sszekapcsolt<\/span>\u00a0v\u00edzzel \u00e9s\u00a0<span id=\"spin60\">benzin<\/span>\u00a0<span id=\"spin61\">megel\u0151z\u0151en<\/span>\u00a0<span id=\"spin62\">lehets\u00e9ges, hogy<\/span>\u00a0<span id=\"spin63\">kezd\u0151dik<\/span>\u00a0\u00e9s\u00a0<span id=\"spin64\">megsz\u0171nik<\/span>\u00a0v\u00edz \u00e9s\u00a0<span id=\"spin65\">\u00fczemanyag\u00a0<\/span><span id=\"spin66\">k\u00edn\u00e1lat<\/span>\u00a0<span id=\"spin67\">ut\u00e1n<\/span>\u00a0le\u00e1ll\u00edt\u00e1s.<br \/>\nMagyar\u00e1zat:\u00a0<span id=\"spin68\">egyed\u00fcl\u00e1ll\u00f3<\/span>\u00a0m\u0171velet\u00a0<span id=\"spin69\">k\u00f6telez\u0151<\/span>\u00a0<span id=\"spin70\">szerint<\/span>\u00a0<span id=\"spin71\">a<\/span>\u00a0<span id=\"spin72\">elektromos<\/span>\u00a0ors\u00f3\u00a0<span id=\"spin73\">ir\u00e1nyelvek<\/span>.<\/div>\n<div>\n<div class=\"flex max-w-full flex-col flex-grow\">\n<div class=\"min-h-8 text-message flex w-full flex-col items-end gap-2 whitespace-normal break-words text-start [.text-message+&amp;]:mt-5\" dir=\"auto\" data-message-author-role=\"assistant\" data-message-id=\"fbdee532-4424-41b2-a093-d85f55f880e4\" data-message-model-slug=\"gpt-4o-mini\">\n<div class=\"flex w-full flex-col gap-1 empty:hidden first:pt-[3px]\">\n<div class=\"markdown prose w-full break-words dark:prose-invert light\">\n<h2>Az FMP-r\u0151l<\/h2>\n<p>Az FMP egy elismert gy\u00e1rt\u00f3, amely kiv\u00e1l\u00f3 min\u0151s\u00e9g\u0171 mechanikus alkatr\u00e9szekre specializ\u00e1l\u00f3dott, bele\u00e9rtve a spir\u00e1lis k\u00fapkerekes csigahajt\u00f3m\u0171veket, l\u00e1nckerekeket, k\u00fapos perselyeket, fogasl\u00e9ceket, tengelykapcsol\u00f3kat \u00e9s egy\u00e9b sebess\u00e9gv\u00e1lt\u00f3 alkatr\u00e9szeket. Er\u0151s exportorient\u00e1ci\u00f3nknak k\u00f6sz\u00f6nhet\u0151en t\u00f6bb mint 651 TP4T term\u00e9k\u00fcnket sz\u00e1ll\u00edtjuk eur\u00f3pai piacokra, bele\u00e9rtve N\u00e9metorsz\u00e1got, az Egyes\u00fclt Kir\u00e1lys\u00e1got \u00e9s Franciaorsz\u00e1got, ami \u00e9vi 1 TP5T18 milli\u00f3 RMB exportvolumenhez j\u00e1rul hozz\u00e1. Teljes \u00e9ves termel\u00e9si \u00e9rt\u00e9k\u00fcnk meghaladja a 200 milli\u00f3 RMB-t.<\/p>\n<p>Term\u00e9keinket apr\u00f3l\u00e9kosan tervezz\u00fck \u00e9s gy\u00e1rtjuk, hogy megfeleljenek a nemzetk\u00f6zi, eur\u00f3pai \u00e9s amerikai ipari szabv\u00e1nyoknak. Korszer\u0171 prec\u00edzi\u00f3s megmunk\u00e1l\u00f3 berendez\u00e9seket haszn\u00e1lunk, optimaliz\u00e1lt gy\u00e1rt\u00e1si folyamatokat k\u00f6vet\u00fcnk, \u00e9s rugalmas, hat\u00e9kony ir\u00e1ny\u00edt\u00e1si rendszert alkalmazunk. \u00c1tfog\u00f3 min\u0151s\u00e9gir\u00e1ny\u00edt\u00e1si rendszer\u00fcnk garant\u00e1lja a kiv\u00e9teles term\u00e9kmin\u0151s\u00e9get, mik\u00f6zben versenyk\u00e9pes \u00e1rakat tartunk fenn.<\/p>\n<p>Az FMP-n\u00e9l a k\u00f6vetkez\u0151 alapelvek vez\u00e9relnek minket: \u201eMin\u0151s\u00e9g: a hossz\u00fa t\u00e1v\u00fa \u00fczleti siker alapja; Integrit\u00e1s: a n\u00f6veked\u00e9s hajt\u00f3ereje; Szolg\u00e1ltat\u00e1s: a fejl\u0151d\u00e9s sarokk\u00f6ve; \u00e9s Megfizethet\u0151s\u00e9g: a fenntarthat\u00f3 siker kulcsa.\u201d Egy\u00fcttm\u0171k\u00f6d\u00e9sre \u00f6szt\u00f6n\u00f6zz\u00fck mind a hazai, mind a nemzetk\u00f6zi partnereket, \u00e9s tov\u00e1bbra is elk\u00f6telezettek vagyunk a k\u00f6lcs\u00f6n\u00f6s n\u00f6veked\u00e9s el\u0151mozd\u00edt\u00e1sa \u00e9s a k\u00f6z\u00f6s siker el\u00e9r\u00e9se ir\u00e1nt.<\/p>\n<\/div>\n<\/div>\n<\/div>\n<\/div>\n<p><img loading=\"lazy\" decoding=\"async\" class=\"alignnone wp-image-3563\" src=\"https:\/\/fmp-components.com\/wp-content\/uploads\/2025\/01\/company-2.webp\" alt=\"v\u00e1llalat\" width=\"873\" height=\"790\" title=\"\" srcset=\"https:\/\/fmp-components.com\/wp-content\/uploads\/2025\/01\/company-2.webp 873w, https:\/\/fmp-components.com\/wp-content\/uploads\/2025\/01\/company-2-480x435.webp 480w\" sizes=\"(min-width: 0px) and (max-width: 480px) 480px, (min-width: 481px) 873px, 100vw\" \/> <img loading=\"lazy\" decoding=\"async\" class=\"alignnone wp-image-3564\" src=\"https:\/\/fmp-components.com\/wp-content\/uploads\/2025\/01\/company-3.webp\" alt=\"v\u00e1llalat\" width=\"873\" height=\"776\" title=\"\" srcset=\"https:\/\/fmp-components.com\/wp-content\/uploads\/2025\/01\/company-3.webp 873w, https:\/\/fmp-components.com\/wp-content\/uploads\/2025\/01\/company-3-480x427.webp 480w\" sizes=\"(min-width: 0px) and (max-width: 480px) 480px, (min-width: 481px) 873px, 100vw\" \/> <img loading=\"lazy\" decoding=\"async\" class=\"alignnone wp-image-3565\" src=\"https:\/\/fmp-components.com\/wp-content\/uploads\/2025\/01\/company-1.webp\" alt=\"v\u00e1llalat\" width=\"877\" height=\"225\" title=\"\" srcset=\"https:\/\/fmp-components.com\/wp-content\/uploads\/2025\/01\/company-1.webp 877w, https:\/\/fmp-components.com\/wp-content\/uploads\/2025\/01\/company-1-480x123.webp 480w\" sizes=\"(min-width: 0px) and (max-width: 480px) 480px, (min-width: 481px) 877px, 100vw\" \/><\/p>\n<p>Szerz\u0151: CX<\/p>\n<\/div>","protected":false},"excerpt":{"rendered":"<p>Choosing the Right CNC Spindle Motor Type Selecting the appropriate CNC spindle motor is essential for optimizing performance, precision, and efficiency in machining operations. The right motor ensures the machine can handle the required workload while achieving the desired output quality. Here are key factors to consider when choosing a CNC spindle motor: Power and [&hellip;]<\/p>","protected":false},"featured_media":3606,"comment_status":"open","ping_status":"closed","template":"","meta":{"_et_pb_use_builder":"","_et_pb_old_content":"","_et_gb_content_width":""},"product_brand":[],"product_cat":[89],"product_tag":[],"class_list":{"0":"post-3604","1":"product","2":"type-product","3":"status-publish","4":"has-post-thumbnail","6":"product_cat-spindle-motor","8":"first","9":"instock","10":"shipping-taxable","11":"product-type-simple"},"_links":{"self":[{"href":"https:\/\/fmp-components.com\/hu\/wp-json\/wp\/v2\/product\/3604","targetHints":{"allow":["GET"]}}],"collection":[{"href":"https:\/\/fmp-components.com\/hu\/wp-json\/wp\/v2\/product"}],"about":[{"href":"https:\/\/fmp-components.com\/hu\/wp-json\/wp\/v2\/types\/product"}],"replies":[{"embeddable":true,"href":"https:\/\/fmp-components.com\/hu\/wp-json\/wp\/v2\/comments?post=3604"}],"wp:featuredmedia":[{"embeddable":true,"href":"https:\/\/fmp-components.com\/hu\/wp-json\/wp\/v2\/media\/3606"}],"wp:attachment":[{"href":"https:\/\/fmp-components.com\/hu\/wp-json\/wp\/v2\/media?parent=3604"}],"wp:term":[{"taxonomy":"product_brand","embeddable":true,"href":"https:\/\/fmp-components.com\/hu\/wp-json\/wp\/v2\/product_brand?post=3604"},{"taxonomy":"product_cat","embeddable":true,"href":"https:\/\/fmp-components.com\/hu\/wp-json\/wp\/v2\/product_cat?post=3604"},{"taxonomy":"product_tag","embeddable":true,"href":"https:\/\/fmp-components.com\/hu\/wp-json\/wp\/v2\/product_tag?post=3604"}],"curies":[{"name":"munkaf\u00fczet","href":"https:\/\/api.w.org\/{rel}","templated":true}]}}