{"id":3578,"date":"2025-01-08T06:53:08","date_gmt":"2025-01-08T06:53:08","guid":{"rendered":"https:\/\/fmp-components.com\/?page_id=8"},"modified":"2025-01-08T08:48:39","modified_gmt":"2025-01-08T08:48:39","slug":"spindle-motor-used-for-lathe-jszd150t-jszd110j","status":"publish","type":"product","link":"https:\/\/fmp-components.com\/hu\/product\/spindle-motor-used-for-lathe-jszd150t-jszd110j\/","title":{"rendered":"Ors\u00f3motor eszterg\u00e1hoz JSZD150T JSZD110J"},"content":{"rendered":"<p><img loading=\"lazy\" decoding=\"async\" class=\"alignnone size-full wp-image-3580\" src=\"https:\/\/fmp-components.com\/wp-content\/uploads\/2025\/01\/spindle-motor-used-for-lathe-jszd150t-3.webp\" alt=\"ors\u00f3motor-eszterga-jszd150t-3\" width=\"851\" height=\"105\" title=\"\" srcset=\"https:\/\/fmp-components.com\/wp-content\/uploads\/2025\/01\/spindle-motor-used-for-lathe-jszd150t-3.webp 851w, https:\/\/fmp-components.com\/wp-content\/uploads\/2025\/01\/spindle-motor-used-for-lathe-jszd150t-3-480x59.webp 480w\" sizes=\"(min-width: 0px) and (max-width: 480px) 480px, (min-width: 481px) 851px, 100vw\" \/> <img loading=\"lazy\" decoding=\"async\" class=\"alignnone size-full wp-image-3581\" src=\"https:\/\/fmp-components.com\/wp-content\/uploads\/2025\/01\/spindle-motor-used-for-lathe-jszd110j-2.webp\" alt=\"ors\u00f3motor-eszterga-jszd110j-2\" width=\"849\" height=\"102\" title=\"\" srcset=\"https:\/\/fmp-components.com\/wp-content\/uploads\/2025\/01\/spindle-motor-used-for-lathe-jszd110j-2.webp 849w, https:\/\/fmp-components.com\/wp-content\/uploads\/2025\/01\/spindle-motor-used-for-lathe-jszd110j-2-480x58.webp 480w\" sizes=\"(min-width: 0px) and (max-width: 480px) 480px, (min-width: 481px) 849px, 100vw\" \/> <img loading=\"lazy\" decoding=\"async\" class=\"alignnone size-full wp-image-3582\" src=\"https:\/\/fmp-components.com\/wp-content\/uploads\/2025\/01\/spindle-motor-used-for-lathe-jszd150t-2.webp\" alt=\"ors\u00f3motor-eszterga-jszd150t-2\" width=\"850\" height=\"327\" title=\"\" srcset=\"https:\/\/fmp-components.com\/wp-content\/uploads\/2025\/01\/spindle-motor-used-for-lathe-jszd150t-2.webp 850w, https:\/\/fmp-components.com\/wp-content\/uploads\/2025\/01\/spindle-motor-used-for-lathe-jszd150t-2-480x185.webp 480w\" sizes=\"(min-width: 0px) and (max-width: 480px) 480px, (min-width: 481px) 850px, 100vw\" \/> <img loading=\"lazy\" decoding=\"async\" class=\"alignnone size-full wp-image-3583\" src=\"https:\/\/fmp-components.com\/wp-content\/uploads\/2025\/01\/spindle-motor-used-for-lathe-jszd110j-1.webp\" alt=\"ors\u00f3motor-eszterga-jszd110j-1\" width=\"831\" height=\"278\" title=\"\" srcset=\"https:\/\/fmp-components.com\/wp-content\/uploads\/2025\/01\/spindle-motor-used-for-lathe-jszd110j-1.webp 831w, https:\/\/fmp-components.com\/wp-content\/uploads\/2025\/01\/spindle-motor-used-for-lathe-jszd110j-1-480x161.webp 480w\" sizes=\"(min-width: 0px) and (max-width: 480px) 480px, (min-width: 481px) 831px, 100vw\" \/><\/p>\n<h3>Ors\u00f3motoros alkalmaz\u00e1sok<\/h3>\n<p>Az ors\u00f3motorok elengedhetetlenek a k\u00fcl\u00f6nf\u00e9le prec\u00edzi\u00f3s megmunk\u00e1l\u00e1si \u00e9s gy\u00e1rt\u00e1si folyamatokban, meghajtj\u00e1k a szersz\u00e1mok forg\u00e1s\u00e1t, \u00e9s lehet\u0151v\u00e9 teszik a nagy teljes\u00edtm\u00e9ny\u0171 v\u00e1g\u00e1si, csiszol\u00e1si \u00e9s mar\u00e1si m\u0171veleteket. Gyakran haszn\u00e1lj\u00e1k CNC g\u00e9pekben, nagy nyomat\u00e9k- \u00e9s fordulatsz\u00e1m-szab\u00e1lyoz\u00e1st k\u00edn\u00e1lnak, \u00edgy ide\u00e1lisak olyan alkalmaz\u00e1sokhoz, amelyek sz\u0171k t\u0171r\u00e9shat\u00e1rokat \u00e9s \u00f6sszetett geometri\u00e1kat ig\u00e9nyelnek. Az \u00e1lland\u00f3 teljes\u00edtm\u00e9nylead\u00e1s biztos\u00edt\u00e1s\u00e1nak k\u00e9pess\u00e9ge optim\u00e1lis v\u00e1g\u00e1si teljes\u00edtm\u00e9nyt \u00e9s fel\u00fcletkezel\u00e9si min\u0151s\u00e9get biztos\u00edt.<\/p>\n<p>Az aut\u00f3iparban \u00e9s a rep\u00fcl\u0151g\u00e9piparban az ors\u00f3motorokat nagy prec\u00edzi\u00f3s gy\u00e1rt\u00e1sban alkalmazz\u00e1k, p\u00e9ld\u00e1ul motoralkatr\u00e9szek, turbinalap\u00e1tok \u00e9s m\u00e1s kritikus alkatr\u00e9szek gy\u00e1rt\u00e1s\u00e1ban. Sokoldal\u00fas\u00e1guk lehet\u0151v\u00e9 teszi sz\u00e1mukra, hogy a f\u00e9mekt\u0151l a kompozitokig sokf\u00e9le anyagot kezeljenek, mik\u00f6zben fenntartj\u00e1k az ezekben az \u00e1gazatokban megk\u00f6vetelt magas min\u0151s\u00e9gi szabv\u00e1nyokat.<\/p>\n<p>Ezenk\u00edv\u00fcl az ors\u00f3motorokat sz\u00e9les k\u00f6rben haszn\u00e1lj\u00e1k a famegmunk\u00e1l\u00f3, az orvosi \u00e9s az elektronikai iparban. P\u00e9ld\u00e1ul szerves r\u00e9sz\u00e9t k\u00e9pezik a NY\u00c1K-f\u00far\u00e1snak, a l\u00e9zergrav\u00edroz\u00e1snak \u00e9s az orvostechnikai eszk\u00f6z\u00f6k gy\u00e1rt\u00e1s\u00e1nak, ahol a megb\u00edzhat\u00f3s\u00e1g, a pontoss\u00e1g \u00e9s az \u00e1lland\u00f3 teljes\u00edtm\u00e9ny kiemelked\u0151 fontoss\u00e1g\u00fa. Az ors\u00f3motorok alkalmazkod\u00f3k\u00e9pess\u00e9ge n\u00e9lk\u00fcl\u00f6zhetetlenn\u00e9 teszi \u0151ket sz\u00e1mos speci\u00e1lis alkalmaz\u00e1sban a k\u00fcl\u00f6nb\u00f6z\u0151 \u00e1gazatokban.<\/p>\n<h3>Ors\u00f3motor eszterg\u00e1hoz<\/h3>\n<p>Az ors\u00f3motorok kritikus fontoss\u00e1g\u00fa alkatr\u00e9szek az eszterg\u00e1kban, mivel ezek biztos\u00edtj\u00e1k az eszterg\u00e1l\u00e1si m\u0171veletekhez sz\u00fcks\u00e9ges forgat\u00f3er\u0151t. Az eszterg\u00e1ban az ors\u00f3motor hajtja a munkadarab forgat\u00e1s\u00e1t, m\u00edg a szersz\u00e1mok k\u00fcl\u00f6nf\u00e9le m\u0171veleteket v\u00e9geznek, p\u00e9ld\u00e1ul v\u00e1g\u00e1st, f\u00far\u00e1st \u00e9s menetv\u00e1g\u00e1st. Ezeket a motorokat \u00fagy tervezt\u00e9k, hogy \u00e1lland\u00f3 nyomat\u00e9kot \u00e9s sebess\u00e9get biztos\u00edtsanak, biztos\u00edtva az eszterga z\u00f6kken\u0151mentes m\u0171k\u00f6d\u00e9s\u00e9t, mik\u00f6zben meg\u0151rzik a pontoss\u00e1got, k\u00fcl\u00f6n\u00f6sen a nagy ig\u00e9nybev\u00e9telt jelent\u0151 feladatokn\u00e1l, mint p\u00e9ld\u00e1ul a nagy sebess\u00e9g\u0171 megmunk\u00e1l\u00e1s vagy a nagy ig\u00e9nybev\u00e9tel\u0171 forg\u00e1csol\u00e1s.<\/p>\n<p>Az eszterg\u00e1k ors\u00f3motorjai jellemz\u0151en nagy nyomat\u00e9k\u00fa, alacsony fordulatsz\u00e1m\u00fa motorok, amelyek v\u00e1ltoztathat\u00f3 sebess\u00e9gszab\u00e1lyoz\u00e1st is k\u00e9pesek kezelni, lehet\u0151v\u00e9 t\u00e9ve a kezel\u0151 sz\u00e1m\u00e1ra, hogy a motor teljes\u00edtm\u00e9ny\u00e9t az adott anyaghoz \u00e9s forg\u00e1csol\u00e1si m\u0171velethez igaz\u00edtsa. Ez a rugalmass\u00e1g l\u00e9tfontoss\u00e1g\u00fa a k\u00fcl\u00f6nf\u00e9le f\u00e9mek, m\u0171anyagok \u00e9s kompozitok k\u00fcl\u00f6nb\u00f6z\u0151 forg\u00e1csol\u00e1si jellemz\u0151kkel rendelkez\u0151 megmunk\u00e1l\u00e1s\u00e1hoz. Az\u00e1ltal, hogy sima gyorsul\u00e1st \u00e9s lassul\u00e1st biztos\u00edtanak, az ors\u00f3motorok seg\u00edtenek minimaliz\u00e1lni a rezg\u00e9st \u00e9s fenntartani a munkadarab m\u00e9retpontoss\u00e1g\u00e1t.<\/p>\n<p>A fejlett h\u0171t\u00e9si mechanizmusoknak, p\u00e9ld\u00e1ul a folyad\u00e9k- vagy leveg\u0151h\u0171t\u00e9snek k\u00f6sz\u00f6nhet\u0151en az esztergaors\u00f3-motorok nagyobb teljes\u00edtm\u00e9nyen m\u0171k\u00f6dhetnek t\u00falmeleged\u00e9s n\u00e9lk\u00fcl, biztos\u00edtva a tart\u00f3ss\u00e1got \u00e9s a hossz\u00fa \u00e9lettartamot. Pontoss\u00e1guk \u00e9s megb\u00edzhat\u00f3s\u00e1guk n\u00e9lk\u00fcl\u00f6zhetetlenn\u00e9 teszi \u0151ket olyan ipar\u00e1gakban, mint az aut\u00f3ipar, a rep\u00fcl\u0151g\u00e9pipar \u00e9s a gy\u00e1rt\u00e1s, ahol k\u00f6vetkezetesen kiv\u00e1l\u00f3 min\u0151s\u00e9g\u0171, prec\u00edz alkatr\u00e9szeket gy\u00e1rtanak.<\/p>\n<h2>A kimenetnek k\u00e9t m\u00f3dja van, az egyik az \u00e1lland\u00f3 nyomat\u00e9k, a m\u00e1sik az \u00e1lland\u00f3 teljes\u00edtm\u00e9ny, az al\u00e1bbiak szerint:<\/h2>\n<p><img loading=\"lazy\" decoding=\"async\" class=\"alignnone size-full wp-image-3573\" src=\"https:\/\/fmp-components.com\/wp-content\/uploads\/2025\/01\/spindle-motor-1.webp\" alt=\"ors\u00f3motor-1\" width=\"973\" height=\"551\" title=\"\" srcset=\"https:\/\/fmp-components.com\/wp-content\/uploads\/2025\/01\/spindle-motor-1.webp 973w, https:\/\/fmp-components.com\/wp-content\/uploads\/2025\/01\/spindle-motor-1-480x272.webp 480w\" sizes=\"(min-width: 0px) and (max-width: 480px) 480px, (min-width: 481px) 973px, 100vw\" \/><\/p>\n<h2>A motorors\u00f3 n\u00f3menklat\u00far\u00e1j\u00e1nak magyar\u00e1zata<\/h2>\n<p><img loading=\"lazy\" decoding=\"async\" class=\"alignnone size-full wp-image-3574\" src=\"https:\/\/fmp-components.com\/wp-content\/uploads\/2025\/01\/spindle-motor-2.webp\" alt=\"ors\u00f3motor-2\" width=\"666\" height=\"351\" title=\"\" srcset=\"https:\/\/fmp-components.com\/wp-content\/uploads\/2025\/01\/spindle-motor-2.webp 666w, https:\/\/fmp-components.com\/wp-content\/uploads\/2025\/01\/spindle-motor-2-480x253.webp 480w\" sizes=\"(min-width: 0px) and (max-width: 480px) 480px, (min-width: 481px) 666px, 100vw\" \/><\/p>\n<h2>Az ors\u00f3csatlakoz\u00e1s v\u00e9ge<\/h2>\n<p>Sokf\u00e9le csatlakoz\u00e1si t\u00edpussal rendelkezik, az adott modell ors\u00f3j\u00e1t\u00f3l f\u00fcgg\u0151en, k\u00e9rj\u00fck, tekintse meg az al\u00e1bbi t\u00e1bl\u00e1zatot.<\/p>\n<p><img loading=\"lazy\" decoding=\"async\" class=\"alignnone wp-image-3575\" src=\"https:\/\/fmp-components.com\/wp-content\/uploads\/2025\/01\/spindle-motor-3.webp\" alt=\"ors\u00f3motoros\" width=\"885\" height=\"231\" title=\"\" srcset=\"https:\/\/fmp-components.com\/wp-content\/uploads\/2025\/01\/spindle-motor-3.webp 885w, https:\/\/fmp-components.com\/wp-content\/uploads\/2025\/01\/spindle-motor-3-480x125.webp 480w\" sizes=\"(min-width: 0px) and (max-width: 480px) 480px, (min-width: 481px) 885px, 100vw\" \/><\/p>\n<h2>Ors\u00f3 utas\u00edt\u00e1s<\/h2>\n<div><span id=\"spin1\">1<\/span>A frekvenciav\u00e1lt\u00f3\u00a0<span id=\"spin2\">musz\u00e1j<\/span>\u00a0egyezik a\u00a0<span id=\"spin3\">elektromos<\/span>\u00a0ors\u00f3egys\u00e9g. A\u00a0<span id=\"spin4\">alapvet\u0151<\/span>\u00a0frekvencia\u00a0<span id=\"spin5\">vagy ak\u00e1r a<\/span>\u00a0n\u00e9vleges frekvencia\u00a0<span id=\"spin6\">valamint<\/span>\u00a0fesz\u00fclts\u00e9g\u00a0<span id=\"spin7\">k\u00e9nytelen lesz<\/span>\u00a0megfelel a m\u0171szaki param\u00e9tereknek\u00a0<span id=\"spin8\">a<\/span>\u00a0<span id=\"spin9\">elektromos<\/span>\u00a0ors\u00f3.<br \/>\n<span id=\"spin10\">2<\/span>.\u00a0<span id=\"spin11\">Elektromos<\/span>\u00a0ors\u00f3\u00a0<span id=\"spin12\">\u00e1ltal\u00e1ban<\/span>\u00a0keringtetett v\u00edzzel h\u0171tve. H\u0171t\u0151v\u00edz\u00a0<span id=\"spin13\">sz\u00fcks\u00e9ge van r\u00e1<\/span>\u00a0rozsda\u00e1ll\u00f3 \u00e9s sz\u0171rt tisztas\u00e1g\u00fa. Amikor\u00a0<span id=\"spin14\">megszerz\u00e9se<\/span>\u00a0v\u00edz, a be\u00f6ml\u0151ny\u00edl\u00e1s\u00a0<span id=\"spin15\">kell lennie<\/span>\u00a0<span id=\"spin16\">alatt<\/span>\u00a0a\u00a0<span id=\"spin17\">elektromos<\/span>\u00a0ors\u00f3.<br \/>\n<span id=\"spin18\">h\u00e1rom<\/span>. Amikor\u00a0<span id=\"spin19\">egy\u00fctt dolgozva<\/span>\u00a0egy olajk\u00f6ddel kenett ors\u00f3, a\u00a0<span id=\"spin20\">fesz\u00fclts\u00e9g<\/span>\u00a0szab\u00e1lyoz\u00f3 szelep\u00a0<span id=\"spin21\">a<\/span>\u00a0olajk\u00f6d\u00a0<span id=\"spin22\">k\u00fcty\u00fc<\/span>\u00a0<span id=\"spin23\">kellene lennie<\/span>\u00a00,25~0,3 MPA \u00e9rt\u00e9kre \u00e1ll\u00edtva a k\u00f6d\u00f6t\u00a0<span id=\"spin25\">nyom\u00e1s<\/span>\u00a0<span id=\"spin26\">kellene lennie<\/span>\u00a00,1~0,2 MPa\u00a0<span id=\"spin28\">\u00e9s a<\/span>\u00a0<span id=\"spin29\">k\u00fcl\u00f6nf\u00e9le<\/span>\u00a0csepp olaj\u00a0<span id=\"spin30\">kell lennie<\/span>\u00a060-70 csepp\/perc.\u00a0<span id=\"spin31\">\u00e9s a<\/span>\u00a0ken\u0151olaj\u00a0<span id=\"spin32\">kellene lennie<\/span>\u00a0harangolaj vagy turbinaolaj sz.\u00a0<span id=\"spin33\">20<\/span>.<br \/>\n<span id=\"spin34\">n\u00e9gy<\/span>. A\u00a0<span id=\"spin35\">sebess\u00e9g<\/span>\u00a0<span id=\"spin36\">k\u00f6r\u00fcl a<\/span>\u00a0motoros ors\u00f3\u00a0<span id=\"spin37\">\u00fatmutat\u00f3<\/span>\u00a0<span id=\"spin38\">mindenk\u00e9ppen a<\/span>\u00a0legmagasabb\u00a0<span id=\"spin39\">sebess\u00e9g<\/span>, \u00e9s\u00a0<span id=\"spin40\">k\u00e9pes<\/span>\u00a0nem lehet\u00a0<span id=\"spin41\">emelkedett<\/span>,\u00a0<span id=\"spin42\">mindazon\u00e1ltal, az<\/span>\u00a0<span id=\"spin43\">lehet<\/span>\u00a0<span id=\"spin44\">munkav\u00e1llal\u00f3<\/span>\u00a0<span id=\"spin45\">cs\u00f6kkenteni<\/span><br \/>\na\u00a0<span id=\"spin46\">temp\u00f3,<\/span>\u00a0a fesz\u00fclts\u00e9g \u00e9s a frekvencia\u00a0<span id=\"spin47\">cs\u00f6kkent<\/span>\u00a0<span id=\"spin48\">miut\u00e1n a<\/span>\u00a0<span id=\"spin49\">sebess\u00e9g<\/span>\u00a0le van engedve.<br \/>\n<span id=\"spin50\">5<\/span>A forg\u00e1s\u00a0<span id=\"spin51\">p\u00e1lya<\/span>\u00a0<span id=\"spin52\">a<\/span>\u00a0motoros ors\u00f3\u00a0<span id=\"spin53\">\u00e1ltal\u00e1ban<\/span>\u00a0az \u00f3ramutat\u00f3 j\u00e1r\u00e1s\u00e1val ellent\u00e9tes ir\u00e1nyban (n\u00e9zetben\u00a0<span id=\"spin54\">a<\/span>\u00a0tengely). kiv\u00e9ve a\u00a0<span id=\"spin55\">kiz\u00e1r\u00f3lagos<\/span><br \/>\n<span id=\"spin56\">ig\u00e9nyek<\/span>.<br \/>\n<span id=\"spin57\">6<\/span>Az olajk\u00f6ddel kenett motoros ors\u00f3\u00a0<span id=\"spin58\">kell lennie<\/span>\u00a0<span id=\"spin59\">\u00f6sszekapcsolt<\/span>\u00a0v\u00edzzel \u00e9s\u00a0<span id=\"spin60\">benzin<\/span>\u00a0<span id=\"spin61\">megel\u0151z\u0151en<\/span>\u00a0<span id=\"spin62\">lehets\u00e9ges, hogy<\/span>\u00a0<span id=\"spin63\">kezd\u0151dik<\/span>\u00a0\u00e9s\u00a0<span id=\"spin64\">megsz\u0171nik<\/span>\u00a0v\u00edz \u00e9s\u00a0<span id=\"spin65\">\u00fczemanyag\u00a0<\/span><span id=\"spin66\">k\u00edn\u00e1lat<\/span>\u00a0<span id=\"spin67\">ut\u00e1n<\/span>\u00a0le\u00e1ll\u00edt\u00e1s.<br \/>\nMagyar\u00e1zat:\u00a0<span id=\"spin68\">egyed\u00fcl\u00e1ll\u00f3<\/span>\u00a0m\u0171velet\u00a0<span id=\"spin69\">k\u00f6telez\u0151<\/span>\u00a0<span id=\"spin70\">szerint<\/span>\u00a0<span id=\"spin71\">a<\/span>\u00a0<span id=\"spin72\">elektromos<\/span>\u00a0ors\u00f3\u00a0<span id=\"spin73\">ir\u00e1nyelvek<\/span>.<\/div>\n<div>\n<div class=\"flex max-w-full flex-col flex-grow\">\n<div class=\"min-h-8 text-message flex w-full flex-col items-end gap-2 whitespace-normal break-words text-start [.text-message+&amp;]:mt-5\" dir=\"auto\" data-message-author-role=\"assistant\" data-message-id=\"fbdee532-4424-41b2-a093-d85f55f880e4\" data-message-model-slug=\"gpt-4o-mini\">\n<div class=\"flex w-full flex-col gap-1 empty:hidden first:pt-[3px]\">\n<div class=\"markdown prose w-full break-words dark:prose-invert light\">\n<h2>Az FMP-r\u0151l<\/h2>\n<p>Az FMP vezet\u0151 gy\u00e1rt\u00f3, amely mechanikus alkatr\u00e9szekre specializ\u00e1l\u00f3dott, bele\u00e9rtve a spir\u00e1lis k\u00fapkerekes csigahajt\u00f3m\u0171veket, l\u00e1nckerekeket, k\u00fapos perselyeket, fogasl\u00e9ceket, tengelykapcsol\u00f3kat \u00e9s egy\u00e9b sebess\u00e9gv\u00e1lt\u00f3 alkatr\u00e9szeket. Er\u0151s exportf\u00f3kuszunkkal t\u00f6bb mint 651 TP4T term\u00e9k\u00fcnket sz\u00e1ll\u00edtjuk eur\u00f3pai piacokra, p\u00e9ld\u00e1ul N\u00e9metorsz\u00e1gba, az Egyes\u00fclt Kir\u00e1lys\u00e1gba \u00e9s Franciaorsz\u00e1gba, ami \u00e9vi 1 TP5T18 milli\u00f3 RMB export\u00e9rt\u00e9ket gener\u00e1l. Teljes \u00e9ves termel\u00e9si \u00e9rt\u00e9k\u00fcnk el\u00e9ri a 200 milli\u00f3 RMB-t.<\/p>\n<p>Minden FMP term\u00e9ket nemzetk\u00f6zi, eur\u00f3pai \u00e9s amerikai ipari szabv\u00e1nyok szerint tervez\u00fcnk \u00e9s gy\u00e1rtunk. Korszer\u0171 prec\u00edzi\u00f3s megmunk\u00e1l\u00f3 berendez\u00e9seket alkalmazunk, optimaliz\u00e1lt gy\u00e1rt\u00e1si folyamatokat k\u00f6vet\u00fcnk, \u00e9s rugalmas, hat\u00e9kony ir\u00e1ny\u00edt\u00e1si rendszert tartunk fenn. Robusztus min\u0151s\u00e9gir\u00e1ny\u00edt\u00e1si rendszer\u00fcnk biztos\u00edtja a magas term\u00e9kmin\u0151s\u00e9get, mik\u00f6zben \u00e1rainkat versenyk\u00e9pesen tartjuk.<\/p>\n<p>Az FMP-n\u00e9l a k\u00f6vetkez\u0151 alap\u00e9rt\u00e9keket valljuk: \u201eMin\u0151s\u00e9g: az \u00fczleti fenntarthat\u00f3s\u00e1g sarokk\u00f6ve; Integrit\u00e1s: az \u00fczleti n\u00f6veked\u00e9s hajt\u00f3ereje; Szolg\u00e1ltat\u00e1s: a fejl\u0151d\u00e9s alapja; \u00e9s Megfizethet\u0151s\u00e9g: a siker kulcsa.\u201d \u00d6r\u00f6mmel m\u0171k\u00f6d\u00fcnk egy\u00fctt mind a hazai, mind a nemzetk\u00f6zi \u00fcgyfelekkel, \u00e9s elk\u00f6telezettek vagyunk a k\u00f6lcs\u00f6n\u00f6s n\u00f6veked\u00e9s \u00e9s siker el\u0151mozd\u00edt\u00e1sa ir\u00e1nt.<\/p>\n<\/div>\n<\/div>\n<\/div>\n<\/div>\n<p><img loading=\"lazy\" decoding=\"async\" class=\"alignnone wp-image-3563\" src=\"https:\/\/fmp-components.com\/wp-content\/uploads\/2025\/01\/company-2.webp\" alt=\"v\u00e1llalat\" width=\"873\" height=\"790\" title=\"\" srcset=\"https:\/\/fmp-components.com\/wp-content\/uploads\/2025\/01\/company-2.webp 873w, https:\/\/fmp-components.com\/wp-content\/uploads\/2025\/01\/company-2-480x435.webp 480w\" sizes=\"(min-width: 0px) and (max-width: 480px) 480px, (min-width: 481px) 873px, 100vw\" \/> <img loading=\"lazy\" decoding=\"async\" class=\"alignnone wp-image-3564\" src=\"https:\/\/fmp-components.com\/wp-content\/uploads\/2025\/01\/company-3.webp\" alt=\"v\u00e1llalat\" width=\"873\" height=\"776\" title=\"\" srcset=\"https:\/\/fmp-components.com\/wp-content\/uploads\/2025\/01\/company-3.webp 873w, https:\/\/fmp-components.com\/wp-content\/uploads\/2025\/01\/company-3-480x427.webp 480w\" sizes=\"(min-width: 0px) and (max-width: 480px) 480px, (min-width: 481px) 873px, 100vw\" \/> <img loading=\"lazy\" decoding=\"async\" class=\"alignnone wp-image-3565\" src=\"https:\/\/fmp-components.com\/wp-content\/uploads\/2025\/01\/company-1.webp\" alt=\"v\u00e1llalat\" width=\"877\" height=\"225\" title=\"\" srcset=\"https:\/\/fmp-components.com\/wp-content\/uploads\/2025\/01\/company-1.webp 877w, https:\/\/fmp-components.com\/wp-content\/uploads\/2025\/01\/company-1-480x123.webp 480w\" sizes=\"(min-width: 0px) and (max-width: 480px) 480px, (min-width: 481px) 877px, 100vw\" \/><\/p>\n<p>Szerz\u0151: CX<\/p>\n<\/div>","protected":false},"excerpt":{"rendered":"<p>Spindle Motor Applications Spindle motors are essential in various precision machining and manufacturing processes, driving the rotation of tools and enabling high-performance cutting, grinding, and milling operations. Commonly used in CNC machines, they offer high torque and speed control, making them ideal for applications that require tight tolerances and complex geometries. Their ability to provide [&hellip;]<\/p>","protected":false},"featured_media":3579,"comment_status":"open","ping_status":"closed","template":"","meta":{"_et_pb_use_builder":"","_et_pb_old_content":"","_et_gb_content_width":""},"product_brand":[],"product_cat":[89],"product_tag":[],"class_list":{"0":"post-3578","1":"product","2":"type-product","3":"status-publish","4":"has-post-thumbnail","6":"product_cat-spindle-motor","8":"first","9":"instock","10":"shipping-taxable","11":"product-type-simple"},"_links":{"self":[{"href":"https:\/\/fmp-components.com\/hu\/wp-json\/wp\/v2\/product\/3578","targetHints":{"allow":["GET"]}}],"collection":[{"href":"https:\/\/fmp-components.com\/hu\/wp-json\/wp\/v2\/product"}],"about":[{"href":"https:\/\/fmp-components.com\/hu\/wp-json\/wp\/v2\/types\/product"}],"replies":[{"embeddable":true,"href":"https:\/\/fmp-components.com\/hu\/wp-json\/wp\/v2\/comments?post=3578"}],"wp:featuredmedia":[{"embeddable":true,"href":"https:\/\/fmp-components.com\/hu\/wp-json\/wp\/v2\/media\/3579"}],"wp:attachment":[{"href":"https:\/\/fmp-components.com\/hu\/wp-json\/wp\/v2\/media?parent=3578"}],"wp:term":[{"taxonomy":"product_brand","embeddable":true,"href":"https:\/\/fmp-components.com\/hu\/wp-json\/wp\/v2\/product_brand?post=3578"},{"taxonomy":"product_cat","embeddable":true,"href":"https:\/\/fmp-components.com\/hu\/wp-json\/wp\/v2\/product_cat?post=3578"},{"taxonomy":"product_tag","embeddable":true,"href":"https:\/\/fmp-components.com\/hu\/wp-json\/wp\/v2\/product_tag?post=3578"}],"curies":[{"name":"munkaf\u00fczet","href":"https:\/\/api.w.org\/{rel}","templated":true}]}}