{"id":3551,"date":"2025-01-08T05:36:18","date_gmt":"2025-01-08T05:36:18","guid":{"rendered":"https:\/\/fmp-components.com\/?page_id=8"},"modified":"2025-01-08T05:36:18","modified_gmt":"2025-01-08T05:36:18","slug":"iec-b5-flange-mounted-stainless-steel-motor-tenv","status":"publish","type":"product","link":"https:\/\/fmp-components.com\/hu\/product\/iec-b5-flange-mounted-stainless-steel-motor-tenv\/","title":{"rendered":"IEC B5 peremes rozsdamentes ac\u00e9l motor -TENV"},"content":{"rendered":"<p><img loading=\"lazy\" decoding=\"async\" class=\"alignnone size-full wp-image-3539\" src=\"https:\/\/fmp-components.com\/wp-content\/uploads\/2025\/01\/fmp_0.stainless-steel-motor-2.webp\" alt=\"fmp_0.rozsdamentes ac\u00e9l motor-2\" width=\"1579\" height=\"608\" title=\"\" srcset=\"https:\/\/fmp-components.com\/wp-content\/uploads\/2025\/01\/fmp_0.stainless-steel-motor-2.webp 1579w, https:\/\/fmp-components.com\/wp-content\/uploads\/2025\/01\/fmp_0.stainless-steel-motor-2-1280x493.webp 1280w, https:\/\/fmp-components.com\/wp-content\/uploads\/2025\/01\/fmp_0.stainless-steel-motor-2-980x377.webp 980w, https:\/\/fmp-components.com\/wp-content\/uploads\/2025\/01\/fmp_0.stainless-steel-motor-2-480x185.webp 480w\" sizes=\"(min-width: 0px) and (max-width: 480px) 480px, (min-width: 481px) and (max-width: 980px) 980px, (min-width: 981px) and (max-width: 1280px) 1280px, (min-width: 1281px) 1579px, 100vw\" \/><\/p>\n<p><img loading=\"lazy\" decoding=\"async\" class=\"alignnone  wp-image-3553\" src=\"https:\/\/fmp-components.com\/wp-content\/uploads\/2025\/01\/fmp_3.stainless-steel-motor-2.webp\" alt=\"fmp_3.rozsdamentes-ac\u00e9l-motor-2\" width=\"927\" height=\"488\" title=\"\" srcset=\"https:\/\/fmp-components.com\/wp-content\/uploads\/2025\/01\/fmp_3.stainless-steel-motor-2.webp 927w, https:\/\/fmp-components.com\/wp-content\/uploads\/2025\/01\/fmp_3.stainless-steel-motor-2-480x253.webp 480w\" sizes=\"(min-width: 0px) and (max-width: 480px) 480px, (min-width: 481px) 927px, 100vw\" \/><\/p>\n<table style=\"width: 97.9188%;\" border=\"1\">\n<tbody>\n<tr>\n<td style=\"width: 12.1914%;\">Kerett\u00edpus<\/td>\n<td style=\"width: 11.8827%;\">Karima t\u00edpus<\/td>\n<td style=\"width: 6.01852%;\">lengyelek<\/td>\n<td style=\"width: 2.9321%;\">D<\/td>\n<td style=\"width: 2.9321%;\">E<\/td>\n<td style=\"width: 1.85185%;\">F<\/td>\n<td style=\"width: 4.78395%;\">G<\/td>\n<td style=\"width: 4.16667%;\">M<\/td>\n<td style=\"width: 4.16667%;\">\u00c9<\/td>\n<td style=\"width: 4.16667%;\">P<\/td>\n<td style=\"width: 2.16049%;\">R<\/td>\n<td style=\"width: 2.9321%;\">S<\/td>\n<td style=\"width: 3.54938%;\">T<\/td>\n<td style=\"width: 12.3457%;\">Karima furat<\/td>\n<td style=\"width: 10.6481%;\">Tengelylyuk<\/td>\n<td style=\"width: 4.16667%;\">L\u00e9gkondicion\u00e1l\u00f3<\/td>\n<td style=\"width: 43.2099%;\">HIRDET\u00c9S<\/td>\n<\/tr>\n<tr>\n<td style=\"width: 12.1914%;\">63<\/td>\n<td style=\"width: 11.8827%;\">FT115<\/td>\n<td style=\"width: 6.01852%;\">2,4<\/td>\n<td style=\"width: 2.9321%;\">11<\/td>\n<td style=\"width: 2.9321%;\">23<\/td>\n<td style=\"width: 1.85185%;\">4<\/td>\n<td style=\"width: 4.78395%;\">8.5<\/td>\n<td style=\"width: 4.16667%;\">115<\/td>\n<td style=\"width: 4.16667%;\">95<\/td>\n<td style=\"width: 4.16667%;\">140<\/td>\n<td style=\"width: 2.16049%;\">0<\/td>\n<td style=\"width: 2.9321%;\">10<\/td>\n<td style=\"width: 3.54938%;\">2.5<\/td>\n<td style=\"width: 12.3457%;\">4<\/td>\n<td style=\"width: 10.6481%;\">M4<\/td>\n<td style=\"width: 4.16667%;\">114<\/td>\n<td style=\"width: 43.2099%;\">117<\/td>\n<\/tr>\n<tr>\n<td style=\"width: 12.1914%;\">71<\/td>\n<td style=\"width: 11.8827%;\">FT130<\/td>\n<td style=\"width: 6.01852%;\">2.4.6<\/td>\n<td style=\"width: 2.9321%;\">14<\/td>\n<td style=\"width: 2.9321%;\">30<\/td>\n<td style=\"width: 1.85185%;\">5<\/td>\n<td style=\"width: 4.78395%;\">11<\/td>\n<td style=\"width: 4.16667%;\">130<\/td>\n<td style=\"width: 4.16667%;\">110<\/td>\n<td style=\"width: 4.16667%;\">160<\/td>\n<td style=\"width: 2.16049%;\">0<\/td>\n<td style=\"width: 2.9321%;\">10<\/td>\n<td style=\"width: 3.54938%;\">2.5<\/td>\n<td style=\"width: 12.3457%;\">4<\/td>\n<td style=\"width: 10.6481%;\">M5<\/td>\n<td style=\"width: 4.16667%;\">134<\/td>\n<td style=\"width: 43.2099%;\">129<\/td>\n<\/tr>\n<tr>\n<td style=\"width: 12.1914%;\">80<\/td>\n<td style=\"width: 11.8827%;\">FT165<\/td>\n<td style=\"width: 6.01852%;\">2.4.6<\/td>\n<td style=\"width: 2.9321%;\">19<\/td>\n<td style=\"width: 2.9321%;\">40<\/td>\n<td style=\"width: 1.85185%;\">6<\/td>\n<td style=\"width: 4.78395%;\">15.5<\/td>\n<td style=\"width: 4.16667%;\">165<\/td>\n<td style=\"width: 4.16667%;\">130<\/td>\n<td style=\"width: 4.16667%;\">200<\/td>\n<td style=\"width: 2.16049%;\">0<\/td>\n<td style=\"width: 2.9321%;\">12<\/td>\n<td style=\"width: 3.54938%;\">3.5<\/td>\n<td style=\"width: 12.3457%;\">4<\/td>\n<td style=\"width: 10.6481%;\">M6<\/td>\n<td style=\"width: 4.16667%;\">144<\/td>\n<td style=\"width: 43.2099%;\">135<\/td>\n<\/tr>\n<tr>\n<td style=\"width: 12.1914%;\">90<\/td>\n<td style=\"width: 11.8827%;\">FT165<\/td>\n<td style=\"width: 6.01852%;\">2.4.6<\/td>\n<td style=\"width: 2.9321%;\">24<\/td>\n<td style=\"width: 2.9321%;\">50<\/td>\n<td style=\"width: 1.85185%;\">8<\/td>\n<td style=\"width: 4.78395%;\">20<\/td>\n<td style=\"width: 4.16667%;\">165<\/td>\n<td style=\"width: 4.16667%;\">130<\/td>\n<td style=\"width: 4.16667%;\">200<\/td>\n<td style=\"width: 2.16049%;\">0<\/td>\n<td style=\"width: 2.9321%;\">12<\/td>\n<td style=\"width: 3.54938%;\">3.5<\/td>\n<td style=\"width: 12.3457%;\">4<\/td>\n<td style=\"width: 10.6481%;\">M8<\/td>\n<td style=\"width: 4.16667%;\">164<\/td>\n<td style=\"width: 43.2099%;\">147<\/td>\n<\/tr>\n<\/tbody>\n<\/table>\n<h2>A karim\u00e1s rozsdamentes ac\u00e9l motor specifik\u00e1ci\u00f3i<\/h2>\n<table style=\"width: 97.9328%;\" border=\"1\">\n<tbody>\n<tr>\n<td style=\"width: 14.4262%;\">Keret<\/td>\n<td style=\"width: 24.918%;\">KW<\/td>\n<td style=\"width: 46.8852%;\">Felszerel\u00e9s<\/td>\n<td style=\"width: 207.541%;\">IP-c\u00edm<\/td>\n<\/tr>\n<tr>\n<td style=\"width: 14.4262%;\">63<\/td>\n<td style=\"width: 24.918%;\">0.18<\/td>\n<td style=\"width: 46.8852%;\" rowspan=\"7\">B3, B5, B14, B34, B35<\/td>\n<td style=\"width: 207.541%;\" rowspan=\"7\">IP55<\/td>\n<\/tr>\n<tr>\n<td style=\"width: 14.4262%;\">71<\/td>\n<td style=\"width: 24.918%;\">0,25, 0,37<\/td>\n<\/tr>\n<tr>\n<td style=\"width: 14.4262%;\">80<\/td>\n<td style=\"width: 24.918%;\">0,55, 0,75<\/td>\n<\/tr>\n<tr>\n<td style=\"width: 14.4262%;\">90<\/td>\n<td style=\"width: 24.918%;\">1,1, 1,5<\/td>\n<\/tr>\n<tr>\n<td style=\"width: 14.4262%;\">100<\/td>\n<td style=\"width: 24.918%;\">2,2, 3,0<\/td>\n<\/tr>\n<tr>\n<td style=\"width: 14.4262%;\">112<\/td>\n<td style=\"width: 24.918%;\">4.0<\/td>\n<\/tr>\n<tr>\n<td style=\"width: 14.4262%;\">1332<\/td>\n<td style=\"width: 24.918%;\">5,5, 7,5<\/td>\n<\/tr>\n<\/tbody>\n<\/table>\n<h2>Kapcsol\u00f3d\u00f3 rozsdamentes ac\u00e9l motor<\/h2>\n<table style=\"width: 100%;\" border=\"1\" width=\"100%\" cellspacing=\"0\" cellpadding=\"0\">\n<tbody>\n<tr>\n<td style=\"width: 25.8099%;\" align=\"right\" width=\"64\" height=\"18\"><img loading=\"lazy\" decoding=\"async\" class=\"alignnone size-full wp-image-3507\" src=\"https:\/\/fmp-components.com\/wp-content\/uploads\/2025\/01\/ep_stainless-steel-motor-1.webp\" sizes=\"(max-width: 379px) 100vw, 379px\" srcset=\"https:\/\/fmp-components.com\/wp-content\/uploads\/2025\/01\/ep_stainless-steel-motor-1.webp 379w, https:\/\/fmp-components.com\/wp-content\/uploads\/2025\/01\/ep_stainless-steel-motor-1-300x200.webp 300w, https:\/\/fmp-components.com\/wp-content\/uploads\/2025\/01\/ep_stainless-steel-motor-1-18x12.webp 18w\" alt=\"rozsdamentes ac\u00e9l motor\" width=\"379\" height=\"253\" title=\"\"><\/td>\n<td style=\"width: 26.134%;\" align=\"right\" width=\"64\"><img loading=\"lazy\" decoding=\"async\" class=\"alignnone size-full wp-image-3508\" src=\"https:\/\/fmp-components.com\/wp-content\/uploads\/2025\/01\/ep_stainless-steel-motor-2-2.webp\" sizes=\"(max-width: 379px) 100vw, 379px\" srcset=\"https:\/\/fmp-components.com\/wp-content\/uploads\/2025\/01\/ep_stainless-steel-motor-2-2.webp 379w, https:\/\/fmp-components.com\/wp-content\/uploads\/2025\/01\/ep_stainless-steel-motor-2-2-300x200.webp 300w, https:\/\/fmp-components.com\/wp-content\/uploads\/2025\/01\/ep_stainless-steel-motor-2-2-18x12.webp 18w\" alt=\"rozsdamentes ac\u00e9l motor\" width=\"379\" height=\"253\" title=\"\"><\/td>\n<td style=\"width: 25.162%;\" align=\"right\" width=\"64\"><img loading=\"lazy\" decoding=\"async\" class=\"alignnone size-full wp-image-3509\" src=\"https:\/\/fmp-components.com\/wp-content\/uploads\/2025\/01\/ep_stainless-steel-motor-6.webp\" sizes=\"(max-width: 379px) 100vw, 379px\" srcset=\"https:\/\/fmp-components.com\/wp-content\/uploads\/2025\/01\/ep_stainless-steel-motor-6.webp 379w, https:\/\/fmp-components.com\/wp-content\/uploads\/2025\/01\/ep_stainless-steel-motor-6-300x200.webp 300w, https:\/\/fmp-components.com\/wp-content\/uploads\/2025\/01\/ep_stainless-steel-motor-6-18x12.webp 18w\" alt=\"rozsdamentes ac\u00e9l motor\" width=\"379\" height=\"253\" title=\"\"><\/td>\n<td style=\"width: 22.6782%;\" align=\"right\" width=\"64\"><img loading=\"lazy\" decoding=\"async\" class=\"alignnone size-full wp-image-3510\" src=\"https:\/\/fmp-components.com\/wp-content\/uploads\/2025\/01\/ep_stainless-steel-motor-300x200-1.webp\" sizes=\"(max-width: 300px) 100vw, 300px\" srcset=\"https:\/\/fmp-components.com\/wp-content\/uploads\/2025\/01\/ep_stainless-steel-motor-300x200-1.webp 300w, https:\/\/fmp-components.com\/wp-content\/uploads\/2025\/01\/ep_stainless-steel-motor-300x200-1-18x12.webp 18w\" alt=\"rozsdamentes ac\u00e9l motor\" width=\"300\" height=\"200\" title=\"\"><\/td>\n<\/tr>\n<tr>\n<td style=\"width: 25.8099%;\" align=\"right\" height=\"18\">Rozsdamentes ac\u00e9l \u00e1lland\u00f3 m\u00e1gneses motor<\/td>\n<td style=\"width: 26.134%;\" align=\"right\">V\u00edzh\u0171t\u00e9ses rozsdamentes ac\u00e9l motor<\/td>\n<td style=\"width: 25.162%;\" align=\"right\">\u00c9lelmiszeripari villanymotor<\/td>\n<td style=\"width: 22.6782%;\" align=\"right\">Rozsdamentes ac\u00e9l motor<\/td>\n<\/tr>\n<tr>\n<td style=\"width: 25.8099%;\" align=\"right\" height=\"18\"><img loading=\"lazy\" decoding=\"async\" class=\"alignnone size-full wp-image-3511\" src=\"https:\/\/fmp-components.com\/wp-content\/uploads\/2025\/01\/ep_stainless-steel-motor-4.webp\" sizes=\"(max-width: 379px) 100vw, 379px\" srcset=\"https:\/\/fmp-components.com\/wp-content\/uploads\/2025\/01\/ep_stainless-steel-motor-4.webp 379w, https:\/\/fmp-components.com\/wp-content\/uploads\/2025\/01\/ep_stainless-steel-motor-4-300x200.webp 300w, https:\/\/fmp-components.com\/wp-content\/uploads\/2025\/01\/ep_stainless-steel-motor-4-18x12.webp 18w\" alt=\"rozsdamentes ac\u00e9l motor\" width=\"379\" height=\"253\" title=\"\"><\/td>\n<td style=\"width: 26.134%;\" align=\"right\"><img loading=\"lazy\" decoding=\"async\" class=\"alignnone size-full wp-image-3512\" src=\"https:\/\/fmp-components.com\/wp-content\/uploads\/2025\/01\/ep_stainless-steel-motor-3.webp\" sizes=\"(max-width: 379px) 100vw, 379px\" srcset=\"https:\/\/fmp-components.com\/wp-content\/uploads\/2025\/01\/ep_stainless-steel-motor-3.webp 379w, https:\/\/fmp-components.com\/wp-content\/uploads\/2025\/01\/ep_stainless-steel-motor-3-300x200.webp 300w, https:\/\/fmp-components.com\/wp-content\/uploads\/2025\/01\/ep_stainless-steel-motor-3-18x12.webp 18w\" alt=\"rozsdamentes ac\u00e9l motor\" width=\"379\" height=\"253\" title=\"\"><\/td>\n<td style=\"width: 25.162%;\" align=\"right\"><img loading=\"lazy\" decoding=\"async\" class=\"alignnone size-full wp-image-3513\" src=\"https:\/\/fmp-components.com\/wp-content\/uploads\/2025\/01\/ep_stainless-steel-motor-5.webp\" sizes=\"(max-width: 379px) 100vw, 379px\" srcset=\"https:\/\/fmp-components.com\/wp-content\/uploads\/2025\/01\/ep_stainless-steel-motor-5.webp 379w, https:\/\/fmp-components.com\/wp-content\/uploads\/2025\/01\/ep_stainless-steel-motor-5-300x200.webp 300w, https:\/\/fmp-components.com\/wp-content\/uploads\/2025\/01\/ep_stainless-steel-motor-5-18x12.webp 18w\" alt=\"rozsdamentes ac\u00e9l motor\" width=\"379\" height=\"253\" title=\"\"><\/td>\n<td style=\"width: 22.6782%;\" align=\"right\"><img loading=\"lazy\" decoding=\"async\" class=\"alignnone wp-image-3514\" src=\"https:\/\/fmp-components.com\/wp-content\/uploads\/2025\/01\/ep_stainless-steel-motor-6-1.webp\" sizes=\"(max-width: 379px) 100vw, 379px\" srcset=\"https:\/\/fmp-components.com\/wp-content\/uploads\/2025\/01\/ep_stainless-steel-motor-6-1.webp 379w, https:\/\/fmp-components.com\/wp-content\/uploads\/2025\/01\/ep_stainless-steel-motor-6-1-300x200.webp 300w, https:\/\/fmp-components.com\/wp-content\/uploads\/2025\/01\/ep_stainless-steel-motor-6-1-18x12.webp 18w\" alt=\"rozsdamentes ac\u00e9l motor\" width=\"220\" height=\"147\" title=\"\"><\/td>\n<\/tr>\n<tr>\n<td style=\"width: 25.8099%;\" align=\"right\" height=\"18\">IEC emulge\u00e1lt \u00e9lelmiszeripari g\u00e9pek AC motorja<\/td>\n<td style=\"width: 26.134%;\" align=\"right\">NEMA 56C aszinkron motor<\/td>\n<td style=\"width: 25.162%;\" align=\"right\">IEC rozsdamentes ac\u00e9l AC motor<\/td>\n<td style=\"width: 22.6782%;\">IEC teljes eg\u00e9sz\u00e9ben rozsdamentes ac\u00e9lb\u00f3l k\u00e9sz\u00fclt, nagy hat\u00e9konys\u00e1g\u00fa motor<\/td>\n<\/tr>\n<tr>\n<td style=\"width: 25.8099%;\" align=\"right\" width=\"64\" height=\"18\"><img loading=\"lazy\" decoding=\"async\" class=\"alignnone size-full wp-image-3515\" src=\"https:\/\/fmp-components.com\/wp-content\/uploads\/2025\/01\/ep_stainless-steel-motor-2.webp\" sizes=\"(max-width: 379px) 100vw, 379px\" srcset=\"https:\/\/fmp-components.com\/wp-content\/uploads\/2025\/01\/ep_stainless-steel-motor-2.webp 379w, https:\/\/fmp-components.com\/wp-content\/uploads\/2025\/01\/ep_stainless-steel-motor-2-300x200.webp 300w, https:\/\/fmp-components.com\/wp-content\/uploads\/2025\/01\/ep_stainless-steel-motor-2-18x12.webp 18w\" alt=\"rozsdamentes ac\u00e9l motor\" width=\"379\" height=\"253\" title=\"\"><\/td>\n<td style=\"width: 26.134%;\" align=\"right\" width=\"64\"><img loading=\"lazy\" decoding=\"async\" class=\"alignnone size-full wp-image-3516\" src=\"https:\/\/fmp-components.com\/wp-content\/uploads\/2025\/01\/ep_stainless-steel-motor-8.webp\" sizes=\"(max-width: 379px) 100vw, 379px\" srcset=\"https:\/\/fmp-components.com\/wp-content\/uploads\/2025\/01\/ep_stainless-steel-motor-8.webp 379w, https:\/\/fmp-components.com\/wp-content\/uploads\/2025\/01\/ep_stainless-steel-motor-8-300x200.webp 300w, https:\/\/fmp-components.com\/wp-content\/uploads\/2025\/01\/ep_stainless-steel-motor-8-18x12.webp 18w\" alt=\"rozsdamentes ac\u00e9l motor\" width=\"379\" height=\"253\" title=\"\"><\/td>\n<td style=\"width: 25.162%;\" align=\"right\" width=\"64\"><img loading=\"lazy\" decoding=\"async\" class=\"alignnone size-full wp-image-3517\" src=\"https:\/\/fmp-components.com\/wp-content\/uploads\/2025\/01\/ep_stainless-steel-motor-7.webp\" sizes=\"(max-width: 379px) 100vw, 379px\" srcset=\"https:\/\/fmp-components.com\/wp-content\/uploads\/2025\/01\/ep_stainless-steel-motor-7.webp 379w, https:\/\/fmp-components.com\/wp-content\/uploads\/2025\/01\/ep_stainless-steel-motor-7-300x200.webp 300w, https:\/\/fmp-components.com\/wp-content\/uploads\/2025\/01\/ep_stainless-steel-motor-7-18x12.webp 18w\" alt=\"rozsdamentes ac\u00e9l motor\" width=\"379\" height=\"253\" title=\"\"><\/td>\n<td style=\"width: 22.6782%;\" align=\"right\" width=\"64\"><\/td>\n<\/tr>\n<tr>\n<td style=\"width: 25.8099%;\" align=\"right\" height=\"18\">Csirke- \u00e9s kacsasz\u0151rtelen\u00edt\u0151 berendez\u00e9s motorja<\/td>\n<td style=\"width: 26.134%;\" align=\"right\">NEMA \u00e9lelmiszeripari min\u0151s\u00e9g\u0171 rozsdamentes ac\u00e9l motor<\/td>\n<td style=\"width: 25.162%;\" align=\"right\">\u00c9lelmiszeripari min\u0151s\u00e9g\u0171 IEC rozsdamentes ac\u00e9l motor<\/td>\n<td style=\"width: 22.6782%;\" align=\"right\"><\/td>\n<\/tr>\n<\/tbody>\n<\/table>\n<h2>Az FMP-r\u0151l<\/h2>\n<p>Az FMP egy vezet\u0151 high-tech v\u00e1llalat, amely fejlett motorok \u00e9s elektromechanikus megold\u00e1sok tervez\u00e9s\u00e9re, fejleszt\u00e9s\u00e9re \u00e9s gy\u00e1rt\u00e1s\u00e1ra specializ\u00e1l\u00f3dott. Term\u00e9kportf\u00f3li\u00f3nk mag\u00e1ban foglalja az YE2, YE3 \u00e9s YE4 sorozat\u00fa motorokat, valamint sz\u00e1mos sz\u00e1rmaz\u00e9kos term\u00e9ket. Hidraulikus szivatty\u00fakhoz speci\u00e1lis motorokat is k\u00edn\u00e1lunk, bele\u00e9rtve mind a h\u00e1romf\u00e1zis\u00fa, mind az egyf\u00e1zis\u00fa opci\u00f3kat, alum\u00ednium h\u00e1zas motorokat, nem szabv\u00e1nyos motorokat, elektromechanikus integr\u00e1ci\u00f3j\u00fa turbinav\u00e1lt\u00f3kat \u00e9s egy\u00e9b egyedi motormegold\u00e1sokat.<\/p>\n<p>Term\u00e9keinket sz\u00e9les k\u00f6rben haszn\u00e1lj\u00e1k sz\u00e1mos ipar\u00e1gban, bele\u00e9rtve az ipari automatiz\u00e1l\u00e1st, a CNC megmunk\u00e1l\u00e1st, a cip\u0151gy\u00e1rt\u00e1st, a famegmunk\u00e1l\u00e1st, a f\u00e9mmegmunk\u00e1l\u00e1st, a m\u0171anyaggy\u00e1rt\u00e1st \u00e9s az \u00e9p\u00edt\u0151ipari g\u00e9peket. Az FMP elk\u00f6telezetts\u00e9ge az innov\u00e1ci\u00f3 \u00e9s a min\u0151s\u00e9g ir\u00e1nt biztos\u00edtja, hogy minden term\u00e9k megfeleljen a legmagasabb teljes\u00edtm\u00e9ny- \u00e9s megb\u00edzhat\u00f3s\u00e1gi szabv\u00e1nyoknak.<\/p>\n<p>Standard k\u00edn\u00e1latunkon t\u00fal b\u00fcszk\u00e9k vagyunk arra, hogy egyedi ig\u00e9nyekre szabott, egyedi tervez\u00e9s\u0171 megold\u00e1sokat is k\u00edn\u00e1lunk \u00fcgyfeleink sz\u00e1m\u00e1ra. Ak\u00e1r speci\u00e1lis motorokra, nem szabv\u00e1nyos term\u00e9kekre vagy teljesen integr\u00e1lt rendszerekre van sz\u00fcks\u00e9ge, az FMP szorosan egy\u00fcttm\u0171k\u00f6dik \u00fcgyfeleivel, hogy prec\u00edz, kiv\u00e1l\u00f3 min\u0151s\u00e9g\u0171 megold\u00e1sokat sz\u00e1ll\u00edtson. A prec\u00edzi\u00f3s m\u00e9rn\u00f6ki munk\u00e1ra \u00e9s az \u00fcgyf\u00e9l-el\u00e9gedetts\u00e9gre helyezett hangs\u00falyunk folyamatos n\u00f6veked\u00e9s\u00fcnket \u00e9s sikereinket \u00f6szt\u00f6nzi a glob\u00e1lis piacokon.<\/p>\n<p>Az FMP-n\u00e9l a hossz\u00fa t\u00e1v\u00fa, k\u00f6lcs\u00f6n\u00f6sen el\u0151ny\u00f6s partners\u00e9gek \u00e1pol\u00e1s\u00e1ra \u00f6sszpontos\u00edtunk. Elk\u00f6telezettek vagyunk \u00fcgyfeleink siker\u00e9nek t\u00e1mogat\u00e1sa ir\u00e1nt, biztos\u00edtva, hogy minden projekt kiemelked\u0151 eredm\u00e9nyeket hozzon, \u00e9s er\u0151s\u00edtse glob\u00e1lis jelenl\u00e9t\u00fcnket.<\/p>\n<table style=\"width: 100.629%;\" border=\"0\" width=\"128\" cellspacing=\"0\" cellpadding=\"0\">\n<tbody>\n<tr>\n<td style=\"width: 49.2308%;\" align=\"right\" width=\"64\" height=\"18\"><img loading=\"lazy\" decoding=\"async\" class=\"alignnone size-full wp-image-3398\" src=\"https:\/\/fmp-components.com\/wp-content\/uploads\/2025\/01\/Three-Phase-Motor-Factory.webp\" sizes=\"(min-width: 0px) and (max-width: 480px) 480px, (min-width: 481px) 900px, 100vw\" srcset=\"https:\/\/fmp-components.com\/wp-content\/uploads\/2025\/01\/Three-Phase-Motor-Factory.webp 900w, https:\/\/fmp-components.com\/wp-content\/uploads\/2025\/01\/Three-Phase-Motor-Factory-480x320.webp 480w\" alt=\"H\u00e1romf\u00e1zis\u00fa Motorgy\u00e1r\" width=\"900\" height=\"600\" title=\"\"><\/td>\n<td style=\"width: 659.231%;\" align=\"right\" width=\"64\"><img loading=\"lazy\" decoding=\"async\" class=\"alignnone size-full wp-image-3399\" src=\"https:\/\/fmp-components.com\/wp-content\/uploads\/2025\/01\/Three-Phase-Motor-Factory-2.webp\" sizes=\"(min-width: 0px) and (max-width: 480px) 480px, (min-width: 481px) 900px, 100vw\" srcset=\"https:\/\/fmp-components.com\/wp-content\/uploads\/2025\/01\/Three-Phase-Motor-Factory-2.webp 900w, https:\/\/fmp-components.com\/wp-content\/uploads\/2025\/01\/Three-Phase-Motor-Factory-2-480x320.webp 480w\" alt=\"H\u00e1romf\u00e1zis\u00fa Motorgy\u00e1r 2\" width=\"900\" height=\"600\" title=\"\"><\/td>\n<\/tr>\n<tr>\n<td style=\"width: 49.2308%;\" align=\"right\" height=\"18\"><img loading=\"lazy\" decoding=\"async\" class=\"alignnone size-full wp-image-3400\" src=\"https:\/\/fmp-components.com\/wp-content\/uploads\/2025\/01\/China-Three-Phase-Motor-Factory-1.webp\" sizes=\"(min-width: 0px) and (max-width: 480px) 480px, (min-width: 481px) 900px, 100vw\" srcset=\"https:\/\/fmp-components.com\/wp-content\/uploads\/2025\/01\/China-Three-Phase-Motor-Factory-1.webp 900w, https:\/\/fmp-components.com\/wp-content\/uploads\/2025\/01\/China-Three-Phase-Motor-Factory-1-480x320.webp 480w\" alt=\"H\u00e1romf\u00e1zis\u00fa Motorgy\u00e1r-1\" width=\"900\" height=\"600\" title=\"\"><\/td>\n<td style=\"width: 659.231%;\" align=\"right\"><img loading=\"lazy\" decoding=\"async\" class=\"alignnone size-full wp-image-3401\" src=\"https:\/\/fmp-components.com\/wp-content\/uploads\/2025\/01\/Three-Phase-Motor-Factory-3.webp\" sizes=\"(min-width: 0px) and (max-width: 480px) 480px, (min-width: 481px) 900px, 100vw\" srcset=\"https:\/\/fmp-components.com\/wp-content\/uploads\/2025\/01\/Three-Phase-Motor-Factory-3.webp 900w, https:\/\/fmp-components.com\/wp-content\/uploads\/2025\/01\/Three-Phase-Motor-Factory-3-480x320.webp 480w\" alt=\"H\u00e1romf\u00e1zis\u00fa Motorgy\u00e1r 3\" width=\"900\" height=\"600\" title=\"\"><\/td>\n<\/tr>\n<tr>\n<td style=\"width: 49.2308%;\"><img loading=\"lazy\" decoding=\"async\" class=\"alignnone size-full wp-image-3471\" src=\"https:\/\/fmp-components.com\/wp-content\/uploads\/2025\/01\/Single-Phase-Induction-Motor-Suppliers.webp\" sizes=\"(min-width: 0px) and (max-width: 480px) 480px, (min-width: 481px) 900px, 100vw\" srcset=\"https:\/\/fmp-components.com\/wp-content\/uploads\/2025\/01\/Single-Phase-Induction-Motor-Suppliers.webp 900w, https:\/\/fmp-components.com\/wp-content\/uploads\/2025\/01\/Single-Phase-Induction-Motor-Suppliers-480x320.webp 480w\" alt=\"Egyf\u00e1zis\u00fa indukci\u00f3s motorok sz\u00e1ll\u00edt\u00f3i\" width=\"900\" height=\"600\" title=\"\"><\/td>\n<td style=\"width: 659.231%;\"><img loading=\"lazy\" decoding=\"async\" class=\"alignnone size-full wp-image-3470\" src=\"https:\/\/fmp-components.com\/wp-content\/uploads\/2025\/01\/Single-Phase-Induction-Motor-Manufacturers-1.webp\" sizes=\"(min-width: 0px) and (max-width: 480px) 480px, (min-width: 481px) 900px, 100vw\" srcset=\"https:\/\/fmp-components.com\/wp-content\/uploads\/2025\/01\/Single-Phase-Induction-Motor-Manufacturers-1.webp 900w, https:\/\/fmp-components.com\/wp-content\/uploads\/2025\/01\/Single-Phase-Induction-Motor-Manufacturers-1-480x320.webp 480w\" alt=\"Egyf\u00e1zis\u00fa indukci\u00f3s motorgy\u00e1rt\u00f3k-1\" width=\"900\" height=\"600\" title=\"\"><\/td>\n<\/tr>\n<tr>\n<td style=\"width: 49.2308%;\"><img loading=\"lazy\" decoding=\"async\" class=\"alignnone size-full wp-image-3472\" src=\"https:\/\/fmp-components.com\/wp-content\/uploads\/2025\/01\/Single-Phase-Induction-Motor-Manufacturers.webp\" sizes=\"(min-width: 0px) and (max-width: 480px) 480px, (min-width: 481px) 900px, 100vw\" srcset=\"https:\/\/fmp-components.com\/wp-content\/uploads\/2025\/01\/Single-Phase-Induction-Motor-Manufacturers.webp 900w, https:\/\/fmp-components.com\/wp-content\/uploads\/2025\/01\/Single-Phase-Induction-Motor-Manufacturers-480x320.webp 480w\" alt=\"Egyf\u00e1zis\u00fa indukci\u00f3s motorgy\u00e1rt\u00f3k\" width=\"900\" height=\"600\" title=\"\"><\/td>\n<td style=\"width: 659.231%;\"><img loading=\"lazy\" decoding=\"async\" class=\"alignnone size-full wp-image-3473\" src=\"https:\/\/fmp-components.com\/wp-content\/uploads\/2025\/01\/Single-Phase-Induction-Motor-for-Sale.webp\" sizes=\"(min-width: 0px) and (max-width: 480px) 480px, (min-width: 481px) 900px, 100vw\" srcset=\"https:\/\/fmp-components.com\/wp-content\/uploads\/2025\/01\/Single-Phase-Induction-Motor-for-Sale.webp 900w, https:\/\/fmp-components.com\/wp-content\/uploads\/2025\/01\/Single-Phase-Induction-Motor-for-Sale-480x320.webp 480w\" alt=\"Egyf\u00e1zis\u00fa indukci\u00f3s motor elad\u00f3\" width=\"900\" height=\"600\" title=\"\"><\/td>\n<\/tr>\n<\/tbody>\n<\/table>\n<p>Szerz\u0151: CX<\/p>","protected":false},"excerpt":{"rendered":"<p>Frame Type Flange type Poles D E F G M N P R S T Flange Hole Shaft Hole AC AD 63 FT115 2,4 11 23 4 8.5 115 95 140 0 10 2.5 4 M4 114 117 71 FT130 2.4.6 14 30 5 11 130 110 160 0 10 2.5 4 M5 134 129 [&hellip;]<\/p>","protected":false},"featured_media":3552,"comment_status":"open","ping_status":"closed","template":"","meta":{"_et_pb_use_builder":"","_et_pb_old_content":"","_et_gb_content_width":""},"product_brand":[],"product_cat":[88],"product_tag":[],"class_list":{"0":"post-3551","1":"product","2":"type-product","3":"status-publish","4":"has-post-thumbnail","6":"product_cat-stainless-steel-motors","8":"first","9":"instock","10":"shipping-taxable","11":"product-type-simple"},"_links":{"self":[{"href":"https:\/\/fmp-components.com\/hu\/wp-json\/wp\/v2\/product\/3551","targetHints":{"allow":["GET"]}}],"collection":[{"href":"https:\/\/fmp-components.com\/hu\/wp-json\/wp\/v2\/product"}],"about":[{"href":"https:\/\/fmp-components.com\/hu\/wp-json\/wp\/v2\/types\/product"}],"replies":[{"embeddable":true,"href":"https:\/\/fmp-components.com\/hu\/wp-json\/wp\/v2\/comments?post=3551"}],"wp:featuredmedia":[{"embeddable":true,"href":"https:\/\/fmp-components.com\/hu\/wp-json\/wp\/v2\/media\/3552"}],"wp:attachment":[{"href":"https:\/\/fmp-components.com\/hu\/wp-json\/wp\/v2\/media?parent=3551"}],"wp:term":[{"taxonomy":"product_brand","embeddable":true,"href":"https:\/\/fmp-components.com\/hu\/wp-json\/wp\/v2\/product_brand?post=3551"},{"taxonomy":"product_cat","embeddable":true,"href":"https:\/\/fmp-components.com\/hu\/wp-json\/wp\/v2\/product_cat?post=3551"},{"taxonomy":"product_tag","embeddable":true,"href":"https:\/\/fmp-components.com\/hu\/wp-json\/wp\/v2\/product_tag?post=3551"}],"curies":[{"name":"munkaf\u00fczet","href":"https:\/\/api.w.org\/{rel}","templated":true}]}}