{"id":3548,"date":"2025-01-08T05:13:09","date_gmt":"2025-01-08T05:13:09","guid":{"rendered":"https:\/\/fmp-components.com\/?page_id=8"},"modified":"2025-01-08T05:13:10","modified_gmt":"2025-01-08T05:13:10","slug":"iec-motor-b5t-flange-mounted-stainless-steel-motor-tenv-replacement-of-sew-motor","status":"publish","type":"product","link":"https:\/\/fmp-components.com\/hu\/product\/iec-motor-b5t-flange-mounted-stainless-steel-motor-tenv-replacement-of-sew-motor\/","title":{"rendered":"IEC motor B5T peremes rozsdamentes ac\u00e9l motor TENV SEW motor csere"},"content":{"rendered":"<p><img loading=\"lazy\" decoding=\"async\" class=\"alignnone size-full wp-image-3539\" src=\"https:\/\/fmp-components.com\/wp-content\/uploads\/2025\/01\/fmp_0.stainless-steel-motor-2.webp\" alt=\"fmp_0.rozsdamentes ac\u00e9l motor-2\" width=\"1579\" height=\"608\" title=\"\" srcset=\"https:\/\/fmp-components.com\/wp-content\/uploads\/2025\/01\/fmp_0.stainless-steel-motor-2.webp 1579w, https:\/\/fmp-components.com\/wp-content\/uploads\/2025\/01\/fmp_0.stainless-steel-motor-2-1280x493.webp 1280w, https:\/\/fmp-components.com\/wp-content\/uploads\/2025\/01\/fmp_0.stainless-steel-motor-2-980x377.webp 980w, https:\/\/fmp-components.com\/wp-content\/uploads\/2025\/01\/fmp_0.stainless-steel-motor-2-480x185.webp 480w\" sizes=\"(min-width: 0px) and (max-width: 480px) 480px, (min-width: 481px) and (max-width: 980px) 980px, (min-width: 981px) and (max-width: 1280px) 1280px, (min-width: 1281px) 1579px, 100vw\" \/><\/p>\n<p><span style=\"font-size: 18pt;\">IEC Motors B5T peremes r\u00f6gz\u00edt\u00e9s\u0171 rozsdamentes ac\u00e9l motorok \u2013 TENV csere az SEW motorokhoz<\/span><\/p>\n<p>Az FMP szabv\u00e1nyos rozsdamentes ac\u00e9l lemos\u00f3motorjait \u00fagy tervezt\u00e9k, hogy megfeleljenek a mai \u00e9lelmiszer-feldolgoz\u00f3, gy\u00f3gyszeripari, csomagol\u00f3 \u00e9s italgy\u00e1rt\u00f3 ipar\u00e1gak sz\u00e9ls\u0151s\u00e9ges \u00e9s szigor\u00fa higi\u00e9niai k\u00f6vetelm\u00e9nyeinek. A szigor\u00fa IP69K specifik\u00e1ci\u00f3k szerint tesztelt nagynyom\u00e1s\u00fa g\u0151z- \u00e9s v\u00edz\u00e1ll\u00f3 FMP \u00e9lelmiszerbiztons\u00e1gi rozsdamentes ac\u00e9l motorok hossz\u00fa t\u00e1v\u00fa v\u00e9delmet ny\u00fajtanak a legsz\u00e9ls\u0151s\u00e9gesebb korroz\u00edv lemos\u00f3k\u00f6rnyezetekkel szemben, mik\u00f6zben fenntartj\u00e1k a higi\u00e9niai szintet az \u00e9lelmiszerbiztons\u00e1g vesz\u00e9lyeztet\u00e9s\u00e9nek elker\u00fcl\u00e9se \u00e9rdek\u00e9ben.<\/p>\n<p><img loading=\"lazy\" decoding=\"async\" class=\"alignnone  wp-image-3549\" src=\"https:\/\/fmp-components.com\/wp-content\/uploads\/2025\/01\/fmp_4.stainless-steel-motor-2.webp\" alt=\"fmp_4.rozsdamentes-ac\u00e9l-motor-2\" width=\"917\" height=\"431\" title=\"\" srcset=\"https:\/\/fmp-components.com\/wp-content\/uploads\/2025\/01\/fmp_4.stainless-steel-motor-2.webp 400w, https:\/\/fmp-components.com\/wp-content\/uploads\/2025\/01\/fmp_4.stainless-steel-motor-2-300x141.webp 300w, https:\/\/fmp-components.com\/wp-content\/uploads\/2025\/01\/fmp_4.stainless-steel-motor-2-18x8.webp 18w\" sizes=\"(max-width: 917px) 100vw, 917px\" \/><\/p>\n<table style=\"width: 100.22%; height: 109px;\" border=\"1\">\n<tbody>\n<tr>\n<td>Kerett\u00edpus<\/td>\n<td>karima<br \/>\nt\u00edpus<\/td>\n<td>lengyelek<\/td>\n<td>D<\/td>\n<td>E<\/td>\n<td>F<\/td>\n<td>G<\/td>\n<td>M<\/td>\n<td>\u00c9<\/td>\n<td>P<\/td>\n<td>R<\/td>\n<td>S<\/td>\n<td>T<\/td>\n<td>karima<br \/>\nLyuk<\/td>\n<td>L\u00e9gkondicion\u00e1l\u00f3<\/td>\n<td>HIRDET\u00c9S<\/td>\n<\/tr>\n<tr>\n<td>71<\/td>\n<td>B5T<\/td>\n<td>4<\/td>\n<td>10<\/td>\n<td>35<\/td>\n<td>2<\/td>\n<td>8.6<\/td>\n<td>100<\/td>\n<td>80<\/td>\n<td>120<\/td>\n<td>16.5<\/td>\n<td>7<\/td>\n<td>3<\/td>\n<td>4<\/td>\n<td>134<\/td>\n<td>129<\/td>\n<\/tr>\n<tr>\n<td>80<\/td>\n<td>B5T<\/td>\n<td>4<\/td>\n<td>12<\/td>\n<td>35<\/td>\n<td>3<\/td>\n<td>10<\/td>\n<td>100<\/td>\n<td>80<\/td>\n<td>120<\/td>\n<td>14.5<\/td>\n<td>7<\/td>\n<td>3<\/td>\n<td>4<\/td>\n<td>134<\/td>\n<td>135<\/td>\n<\/tr>\n<\/tbody>\n<\/table>\n<h2>IEC Motor B5T Peremes Szerel\u00e9s\u0171 Rozsdamentes Ac\u00e9l Motor<\/h2>\n<ol>\n<li><strong>Korr\u00f3zi\u00f3\u00e1ll\u00f3 konstrukci\u00f3<\/strong><br \/>\nAz IEC B5T peremes r\u00f6gz\u00edt\u00e9s\u0171 rozsdamentes ac\u00e9l motor kiv\u00e1l\u00f3 min\u0151s\u00e9g\u0171 rozsdamentes ac\u00e9lb\u00f3l k\u00e9sz\u00fclt, ami kiv\u00e1l\u00f3 korr\u00f3zi\u00f3-, rozsda- \u00e9s kop\u00e1s\u00e1ll\u00f3s\u00e1got biztos\u00edt. Ez ide\u00e1liss\u00e1 teszi olyan zord k\u00f6rnyezetben val\u00f3 haszn\u00e1latra, mint az \u00e9lelmiszer-feldolgoz\u00e1s, a gy\u00f3gyszeripar \u00e9s a vegyipar, ahol gyakori a nedvess\u00e9gnek \u00e9s az agressz\u00edv anyagoknak val\u00f3 kitetts\u00e9g.<\/li>\n<li><strong>Peremes r\u00f6gz\u00edt\u00e9s az egyszer\u0171 telep\u00edt\u00e9s \u00e9rdek\u00e9ben<\/strong><br \/>\nA motor B5T peremes r\u00f6gz\u00edt\u00e9ssel rendelkezik, amely egyszer\u0171 \u00e9s biztons\u00e1gos telep\u00edt\u00e9st tesz lehet\u0151v\u00e9 a g\u00e9peken. Ez a r\u00f6gz\u00edt\u00e9si m\u00f3d lehet\u0151v\u00e9 teszi a kompakt integr\u00e1ci\u00f3t a megl\u00e9v\u0151 rendszerekbe, cs\u00f6kkentve a tov\u00e1bbi tart\u00f3szerkezetek vagy a bonyolult szerel\u00e9si elj\u00e1r\u00e1sok sz\u00fcks\u00e9gess\u00e9g\u00e9t.<\/li>\n<li><strong>Higi\u00e9nikus \u00e9s k\u00f6nnyen tiszt\u00edthat\u00f3 fel\u00fclet<\/strong><br \/>\nSima, h\u00e9zagmentes fel\u00fclet\u00e9nek k\u00f6sz\u00f6nhet\u0151en a motor k\u00f6nnyen tiszt\u00edthat\u00f3 \u00e9s karbantarthat\u00f3. Nincsenek szabadon l\u00e9v\u0151 r\u00e9sek vagy illeszt\u00e9sek, ahol a szennyez\u0151d\u00e9s, por vagy \u00e9telmarad\u00e9kok felhalmoz\u00f3dhatn\u00e1nak, \u00edgy alkalmas olyan higi\u00e9niai alkalmaz\u00e1sokhoz, ahol a higi\u00e9nia kiemelt fontoss\u00e1g\u00fa. A motor kialak\u00edt\u00e1sa seg\u00edt megel\u0151zni a szennyez\u0151d\u00e9st, biztos\u00edtva a magas szint\u0171 tisztas\u00e1got.<\/li>\n<li><strong>IP69K v\u00e9detts\u00e9g<\/strong><br \/>\nEz a motor IP69K v\u00e9detts\u00e9ggel rendelkezik, amely kiv\u00e1l\u00f3an ellen\u00e1ll a v\u00edz \u00e9s a por behatol\u00e1s\u00e1nak. A motor ellen\u00e1ll a nagynyom\u00e1s\u00fa v\u00edzsug\u00e1rnak, \u00edgy ide\u00e1lis olyan mos\u00f3hat\u00e1s\u00fa k\u00f6rnyezetekbe, ahol gyakori tiszt\u00edt\u00e1sra van sz\u00fcks\u00e9g v\u00edzzel \u00e9s er\u0151s vegyszerekkel.<\/li>\n<li><strong>Hat\u00e9kony teljes\u00edtm\u00e9ny<\/strong><br \/>\nA rozsdamentes ac\u00e9l motor megfelel a magas hat\u00e9konys\u00e1gi szabv\u00e1nyoknak, optim\u00e1lis teljes\u00edtm\u00e9nyt biztos\u00edtva, mik\u00f6zben cs\u00f6kkenti az energiafogyaszt\u00e1st. Prec\u00edzi\u00f3san megtervezett alkatr\u00e9szei \u00e9s hat\u00e9kony h\u0151kezel\u0151 rendszere seg\u00edt minimaliz\u00e1lni a h\u0151k\u00e9pz\u0151d\u00e9st, biztos\u00edtva a hossz\u00fa t\u00e1v\u00fa, megb\u00edzhat\u00f3 m\u0171k\u00f6d\u00e9st.<\/li>\n<\/ol>\n<p>Ezek a tulajdons\u00e1gok teszik az IEC B5T peremes r\u00f6gz\u00edt\u00e9s\u0171 rozsdamentes ac\u00e9l motort ide\u00e1lis v\u00e1laszt\u00e1ss\u00e1 olyan alkalmaz\u00e1sokhoz, amelyek tart\u00f3ss\u00e1got, higi\u00e9ni\u00e1t \u00e9s nagy teljes\u00edtm\u00e9nyt ig\u00e9nyelnek zord ipari k\u00f6rnyezetben.<\/p>\n<h2>Kapcsol\u00f3d\u00f3 rozsdamentes ac\u00e9l motor<\/h2>\n<table style=\"width: 100%;\" border=\"1\" width=\"100%\" cellspacing=\"0\" cellpadding=\"0\">\n<tbody>\n<tr>\n<td style=\"width: 25.8099%;\" align=\"right\" width=\"64\" height=\"18\"><img loading=\"lazy\" decoding=\"async\" class=\"alignnone size-full wp-image-3507\" src=\"https:\/\/fmp-components.com\/wp-content\/uploads\/2025\/01\/ep_stainless-steel-motor-1.webp\" sizes=\"(max-width: 379px) 100vw, 379px\" srcset=\"https:\/\/fmp-components.com\/wp-content\/uploads\/2025\/01\/ep_stainless-steel-motor-1.webp 379w, https:\/\/fmp-components.com\/wp-content\/uploads\/2025\/01\/ep_stainless-steel-motor-1-300x200.webp 300w, https:\/\/fmp-components.com\/wp-content\/uploads\/2025\/01\/ep_stainless-steel-motor-1-18x12.webp 18w\" alt=\"rozsdamentes ac\u00e9l motor\" width=\"379\" height=\"253\" title=\"\"><\/td>\n<td style=\"width: 26.134%;\" align=\"right\" width=\"64\"><img loading=\"lazy\" decoding=\"async\" class=\"alignnone size-full wp-image-3508\" src=\"https:\/\/fmp-components.com\/wp-content\/uploads\/2025\/01\/ep_stainless-steel-motor-2-2.webp\" sizes=\"(max-width: 379px) 100vw, 379px\" srcset=\"https:\/\/fmp-components.com\/wp-content\/uploads\/2025\/01\/ep_stainless-steel-motor-2-2.webp 379w, https:\/\/fmp-components.com\/wp-content\/uploads\/2025\/01\/ep_stainless-steel-motor-2-2-300x200.webp 300w, https:\/\/fmp-components.com\/wp-content\/uploads\/2025\/01\/ep_stainless-steel-motor-2-2-18x12.webp 18w\" alt=\"rozsdamentes ac\u00e9l motor\" width=\"379\" height=\"253\" title=\"\"><\/td>\n<td style=\"width: 25.162%;\" align=\"right\" width=\"64\"><img loading=\"lazy\" decoding=\"async\" class=\"alignnone size-full wp-image-3509\" src=\"https:\/\/fmp-components.com\/wp-content\/uploads\/2025\/01\/ep_stainless-steel-motor-6.webp\" sizes=\"(max-width: 379px) 100vw, 379px\" srcset=\"https:\/\/fmp-components.com\/wp-content\/uploads\/2025\/01\/ep_stainless-steel-motor-6.webp 379w, https:\/\/fmp-components.com\/wp-content\/uploads\/2025\/01\/ep_stainless-steel-motor-6-300x200.webp 300w, https:\/\/fmp-components.com\/wp-content\/uploads\/2025\/01\/ep_stainless-steel-motor-6-18x12.webp 18w\" alt=\"rozsdamentes ac\u00e9l motor\" width=\"379\" height=\"253\" title=\"\"><\/td>\n<td style=\"width: 22.6782%;\" align=\"right\" width=\"64\"><img loading=\"lazy\" decoding=\"async\" class=\"alignnone size-full wp-image-3510\" src=\"https:\/\/fmp-components.com\/wp-content\/uploads\/2025\/01\/ep_stainless-steel-motor-300x200-1.webp\" sizes=\"(max-width: 300px) 100vw, 300px\" srcset=\"https:\/\/fmp-components.com\/wp-content\/uploads\/2025\/01\/ep_stainless-steel-motor-300x200-1.webp 300w, https:\/\/fmp-components.com\/wp-content\/uploads\/2025\/01\/ep_stainless-steel-motor-300x200-1-18x12.webp 18w\" alt=\"rozsdamentes ac\u00e9l motor\" width=\"300\" height=\"200\" title=\"\"><\/td>\n<\/tr>\n<tr>\n<td style=\"width: 25.8099%;\" align=\"right\" height=\"18\">Rozsdamentes ac\u00e9l \u00e1lland\u00f3 m\u00e1gneses motor<\/td>\n<td style=\"width: 26.134%;\" align=\"right\">V\u00edzh\u0171t\u00e9ses rozsdamentes ac\u00e9l motor<\/td>\n<td style=\"width: 25.162%;\" align=\"right\">\u00c9lelmiszeripari villanymotor<\/td>\n<td style=\"width: 22.6782%;\" align=\"right\">Rozsdamentes ac\u00e9l motor<\/td>\n<\/tr>\n<tr>\n<td style=\"width: 25.8099%;\" align=\"right\" height=\"18\"><img loading=\"lazy\" decoding=\"async\" class=\"alignnone size-full wp-image-3511\" src=\"https:\/\/fmp-components.com\/wp-content\/uploads\/2025\/01\/ep_stainless-steel-motor-4.webp\" sizes=\"(max-width: 379px) 100vw, 379px\" srcset=\"https:\/\/fmp-components.com\/wp-content\/uploads\/2025\/01\/ep_stainless-steel-motor-4.webp 379w, https:\/\/fmp-components.com\/wp-content\/uploads\/2025\/01\/ep_stainless-steel-motor-4-300x200.webp 300w, https:\/\/fmp-components.com\/wp-content\/uploads\/2025\/01\/ep_stainless-steel-motor-4-18x12.webp 18w\" alt=\"rozsdamentes ac\u00e9l motor\" width=\"379\" height=\"253\" title=\"\"><\/td>\n<td style=\"width: 26.134%;\" align=\"right\"><img loading=\"lazy\" decoding=\"async\" class=\"alignnone size-full wp-image-3512\" src=\"https:\/\/fmp-components.com\/wp-content\/uploads\/2025\/01\/ep_stainless-steel-motor-3.webp\" sizes=\"(max-width: 379px) 100vw, 379px\" srcset=\"https:\/\/fmp-components.com\/wp-content\/uploads\/2025\/01\/ep_stainless-steel-motor-3.webp 379w, https:\/\/fmp-components.com\/wp-content\/uploads\/2025\/01\/ep_stainless-steel-motor-3-300x200.webp 300w, https:\/\/fmp-components.com\/wp-content\/uploads\/2025\/01\/ep_stainless-steel-motor-3-18x12.webp 18w\" alt=\"rozsdamentes ac\u00e9l motor\" width=\"379\" height=\"253\" title=\"\"><\/td>\n<td style=\"width: 25.162%;\" align=\"right\"><img loading=\"lazy\" decoding=\"async\" class=\"alignnone size-full wp-image-3513\" src=\"https:\/\/fmp-components.com\/wp-content\/uploads\/2025\/01\/ep_stainless-steel-motor-5.webp\" sizes=\"(max-width: 379px) 100vw, 379px\" srcset=\"https:\/\/fmp-components.com\/wp-content\/uploads\/2025\/01\/ep_stainless-steel-motor-5.webp 379w, https:\/\/fmp-components.com\/wp-content\/uploads\/2025\/01\/ep_stainless-steel-motor-5-300x200.webp 300w, https:\/\/fmp-components.com\/wp-content\/uploads\/2025\/01\/ep_stainless-steel-motor-5-18x12.webp 18w\" alt=\"rozsdamentes ac\u00e9l motor\" width=\"379\" height=\"253\" title=\"\"><\/td>\n<td style=\"width: 22.6782%;\" align=\"right\"><img loading=\"lazy\" decoding=\"async\" class=\"alignnone wp-image-3514\" src=\"https:\/\/fmp-components.com\/wp-content\/uploads\/2025\/01\/ep_stainless-steel-motor-6-1.webp\" sizes=\"(max-width: 379px) 100vw, 379px\" srcset=\"https:\/\/fmp-components.com\/wp-content\/uploads\/2025\/01\/ep_stainless-steel-motor-6-1.webp 379w, https:\/\/fmp-components.com\/wp-content\/uploads\/2025\/01\/ep_stainless-steel-motor-6-1-300x200.webp 300w, https:\/\/fmp-components.com\/wp-content\/uploads\/2025\/01\/ep_stainless-steel-motor-6-1-18x12.webp 18w\" alt=\"rozsdamentes ac\u00e9l motor\" width=\"220\" height=\"147\" title=\"\"><\/td>\n<\/tr>\n<tr>\n<td style=\"width: 25.8099%;\" align=\"right\" height=\"18\">IEC emulge\u00e1lt \u00e9lelmiszeripari g\u00e9pek AC motorja<\/td>\n<td style=\"width: 26.134%;\" align=\"right\">NEMA 56C aszinkron motor<\/td>\n<td style=\"width: 25.162%;\" align=\"right\">IEC rozsdamentes ac\u00e9l AC motor<\/td>\n<td style=\"width: 22.6782%;\">IEC teljes eg\u00e9sz\u00e9ben rozsdamentes ac\u00e9lb\u00f3l k\u00e9sz\u00fclt, nagy hat\u00e9konys\u00e1g\u00fa motor<\/td>\n<\/tr>\n<tr>\n<td style=\"width: 25.8099%;\" align=\"right\" width=\"64\" height=\"18\"><img loading=\"lazy\" decoding=\"async\" class=\"alignnone size-full wp-image-3515\" src=\"https:\/\/fmp-components.com\/wp-content\/uploads\/2025\/01\/ep_stainless-steel-motor-2.webp\" sizes=\"(max-width: 379px) 100vw, 379px\" srcset=\"https:\/\/fmp-components.com\/wp-content\/uploads\/2025\/01\/ep_stainless-steel-motor-2.webp 379w, https:\/\/fmp-components.com\/wp-content\/uploads\/2025\/01\/ep_stainless-steel-motor-2-300x200.webp 300w, https:\/\/fmp-components.com\/wp-content\/uploads\/2025\/01\/ep_stainless-steel-motor-2-18x12.webp 18w\" alt=\"rozsdamentes ac\u00e9l motor\" width=\"379\" height=\"253\" title=\"\"><\/td>\n<td style=\"width: 26.134%;\" align=\"right\" width=\"64\"><img loading=\"lazy\" decoding=\"async\" class=\"alignnone size-full wp-image-3516\" src=\"https:\/\/fmp-components.com\/wp-content\/uploads\/2025\/01\/ep_stainless-steel-motor-8.webp\" sizes=\"(max-width: 379px) 100vw, 379px\" srcset=\"https:\/\/fmp-components.com\/wp-content\/uploads\/2025\/01\/ep_stainless-steel-motor-8.webp 379w, https:\/\/fmp-components.com\/wp-content\/uploads\/2025\/01\/ep_stainless-steel-motor-8-300x200.webp 300w, https:\/\/fmp-components.com\/wp-content\/uploads\/2025\/01\/ep_stainless-steel-motor-8-18x12.webp 18w\" alt=\"rozsdamentes ac\u00e9l motor\" width=\"379\" height=\"253\" title=\"\"><\/td>\n<td style=\"width: 25.162%;\" align=\"right\" width=\"64\"><img loading=\"lazy\" decoding=\"async\" class=\"alignnone size-full wp-image-3517\" src=\"https:\/\/fmp-components.com\/wp-content\/uploads\/2025\/01\/ep_stainless-steel-motor-7.webp\" sizes=\"(max-width: 379px) 100vw, 379px\" srcset=\"https:\/\/fmp-components.com\/wp-content\/uploads\/2025\/01\/ep_stainless-steel-motor-7.webp 379w, https:\/\/fmp-components.com\/wp-content\/uploads\/2025\/01\/ep_stainless-steel-motor-7-300x200.webp 300w, https:\/\/fmp-components.com\/wp-content\/uploads\/2025\/01\/ep_stainless-steel-motor-7-18x12.webp 18w\" alt=\"rozsdamentes ac\u00e9l motor\" width=\"379\" height=\"253\" title=\"\"><\/td>\n<td style=\"width: 22.6782%;\" align=\"right\" width=\"64\"><\/td>\n<\/tr>\n<tr>\n<td style=\"width: 25.8099%;\" align=\"right\" height=\"18\">Csirke- \u00e9s kacsasz\u0151rtelen\u00edt\u0151 berendez\u00e9s motorja<\/td>\n<td style=\"width: 26.134%;\" align=\"right\">NEMA \u00e9lelmiszeripari min\u0151s\u00e9g\u0171 rozsdamentes ac\u00e9l motor<\/td>\n<td style=\"width: 25.162%;\" align=\"right\">\u00c9lelmiszeripari min\u0151s\u00e9g\u0171 IEC rozsdamentes ac\u00e9l motor<\/td>\n<td style=\"width: 22.6782%;\" align=\"right\"><\/td>\n<\/tr>\n<\/tbody>\n<\/table>\n<h2>Az FMP-r\u0151l<\/h2>\n<p>Az FMP egy vezet\u0151 high-tech v\u00e1llalat, amely fejlett motorok \u00e9s elektromechanikus megold\u00e1sok tervez\u00e9s\u00e9re, fejleszt\u00e9s\u00e9re \u00e9s gy\u00e1rt\u00e1s\u00e1ra specializ\u00e1l\u00f3dott. Term\u00e9kportf\u00f3li\u00f3nk mag\u00e1ban foglalja az YE2, YE3 \u00e9s YE4 sorozat\u00fa motorokat, valamint sz\u00e1mos sz\u00e1rmaz\u00e9kos term\u00e9ket. Hidraulikus szivatty\u00fakhoz speci\u00e1lis motorokat is k\u00edn\u00e1lunk, bele\u00e9rtve mind a h\u00e1romf\u00e1zis\u00fa, mind az egyf\u00e1zis\u00fa opci\u00f3kat, alum\u00ednium h\u00e1zas motorokat, nem szabv\u00e1nyos motorokat, elektromechanikus integr\u00e1ci\u00f3j\u00fa turbinav\u00e1lt\u00f3kat \u00e9s egy\u00e9b egyedi motormegold\u00e1sokat.<\/p>\n<p>Term\u00e9keinket sz\u00e9les k\u00f6rben haszn\u00e1lj\u00e1k sz\u00e1mos ipar\u00e1gban, bele\u00e9rtve az ipari automatiz\u00e1l\u00e1st, a CNC megmunk\u00e1l\u00e1st, a cip\u0151gy\u00e1rt\u00e1st, a famegmunk\u00e1l\u00e1st, a f\u00e9mmegmunk\u00e1l\u00e1st, a m\u0171anyaggy\u00e1rt\u00e1st \u00e9s az \u00e9p\u00edt\u0151ipari g\u00e9peket. Az FMP elk\u00f6telezetts\u00e9ge az innov\u00e1ci\u00f3 \u00e9s a min\u0151s\u00e9g ir\u00e1nt biztos\u00edtja, hogy minden term\u00e9k megfeleljen a legmagasabb teljes\u00edtm\u00e9ny- \u00e9s megb\u00edzhat\u00f3s\u00e1gi szabv\u00e1nyoknak.<\/p>\n<p>Standard k\u00edn\u00e1latunkon t\u00fal b\u00fcszk\u00e9k vagyunk arra, hogy egyedi ig\u00e9nyekre szabott, egyedi tervez\u00e9s\u0171 megold\u00e1sokat is k\u00edn\u00e1lunk \u00fcgyfeleink sz\u00e1m\u00e1ra. Ak\u00e1r speci\u00e1lis motorokra, nem szabv\u00e1nyos term\u00e9kekre vagy teljesen integr\u00e1lt rendszerekre van sz\u00fcks\u00e9ge, az FMP szorosan egy\u00fcttm\u0171k\u00f6dik \u00fcgyfeleivel, hogy prec\u00edz, kiv\u00e1l\u00f3 min\u0151s\u00e9g\u0171 megold\u00e1sokat sz\u00e1ll\u00edtson. A prec\u00edzi\u00f3s m\u00e9rn\u00f6ki munk\u00e1ra \u00e9s az \u00fcgyf\u00e9l-el\u00e9gedetts\u00e9gre helyezett hangs\u00falyunk folyamatos n\u00f6veked\u00e9s\u00fcnket \u00e9s sikereinket \u00f6szt\u00f6nzi a glob\u00e1lis piacokon.<\/p>\n<p>Az FMP-n\u00e9l a hossz\u00fa t\u00e1v\u00fa, k\u00f6lcs\u00f6n\u00f6sen el\u0151ny\u00f6s partners\u00e9gek \u00e1pol\u00e1s\u00e1ra \u00f6sszpontos\u00edtunk. Elk\u00f6telezettek vagyunk \u00fcgyfeleink siker\u00e9nek t\u00e1mogat\u00e1sa ir\u00e1nt, biztos\u00edtva, hogy minden projekt kiemelked\u0151 eredm\u00e9nyeket hozzon, \u00e9s er\u0151s\u00edtse glob\u00e1lis jelenl\u00e9t\u00fcnket.<\/p>\n<table style=\"width: 100.629%;\" border=\"0\" width=\"128\" cellspacing=\"0\" cellpadding=\"0\">\n<tbody>\n<tr>\n<td style=\"width: 49.2308%;\" align=\"right\" width=\"64\" height=\"18\"><img loading=\"lazy\" decoding=\"async\" class=\"alignnone size-full wp-image-3398\" src=\"https:\/\/fmp-components.com\/wp-content\/uploads\/2025\/01\/Three-Phase-Motor-Factory.webp\" sizes=\"(min-width: 0px) and (max-width: 480px) 480px, (min-width: 481px) 900px, 100vw\" srcset=\"https:\/\/fmp-components.com\/wp-content\/uploads\/2025\/01\/Three-Phase-Motor-Factory.webp 900w, https:\/\/fmp-components.com\/wp-content\/uploads\/2025\/01\/Three-Phase-Motor-Factory-480x320.webp 480w\" alt=\"H\u00e1romf\u00e1zis\u00fa Motorgy\u00e1r\" width=\"900\" height=\"600\" title=\"\"><\/td>\n<td style=\"width: 659.231%;\" align=\"right\" width=\"64\"><img loading=\"lazy\" decoding=\"async\" class=\"alignnone size-full wp-image-3399\" src=\"https:\/\/fmp-components.com\/wp-content\/uploads\/2025\/01\/Three-Phase-Motor-Factory-2.webp\" sizes=\"(min-width: 0px) and (max-width: 480px) 480px, (min-width: 481px) 900px, 100vw\" srcset=\"https:\/\/fmp-components.com\/wp-content\/uploads\/2025\/01\/Three-Phase-Motor-Factory-2.webp 900w, https:\/\/fmp-components.com\/wp-content\/uploads\/2025\/01\/Three-Phase-Motor-Factory-2-480x320.webp 480w\" alt=\"H\u00e1romf\u00e1zis\u00fa Motorgy\u00e1r 2\" width=\"900\" height=\"600\" title=\"\"><\/td>\n<\/tr>\n<tr>\n<td style=\"width: 49.2308%;\" align=\"right\" height=\"18\"><img loading=\"lazy\" decoding=\"async\" class=\"alignnone size-full wp-image-3400\" src=\"https:\/\/fmp-components.com\/wp-content\/uploads\/2025\/01\/China-Three-Phase-Motor-Factory-1.webp\" sizes=\"(min-width: 0px) and (max-width: 480px) 480px, (min-width: 481px) 900px, 100vw\" srcset=\"https:\/\/fmp-components.com\/wp-content\/uploads\/2025\/01\/China-Three-Phase-Motor-Factory-1.webp 900w, https:\/\/fmp-components.com\/wp-content\/uploads\/2025\/01\/China-Three-Phase-Motor-Factory-1-480x320.webp 480w\" alt=\"H\u00e1romf\u00e1zis\u00fa Motorgy\u00e1r-1\" width=\"900\" height=\"600\" title=\"\"><\/td>\n<td style=\"width: 659.231%;\" align=\"right\"><img loading=\"lazy\" decoding=\"async\" class=\"alignnone size-full wp-image-3401\" src=\"https:\/\/fmp-components.com\/wp-content\/uploads\/2025\/01\/Three-Phase-Motor-Factory-3.webp\" sizes=\"(min-width: 0px) and (max-width: 480px) 480px, (min-width: 481px) 900px, 100vw\" srcset=\"https:\/\/fmp-components.com\/wp-content\/uploads\/2025\/01\/Three-Phase-Motor-Factory-3.webp 900w, https:\/\/fmp-components.com\/wp-content\/uploads\/2025\/01\/Three-Phase-Motor-Factory-3-480x320.webp 480w\" alt=\"H\u00e1romf\u00e1zis\u00fa Motorgy\u00e1r 3\" width=\"900\" height=\"600\" title=\"\"><\/td>\n<\/tr>\n<tr>\n<td style=\"width: 49.2308%;\"><img loading=\"lazy\" decoding=\"async\" class=\"alignnone size-full wp-image-3471\" src=\"https:\/\/fmp-components.com\/wp-content\/uploads\/2025\/01\/Single-Phase-Induction-Motor-Suppliers.webp\" sizes=\"(min-width: 0px) and (max-width: 480px) 480px, (min-width: 481px) 900px, 100vw\" srcset=\"https:\/\/fmp-components.com\/wp-content\/uploads\/2025\/01\/Single-Phase-Induction-Motor-Suppliers.webp 900w, https:\/\/fmp-components.com\/wp-content\/uploads\/2025\/01\/Single-Phase-Induction-Motor-Suppliers-480x320.webp 480w\" alt=\"Egyf\u00e1zis\u00fa indukci\u00f3s motorok sz\u00e1ll\u00edt\u00f3i\" width=\"900\" height=\"600\" title=\"\"><\/td>\n<td style=\"width: 659.231%;\"><img loading=\"lazy\" decoding=\"async\" class=\"alignnone size-full wp-image-3470\" src=\"https:\/\/fmp-components.com\/wp-content\/uploads\/2025\/01\/Single-Phase-Induction-Motor-Manufacturers-1.webp\" sizes=\"(min-width: 0px) and (max-width: 480px) 480px, (min-width: 481px) 900px, 100vw\" srcset=\"https:\/\/fmp-components.com\/wp-content\/uploads\/2025\/01\/Single-Phase-Induction-Motor-Manufacturers-1.webp 900w, https:\/\/fmp-components.com\/wp-content\/uploads\/2025\/01\/Single-Phase-Induction-Motor-Manufacturers-1-480x320.webp 480w\" alt=\"Egyf\u00e1zis\u00fa indukci\u00f3s motorgy\u00e1rt\u00f3k-1\" width=\"900\" height=\"600\" title=\"\"><\/td>\n<\/tr>\n<tr>\n<td style=\"width: 49.2308%;\"><img loading=\"lazy\" decoding=\"async\" class=\"alignnone size-full wp-image-3472\" src=\"https:\/\/fmp-components.com\/wp-content\/uploads\/2025\/01\/Single-Phase-Induction-Motor-Manufacturers.webp\" sizes=\"(min-width: 0px) and (max-width: 480px) 480px, (min-width: 481px) 900px, 100vw\" srcset=\"https:\/\/fmp-components.com\/wp-content\/uploads\/2025\/01\/Single-Phase-Induction-Motor-Manufacturers.webp 900w, https:\/\/fmp-components.com\/wp-content\/uploads\/2025\/01\/Single-Phase-Induction-Motor-Manufacturers-480x320.webp 480w\" alt=\"Egyf\u00e1zis\u00fa indukci\u00f3s motorgy\u00e1rt\u00f3k\" width=\"900\" height=\"600\" title=\"\"><\/td>\n<td style=\"width: 659.231%;\"><img loading=\"lazy\" decoding=\"async\" class=\"alignnone size-full wp-image-3473\" src=\"https:\/\/fmp-components.com\/wp-content\/uploads\/2025\/01\/Single-Phase-Induction-Motor-for-Sale.webp\" sizes=\"(min-width: 0px) and (max-width: 480px) 480px, (min-width: 481px) 900px, 100vw\" srcset=\"https:\/\/fmp-components.com\/wp-content\/uploads\/2025\/01\/Single-Phase-Induction-Motor-for-Sale.webp 900w, https:\/\/fmp-components.com\/wp-content\/uploads\/2025\/01\/Single-Phase-Induction-Motor-for-Sale-480x320.webp 480w\" alt=\"Egyf\u00e1zis\u00fa indukci\u00f3s motor elad\u00f3\" width=\"900\" height=\"600\" title=\"\"><\/td>\n<\/tr>\n<\/tbody>\n<\/table>\n<p>Szerz\u0151: CX<\/p>","protected":false},"excerpt":{"rendered":"<p>IEC Motors B5T Flange Mount Stainless Steel Motors &#8211; TENV Replacement for SEW Motors FMP standard stainless steel washdown motors are designed to meet the extreme and stringent hygiene requirements of today&#8217;s food processing, pharmaceutical, packaging and beverage industries. High pressure steam and water tested to stringent IP69K specifications, FMP&#8217;s food safe stainless steel motors [&hellip;]<\/p>","protected":false},"featured_media":3550,"comment_status":"open","ping_status":"closed","template":"","meta":{"_et_pb_use_builder":"","_et_pb_old_content":"","_et_gb_content_width":""},"product_brand":[],"product_cat":[88],"product_tag":[],"class_list":{"0":"post-3548","1":"product","2":"type-product","3":"status-publish","4":"has-post-thumbnail","6":"product_cat-stainless-steel-motors","8":"first","9":"instock","10":"shipping-taxable","11":"product-type-simple"},"_links":{"self":[{"href":"https:\/\/fmp-components.com\/hu\/wp-json\/wp\/v2\/product\/3548","targetHints":{"allow":["GET"]}}],"collection":[{"href":"https:\/\/fmp-components.com\/hu\/wp-json\/wp\/v2\/product"}],"about":[{"href":"https:\/\/fmp-components.com\/hu\/wp-json\/wp\/v2\/types\/product"}],"replies":[{"embeddable":true,"href":"https:\/\/fmp-components.com\/hu\/wp-json\/wp\/v2\/comments?post=3548"}],"wp:featuredmedia":[{"embeddable":true,"href":"https:\/\/fmp-components.com\/hu\/wp-json\/wp\/v2\/media\/3550"}],"wp:attachment":[{"href":"https:\/\/fmp-components.com\/hu\/wp-json\/wp\/v2\/media?parent=3548"}],"wp:term":[{"taxonomy":"product_brand","embeddable":true,"href":"https:\/\/fmp-components.com\/hu\/wp-json\/wp\/v2\/product_brand?post=3548"},{"taxonomy":"product_cat","embeddable":true,"href":"https:\/\/fmp-components.com\/hu\/wp-json\/wp\/v2\/product_cat?post=3548"},{"taxonomy":"product_tag","embeddable":true,"href":"https:\/\/fmp-components.com\/hu\/wp-json\/wp\/v2\/product_tag?post=3548"}],"curies":[{"name":"munkaf\u00fczet","href":"https:\/\/api.w.org\/{rel}","templated":true}]}}