{"id":3532,"date":"2025-01-08T03:11:19","date_gmt":"2025-01-08T03:11:19","guid":{"rendered":"https:\/\/fmp-components.com\/?page_id=8"},"modified":"2025-01-08T03:22:57","modified_gmt":"2025-01-08T03:22:57","slug":"ip67-waterproof-nema-stainless-steel-motor-tenv","status":"publish","type":"product","link":"https:\/\/fmp-components.com\/hu\/product\/ip67-waterproof-nema-stainless-steel-motor-tenv\/","title":{"rendered":"IP67 V\u00edz\u00e1ll\u00f3 NEMA Rozsdamentes ac\u00e9l motor TENV"},"content":{"rendered":"<p style=\"text-align: center;\"><span style=\"font-size: 18pt;\">IP67 V\u00edz\u00e1ll\u00f3 NEMA Rozsdamentes ac\u00e9l motor TENV<\/span><\/p>\n<p>A NEMA rozsdamentes ac\u00e9l motoroknak k\u00e9t szerkezeti form\u00e1juk van: teljesen z\u00e1rt, \u00f6nh\u0171t\u0151 \u00e9s teljesen z\u00e1rt, ventil\u00e1toros h\u0171t\u00e9s\u0171. Megfelelnek a NEMA szabv\u00e1nyoknak \u00e9s nagy hat\u00e1sfok\u00fa jellemz\u0151kkel rendelkeznek. Az 1 LE feletti motorok hat\u00e1sfoka megfelel a speci\u00e1lis hat\u00e1sfok\u00fa szabv\u00e1nynak. A motorh\u00e1z, a v\u00e9gfed\u00e9l, a burkolat, a tengelykimenet, a g\u00e9pl\u00e1bak \u00e9s a csatlakoz\u00f3doboz rozsdamentes ac\u00e9lb\u00f3l k\u00e9sz\u00fcltek, a k\u00fcls\u0151 fel\u00fclet\u00fck pedig nem festett. Ezt a motort sz\u00e9les k\u00f6rben haszn\u00e1lj\u00e1k az \u00e9lelmiszeripari g\u00e9pekben \u00e9s a gy\u00f3gyszeripari g\u00e9pekben.<\/p>\n<p>N\u00e9vleges frekvenciav\u00e1lt\u00f3 - 6-60 Hz-es CT, VT\/PWM VFD 1.0 SF<br \/>\nV\u00edz\u00e1ll\u00f3 t\u00f6m\u00edt\u00e9s a meghosszabb\u00edtott tengelyen<br \/>\nA v\u00e9gfed\u00e9l v\u00edzelvezet\u0151 lyukakkal van ell\u00e1tva, amelyek b\u00e1rmilyen be\u00e9p\u00edt\u00e9si m\u00f3dszer eset\u00e9n alkalmasak a v\u00edzelvezet\u00e9sre.<br \/>\nA T-t\u00edpus\u00fa leereszt\u0151ny\u00edl\u00e1s a tengelyv\u00e9g n\u00e9lk\u00fcli fed\u00e9l alj\u00e1ra van felszerelve - \u00e1thelyezhet\u0151<br \/>\nA m\u00e1sodik T-t\u00edpus\u00fa lefoly\u00f3ny\u00edl\u00e1s a tengelyv\u00e9ghez szolg\u00e1l, amelyet a vev\u0151 egy megfelel\u0151 lefoly\u00f3ponton szerelhet fel.<\/p>\n<h2>A rozsdamentes ac\u00e9l motor param\u00e9tere<\/h2>\n<p><img loading=\"lazy\" decoding=\"async\" class=\"alignnone wp-image-3533\" src=\"https:\/\/fmp-components.com\/wp-content\/uploads\/2025\/01\/ep_8.stainless-steel-motor-1.webp\" alt=\"fmp_8.rozsdamentes-ac\u00e9l-motor-1\" width=\"915\" height=\"375\" title=\"\" srcset=\"https:\/\/fmp-components.com\/wp-content\/uploads\/2025\/01\/ep_8.stainless-steel-motor-1.webp 915w, https:\/\/fmp-components.com\/wp-content\/uploads\/2025\/01\/ep_8.stainless-steel-motor-1-480x197.webp 480w\" sizes=\"(min-width: 0px) and (max-width: 480px) 480px, (min-width: 481px) 915px, 100vw\" \/><\/p>\n<table style=\"width: 99.8454%;\" border=\"1\">\n<tbody>\n<tr>\n<td style=\"width: 7.20461%;\"><strong>Keret\u00a0<\/strong><\/td>\n<td style=\"width: 3.31412%;\"><strong>Egy<\/strong><\/td>\n<td style=\"width: 4.46686%;\"><strong>BB<\/strong><\/td>\n<td style=\"width: 4.46686%;\"><strong>BA<\/strong><\/td>\n<td style=\"width: 4.46686%;\"><strong>\u00c9Ny<\/strong><\/td>\n<td style=\"width: 5.6196%;\"><strong>U<\/strong><\/td>\n<td style=\"width: 5.6196%;\"><strong>R<\/strong><\/td>\n<td style=\"width: 5.6196%;\"><strong>S<\/strong><\/td>\n<td style=\"width: 4.46686%;\"><strong>ES<\/strong><\/td>\n<td style=\"width: 4.46686%;\"><strong>E<\/strong><\/td>\n<td style=\"width: 2.88184%;\"><strong>2F<\/strong><\/td>\n<td style=\"width: 4.46686%;\"><strong>B.<\/strong><\/td>\n<td style=\"width: 4.46686%;\"><strong>H<\/strong><\/td>\n<td style=\"width: 5.76369%;\"><strong>BF<\/strong><\/td>\n<td style=\"width: 5.6196%;\"><strong>AJ<\/strong><\/td>\n<td style=\"width: 3.45821%;\"><strong>Alaszka<\/strong><\/td>\n<td style=\"width: 4.46686%;\"><strong>P<\/strong><\/td>\n<td style=\"width: 4.46686%;\"><strong>AB<\/strong><\/td>\n<td style=\"width: 5.6196%;\"><strong>D<\/strong><\/td>\n<td style=\"width: 38.1844%;\"><strong>\u00d3<\/strong><\/td>\n<\/tr>\n<tr>\n<td style=\"width: 7.20461%;\">56C<\/td>\n<td style=\"width: 3.31412%;\">6.5<\/td>\n<td style=\"width: 4.46686%;\">0.16<\/td>\n<td style=\"width: 4.46686%;\">2.75<\/td>\n<td style=\"width: 4.46686%;\">1.88<\/td>\n<td style=\"width: 5.6196%;\">0.625<\/td>\n<td style=\"width: 5.6196%;\">0.517<\/td>\n<td style=\"width: 5.6196%;\">0.188<\/td>\n<td style=\"width: 4.46686%;\">1.41<\/td>\n<td style=\"width: 4.46686%;\">2.44<\/td>\n<td style=\"width: 2.88184%;\">3<\/td>\n<td style=\"width: 4.46686%;\">3.87<\/td>\n<td style=\"width: 4.46686%;\">0.34<\/td>\n<td style=\"width: 5.76369%;\">3\/8-16<\/td>\n<td style=\"width: 5.6196%;\">5.875<\/td>\n<td style=\"width: 3.45821%;\">4.5<\/td>\n<td style=\"width: 4.46686%;\">6.46<\/td>\n<td style=\"width: 4.46686%;\">5.79<\/td>\n<td style=\"width: 5.6196%;\">3.504<\/td>\n<td style=\"width: 38.1844%;\">6.73<\/td>\n<\/tr>\n<tr>\n<td style=\"width: 7.20461%;\">143TC<\/td>\n<td style=\"width: 3.31412%;\">6.5<\/td>\n<td style=\"width: 4.46686%;\">0.16<\/td>\n<td style=\"width: 4.46686%;\">2.75<\/td>\n<td style=\"width: 4.46686%;\">2.25<\/td>\n<td style=\"width: 5.6196%;\">0.771<\/td>\n<td style=\"width: 5.6196%;\">0.771<\/td>\n<td style=\"width: 5.6196%;\">0.188<\/td>\n<td style=\"width: 4.46686%;\">1.41<\/td>\n<td style=\"width: 4.46686%;\">2.44<\/td>\n<td style=\"width: 2.88184%;\">4<\/td>\n<td style=\"width: 4.46686%;\">4.87<\/td>\n<td style=\"width: 4.46686%;\">4.87<\/td>\n<td style=\"width: 5.76369%;\">3\/8-16<\/td>\n<td style=\"width: 5.6196%;\">5.875<\/td>\n<td style=\"width: 3.45821%;\">4.5<\/td>\n<td style=\"width: 4.46686%;\">6.46<\/td>\n<td style=\"width: 4.46686%;\">5.79<\/td>\n<td style=\"width: 5.6196%;\">3.504<\/td>\n<td style=\"width: 38.1844%;\">6.73<\/td>\n<\/tr>\n<tr>\n<td style=\"width: 7.20461%;\">145TC<\/td>\n<td style=\"width: 3.31412%;\">6.5<\/td>\n<td style=\"width: 4.46686%;\">0.16<\/td>\n<td style=\"width: 4.46686%;\">2.75<\/td>\n<td style=\"width: 4.46686%;\">2.25<\/td>\n<td style=\"width: 5.6196%;\">0.771<\/td>\n<td style=\"width: 5.6196%;\">0.771<\/td>\n<td style=\"width: 5.6196%;\">0.188<\/td>\n<td style=\"width: 4.46686%;\">1.41<\/td>\n<td style=\"width: 4.46686%;\">2.44<\/td>\n<td style=\"width: 2.88184%;\">5<\/td>\n<td style=\"width: 4.46686%;\">4.87<\/td>\n<td style=\"width: 4.46686%;\">5.87<\/td>\n<td style=\"width: 5.76369%;\">3\/8-16<\/td>\n<td style=\"width: 5.6196%;\">5.875<\/td>\n<td style=\"width: 3.45821%;\">4.5<\/td>\n<td style=\"width: 4.46686%;\">6.46<\/td>\n<td style=\"width: 4.46686%;\">5.79<\/td>\n<td style=\"width: 5.6196%;\">3.504<\/td>\n<td style=\"width: 38.1844%;\">6.73<\/td>\n<\/tr>\n<\/tbody>\n<\/table>\n<h2>Kapcsol\u00f3d\u00f3 rozsdamentes ac\u00e9l motor<\/h2>\n<table style=\"width: 100%;\" border=\"1\" width=\"100%\" cellspacing=\"0\" cellpadding=\"0\">\n<tbody>\n<tr>\n<td style=\"width: 25.378%;\" align=\"right\" width=\"64\" height=\"18\"><img loading=\"lazy\" decoding=\"async\" class=\"alignnone size-full wp-image-3507\" src=\"https:\/\/fmp-components.com\/wp-content\/uploads\/2025\/01\/ep_stainless-steel-motor-1.webp\" sizes=\"(max-width: 379px) 100vw, 379px\" srcset=\"https:\/\/fmp-components.com\/wp-content\/uploads\/2025\/01\/ep_stainless-steel-motor-1.webp 379w, https:\/\/fmp-components.com\/wp-content\/uploads\/2025\/01\/ep_stainless-steel-motor-1-300x200.webp 300w, https:\/\/fmp-components.com\/wp-content\/uploads\/2025\/01\/ep_stainless-steel-motor-1-18x12.webp 18w\" alt=\"rozsdamentes ac\u00e9l motor\" width=\"379\" height=\"253\" title=\"\"><\/td>\n<td style=\"width: 26.3499%;\" align=\"right\" width=\"64\"><img loading=\"lazy\" decoding=\"async\" class=\"alignnone size-full wp-image-3508\" src=\"https:\/\/fmp-components.com\/wp-content\/uploads\/2025\/01\/ep_stainless-steel-motor-2-2.webp\" sizes=\"(max-width: 379px) 100vw, 379px\" srcset=\"https:\/\/fmp-components.com\/wp-content\/uploads\/2025\/01\/ep_stainless-steel-motor-2-2.webp 379w, https:\/\/fmp-components.com\/wp-content\/uploads\/2025\/01\/ep_stainless-steel-motor-2-2-300x200.webp 300w, https:\/\/fmp-components.com\/wp-content\/uploads\/2025\/01\/ep_stainless-steel-motor-2-2-18x12.webp 18w\" alt=\"rozsdamentes ac\u00e9l motor\" width=\"379\" height=\"253\" title=\"\"><\/td>\n<td style=\"width: 25.486%;\" align=\"right\" width=\"64\"><img loading=\"lazy\" decoding=\"async\" class=\"alignnone size-full wp-image-3509\" src=\"https:\/\/fmp-components.com\/wp-content\/uploads\/2025\/01\/ep_stainless-steel-motor-6.webp\" sizes=\"(max-width: 379px) 100vw, 379px\" srcset=\"https:\/\/fmp-components.com\/wp-content\/uploads\/2025\/01\/ep_stainless-steel-motor-6.webp 379w, https:\/\/fmp-components.com\/wp-content\/uploads\/2025\/01\/ep_stainless-steel-motor-6-300x200.webp 300w, https:\/\/fmp-components.com\/wp-content\/uploads\/2025\/01\/ep_stainless-steel-motor-6-18x12.webp 18w\" alt=\"rozsdamentes ac\u00e9l motor\" width=\"379\" height=\"253\" title=\"\"><\/td>\n<td style=\"width: 22.5702%;\" align=\"right\" width=\"64\"><img loading=\"lazy\" decoding=\"async\" class=\"alignnone size-full wp-image-3510\" src=\"https:\/\/fmp-components.com\/wp-content\/uploads\/2025\/01\/ep_stainless-steel-motor-300x200-1.webp\" sizes=\"(max-width: 300px) 100vw, 300px\" srcset=\"https:\/\/fmp-components.com\/wp-content\/uploads\/2025\/01\/ep_stainless-steel-motor-300x200-1.webp 300w, https:\/\/fmp-components.com\/wp-content\/uploads\/2025\/01\/ep_stainless-steel-motor-300x200-1-18x12.webp 18w\" alt=\"rozsdamentes ac\u00e9l motor\" width=\"300\" height=\"200\" title=\"\"><\/td>\n<\/tr>\n<tr>\n<td style=\"width: 25.378%;\" align=\"right\" height=\"18\">Rozsdamentes ac\u00e9l \u00e1lland\u00f3 m\u00e1gneses motor<\/td>\n<td style=\"width: 26.3499%;\" align=\"right\">V\u00edzh\u0171t\u00e9ses rozsdamentes ac\u00e9l motor<\/td>\n<td style=\"width: 25.486%;\" align=\"right\">\u00c9lelmiszeripari villanymotor<\/td>\n<td style=\"width: 22.5702%;\" align=\"right\">Rozsdamentes ac\u00e9l motor<\/td>\n<\/tr>\n<tr>\n<td style=\"width: 25.378%;\" align=\"right\" height=\"18\"><img loading=\"lazy\" decoding=\"async\" class=\"alignnone size-full wp-image-3511\" src=\"https:\/\/fmp-components.com\/wp-content\/uploads\/2025\/01\/ep_stainless-steel-motor-4.webp\" sizes=\"(max-width: 379px) 100vw, 379px\" srcset=\"https:\/\/fmp-components.com\/wp-content\/uploads\/2025\/01\/ep_stainless-steel-motor-4.webp 379w, https:\/\/fmp-components.com\/wp-content\/uploads\/2025\/01\/ep_stainless-steel-motor-4-300x200.webp 300w, https:\/\/fmp-components.com\/wp-content\/uploads\/2025\/01\/ep_stainless-steel-motor-4-18x12.webp 18w\" alt=\"rozsdamentes ac\u00e9l motor\" width=\"379\" height=\"253\" title=\"\"><\/td>\n<td style=\"width: 26.3499%;\" align=\"right\"><img loading=\"lazy\" decoding=\"async\" class=\"alignnone size-full wp-image-3512\" src=\"https:\/\/fmp-components.com\/wp-content\/uploads\/2025\/01\/ep_stainless-steel-motor-3.webp\" sizes=\"(max-width: 379px) 100vw, 379px\" srcset=\"https:\/\/fmp-components.com\/wp-content\/uploads\/2025\/01\/ep_stainless-steel-motor-3.webp 379w, https:\/\/fmp-components.com\/wp-content\/uploads\/2025\/01\/ep_stainless-steel-motor-3-300x200.webp 300w, https:\/\/fmp-components.com\/wp-content\/uploads\/2025\/01\/ep_stainless-steel-motor-3-18x12.webp 18w\" alt=\"rozsdamentes ac\u00e9l motor\" width=\"379\" height=\"253\" title=\"\"><\/td>\n<td style=\"width: 25.486%;\" align=\"right\"><img loading=\"lazy\" decoding=\"async\" class=\"alignnone size-full wp-image-3513\" src=\"https:\/\/fmp-components.com\/wp-content\/uploads\/2025\/01\/ep_stainless-steel-motor-5.webp\" sizes=\"(max-width: 379px) 100vw, 379px\" srcset=\"https:\/\/fmp-components.com\/wp-content\/uploads\/2025\/01\/ep_stainless-steel-motor-5.webp 379w, https:\/\/fmp-components.com\/wp-content\/uploads\/2025\/01\/ep_stainless-steel-motor-5-300x200.webp 300w, https:\/\/fmp-components.com\/wp-content\/uploads\/2025\/01\/ep_stainless-steel-motor-5-18x12.webp 18w\" alt=\"rozsdamentes ac\u00e9l motor\" width=\"379\" height=\"253\" title=\"\"><\/td>\n<td style=\"width: 22.5702%;\" align=\"right\"><img loading=\"lazy\" decoding=\"async\" class=\"alignnone size-full wp-image-3514\" src=\"https:\/\/fmp-components.com\/wp-content\/uploads\/2025\/01\/ep_stainless-steel-motor-6-1.webp\" sizes=\"(max-width: 379px) 100vw, 379px\" srcset=\"https:\/\/fmp-components.com\/wp-content\/uploads\/2025\/01\/ep_stainless-steel-motor-6-1.webp 379w, https:\/\/fmp-components.com\/wp-content\/uploads\/2025\/01\/ep_stainless-steel-motor-6-1-300x200.webp 300w, https:\/\/fmp-components.com\/wp-content\/uploads\/2025\/01\/ep_stainless-steel-motor-6-1-18x12.webp 18w\" alt=\"rozsdamentes ac\u00e9l motor\" width=\"379\" height=\"253\" title=\"\"><\/td>\n<\/tr>\n<tr>\n<td style=\"width: 25.378%;\" align=\"right\" height=\"18\">IEC emulge\u00e1lt \u00e9lelmiszeripari g\u00e9pek AC motorja<\/td>\n<td style=\"width: 26.3499%;\" align=\"right\">NEMA 56C aszinkron motor<\/td>\n<td style=\"width: 25.486%;\" align=\"right\">IEC rozsdamentes ac\u00e9l AC motor<\/td>\n<td style=\"width: 22.5702%;\">IEC teljes eg\u00e9sz\u00e9ben rozsdamentes ac\u00e9lb\u00f3l k\u00e9sz\u00fclt, nagy hat\u00e9konys\u00e1g\u00fa motor<\/td>\n<\/tr>\n<tr>\n<td style=\"width: 25.378%;\" align=\"right\" width=\"64\" height=\"18\"><img loading=\"lazy\" decoding=\"async\" class=\"alignnone size-full wp-image-3515\" src=\"https:\/\/fmp-components.com\/wp-content\/uploads\/2025\/01\/ep_stainless-steel-motor-2.webp\" sizes=\"(max-width: 379px) 100vw, 379px\" srcset=\"https:\/\/fmp-components.com\/wp-content\/uploads\/2025\/01\/ep_stainless-steel-motor-2.webp 379w, https:\/\/fmp-components.com\/wp-content\/uploads\/2025\/01\/ep_stainless-steel-motor-2-300x200.webp 300w, https:\/\/fmp-components.com\/wp-content\/uploads\/2025\/01\/ep_stainless-steel-motor-2-18x12.webp 18w\" alt=\"rozsdamentes ac\u00e9l motor\" width=\"379\" height=\"253\" title=\"\"><\/td>\n<td style=\"width: 26.3499%;\" align=\"right\" width=\"64\"><img loading=\"lazy\" decoding=\"async\" class=\"alignnone size-full wp-image-3516\" src=\"https:\/\/fmp-components.com\/wp-content\/uploads\/2025\/01\/ep_stainless-steel-motor-8.webp\" sizes=\"(max-width: 379px) 100vw, 379px\" srcset=\"https:\/\/fmp-components.com\/wp-content\/uploads\/2025\/01\/ep_stainless-steel-motor-8.webp 379w, https:\/\/fmp-components.com\/wp-content\/uploads\/2025\/01\/ep_stainless-steel-motor-8-300x200.webp 300w, https:\/\/fmp-components.com\/wp-content\/uploads\/2025\/01\/ep_stainless-steel-motor-8-18x12.webp 18w\" alt=\"rozsdamentes ac\u00e9l motor\" width=\"379\" height=\"253\" title=\"\"><\/td>\n<td style=\"width: 25.486%;\" align=\"right\" width=\"64\"><img loading=\"lazy\" decoding=\"async\" class=\"alignnone size-full wp-image-3517\" src=\"https:\/\/fmp-components.com\/wp-content\/uploads\/2025\/01\/ep_stainless-steel-motor-7.webp\" sizes=\"(max-width: 379px) 100vw, 379px\" srcset=\"https:\/\/fmp-components.com\/wp-content\/uploads\/2025\/01\/ep_stainless-steel-motor-7.webp 379w, https:\/\/fmp-components.com\/wp-content\/uploads\/2025\/01\/ep_stainless-steel-motor-7-300x200.webp 300w, https:\/\/fmp-components.com\/wp-content\/uploads\/2025\/01\/ep_stainless-steel-motor-7-18x12.webp 18w\" alt=\"rozsdamentes ac\u00e9l motor\" width=\"379\" height=\"253\" title=\"\"><\/td>\n<td style=\"width: 22.5702%;\" align=\"right\" width=\"64\"><\/td>\n<\/tr>\n<tr>\n<td style=\"width: 25.378%;\" align=\"right\" height=\"18\">Csirke- \u00e9s kacsasz\u0151rtelen\u00edt\u0151 berendez\u00e9s motorja<\/td>\n<td style=\"width: 26.3499%;\" align=\"right\">NEMA \u00e9lelmiszeripari min\u0151s\u00e9g\u0171 rozsdamentes ac\u00e9l motor<\/td>\n<td style=\"width: 25.486%;\" align=\"right\">\u00c9lelmiszeripari min\u0151s\u00e9g\u0171 IEC rozsdamentes ac\u00e9l motor<\/td>\n<td style=\"width: 22.5702%;\" align=\"right\"><\/td>\n<\/tr>\n<\/tbody>\n<\/table>\n<h2>Az FMP-r\u0151l<\/h2>\n<p>Az FMP egy orsz\u00e1gos high-tech v\u00e1llalat, amely fejlett motorok \u00e9s elektromechanikus megold\u00e1sok tervez\u00e9s\u00e9re, fejleszt\u00e9s\u00e9re \u00e9s gy\u00e1rt\u00e1s\u00e1ra specializ\u00e1l\u00f3dott. YE2, YE3 \u00e9s YE4 sorozat\u00fa motorok, valamint sz\u00e1mos sz\u00e1rmaz\u00e9kos term\u00e9k gy\u00e1rt\u00e1s\u00e1ra \u00f6sszpontos\u00edtunk. Term\u00e9kk\u00edn\u00e1latunkban megtal\u00e1lhat\u00f3k h\u00e1romf\u00e1zis\u00fa \u00e9s egyf\u00e1zis\u00fa motorok hidraulikus szivatty\u00fakhoz, alum\u00edniumh\u00e1zas motorok, nem szabv\u00e1nyos motorok hidraulikus szivatty\u00fakhoz, elektromechanikus integr\u00e1ci\u00f3s turbinahajt\u00f3m\u0171-reduktorok \u00e9s egy\u00e9b speci\u00e1lis motorok.<\/p>\n<p>Az FMP term\u00e9keit sz\u00e9les k\u00f6rben haszn\u00e1lj\u00e1k az ipari automatiz\u00e1l\u00e1sban, olyan kulcsfontoss\u00e1g\u00fa \u00e1gazatokat szolg\u00e1lva ki, mint a CNC eszterg\u00e1k, cip\u0151gy\u00e1rt\u00f3 g\u00e9pek, famegmunk\u00e1l\u00f3 g\u00e9pek, f\u00e9mmegmunk\u00e1l\u00f3 g\u00e9pek, m\u0171anyagipari g\u00e9pek \u00e9s \u00e9p\u00edt\u0151ipari g\u00e9pek. Az innov\u00e1ci\u00f3 \u00e9s a min\u0151s\u00e9g ir\u00e1nti er\u0151s elk\u00f6telezetts\u00e9g\u00e9vel az FMP biztos\u00edtja, hogy minden term\u00e9ke megfeleljen a legmagasabb teljes\u00edtm\u00e9nyk\u00f6vetelm\u00e9nyeknek.<\/p>\n<p>\u00c1tfog\u00f3 term\u00e9kk\u00edn\u00e1latunk mellett b\u00fcszk\u00e9k vagyunk arra, hogy egyedi megold\u00e1sokat is k\u00edn\u00e1lunk, amelyeket \u00fcgyfeleink speci\u00e1lis ig\u00e9nyeire szabunk. Ak\u00e1r speci\u00e1lis motorokra, nem szabv\u00e1nyos term\u00e9kekre vagy integr\u00e1lt rendszerekre van sz\u00fcks\u00e9ge, az FMP szorosan egy\u00fcttm\u0171k\u00f6dik \u00fcgyfeleivel, hogy kiv\u00e1l\u00f3 min\u0151s\u00e9g\u0171, egyedi megold\u00e1sokat k\u00edn\u00e1ljon. A prec\u00edzi\u00f3s m\u00e9rn\u00f6ki munk\u00e1ra \u00e9s az \u00fcgyf\u00e9l-el\u00e9gedetts\u00e9gre val\u00f3 \u00f6sszpontos\u00edt\u00e1sunk biztos\u00edtja folyamatos sikereinket a glob\u00e1lis piacokon.<\/p>\n<p>Az FMP-n\u00e9l elk\u00f6telezettek vagyunk a hossz\u00fa t\u00e1v\u00fa, k\u00f6lcs\u00f6n\u00f6sen el\u0151ny\u00f6s partners\u00e9gek ki\u00e9p\u00edt\u00e9se ir\u00e1nt, \u00e9s minden egyes projekttel t\u00e1mogatjuk \u00fcgyfeleink siker\u00e9t.<\/p>\n<table style=\"width: 100.629%;\" border=\"0\" width=\"128\" cellspacing=\"0\" cellpadding=\"0\">\n<tbody>\n<tr>\n<td style=\"width: 49.2308%;\" align=\"right\" width=\"64\" height=\"18\"><img loading=\"lazy\" decoding=\"async\" class=\"alignnone size-full wp-image-3398\" src=\"https:\/\/fmp-components.com\/wp-content\/uploads\/2025\/01\/Three-Phase-Motor-Factory.webp\" sizes=\"(min-width: 0px) and (max-width: 480px) 480px, (min-width: 481px) 900px, 100vw\" srcset=\"https:\/\/fmp-components.com\/wp-content\/uploads\/2025\/01\/Three-Phase-Motor-Factory.webp 900w, https:\/\/fmp-components.com\/wp-content\/uploads\/2025\/01\/Three-Phase-Motor-Factory-480x320.webp 480w\" alt=\"H\u00e1romf\u00e1zis\u00fa Motorgy\u00e1r\" width=\"900\" height=\"600\" title=\"\"><\/td>\n<td style=\"width: 659.231%;\" align=\"right\" width=\"64\"><img loading=\"lazy\" decoding=\"async\" class=\"alignnone size-full wp-image-3399\" src=\"https:\/\/fmp-components.com\/wp-content\/uploads\/2025\/01\/Three-Phase-Motor-Factory-2.webp\" sizes=\"(min-width: 0px) and (max-width: 480px) 480px, (min-width: 481px) 900px, 100vw\" srcset=\"https:\/\/fmp-components.com\/wp-content\/uploads\/2025\/01\/Three-Phase-Motor-Factory-2.webp 900w, https:\/\/fmp-components.com\/wp-content\/uploads\/2025\/01\/Three-Phase-Motor-Factory-2-480x320.webp 480w\" alt=\"H\u00e1romf\u00e1zis\u00fa Motorgy\u00e1r 2\" width=\"900\" height=\"600\" title=\"\"><\/td>\n<\/tr>\n<tr>\n<td style=\"width: 49.2308%;\" align=\"right\" height=\"18\"><img loading=\"lazy\" decoding=\"async\" class=\"alignnone size-full wp-image-3400\" src=\"https:\/\/fmp-components.com\/wp-content\/uploads\/2025\/01\/China-Three-Phase-Motor-Factory-1.webp\" sizes=\"(min-width: 0px) and (max-width: 480px) 480px, (min-width: 481px) 900px, 100vw\" srcset=\"https:\/\/fmp-components.com\/wp-content\/uploads\/2025\/01\/China-Three-Phase-Motor-Factory-1.webp 900w, https:\/\/fmp-components.com\/wp-content\/uploads\/2025\/01\/China-Three-Phase-Motor-Factory-1-480x320.webp 480w\" alt=\"H\u00e1romf\u00e1zis\u00fa Motorgy\u00e1r-1\" width=\"900\" height=\"600\" title=\"\"><\/td>\n<td style=\"width: 659.231%;\" align=\"right\"><img loading=\"lazy\" decoding=\"async\" class=\"alignnone size-full wp-image-3401\" src=\"https:\/\/fmp-components.com\/wp-content\/uploads\/2025\/01\/Three-Phase-Motor-Factory-3.webp\" sizes=\"(min-width: 0px) and (max-width: 480px) 480px, (min-width: 481px) 900px, 100vw\" srcset=\"https:\/\/fmp-components.com\/wp-content\/uploads\/2025\/01\/Three-Phase-Motor-Factory-3.webp 900w, https:\/\/fmp-components.com\/wp-content\/uploads\/2025\/01\/Three-Phase-Motor-Factory-3-480x320.webp 480w\" alt=\"H\u00e1romf\u00e1zis\u00fa Motorgy\u00e1r 3\" width=\"900\" height=\"600\" title=\"\"><\/td>\n<\/tr>\n<tr>\n<td style=\"width: 49.2308%;\"><img loading=\"lazy\" decoding=\"async\" class=\"alignnone size-full wp-image-3471\" src=\"https:\/\/fmp-components.com\/wp-content\/uploads\/2025\/01\/Single-Phase-Induction-Motor-Suppliers.webp\" sizes=\"(min-width: 0px) and (max-width: 480px) 480px, (min-width: 481px) 900px, 100vw\" srcset=\"https:\/\/fmp-components.com\/wp-content\/uploads\/2025\/01\/Single-Phase-Induction-Motor-Suppliers.webp 900w, https:\/\/fmp-components.com\/wp-content\/uploads\/2025\/01\/Single-Phase-Induction-Motor-Suppliers-480x320.webp 480w\" alt=\"Egyf\u00e1zis\u00fa indukci\u00f3s motorok sz\u00e1ll\u00edt\u00f3i\" width=\"900\" height=\"600\" title=\"\"><\/td>\n<td style=\"width: 659.231%;\"><img loading=\"lazy\" decoding=\"async\" class=\"alignnone size-full wp-image-3470\" src=\"https:\/\/fmp-components.com\/wp-content\/uploads\/2025\/01\/Single-Phase-Induction-Motor-Manufacturers-1.webp\" sizes=\"(min-width: 0px) and (max-width: 480px) 480px, (min-width: 481px) 900px, 100vw\" srcset=\"https:\/\/fmp-components.com\/wp-content\/uploads\/2025\/01\/Single-Phase-Induction-Motor-Manufacturers-1.webp 900w, https:\/\/fmp-components.com\/wp-content\/uploads\/2025\/01\/Single-Phase-Induction-Motor-Manufacturers-1-480x320.webp 480w\" alt=\"Egyf\u00e1zis\u00fa indukci\u00f3s motorgy\u00e1rt\u00f3k-1\" width=\"900\" height=\"600\" title=\"\"><\/td>\n<\/tr>\n<tr>\n<td style=\"width: 49.2308%;\"><img loading=\"lazy\" decoding=\"async\" class=\"alignnone size-full wp-image-3472\" src=\"https:\/\/fmp-components.com\/wp-content\/uploads\/2025\/01\/Single-Phase-Induction-Motor-Manufacturers.webp\" sizes=\"(min-width: 0px) and (max-width: 480px) 480px, (min-width: 481px) 900px, 100vw\" srcset=\"https:\/\/fmp-components.com\/wp-content\/uploads\/2025\/01\/Single-Phase-Induction-Motor-Manufacturers.webp 900w, https:\/\/fmp-components.com\/wp-content\/uploads\/2025\/01\/Single-Phase-Induction-Motor-Manufacturers-480x320.webp 480w\" alt=\"Egyf\u00e1zis\u00fa indukci\u00f3s motorgy\u00e1rt\u00f3k\" width=\"900\" height=\"600\" title=\"\"><\/td>\n<td style=\"width: 659.231%;\"><img loading=\"lazy\" decoding=\"async\" class=\"alignnone size-full wp-image-3473\" src=\"https:\/\/fmp-components.com\/wp-content\/uploads\/2025\/01\/Single-Phase-Induction-Motor-for-Sale.webp\" sizes=\"(min-width: 0px) and (max-width: 480px) 480px, (min-width: 481px) 900px, 100vw\" srcset=\"https:\/\/fmp-components.com\/wp-content\/uploads\/2025\/01\/Single-Phase-Induction-Motor-for-Sale.webp 900w, https:\/\/fmp-components.com\/wp-content\/uploads\/2025\/01\/Single-Phase-Induction-Motor-for-Sale-480x320.webp 480w\" alt=\"Egyf\u00e1zis\u00fa indukci\u00f3s motor elad\u00f3\" width=\"900\" height=\"600\" title=\"\"><\/td>\n<\/tr>\n<\/tbody>\n<\/table>\n<p>Szerz\u0151: CX<\/p>","protected":false},"excerpt":{"rendered":"<p>IP67 Waterproof NEMA Stainless Steel Motor TENV NEMA stainless steel motors have two structural forms: fully enclosed self-cooling and fully enclosed fan cooling. They meet NEMA standards and have high efficiency characteristics. The efficiency of motors above 1HP meets the special efficiency standard. The motor housing, end cover, hood, shaft outlet, machine feet, and terminal [&hellip;]<\/p>","protected":false},"featured_media":3534,"comment_status":"open","ping_status":"closed","template":"","meta":{"_et_pb_use_builder":"","_et_pb_old_content":"","_et_gb_content_width":""},"product_brand":[],"product_cat":[88],"product_tag":[],"class_list":{"0":"post-3532","1":"product","2":"type-product","3":"status-publish","4":"has-post-thumbnail","6":"product_cat-stainless-steel-motors","8":"first","9":"instock","10":"shipping-taxable","11":"product-type-simple"},"_links":{"self":[{"href":"https:\/\/fmp-components.com\/hu\/wp-json\/wp\/v2\/product\/3532","targetHints":{"allow":["GET"]}}],"collection":[{"href":"https:\/\/fmp-components.com\/hu\/wp-json\/wp\/v2\/product"}],"about":[{"href":"https:\/\/fmp-components.com\/hu\/wp-json\/wp\/v2\/types\/product"}],"replies":[{"embeddable":true,"href":"https:\/\/fmp-components.com\/hu\/wp-json\/wp\/v2\/comments?post=3532"}],"wp:featuredmedia":[{"embeddable":true,"href":"https:\/\/fmp-components.com\/hu\/wp-json\/wp\/v2\/media\/3534"}],"wp:attachment":[{"href":"https:\/\/fmp-components.com\/hu\/wp-json\/wp\/v2\/media?parent=3532"}],"wp:term":[{"taxonomy":"product_brand","embeddable":true,"href":"https:\/\/fmp-components.com\/hu\/wp-json\/wp\/v2\/product_brand?post=3532"},{"taxonomy":"product_cat","embeddable":true,"href":"https:\/\/fmp-components.com\/hu\/wp-json\/wp\/v2\/product_cat?post=3532"},{"taxonomy":"product_tag","embeddable":true,"href":"https:\/\/fmp-components.com\/hu\/wp-json\/wp\/v2\/product_tag?post=3532"}],"curies":[{"name":"munkaf\u00fczet","href":"https:\/\/api.w.org\/{rel}","templated":true}]}}