{"id":3527,"date":"2025-01-08T02:57:07","date_gmt":"2025-01-08T02:57:07","guid":{"rendered":"https:\/\/fmp-components.com\/?page_id=8"},"modified":"2025-01-08T02:57:07","modified_gmt":"2025-01-08T02:57:07","slug":"tefc-nema-stainless-steel-motor","status":"publish","type":"product","link":"https:\/\/fmp-components.com\/hu\/product\/tefc-nema-stainless-steel-motor\/","title":{"rendered":"TEFC NEMA rozsdamentes ac\u00e9l motor"},"content":{"rendered":"<p style=\"text-align: center;\"><span style=\"font-size: 18pt;\">TEFC NEMA rozsdamentes ac\u00e9l motor<\/span><\/p>\n<p>Az \u00e9lelmiszeripar sz\u00e9lesk\u00f6r\u0171 alkalmaz\u00e1si lehet\u0151s\u00e9gekkel rendelkezik, k\u00fcl\u00f6nf\u00e9le folyamatokat \u00e9s k\u00fcl\u00f6nb\u00f6z\u0151 t\u00edpus\u00fa term\u00e9kek kombin\u00e1ci\u00f3it \u00f6lelve fel.<br \/>\nAz \u00e9lelmiszeripar k\u00f6rnyezete \u00e1ltal\u00e1ban zord, a berendez\u00e9sek rendk\u00edv\u00fcl magas vagy alacsony h\u0151m\u00e9rs\u00e9kleten, p\u00e1ratartalomban m\u0171k\u00f6dnek, s\u0151t, gyakran kell tiszt\u00edtani \u0151ket korroz\u00edv vegyi anyagokkal. Ezenk\u00edv\u00fcl az \u00e9lelmiszeriparnak magas higi\u00e9niai szabv\u00e1nyokat kell fenntartania, ami komoly kih\u00edv\u00e1st jelent az ipar\u00e1gban haszn\u00e1lt berendez\u00e9sek sz\u00e1m\u00e1ra.<\/p>\n<p><img loading=\"lazy\" decoding=\"async\" class=\"alignnone  wp-image-3528\" src=\"https:\/\/fmp-components.com\/wp-content\/uploads\/2025\/01\/fmp_9.stainless-steel-motor-2.webp\" alt=\"fmp_9.rozsdamentes ac\u00e9l motor-2\" width=\"864\" height=\"321\" title=\"\" srcset=\"https:\/\/fmp-components.com\/wp-content\/uploads\/2025\/01\/fmp_9.stainless-steel-motor-2.webp 864w, https:\/\/fmp-components.com\/wp-content\/uploads\/2025\/01\/fmp_9.stainless-steel-motor-2-480x178.webp 480w\" sizes=\"(min-width: 0px) and (max-width: 480px) 480px, (min-width: 481px) 864px, 100vw\" \/> <img loading=\"lazy\" decoding=\"async\" class=\"alignnone  wp-image-3529\" src=\"https:\/\/fmp-components.com\/wp-content\/uploads\/2025\/01\/fmp_9.stainless-steel-motor-3.webp\" alt=\"fmp_9.rozsdamentes-ac\u00e9l-motor-3\" width=\"917\" height=\"310\" title=\"\" srcset=\"https:\/\/fmp-components.com\/wp-content\/uploads\/2025\/01\/fmp_9.stainless-steel-motor-3.webp 917w, https:\/\/fmp-components.com\/wp-content\/uploads\/2025\/01\/fmp_9.stainless-steel-motor-3-480x162.webp 480w\" sizes=\"(min-width: 0px) and (max-width: 480px) 480px, (min-width: 481px) 917px, 100vw\" \/><\/p>\n<div class=\"group\/conversation-turn relative flex w-full min-w-0 flex-col agent-turn\">\n<div class=\"flex-col gap-1 md:gap-3\">\n<div class=\"flex max-w-full flex-col flex-grow\">\n<div class=\"min-h-8 text-message flex w-full flex-col items-end gap-2 whitespace-normal break-words text-start [.text-message+&amp;]:mt-5\" dir=\"auto\" data-message-author-role=\"assistant\" data-message-id=\"282966a6-9bd4-4bc9-bd61-6ed87a105881\" data-message-model-slug=\"gpt-4o\">\n<div class=\"flex w-full flex-col gap-1 empty:hidden first:pt-[3px]\">\n<div class=\"markdown prose w-full break-words dark:prose-invert light\">\n<h2>NEMA rozsdamentes ac\u00e9l motor az \u00e9telmarad\u00e9kok megel\u0151z\u00e9s\u00e9re<\/h2>\n<p>Ahogy az \u00e9lelmiszer-higi\u00e9niai \u00e9s -biztons\u00e1gi t\u00e1rsadalmi szabv\u00e1nyok folyamatosan fejl\u0151dnek, az \u00e9lelmiszer-feldolgoz\u00e1s tisztas\u00e1g\u00e1nak fenntart\u00e1sa minden eddigin\u00e9l fontosabb. A berendez\u00e9seken maradt \u00e9lelmiszer-maradv\u00e1nyok, ha nem tiszt\u00edtj\u00e1k meg alaposan, megromolhatnak \u00e9s jelent\u0151s eg\u00e9szs\u00e9g\u00fcgyi kock\u00e1zatot jelenthetnek.<\/p>\n<p>A hagyom\u00e1nyos \u00f6nt\u00f6ttvas \u00e9s \u00f6nt\u00f6tt alum\u00ednium motorok, amelyek jellemz\u0151en festett fel\u00fcletet haszn\u00e1lnak, gyakran tapasztalnak fest\u00e9kpattogz\u00e1st a korr\u00f3zi\u00f3nak val\u00f3 hosszan tart\u00f3 kitetts\u00e9g miatt. Ez mind az \u00e9lelmiszerek, mind a munkak\u00f6rnyezet szennyez\u0151d\u00e9s\u00e9hez vezethet.<\/p>\n<p>Ezzel szemben a speci\u00e1lisan tervezett rozsdamentes ac\u00e9l motorunk rendk\u00edv\u00fcl ellen\u00e1ll\u00f3 a korr\u00f3zi\u00f3val szemben, \u00e9s z\u00f6kken\u0151mentes, sima fel\u00fclettel rendelkezik, nehezen tiszt\u00edthat\u00f3 sarkok n\u00e9lk\u00fcl. Ez a kialak\u00edt\u00e1s megk\u00f6nny\u00edti a mos\u00e1st \u00e9s a tiszt\u00edt\u00e1st v\u00edzzel, \u00edgy biztos\u00edtva a magas szint\u0171 higi\u00e9ni\u00e1t. A szennyez\u0151d\u00e9s megel\u0151z\u00e9s\u00e9vel a rozsdamentes ac\u00e9l motor l\u00e9tfontoss\u00e1g\u00fa szerepet j\u00e1tszik az \u00e9lelmiszer-feldolgoz\u00f3 rendszerek biztons\u00e1g\u00e1nak, tisztas\u00e1g\u00e1nak \u00e9s \u00e1ltal\u00e1nos hat\u00e9konys\u00e1g\u00e1nak fenntart\u00e1s\u00e1ban.<\/p>\n<p><img loading=\"lazy\" decoding=\"async\" class=\"alignnone  wp-image-3531\" src=\"https:\/\/fmp-components.com\/wp-content\/uploads\/2025\/01\/ep_steel-motor-application-3.webp\" alt=\"fmp_steel-motor-application-3\" width=\"923\" height=\"568\" title=\"\" srcset=\"https:\/\/fmp-components.com\/wp-content\/uploads\/2025\/01\/ep_steel-motor-application-3.webp 408w, https:\/\/fmp-components.com\/wp-content\/uploads\/2025\/01\/ep_steel-motor-application-3-300x185.webp 300w, https:\/\/fmp-components.com\/wp-content\/uploads\/2025\/01\/ep_steel-motor-application-3-18x12.webp 18w\" sizes=\"(max-width: 923px) 100vw, 923px\" \/><\/p>\n<\/div>\n<\/div>\n<\/div>\n<\/div>\n<\/div>\n<\/div>\n<h2>Kapcsol\u00f3d\u00f3 rozsdamentes ac\u00e9l motor<\/h2>\n<table border=\"1\" width=\"100%\" cellspacing=\"0\" cellpadding=\"0\">\n<tbody>\n<tr>\n<td align=\"right\" width=\"64\" height=\"18\"><img loading=\"lazy\" decoding=\"async\" class=\"alignnone size-full wp-image-3507\" src=\"https:\/\/fmp-components.com\/wp-content\/uploads\/2025\/01\/ep_stainless-steel-motor-1.webp\" sizes=\"(max-width: 379px) 100vw, 379px\" srcset=\"https:\/\/fmp-components.com\/wp-content\/uploads\/2025\/01\/ep_stainless-steel-motor-1.webp 379w, https:\/\/fmp-components.com\/wp-content\/uploads\/2025\/01\/ep_stainless-steel-motor-1-300x200.webp 300w, https:\/\/fmp-components.com\/wp-content\/uploads\/2025\/01\/ep_stainless-steel-motor-1-18x12.webp 18w\" alt=\"rozsdamentes ac\u00e9l motor\" width=\"379\" height=\"253\" title=\"\"><\/td>\n<td align=\"right\" width=\"64\"><img loading=\"lazy\" decoding=\"async\" class=\"alignnone size-full wp-image-3508\" src=\"https:\/\/fmp-components.com\/wp-content\/uploads\/2025\/01\/ep_stainless-steel-motor-2-2.webp\" sizes=\"(max-width: 379px) 100vw, 379px\" srcset=\"https:\/\/fmp-components.com\/wp-content\/uploads\/2025\/01\/ep_stainless-steel-motor-2-2.webp 379w, https:\/\/fmp-components.com\/wp-content\/uploads\/2025\/01\/ep_stainless-steel-motor-2-2-300x200.webp 300w, https:\/\/fmp-components.com\/wp-content\/uploads\/2025\/01\/ep_stainless-steel-motor-2-2-18x12.webp 18w\" alt=\"rozsdamentes ac\u00e9l motor\" width=\"379\" height=\"253\" title=\"\"><\/td>\n<td align=\"right\" width=\"64\"><img loading=\"lazy\" decoding=\"async\" class=\"alignnone size-full wp-image-3509\" src=\"https:\/\/fmp-components.com\/wp-content\/uploads\/2025\/01\/ep_stainless-steel-motor-6.webp\" sizes=\"(max-width: 379px) 100vw, 379px\" srcset=\"https:\/\/fmp-components.com\/wp-content\/uploads\/2025\/01\/ep_stainless-steel-motor-6.webp 379w, https:\/\/fmp-components.com\/wp-content\/uploads\/2025\/01\/ep_stainless-steel-motor-6-300x200.webp 300w, https:\/\/fmp-components.com\/wp-content\/uploads\/2025\/01\/ep_stainless-steel-motor-6-18x12.webp 18w\" alt=\"rozsdamentes ac\u00e9l motor\" width=\"379\" height=\"253\" title=\"\"><\/td>\n<td align=\"right\" width=\"64\"><img loading=\"lazy\" decoding=\"async\" class=\"alignnone size-full wp-image-3510\" src=\"https:\/\/fmp-components.com\/wp-content\/uploads\/2025\/01\/ep_stainless-steel-motor-300x200-1.webp\" sizes=\"(max-width: 300px) 100vw, 300px\" srcset=\"https:\/\/fmp-components.com\/wp-content\/uploads\/2025\/01\/ep_stainless-steel-motor-300x200-1.webp 300w, https:\/\/fmp-components.com\/wp-content\/uploads\/2025\/01\/ep_stainless-steel-motor-300x200-1-18x12.webp 18w\" alt=\"rozsdamentes ac\u00e9l motor\" width=\"300\" height=\"200\" title=\"\"><\/td>\n<\/tr>\n<tr>\n<td align=\"right\" height=\"18\">Rozsdamentes ac\u00e9l \u00e1lland\u00f3 m\u00e1gneses motor<\/td>\n<td align=\"right\">V\u00edzh\u0171t\u00e9ses rozsdamentes ac\u00e9l motor<\/td>\n<td align=\"right\">\u00c9lelmiszeripari villanymotor<\/td>\n<td align=\"right\">Rozsdamentes ac\u00e9l motor<\/td>\n<\/tr>\n<tr>\n<td align=\"right\" height=\"18\"><img loading=\"lazy\" decoding=\"async\" class=\"alignnone size-full wp-image-3511\" src=\"https:\/\/fmp-components.com\/wp-content\/uploads\/2025\/01\/ep_stainless-steel-motor-4.webp\" sizes=\"(max-width: 379px) 100vw, 379px\" srcset=\"https:\/\/fmp-components.com\/wp-content\/uploads\/2025\/01\/ep_stainless-steel-motor-4.webp 379w, https:\/\/fmp-components.com\/wp-content\/uploads\/2025\/01\/ep_stainless-steel-motor-4-300x200.webp 300w, https:\/\/fmp-components.com\/wp-content\/uploads\/2025\/01\/ep_stainless-steel-motor-4-18x12.webp 18w\" alt=\"rozsdamentes ac\u00e9l motor\" width=\"379\" height=\"253\" title=\"\"><\/td>\n<td align=\"right\"><img loading=\"lazy\" decoding=\"async\" class=\"alignnone size-full wp-image-3512\" src=\"https:\/\/fmp-components.com\/wp-content\/uploads\/2025\/01\/ep_stainless-steel-motor-3.webp\" sizes=\"(max-width: 379px) 100vw, 379px\" srcset=\"https:\/\/fmp-components.com\/wp-content\/uploads\/2025\/01\/ep_stainless-steel-motor-3.webp 379w, https:\/\/fmp-components.com\/wp-content\/uploads\/2025\/01\/ep_stainless-steel-motor-3-300x200.webp 300w, https:\/\/fmp-components.com\/wp-content\/uploads\/2025\/01\/ep_stainless-steel-motor-3-18x12.webp 18w\" alt=\"rozsdamentes ac\u00e9l motor\" width=\"379\" height=\"253\" title=\"\"><\/td>\n<td align=\"right\"><img loading=\"lazy\" decoding=\"async\" class=\"alignnone size-full wp-image-3513\" src=\"https:\/\/fmp-components.com\/wp-content\/uploads\/2025\/01\/ep_stainless-steel-motor-5.webp\" sizes=\"(max-width: 379px) 100vw, 379px\" srcset=\"https:\/\/fmp-components.com\/wp-content\/uploads\/2025\/01\/ep_stainless-steel-motor-5.webp 379w, https:\/\/fmp-components.com\/wp-content\/uploads\/2025\/01\/ep_stainless-steel-motor-5-300x200.webp 300w, https:\/\/fmp-components.com\/wp-content\/uploads\/2025\/01\/ep_stainless-steel-motor-5-18x12.webp 18w\" alt=\"rozsdamentes ac\u00e9l motor\" width=\"379\" height=\"253\" title=\"\"><\/td>\n<td align=\"right\"><img loading=\"lazy\" decoding=\"async\" class=\"alignnone size-full wp-image-3514\" src=\"https:\/\/fmp-components.com\/wp-content\/uploads\/2025\/01\/ep_stainless-steel-motor-6-1.webp\" sizes=\"(max-width: 379px) 100vw, 379px\" srcset=\"https:\/\/fmp-components.com\/wp-content\/uploads\/2025\/01\/ep_stainless-steel-motor-6-1.webp 379w, https:\/\/fmp-components.com\/wp-content\/uploads\/2025\/01\/ep_stainless-steel-motor-6-1-300x200.webp 300w, https:\/\/fmp-components.com\/wp-content\/uploads\/2025\/01\/ep_stainless-steel-motor-6-1-18x12.webp 18w\" alt=\"rozsdamentes ac\u00e9l motor\" width=\"379\" height=\"253\" title=\"\"><\/td>\n<\/tr>\n<tr>\n<td align=\"right\" height=\"18\">IEC emulge\u00e1lt \u00e9lelmiszeripari g\u00e9pek AC motorja<\/td>\n<td align=\"right\">NEMA 56C aszinkron motor<\/td>\n<td align=\"right\">IEC rozsdamentes ac\u00e9l AC motor<\/td>\n<td>IEC teljes eg\u00e9sz\u00e9ben rozsdamentes ac\u00e9lb\u00f3l k\u00e9sz\u00fclt, nagy hat\u00e9konys\u00e1g\u00fa motor<\/td>\n<\/tr>\n<tr>\n<td align=\"right\" width=\"64\" height=\"18\"><img loading=\"lazy\" decoding=\"async\" class=\"alignnone size-full wp-image-3515\" src=\"https:\/\/fmp-components.com\/wp-content\/uploads\/2025\/01\/ep_stainless-steel-motor-2.webp\" sizes=\"(max-width: 379px) 100vw, 379px\" srcset=\"https:\/\/fmp-components.com\/wp-content\/uploads\/2025\/01\/ep_stainless-steel-motor-2.webp 379w, https:\/\/fmp-components.com\/wp-content\/uploads\/2025\/01\/ep_stainless-steel-motor-2-300x200.webp 300w, https:\/\/fmp-components.com\/wp-content\/uploads\/2025\/01\/ep_stainless-steel-motor-2-18x12.webp 18w\" alt=\"rozsdamentes ac\u00e9l motor\" width=\"379\" height=\"253\" title=\"\"><\/td>\n<td align=\"right\" width=\"64\"><img loading=\"lazy\" decoding=\"async\" class=\"alignnone size-full wp-image-3516\" src=\"https:\/\/fmp-components.com\/wp-content\/uploads\/2025\/01\/ep_stainless-steel-motor-8.webp\" sizes=\"(max-width: 379px) 100vw, 379px\" srcset=\"https:\/\/fmp-components.com\/wp-content\/uploads\/2025\/01\/ep_stainless-steel-motor-8.webp 379w, https:\/\/fmp-components.com\/wp-content\/uploads\/2025\/01\/ep_stainless-steel-motor-8-300x200.webp 300w, https:\/\/fmp-components.com\/wp-content\/uploads\/2025\/01\/ep_stainless-steel-motor-8-18x12.webp 18w\" alt=\"rozsdamentes ac\u00e9l motor\" width=\"379\" height=\"253\" title=\"\"><\/td>\n<td align=\"right\" width=\"64\"><img loading=\"lazy\" decoding=\"async\" class=\"alignnone size-full wp-image-3517\" src=\"https:\/\/fmp-components.com\/wp-content\/uploads\/2025\/01\/ep_stainless-steel-motor-7.webp\" sizes=\"(max-width: 379px) 100vw, 379px\" srcset=\"https:\/\/fmp-components.com\/wp-content\/uploads\/2025\/01\/ep_stainless-steel-motor-7.webp 379w, https:\/\/fmp-components.com\/wp-content\/uploads\/2025\/01\/ep_stainless-steel-motor-7-300x200.webp 300w, https:\/\/fmp-components.com\/wp-content\/uploads\/2025\/01\/ep_stainless-steel-motor-7-18x12.webp 18w\" alt=\"rozsdamentes ac\u00e9l motor\" width=\"379\" height=\"253\" title=\"\"><\/td>\n<td align=\"right\" width=\"64\"><\/td>\n<\/tr>\n<tr>\n<td align=\"right\" height=\"18\">Csirke- \u00e9s kacsasz\u0151rtelen\u00edt\u0151 berendez\u00e9s motorja<\/td>\n<td align=\"right\">NEMA \u00e9lelmiszeripari min\u0151s\u00e9g\u0171 rozsdamentes ac\u00e9l motor<\/td>\n<td align=\"right\">\u00c9lelmiszeripari min\u0151s\u00e9g\u0171 IEC rozsdamentes ac\u00e9l motor<\/td>\n<td align=\"right\"><\/td>\n<\/tr>\n<\/tbody>\n<\/table>\n<h2>Az FMP-r\u0151l<\/h2>\n<p>Az FMP egy orsz\u00e1gos high-tech v\u00e1llalat, amely fejlett motorok \u00e9s elektromechanikus megold\u00e1sok tervez\u00e9s\u00e9re, fejleszt\u00e9s\u00e9re \u00e9s gy\u00e1rt\u00e1s\u00e1ra specializ\u00e1l\u00f3dott. YE2, YE3 \u00e9s YE4 sorozat\u00fa motorok, valamint sz\u00e1mos sz\u00e1rmaz\u00e9kos term\u00e9k gy\u00e1rt\u00e1s\u00e1ra \u00f6sszpontos\u00edtunk. Term\u00e9kk\u00edn\u00e1latunkban megtal\u00e1lhat\u00f3k h\u00e1romf\u00e1zis\u00fa \u00e9s egyf\u00e1zis\u00fa motorok hidraulikus szivatty\u00fakhoz, alum\u00edniumh\u00e1zas motorok, nem szabv\u00e1nyos motorok hidraulikus szivatty\u00fakhoz, elektromechanikus integr\u00e1ci\u00f3s turbinahajt\u00f3m\u0171-reduktorok \u00e9s egy\u00e9b speci\u00e1lis motorok.<\/p>\n<p>Az FMP term\u00e9keit sz\u00e9les k\u00f6rben haszn\u00e1lj\u00e1k az ipari automatiz\u00e1l\u00e1sban, olyan kulcsfontoss\u00e1g\u00fa \u00e1gazatokat szolg\u00e1lva ki, mint a CNC eszterg\u00e1k, cip\u0151gy\u00e1rt\u00f3 g\u00e9pek, famegmunk\u00e1l\u00f3 g\u00e9pek, f\u00e9mmegmunk\u00e1l\u00f3 g\u00e9pek, m\u0171anyagipari g\u00e9pek \u00e9s \u00e9p\u00edt\u0151ipari g\u00e9pek. Az innov\u00e1ci\u00f3 \u00e9s a min\u0151s\u00e9g ir\u00e1nti er\u0151s elk\u00f6telezetts\u00e9g\u00e9vel az FMP biztos\u00edtja, hogy minden term\u00e9ke megfeleljen a legmagasabb teljes\u00edtm\u00e9nyk\u00f6vetelm\u00e9nyeknek.<\/p>\n<p>\u00c1tfog\u00f3 term\u00e9kk\u00edn\u00e1latunk mellett b\u00fcszk\u00e9k vagyunk arra, hogy egyedi megold\u00e1sokat is k\u00edn\u00e1lunk, amelyeket \u00fcgyfeleink speci\u00e1lis ig\u00e9nyeire szabunk. Ak\u00e1r speci\u00e1lis motorokra, nem szabv\u00e1nyos term\u00e9kekre vagy integr\u00e1lt rendszerekre van sz\u00fcks\u00e9ge, az FMP szorosan egy\u00fcttm\u0171k\u00f6dik \u00fcgyfeleivel, hogy kiv\u00e1l\u00f3 min\u0151s\u00e9g\u0171, egyedi megold\u00e1sokat k\u00edn\u00e1ljon. A prec\u00edzi\u00f3s m\u00e9rn\u00f6ki munk\u00e1ra \u00e9s az \u00fcgyf\u00e9l-el\u00e9gedetts\u00e9gre val\u00f3 \u00f6sszpontos\u00edt\u00e1sunk biztos\u00edtja folyamatos sikereinket a glob\u00e1lis piacokon.<\/p>\n<p>Az FMP-n\u00e9l elk\u00f6telezettek vagyunk a hossz\u00fa t\u00e1v\u00fa, k\u00f6lcs\u00f6n\u00f6sen el\u0151ny\u00f6s partners\u00e9gek ki\u00e9p\u00edt\u00e9se ir\u00e1nt, \u00e9s minden egyes projekttel t\u00e1mogatjuk \u00fcgyfeleink siker\u00e9t.<\/p>\n<table style=\"width: 100.629%;\" border=\"0\" width=\"128\" cellspacing=\"0\" cellpadding=\"0\">\n<tbody>\n<tr>\n<td style=\"width: 49.2308%;\" align=\"right\" width=\"64\" height=\"18\"><img loading=\"lazy\" decoding=\"async\" class=\"alignnone size-full wp-image-3398\" src=\"https:\/\/fmp-components.com\/wp-content\/uploads\/2025\/01\/Three-Phase-Motor-Factory.webp\" sizes=\"(min-width: 0px) and (max-width: 480px) 480px, (min-width: 481px) 900px, 100vw\" srcset=\"https:\/\/fmp-components.com\/wp-content\/uploads\/2025\/01\/Three-Phase-Motor-Factory.webp 900w, https:\/\/fmp-components.com\/wp-content\/uploads\/2025\/01\/Three-Phase-Motor-Factory-480x320.webp 480w\" alt=\"H\u00e1romf\u00e1zis\u00fa Motorgy\u00e1r\" width=\"900\" height=\"600\" title=\"\"><\/td>\n<td style=\"width: 659.231%;\" align=\"right\" width=\"64\"><img loading=\"lazy\" decoding=\"async\" class=\"alignnone size-full wp-image-3399\" src=\"https:\/\/fmp-components.com\/wp-content\/uploads\/2025\/01\/Three-Phase-Motor-Factory-2.webp\" sizes=\"(min-width: 0px) and (max-width: 480px) 480px, (min-width: 481px) 900px, 100vw\" srcset=\"https:\/\/fmp-components.com\/wp-content\/uploads\/2025\/01\/Three-Phase-Motor-Factory-2.webp 900w, https:\/\/fmp-components.com\/wp-content\/uploads\/2025\/01\/Three-Phase-Motor-Factory-2-480x320.webp 480w\" alt=\"H\u00e1romf\u00e1zis\u00fa Motorgy\u00e1r 2\" width=\"900\" height=\"600\" title=\"\"><\/td>\n<\/tr>\n<tr>\n<td style=\"width: 49.2308%;\" align=\"right\" height=\"18\"><img loading=\"lazy\" decoding=\"async\" class=\"alignnone size-full wp-image-3400\" src=\"https:\/\/fmp-components.com\/wp-content\/uploads\/2025\/01\/China-Three-Phase-Motor-Factory-1.webp\" sizes=\"(min-width: 0px) and (max-width: 480px) 480px, (min-width: 481px) 900px, 100vw\" srcset=\"https:\/\/fmp-components.com\/wp-content\/uploads\/2025\/01\/China-Three-Phase-Motor-Factory-1.webp 900w, https:\/\/fmp-components.com\/wp-content\/uploads\/2025\/01\/China-Three-Phase-Motor-Factory-1-480x320.webp 480w\" alt=\"H\u00e1romf\u00e1zis\u00fa Motorgy\u00e1r-1\" width=\"900\" height=\"600\" title=\"\"><\/td>\n<td style=\"width: 659.231%;\" align=\"right\"><img loading=\"lazy\" decoding=\"async\" class=\"alignnone size-full wp-image-3401\" src=\"https:\/\/fmp-components.com\/wp-content\/uploads\/2025\/01\/Three-Phase-Motor-Factory-3.webp\" sizes=\"(min-width: 0px) and (max-width: 480px) 480px, (min-width: 481px) 900px, 100vw\" srcset=\"https:\/\/fmp-components.com\/wp-content\/uploads\/2025\/01\/Three-Phase-Motor-Factory-3.webp 900w, https:\/\/fmp-components.com\/wp-content\/uploads\/2025\/01\/Three-Phase-Motor-Factory-3-480x320.webp 480w\" alt=\"H\u00e1romf\u00e1zis\u00fa Motorgy\u00e1r 3\" width=\"900\" height=\"600\" title=\"\"><\/td>\n<\/tr>\n<tr>\n<td style=\"width: 49.2308%;\"><img loading=\"lazy\" decoding=\"async\" class=\"alignnone size-full wp-image-3471\" src=\"https:\/\/fmp-components.com\/wp-content\/uploads\/2025\/01\/Single-Phase-Induction-Motor-Suppliers.webp\" sizes=\"(min-width: 0px) and (max-width: 480px) 480px, (min-width: 481px) 900px, 100vw\" srcset=\"https:\/\/fmp-components.com\/wp-content\/uploads\/2025\/01\/Single-Phase-Induction-Motor-Suppliers.webp 900w, https:\/\/fmp-components.com\/wp-content\/uploads\/2025\/01\/Single-Phase-Induction-Motor-Suppliers-480x320.webp 480w\" alt=\"Egyf\u00e1zis\u00fa indukci\u00f3s motorok sz\u00e1ll\u00edt\u00f3i\" width=\"900\" height=\"600\" title=\"\"><\/td>\n<td style=\"width: 659.231%;\"><img loading=\"lazy\" decoding=\"async\" class=\"alignnone size-full wp-image-3470\" src=\"https:\/\/fmp-components.com\/wp-content\/uploads\/2025\/01\/Single-Phase-Induction-Motor-Manufacturers-1.webp\" sizes=\"(min-width: 0px) and (max-width: 480px) 480px, (min-width: 481px) 900px, 100vw\" srcset=\"https:\/\/fmp-components.com\/wp-content\/uploads\/2025\/01\/Single-Phase-Induction-Motor-Manufacturers-1.webp 900w, https:\/\/fmp-components.com\/wp-content\/uploads\/2025\/01\/Single-Phase-Induction-Motor-Manufacturers-1-480x320.webp 480w\" alt=\"Egyf\u00e1zis\u00fa indukci\u00f3s motorgy\u00e1rt\u00f3k-1\" width=\"900\" height=\"600\" title=\"\"><\/td>\n<\/tr>\n<tr>\n<td style=\"width: 49.2308%;\"><img loading=\"lazy\" decoding=\"async\" class=\"alignnone size-full wp-image-3472\" src=\"https:\/\/fmp-components.com\/wp-content\/uploads\/2025\/01\/Single-Phase-Induction-Motor-Manufacturers.webp\" sizes=\"(min-width: 0px) and (max-width: 480px) 480px, (min-width: 481px) 900px, 100vw\" srcset=\"https:\/\/fmp-components.com\/wp-content\/uploads\/2025\/01\/Single-Phase-Induction-Motor-Manufacturers.webp 900w, https:\/\/fmp-components.com\/wp-content\/uploads\/2025\/01\/Single-Phase-Induction-Motor-Manufacturers-480x320.webp 480w\" alt=\"Egyf\u00e1zis\u00fa indukci\u00f3s motorgy\u00e1rt\u00f3k\" width=\"900\" height=\"600\" title=\"\"><\/td>\n<td style=\"width: 659.231%;\"><img loading=\"lazy\" decoding=\"async\" class=\"alignnone size-full wp-image-3473\" src=\"https:\/\/fmp-components.com\/wp-content\/uploads\/2025\/01\/Single-Phase-Induction-Motor-for-Sale.webp\" sizes=\"(min-width: 0px) and (max-width: 480px) 480px, (min-width: 481px) 900px, 100vw\" srcset=\"https:\/\/fmp-components.com\/wp-content\/uploads\/2025\/01\/Single-Phase-Induction-Motor-for-Sale.webp 900w, https:\/\/fmp-components.com\/wp-content\/uploads\/2025\/01\/Single-Phase-Induction-Motor-for-Sale-480x320.webp 480w\" alt=\"Egyf\u00e1zis\u00fa indukci\u00f3s motor elad\u00f3\" width=\"900\" height=\"600\" title=\"\"><\/td>\n<\/tr>\n<\/tbody>\n<\/table>\n<p>Szerz\u0151: CX<\/p>","protected":false},"excerpt":{"rendered":"<p>TEFC NEMA Stainless Steel Motor The food industry has a wide range of applications, covering a variety of processes and a combination of different types of products. The environment of the food industry is usually harsh, with equipment in extremely high or low temperatures, humidity, and even the need for frequent cleaning with corrosive chemical [&hellip;]<\/p>","protected":false},"featured_media":3530,"comment_status":"open","ping_status":"closed","template":"","meta":{"_et_pb_use_builder":"","_et_pb_old_content":"","_et_gb_content_width":""},"product_brand":[],"product_cat":[88],"product_tag":[],"class_list":{"0":"post-3527","1":"product","2":"type-product","3":"status-publish","4":"has-post-thumbnail","6":"product_cat-stainless-steel-motors","8":"first","9":"instock","10":"shipping-taxable","11":"product-type-simple"},"_links":{"self":[{"href":"https:\/\/fmp-components.com\/hu\/wp-json\/wp\/v2\/product\/3527","targetHints":{"allow":["GET"]}}],"collection":[{"href":"https:\/\/fmp-components.com\/hu\/wp-json\/wp\/v2\/product"}],"about":[{"href":"https:\/\/fmp-components.com\/hu\/wp-json\/wp\/v2\/types\/product"}],"replies":[{"embeddable":true,"href":"https:\/\/fmp-components.com\/hu\/wp-json\/wp\/v2\/comments?post=3527"}],"wp:featuredmedia":[{"embeddable":true,"href":"https:\/\/fmp-components.com\/hu\/wp-json\/wp\/v2\/media\/3530"}],"wp:attachment":[{"href":"https:\/\/fmp-components.com\/hu\/wp-json\/wp\/v2\/media?parent=3527"}],"wp:term":[{"taxonomy":"product_brand","embeddable":true,"href":"https:\/\/fmp-components.com\/hu\/wp-json\/wp\/v2\/product_brand?post=3527"},{"taxonomy":"product_cat","embeddable":true,"href":"https:\/\/fmp-components.com\/hu\/wp-json\/wp\/v2\/product_cat?post=3527"},{"taxonomy":"product_tag","embeddable":true,"href":"https:\/\/fmp-components.com\/hu\/wp-json\/wp\/v2\/product_tag?post=3527"}],"curies":[{"name":"munkaf\u00fczet","href":"https:\/\/api.w.org\/{rel}","templated":true}]}}