{"id":3419,"date":"2025-01-07T06:47:41","date_gmt":"2025-01-07T06:47:41","guid":{"rendered":"https:\/\/fmp-components.com\/?page_id=8"},"modified":"2025-01-07T06:47:41","modified_gmt":"2025-01-07T06:47:41","slug":"ys-series-electric-motor","status":"publish","type":"product","link":"https:\/\/fmp-components.com\/hu\/product\/ys-series-electric-motor\/","title":{"rendered":"YS sorozat\u00fa villanymotor"},"content":{"rendered":"<h2>YS sorozat\u00fa h\u00e1romf\u00e1zis\u00fa aszinkron motor alkalmaz\u00e1si felt\u00e9telei<\/h2>\n<table style=\"width: 100%;\" border=\"1\" width=\"100%\" cellspacing=\"0\" cellpadding=\"0\">\n<tbody>\n<tr>\n<th>K\u00f6rnyezeti h\u0151m\u00e9rs\u00e9klet<\/th>\n<td>-15\u2103 \u2013 40\u2103<\/td>\n<\/tr>\n<tr>\n<th>Relat\u00edv p\u00e1ratartalom<\/th>\n<td>Nem magasabb, mint 90%<\/td>\n<\/tr>\n<tr>\n<th>Magass\u00e1g<\/th>\n<td>Legyen 1000 m\u00e9tern\u00e9l alacsonyabb<\/td>\n<\/tr>\n<tr>\n<th>Frekvencia<\/th>\n<td>50 Hz<\/td>\n<\/tr>\n<tr>\n<th>N\u00e9vleges fesz\u00fclts\u00e9g<\/th>\n<td>220\/380V<\/td>\n<\/tr>\n<tr>\n<th>\u00dczemm\u00f3d<\/th>\n<td>S1<\/td>\n<\/tr>\n<tr>\n<th>H\u0171t\u00e9si m\u00f3dszer<\/th>\n<td>IC0141<\/td>\n<\/tr>\n<\/tbody>\n<\/table>\n<h2>YS sorozat\u00fa villanymotorok m\u0171szaki adatai<\/h2>\n<p><img loading=\"lazy\" decoding=\"async\" class=\"alignnone size-full wp-image-3424\" src=\"https:\/\/fmp-components.com\/wp-content\/uploads\/2025\/01\/ys-motor-technical-data1-1.webp\" alt=\"ys-motor-m\u0171szaki-adatok\" width=\"900\" height=\"449\" title=\"\" srcset=\"https:\/\/fmp-components.com\/wp-content\/uploads\/2025\/01\/ys-motor-technical-data1-1.webp 900w, https:\/\/fmp-components.com\/wp-content\/uploads\/2025\/01\/ys-motor-technical-data1-1-480x239.webp 480w\" sizes=\"(min-width: 0px) and (max-width: 480px) 480px, (min-width: 481px) 900px, 100vw\" \/><\/p>\n<p style=\"text-align: center;\">L\u00e1ng talp \u00e9s v\u00e9gv\u00e9d\u0151 n\u00e9lk\u00fcl, peremes (sima furatokkal) - IMB5<\/p>\n<p><img loading=\"lazy\" decoding=\"async\" class=\"alignnone size-full wp-image-3427\" src=\"https:\/\/fmp-components.com\/wp-content\/uploads\/2025\/01\/ys-series-motor-11-1.webp\" alt=\"ys-sorozat\u00fa motor\" width=\"846\" height=\"187\" title=\"\" srcset=\"https:\/\/fmp-components.com\/wp-content\/uploads\/2025\/01\/ys-series-motor-11-1.webp 846w, https:\/\/fmp-components.com\/wp-content\/uploads\/2025\/01\/ys-series-motor-11-1-480x106.webp 480w\" sizes=\"(min-width: 0px) and (max-width: 480px) 480px, (min-width: 481px) 846px, 100vw\" \/> <img loading=\"lazy\" decoding=\"async\" class=\"alignnone size-full wp-image-3425\" src=\"https:\/\/fmp-components.com\/wp-content\/uploads\/2025\/01\/ys-motor-technical-data-21.webp\" alt=\"ys-motor-m\u0171szaki-adatok-2\" width=\"900\" height=\"113\" title=\"\" srcset=\"https:\/\/fmp-components.com\/wp-content\/uploads\/2025\/01\/ys-motor-technical-data-21.webp 900w, https:\/\/fmp-components.com\/wp-content\/uploads\/2025\/01\/ys-motor-technical-data-21-480x60.webp 480w\" sizes=\"(min-width: 0px) and (max-width: 480px) 480px, (min-width: 481px) 900px, 100vw\" \/><\/p>\n<p style=\"text-align: center;\">L\u00e1ng talp \u00e9s v\u00e9gv\u00e9d\u0151 n\u00e9lk\u00fcl, peremes (menetes furatokkal) - IMB14<\/p>\n<p style=\"text-align: center;\"><img loading=\"lazy\" decoding=\"async\" class=\"alignnone size-full wp-image-3428\" src=\"https:\/\/fmp-components.com\/wp-content\/uploads\/2025\/01\/ys-series-motor-21.webp\" alt=\"ys-sorozat\u00fa motor\" width=\"988\" height=\"236\" title=\"\" srcset=\"https:\/\/fmp-components.com\/wp-content\/uploads\/2025\/01\/ys-series-motor-21.webp 988w, https:\/\/fmp-components.com\/wp-content\/uploads\/2025\/01\/ys-series-motor-21-980x234.webp 980w, https:\/\/fmp-components.com\/wp-content\/uploads\/2025\/01\/ys-series-motor-21-480x115.webp 480w\" sizes=\"(min-width: 0px) and (max-width: 480px) 480px, (min-width: 481px) and (max-width: 980px) 980px, (min-width: 981px) 988px, 100vw\" \/> <img loading=\"lazy\" decoding=\"async\" class=\"alignnone size-full wp-image-3426\" src=\"https:\/\/fmp-components.com\/wp-content\/uploads\/2025\/01\/ys-motor-technical-data-31.webp\" alt=\"ys-motor-m\u0171szaki-adatok\" width=\"900\" height=\"143\" title=\"\" srcset=\"https:\/\/fmp-components.com\/wp-content\/uploads\/2025\/01\/ys-motor-technical-data-31.webp 900w, https:\/\/fmp-components.com\/wp-content\/uploads\/2025\/01\/ys-motor-technical-data-31-480x76.webp 480w\" sizes=\"(min-width: 0px) and (max-width: 480px) 480px, (min-width: 481px) 900px, 100vw\" \/><\/p>\n<h2>Az FMP-r\u0151l<\/h2>\n<p>Az FMP egy orsz\u00e1gos high-tech v\u00e1llalat, amely fejlett motorok \u00e9s elektromechanikus megold\u00e1sok tervez\u00e9s\u00e9re, fejleszt\u00e9s\u00e9re \u00e9s gy\u00e1rt\u00e1s\u00e1ra specializ\u00e1l\u00f3dott. YE2, YE3 \u00e9s YE4 sorozat\u00fa motorok, valamint sz\u00e1mos sz\u00e1rmaz\u00e9kos term\u00e9k gy\u00e1rt\u00e1s\u00e1ra \u00f6sszpontos\u00edtunk. Term\u00e9kk\u00edn\u00e1latunkban megtal\u00e1lhat\u00f3k h\u00e1romf\u00e1zis\u00fa \u00e9s egyf\u00e1zis\u00fa motorok hidraulikus szivatty\u00fakhoz, alum\u00edniumh\u00e1zas motorok, nem szabv\u00e1nyos motorok hidraulikus szivatty\u00fakhoz, elektromechanikus integr\u00e1ci\u00f3s turbinahajt\u00f3m\u0171-reduktorok \u00e9s egy\u00e9b speci\u00e1lis motorok.<\/p>\n<p>Az FMP term\u00e9keit sz\u00e9les k\u00f6rben haszn\u00e1lj\u00e1k az ipari automatiz\u00e1l\u00e1sban, olyan kulcsfontoss\u00e1g\u00fa \u00e1gazatokat szolg\u00e1lva ki, mint a CNC eszterg\u00e1k, cip\u0151gy\u00e1rt\u00f3 g\u00e9pek, famegmunk\u00e1l\u00f3 g\u00e9pek, f\u00e9mmegmunk\u00e1l\u00f3 g\u00e9pek, m\u0171anyagipari g\u00e9pek \u00e9s \u00e9p\u00edt\u0151ipari g\u00e9pek. Az innov\u00e1ci\u00f3 \u00e9s a min\u0151s\u00e9g ir\u00e1nti er\u0151s elk\u00f6telezetts\u00e9g\u00e9vel az FMP biztos\u00edtja, hogy minden term\u00e9ke megfeleljen a legmagasabb teljes\u00edtm\u00e9nyk\u00f6vetelm\u00e9nyeknek.<\/p>\n<p>\u00c1tfog\u00f3 term\u00e9kk\u00edn\u00e1latunk mellett b\u00fcszk\u00e9k vagyunk arra, hogy egyedi megold\u00e1sokat is k\u00edn\u00e1lunk, amelyeket \u00fcgyfeleink speci\u00e1lis ig\u00e9nyeire szabunk. Ak\u00e1r speci\u00e1lis motorokra, nem szabv\u00e1nyos term\u00e9kekre vagy integr\u00e1lt rendszerekre van sz\u00fcks\u00e9ge, az FMP szorosan egy\u00fcttm\u0171k\u00f6dik \u00fcgyfeleivel, hogy kiv\u00e1l\u00f3 min\u0151s\u00e9g\u0171, egyedi megold\u00e1sokat k\u00edn\u00e1ljon. A prec\u00edzi\u00f3s m\u00e9rn\u00f6ki munk\u00e1ra \u00e9s az \u00fcgyf\u00e9l-el\u00e9gedetts\u00e9gre val\u00f3 \u00f6sszpontos\u00edt\u00e1sunk biztos\u00edtja folyamatos sikereinket a glob\u00e1lis piacokon.<\/p>\n<p>Az FMP-n\u00e9l elk\u00f6telezettek vagyunk a hossz\u00fa t\u00e1v\u00fa, k\u00f6lcs\u00f6n\u00f6sen el\u0151ny\u00f6s partners\u00e9gek ki\u00e9p\u00edt\u00e9se ir\u00e1nt, \u00e9s minden egyes projekttel t\u00e1mogatjuk \u00fcgyfeleink siker\u00e9t.<\/p>\n<table style=\"border-collapse: collapse; width: 100.882%; height: 23px;\" border=\"0\" width=\"128\" cellspacing=\"0\" cellpadding=\"0\">\n<tbody>\n<tr style=\"height: 13.8pt;\">\n<td style=\"height: 10px; width: 50.3922%;\" align=\"right\" width=\"64\" height=\"18\"><img loading=\"lazy\" decoding=\"async\" class=\"alignnone size-full wp-image-3398\" src=\"https:\/\/fmp-components.com\/wp-content\/uploads\/2025\/01\/Three-Phase-Motor-Factory.webp\" alt=\"H\u00e1romf\u00e1zis\u00fa Motorgy\u00e1r\" width=\"900\" height=\"600\" title=\"\" srcset=\"https:\/\/fmp-components.com\/wp-content\/uploads\/2025\/01\/Three-Phase-Motor-Factory.webp 900w, https:\/\/fmp-components.com\/wp-content\/uploads\/2025\/01\/Three-Phase-Motor-Factory-480x320.webp 480w\" sizes=\"(min-width: 0px) and (max-width: 480px) 480px, (min-width: 481px) 900px, 100vw\" \/><\/td>\n<td style=\"width: 604.224%; height: 10px;\" align=\"right\" width=\"64\"><img loading=\"lazy\" decoding=\"async\" class=\"alignnone size-full wp-image-3399\" src=\"https:\/\/fmp-components.com\/wp-content\/uploads\/2025\/01\/Three-Phase-Motor-Factory-2.webp\" alt=\"H\u00e1romf\u00e1zis\u00fa Motorgy\u00e1r 2\" width=\"900\" height=\"600\" title=\"\" srcset=\"https:\/\/fmp-components.com\/wp-content\/uploads\/2025\/01\/Three-Phase-Motor-Factory-2.webp 900w, https:\/\/fmp-components.com\/wp-content\/uploads\/2025\/01\/Three-Phase-Motor-Factory-2-480x320.webp 480w\" sizes=\"(min-width: 0px) and (max-width: 480px) 480px, (min-width: 481px) 900px, 100vw\" \/><\/td>\n<\/tr>\n<tr style=\"height: 13.8pt;\">\n<td style=\"height: 13px; width: 50.3922%;\" align=\"right\" height=\"18\"><img loading=\"lazy\" decoding=\"async\" class=\"alignnone size-full wp-image-3400\" src=\"https:\/\/fmp-components.com\/wp-content\/uploads\/2025\/01\/China-Three-Phase-Motor-Factory-1.webp\" alt=\"H\u00e1romf\u00e1zis\u00fa Motorgy\u00e1r-1\" width=\"900\" height=\"600\" title=\"\" srcset=\"https:\/\/fmp-components.com\/wp-content\/uploads\/2025\/01\/China-Three-Phase-Motor-Factory-1.webp 900w, https:\/\/fmp-components.com\/wp-content\/uploads\/2025\/01\/China-Three-Phase-Motor-Factory-1-480x320.webp 480w\" sizes=\"(min-width: 0px) and (max-width: 480px) 480px, (min-width: 481px) 900px, 100vw\" \/><\/td>\n<td style=\"width: 604.224%; height: 13px;\" align=\"right\"><img loading=\"lazy\" decoding=\"async\" class=\"alignnone size-full wp-image-3401\" src=\"https:\/\/fmp-components.com\/wp-content\/uploads\/2025\/01\/Three-Phase-Motor-Factory-3.webp\" alt=\"H\u00e1romf\u00e1zis\u00fa Motorgy\u00e1r 3\" width=\"900\" height=\"600\" title=\"\" srcset=\"https:\/\/fmp-components.com\/wp-content\/uploads\/2025\/01\/Three-Phase-Motor-Factory-3.webp 900w, https:\/\/fmp-components.com\/wp-content\/uploads\/2025\/01\/Three-Phase-Motor-Factory-3-480x320.webp 480w\" sizes=\"(min-width: 0px) and (max-width: 480px) 480px, (min-width: 481px) 900px, 100vw\" \/><\/td>\n<\/tr>\n<\/tbody>\n<\/table>\n<p>Szerz\u0151: CX<\/p>","protected":false},"excerpt":{"rendered":"<p>YS Series Three-phase Asynchronous Motor&#8217;s Application Conditions Ambient Temperature -15\u2103 &#8211; 40\u2103 Relative Humidity Not higher than 90% Elevation Be lower than 1000 meters Frequency 50 Hz Rated Voltage 220\/380V Operating Mode S1 Cooling Method IC0141 YS Series Electric Motors Technical Date Flame Without Feet and End-shield with Flange (with Plain Holes)-IMB5 Flame Without Feet [&hellip;]<\/p>","protected":false},"featured_media":3429,"comment_status":"open","ping_status":"closed","template":"","meta":{"_et_pb_use_builder":"","_et_pb_old_content":"","_et_gb_content_width":""},"product_brand":[],"product_cat":[86],"product_tag":[],"class_list":{"0":"post-3419","1":"product","2":"type-product","3":"status-publish","4":"has-post-thumbnail","6":"product_cat-ac-motors","8":"first","9":"instock","10":"shipping-taxable","11":"product-type-simple"},"_links":{"self":[{"href":"https:\/\/fmp-components.com\/hu\/wp-json\/wp\/v2\/product\/3419","targetHints":{"allow":["GET"]}}],"collection":[{"href":"https:\/\/fmp-components.com\/hu\/wp-json\/wp\/v2\/product"}],"about":[{"href":"https:\/\/fmp-components.com\/hu\/wp-json\/wp\/v2\/types\/product"}],"replies":[{"embeddable":true,"href":"https:\/\/fmp-components.com\/hu\/wp-json\/wp\/v2\/comments?post=3419"}],"wp:featuredmedia":[{"embeddable":true,"href":"https:\/\/fmp-components.com\/hu\/wp-json\/wp\/v2\/media\/3429"}],"wp:attachment":[{"href":"https:\/\/fmp-components.com\/hu\/wp-json\/wp\/v2\/media?parent=3419"}],"wp:term":[{"taxonomy":"product_brand","embeddable":true,"href":"https:\/\/fmp-components.com\/hu\/wp-json\/wp\/v2\/product_brand?post=3419"},{"taxonomy":"product_cat","embeddable":true,"href":"https:\/\/fmp-components.com\/hu\/wp-json\/wp\/v2\/product_cat?post=3419"},{"taxonomy":"product_tag","embeddable":true,"href":"https:\/\/fmp-components.com\/hu\/wp-json\/wp\/v2\/product_tag?post=3419"}],"curies":[{"name":"munkaf\u00fczet","href":"https:\/\/api.w.org\/{rel}","templated":true}]}}