{"id":3341,"date":"2025-01-07T01:06:38","date_gmt":"2025-01-07T01:06:38","guid":{"rendered":"https:\/\/fmp-components.com\/?page_id=8"},"modified":"2025-01-07T01:16:32","modified_gmt":"2025-01-07T01:16:32","slug":"plastic-gearbox-motor-tgp02d-a130-for-toy-robot-remote-control-toy-cars","status":"publish","type":"product","link":"https:\/\/fmp-components.com\/hu\/product\/plastic-gearbox-motor-tgp02d-a130-for-toy-robot-remote-control-toy-cars\/","title":{"rendered":"M\u0171anyag sebess\u00e9gv\u00e1lt\u00f3 motor TGP02D-A130 j\u00e1t\u00e9k robot t\u00e1vir\u00e1ny\u00edt\u00f3s j\u00e1t\u00e9kaut\u00f3khoz"},"content":{"rendered":"<h2>Karakterek:<\/h2>\n<p>1. Dupla tengely. Kis m\u00e9ret: 42,2 mm * 45,5 mm * 23 mm<br \/>\n2. Alacsony fordulatsz\u00e1m\u00fa \u00e9s nagy nyomat\u00e9k\u00fa egyen\u00e1ram\u00fa m\u0171anyag hajt\u00f3m\u0171ves motor<br \/>\n3. Kis \u00e1tm\u00e9r\u0151j\u0171, alacsony zajszint\u0171 \u00e9s nagy nyomat\u00e9k\u00fa alkalmaz\u00e1sokhoz alkalmas<br \/>\n4. Redukci\u00f3s ar\u00e1ny: 48, 120, 180, 220, 288<\/p>\n<p><img loading=\"lazy\" decoding=\"async\" class=\"alignnone wp-image-3349\" src=\"https:\/\/fmp-components.com\/wp-content\/uploads\/2025\/01\/fmp_3.TGP010-A130-2.webp\" alt=\"fmp_3.TGP010-A130-2\" width=\"909\" height=\"423\" title=\"\" srcset=\"https:\/\/fmp-components.com\/wp-content\/uploads\/2025\/01\/fmp_3.TGP010-A130-2.webp 909w, https:\/\/fmp-components.com\/wp-content\/uploads\/2025\/01\/fmp_3.TGP010-A130-2-480x223.webp 480w\" sizes=\"(min-width: 0px) and (max-width: 480px) 480px, (min-width: 481px) 909px, 100vw\" \/><\/p>\n<h2>Mini DC motor m\u0171szaki adatai<\/h2>\n<table style=\"width: 98.042%; height: 144px;\" border=\"1\">\n<tbody>\n<tr>\n<td style=\"width: 21.3647%;\">Motor modell sz\u00e1ma<\/td>\n<td style=\"width: 15.8837%;\">N\u00e9vleges fesz\u00fclts\u00e9g<br \/>\nEgyen\u00e1ram\u00fa fesz\u00fclts\u00e9g<\/td>\n<td style=\"width: 16.6667%;\">\u00dcresj\u00e1rati fordulatsz\u00e1m<br \/>\nfordulat\/perc<\/td>\n<td style=\"width: 17.6734%;\">Terhel\u00e9s n\u00e9lk\u00fcli \u00e1ram<br \/>\nmA<\/td>\n<td style=\"width: 13.0872%;\">Le\u00e1ll\u00e1si nyomat\u00e9k<br \/>\ng.cm<\/td>\n<td style=\"width: 15.3244%;\">\u00c1thidal\u00f3\u00e1ram<br \/>\nEgy<\/td>\n<\/tr>\n<tr>\n<td style=\"width: 21.3647%;\">TFE-130RA-12215<\/td>\n<td style=\"width: 15.8837%;\">6.0<\/td>\n<td style=\"width: 16.6667%;\">11500<\/td>\n<td style=\"width: 17.6734%;\">120<\/td>\n<td style=\"width: 13.0872%;\">20<\/td>\n<td style=\"width: 15.3244%;\">0.85<\/td>\n<\/tr>\n<tr>\n<td style=\"width: 21.3647%;\">TFE-130RA-14175<\/td>\n<td style=\"width: 15.8837%;\">3.0<\/td>\n<td style=\"width: 16.6667%;\">8000<\/td>\n<td style=\"width: 17.6734%;\">120<\/td>\n<td style=\"width: 13.0872%;\">13<\/td>\n<td style=\"width: 15.3244%;\">0.70<\/td>\n<\/tr>\n<tr>\n<td style=\"width: 21.3647%;\">TFE-130RA-18100<\/td>\n<td style=\"width: 15.8837%;\">3.0<\/td>\n<td style=\"width: 16.6667%;\">11500<\/td>\n<td style=\"width: 17.6734%;\">250<\/td>\n<td style=\"width: 13.0872%;\">20<\/td>\n<td style=\"width: 15.3244%;\">1.80<\/td>\n<\/tr>\n<\/tbody>\n<\/table>\n<h2>Hajt\u00f3m\u0171motor m\u0171szaki adatai<\/h2>\n<table style=\"width: 98.042%; height: 120px;\" border=\"1\">\n<tbody>\n<tr style=\"height: 30px;\">\n<th style=\"height: 30px; width: 32.774%; text-align: left;\">Sebess\u00e9gv\u00e1lt\u00f3 modell<\/th>\n<td style=\"height: 30px; width: 68.0089%;\">TGP01D-A130-12215-XXX<\/td>\n<\/tr>\n<tr style=\"height: 30px;\">\n<th style=\"height: 30px; width: 32.774%; text-align: left;\">Redukci\u00f3s ar\u00e1nyok<\/th>\n<td style=\"height: 30px; width: 68.0089%;\">48, 120, 180, 220, 288<\/td>\n<\/tr>\n<tr style=\"height: 30px;\">\n<th style=\"height: 30px; width: 32.774%; text-align: left;\">Terhel\u00e9s n\u00e9lk\u00fcli fordulatsz\u00e1mok (ford\/perc)<\/th>\n<td style=\"height: 30px; width: 68.0089%;\">230, 90, 60, 50, 38<\/td>\n<\/tr>\n<tr style=\"height: 30px;\">\n<th style=\"height: 30px; width: 32.774%; text-align: left;\">Max. pillanatnyi t\u0171r\u00e9shat\u00e1r (kg.cm)<\/th>\n<td style=\"height: 30px; width: 68.0089%;\">0.7, 1.4, 2.0, 2.2, 2.8<\/td>\n<\/tr>\n<\/tbody>\n<\/table>\n<h2>Sebess\u00e9gv\u00e1lt\u00f3 motorral<\/h2>\n<table style=\"width: 98.7983%; height: 96px;\" border=\"1\">\n<tbody>\n<tr style=\"height: 24px;\">\n<th style=\"height: 24px; text-align: left; width: 38.4787%;\">Sebess\u00e9gv\u00e1lt\u00f3 modell<\/th>\n<td style=\"height: 24px; width: 63.0872%;\">TGP01D-A130-14175-XXX<\/td>\n<\/tr>\n<tr style=\"height: 24px;\">\n<th style=\"height: 24px; text-align: left; width: 38.4787%;\">Redukci\u00f3s ar\u00e1nyok<\/th>\n<td style=\"height: 24px; width: 63.0872%;\">48, 120, 180, 220, 288<\/td>\n<\/tr>\n<tr style=\"height: 24px;\">\n<th style=\"height: 24px; text-align: left; width: 38.4787%;\">Terhel\u00e9s n\u00e9lk\u00fcli fordulatsz\u00e1mok (ford\/perc)<\/th>\n<td style=\"height: 24px; width: 63.0872%;\">150, 60, 40, 33, 25<\/td>\n<\/tr>\n<tr style=\"height: 24px;\">\n<th style=\"height: 24px; text-align: left; width: 38.4787%;\">Max. pillanatnyi t\u0171r\u00e9shat\u00e1r (kg.cm)<\/th>\n<td style=\"height: 24px; width: 63.0872%;\">0.5, 0.9, 1.2, 1.4, 1.8<\/td>\n<\/tr>\n<\/tbody>\n<\/table>\n<table style=\"color: #666666; font-size: 14px; width: 98.9666%; height: 142px;\" border=\"1\">\n<tbody>\n<tr style=\"height: 24px;\">\n<th style=\"text-align: left; width: 38.5906%; height: 24px;\">Sebess\u00e9gv\u00e1lt\u00f3 modell<\/th>\n<td style=\"width: 61.8421%; height: 24px;\">TGP01D-A130-18100-XXX<\/td>\n<\/tr>\n<tr style=\"height: 24px;\">\n<th style=\"text-align: left; width: 38.5906%; height: 24px;\">Redukci\u00f3s ar\u00e1nyok<\/th>\n<td style=\"width: 61.8421%; height: 24px;\">48, 120, 180, 220, 288<\/td>\n<\/tr>\n<tr style=\"height: 24px;\">\n<th style=\"text-align: left; width: 38.5906%; height: 24px;\">Terhel\u00e9s n\u00e9lk\u00fcli fordulatsz\u00e1mok (ford\/perc)<\/th>\n<td style=\"width: 61.8421%; height: 24px;\">230, 90, 60, 50, 38<\/td>\n<\/tr>\n<tr style=\"height: 24px;\">\n<th style=\"text-align: left; width: 38.5906%; height: 24px;\">Max. pillanatnyi t\u0171r\u00e9shat\u00e1r (kg.cm)<\/th>\n<td style=\"width: 61.8421%; height: 24px;\">0.7, 1.4, 2.0, 2.2, 2.8<\/td>\n<\/tr>\n<\/tbody>\n<\/table>\n<p>&nbsp;<\/p>\n<table border=\"1\" width=\"100%\" cellspacing=\"0\" cellpadding=\"0\">\n<tbody>\n<tr>\n<td colspan=\"2\" rowspan=\"3\" width=\"131\" height=\"65\" data-spm-anchor-id=\"a2700.details.0.i21.659d3e61kGVPBR\">MODELL<\/td>\n<td rowspan=\"3\" width=\"75\">CS\u00d6KKENT\u00c9SI AR\u00c1NY<\/td>\n<td colspan=\"2\" width=\"133\">FESZ\u00dcLTS\u00c9G<\/td>\n<td colspan=\"2\" width=\"117\">NINCS TERHEL\u00c9S<\/td>\n<td colspan=\"4\" width=\"228\">MAXIM\u00c1LIS HAT\u00c9KONYS\u00c1GON<\/td>\n<td colspan=\"2\" width=\"118\">ISZ\u00c1LL\u00c1S<\/td>\n<\/tr>\n<tr>\n<td rowspan=\"2\" width=\"75\">M\u0170K\u00d6D\u00c9SI TARTOM\u00c1NY<\/td>\n<td width=\"58\">N\u00c9VLEGES<\/td>\n<td width=\"55\">SEBESS\u00c9G<\/td>\n<td width=\"62\">JELENLEGI<\/td>\n<td width=\"55\">SEBESS\u00c9G<\/td>\n<td width=\"62\">JELENLEGI<\/td>\n<td width=\"56\">NYOMAT\u00c9K<\/td>\n<td width=\"55\">KIMENET<\/td>\n<td width=\"56\">NYOMAT\u00c9K<\/td>\n<td width=\"62\">JELENLEGI<\/td>\n<\/tr>\n<tr>\n<td width=\"58\">V.<\/td>\n<td width=\"55\">fordulat<\/td>\n<td width=\"62\">Egy<\/td>\n<td width=\"55\">fordulat<\/td>\n<td width=\"62\">Egy<\/td>\n<td width=\"56\">kg.cm<\/td>\n<td width=\"55\">Ny<\/td>\n<td width=\"56\">kg.cm<\/td>\n<td width=\"62\">Egy<\/td>\n<\/tr>\n<tr>\n<td colspan=\"2\" width=\"131\" height=\"24\">T130-02-06500<\/td>\n<td width=\"75\">48\/1<\/td>\n<td width=\"75\">3.0~7.0<\/td>\n<td width=\"58\">6.0<\/td>\n<td width=\"55\">500<\/td>\n<td width=\"62\">0.21<\/td>\n<td width=\"55\">416<\/td>\n<td width=\"62\">1.04<\/td>\n<td width=\"56\">0.4<\/td>\n<td width=\"55\">1.71<\/td>\n<td width=\"56\">2.4<\/td>\n<td width=\"62\">5.2<\/td>\n<\/tr>\n<tr>\n<td colspan=\"2\" width=\"131\" height=\"24\">T130-02-06200<\/td>\n<td width=\"75\">120\/1<\/td>\n<td width=\"75\">3.0~7.0<\/td>\n<td width=\"58\">6.0<\/td>\n<td width=\"55\">200<\/td>\n<td width=\"62\">0.21<\/td>\n<td width=\"55\">415<\/td>\n<td width=\"62\">1.06<\/td>\n<td width=\"56\">1.0<\/td>\n<td width=\"55\">4.26<\/td>\n<td width=\"56\">5.9<\/td>\n<td width=\"62\">5.2<\/td>\n<\/tr>\n<tr>\n<td colspan=\"2\" width=\"131\" height=\"24\">T130-02-09175<\/td>\n<td width=\"75\">48\/1<\/td>\n<td width=\"75\">3.0~10.0<\/td>\n<td width=\"58\">9.0<\/td>\n<td width=\"55\">175<\/td>\n<td width=\"62\">0.09<\/td>\n<td width=\"55\">133<\/td>\n<td width=\"62\">0.17<\/td>\n<td width=\"56\">0.3<\/td>\n<td width=\"55\">0.41<\/td>\n<td width=\"56\">1.3<\/td>\n<td width=\"62\">0.55<\/td>\n<\/tr>\n<tr>\n<td colspan=\"2\" width=\"131\" height=\"24\">T130-02-0938<\/td>\n<td width=\"75\">220\/1<\/td>\n<td width=\"75\">3.0~10.0<\/td>\n<td width=\"58\">9.0<\/td>\n<td width=\"55\">38<\/td>\n<td width=\"62\">0.09<\/td>\n<td width=\"55\">31<\/td>\n<td width=\"62\">0.14<\/td>\n<td width=\"56\">1.0<\/td>\n<td width=\"55\">0.32<\/td>\n<td width=\"56\">5.8<\/td>\n<td width=\"62\">0.55<\/td>\n<\/tr>\n<tr>\n<td colspan=\"2\" width=\"131\" height=\"24\">T130-02-1260<\/td>\n<td width=\"75\">220\/1<\/td>\n<td width=\"75\">3.0~13.0<\/td>\n<td width=\"58\">12.0<\/td>\n<td width=\"55\">60<\/td>\n<td width=\"62\">0.05<\/td>\n<td width=\"55\">48<\/td>\n<td width=\"62\">0.2<\/td>\n<td width=\"56\">1.5<\/td>\n<td width=\"55\">0.74<\/td>\n<td width=\"56\">5.8<\/td>\n<td width=\"62\">0.85<\/td>\n<\/tr>\n<\/tbody>\n<\/table>\n<h2>Egy\u00e9b M\u0171anyag sebess\u00e9gv\u00e1lt\u00f3 plusz A130 DC motor<\/h2>\n<table style=\"width: 100%; height: 71px;\" border=\"1\" width=\"100%\" cellspacing=\"0\" cellpadding=\"0\">\n<tbody>\n<tr style=\"height: 13.8pt;\">\n<td style=\"height: 13px; width: 49.892%;\" align=\"right\" width=\"64\" height=\"18\"><img loading=\"lazy\" decoding=\"async\" class=\"alignnone size-full wp-image-3344\" src=\"https:\/\/fmp-components.com\/wp-content\/uploads\/2025\/01\/fmp_1.TGP010-A130-1-1.webp\" alt=\"fmp_1.TGP010-A130-1-1\" width=\"600\" height=\"600\" title=\"\" srcset=\"https:\/\/fmp-components.com\/wp-content\/uploads\/2025\/01\/fmp_1.TGP010-A130-1-1.webp 600w, https:\/\/fmp-components.com\/wp-content\/uploads\/2025\/01\/fmp_1.TGP010-A130-1-1-480x480.webp 480w\" sizes=\"(min-width: 0px) and (max-width: 480px) 480px, (min-width: 481px) 600px, 100vw\" \/><\/td>\n<td style=\"width: 49.892%; height: 13px;\" align=\"right\" width=\"64\"><img loading=\"lazy\" decoding=\"async\" class=\"alignnone size-full wp-image-3345\" src=\"https:\/\/fmp-components.com\/wp-content\/uploads\/2025\/01\/fmp_2.TGP010-A130-1-1.webp\" alt=\"fmp_2.TGP010-A130-1-1\" width=\"600\" height=\"600\" title=\"\" srcset=\"https:\/\/fmp-components.com\/wp-content\/uploads\/2025\/01\/fmp_2.TGP010-A130-1-1.webp 600w, https:\/\/fmp-components.com\/wp-content\/uploads\/2025\/01\/fmp_2.TGP010-A130-1-1-480x480.webp 480w\" sizes=\"(min-width: 0px) and (max-width: 480px) 480px, (min-width: 481px) 600px, 100vw\" \/><\/td>\n<\/tr>\n<tr style=\"height: 22px;\">\n<td style=\"height: 22px; text-align: center;\"><strong>TGP01D-A130<\/strong><\/td>\n<td style=\"height: 22px; text-align: center;\"><strong>TGP01S-A130<\/strong><\/td>\n<\/tr>\n<tr style=\"height: 13.8pt;\">\n<td style=\"height: 13px; width: 49.892%;\" align=\"right\" height=\"18\"><img loading=\"lazy\" decoding=\"async\" class=\"alignnone size-full wp-image-3346\" src=\"https:\/\/fmp-components.com\/wp-content\/uploads\/2025\/01\/fmp_3.TGP010-A130-1.webp\" alt=\"fmp_3.TGP010-A130-1\" width=\"600\" height=\"600\" title=\"\" srcset=\"https:\/\/fmp-components.com\/wp-content\/uploads\/2025\/01\/fmp_3.TGP010-A130-1.webp 600w, https:\/\/fmp-components.com\/wp-content\/uploads\/2025\/01\/fmp_3.TGP010-A130-1-480x480.webp 480w\" sizes=\"(min-width: 0px) and (max-width: 480px) 480px, (min-width: 481px) 600px, 100vw\" \/><\/td>\n<td style=\"width: 49.892%; height: 13px;\" align=\"right\"><img loading=\"lazy\" decoding=\"async\" class=\"alignnone size-full wp-image-3347\" src=\"https:\/\/fmp-components.com\/wp-content\/uploads\/2025\/01\/fmp_4.TGP010-A130-1.webp\" alt=\"fmp_4.TGP010-A130-1\" width=\"600\" height=\"600\" title=\"\" srcset=\"https:\/\/fmp-components.com\/wp-content\/uploads\/2025\/01\/fmp_4.TGP010-A130-1.webp 600w, https:\/\/fmp-components.com\/wp-content\/uploads\/2025\/01\/fmp_4.TGP010-A130-1-480x480.webp 480w\" sizes=\"(min-width: 0px) and (max-width: 480px) 480px, (min-width: 481px) 600px, 100vw\" \/><\/td>\n<\/tr>\n<tr style=\"height: 23px;\">\n<td style=\"height: 23px; text-align: center;\"><strong>TGP02D-A130<\/strong><\/td>\n<td style=\"height: 23px; text-align: center;\"><strong>TGP02S-A130<\/strong><\/td>\n<\/tr>\n<\/tbody>\n<\/table>\n<h2>Alkalmaz\u00e1s:<\/h2>\n<table style=\"width: 100%;\" border=\"1\" width=\"100%\" cellspacing=\"0\" cellpadding=\"0\">\n<tbody>\n<tr>\n<th>Alkalmaz\u00e1si ter\u00fcletek<\/th>\n<td><strong>\u00dczleti g\u00e9pek:<\/strong> ATM, f\u00e9nym\u00e1sol\u00f3k \u00e9s szkennerek, p\u00e9nzkezel\u00e9s, \u00e9rt\u00e9kes\u00edt\u00e9si pont, nyomtat\u00f3k, \u00e1rus\u00edt\u00f3 automat\u00e1k.<br \/>\n<strong>\u00c9tel \u00e9s ital:<\/strong> Italadagol\u00e1s, Botmixerek, Turmixg\u00e9pek, Mixerek, K\u00e1v\u00e9f\u0151z\u0151k, Konyhai apr\u00edt\u00f3g\u00e9pek, Gy\u00fcm\u00f6lcscentrifug\u00e1k, Frit\u0151z\u00f6k, J\u00e9gk\u00e9sz\u00edt\u0151k, Sz\u00f3jatejk\u00e9sz\u00edt\u0151k.<br \/>\n<strong>Kamera \u00e9s optika:<\/strong> Vide\u00f3, kamer\u00e1k, projektorok.<br \/>\n<strong>Elektromos szersz\u00e1mok:<\/strong> F\u00far\u00f3k \u00e9s csavaroz\u00f3k, csiszol\u00f3k, k\u00f6sz\u00f6r\u0171k, pol\u00edroz\u00f3k, f\u0171r\u00e9szek.<br \/>\n<strong>Gyep \u00e9s kert:<\/strong> F\u0171ny\u00edr\u00f3k, h\u00f3mar\u00f3k, szeg\u00e9lyny\u00edr\u00f3k, lombf\u00fav\u00f3k.<\/td>\n<\/tr>\n<\/tbody>\n<\/table>\n<h2 data-pm-slice=\"0 0 []\">A TGP02D-A130 m\u0171anyag sebess\u00e9gv\u00e1lt\u00f3 motor jellemz\u0151i<\/h2>\n<p>A TGP02D-A130 egy nagy teljes\u00edtm\u00e9ny\u0171 m\u0171anyag hajt\u00f3m\u0171motor, amely sokoldal\u00fa \u00e9s megb\u00edzhat\u00f3 megold\u00e1st k\u00edn\u00e1l sz\u00e9les k\u00f6r\u0171 alkalmaz\u00e1sokhoz. Ez a motor egy tart\u00f3s m\u0171anyag hajt\u00f3m\u0171vet egy hat\u00e9kony egyen\u00e1ram\u00fa motorral \u00f6tv\u00f6z, \u00edgy ide\u00e1lis a k\u00fcl\u00f6nf\u00e9le alacsony \u00e9s k\u00f6zepes nyomat\u00e9kig\u00e9nyekhez. Az al\u00e1bbiakban a TGP02D-A130 f\u0151bb jellemz\u0151it ismertetj\u00fck:<\/p>\n<ol>\n<li><strong>Kompakt kialak\u00edt\u00e1s<\/strong>A m\u0171anyag hajt\u00f3m\u0171ves motor kompakt m\u00e9ret\u0171, \u00edgy k\u00f6nnyen integr\u00e1lhat\u00f3 helysz\u0171k\u00e9ben l\u00e9v\u0151 alkalmaz\u00e1sokba a teljes\u00edtm\u00e9ny fel\u00e1ldoz\u00e1sa n\u00e9lk\u00fcl.<\/li>\n<li><strong>Hat\u00e9kony teljes\u00edtm\u00e9ny<\/strong>Az er\u0151s egyen\u00e1ram\u00fa motorral felszerelt TGP02D-A130 sima \u00e9s hat\u00e9kony teljes\u00edtm\u00e9nyt ny\u00fajt, \u00e1lland\u00f3 nyomat\u00e9kot \u00e9s sebess\u00e9get biztos\u00edtva, \u00edgy sz\u00e1mos felhaszn\u00e1l\u00e1si m\u00f3dhoz alkalmas.<\/li>\n<li><strong>Tart\u00f3s m\u0171anyag sebess\u00e9gv\u00e1lt\u00f3<\/strong>A motor egy tart\u00f3s m\u0171anyag sebess\u00e9gv\u00e1lt\u00f3val van p\u00e1ros\u00edtva, ami hossz\u00fa \u00e9lettartamot biztos\u00edt \u00e9s cs\u00f6kkenti a szerelv\u00e9ny \u00f6sszt\u00f6meg\u00e9t, ami k\u00fcl\u00f6n\u00f6sen el\u0151ny\u00f6s a k\u00f6nny\u0171 alkalmaz\u00e1sokn\u00e1l.<\/li>\n<li><strong>Alacsony zajszint\u0171 m\u0171k\u00f6d\u00e9s<\/strong>A csendes m\u0171k\u00f6d\u00e9sre tervezett TGP02D-A130 ide\u00e1lis olyan alkalmaz\u00e1sokhoz, ahol a zajcs\u00f6kkent\u00e9s kritikus fontoss\u00e1g\u00fa, p\u00e9ld\u00e1ul h\u00e1ztart\u00e1si g\u00e9pekben \u00e9s j\u00e1t\u00e9kokban.<\/li>\n<li><strong>Sokoldal\u00fas\u00e1g<\/strong>Ez a motor rendk\u00edv\u00fcl sokoldal\u00fa, \u00e9s sz\u00e1mos eszk\u00f6zben haszn\u00e1lhat\u00f3, bele\u00e9rtve a robotrendszereket, modelleket, kis g\u00e9peket \u00e9s egy\u00e9b, prec\u00edz mozg\u00e1svez\u00e9rl\u00e9st ig\u00e9nyl\u0151 berendez\u00e9seket.<\/li>\n<\/ol>\n<p>\u00d6sszefoglalva, a TGP02D-A130 m\u0171anyag hajt\u00f3m\u0171motor megb\u00edzhat\u00f3, k\u00f6lts\u00e9ghat\u00e9kony \u00e9s hat\u00e9kony megold\u00e1s sz\u00e1mos kis \u00e9s k\u00f6zepes teljes\u00edtm\u00e9ny\u0171 alkalmaz\u00e1shoz. Egyes\u00edti a m\u0171anyag hajt\u00f3m\u0171 szil\u00e1rds\u00e1g\u00e1t az egyen\u00e1ram\u00fa motor pontoss\u00e1g\u00e1val, \u00edgy nagy teljes\u00edtm\u00e9nyt k\u00edn\u00e1l kompakt, sokoldal\u00fa kialak\u00edt\u00e1sban.<\/p>\n<h2>Az FMP-r\u0151l<\/h2>\n<p>Az FMP vezet\u0151 gy\u00e1rt\u00f3, amely nagy pontoss\u00e1g\u00fa sebess\u00e9gv\u00e1lt\u00f3k, hidraulikus hengerek, motorok, kard\u00e1ntengelyek, mikromotorok \u00e9s sz\u00e1mos egy\u00e9b alapvet\u0151 alkatr\u00e9sz tervez\u00e9s\u00e9ben, fejleszt\u00e9s\u00e9ben \u00e9s gy\u00e1rt\u00e1s\u00e1ban szerzett szak\u00e9rtelm\u00e9r\u0151l ismert. K\u00e9pzett csapatunk elk\u00f6telezetts\u00e9g\u00e9nek \u00e9s szak\u00e9rtelm\u00e9nek k\u00f6sz\u00f6nhet\u0151en kiemelked\u0151 szerepl\u0151v\u00e9 v\u00e1ltunk az ipar\u00e1gban. Term\u00e9keinket Eur\u00f3p\u00e1ban, \u00c9szak-Amerik\u00e1ban, D\u00e9lkelet-\u00c1zsi\u00e1ban \u00e9s m\u00e1s kulcsfontoss\u00e1g\u00fa glob\u00e1lis piacokon forgalmazzuk, ahol kiv\u00e1l\u00f3 h\u00edrnevet szereztek a min\u0151s\u00e9g, a megb\u00edzhat\u00f3s\u00e1g \u00e9s a teljes\u00edtm\u00e9ny ter\u00e9n.<\/p>\n<p>Az FMP-n\u00e9l korszer\u0171 gy\u00e1rt\u00f3l\u00e9tes\u00edtm\u00e9nyekkel rendelkez\u00fcnk, bele\u00e9rtve a t\u00e1gas gy\u00e1rt\u00f3m\u0171helyeket, modern irodater\u00fcleteket \u00e9s alkalmazotti sz\u00e1ll\u00e1sokat. Korszer\u0171 kutat\u00e1s-fejleszt\u00e9si, termel\u00e9si \u00e9s tesztel\u0151 berendez\u00e9seink lehet\u0151v\u00e9 teszik sz\u00e1munkra, hogy \u00fcgyfeleink sz\u00e1m\u00e1ra magasan specializ\u00e1lt, szem\u00e9lyre szabott megold\u00e1sokat k\u00edn\u00e1ljunk. Er\u0151s m\u0171szaki k\u00e9pess\u00e9geinkkel, hat\u00e9kony termel\u00e9si folyamatainkkal \u00e9s szil\u00e1rd ir\u00e1ny\u00edt\u00e1si rendszer\u00fcnkkel biztos\u00edtjuk, hogy minden term\u00e9k\u00fcnk megfeleljen, vagy meghaladja a legmagasabb ipar\u00e1gi szabv\u00e1nyokat.<\/p>\n<p>A min\u0151s\u00e9g minden tev\u00e9kenys\u00e9g\u00fcnk k\u00f6z\u00e9ppontj\u00e1ban \u00e1ll. Az anyagv\u00e1laszt\u00e1st\u00f3l \u00e9s a tervez\u00e9st\u0151l a gy\u00e1rt\u00e1son, a sz\u00e1ll\u00edt\u00e1son \u00e9s az \u00fcgyf\u00e9l-visszajelz\u00e9seken \u00e1t apr\u00f3l\u00e9kos figyelmet ford\u00edtunk a r\u00e9szletekre. Az \u00fcgyf\u00e9l-el\u00e9gedetts\u00e9g az els\u0151dleges c\u00e9lunk, \u00e9s elk\u00f6telezettek vagyunk amellett, hogy kiemelked\u0151 szolg\u00e1ltat\u00e1st ny\u00fajtsunk a teljes folyamat sor\u00e1n. Az FMP a hossz\u00fa t\u00e1v\u00fa, k\u00f6lcs\u00f6n\u00f6sen el\u0151ny\u00f6s kapcsolatokat helyezi el\u0151t\u00e9rbe \u00fcgyfeleivel, el\u0151seg\u00edtve a n\u00f6veked\u00e9st \u00e9s a sikert a r\u00f6vid t\u00e1v\u00fa profittal szemben.<\/p>\n<p>Mindig nyitottak vagyunk az egy\u00fcttm\u0171k\u00f6d\u00e9sre, \u00e9s \u00f6r\u00f6mmel \u00e9p\u00edt\u00fcnk egy f\u00e9nyesebb j\u00f6v\u0151t partnereinkkel egy\u00fctt. Testreszabott megold\u00e1sainkat \u00fagy tervezt\u00fck, hogy alkalmazkodjanak \u00fcgyfeleink v\u00e1ltoz\u00f3 ig\u00e9nyeihez, biztos\u00edtva, hogy minden projekt megkapja a meg\u00e9rdemelt teljes figyelmet \u00e9s szak\u00e9rtelmet. Ak\u00e1r standard term\u00e9kekre, ak\u00e1r egyedi megold\u00e1sokra van sz\u00fcks\u00e9ge, az FMP elk\u00f6telezett amellett, hogy minden l\u00e9p\u00e9sben t\u00e1mogassa az \u00d6n siker\u00e9t.<\/p>\n<p><img loading=\"lazy\" decoding=\"async\" class=\"alignnone size-full wp-image-3335\" src=\"https:\/\/fmp-components.com\/wp-content\/uploads\/2025\/01\/DC-motor-tgp01d-a130-product-1.webp\" alt=\"DC-motor-tgp01d-a130\" width=\"883\" height=\"574\" title=\"\" srcset=\"https:\/\/fmp-components.com\/wp-content\/uploads\/2025\/01\/DC-motor-tgp01d-a130-product-1.webp 883w, https:\/\/fmp-components.com\/wp-content\/uploads\/2025\/01\/DC-motor-tgp01d-a130-product-1-480x312.webp 480w\" sizes=\"(min-width: 0px) and (max-width: 480px) 480px, (min-width: 481px) 883px, 100vw\" \/><\/p>\n<p>Szerz\u0151: CX<\/p>","protected":false},"excerpt":{"rendered":"<p>Characters: 1. Double shaft.Small size 42.2mm*45.5mm*23mm 2. DC plastic gear motor with low speed and big torque 3. Suitable for small diameter, low noise, and big toque application 4. Reduction Ratio: 48\u3001120\u3001180\u3001220\u3001288 Mini DC Motor Technical Data Motor model No Rated voltage VDC No-load speed r\/min No-load current mA Stall torque g.cm Stall current A [&hellip;]<\/p>","protected":false},"featured_media":3351,"comment_status":"open","ping_status":"closed","template":"","meta":{"_et_pb_use_builder":"","_et_pb_old_content":"","_et_gb_content_width":""},"product_brand":[],"product_cat":[85],"product_tag":[],"class_list":{"0":"post-3341","1":"product","2":"type-product","3":"status-publish","4":"has-post-thumbnail","6":"product_cat-dc-motors","8":"first","9":"instock","10":"shipping-taxable","11":"product-type-simple"},"_links":{"self":[{"href":"https:\/\/fmp-components.com\/hu\/wp-json\/wp\/v2\/product\/3341","targetHints":{"allow":["GET"]}}],"collection":[{"href":"https:\/\/fmp-components.com\/hu\/wp-json\/wp\/v2\/product"}],"about":[{"href":"https:\/\/fmp-components.com\/hu\/wp-json\/wp\/v2\/types\/product"}],"replies":[{"embeddable":true,"href":"https:\/\/fmp-components.com\/hu\/wp-json\/wp\/v2\/comments?post=3341"}],"wp:featuredmedia":[{"embeddable":true,"href":"https:\/\/fmp-components.com\/hu\/wp-json\/wp\/v2\/media\/3351"}],"wp:attachment":[{"href":"https:\/\/fmp-components.com\/hu\/wp-json\/wp\/v2\/media?parent=3341"}],"wp:term":[{"taxonomy":"product_brand","embeddable":true,"href":"https:\/\/fmp-components.com\/hu\/wp-json\/wp\/v2\/product_brand?post=3341"},{"taxonomy":"product_cat","embeddable":true,"href":"https:\/\/fmp-components.com\/hu\/wp-json\/wp\/v2\/product_cat?post=3341"},{"taxonomy":"product_tag","embeddable":true,"href":"https:\/\/fmp-components.com\/hu\/wp-json\/wp\/v2\/product_tag?post=3341"}],"curies":[{"name":"munkaf\u00fczet","href":"https:\/\/api.w.org\/{rel}","templated":true}]}}