{"id":3339,"date":"2025-01-06T08:44:00","date_gmt":"2025-01-06T08:44:00","guid":{"rendered":"https:\/\/fmp-components.com\/?page_id=8"},"modified":"2025-01-07T01:03:57","modified_gmt":"2025-01-07T01:03:57","slug":"plastic-gearbox-mini-geared-motor-tgp01s-a130","status":"publish","type":"product","link":"https:\/\/fmp-components.com\/hu\/product\/plastic-gearbox-mini-geared-motor-tgp01s-a130\/","title":{"rendered":"M\u0171anyag sebess\u00e9gv\u00e1lt\u00f3 mini hajt\u00f3m\u0171ves motor TGP01S-A130"},"content":{"rendered":"<h2>M\u0171anyag sebess\u00e9gv\u00e1lt\u00f3 mini hajt\u00f3m\u0171ves motor TGP01S-A130<\/h2>\n<ul class=\"a-unordered-list a-vertical a-spacing-mini\">\n<li><span class=\"a-list-item\">TGP m\u0171anyag fogaskerekes hajt\u00f3m\u0171 plusz A130 \u00e1lland\u00f3 m\u00e1gneses egyen\u00e1ram\u00fa motor<\/span><\/li>\n<li><span class=\"a-list-item\">Kis m\u00e9ret\u0171 egyen\u00e1ram\u00fa hajt\u00f3m\u0171ves motor alacsony fordulatsz\u00e1mmal \u00e9s nagy nyomat\u00e9kkal<\/span><\/li>\n<li><span class=\"a-list-item\">kis \u00e1tm\u00e9r\u0151j\u0171, alacsony zajszint\u0171 \u00e9s nagy nyomat\u00e9k\u00fa alkalmaz\u00e1sokhoz alkalmas<\/span><\/li>\n<li><span class=\"a-list-item\">redukci\u00f3s ar\u00e1ny: 48, 120, 180, 220, 288<\/span><\/li>\n<\/ul>\n<h2 align=\"left\" data-spm-anchor-id=\"a2700.details.0.i21.36dd6237ZBajCj\">A mini hajt\u00f3m\u0171ves motor karakterei<\/h2>\n<ul>\n<li>Kis m\u00e9ret\u0171 egyen\u00e1ram\u00fa hajt\u00f3m\u0171ves motor alacsony fordulatsz\u00e1mmal \u00e9s nagy nyomat\u00e9kkal<\/li>\n<li>Kis \u00e1tm\u00e9r\u0151j\u0171 alkalmaz\u00e1sokhoz alkalmas. Alacsony zajszint \u00e9s nagy nyomat\u00e9k\u00fa alkalmaz\u00e1s.<\/li>\n<li>Redukci\u00f3s ar\u00e1ny: 48, 120, 180, 220, 288<\/li>\n<li>Egytengelyes. Kis m\u00e9ret 18,7 mm * 22,3 mm * 64,5 mm<\/li>\n<li>DC m\u0171anyag hajt\u00f3m\u0171ves motor alacsony fordulatsz\u00e1mmal \u00e9s nagy nyomat\u00e9kkal<\/li>\n<\/ul>\n<p><img loading=\"lazy\" decoding=\"async\" class=\"alignnone size-full wp-image-3342\" src=\"https:\/\/fmp-components.com\/wp-content\/uploads\/2025\/01\/fmp_2.TGP010-A130-2.webp\" alt=\"fmp_2.TGP010-A130-2\" width=\"837\" height=\"522\" title=\"\" srcset=\"https:\/\/fmp-components.com\/wp-content\/uploads\/2025\/01\/fmp_2.TGP010-A130-2.webp 837w, https:\/\/fmp-components.com\/wp-content\/uploads\/2025\/01\/fmp_2.TGP010-A130-2-480x299.webp 480w\" sizes=\"(min-width: 0px) and (max-width: 480px) 480px, (min-width: 481px) 837px, 100vw\" \/><\/p>\n<h2>Mini DC motor m\u0171szaki adatai<\/h2>\n<table style=\"width: 96.6375%; height: 144px;\" border=\"1\">\n<tbody>\n<tr>\n<td>Motor modell sz\u00e1ma<\/td>\n<td>N\u00e9vleges fesz\u00fclts\u00e9g<br \/>\nEgyen\u00e1ram\u00fa fesz\u00fclts\u00e9g<\/td>\n<td>\u00dcresj\u00e1rati fordulatsz\u00e1m<br \/>\nfordulat\/perc<\/td>\n<td>Terhel\u00e9s n\u00e9lk\u00fcli \u00e1ram<br \/>\nmA<\/td>\n<td>Le\u00e1ll\u00e1si nyomat\u00e9k<br \/>\ng.cm<\/td>\n<td>\u00c1thidal\u00f3\u00e1ram<br \/>\nEgy<\/td>\n<\/tr>\n<tr>\n<td>TFE-130RA-12215<\/td>\n<td>6.0<\/td>\n<td>11500<\/td>\n<td>120<\/td>\n<td>20<\/td>\n<td>0.85<\/td>\n<\/tr>\n<tr>\n<td>TFE-130RA-14175<\/td>\n<td>3.0<\/td>\n<td>8000<\/td>\n<td>120<\/td>\n<td>13<\/td>\n<td>0.70<\/td>\n<\/tr>\n<tr>\n<td>TFE-130RA-18100<\/td>\n<td>3.0<\/td>\n<td>11500<\/td>\n<td>250<\/td>\n<td>20<\/td>\n<td>1.80<\/td>\n<\/tr>\n<\/tbody>\n<\/table>\n<h2>Hajt\u00f3m\u0171motor m\u0171szaki adatai<\/h2>\n<table style=\"width: 96.6375%; height: 120px;\" border=\"1\">\n<tbody>\n<tr style=\"height: 30px;\">\n<th style=\"height: 30px; width: 32.774%; text-align: left;\">Sebess\u00e9gv\u00e1lt\u00f3 modell<\/th>\n<td style=\"height: 30px; width: 66.5548%;\">TGP01D-A130-12215-XXX<\/td>\n<\/tr>\n<tr style=\"height: 30px;\">\n<th style=\"height: 30px; width: 32.774%; text-align: left;\">Redukci\u00f3s ar\u00e1nyok<\/th>\n<td style=\"height: 30px; width: 66.5548%;\">48, 120, 180, 220, 288<\/td>\n<\/tr>\n<tr style=\"height: 30px;\">\n<th style=\"height: 30px; width: 32.774%; text-align: left;\">Terhel\u00e9s n\u00e9lk\u00fcli fordulatsz\u00e1mok (ford\/perc)<\/th>\n<td style=\"height: 30px; width: 66.5548%;\">230, 90, 60, 50, 38<\/td>\n<\/tr>\n<tr style=\"height: 30px;\">\n<th style=\"height: 30px; width: 32.774%; text-align: left;\">Max. pillanatnyi t\u0171r\u00e9shat\u00e1r (kg.cm)<\/th>\n<td style=\"height: 30px; width: 66.5548%;\">0.7, 1.4, 2.0, 2.2, 2.8<\/td>\n<\/tr>\n<\/tbody>\n<\/table>\n<h2>Sebess\u00e9gv\u00e1lt\u00f3 motorral<\/h2>\n<table style=\"width: 96.6375%; height: 96px;\" border=\"1\">\n<tbody>\n<tr style=\"height: 24px;\">\n<th style=\"height: 24px; text-align: left; width: 38.4787%;\">Sebess\u00e9gv\u00e1lt\u00f3 modell<\/th>\n<td style=\"height: 24px; width: 60.8501%;\">TGP01D-A130-14175-XXX<\/td>\n<\/tr>\n<tr style=\"height: 24px;\">\n<th style=\"height: 24px; text-align: left; width: 38.4787%;\">Redukci\u00f3s ar\u00e1nyok<\/th>\n<td style=\"height: 24px; width: 60.8501%;\">48, 120, 180, 220, 288<\/td>\n<\/tr>\n<tr style=\"height: 24px;\">\n<th style=\"height: 24px; text-align: left; width: 38.4787%;\">Terhel\u00e9s n\u00e9lk\u00fcli fordulatsz\u00e1mok (ford\/perc)<\/th>\n<td style=\"height: 24px; width: 60.8501%;\">150, 60, 40, 33, 25<\/td>\n<\/tr>\n<tr style=\"height: 24px;\">\n<th style=\"height: 24px; text-align: left; width: 38.4787%;\">Max. pillanatnyi t\u0171r\u00e9shat\u00e1r (kg.cm)<\/th>\n<td style=\"height: 24px; width: 60.8501%;\">0.5, 0.9, 1.2, 1.4, 1.8<\/td>\n<\/tr>\n<\/tbody>\n<\/table>\n<table style=\"width: 96.6375%; height: 120px;\" border=\"1\">\n<tbody>\n<tr>\n<th style=\"text-align: left; width: 38.5906%;\">Sebess\u00e9gv\u00e1lt\u00f3 modell<\/th>\n<td style=\"width: 60.7383%;\">TGP01D-A130-18100-XXX<\/td>\n<\/tr>\n<tr>\n<th style=\"text-align: left; width: 38.5906%;\">Redukci\u00f3s ar\u00e1nyok<\/th>\n<td style=\"width: 60.7383%;\">48, 120, 180, 220, 288<\/td>\n<\/tr>\n<tr>\n<th style=\"text-align: left; width: 38.5906%;\">Terhel\u00e9s n\u00e9lk\u00fcli fordulatsz\u00e1mok (ford\/perc)<\/th>\n<td style=\"width: 60.7383%;\">230, 90, 60, 50, 38<\/td>\n<\/tr>\n<tr>\n<th style=\"text-align: left; width: 38.5906%;\">Max. pillanatnyi t\u0171r\u00e9shat\u00e1r (kg.cm)<\/th>\n<td style=\"width: 60.7383%;\">0.7, 1.4, 2.0, 2.2, 2.8<\/td>\n<\/tr>\n<\/tbody>\n<\/table>\n<h2>Egy\u00e9b M\u0171anyag sebess\u00e9gv\u00e1lt\u00f3 plusz A130 DC motor<\/h2>\n<table style=\"width: 100%; height: 71px;\" border=\"1\" width=\"100%\" cellspacing=\"0\" cellpadding=\"0\">\n<tbody>\n<tr style=\"height: 13.8pt;\">\n<td style=\"height: 13px; width: 49.892%;\" align=\"right\" width=\"64\" height=\"18\"><img loading=\"lazy\" decoding=\"async\" class=\"alignnone size-full wp-image-3344\" src=\"https:\/\/fmp-components.com\/wp-content\/uploads\/2025\/01\/fmp_1.TGP010-A130-1-1.webp\" alt=\"fmp_1.TGP010-A130-1-1\" width=\"600\" height=\"600\" title=\"\" srcset=\"https:\/\/fmp-components.com\/wp-content\/uploads\/2025\/01\/fmp_1.TGP010-A130-1-1.webp 600w, https:\/\/fmp-components.com\/wp-content\/uploads\/2025\/01\/fmp_1.TGP010-A130-1-1-480x480.webp 480w\" sizes=\"(min-width: 0px) and (max-width: 480px) 480px, (min-width: 481px) 600px, 100vw\" \/><\/td>\n<td style=\"width: 49.892%; height: 13px;\" align=\"right\" width=\"64\"><img loading=\"lazy\" decoding=\"async\" class=\"alignnone size-full wp-image-3345\" src=\"https:\/\/fmp-components.com\/wp-content\/uploads\/2025\/01\/fmp_2.TGP010-A130-1-1.webp\" alt=\"fmp_2.TGP010-A130-1-1\" width=\"600\" height=\"600\" title=\"\" srcset=\"https:\/\/fmp-components.com\/wp-content\/uploads\/2025\/01\/fmp_2.TGP010-A130-1-1.webp 600w, https:\/\/fmp-components.com\/wp-content\/uploads\/2025\/01\/fmp_2.TGP010-A130-1-1-480x480.webp 480w\" sizes=\"(min-width: 0px) and (max-width: 480px) 480px, (min-width: 481px) 600px, 100vw\" \/><\/td>\n<\/tr>\n<tr style=\"height: 22px;\">\n<td style=\"height: 22px; text-align: center;\"><strong>TGP01D-A130<\/strong><\/td>\n<td style=\"height: 22px; text-align: center;\"><strong>TGP01S-A130<\/strong><\/td>\n<\/tr>\n<tr style=\"height: 13.8pt;\">\n<td style=\"height: 13px; width: 49.892%;\" align=\"right\" height=\"18\"><img loading=\"lazy\" decoding=\"async\" class=\"alignnone size-full wp-image-3346\" src=\"https:\/\/fmp-components.com\/wp-content\/uploads\/2025\/01\/fmp_3.TGP010-A130-1.webp\" alt=\"fmp_3.TGP010-A130-1\" width=\"600\" height=\"600\" title=\"\" srcset=\"https:\/\/fmp-components.com\/wp-content\/uploads\/2025\/01\/fmp_3.TGP010-A130-1.webp 600w, https:\/\/fmp-components.com\/wp-content\/uploads\/2025\/01\/fmp_3.TGP010-A130-1-480x480.webp 480w\" sizes=\"(min-width: 0px) and (max-width: 480px) 480px, (min-width: 481px) 600px, 100vw\" \/><\/td>\n<td style=\"width: 49.892%; height: 13px;\" align=\"right\"><img loading=\"lazy\" decoding=\"async\" class=\"alignnone size-full wp-image-3347\" src=\"https:\/\/fmp-components.com\/wp-content\/uploads\/2025\/01\/fmp_4.TGP010-A130-1.webp\" alt=\"fmp_4.TGP010-A130-1\" width=\"600\" height=\"600\" title=\"\" srcset=\"https:\/\/fmp-components.com\/wp-content\/uploads\/2025\/01\/fmp_4.TGP010-A130-1.webp 600w, https:\/\/fmp-components.com\/wp-content\/uploads\/2025\/01\/fmp_4.TGP010-A130-1-480x480.webp 480w\" sizes=\"(min-width: 0px) and (max-width: 480px) 480px, (min-width: 481px) 600px, 100vw\" \/><\/td>\n<\/tr>\n<tr style=\"height: 23px;\">\n<td style=\"height: 23px; text-align: center;\"><strong>TGP02D-A130<\/strong><\/td>\n<td style=\"height: 23px; text-align: center;\"><strong>TGP02S-A130<\/strong><\/td>\n<\/tr>\n<\/tbody>\n<\/table>\n<h2 data-pm-slice=\"0 0 []\">A TGP01S-A130 m\u0171anyag sebess\u00e9gv\u00e1lt\u00f3 mini hajt\u00f3m\u0171ves motorj\u00e1nak jellemz\u0151i<\/h2>\n<p>A TGP01S-A130 m\u0171anyag hajt\u00f3m\u0171ves mini hajt\u00f3m\u0171ves motor egy kompakt, k\u00f6nny\u0171 \u00e9s hat\u00e9kony motor, amelyet kism\u00e9ret\u0171 alkalmaz\u00e1sokhoz terveztek, ahol a hely \u00e9s a s\u00faly d\u00f6nt\u0151 fontoss\u00e1g\u00fa. Ez a motor egy m\u0171anyag hajt\u00f3m\u0171vet egy mini egyen\u00e1ram\u00fa motorral integr\u00e1l, \u00edgy sokoldal\u00fas\u00e1got \u00e9s megb\u00edzhat\u00f3s\u00e1got k\u00edn\u00e1l k\u00fcl\u00f6nf\u00e9le alkalmaz\u00e1sokban. \u00cdme a TGP01S-A130 modell f\u0151bb jellemz\u0151i:<\/p>\n<ol>\n<li><strong>Kompakt \u00e9s k\u00f6nny\u0171 kialak\u00edt\u00e1s<\/strong>:\n<ul>\n<li>A TGP01S-A130 kompakt fel\u00e9p\u00edt\u00e9s\u0171, \u00edgy ide\u00e1lis olyan alkalmaz\u00e1sokhoz, ahol korl\u00e1tozott a hely. A k\u00f6nny\u0171 m\u0171anyag hajt\u00f3m\u0171 cs\u00f6kkenti a motor \u00f6sszt\u00f6meg\u00e9t, lehet\u0151v\u00e9 t\u00e9ve a k\u00f6nny\u0171 integr\u00e1l\u00e1st kisebb eszk\u00f6z\u00f6kbe \u00e9s rendszerekbe.<\/li>\n<\/ul>\n<\/li>\n<li><strong>M\u0171anyag sebess\u00e9gv\u00e1lt\u00f3 \u00e9p\u00edt\u00e9se<\/strong>:\n<ul>\n<li>A hajt\u00f3m\u0171ben haszn\u00e1lt tart\u00f3s m\u0171anyag k\u00f6nny\u0171, m\u00e9gis er\u0151s szerkezetet biztos\u00edt, amely z\u00f6kken\u0151mentes m\u0171k\u00f6d\u00e9st biztos\u00edt, mik\u00f6zben a motor k\u00f6lts\u00e9ghat\u00e9kony marad. A m\u0171anyag anyag a m\u0171k\u00f6d\u00e9s k\u00f6zbeni zajszintet is cs\u00f6kkenti.<\/li>\n<\/ul>\n<\/li>\n<li><strong>Nagy nyomat\u00e9kkimenet<\/strong>:\n<ul>\n<li>Kis m\u00e9rete ellen\u00e9re a TGP01S-A130 j\u00f3 egyens\u00falyt k\u00edn\u00e1l a nyomat\u00e9k \u00e9s a sebess\u00e9g k\u00f6z\u00f6tt, \u00edgy alkalmas olyan feladatokra, amelyek m\u00e9rs\u00e9kelt nyomat\u00e9kot ig\u00e9nyelnek, p\u00e9ld\u00e1ul kis kerekek, aktu\u00e1torok vagy m\u00e1s k\u00f6nny\u0171 g\u00e9pek meghajt\u00e1s\u00e1ra.<\/li>\n<\/ul>\n<\/li>\n<li><strong>Hat\u00e9kony er\u0151\u00e1tvitel<\/strong>:\n<ul>\n<li>A hajt\u00f3m\u0171ves motort hat\u00e9kony er\u0151\u00e1tvitelre tervezt\u00e9k, optimaliz\u00e1lva az elektromos energia felhaszn\u00e1l\u00e1s\u00e1t, mik\u00f6zben minimaliz\u00e1lja a vesztes\u00e9geket. Ez\u00e1ltal a motor ide\u00e1lis akkumul\u00e1toros eszk\u00f6z\u00f6kh\u00f6z \u00e9s nagy hat\u00e1sfokot ig\u00e9nyl\u0151 alkalmaz\u00e1sokhoz.<\/li>\n<\/ul>\n<\/li>\n<li><strong>Sima \u00e9s csendes m\u0171k\u00f6d\u00e9s<\/strong>:\n<ul>\n<li>Prec\u00edzi\u00f3san gy\u00e1rtott m\u0171anyag sebess\u00e9gv\u00e1lt\u00f3j\u00e1nak k\u00f6sz\u00f6nhet\u0151en a motor csendesen \u00e9s sim\u00e1n m\u0171k\u00f6dik, \u00edgy nagyszer\u0171 v\u00e1laszt\u00e1s olyan alkalmaz\u00e1sokhoz, ahol fontos a zajcs\u00f6kkent\u00e9s, p\u00e9ld\u00e1ul j\u00e1t\u00e9kokban, orvostechnikai eszk\u00f6z\u00f6kben vagy h\u00e1ztart\u00e1si g\u00e9pekben.<\/li>\n<\/ul>\n<\/li>\n<\/ol>\n<p>A TGP01S-A130 m\u0171anyag hajt\u00f3m\u0171ves mini hajt\u00f3m\u0171ves motor kompakt m\u00e9retet, alacsony energiafogyaszt\u00e1st, nagy nyomat\u00e9kot \u00e9s csendes m\u0171k\u00f6d\u00e9st \u00f6tv\u00f6z egy k\u00f6lts\u00e9ghat\u00e9kony, sokoldal\u00fa csomagban. Tart\u00f3ss\u00e1ga, hat\u00e9konys\u00e1ga \u00e9s sz\u00e9les fesz\u00fclts\u00e9gtartom\u00e1nya ide\u00e1liss\u00e1 teszi sz\u00e9les k\u00f6r\u0171 alkalmaz\u00e1sokhoz, a robotik\u00e1t\u00f3l a fogyaszt\u00f3i term\u00e9kekig.<\/p>\n<h2>Az FMP-r\u0151l<\/h2>\n<p>Az FMP egy vezet\u0151 gy\u00e1rt\u00f3, amely nagy pontoss\u00e1g\u00fa sebess\u00e9gv\u00e1lt\u00f3k, hidraulikus hengerek, motorok, kard\u00e1ntengelyek, mikromotorok \u00e9s sz\u00e1mos m\u00e1s kritikus alkatr\u00e9sz tervez\u00e9s\u00e9re, fejleszt\u00e9s\u00e9re \u00e9s gy\u00e1rt\u00e1s\u00e1ra specializ\u00e1l\u00f3dott. K\u00e9pzett csapatunk elk\u00f6telezetts\u00e9g\u00e9nek \u00e9s kem\u00e9ny munk\u00e1j\u00e1nak k\u00f6sz\u00f6nhet\u0151en vezet\u0151 szerepet t\u00f6lt\u00fcnk be az ipar\u00e1gban. Term\u00e9keink sz\u00e9les k\u00f6rben elterjedtek Eur\u00f3p\u00e1ban, \u00c9szak-Amerik\u00e1ban, D\u00e9lkelet-\u00c1zsi\u00e1ban \u00e9s m\u00e1s kulcsfontoss\u00e1g\u00fa piacokon, er\u0151s h\u00edrnevet szerezve a min\u0151s\u00e9g \u00e9s a kiv\u00e1l\u00f3s\u00e1g ter\u00e9n. \u00dcgyfeleink k\u00f6vetkezetesen dics\u00e9rik term\u00e9keink teljes\u00edtm\u00e9ny\u00e9t \u00e9s megb\u00edzhat\u00f3s\u00e1g\u00e1t.<\/p>\n<p>Az FMP-n\u00e9l a legmodernebb gy\u00e1rt\u00f3l\u00e9tes\u00edtm\u00e9nyekkel rendelkez\u00fcnk, bele\u00e9rtve a t\u00e1gas gy\u00e1rt\u00f3m\u0171helyeket, irodater\u00fcleteket \u00e9s alkalmazotti sz\u00e1ll\u00e1sokat. Emellett \u00e9lvonalbeli K+F, gy\u00e1rt\u00f3- \u00e9s tesztel\u0151berendez\u00e9sekkel is rendelkez\u00fcnk. Elk\u00f6telezett m\u00e9rn\u00f6ki, formagy\u00e1rt\u00f3 \u00e9s \u00f6sszeszerel\u0151 r\u00e9szlegeink j\u00f3l felszereltek ahhoz, hogy teljesen testreszabott megold\u00e1sokat k\u00edn\u00e1ljanak, amelyek minden \u00fcgyf\u00e9l egyedi ig\u00e9nyeit kiel\u00e9g\u00edtik. Robusztus m\u0171szaki alapokkal, korszer\u0171s\u00edtett gy\u00e1rt\u00e1si folyamatokkal \u00e9s hat\u00e9kony ir\u00e1ny\u00edt\u00e1si rendszerrel az FMP biztos\u00edtja, hogy minden term\u00e9k megfeleljen a legmagasabb ipar\u00e1gi szabv\u00e1nyoknak.<\/p>\n<p>A min\u0151s\u00e9g \u00e1ll m\u0171k\u00f6d\u00e9s\u00fcnk k\u00f6z\u00e9ppontj\u00e1ban. Az anyagv\u00e1laszt\u00e1st\u00f3l \u00e9s a tervez\u00e9st\u0151l a gy\u00e1rt\u00e1son, a sz\u00e1ll\u00edt\u00e1son \u00e9s az \u00fcgyf\u00e9l-visszajelz\u00e9seken \u00e1t minden r\u00e9szletre odafigyel\u00fcnk. Az \u00fcgyf\u00e9l-el\u00e9gedetts\u00e9g a legfontosabb priorit\u00e1sunk, \u00e9s elk\u00f6telezettek vagyunk amellett, hogy a folyamat minden szakasz\u00e1ban kiv\u00e9teles szolg\u00e1ltat\u00e1st ny\u00fajtsunk. Az FMP nem a t\u00falzott profitra, hanem az \u00fcgyfeleinkkel val\u00f3 hossz\u00fa t\u00e1v\u00fa, k\u00f6lcs\u00f6n\u00f6sen el\u0151ny\u00f6s partners\u00e9gek ki\u00e9p\u00edt\u00e9s\u00e9re \u00f6sszpontos\u00edt, biztos\u00edtva a fenntarthat\u00f3 n\u00f6veked\u00e9st \u00e9s sikert.<\/p>\n<p>\u00d6r\u00f6mmel fogadjuk az egy\u00fcttm\u0171k\u00f6d\u00e9si lehet\u0151s\u00e9geket, \u00e9s izgatottan v\u00e1rjuk, hogy partnereinkkel f\u00e9nyesebb j\u00f6v\u0151t teremts\u00fcnk. Testreszabott megold\u00e1sainkat \u00fagy tervezt\u00fck, hogy megfeleljenek \u00fcgyfeleink v\u00e1ltoz\u00f3 ig\u00e9nyeinek, biztos\u00edtva, hogy minden projekt megkapja a meg\u00e9rdemelt teljes figyelmet \u00e9s szak\u00e9rtelmet. Ak\u00e1r standard term\u00e9keket, ak\u00e1r egyedi megold\u00e1sokat keres, az FMP elk\u00f6telezett amellett, hogy minden l\u00e9p\u00e9sben t\u00e1mogassa az \u00d6n siker\u00e9t.<\/p>\n<p><img loading=\"lazy\" decoding=\"async\" class=\"alignnone size-full wp-image-3335\" src=\"https:\/\/fmp-components.com\/wp-content\/uploads\/2025\/01\/DC-motor-tgp01d-a130-product-1.webp\" alt=\"DC-motor-tgp01d-a130\" width=\"883\" height=\"574\" title=\"\" srcset=\"https:\/\/fmp-components.com\/wp-content\/uploads\/2025\/01\/DC-motor-tgp01d-a130-product-1.webp 883w, https:\/\/fmp-components.com\/wp-content\/uploads\/2025\/01\/DC-motor-tgp01d-a130-product-1-480x312.webp 480w\" sizes=\"(min-width: 0px) and (max-width: 480px) 480px, (min-width: 481px) 883px, 100vw\" \/><\/p>\n<p>Szerz\u0151: CX<\/p>","protected":false},"excerpt":{"rendered":"<p>Plastic Gearbox Mini Geared Motor TGP01S-A130 TGP plastic gears gearbox plus A130 permanent magnet DC motor small size dc gear motor with low speed and big torque suitable to small diameter, low noise, and big torque application reduction ratio: 48,120,180,220,288 Characters of Mini Geared Motor Small size dc gear motor with low speed and big [&hellip;]<\/p>","protected":false},"featured_media":3340,"comment_status":"open","ping_status":"closed","template":"","meta":{"_et_pb_use_builder":"","_et_pb_old_content":"","_et_gb_content_width":""},"product_brand":[],"product_cat":[85],"product_tag":[],"class_list":{"0":"post-3339","1":"product","2":"type-product","3":"status-publish","4":"has-post-thumbnail","6":"product_cat-dc-motors","8":"first","9":"instock","10":"shipping-taxable","11":"product-type-simple"},"_links":{"self":[{"href":"https:\/\/fmp-components.com\/hu\/wp-json\/wp\/v2\/product\/3339","targetHints":{"allow":["GET"]}}],"collection":[{"href":"https:\/\/fmp-components.com\/hu\/wp-json\/wp\/v2\/product"}],"about":[{"href":"https:\/\/fmp-components.com\/hu\/wp-json\/wp\/v2\/types\/product"}],"replies":[{"embeddable":true,"href":"https:\/\/fmp-components.com\/hu\/wp-json\/wp\/v2\/comments?post=3339"}],"wp:featuredmedia":[{"embeddable":true,"href":"https:\/\/fmp-components.com\/hu\/wp-json\/wp\/v2\/media\/3340"}],"wp:attachment":[{"href":"https:\/\/fmp-components.com\/hu\/wp-json\/wp\/v2\/media?parent=3339"}],"wp:term":[{"taxonomy":"product_brand","embeddable":true,"href":"https:\/\/fmp-components.com\/hu\/wp-json\/wp\/v2\/product_brand?post=3339"},{"taxonomy":"product_cat","embeddable":true,"href":"https:\/\/fmp-components.com\/hu\/wp-json\/wp\/v2\/product_cat?post=3339"},{"taxonomy":"product_tag","embeddable":true,"href":"https:\/\/fmp-components.com\/hu\/wp-json\/wp\/v2\/product_tag?post=3339"}],"curies":[{"name":"munkaf\u00fczet","href":"https:\/\/api.w.org\/{rel}","templated":true}]}}