{"id":3319,"date":"2025-01-06T06:55:29","date_gmt":"2025-01-06T06:55:29","guid":{"rendered":"https:\/\/fmp-components.com\/?page_id=8"},"modified":"2025-01-06T06:55:29","modified_gmt":"2025-01-06T06:55:29","slug":"agriculture-gearbox-for-hay-tedder-fmp04","status":"publish","type":"product","link":"https:\/\/fmp-components.com\/hu\/product\/agriculture-gearbox-for-hay-tedder-fmp04\/","title":{"rendered":"Mez\u0151gazdas\u00e1gi sebess\u00e9gv\u00e1lt\u00f3 sz\u00e9na rendsodr\u00f3hoz FMP04"},"content":{"rendered":"<h2>Mez\u0151gazdas\u00e1gi sebess\u00e9gv\u00e1lt\u00f3 sz\u00e9nakazalhoz FMP04 specifik\u00e1ci\u00f3 <img loading=\"lazy\" decoding=\"async\" class=\"alignnone  wp-image-3321\" src=\"https:\/\/fmp-components.com\/wp-content\/uploads\/2025\/01\/agricutural-gearbox-ep04.png\" alt=\"mez\u0151gazdas\u00e1gi-sebess\u00e9gv\u00e1lt\u00f3-fmp04\" width=\"820\" height=\"859\" title=\"\" srcset=\"https:\/\/fmp-components.com\/wp-content\/uploads\/2025\/01\/agricutural-gearbox-ep04.png 820w, https:\/\/fmp-components.com\/wp-content\/uploads\/2025\/01\/agricutural-gearbox-ep04-480x503.png 480w\" sizes=\"(min-width: 0px) and (max-width: 480px) 480px, (min-width: 481px) 820px, 100vw\" \/><\/h2>\n<table style=\"width: 86.9315%; height: 69px;\" border=\"1\" width=\"100%\" cellspacing=\"0\" cellpadding=\"0\">\n<tbody>\n<tr style=\"height: 23px;\">\n<th style=\"width: 40.3888%; height: 23px;\">H\u00e1nyados<\/th>\n<td style=\"width: 46.0249%; height: 23px;\">2:1<\/td>\n<\/tr>\n<tr style=\"height: 23px;\">\n<th style=\"width: 40.3888%; height: 23px;\">Bemeneti sebess\u00e9g<\/th>\n<td style=\"width: 46.0249%; height: 23px;\">305 fordulat\/perc<\/td>\n<\/tr>\n<tr style=\"height: 23px;\">\n<th style=\"width: 40.3888%; height: 23px;\">Bemeneti tengely<\/th>\n<td style=\"width: 46.0249%; height: 23px;\">X<\/td>\n<\/tr>\n<\/tbody>\n<\/table>\n<h2>A sz\u00e9na rendforgat\u00f3 mez\u0151gazdas\u00e1gi sebess\u00e9gv\u00e1lt\u00f3 FMP04 jellemz\u0151i<\/h2>\n<p>Az FMP04 sz\u00e9naforgat\u00f3 mez\u0151gazdas\u00e1gi sebess\u00e9gv\u00e1lt\u00f3t kifejezetten mez\u0151gazdas\u00e1gi g\u00e9pekhez, k\u00fcl\u00f6n\u00f6sen sz\u00e9naforgat\u00f3khoz tervezt\u00e9k. Ez a sebess\u00e9gv\u00e1lt\u00f3 a tart\u00f3ss\u00e1g, a prec\u00edzi\u00f3 \u00e9s a nagy teljes\u00edtm\u00e9ny kombin\u00e1ci\u00f3j\u00e1t k\u00edn\u00e1lja, biztos\u00edtva az optim\u00e1lis m\u0171k\u00f6d\u00e9st ig\u00e9nyes mez\u0151gazdas\u00e1gi k\u00f6rnyezetben. \u00cdme az FMP04 sz\u00e9naforgat\u00f3 mez\u0151gazdas\u00e1gi sebess\u00e9gv\u00e1lt\u00f3 n\u00e9h\u00e1ny f\u0151bb jellemz\u0151je:<\/p>\n<p>1. <strong>Nagy tart\u00f3ss\u00e1g<\/strong><\/p>\n<ul>\n<li>A kiv\u00e1l\u00f3 min\u0151s\u00e9g\u0171 anyagokb\u00f3l k\u00e9sz\u00fclt FMP04 sebess\u00e9gv\u00e1lt\u00f3 ellen\u00e1ll a mez\u0151gazdas\u00e1gi ter\u00fcletek zord k\u00f6r\u00fclm\u00e9nyeinek, biztos\u00edtva a hossz\u00fa t\u00e1v\u00fa teljes\u00edtm\u00e9nyt \u00e9s megb\u00edzhat\u00f3s\u00e1got.<\/li>\n<\/ul>\n<p>2. <strong>Prec\u00edzi\u00f3s m\u00e9rn\u00f6ki munka<\/strong><\/p>\n<ul>\n<li>A r\u00e9szletekre val\u00f3 apr\u00f3l\u00e9kos odafigyel\u00e9ssel tervezett sebess\u00e9gv\u00e1lt\u00f3 biztos\u00edtja a sima \u00e9s hat\u00e9kony er\u0151\u00e1tvitelt, n\u00f6velve a sz\u00e9na rendter\u00edt\u0151k m\u0171k\u00f6d\u00e9si hat\u00e9konys\u00e1g\u00e1t.<\/li>\n<\/ul>\n<p>3. <strong>Kompakt \u00e9s robusztus kialak\u00edt\u00e1s<\/strong><\/p>\n<ul>\n<li>Kompakt kialak\u00edt\u00e1s\u00e1nak k\u00f6sz\u00f6nhet\u0151en k\u00f6nnyebben integr\u00e1lhat\u00f3 k\u00fcl\u00f6nf\u00e9le sz\u00e9naforgat\u00f3 modellekbe, m\u00edg robusztus konstrukci\u00f3ja kop\u00e1s\u00e1ll\u00f3s\u00e1got biztos\u00edt m\u00e9g nagy ig\u00e9nybev\u00e9tel eset\u00e9n is.<\/li>\n<\/ul>\n<p>4. <strong>Hat\u00e9kony er\u0151\u00e1tvitel<\/strong><\/p>\n<ul>\n<li>Az optimaliz\u00e1lt \u00e1tt\u00e9telek biztos\u00edtj\u00e1k a hat\u00e9kony er\u0151\u00e1tvitelt a kard\u00e1ntengelyr\u0151l a rendter\u00edt\u0151 alkatr\u00e9szeire, minimaliz\u00e1lva az energiavesztes\u00e9get \u00e9s maximaliz\u00e1lva a m\u0171k\u00f6d\u00e9si hat\u00e9konys\u00e1got.<\/li>\n<\/ul>\n<p>5. <strong>K\u00f6nny\u0171 karbantart\u00e1s<\/strong><\/p>\n<ul>\n<li>Az FMP04 sebess\u00e9gv\u00e1lt\u00f3t a k\u00f6nny\u0171 karbantart\u00e1s \u00e9rdek\u00e9ben tervezt\u00e9k, felhaszn\u00e1l\u00f3bar\u00e1t funkci\u00f3kkal, amelyek lehet\u0151v\u00e9 teszik a gyors ellen\u0151rz\u00e9st \u00e9s szervizel\u00e9st, minimaliz\u00e1lva az \u00e1ll\u00e1sid\u0151t a forgalmas mez\u0151gazdas\u00e1gi szezonban.<\/li>\n<\/ul>\n<p>Az FMP04 sz\u00e9naforgat\u00f3 mez\u0151gazdas\u00e1gi hajt\u00f3m\u0171 kiv\u00e1l\u00f3 v\u00e1laszt\u00e1s azoknak a gazd\u00e1lkod\u00f3knak, akik tart\u00f3s, hat\u00e9kony \u00e9s sokoldal\u00fa megold\u00e1st keresnek sz\u00e9naforgat\u00e1si m\u0171veleteikhez, optim\u00e1lis er\u0151\u00e1tvitelt \u00e9s hossz\u00fa t\u00e1v\u00fa megb\u00edzhat\u00f3s\u00e1got biztos\u00edtva.<\/p>\n<h2>Az FMP-r\u0151l<\/h2>\n<p>Az olaszorsz\u00e1gi sz\u00e9khely\u0171 FMP kiemelked\u0151 vezet\u0151 szerepet t\u00f6lt be a nagy teljes\u00edtm\u00e9ny\u0171 sebess\u00e9gv\u00e1lt\u00f3k tervez\u00e9s\u00e9ben, fejleszt\u00e9s\u00e9ben \u00e9s gy\u00e1rt\u00e1s\u00e1ban, k\u00fcl\u00f6n\u00f6s tekintettel a mez\u0151gazdas\u00e1gi g\u00e9piparra. A prec\u00edzi\u00f3s m\u00e9rn\u00f6ki munk\u00e1r\u00f3l, innovat\u00edv megold\u00e1sokr\u00f3l \u00e9s rend\u00edthetetlen megb\u00edzhat\u00f3s\u00e1gr\u00f3l ismert FMP megb\u00edzhat\u00f3 partnerr\u00e9 v\u00e1lt mind a mez\u0151gazdas\u00e1gi, mind az ipari piacon. Kiterjedt portf\u00f3li\u00f3nk mag\u00e1ban foglalja a f\u0171ny\u00edr\u00f3khoz, kard\u00e1ntengelyekhez \u00e9s m\u00e1s kritikus alkatr\u00e9szekhez k\u00e9sz\u00fclt, egyedi tervez\u00e9s\u0171 sebess\u00e9gv\u00e1lt\u00f3kat, amelyek mindegyik\u00e9t a k\u00fcl\u00f6nb\u00f6z\u0151 alkalmaz\u00e1sok egyedi ig\u00e9nyeinek kiel\u00e9g\u00edt\u00e9s\u00e9re tervezt\u00fck.<\/p>\n<p>Az FMP-n\u00e9l felismerj\u00fck, hogy minden \u00fcgyf\u00e9lnek egyedi kih\u00edv\u00e1sai \u00e9s ig\u00e9nyei vannak. Ez a bel\u00e1t\u00e1s vez\u00e9rli elk\u00f6telezetts\u00e9g\u00fcnket a szem\u00e9lyre szabott megold\u00e1sok ir\u00e1nt, legyen sz\u00f3 ak\u00e1r egyedi alkatr\u00e9szekr\u0151l, ak\u00e1r teljesen integr\u00e1lt rendszerekr\u0151l. \u00dcgyfeleinkkel szorosan egy\u00fcttm\u0171k\u00f6dve biztos\u00edtjuk, hogy minden megold\u00e1s pontosan illeszkedjen az ig\u00e9nyeikhez, optimaliz\u00e1lva a teljes\u00edtm\u00e9nyt \u00e9s maximaliz\u00e1lva az \u00e9rt\u00e9ket. Elk\u00f6telezettek vagyunk a gyors, professzion\u00e1lis szolg\u00e1ltat\u00e1s \u00e9s a szak\u00e9rt\u0151i \u00fatmutat\u00e1s ir\u00e1nt, \u00edgy minden projektet prec\u00edzen kezel\u00fcnk, k\u00f6vetkezetesen a lehet\u0151 legjobb eredm\u00e9nyeket \u00e9rve el.<\/p>\n<p>A term\u00e9kfejleszt\u00e9si ciklus minden szakasz\u00e1ban kiemelt fontoss\u00e1g\u00fanak tartjuk a vil\u00e1gos, folyamatos kommunik\u00e1ci\u00f3t. Szak\u00e9rt\u0151i csapatunk szorosan egy\u00fcttm\u0171k\u00f6dik \u00fcgyfeleinkkel, hogy teljes m\u00e9rt\u00e9kben meg\u00e9rtse ig\u00e9nyeiket, \u00e9s gyakorlatias betekint\u00e9st \u00e9s aj\u00e1nl\u00e1sokat k\u00edn\u00e1ljon az optim\u00e1lis eredm\u00e9nyek el\u00e9r\u00e9se \u00e9rdek\u00e9ben. Ak\u00e1r innovat\u00edv term\u00e9keket hozunk l\u00e9tre, ak\u00e1r rutinmegrendel\u00e9seket teljes\u00edt\u00fcnk, az FMP elk\u00f6telezett amellett, hogy minden alkalommal kiv\u00e1l\u00f3 min\u0151s\u00e9g\u0171, prec\u00edzi\u00f3san megtervezett megold\u00e1sokat sz\u00e1ll\u00edtson id\u0151ben. K\u00fcldet\u00e9s\u00fcnk, hogy fel\u00fclm\u00faljuk \u00fcgyfeleink elv\u00e1r\u00e1sait, kiv\u00e9teles szolg\u00e1ltat\u00e1st \u00e9s eredm\u00e9nyeket k\u00edn\u00e1lva minden projekt\u00fcnkkel.<\/p>\n<p>Az FMP m\u0171k\u00f6d\u00e9s\u00e9nek k\u00f6z\u00e9ppontj\u00e1ban a min\u0151s\u00e9g ir\u00e1nti rend\u00edthetetlen elk\u00f6telezetts\u00e9g \u00e1ll. A legmagasabb ipar\u00e1gi szabv\u00e1nyokat tartjuk be, \u00e9s szigor\u00fa min\u0151s\u00e9gellen\u0151rz\u00e9si folyamatokat alkalmazunk annak biztos\u00edt\u00e1sa \u00e9rdek\u00e9ben, hogy minden term\u00e9k megfeleljen, s\u0151t meghaladja az ipar\u00e1gi szabv\u00e1nyokat. Ez a kiv\u00e1l\u00f3s\u00e1g ir\u00e1nti elk\u00f6telezetts\u00e9g, valamint az integrit\u00e1s, a csapatmunka \u00e9s a kitart\u00e1s alapvet\u0151 \u00e9rt\u00e9kei lehet\u0151v\u00e9 tett\u00e9k sz\u00e1munkra, hogy hossz\u00fa t\u00e1v\u00fa, bizalmon alapul\u00f3 kapcsolatokat \u00e9p\u00edts\u00fcnk ki \u00fcgyfeleinkkel vil\u00e1gszerte k\u00f6zel 30 orsz\u00e1gban.<\/p>\n<p>Az FMP szenved\u00e9lyesen \u00e1polja a glob\u00e1lis partners\u00e9geket, szak\u00e9rt\u0151i tan\u00e1csokat \u00e9s testreszabott megold\u00e1sokat k\u00edn\u00e1lva, amelyek \u00fcgyfeleink folyamatosan v\u00e1ltoz\u00f3 ig\u00e9nyeihez igazodnak. Elk\u00f6telezettek vagyunk a hossz\u00fa t\u00e1v\u00fa, k\u00f6lcs\u00f6n\u00f6sen el\u0151ny\u00f6s kapcsolatok ki\u00e9p\u00edt\u00e9se ir\u00e1nt, amelyek hozz\u00e1j\u00e1rulnak minden projekt siker\u00e9hez. Ak\u00e1r innovat\u00edv megold\u00e1sokra van sz\u00fcks\u00e9ge egy \u00faj kezdem\u00e9nyez\u00e9shez, ak\u00e1r folyamatos t\u00e1mogat\u00e1sra egy megl\u00e9v\u0151 rendszerhez, az FMP itt van, hogy seg\u00edtsen eligazodni a technikai kih\u00edv\u00e1sokban \u00e9s biztos\u00edtsa a folyamatos sikert.<\/p>\n<p><img loading=\"lazy\" decoding=\"async\" class=\"alignnone wp-image-2695\" src=\"https:\/\/fmp-components.com\/wp-content\/uploads\/2025\/01\/agricultural-gearbox3.webp\" alt=\"mez\u0151gazdas\u00e1gi sebess\u00e9gv\u00e1lt\u00f3\" width=\"1140\" height=\"1138\" title=\"\" srcset=\"https:\/\/fmp-components.com\/wp-content\/uploads\/2025\/01\/agricultural-gearbox3.webp 1140w, https:\/\/fmp-components.com\/wp-content\/uploads\/2025\/01\/agricultural-gearbox3-480x479.webp 480w\" sizes=\"(min-width: 0px) and (max-width: 480px) 480px, (min-width: 481px) 1140px, 100vw\" \/><\/p>\n<p>Szerz\u0151: CX<\/p>","protected":false},"excerpt":{"rendered":"<p>Agriculture Gearbox For Hay Tedder FMP04 Specification Ratio 2:1 Input Speed 305 rpm Input Shaft X Features of Hay Tedder Agriculture Gearbox FMP04 The FMP04 Hay Tedder Agricultural Gearbox is specifically designed for agricultural machinery, particularly for hay tedders. This gearbox offers a combination of durability, precision, and high performance, ensuring optimal operation in demanding [&hellip;]<\/p>","protected":false},"featured_media":3320,"comment_status":"open","ping_status":"closed","template":"","meta":{"_et_pb_use_builder":"","_et_pb_old_content":"","_et_gb_content_width":""},"product_brand":[],"product_cat":[83],"product_tag":[],"class_list":{"0":"post-3319","1":"product","2":"type-product","3":"status-publish","4":"has-post-thumbnail","6":"product_cat-gearbox-for-hay-tedders","8":"first","9":"instock","10":"shipping-taxable","11":"product-type-simple"},"_links":{"self":[{"href":"https:\/\/fmp-components.com\/hu\/wp-json\/wp\/v2\/product\/3319","targetHints":{"allow":["GET"]}}],"collection":[{"href":"https:\/\/fmp-components.com\/hu\/wp-json\/wp\/v2\/product"}],"about":[{"href":"https:\/\/fmp-components.com\/hu\/wp-json\/wp\/v2\/types\/product"}],"replies":[{"embeddable":true,"href":"https:\/\/fmp-components.com\/hu\/wp-json\/wp\/v2\/comments?post=3319"}],"wp:featuredmedia":[{"embeddable":true,"href":"https:\/\/fmp-components.com\/hu\/wp-json\/wp\/v2\/media\/3320"}],"wp:attachment":[{"href":"https:\/\/fmp-components.com\/hu\/wp-json\/wp\/v2\/media?parent=3319"}],"wp:term":[{"taxonomy":"product_brand","embeddable":true,"href":"https:\/\/fmp-components.com\/hu\/wp-json\/wp\/v2\/product_brand?post=3319"},{"taxonomy":"product_cat","embeddable":true,"href":"https:\/\/fmp-components.com\/hu\/wp-json\/wp\/v2\/product_cat?post=3319"},{"taxonomy":"product_tag","embeddable":true,"href":"https:\/\/fmp-components.com\/hu\/wp-json\/wp\/v2\/product_tag?post=3319"}],"curies":[{"name":"munkaf\u00fczet","href":"https:\/\/api.w.org\/{rel}","templated":true}]}}