{"id":3316,"date":"2025-01-06T05:54:00","date_gmt":"2025-01-06T05:54:00","guid":{"rendered":"https:\/\/fmp-components.com\/?page_id=8"},"modified":"2025-01-06T05:54:00","modified_gmt":"2025-01-06T05:54:00","slug":"agriculture-gearbox-for-hay-tedder-fmp03","status":"publish","type":"product","link":"https:\/\/fmp-components.com\/hu\/product\/agriculture-gearbox-for-hay-tedder-fmp03\/","title":{"rendered":"Mez\u0151gazdas\u00e1gi sebess\u00e9gv\u00e1lt\u00f3 sz\u00e9na rendsodr\u00f3hoz FMP03"},"content":{"rendered":"<h2 class=\"et_pb_module_header\">Mez\u0151gazdas\u00e1gi sebess\u00e9gv\u00e1lt\u00f3 sz\u00e9nakazalhoz<\/h2>\n<p><img loading=\"lazy\" decoding=\"async\" class=\"alignnone wp-image-3318\" src=\"https:\/\/fmp-components.com\/wp-content\/uploads\/2025\/01\/agricutural-gearbox-fmp03.png\" alt=\"mez\u0151gazdas\u00e1gi-sebess\u00e9gv\u00e1lt\u00f3-fmp03\" width=\"809\" height=\"766\" title=\"\" srcset=\"https:\/\/fmp-components.com\/wp-content\/uploads\/2025\/01\/agricutural-gearbox-fmp03.png 809w, https:\/\/fmp-components.com\/wp-content\/uploads\/2025\/01\/agricutural-gearbox-fmp03-480x455.png 480w\" sizes=\"(min-width: 0px) and (max-width: 480px) 480px, (min-width: 481px) 809px, 100vw\" \/><\/p>\n<table style=\"width: 86.9328%;\" border=\"1\" width=\"100%\" cellspacing=\"0\" cellpadding=\"0\">\n<tbody>\n<tr>\n<th style=\"width: 38.0987%;\">H\u00e1nyados<\/th>\n<td style=\"width: 48.6184%;\">2.63:1<\/td>\n<\/tr>\n<tr>\n<th style=\"width: 38.0987%;\">Bemeneti sebess\u00e9g<\/th>\n<td style=\"width: 48.6184%;\">400 fordulat\/perc<\/td>\n<\/tr>\n<tr>\n<th style=\"width: 38.0987%;\">Bemeneti tengely<\/th>\n<td style=\"width: 48.6184%;\">X<\/td>\n<\/tr>\n<\/tbody>\n<\/table>\n<h3>A sz\u00e9na rendforgat\u00f3 mez\u0151gazdas\u00e1gi sebess\u00e9gv\u00e1lt\u00f3 jellemz\u0151i<\/h3>\n<ol>\n<li><strong>Nagy teljes\u00edtm\u00e9ny\u0171 konstrukci\u00f3<\/strong><br \/>\nA Hay Tedder sebess\u00e9gv\u00e1lt\u00f3j\u00e1t \u00fagy tervezt\u00e9k, hogy robusztus teljes\u00edtm\u00e9nyt ny\u00fajtson ig\u00e9nyes mez\u0151gazdas\u00e1gi k\u00f6r\u00fclm\u00e9nyek k\u00f6z\u00f6tt. Tart\u00f3s, nagy szil\u00e1rds\u00e1g\u00fa anyagokb\u00f3l k\u00e9sz\u00fclt h\u00e1zzal rendelkezik, amely ellen\u00e1ll a folyamatos haszn\u00e1lat megterhel\u00e9s\u00e9nek neh\u00e9z k\u00f6rnyezetben.<\/li>\n<li><strong>Prec\u00edzi\u00f3s fogasker\u00e9k-tervez\u00e9s<\/strong><br \/>\nA prec\u00edzi\u00f3san megmunk\u00e1lt fogaskerekek biztos\u00edtj\u00e1k a sima \u00e9s hat\u00e9kony m\u0171k\u00f6d\u00e9st, cs\u00f6kkentve a kop\u00e1st. Ez n\u00f6veli a sebess\u00e9gv\u00e1lt\u00f3 \u00e9lettartam\u00e1t \u00e9s minimaliz\u00e1lja a karbantart\u00e1si ig\u00e9nyt.<\/li>\n<li><strong>Nagy nyomat\u00e9kkapacit\u00e1s<\/strong><br \/>\nA neh\u00e9z mez\u0151gazdas\u00e1gi g\u00e9pekhez tervezett sebess\u00e9gv\u00e1lt\u00f3 nagy nyomat\u00e9kot biztos\u00edt, \u00edgy optim\u00e1lis teljes\u00edtm\u00e9nyt ny\u00fajt m\u00e9g olyan kih\u00edv\u00e1st jelent\u0151 feladatokban is, mint a sz\u00e9na rendter\u00edt\u00e9se, \u00e9s egyenletes teljes\u00edtm\u00e9nyt ny\u00fajt az egyenletes sz\u00f3r\u00e1shoz.<\/li>\n<li><strong>Hat\u00e9kony er\u0151\u00e1tvitel<\/strong><br \/>\nA sebess\u00e9gv\u00e1lt\u00f3t \u00fagy tervezt\u00e9k, hogy hat\u00e9kony er\u0151\u00e1tvitelt biztos\u00edtson a traktor teljes\u00edtm\u00e9nylead\u00f3 tengely\u00e9r\u0151l a rendforgat\u00f3ra, minim\u00e1lis energiavesztes\u00e9get \u00e9s maxim\u00e1lis termel\u00e9kenys\u00e9get biztos\u00edtva.<\/li>\n<li><strong>Kompakt \u00e9s k\u00f6nny\u0171<\/strong><br \/>\nA nagy teherb\u00edr\u00e1s\u00fa k\u00e9pess\u00e9gei ellen\u00e9re a sebess\u00e9gv\u00e1lt\u00f3 kompakt \u00e9s k\u00f6nny\u0171, \u00edgy k\u00f6nnyen kezelhet\u0151, telep\u00edthet\u0151 \u00e9s karbantarthat\u00f3, ami n\u00f6veli a g\u00e9p \u00f6sszhat\u00e9konys\u00e1g\u00e1t.<\/li>\n<\/ol>\n<p>Ezek a tulajdons\u00e1gok egy\u00fcttesen teszik a Hay Tedder mez\u0151gazdas\u00e1gi sebess\u00e9gv\u00e1lt\u00f3t megb\u00edzhat\u00f3 \u00e9s hat\u00e9kony alkatr\u00e9sz\u00e9v\u00e9 a mez\u0151gazdas\u00e1gi g\u00e9peknek, biztos\u00edtva az optim\u00e1lis teljes\u00edtm\u00e9nyt \u00e9s a hossz\u00fa t\u00e1v\u00fa tart\u00f3ss\u00e1got a sz\u00e9na rendforgat\u00e1si alkalmaz\u00e1sokban.<\/p>\n<h2>Az FMP-r\u0151l<\/h2>\n<p>Az olaszorsz\u00e1gi sz\u00e9khely\u0171 FMP vezet\u0151 gy\u00e1rt\u00f3, amely a nagy teljes\u00edtm\u00e9ny\u0171 sebess\u00e9gv\u00e1lt\u00f3k tervez\u00e9s\u00e9ben, fejleszt\u00e9s\u00e9ben \u00e9s gy\u00e1rt\u00e1s\u00e1ban szerzett szak\u00e9rtelm\u00e9r\u0151l ismert, k\u00fcl\u00f6n\u00f6s tekintettel a mez\u0151gazdas\u00e1gi g\u00e9piparra. A prec\u00edzi\u00f3s m\u00e9rn\u00f6ki munk\u00e1r\u00f3l, innovat\u00edv megold\u00e1sair\u00f3l \u00e9s rend\u00edthetetlen megb\u00edzhat\u00f3s\u00e1g\u00e1r\u00f3l ismert FMP megb\u00edzhat\u00f3 partnerk\u00e9nt szerzett h\u00edrnevet mind a mez\u0151gazdas\u00e1gi, mind az ipari piacokon. Soksz\u00edn\u0171 portf\u00f3li\u00f3nk mag\u00e1ban foglalja a f\u0171ny\u00edr\u00f3khoz, kard\u00e1ntengelyekhez \u00e9s sz\u00e1mos egy\u00e9b alapvet\u0151 alkatr\u00e9szhez k\u00e9sz\u00fclt, egyedi tervez\u00e9s\u0171 sebess\u00e9gv\u00e1lt\u00f3kat, amelyek mindegyike a k\u00fcl\u00f6nf\u00e9le alkalmaz\u00e1sok egyedi ig\u00e9nyeinek kiel\u00e9g\u00edt\u00e9s\u00e9re lett tervezve.<\/p>\n<p>Az FMP-n\u00e9l meg\u00e9rtj\u00fck, hogy minden \u00fcgyf\u00e9l m\u00e1s \u00e9s m\u00e1s kih\u00edv\u00e1sokkal n\u00e9z szembe, ez\u00e9rt elk\u00f6telezettek vagyunk a szem\u00e9lyre szabott megold\u00e1sok biztos\u00edt\u00e1sa ir\u00e1nt. Legyen sz\u00f3 ak\u00e1r egyetlen komponensr\u0151l, ak\u00e1r egy teljesen integr\u00e1lt rendszerr\u0151l, szorosan egy\u00fcttm\u0171k\u00f6d\u00fcnk \u00fcgyfeleinkkel annak biztos\u00edt\u00e1sa \u00e9rdek\u00e9ben, hogy minden megold\u00e1s ne csak megfeleljen a specifik\u00e1ci\u00f3iknak, hanem optimaliz\u00e1lja a teljes\u00edtm\u00e9nyt \u00e9s \u00e9rt\u00e9ket teremtsen. Elk\u00f6telezettek vagyunk a gyors, professzion\u00e1lis v\u00e1laszok \u00e9s a szak\u00e9rt\u0151i \u00fatmutat\u00e1s ir\u00e1nt, \u00edgy garant\u00e1ljuk, hogy minden megkeres\u00e9st prec\u00edzen \u00e9s gondosan kezel\u00fcnk, a lehet\u0151 legjobb eredm\u00e9nyeket el\u00e9rve.<\/p>\n<p>A term\u00e9kfejleszt\u00e9si ciklus minden szakasz\u00e1ban kiemelt fontoss\u00e1g\u00fanak tartjuk az \u00e1tl\u00e1that\u00f3 kommunik\u00e1ci\u00f3t. Elk\u00f6telezett csapatunk szorosan egy\u00fcttm\u0171k\u00f6dik \u00fcgyfeleinkkel, hogy teljes m\u00e9rt\u00e9kben meg\u00e9rtse ig\u00e9nyeiket, \u00e9s gyakorlatias betekint\u00e9st ny\u00fajtson, valamint szak\u00e9rt\u0151i aj\u00e1nl\u00e1sokat k\u00edn\u00e1ljon a leghat\u00e9konyabb eredm\u00e9nyek el\u00e9r\u00e9se \u00e9rdek\u00e9ben. Ak\u00e1r \u00e9lvonalbeli term\u00e9keket hozunk l\u00e9tre, ak\u00e1r rutinmegrendel\u00e9seket teljes\u00edt\u00fcnk, az FMP elk\u00f6telezett amellett, hogy minden alkalommal kiv\u00e1l\u00f3 min\u0151s\u00e9g\u0171, prec\u00edzi\u00f3san megtervezett megold\u00e1sokat sz\u00e1ll\u00edtson id\u0151ben. K\u00fcldet\u00e9s\u00fcnk, hogy kiv\u00e9teles szolg\u00e1ltat\u00e1s \u00e9s kiemelked\u0151 eredm\u00e9nyek biztos\u00edt\u00e1s\u00e1val k\u00f6vetkezetesen fel\u00fclm\u00faljuk \u00fcgyfeleink elv\u00e1r\u00e1sait.<\/p>\n<p>Az FMP m\u0171k\u00f6d\u00e9s\u00e9nek k\u00f6z\u00e9ppontj\u00e1ban a min\u0151s\u00e9g ir\u00e1nti er\u0151s elk\u00f6telezetts\u00e9g \u00e1ll. A legmagasabb gy\u00e1rt\u00e1si szabv\u00e1nyokat tartjuk be, \u00e9s szigor\u00fa min\u0151s\u00e9gellen\u0151rz\u00e9si int\u00e9zked\u00e9seket alkalmazunk annak biztos\u00edt\u00e1sa \u00e9rdek\u00e9ben, hogy minden term\u00e9k ne csak megfeleljen, hanem t\u00fal is sz\u00e1rnyalja az ipar\u00e1gi szabv\u00e1nyokat. Ez a kiv\u00e1l\u00f3s\u00e1g ir\u00e1nti elk\u00f6telezetts\u00e9g, valamint az olyan alapvet\u0151 \u00e9rt\u00e9keink, mint az integrit\u00e1s, a csapatmunka \u00e9s a kitart\u00e1s, lehet\u0151v\u00e9 tette sz\u00e1munkra, hogy hossz\u00fa t\u00e1v\u00fa, bizalmon alapul\u00f3 kapcsolatokat \u00e9p\u00edts\u00fcnk ki \u00fcgyfeleinkkel t\u00f6bb mint 30 orsz\u00e1gban vil\u00e1gszerte.<\/p>\n<p>Az FMP elk\u00f6telezett a glob\u00e1lis partners\u00e9gek \u00e1pol\u00e1sa ir\u00e1nt szak\u00e9rt\u0151i tan\u00e1csokkal \u00e9s testreszabott megold\u00e1sokkal, amelyek \u00fcgyfeleink dinamikus ig\u00e9nyeivel egy\u00fctt fejl\u0151dnek. C\u00e9lunk, hogy hossz\u00fa t\u00e1v\u00fa, k\u00f6lcs\u00f6n\u00f6sen el\u0151ny\u00f6s kapcsolatokat \u00e9p\u00edts\u00fcnk ki, amelyek hozz\u00e1j\u00e1rulnak minden projekt siker\u00e9hez. Ak\u00e1r innovat\u00edv megold\u00e1sokat keres egy \u00faj kezdem\u00e9nyez\u00e9shez, ak\u00e1r folyamatos t\u00e1mogat\u00e1st ig\u00e9nyel egy megl\u00e9v\u0151 rendszerhez, az FMP itt van, hogy seg\u00edtsen lek\u00fczdeni a technikai kih\u00edv\u00e1sokat \u00e9s biztos\u00edtsa a folyamatos sikert.<\/p>\n<p><img loading=\"lazy\" decoding=\"async\" class=\"alignnone wp-image-2695\" src=\"https:\/\/fmp-components.com\/wp-content\/uploads\/2025\/01\/agricultural-gearbox3.webp\" alt=\"mez\u0151gazdas\u00e1gi sebess\u00e9gv\u00e1lt\u00f3\" width=\"1140\" height=\"1138\" title=\"\" srcset=\"https:\/\/fmp-components.com\/wp-content\/uploads\/2025\/01\/agricultural-gearbox3.webp 1140w, https:\/\/fmp-components.com\/wp-content\/uploads\/2025\/01\/agricultural-gearbox3-480x479.webp 480w\" sizes=\"(min-width: 0px) and (max-width: 480px) 480px, (min-width: 481px) 1140px, 100vw\" \/><\/p>\n<p>Szerz\u0151: CX<\/p>","protected":false},"excerpt":{"rendered":"<p>Agriculture Gearbox For Hay Tedder Specification Ratio 2.63:1 Input Speed 400 rpm Input Shaft X Features of Hay Tedder Agriculture Gearbox High-Performance Construction The Hay Tedder gearbox is engineered for robust performance in demanding agricultural conditions. It features a durable housing made from high-strength materials to withstand the rigors of continuous use in tough environments. [&hellip;]<\/p>","protected":false},"featured_media":3317,"comment_status":"open","ping_status":"closed","template":"","meta":{"_et_pb_use_builder":"","_et_pb_old_content":"","_et_gb_content_width":""},"product_brand":[],"product_cat":[83],"product_tag":[],"class_list":{"0":"post-3316","1":"product","2":"type-product","3":"status-publish","4":"has-post-thumbnail","6":"product_cat-gearbox-for-hay-tedders","8":"first","9":"instock","10":"shipping-taxable","11":"product-type-simple"},"_links":{"self":[{"href":"https:\/\/fmp-components.com\/hu\/wp-json\/wp\/v2\/product\/3316","targetHints":{"allow":["GET"]}}],"collection":[{"href":"https:\/\/fmp-components.com\/hu\/wp-json\/wp\/v2\/product"}],"about":[{"href":"https:\/\/fmp-components.com\/hu\/wp-json\/wp\/v2\/types\/product"}],"replies":[{"embeddable":true,"href":"https:\/\/fmp-components.com\/hu\/wp-json\/wp\/v2\/comments?post=3316"}],"wp:featuredmedia":[{"embeddable":true,"href":"https:\/\/fmp-components.com\/hu\/wp-json\/wp\/v2\/media\/3317"}],"wp:attachment":[{"href":"https:\/\/fmp-components.com\/hu\/wp-json\/wp\/v2\/media?parent=3316"}],"wp:term":[{"taxonomy":"product_brand","embeddable":true,"href":"https:\/\/fmp-components.com\/hu\/wp-json\/wp\/v2\/product_brand?post=3316"},{"taxonomy":"product_cat","embeddable":true,"href":"https:\/\/fmp-components.com\/hu\/wp-json\/wp\/v2\/product_cat?post=3316"},{"taxonomy":"product_tag","embeddable":true,"href":"https:\/\/fmp-components.com\/hu\/wp-json\/wp\/v2\/product_tag?post=3316"}],"curies":[{"name":"munkaf\u00fczet","href":"https:\/\/api.w.org\/{rel}","templated":true}]}}