{"id":3312,"date":"2025-01-06T05:35:19","date_gmt":"2025-01-06T05:35:19","guid":{"rendered":"https:\/\/fmp-components.com\/?page_id=8"},"modified":"2025-01-06T05:35:20","modified_gmt":"2025-01-06T05:35:20","slug":"agitators-gearbox-for-sewage-fmp22","status":"publish","type":"product","link":"https:\/\/fmp-components.com\/hu\/product\/agitators-gearbox-for-sewage-fmp22\/","title":{"rendered":"Kever\u0151k sebess\u00e9gv\u00e1lt\u00f3 szennyv\u00edzhez FMP22"},"content":{"rendered":"<h2>A kever\u0151k sebess\u00e9gv\u00e1lt\u00f3j\u00e1nak specifik\u00e1ci\u00f3ja<\/h2>\n<p><img loading=\"lazy\" decoding=\"async\" class=\"alignnone wp-image-3315\" src=\"https:\/\/fmp-components.com\/wp-content\/uploads\/2025\/01\/agricutural-gearbox-FMP22.png\" alt=\"mez\u0151gazdas\u00e1gi-sebess\u00e9gv\u00e1lt\u00f3-FMP22\" width=\"817\" height=\"740\" title=\"\" srcset=\"https:\/\/fmp-components.com\/wp-content\/uploads\/2025\/01\/agricutural-gearbox-FMP22.png 817w, https:\/\/fmp-components.com\/wp-content\/uploads\/2025\/01\/agricutural-gearbox-FMP22-480x435.png 480w\" sizes=\"(min-width: 0px) and (max-width: 480px) 480px, (min-width: 481px) 817px, 100vw\" \/><\/p>\n<table style=\"width: 88.6601%;\" border=\"1\" width=\"100%\" cellspacing=\"0\" cellpadding=\"0\">\n<tbody>\n<tr>\n<th style=\"width: 41.843%;\">H\u00e1nyados<\/th>\n<td style=\"width: 46.6019%;\">1:1, 1:1.25<\/td>\n<\/tr>\n<tr>\n<th style=\"width: 41.843%;\">Bemeneti fordulatsz\u00e1mok (ford\/perc)<\/th>\n<td style=\"width: 46.6019%;\">3200, 3500, 1750<\/td>\n<\/tr>\n<tr>\n<th style=\"width: 41.843%;\">Bemeneti tengely<\/th>\n<td style=\"width: 46.6019%;\">Z<\/td>\n<\/tr>\n<\/tbody>\n<\/table>\n<h2 data-pm-slice=\"0 0 []\">A szennyv\u00edzkever\u0151 sebess\u00e9gv\u00e1lt\u00f3 jellemz\u0151i<\/h2>\n<ol>\n<li><strong>Nagy teherb\u00edr\u00e1s\u00fa konstrukci\u00f3<\/strong><br \/>\nA robusztus anyagokb\u00f3l tervezett szennyv\u00edzkever\u0151 sebess\u00e9gv\u00e1lt\u00f3ja ellen\u00e1ll a zord \u00e9s ig\u00e9nyes k\u00f6rnyezeti hat\u00e1soknak, bele\u00e9rtve a szennyv\u00edz- \u00e9s szennyv\u00edzkezel\u00e9si folyamatokban gyakran el\u0151fordul\u00f3 vegyi anyagoknak, s\u00farol\u00f3anyagoknak \u00e9s korroz\u00edv anyagoknak val\u00f3 kitetts\u00e9get.<\/li>\n<li><strong>Nagy nyomat\u00e9kkapacit\u00e1s<\/strong><br \/>\nA sebess\u00e9gv\u00e1lt\u00f3t \u00fagy tervezt\u00e9k, hogy nagy nyomat\u00e9kot biztos\u00edtson, biztos\u00edtva a hat\u00e9kony \u00e9s megb\u00edzhat\u00f3 m\u0171k\u00f6d\u00e9st m\u00e9g nagy terhel\u00e9s mellett is. Ez elengedhetetlen a szennyv\u00edztiszt\u00edt\u00f3 l\u00e9tes\u00edtm\u00e9nyekben s\u0171r\u0171, viszk\u00f3zus anyagokat kezel\u0151 nagy kever\u0151k meghajt\u00e1s\u00e1hoz.<\/li>\n<li><strong>Korr\u00f3zi\u00f3\u00e1ll\u00f3 bevonatok<\/strong><br \/>\nA sebess\u00e9gv\u00e1lt\u00f3 korr\u00f3zi\u00f3\u00e1ll\u00f3 bevonatokkal vagy rozsdamentes ac\u00e9l alkatr\u00e9szekkel rendelkezik, hogy megakad\u00e1lyozza a v\u00edz, szennyv\u00edz \u00e9s m\u00e1s korroz\u00edv anyagok okozta k\u00e1rosod\u00e1st, biztos\u00edtva a hossz\u00fa t\u00e1v\u00fa tart\u00f3ss\u00e1got \u00e9s cs\u00f6kkentve a karbantart\u00e1si k\u00f6lts\u00e9geket.<\/li>\n<li><strong>Kompakt \u00e9s helytakar\u00e9kos kialak\u00edt\u00e1s<\/strong><br \/>\nA nagy teherb\u00edr\u00e1s\u00fa teljes\u00edtm\u00e9ny ellen\u00e9re a sebess\u00e9gv\u00e1lt\u00f3 kompakt \u00e9s helytakar\u00e9kos kialak\u00edt\u00e1s\u00fa, \u00edgy ide\u00e1lis olyan helyekre, ahol korl\u00e1tozott a hely, p\u00e9ld\u00e1ul szennyv\u00edztiszt\u00edt\u00f3 telepeken vagy szennyv\u00edzszivatty\u00fa-\u00e1llom\u00e1sokon.<\/li>\n<li><strong>Prec\u00edzi\u00f3s m\u00e9rn\u00f6ki munka<\/strong><br \/>\nNagy pontoss\u00e1ggal gy\u00e1rtott\u00e1k, hogy biztos\u00edts\u00e1k a fogasker\u00e9k z\u00f6kken\u0151mentes m\u0171k\u00f6d\u00e9s\u00e9t \u00e9s cs\u00f6kkents\u00e9k a kop\u00e1st az id\u0151 m\u00fal\u00e1s\u00e1val. Ez csendesebb, hat\u00e9konyabb teljes\u00edtm\u00e9nyt is eredm\u00e9nyez minim\u00e1lis rezg\u00e9ssel \u00e9s zajjal, m\u00e9g nagy ig\u00e9nybev\u00e9tel eset\u00e9n is.<\/li>\n<\/ol>\n<p>Ezek a jellemz\u0151k biztos\u00edtj\u00e1k, hogy a szennyv\u00edzkever\u0151 hajt\u00f3m\u0171 megb\u00edzhat\u00f3an kezelje a szennyv\u00edztiszt\u00edt\u00f3 telepek neh\u00e9z k\u00f6r\u00fclm\u00e9nyeit, mik\u00f6zben meg\u0151rzi a magas hat\u00e1sfokot, tart\u00f3ss\u00e1got \u00e9s minim\u00e1lis karbantart\u00e1st ig\u00e9nyel.<\/p>\n<h2>Az FMP-r\u0151l<\/h2>\n<p>Az olaszorsz\u00e1gi sz\u00e9khely\u0171 FMP vezet\u0151 gy\u00e1rt\u00f3, amely nagy teljes\u00edtm\u00e9ny\u0171 sebess\u00e9gv\u00e1lt\u00f3k tervez\u00e9s\u00e9re, fejleszt\u00e9s\u00e9re \u00e9s gy\u00e1rt\u00e1s\u00e1ra specializ\u00e1l\u00f3dott, els\u0151sorban a mez\u0151gazdas\u00e1gi g\u00e9piparra \u00f6sszpontos\u00edtva. A prec\u00edzi\u00f3s m\u00e9rn\u00f6ki munk\u00e1jukr\u00f3l, innovat\u00edv megold\u00e1saikr\u00f3l \u00e9s rend\u00edthetetlen megb\u00edzhat\u00f3s\u00e1gukr\u00f3l ismert FMP megb\u00edzhat\u00f3 partnerr\u00e9 v\u00e1lt mind a mez\u0151gazdas\u00e1gi, mind az ipari piacon. Kiterjedt portf\u00f3li\u00f3nk mag\u00e1ban foglalja a f\u0171ny\u00edr\u00f3khoz val\u00f3 egyedi tervez\u00e9s\u0171 sebess\u00e9gv\u00e1lt\u00f3kat, kard\u00e1ntengelyeket \u00e9s sz\u00e1mos alapvet\u0151 alkatr\u00e9szt, amelyek mindegyik\u00e9t apr\u00f3l\u00e9kos figyelemmel k\u00e9sz\u00edtett\u00fck el, hogy megfeleljen a k\u00fcl\u00f6nf\u00e9le alkalmaz\u00e1sok egyedi ig\u00e9nyeinek.<\/p>\n<p>Az FMP-n\u00e9l meg\u00e9rtj\u00fck, hogy minden \u00fcgyf\u00e9l m\u00e1s \u00e9s m\u00e1s kih\u00edv\u00e1sokkal n\u00e9z szembe, ez\u00e9rt elk\u00f6telezettek vagyunk a szem\u00e9lyre szabott megold\u00e1sok sz\u00e1ll\u00edt\u00e1sa ir\u00e1nt. Legyen sz\u00f3 egyetlen komponensr\u0151l vagy egy teljesen integr\u00e1lt rendszerr\u0151l, szorosan egy\u00fcttm\u0171k\u00f6d\u00fcnk \u00fcgyfeleinkkel annak \u00e9rdek\u00e9ben, hogy minden megold\u00e1s ne csak megfeleljen az egyedi ig\u00e9nyeiknek, hanem n\u00f6velje a teljes\u00edtm\u00e9nyt \u00e9s maximaliz\u00e1lja az \u00f6ssz\u00e9rt\u00e9ket. Az id\u0151ben t\u00f6rt\u00e9n\u0151, professzion\u00e1lis v\u00e1laszok \u00e9s szak\u00e9rt\u0151i \u00fatmutat\u00e1s ir\u00e1nti elk\u00f6telezetts\u00e9g\u00fcnk biztos\u00edtja, hogy minden megkeres\u00e9st prec\u00edzen kezelj\u00fcnk, k\u00f6vetkezetesen optim\u00e1lis eredm\u00e9nyeket \u00e9rve el.<\/p>\n<p>Nagy hangs\u00falyt fektet\u00fcnk az \u00e1tl\u00e1that\u00f3 kommunik\u00e1ci\u00f3ra \u00e9s egy\u00fcttm\u0171k\u00f6d\u00e9sre a teljes term\u00e9kfejleszt\u00e9si folyamat sor\u00e1n. Tapasztalt csapatunk szorosan egy\u00fcttm\u0171k\u00f6dik \u00fcgyfeleinkkel, hogy teljes m\u00e9rt\u00e9kben meg\u00e9rtse ig\u00e9nyeiket, \u00e9rt\u00e9kes betekint\u00e9st \u00e9s gyakorlati aj\u00e1nl\u00e1sokat k\u00edn\u00e1lva a lehet\u0151 legjobb eredm\u00e9nyek el\u00e9r\u00e9se \u00e9rdek\u00e9ben. Ak\u00e1r \u00e9lvonalbeli term\u00e9keket tervez\u00fcnk, ak\u00e1r rutinmegrendel\u00e9seket teljes\u00edt\u00fcnk, az FMP elk\u00f6telezett amellett, hogy minden alkalommal kiv\u00e1l\u00f3 min\u0151s\u00e9g\u0171, prec\u00edzi\u00f3san megtervezett megold\u00e1sokat sz\u00e1ll\u00edtson id\u0151ben. C\u00e9lunk, hogy folyamatosan fel\u00fclm\u00faljuk \u00fcgyfeleink elv\u00e1r\u00e1sait, kiv\u00e9teles szolg\u00e1ltat\u00e1st \u00e9s kiemelked\u0151 eredm\u00e9nyeket ny\u00fajtva minden projekt sor\u00e1n.<\/p>\n<p>Az FMP m\u0171k\u00f6d\u00e9s\u00e9nek k\u00f6z\u00e9ppontj\u00e1ban a min\u0151s\u00e9g ir\u00e1nti rend\u00edthetetlen elk\u00f6telezetts\u00e9g \u00e1ll. A legmagasabb gy\u00e1rt\u00e1si szabv\u00e1nyokat tartjuk be, \u00e9s szigor\u00fa min\u0151s\u00e9gellen\u0151rz\u00e9si folyamatokat alkalmazunk annak biztos\u00edt\u00e1sa \u00e9rdek\u00e9ben, hogy minden term\u00e9k ne csak megfeleljen, hanem meghaladja az ipar\u00e1gi szabv\u00e1nyokat. Ez a kiv\u00e1l\u00f3s\u00e1gra val\u00f3 \u00f6sszpontos\u00edt\u00e1s, valamint az integrit\u00e1s, a csapatmunka \u00e9s a kitart\u00e1s alapvet\u0151 \u00e9rt\u00e9kei lehet\u0151v\u00e9 tett\u00e9k sz\u00e1munkra, hogy hossz\u00fa t\u00e1v\u00fa, bizalmon alapul\u00f3 kapcsolatokat \u00e9p\u00edts\u00fcnk ki \u00fcgyfeleinkkel a vil\u00e1g k\u00f6zel 30 orsz\u00e1g\u00e1ban.<\/p>\n<p>Az FMP elk\u00f6telezett a glob\u00e1lis partners\u00e9gek \u00e1pol\u00e1sa ir\u00e1nt szak\u00e9rt\u0151i tan\u00e1csokkal \u00e9s testreszabott megold\u00e1sokkal, amelyek alkalmazkodnak \u00fcgyfeleink v\u00e1ltoz\u00f3 ig\u00e9nyeihez. Tart\u00f3s, k\u00f6lcs\u00f6n\u00f6sen el\u0151ny\u00f6s kapcsolatok ki\u00e9p\u00edt\u00e9s\u00e9re t\u00f6reksz\u00fcnk, amelyek hozz\u00e1j\u00e1rulnak minden projekt siker\u00e9hez. Ak\u00e1r innovat\u00edv megold\u00e1sokat keres egy \u00faj kezdem\u00e9nyez\u00e9shez, ak\u00e1r folyamatos t\u00e1mogat\u00e1st egy megl\u00e9v\u0151 rendszerhez, az FMP itt van, hogy seg\u00edtsen eligazodni a technikai kih\u00edv\u00e1sokban \u00e9s biztos\u00edtsa a folyamatos sikert.<\/p>\n<p><img loading=\"lazy\" decoding=\"async\" class=\"alignnone wp-image-2695\" src=\"https:\/\/fmp-components.com\/wp-content\/uploads\/2025\/01\/agricultural-gearbox3.webp\" alt=\"mez\u0151gazdas\u00e1gi sebess\u00e9gv\u00e1lt\u00f3\" width=\"1140\" height=\"1138\" title=\"\" srcset=\"https:\/\/fmp-components.com\/wp-content\/uploads\/2025\/01\/agricultural-gearbox3.webp 1140w, https:\/\/fmp-components.com\/wp-content\/uploads\/2025\/01\/agricultural-gearbox3-480x479.webp 480w\" sizes=\"(min-width: 0px) and (max-width: 480px) 480px, (min-width: 481px) 1140px, 100vw\" \/><\/p>\n<p>Szerz\u0151: CX<\/p>","protected":false},"excerpt":{"rendered":"<p>Specification of Agitators Gearbox Ratio 1:1, 1:1.25 Input Speeds (rpm) 3200, 3500, 1750 Input Shaft Z Features of Sewage Mixer Gearbox Heavy-Duty Construction Designed with robust materials, the sewage mixer gearbox is built to withstand harsh and demanding environments, including exposure to chemicals, abrasives, and corrosive substances commonly found in sewage and wastewater treatment processes. [&hellip;]<\/p>","protected":false},"featured_media":3314,"comment_status":"open","ping_status":"closed","template":"","meta":{"_et_pb_use_builder":"","_et_pb_old_content":"","_et_gb_content_width":""},"product_brand":[],"product_cat":[82],"product_tag":[],"class_list":{"0":"post-3312","1":"product","2":"type-product","3":"status-publish","4":"has-post-thumbnail","6":"product_cat-agitators-gearbox-for-sewage","8":"first","9":"instock","10":"shipping-taxable","11":"product-type-simple"},"_links":{"self":[{"href":"https:\/\/fmp-components.com\/hu\/wp-json\/wp\/v2\/product\/3312","targetHints":{"allow":["GET"]}}],"collection":[{"href":"https:\/\/fmp-components.com\/hu\/wp-json\/wp\/v2\/product"}],"about":[{"href":"https:\/\/fmp-components.com\/hu\/wp-json\/wp\/v2\/types\/product"}],"replies":[{"embeddable":true,"href":"https:\/\/fmp-components.com\/hu\/wp-json\/wp\/v2\/comments?post=3312"}],"wp:featuredmedia":[{"embeddable":true,"href":"https:\/\/fmp-components.com\/hu\/wp-json\/wp\/v2\/media\/3314"}],"wp:attachment":[{"href":"https:\/\/fmp-components.com\/hu\/wp-json\/wp\/v2\/media?parent=3312"}],"wp:term":[{"taxonomy":"product_brand","embeddable":true,"href":"https:\/\/fmp-components.com\/hu\/wp-json\/wp\/v2\/product_brand?post=3312"},{"taxonomy":"product_cat","embeddable":true,"href":"https:\/\/fmp-components.com\/hu\/wp-json\/wp\/v2\/product_cat?post=3312"},{"taxonomy":"product_tag","embeddable":true,"href":"https:\/\/fmp-components.com\/hu\/wp-json\/wp\/v2\/product_tag?post=3312"}],"curies":[{"name":"munkaf\u00fczet","href":"https:\/\/api.w.org\/{rel}","templated":true}]}}