{"id":3285,"date":"2025-01-06T02:26:59","date_gmt":"2025-01-06T02:26:59","guid":{"rendered":"https:\/\/fmp-components.com\/?page_id=8"},"modified":"2025-01-06T02:26:59","modified_gmt":"2025-01-06T02:26:59","slug":"manure-spreaders-gearboxes-replacement-of-comer-code-n-2a","status":"publish","type":"product","link":"https:\/\/fmp-components.com\/hu\/product\/manure-spreaders-gearboxes-replacement-of-comer-code-n-2a\/","title":{"rendered":"Tr\u00e1gyasz\u00f3r\u00f3k hajt\u00f3m\u0171vei \u2013 Az N-2A Comer k\u00f3d cser\u00e9je"},"content":{"rendered":"<h2>Tr\u00e1gyasz\u00f3r\u00f3 hajt\u00f3m\u0171vek N-2A specifik\u00e1ci\u00f3<\/h2>\n<p><img loading=\"lazy\" decoding=\"async\" class=\"alignnone size-full wp-image-3286\" src=\"https:\/\/fmp-components.com\/wp-content\/uploads\/2025\/01\/manure-spreader-gearbox-N2A-specifications.webp\" alt=\"tr\u00e1gyasz\u00f3r\u00f3-sebess\u00e9gv\u00e1lt\u00f3-N2A-specifik\u00e1ci\u00f3k\" width=\"1012\" height=\"544\" title=\"\" srcset=\"https:\/\/fmp-components.com\/wp-content\/uploads\/2025\/01\/manure-spreader-gearbox-N2A-specifications.webp 1012w, https:\/\/fmp-components.com\/wp-content\/uploads\/2025\/01\/manure-spreader-gearbox-N2A-specifications-980x527.webp 980w, https:\/\/fmp-components.com\/wp-content\/uploads\/2025\/01\/manure-spreader-gearbox-N2A-specifications-480x258.webp 480w\" sizes=\"(min-width: 0px) and (max-width: 480px) 480px, (min-width: 481px) and (max-width: 980px) 980px, (min-width: 981px) 1012px, 100vw\" \/><\/p>\n<table style=\"width: 93.7748%; height: 397px;\" border=\"1\">\n<tbody>\n<tr>\n<td><strong>\u00e9n<\/strong><\/td>\n<td>5.67<\/td>\n<\/tr>\n<tr>\n<td><strong>\u00c9<sub>1<\/sub>[fordulat]<\/strong><\/td>\n<td>540<\/td>\n<\/tr>\n<tr>\n<td><strong>P<sub>1<\/sub>[kW]<\/strong><\/td>\n<td>23.5<\/td>\n<\/tr>\n<tr>\n<td><strong>M<sub>2<\/sub>[Nm]<\/strong><\/td>\n<td>&#8211;<\/td>\n<\/tr>\n<tr>\n<td><strong>X tengely<img loading=\"lazy\" decoding=\"async\" class=\"size-full wp-image-3287 aligncenter\" src=\"https:\/\/fmp-components.com\/wp-content\/uploads\/2025\/01\/shaft-x-1.webp\" alt=\"tengely-x\" width=\"81\" height=\"78\" title=\"\" srcset=\"https:\/\/fmp-components.com\/wp-content\/uploads\/2025\/01\/shaft-x-1.webp 81w, https:\/\/fmp-components.com\/wp-content\/uploads\/2025\/01\/shaft-x-1-12x12.webp 12w\" sizes=\"(max-width: 81px) 100vw, 81px\" \/><\/strong><\/td>\n<td>1\u201d 3\/8 Z6<\/td>\n<\/tr>\n<tr>\n<td><strong>Y tengely<img loading=\"lazy\" decoding=\"async\" class=\"size-full wp-image-3287 aligncenter\" src=\"https:\/\/fmp-components.com\/wp-content\/uploads\/2025\/01\/shaft-x-1.webp\" alt=\"tengely-x\" width=\"81\" height=\"78\" title=\"\" srcset=\"https:\/\/fmp-components.com\/wp-content\/uploads\/2025\/01\/shaft-x-1.webp 81w, https:\/\/fmp-components.com\/wp-content\/uploads\/2025\/01\/shaft-x-1-12x12.webp 12w\" sizes=\"(max-width: 81px) 100vw, 81px\" \/><\/strong><\/td>\n<td>1\u201d 3\/8 Z6<\/td>\n<\/tr>\n<tr>\n<td><strong>Z tengely<img loading=\"lazy\" decoding=\"async\" class=\"size-full wp-image-3287 aligncenter\" src=\"https:\/\/fmp-components.com\/wp-content\/uploads\/2025\/01\/shaft-x-1.webp\" alt=\"tengely-x\" width=\"81\" height=\"78\" title=\"\" srcset=\"https:\/\/fmp-components.com\/wp-content\/uploads\/2025\/01\/shaft-x-1.webp 81w, https:\/\/fmp-components.com\/wp-content\/uploads\/2025\/01\/shaft-x-1-12x12.webp 12w\" sizes=\"(max-width: 81px) 100vw, 81px\" \/><\/strong><\/td>\n<td>1\u201d 3\/8 Z6<\/td>\n<\/tr>\n<tr>\n<td><strong>Bemenet<\/strong><\/td>\n<td>Z<\/td>\n<\/tr>\n<\/tbody>\n<\/table>\n<h3>A tr\u00e1gyasz\u00f3r\u00f3 sebess\u00e9gv\u00e1lt\u00f3 jellemz\u0151i<\/h3>\n<ol>\n<li><strong>Tart\u00f3s h\u00e1z<\/strong><br \/>\nA sebess\u00e9gv\u00e1lt\u00f3 robusztus, korr\u00f3zi\u00f3\u00e1ll\u00f3 h\u00e1zzal rendelkezik, amely jellemz\u0151en nagy szil\u00e1rds\u00e1g\u00fa anyagokb\u00f3l, p\u00e9ld\u00e1ul \u00f6nt\u00f6ttvasb\u00f3l vagy alum\u00ednium\u00f6tv\u00f6zetekb\u0151l k\u00e9sz\u00fcl, \u00edgy hossz\u00fa t\u00e1v\u00fa tart\u00f3ss\u00e1got biztos\u00edt m\u00e9g zord mez\u0151gazdas\u00e1gi k\u00f6r\u00fclm\u00e9nyek k\u00f6z\u00f6tt is.<\/li>\n<li><strong>Nagy nyomat\u00e9kkapacit\u00e1s<\/strong><br \/>\nA neh\u00e9z mez\u0151gazdas\u00e1gi feladatok ell\u00e1t\u00e1s\u00e1ra tervezett tr\u00e1gyasz\u00f3r\u00f3 sebess\u00e9gv\u00e1lt\u00f3 nagy nyomat\u00e9kot biztos\u00edt a hat\u00e9kony m\u0171k\u00f6d\u00e9s \u00e9rdek\u00e9ben, biztos\u00edtva a traktor \u00e9s a sz\u00f3r\u00f3g\u00e9p k\u00f6z\u00f6tti z\u00f6kken\u0151mentes er\u0151\u00e1tvitelt.<\/li>\n<li><strong>Prec\u00edzi\u00f3s fogaskerekek<\/strong><br \/>\nA fogaskerekek prec\u00edzi\u00f3s tervez\u00e9s\u0171ek a pontos kapcsol\u00f3d\u00e1s \u00e9s a sima m\u0171k\u00f6d\u00e9s \u00e9rdek\u00e9ben, cs\u00f6kkentve a kop\u00e1st \u00e9s jav\u00edtva a hat\u00e9konys\u00e1got. Ezeket a fogaskerekeket jellemz\u0151en kov\u00e1csolj\u00e1k \u00e9s kezelik, hogy ellen\u00e1lljanak a nagy ig\u00e9nybev\u00e9telnek.<\/li>\n<li><strong>T\u00f6bbsz\u00f6r\u00f6s \u00e1tt\u00e9tel<\/strong><br \/>\nA tr\u00e1gyasz\u00f3r\u00f3 sebess\u00e9gv\u00e1lt\u00f3i k\u00fcl\u00f6nf\u00e9le \u00e1tt\u00e9telekben kaphat\u00f3k, p\u00e9ld\u00e1ul 1:1, 1,46:1 \u00e9s egy\u00e9b egyedi \u00e1tt\u00e9telekben, \u00edgy rugalmass\u00e1got biztos\u00edtanak a k\u00fcl\u00f6nb\u00f6z\u0151 g\u00e9pek \u00e9s alkalmaz\u00e1sok speci\u00e1lis k\u00f6vetelm\u00e9nyeinek kiel\u00e9g\u00edt\u00e9s\u00e9hez.<\/li>\n<li><strong>K\u00fapg\u00f6rg\u0151s csap\u00e1gyak<\/strong><br \/>\nA sebess\u00e9gv\u00e1lt\u00f3ban nagy teherb\u00edr\u00e1s\u00fa k\u00fapg\u00f6rg\u0151s csap\u00e1gyakat haszn\u00e1lnak a tengelyek kiv\u00e1l\u00f3 al\u00e1t\u00e1maszt\u00e1s\u00e1ra, n\u00f6velve a csap\u00e1gy \u00e9lettartam\u00e1t, a teherb\u00edr\u00e1st \u00e9s a sebess\u00e9gv\u00e1lt\u00f3 \u00e1ltal\u00e1nos teljes\u00edtm\u00e9ny\u00e9t.<\/li>\n<\/ol>\n<p>Ezek a tulajdons\u00e1gok a tr\u00e1gyasz\u00f3r\u00f3 sebess\u00e9gv\u00e1lt\u00f3it rendk\u00edv\u00fcl megb\u00edzhat\u00f3 \u00e9s hat\u00e9kony alkatr\u00e9szekk\u00e9 teszik a modern mez\u0151gazdas\u00e1gi m\u0171veletekben, biztos\u00edtva, hogy a gazd\u00e1lkod\u00f3k hat\u00e9konyan, k\u00f6vetkezetesen \u00e9s minim\u00e1lis \u00e1ll\u00e1sid\u0151vel v\u00e9gezhess\u00e9k el az olyan feladatokat, mint a tr\u00e1gya kijuttat\u00e1sa.<\/p>\n<p><img loading=\"lazy\" decoding=\"async\" class=\"alignnone  wp-image-3289\" src=\"https:\/\/fmp-components.com\/wp-content\/uploads\/2025\/01\/manure-spreader-gearbox-supplier1.webp\" alt=\"tr\u00e1gyasz\u00f3r\u00f3-hajt\u00f3m\u0171-besz\u00e1ll\u00edt\u00f3(1)\" width=\"941\" height=\"627\" title=\"\" srcset=\"https:\/\/fmp-components.com\/wp-content\/uploads\/2025\/01\/manure-spreader-gearbox-supplier1.webp 941w, https:\/\/fmp-components.com\/wp-content\/uploads\/2025\/01\/manure-spreader-gearbox-supplier1-480x320.webp 480w\" sizes=\"(min-width: 0px) and (max-width: 480px) 480px, (min-width: 481px) 941px, 100vw\" \/><\/p>\n<h3>Kard\u00e1ntengely tr\u00e1gyasz\u00f3r\u00f3 sebess\u00e9gv\u00e1lt\u00f3hoz<\/h3>\n<p>A teljes\u00edtm\u00e9nylead\u00f3 tengely (PTO) egy alapvet\u0151 alkatr\u00e9sz, amely \u00f6sszek\u00f6ti a traktor teljes\u00edtm\u00e9ny\u00e9t a tr\u00e1gyasz\u00f3r\u00f3 sebess\u00e9gv\u00e1lt\u00f3j\u00e1val, lehet\u0151v\u00e9 t\u00e9ve a mechanikai teljes\u00edtm\u00e9ny \u00e1tvitel\u00e9t a tr\u00e1gyasz\u00f3r\u00f3 m\u0171k\u00f6dtet\u00e9s\u00e9hez. A teljes\u00edtm\u00e9nylead\u00f3 tengely \u00f6sszek\u00f6t\u0151 kapocsk\u00e9nt szolg\u00e1l a traktor motorja \u00e9s a tr\u00e1gyasz\u00f3r\u00f3 sebess\u00e9gv\u00e1lt\u00f3ja k\u00f6z\u00f6tt, biztos\u00edtva a sz\u00f3r\u00f3 hat\u00e9kony \u00e9s eredm\u00e9nyes m\u0171k\u00f6dtet\u00e9s\u00e9t. Az al\u00e1bbiakban a tr\u00e1gyasz\u00f3r\u00f3 sebess\u00e9gv\u00e1lt\u00f3ihoz tartoz\u00f3 teljes\u00edtm\u00e9nylead\u00f3 tengely f\u0151bb jellemz\u0151it \u00e9s el\u0151nyeit ismertetj\u00fck:<\/p>\n<ol>\n<li><strong>Nagy teherb\u00edr\u00e1s\u00fa konstrukci\u00f3<\/strong>\n<ul>\n<li><strong>Nagy szil\u00e1rds\u00e1g\u00fa ac\u00e9l<\/strong>A kard\u00e1ntengely robusztus, nagy szil\u00e1rds\u00e1g\u00fa ac\u00e9lb\u00f3l k\u00e9sz\u00fclt, hogy megbirk\u00f3zzon a mez\u0151gazdas\u00e1gi feladatok sor\u00e1n fell\u00e9p\u0151 intenz\u00edv nyomat\u00e9kkal \u00e9s terhel\u00e9ssel.<\/li>\n<li><strong>Tart\u00f3s alkatr\u00e9szek<\/strong>A nagy teherb\u00edr\u00e1s\u00fa illeszt\u00e9seknek \u00e9s a meger\u0151s\u00edtett kialak\u00edt\u00e1snak k\u00f6sz\u00f6nhet\u0151en a kard\u00e1ntengelyek ellen\u00e1llnak a mez\u0151gazdas\u00e1g zord k\u00f6rnyezeti viszonyainak, bele\u00e9rtve a por, a nedvess\u00e9g \u00e9s a vegyi elemek hat\u00e1sainak val\u00f3 kitetts\u00e9get.<\/li>\n<\/ul>\n<\/li>\n<li><strong>Kompatibilit\u00e1s<\/strong>\n<ul>\n<li><strong>Univerz\u00e1lis tervez\u00e9s<\/strong>A kard\u00e1ntengelyek univerz\u00e1lis csatlakoz\u00e1sokkal vannak ell\u00e1tva, hogy a traktorok \u00e9s tr\u00e1gyasz\u00f3r\u00f3k sz\u00e9les v\u00e1laszt\u00e9k\u00e1val kompatibilisek legyenek.<\/li>\n<li><strong>Szabv\u00e1nyos\u00edtott tengelykapcsol\u00f3k<\/strong>A tengelyek szabv\u00e1nyos\u00edtott csatlakoz\u00f3kkal vannak felszerelve, amelyek illeszkednek a traktor TLT-teljes\u00edtm\u00e9ny\u00e9hez \u00e9s a tr\u00e1gyasz\u00f3r\u00f3 sebess\u00e9gv\u00e1lt\u00f3 bemenet\u00e9hez, biztos\u00edtva a k\u00f6nny\u0171 csatlakoztat\u00e1st \u00e9s lev\u00e1laszt\u00e1st.<\/li>\n<\/ul>\n<\/li>\n<li><strong>Nagy nyomat\u00e9k\u00e1tvitel<\/strong>\n<ul>\n<li>A kard\u00e1ntengelyek nagy nyomat\u00e9kot tov\u00e1bb\u00edtanak a traktorr\u00f3l a tr\u00e1gyasz\u00f3r\u00f3 sebess\u00e9gv\u00e1lt\u00f3j\u00e1ra. Ez biztos\u00edtja a sz\u00f3r\u00f3 hat\u00e9kony meghajt\u00e1s\u00e1t m\u00e9g nagy terhel\u00e9s mellett is.<\/li>\n<\/ul>\n<\/li>\n<li><strong>Biztons\u00e1gi funkci\u00f3k<\/strong>\n<ul>\n<li><strong>Biztons\u00e1gi pajzsok \u00e9s v\u00e9d\u0151burkolatok<\/strong>A kard\u00e1ntengelyek biztons\u00e1gi v\u00e9d\u0151burkolattal \u00e9s v\u00e9d\u0151burkolattal vannak felszerelve, hogy megakad\u00e1lyozz\u00e1k a mozg\u00f3 alkatr\u00e9szekkel val\u00f3 v\u00e9letlen \u00e9rintkez\u00e9st, biztos\u00edtva a felhaszn\u00e1l\u00f3 biztons\u00e1gos \u00fczemeltet\u00e9s\u00e9t.<\/li>\n<li><strong>Cs\u00fasz\u00f3kuplung mechanizmusok<\/strong>Sok kard\u00e1ntengely fel van szerelve cs\u00fasz\u00f3kuplunggal vagy t\u00falterhel\u00e9s elleni v\u00e9delmi mechanizmussal, hogy megv\u00e9dje a tengelyt \u00e9s a csatlakoztatott g\u00e9peket a hirtelen r\u00e1ngat\u00e1sok vagy t\u00falzott nyomat\u00e9k okozta k\u00e1rokt\u00f3l.<\/li>\n<\/ul>\n<\/li>\n<li><strong>Rugalmass\u00e1g \u00e9s el\u00e9rhet\u0151s\u00e9g<\/strong>\n<ul>\n<li>A kard\u00e1ntengelyek k\u00fcl\u00f6nb\u00f6z\u0151 hossz\u00fas\u00e1gokban kaphat\u00f3k, hogy illeszkedjenek a traktor \u00e9s a tr\u00e1gyasz\u00f3r\u00f3 k\u00f6z\u00f6tti t\u00e1vols\u00e1ghoz, biztos\u00edtva a megfelel\u0151 hat\u00f3t\u00e1vols\u00e1got \u00e9s rugalmass\u00e1got a k\u00fcl\u00f6nb\u00f6z\u0151 be\u00e1ll\u00edt\u00e1sokhoz.<\/li>\n<li><strong>Teleszk\u00f3pos kialak\u00edt\u00e1s<\/strong>N\u00e9h\u00e1ny kard\u00e1ntengely teleszk\u00f3pos kialak\u00edt\u00e1s\u00fa, amely lehet\u0151v\u00e9 teszi a hossz be\u00e1ll\u00edt\u00e1s\u00e1t a traktor \u00e9s a sz\u00f3r\u00f3g\u00e9p k\u00f6z\u00f6tti elt\u00e9r\u0151 munkat\u00e1vols\u00e1gokhoz igaz\u00edtva.<\/li>\n<\/ul>\n<\/li>\n<\/ol>\n<ol>\n<li style=\"list-style-type: none;\"><\/li>\n<\/ol>\n<p>\u00d6sszefoglalva, a tr\u00e1gyasz\u00f3r\u00f3 hajt\u00f3m\u0171veinek kard\u00e1ntengelye kulcsfontoss\u00e1g\u00fa eleme a modern mez\u0151gazdas\u00e1gi m\u0171veleteknek. Biztos\u00edtja a hat\u00e9kony er\u0151\u00e1tvitelt, n\u00f6veli a biztons\u00e1got, valamint tart\u00f3ss\u00e1got \u00e9s rugalmass\u00e1got k\u00edn\u00e1l sz\u00e1mos alkalmaz\u00e1shoz. Egy kiv\u00e1l\u00f3 min\u0151s\u00e9g\u0171 kard\u00e1ntengely haszn\u00e1lat\u00e1val a gazd\u00e1lkod\u00f3k maximaliz\u00e1lhatj\u00e1k tr\u00e1gyasz\u00f3r\u00f3ik teljes\u00edtm\u00e9ny\u00e9t, mik\u00f6zben minimaliz\u00e1lj\u00e1k a karbantart\u00e1si ig\u00e9nyeket \u00e9s az \u00fczemeltet\u00e9si k\u00f6lts\u00e9geket.<\/p>\n<p><img loading=\"lazy\" decoding=\"async\" class=\"alignnone  wp-image-3288\" src=\"https:\/\/fmp-components.com\/wp-content\/uploads\/2025\/01\/pto-shaft-for-manure-spreader-gearbox1.webp\" alt=\"kard\u00e1ntengely-tr\u00e1gyasz\u00f3r\u00f3-hajt\u00f3m\u0171h\u00f6z(1)\" width=\"852\" height=\"837\" title=\"\" srcset=\"https:\/\/fmp-components.com\/wp-content\/uploads\/2025\/01\/pto-shaft-for-manure-spreader-gearbox1.webp 852w, https:\/\/fmp-components.com\/wp-content\/uploads\/2025\/01\/pto-shaft-for-manure-spreader-gearbox1-480x471.webp 480w\" sizes=\"(min-width: 0px) and (max-width: 480px) 480px, (min-width: 481px) 852px, 100vw\" \/><\/p>\n<h2>Az FMP-r\u0151l<\/h2>\n<p>Az olaszorsz\u00e1gi sz\u00e9khely\u0171 FMP vezet\u0151 gy\u00e1rt\u00f3, amely nagy teljes\u00edtm\u00e9ny\u0171 sebess\u00e9gv\u00e1lt\u00f3k tervez\u00e9s\u00e9ben, fejleszt\u00e9s\u00e9ben \u00e9s gy\u00e1rt\u00e1s\u00e1ban szerzett szak\u00e9rtelm\u00e9r\u0151l ismert, k\u00fcl\u00f6n\u00f6s tekintettel a mez\u0151gazdas\u00e1gi g\u00e9pek szektor\u00e1ra. A prec\u00edzi\u00f3s m\u00e9rn\u00f6ki munk\u00e1r\u00f3l, innovat\u00edv megold\u00e1sokr\u00f3l \u00e9s p\u00e1ratlan megb\u00edzhat\u00f3s\u00e1gr\u00f3l ismert FMP megb\u00edzhat\u00f3 partnerr\u00e9 v\u00e1lt mind a mez\u0151gazdas\u00e1gi, mind az ipari piacon. Kiterjedt portf\u00f3li\u00f3nk mag\u00e1ban foglalja a f\u0171ny\u00edr\u00f3khoz, kard\u00e1ntengelyekhez \u00e9s egy\u00e9b alapvet\u0151 alkatr\u00e9szekhez k\u00e9sz\u00fclt, egyedi tervez\u00e9s\u0171 sebess\u00e9gv\u00e1lt\u00f3kat, amelyek mindegyike a sz\u00e9les k\u00f6r\u0171 alkalmaz\u00e1sok pontos ig\u00e9nyeinek kiel\u00e9g\u00edt\u00e9s\u00e9re szolg\u00e1l.<\/p>\n<p>Az FMP-n\u00e9l meg\u00e9rtj\u00fck, hogy minden \u00fcgyf\u00e9l ig\u00e9nyei egyediek. Ez a bel\u00e1t\u00e1s vez\u00e9rli elk\u00f6telezetts\u00e9g\u00fcnket a szem\u00e9lyre szabott megold\u00e1sok ir\u00e1nt, legyen sz\u00f3 ak\u00e1r egyedi komponensekr\u0151l, ak\u00e1r teljesen integr\u00e1lt rendszerekr\u0151l. Az \u00fcgyfelekkel val\u00f3 szoros egy\u00fcttm\u0171k\u00f6d\u00e9s r\u00e9v\u00e9n biztos\u00edtjuk, hogy minden megold\u00e1s t\u00f6k\u00e9letesen illeszkedjen az ig\u00e9nyeikhez, optimaliz\u00e1lva a teljes\u00edtm\u00e9nyt \u00e9s maxim\u00e1lis \u00e9rt\u00e9ket teremtve. Az id\u0151ben t\u00f6rt\u00e9n\u0151, professzion\u00e1lis v\u00e1laszok \u00e9s szak\u00e9rt\u0151i \u00fatmutat\u00e1s ir\u00e1nti elk\u00f6telezetts\u00e9g\u00fcnk biztos\u00edtja, hogy minden megkeres\u00e9sre pontosan v\u00e1laszoljunk, ami k\u00f6vetkezetes \u00e9s sikeres eredm\u00e9nyekhez vezet.<\/p>\n<p>A term\u00e9kfejleszt\u00e9si folyamat minden szakasz\u00e1ban kiemelt fontoss\u00e1g\u00fanak tartjuk az \u00e1tl\u00e1that\u00f3 \u00e9s folyamatos kommunik\u00e1ci\u00f3t. Tapasztalt csapatunk szorosan egy\u00fcttm\u0171k\u00f6dik \u00fcgyfeleinkkel, hogy teljes m\u00e9rt\u00e9kben meg\u00e9rtse egyedi ig\u00e9nyeiket, \u00e9rt\u00e9kes betekint\u00e9st \u00e9s aj\u00e1nl\u00e1sokat k\u00edn\u00e1lva a legjobb eredm\u00e9nyek el\u00e9r\u00e9se \u00e9rdek\u00e9ben. Ak\u00e1r innovat\u00edv term\u00e9kek fejleszt\u00e9s\u00e9r\u0151l, ak\u00e1r rutinmegrendel\u00e9sek teljes\u00edt\u00e9s\u00e9r\u0151l van sz\u00f3, az FMP elk\u00f6telezett amellett, hogy minden alkalommal kiv\u00e1l\u00f3 min\u0151s\u00e9g\u0171, prec\u00edzen megtervezett megold\u00e1sokat sz\u00e1ll\u00edtson id\u0151ben. C\u00e9lunk, hogy fel\u00fclm\u00faljuk \u00fcgyfeleink elv\u00e1r\u00e1sait, kiv\u00e9teles szolg\u00e1ltat\u00e1st ny\u00fajtsunk \u00e9s kiemelked\u0151 eredm\u00e9nyeket \u00e9rj\u00fcnk el minden projekttel.<\/p>\n<p>Az FMP m\u0171k\u00f6d\u00e9s\u00e9nek k\u00f6z\u00e9ppontj\u00e1ban a min\u0151s\u00e9g ir\u00e1nti rend\u00edthetetlen elk\u00f6telezetts\u00e9g \u00e1ll. A legmagasabb gy\u00e1rt\u00e1si szabv\u00e1nyokat tartjuk be, \u00e9s szigor\u00fa min\u0151s\u00e9gellen\u0151rz\u00e9si elj\u00e1r\u00e1sokat alkalmazunk annak biztos\u00edt\u00e1sa \u00e9rdek\u00e9ben, hogy minden term\u00e9k\u00fcnk meghaladja az ipar\u00e1gi szabv\u00e1nyokat. Ez a kiv\u00e1l\u00f3s\u00e1g ir\u00e1nti elk\u00f6telezetts\u00e9g, valamint az olyan alapvet\u0151 \u00e9rt\u00e9keink, mint az integrit\u00e1s, a csapatmunka \u00e9s a kitart\u00e1s, lehet\u0151v\u00e9 tette sz\u00e1munkra, hogy hossz\u00fa t\u00e1v\u00fa, bizalmon alapul\u00f3 kapcsolatokat \u00e9p\u00edts\u00fcnk ki \u00fcgyfeleinkkel vil\u00e1gszerte k\u00f6zel 30 orsz\u00e1gban.<\/p>\n<p>Az FMP elk\u00f6telezett a glob\u00e1lis partners\u00e9gek \u00e1pol\u00e1sa ir\u00e1nt szak\u00e9rt\u0151i tan\u00e1csokkal \u00e9s testreszabott megold\u00e1sokkal, amelyek \u00fcgyfeleink v\u00e1ltoz\u00f3 ig\u00e9nyeivel egy\u00fctt fejl\u0151dnek. Hossz\u00fa t\u00e1v\u00fa, k\u00f6lcs\u00f6n\u00f6sen el\u0151ny\u00f6s kapcsolatok ki\u00e9p\u00edt\u00e9s\u00e9re t\u00f6reksz\u00fcnk, amelyek minden projekt siker\u00e9t el\u0151mozd\u00edtj\u00e1k. Ak\u00e1r innovat\u00edv megold\u00e1sokat keres egy \u00faj kezdem\u00e9nyez\u00e9shez, ak\u00e1r folyamatos t\u00e1mogat\u00e1st egy megl\u00e9v\u0151 rendszerhez, az FMP itt van, hogy seg\u00edtsen lek\u00fczdeni a technikai kih\u00edv\u00e1sokat \u00e9s biztos\u00edtsa a folyamatos sikert.<\/p>\n<p><img loading=\"lazy\" decoding=\"async\" class=\"alignnone wp-image-2695\" src=\"https:\/\/fmp-components.com\/wp-content\/uploads\/2025\/01\/agricultural-gearbox3.webp\" alt=\"mez\u0151gazdas\u00e1gi sebess\u00e9gv\u00e1lt\u00f3\" width=\"1140\" height=\"1138\" title=\"\" srcset=\"https:\/\/fmp-components.com\/wp-content\/uploads\/2025\/01\/agricultural-gearbox3.webp 1140w, https:\/\/fmp-components.com\/wp-content\/uploads\/2025\/01\/agricultural-gearbox3-480x479.webp 480w\" sizes=\"(min-width: 0px) and (max-width: 480px) 480px, (min-width: 481px) 1140px, 100vw\" \/><\/p>\n<p>Szerz\u0151: CX<\/p>","protected":false},"excerpt":{"rendered":"<p>Manure Spreader Gearboxes N-2A Specification i 5.67 N1[rpm] 540 P1[kW] 23.5 M2[Nm] &#8211; Shaft X 1&#8221; 3\/8 Z6 Shaft Y 1&#8221; 3\/8 Z6 Shaft Z 1&#8221; 3\/8 Z6 Input Z Features of Manure Spreader Gearbox Durable Housing The gearbox features a robust, corrosion-resistant housing, typically made from high-strength materials such as cast iron or aluminum [&hellip;]<\/p>","protected":false},"featured_media":3290,"comment_status":"open","ping_status":"closed","template":"","meta":{"_et_pb_use_builder":"","_et_pb_old_content":"","_et_gb_content_width":""},"product_brand":[],"product_cat":[79],"product_tag":[],"class_list":{"0":"post-3285","1":"product","2":"type-product","3":"status-publish","4":"has-post-thumbnail","6":"product_cat-manure-spreader-gearbox","8":"first","9":"instock","10":"shipping-taxable","11":"product-type-simple"},"_links":{"self":[{"href":"https:\/\/fmp-components.com\/hu\/wp-json\/wp\/v2\/product\/3285","targetHints":{"allow":["GET"]}}],"collection":[{"href":"https:\/\/fmp-components.com\/hu\/wp-json\/wp\/v2\/product"}],"about":[{"href":"https:\/\/fmp-components.com\/hu\/wp-json\/wp\/v2\/types\/product"}],"replies":[{"embeddable":true,"href":"https:\/\/fmp-components.com\/hu\/wp-json\/wp\/v2\/comments?post=3285"}],"wp:featuredmedia":[{"embeddable":true,"href":"https:\/\/fmp-components.com\/hu\/wp-json\/wp\/v2\/media\/3290"}],"wp:attachment":[{"href":"https:\/\/fmp-components.com\/hu\/wp-json\/wp\/v2\/media?parent=3285"}],"wp:term":[{"taxonomy":"product_brand","embeddable":true,"href":"https:\/\/fmp-components.com\/hu\/wp-json\/wp\/v2\/product_brand?post=3285"},{"taxonomy":"product_cat","embeddable":true,"href":"https:\/\/fmp-components.com\/hu\/wp-json\/wp\/v2\/product_cat?post=3285"},{"taxonomy":"product_tag","embeddable":true,"href":"https:\/\/fmp-components.com\/hu\/wp-json\/wp\/v2\/product_tag?post=3285"}],"curies":[{"name":"munkaf\u00fczet","href":"https:\/\/api.w.org\/{rel}","templated":true}]}}