{"id":3259,"date":"2025-01-06T01:36:46","date_gmt":"2025-01-06T01:36:46","guid":{"rendered":"https:\/\/fmp-components.com\/?page_id=8"},"modified":"2025-01-06T01:36:47","modified_gmt":"2025-01-06T01:36:47","slug":"gearbox-for-agricultural-machinery-700-series","status":"publish","type":"product","link":"https:\/\/fmp-components.com\/hu\/product\/gearbox-for-agricultural-machinery-700-series\/","title":{"rendered":"Sebess\u00e9gv\u00e1lt\u00f3 mez\u0151gazdas\u00e1gi g\u00e9pekhez 700-as sorozat"},"content":{"rendered":"<h2>Rajz a 700-as sorozathoz<\/h2>\n<p><img loading=\"lazy\" decoding=\"async\" class=\"alignnone  wp-image-3263\" src=\"https:\/\/fmp-components.com\/wp-content\/uploads\/2025\/01\/R700-Spec-1.webp\" alt=\"R700-Spec-1\" width=\"900\" height=\"1126\" title=\"\" srcset=\"https:\/\/fmp-components.com\/wp-content\/uploads\/2025\/01\/R700-Spec-1.webp 900w, https:\/\/fmp-components.com\/wp-content\/uploads\/2025\/01\/R700-Spec-1-480x601.webp 480w\" sizes=\"(min-width: 0px) and (max-width: 480px) 480px, (min-width: 481px) 900px, 100vw\" \/><\/p>\n<h3>Tengelyforg\u00e1s-be\u00e1ll\u00edt\u00e1s 700-as sorozathoz<\/h3>\n<p><img loading=\"lazy\" decoding=\"async\" class=\"alignnone size-full wp-image-3262\" src=\"https:\/\/fmp-components.com\/wp-content\/uploads\/2025\/01\/R700-Rotation.webp\" alt=\"R700-Forg\u00e1s\" width=\"1024\" height=\"345\" title=\"\" srcset=\"https:\/\/fmp-components.com\/wp-content\/uploads\/2025\/01\/R700-Rotation.webp 1024w, https:\/\/fmp-components.com\/wp-content\/uploads\/2025\/01\/R700-Rotation-980x330.webp 980w, https:\/\/fmp-components.com\/wp-content\/uploads\/2025\/01\/R700-Rotation-480x162.webp 480w\" sizes=\"(min-width: 0px) and (max-width: 480px) 480px, (min-width: 481px) and (max-width: 980px) 980px, (min-width: 981px) 1024px, 100vw\" \/><\/p>\n<h3>\u00c9rt\u00e9kel\u00e9si t\u00e1bl\u00e1zatok<\/h3>\n<p><img loading=\"lazy\" decoding=\"async\" class=\"alignnone  wp-image-3264\" src=\"https:\/\/fmp-components.com\/wp-content\/uploads\/2025\/01\/R700-rating-charts.webp\" alt=\"R700-besorol\u00e1si t\u00e1bl\u00e1zatok\" width=\"862\" height=\"397\" title=\"\" srcset=\"https:\/\/fmp-components.com\/wp-content\/uploads\/2025\/01\/R700-rating-charts.webp 393w, https:\/\/fmp-components.com\/wp-content\/uploads\/2025\/01\/R700-rating-charts-300x138.webp 300w, https:\/\/fmp-components.com\/wp-content\/uploads\/2025\/01\/R700-rating-charts-18x8.webp 18w\" sizes=\"(max-width: 862px) 100vw, 862px\" \/><\/p>\n<h3>Sebess\u00e9gv\u00e1lt\u00f3 mez\u0151gazdas\u00e1gi g\u00e9pekhez 700-as sorozat<\/h3>\n<p><strong>Jellemz\u0151k:<\/strong><\/p>\n<ul>\n<li><strong>K\u00e9tr\u00e9szes alum\u00ednium h\u00e1z<\/strong>Nagy szil\u00e1rds\u00e1g\u00fa alum\u00edniumb\u00f3l k\u00e9sz\u00fclt, \u00edgy ez a h\u00e1z kiv\u00e1l\u00f3 <strong>korr\u00f3zi\u00f3\u00e1ll\u00f3s\u00e1g<\/strong> \u00e9s <strong>h\u0151kapacit\u00e1s<\/strong>, \u00edgy rendk\u00edv\u00fcl tart\u00f3s a neh\u00e9z mez\u0151gazdas\u00e1gi k\u00f6rnyezetben.<\/li>\n<li><strong>Prec\u00edzi\u00f3s megmunk\u00e1l\u00e1s\u00fa alkatr\u00e9szek<\/strong>Minden sebess\u00e9gv\u00e1lt\u00f3 prec\u00edzi\u00f3s megmunk\u00e1l\u00e1s\u00fa, hogy garant\u00e1lja a t\u00f6k\u00e9letes fogasker\u00e9k-csatlakoz\u00e1st \u00e9s <strong>csap\u00e1gy el\u0151terhel\u00e9s<\/strong>, biztos\u00edtva a z\u00f6kken\u0151mentes \u00e9s hat\u00e9kony m\u0171k\u00f6d\u00e9st nagy terhel\u00e9s alatt is.<\/li>\n<li><strong>Kov\u00e1csolt fogaskerekek<\/strong>A 700-as sorozat prec\u00edzi\u00f3s kov\u00e1csolt fogaskerekekkel rendelkezik, amelyek a k\u00f6vetkez\u0151 kivitelben kaphat\u00f3k: <strong>3:1 \u00e1tt\u00e9tel<\/strong>, kiv\u00e1l\u00f3 nyomat\u00e9k\u00e1tvitelt \u00e9s m\u0171k\u00f6d\u00e9si hat\u00e9konys\u00e1got biztos\u00edtva.<\/li>\n<li><strong>K\u00fapg\u00f6rg\u0151s csap\u00e1gyak<\/strong>Ezek a csap\u00e1gyak a jav\u00edt\u00e1sra szolg\u00e1lnak <strong>teherb\u00edr\u00e1s<\/strong> \u00e9s meghosszabb\u00edtja a <strong>csap\u00e1gy \u00e9lettartama<\/strong>, biztos\u00edtva a hosszan tart\u00f3 teljes\u00edtm\u00e9nyt m\u00e9g nagy stresszes k\u00f6rnyezetben is.<\/li>\n<li><strong>Nagy szil\u00e1rds\u00e1g\u00fa ac\u00e9ltengelyek<\/strong>A <strong>1,75 h\u00fcvelykes bemeneti tengely<\/strong> \u00e9s <strong>2,75 h\u00fcvelykes kimen\u0151 tengely<\/strong> nagy szil\u00e1rds\u00e1g\u00fa ac\u00e9lb\u00f3l k\u00e9sz\u00fclnek, ami biztos\u00edtja a robusztuss\u00e1got \u00e9s a megb\u00edzhat\u00f3s\u00e1got neh\u00e9z alkalmaz\u00e1sokban.<\/li>\n<li><strong>80W90 hajt\u00f3m\u0171olaj<\/strong>: Kiv\u00e1l\u00f3 min\u0151s\u00e9g\u0171 anyagokkal t\u00f6ltve <strong>80W90 hajt\u00f3m\u0171olaj<\/strong>a sebess\u00e9gv\u00e1lt\u00f3t a sz\u00e1ll\u00edt\u00e1s el\u0151tt alaposan tesztelik sziv\u00e1rg\u00e1s szempontj\u00e1b\u00f3l, biztos\u00edtva az optim\u00e1lis m\u0171k\u00f6d\u00e9st az els\u0151 napt\u00f3l kezdve.<\/li>\n<li><strong>Sziv\u00e1rg\u00e1stesztelt<\/strong>Minden egys\u00e9g \u00e1tfog\u00f3 sziv\u00e1rg\u00e1svizsg\u00e1laton esik \u00e1t a sziv\u00e1rg\u00e1smentess\u00e9g biztos\u00edt\u00e1sa \u00e9rdek\u00e9ben, garant\u00e1lva a megb\u00edzhat\u00f3s\u00e1got \u00e9s cs\u00f6kkentve a karbantart\u00e1si ig\u00e9nyt az id\u0151 m\u00fal\u00e1s\u00e1val.<\/li>\n<li><strong>S\u00faly<\/strong>A 700-as sorozat\u00fa sebess\u00e9gv\u00e1lt\u00f3 s\u00falya k\u00f6r\u00fclbel\u00fcl <strong>120 font<\/strong>, bele\u00e9rtve a ken\u0151anyagot is, \u00edgy robusztus \u00e9s k\u00e9pes a legnehezebb mez\u0151gazdas\u00e1gi g\u00e9pi feladatok elv\u00e9gz\u00e9s\u00e9re.<\/li>\n<\/ul>\n<h3>Tov\u00e1bbi el\u0151ny\u00f6k:<\/h3>\n<ul>\n<li><strong>Optim\u00e1lis h\u0151kezel\u00e9s<\/strong>Az alum\u00ednium h\u00e1z nemcsak szil\u00e1rds\u00e1got biztos\u00edt, hanem hat\u00e9konyan elvezeti a h\u0151t is, \u00edgy m\u00e9g hosszabb haszn\u00e1lat \u00e9s kih\u00edv\u00e1st jelent\u0151 k\u00f6r\u00fclm\u00e9nyek k\u00f6z\u00f6tt is \u00e1lland\u00f3 teljes\u00edtm\u00e9nyt ny\u00fajt.<\/li>\n<li><strong>Tart\u00f3ss\u00e1g \u00e9s hossz\u00fa \u00e9lettartam<\/strong>A folyamatos, nagy terhel\u00e9s\u0171 mez\u0151gazdas\u00e1gi alkalmaz\u00e1sokhoz tervezett 700-as sorozat ellen\u00e1ll a zord \u00fczemi k\u00f6rnyezetnek, \u00edgy hosszabb \u00e9lettartamot \u00e9s minim\u00e1lis \u00e1ll\u00e1sid\u0151t biztos\u00edt.<\/li>\n<li><strong>Hat\u00e9konys\u00e1g m\u00e9retar\u00e1nyosan<\/strong>A 3:1-es \u00e1tt\u00e9tel ide\u00e1lis nagyobb mez\u0151gazdas\u00e1gi g\u00e9pekhez, biztos\u00edtva, hogy a sebess\u00e9gv\u00e1lt\u00f3 maximaliz\u00e1lja a hat\u00e9konys\u00e1got, \u00e9s hat\u00e9konyan tov\u00e1bb\u00edtja a teljes\u00edtm\u00e9nyt az optim\u00e1lis sz\u00e1nt\u00f3f\u00f6ldi m\u0171veletekhez.<\/li>\n<\/ul>\n<p>A 700-as sorozat\u00fa sebess\u00e9gv\u00e1lt\u00f3t \u00fagy tervezt\u00e9k, hogy kiv\u00e9teles megb\u00edzhat\u00f3s\u00e1got, teljes\u00edtm\u00e9nyt \u00e9s tart\u00f3ss\u00e1got biztos\u00edtson a legig\u00e9nyesebb mez\u0151gazdas\u00e1gi k\u00f6rnyezetben is. Ak\u00e1r nagy traktorokat, betakar\u00edt\u00f3g\u00e9peket vagy m\u00e1s neh\u00e9zg\u00e9peket \u00fczemeltet, a 700-as sorozat biztos\u00edtja a hat\u00e9kony m\u0171k\u00f6d\u00e9shez \u00e9s a hossz\u00fa t\u00e1v\u00fa megb\u00edzhat\u00f3s\u00e1ghoz sz\u00fcks\u00e9ges teljes\u00edtm\u00e9nyt \u00e9s tart\u00f3ss\u00e1got.<\/p>\n<h3>Az FMP-r\u0151l<\/h3>\n<p>Az olaszorsz\u00e1gi sz\u00e9khely\u0171 FMP egy elismert gy\u00e1rt\u00f3, amely nagy teljes\u00edtm\u00e9ny\u0171 sebess\u00e9gv\u00e1lt\u00f3k tervez\u00e9s\u00e9ben, fejleszt\u00e9s\u00e9ben \u00e9s gy\u00e1rt\u00e1s\u00e1ban szerzett szak\u00e9rtelm\u00e9r\u0151l ismert, k\u00fcl\u00f6n\u00f6s tekintettel a mez\u0151gazdas\u00e1gi g\u00e9pek szektor\u00e1ra. A prec\u00edzi\u00f3s m\u00e9rn\u00f6ki munk\u00e1r\u00f3l, innovat\u00edv megold\u00e1sokr\u00f3l \u00e9s rend\u00edthetetlen megb\u00edzhat\u00f3s\u00e1gr\u00f3l ismert FMP er\u0151s h\u00edrnevet szerzett mag\u00e1nak, mint megb\u00edzhat\u00f3 partner mind a mez\u0151gazdas\u00e1gi, mind az ipari piacokon. \u00c1tfog\u00f3 portf\u00f3li\u00f3nk mag\u00e1ban foglalja a f\u0171ny\u00edr\u00f3khoz, kard\u00e1ntengelyekhez \u00e9s sz\u00e1mos m\u00e1s kritikus alkatr\u00e9szhez k\u00e9sz\u00fclt, egyedi tervez\u00e9s\u0171 sebess\u00e9gv\u00e1lt\u00f3kat, amelyek mindegyik\u00e9t apr\u00f3l\u00e9kosan \u00fagy tervezt\u00e9k, hogy megfeleljen a k\u00fcl\u00f6nf\u00e9le alkalmaz\u00e1sok speci\u00e1lis ig\u00e9nyeinek.<\/p>\n<p>Az FMP-n\u00e9l meg\u00e9rtj\u00fck, hogy minden \u00fcgyf\u00e9l egyedi kih\u00edv\u00e1sokkal n\u00e9z szembe, \u00e9s ez \u00f6szt\u00f6n\u00f6z minket a szem\u00e9lyre szabott megold\u00e1sok ir\u00e1nti elk\u00f6telezetts\u00e9g\u00fcnkre. Legyen sz\u00f3 egyetlen komponensr\u0151l vagy egy teljes integr\u00e1lt rendszerr\u0151l, szorosan egy\u00fcttm\u0171k\u00f6d\u00fcnk \u00fcgyfeleinkkel annak \u00e9rdek\u00e9ben, hogy minden megold\u00e1s ne csak megfeleljen az ig\u00e9nyeiknek, hanem n\u00f6velje a teljes\u00edtm\u00e9nyt \u00e9s maximaliz\u00e1lja az \u00f6ssz\u00e9rt\u00e9ket. A gyors, professzion\u00e1lis v\u00e1laszok \u00e9s a szak\u00e9rt\u0151i \u00fatmutat\u00e1s ir\u00e1nti elk\u00f6telezetts\u00e9g\u00fcnk garant\u00e1lja, hogy minden megkeres\u00e9sre pontosan v\u00e1laszolunk, k\u00f6vetkezetesen optim\u00e1lis eredm\u00e9nyeket hozva.<\/p>\n<p>Jelent\u0151s hangs\u00falyt fektet\u00fcnk az \u00e1tl\u00e1that\u00f3 \u00e9s folyamatos kommunik\u00e1ci\u00f3ra a teljes term\u00e9kfejleszt\u00e9si folyamat sor\u00e1n. Elk\u00f6telezett csapatunk szorosan egy\u00fcttm\u0171k\u00f6dik \u00fcgyfeleinkkel, hogy teljes m\u00e9rt\u00e9kben meg\u00e9rtse ig\u00e9nyeiket, \u00e9rt\u00e9kes betekint\u00e9st \u00e9s gyakorlatias aj\u00e1nl\u00e1sokat k\u00edn\u00e1lva a lehet\u0151 legjobb eredm\u00e9nyek el\u00e9r\u00e9se \u00e9rdek\u00e9ben. Ak\u00e1r innovat\u00edv term\u00e9keket tervez\u00fcnk, ak\u00e1r rutinmegrendel\u00e9seket teljes\u00edt\u00fcnk, az FMP elk\u00f6telezett amellett, hogy minden alkalommal kiv\u00e1l\u00f3 min\u0151s\u00e9g\u0171, prec\u00edzi\u00f3san megtervezett megold\u00e1sokat sz\u00e1ll\u00edtson id\u0151ben. C\u00e9lunk, hogy fel\u00fclm\u00faljuk \u00fcgyfeleink elv\u00e1r\u00e1sait, kiv\u00e9teles szolg\u00e1ltat\u00e1st \u00e9s kiemelked\u0151 eredm\u00e9nyeket ny\u00fajtva minden projekt sor\u00e1n.<\/p>\n<p>Az FMP m\u0171k\u00f6d\u00e9s\u00e9nek k\u00f6z\u00e9ppontj\u00e1ban a min\u0151s\u00e9g ir\u00e1nti rend\u00edthetetlen elk\u00f6telezetts\u00e9g \u00e1ll. A legmagasabb gy\u00e1rt\u00e1si szabv\u00e1nyokat tartjuk be, \u00e9s szigor\u00fa min\u0151s\u00e9gellen\u0151rz\u00e9si folyamatokat alkalmazunk annak biztos\u00edt\u00e1sa \u00e9rdek\u00e9ben, hogy minden term\u00e9k ne csak megfeleljen, hanem meghaladja az ipar\u00e1gi szabv\u00e1nyokat. Ez a kiv\u00e1l\u00f3s\u00e1g ir\u00e1nti elk\u00f6telezetts\u00e9g, valamint az integrit\u00e1s, a csapatmunka \u00e9s a kitart\u00e1s alapvet\u0151 \u00e9rt\u00e9kei lehet\u0151v\u00e9 tett\u00e9k sz\u00e1munkra, hogy hossz\u00fa t\u00e1v\u00fa, bizalmon alapul\u00f3 kapcsolatokat \u00e9p\u00edts\u00fcnk ki \u00fcgyfeleinkkel a vil\u00e1g k\u00f6zel 30 orsz\u00e1g\u00e1ban.<\/p>\n<p>Az FMP elk\u00f6telezett a glob\u00e1lis partners\u00e9gek \u00e1pol\u00e1sa ir\u00e1nt szak\u00e9rt\u0151i tan\u00e1csokkal \u00e9s testreszabott megold\u00e1sokkal, amelyek \u00fcgyfeleink dinamikus ig\u00e9nyeivel egy\u00fctt fejl\u0151dnek. Hossz\u00fa t\u00e1v\u00fa, k\u00f6lcs\u00f6n\u00f6sen el\u0151ny\u00f6s kapcsolatok ki\u00e9p\u00edt\u00e9s\u00e9re t\u00f6reksz\u00fcnk, amelyek minden projekt siker\u00e9t el\u0151mozd\u00edtj\u00e1k. Ak\u00e1r innovat\u00edv megold\u00e1sokat keres egy \u00faj kezdem\u00e9nyez\u00e9shez, ak\u00e1r folyamatos t\u00e1mogat\u00e1sra van sz\u00fcks\u00e9ge egy megl\u00e9v\u0151 rendszerhez, az FMP k\u00e9szen \u00e1ll arra, hogy seg\u00edtsen lek\u00fczdeni a technikai kih\u00edv\u00e1sokat \u00e9s biztos\u00edtsa a folyamatos sikert.<\/p>\n<p><img loading=\"lazy\" decoding=\"async\" class=\"alignnone wp-image-2695\" src=\"https:\/\/fmp-components.com\/wp-content\/uploads\/2025\/01\/agricultural-gearbox3.webp\" alt=\"mez\u0151gazdas\u00e1gi sebess\u00e9gv\u00e1lt\u00f3\" width=\"1140\" height=\"1138\" title=\"\" srcset=\"https:\/\/fmp-components.com\/wp-content\/uploads\/2025\/01\/agricultural-gearbox3.webp 1140w, https:\/\/fmp-components.com\/wp-content\/uploads\/2025\/01\/agricultural-gearbox3-480x479.webp 480w\" sizes=\"(min-width: 0px) and (max-width: 480px) 480px, (min-width: 481px) 1140px, 100vw\" \/><\/p>\n<p>Szerz\u0151: CX<\/p>","protected":false},"excerpt":{"rendered":"<p>Drawing For 700 Series Shaft Rotation Alignment For 700 Series Rating Charts Gearbox for Agricultural Machinery 700 Series Features: Two-Piece Aluminum Housing: Constructed with high-strength aluminum, this housing ensures superior corrosion resistance and thermal capacity, making it highly durable for demanding agricultural environments. Precision Machined Components: Each gearbox is precision-machined to guarantee perfect gear meshing [&hellip;]<\/p>","protected":false},"featured_media":3260,"comment_status":"open","ping_status":"closed","template":"","meta":{"_et_pb_use_builder":"","_et_pb_old_content":"","_et_gb_content_width":""},"product_brand":[],"product_cat":[78],"product_tag":[],"class_list":{"0":"post-3259","1":"product","2":"type-product","3":"status-publish","4":"has-post-thumbnail","6":"product_cat-gearbox-for-agricultural-machinery","8":"first","9":"instock","10":"shipping-taxable","11":"product-type-simple"},"_links":{"self":[{"href":"https:\/\/fmp-components.com\/hu\/wp-json\/wp\/v2\/product\/3259","targetHints":{"allow":["GET"]}}],"collection":[{"href":"https:\/\/fmp-components.com\/hu\/wp-json\/wp\/v2\/product"}],"about":[{"href":"https:\/\/fmp-components.com\/hu\/wp-json\/wp\/v2\/types\/product"}],"replies":[{"embeddable":true,"href":"https:\/\/fmp-components.com\/hu\/wp-json\/wp\/v2\/comments?post=3259"}],"wp:featuredmedia":[{"embeddable":true,"href":"https:\/\/fmp-components.com\/hu\/wp-json\/wp\/v2\/media\/3260"}],"wp:attachment":[{"href":"https:\/\/fmp-components.com\/hu\/wp-json\/wp\/v2\/media?parent=3259"}],"wp:term":[{"taxonomy":"product_brand","embeddable":true,"href":"https:\/\/fmp-components.com\/hu\/wp-json\/wp\/v2\/product_brand?post=3259"},{"taxonomy":"product_cat","embeddable":true,"href":"https:\/\/fmp-components.com\/hu\/wp-json\/wp\/v2\/product_cat?post=3259"},{"taxonomy":"product_tag","embeddable":true,"href":"https:\/\/fmp-components.com\/hu\/wp-json\/wp\/v2\/product_tag?post=3259"}],"curies":[{"name":"munkaf\u00fczet","href":"https:\/\/api.w.org\/{rel}","templated":true}]}}