{"id":3253,"date":"2025-01-06T01:10:21","date_gmt":"2025-01-06T01:10:21","guid":{"rendered":"https:\/\/fmp-components.com\/?page_id=8"},"modified":"2025-01-06T01:15:31","modified_gmt":"2025-01-06T01:15:31","slug":"gearbox-for-agricultural-machinery-600-series","status":"publish","type":"product","link":"https:\/\/fmp-components.com\/hu\/product\/gearbox-for-agricultural-machinery-600-series\/","title":{"rendered":"Sebess\u00e9gv\u00e1lt\u00f3 mez\u0151gazdas\u00e1gi g\u00e9pekhez 600-as sorozat"},"content":{"rendered":"<h2>\u00c9rt\u00e9kel\u00e9si t\u00e1bl\u00e1zat<\/h2>\n<p><img loading=\"lazy\" decoding=\"async\" class=\"alignnone wp-image-3255\" src=\"https:\/\/fmp-components.com\/wp-content\/uploads\/2025\/01\/R600-rating-charts.webp\" alt=\"R600-besorol\u00e1si t\u00e1bl\u00e1zatok\" width=\"844\" height=\"1536\" title=\"\" srcset=\"https:\/\/fmp-components.com\/wp-content\/uploads\/2025\/01\/R600-rating-charts.webp 339w, https:\/\/fmp-components.com\/wp-content\/uploads\/2025\/01\/R600-rating-charts-165x300.webp 165w, https:\/\/fmp-components.com\/wp-content\/uploads\/2025\/01\/R600-rating-charts-7x12.webp 7w\" sizes=\"(max-width: 844px) 100vw, 844px\" \/><\/p>\n<h3>Rajz a 600-as sorozathoz<\/h3>\n<p><img loading=\"lazy\" decoding=\"async\" class=\"alignnone wp-image-3254\" src=\"https:\/\/fmp-components.com\/wp-content\/uploads\/2025\/01\/600drawing.webp\" alt=\"600 rajz\" width=\"889\" height=\"1149\" title=\"\" srcset=\"https:\/\/fmp-components.com\/wp-content\/uploads\/2025\/01\/600drawing.webp 889w, https:\/\/fmp-components.com\/wp-content\/uploads\/2025\/01\/600drawing-480x621.webp 480w\" sizes=\"(min-width: 0px) and (max-width: 480px) 480px, (min-width: 481px) 889px, 100vw\" \/><\/p>\n<h3>Tengelyforg\u00e1s-be\u00e1ll\u00edt\u00e1s 600-as sorozathoz<\/h3>\n<p><img loading=\"lazy\" decoding=\"async\" class=\"alignnone size-full wp-image-3257\" src=\"https:\/\/fmp-components.com\/wp-content\/uploads\/2025\/01\/R400-600Rotation.webp\" alt=\"R400-600Forg\u00e1s\" width=\"1024\" height=\"384\" title=\"\" srcset=\"https:\/\/fmp-components.com\/wp-content\/uploads\/2025\/01\/R400-600Rotation.webp 1024w, https:\/\/fmp-components.com\/wp-content\/uploads\/2025\/01\/R400-600Rotation-980x368.webp 980w, https:\/\/fmp-components.com\/wp-content\/uploads\/2025\/01\/R400-600Rotation-480x180.webp 480w\" sizes=\"(min-width: 0px) and (max-width: 480px) 480px, (min-width: 481px) and (max-width: 980px) 980px, (min-width: 981px) 1024px, 100vw\" \/><\/p>\n<h3>A mez\u0151gazdas\u00e1gi g\u00e9pek sebess\u00e9gv\u00e1lt\u00f3j\u00e1nak f\u0151bb jellemz\u0151i \u2013 600-as sorozat<\/h3>\n<p>A 600-as sorozat\u00fa sebess\u00e9gv\u00e1lt\u00f3t ig\u00e9nyes mez\u0151gazdas\u00e1gi alkalmaz\u00e1sokhoz tervezt\u00e9k, kiv\u00e9teles teljes\u00edtm\u00e9nyt \u00e9s tart\u00f3ss\u00e1got biztos\u00edtva. A robusztus, k\u00e9tr\u00e9szes alum\u00ednium h\u00e1zzal k\u00e9sz\u00fclt sebess\u00e9gv\u00e1lt\u00f3 kiv\u00e1l\u00f3 szil\u00e1rds\u00e1got, korr\u00f3zi\u00f3\u00e1ll\u00f3s\u00e1got \u00e9s h\u0151kapacit\u00e1st k\u00edn\u00e1l, \u00edgy megb\u00edzhat\u00f3 m\u0171k\u00f6d\u00e9st biztos\u00edt m\u00e9g kih\u00edv\u00e1st jelent\u0151 k\u00f6r\u00fclm\u00e9nyek k\u00f6z\u00f6tt is. Ak\u00e1r mez\u0151gazdas\u00e1gi g\u00e9pekben, ak\u00e1r m\u00e1s nagy teherb\u00edr\u00e1s\u00fa berendez\u00e9sekben haszn\u00e1lj\u00e1k, ezt a sebess\u00e9gv\u00e1lt\u00f3t hossz\u00fa t\u00e1v\u00fa megb\u00edzhat\u00f3s\u00e1gra \u00e9s hat\u00e9konys\u00e1gra tervezt\u00e9k.<\/p>\n<ul>\n<li><strong>K\u00e9tr\u00e9szes alum\u00ednium h\u00e1z<\/strong>A h\u00e1z kiv\u00e1l\u00f3 min\u0151s\u00e9g\u0171 alum\u00edniumb\u00f3l k\u00e9sz\u00fclt, amely a szil\u00e1rds\u00e1g \u00e9s a k\u00f6nny\u0171 s\u00faly optim\u00e1lis kombin\u00e1ci\u00f3j\u00e1t k\u00edn\u00e1lja. Ellen\u00e1ll a korr\u00f3zi\u00f3nak \u00e9s magas h\u0151kapacit\u00e1ssal rendelkezik, \u00edgy ide\u00e1lis hosszabb \u00fczemid\u0151kre \u00e9s zord k\u00f6rnyezeti k\u00f6r\u00fclm\u00e9nyekre.<\/li>\n<li><strong>Prec\u00edzi\u00f3s megmunk\u00e1l\u00e1s\u00fa alkatr\u00e9szek<\/strong>Minden alkatr\u00e9sz, bele\u00e9rtve a fogaskerekeket \u00e9s a csap\u00e1gyakat is, prec\u00edzi\u00f3s megmunk\u00e1l\u00e1son esik \u00e1t, hogy biztos\u00edtsa a pontos fogasker\u00e9k-kapcsolatot \u00e9s csap\u00e1gy-el\u0151terhel\u00e9st, minimaliz\u00e1lva a s\u00farl\u00f3d\u00e1st \u00e9s a kop\u00e1st. Ez n\u00f6veli a sebess\u00e9gv\u00e1lt\u00f3 \u00e9lettartam\u00e1t \u00e9s teljes\u00edtm\u00e9ny\u00e9t.<\/li>\n<li><strong>Sz\u00e9les \u00e1tt\u00e9teltartom\u00e1ny<\/strong>A sebess\u00e9gv\u00e1lt\u00f3 hat prec\u00edzi\u00f3s kov\u00e1csolt \u00e1tt\u00e9tellel rendelkezik:\n<ul>\n<li>1:1<\/li>\n<li>1.18:1<\/li>\n<li>1.35:1<\/li>\n<li>1.5:1<\/li>\n<li>1.86:1<\/li>\n<li>2:1 Ez a v\u00e1ltozatoss\u00e1g rugalmass\u00e1got biztos\u00edt, lehet\u0151v\u00e9 t\u00e9ve a sebess\u00e9gv\u00e1lt\u00f3 testreszab\u00e1s\u00e1t a k\u00fcl\u00f6nb\u00f6z\u0151 mez\u0151gazdas\u00e1gi g\u00e9pek egyedi er\u0151\u00e1tviteli k\u00f6vetelm\u00e9nyeihez.<\/li>\n<\/ul>\n<\/li>\n<li><strong>K\u00fapg\u00f6rg\u0151s csap\u00e1gyak<\/strong>A k\u00fapg\u00f6rg\u0151s csap\u00e1gyakkal felszerelt sebess\u00e9gv\u00e1lt\u00f3 megn\u00f6velt teherb\u00edr\u00e1st \u00e9s meghosszabb\u00edtott csap\u00e1gy-\u00e9lettartamot k\u00edn\u00e1l m\u00e9g ig\u00e9nyes \u00fczemeltet\u00e9s eset\u00e9n is. Ez a funkci\u00f3 seg\u00edt cs\u00f6kkenteni az \u00e1ll\u00e1sid\u0151t \u00e9s a karbantart\u00e1si k\u00f6lts\u00e9geket.<\/li>\n<li><strong>Nagy szil\u00e1rds\u00e1g\u00fa ac\u00e9ltengely<\/strong>A 1,75 h\u00fcvelykes tengely nagy szil\u00e1rds\u00e1g\u00fa ac\u00e9lb\u00f3l k\u00e9sz\u00fclt, ami kiv\u00e1l\u00f3 tart\u00f3ss\u00e1got \u00e9s rugalmass\u00e1got biztos\u00edt a nagy terhel\u00e9sek \u00e9s a zord k\u00f6r\u00fclm\u00e9nyek elvisel\u00e9s\u00e9hez, biztos\u00edtva a stabil teljes\u00edtm\u00e9nyt az id\u0151 m\u00fal\u00e1s\u00e1val.<\/li>\n<li><strong>Ken\u00e9s \u00e9s tesztel\u00e9s<\/strong>A sebess\u00e9gv\u00e1lt\u00f3 80W90-es hajt\u00f3m\u0171olajjal van felt\u00f6ltve az optim\u00e1lis ken\u00e9s \u00e9rdek\u00e9ben, cs\u00f6kkentve a kop\u00e1st \u00e9s elhaszn\u00e1l\u00f3d\u00e1st \u00fczem k\u00f6zben. Sz\u00e1ll\u00edt\u00e1s el\u0151tt sziv\u00e1rg\u00e1svizsg\u00e1laton is \u00e1tesik a megb\u00edzhat\u00f3s\u00e1g biztos\u00edt\u00e1sa \u00e9s a lehets\u00e9ges m\u0171k\u00f6d\u00e9si probl\u00e9m\u00e1k megel\u0151z\u00e9se \u00e9rdek\u00e9ben.<\/li>\n<li><strong>S\u00faly<\/strong>A 600-as sorozat s\u00falya 27-31 kg<strong>.<\/strong>, bele\u00e9rtve az olajat is, kiegyens\u00falyozott s\u00falyt biztos\u00edt a k\u00f6nny\u0171 telep\u00edt\u00e9shez \u00e9s robusztus al\u00e1t\u00e1maszt\u00e1st biztos\u00edt a neh\u00e9z mez\u0151gazdas\u00e1gi g\u00e9pek sz\u00e1m\u00e1ra.<\/li>\n<\/ul>\n<p>A 600-as sorozat\u00fa sebess\u00e9gv\u00e1lt\u00f3 ide\u00e1lisan alkalmas sz\u00e1mos mez\u0151gazdas\u00e1gi g\u00e9phez, p\u00e9ld\u00e1ul betakar\u00edt\u00f3g\u00e9pekhez, ek\u00e9khez \u00e9s traktorokhoz. Nagy teherb\u00edr\u00e1sa \u00e9s prec\u00edzi\u00f3s m\u00e9rn\u00f6ki munk\u00e1ja biztos\u00edtja, hogy megbirk\u00f3zzon a modern mez\u0151gazdas\u00e1gi m\u0171veletek szigor\u00fa k\u00f6vetelm\u00e9nyeivel, biztos\u00edtva a kritikus berendez\u00e9sek optim\u00e1lis teljes\u00edtm\u00e9ny\u00e9t \u00e9s hossz\u00fa \u00e9lettartam\u00e1t.<\/p>\n<p>Robusztus kialak\u00edt\u00e1s\u00e1nak, sokoldal\u00fa \u00e1tt\u00e9teleinek \u00e9s kiv\u00e1l\u00f3 alkatr\u00e9szeinek k\u00f6sz\u00f6nhet\u0151en a 600-as sorozat\u00fa sebess\u00e9gv\u00e1lt\u00f3 megb\u00edzhat\u00f3 v\u00e1laszt\u00e1s a mez\u0151gazdas\u00e1gi g\u00e9pek sz\u00e1m\u00e1ra. A zord munkak\u00f6r\u00fclm\u00e9nyek elvisel\u00e9s\u00e9re \u00e9s hat\u00e9kony er\u0151\u00e1tvitelre tervezt\u00e9k, \u00edgy n\u00e9lk\u00fcl\u00f6zhetetlen alkatr\u00e9sz mindazok sz\u00e1m\u00e1ra, akik tart\u00f3s, nagy teljes\u00edtm\u00e9ny\u0171 sebess\u00e9gv\u00e1lt\u00f3kat keresnek a mez\u0151gazdas\u00e1gi szektorban.<\/p>\n<h3>Az FMP-r\u0151l<\/h3>\n<p>Az olaszorsz\u00e1gi sz\u00e9khely\u0171 FMP vezet\u0151 gy\u00e1rt\u00f3, amely a nagy teljes\u00edtm\u00e9ny\u0171 sebess\u00e9gv\u00e1lt\u00f3k tervez\u00e9s\u00e9ben, fejleszt\u00e9s\u00e9ben \u00e9s gy\u00e1rt\u00e1s\u00e1ban szerzett szak\u00e9rtelm\u00e9r\u0151l ismert, k\u00fcl\u00f6n\u00f6s tekintettel a mez\u0151gazdas\u00e1gi g\u00e9pek szektor\u00e1ra. Az FMP er\u0151s h\u00edrnevet \u00e9p\u00edtett ki a prec\u00edzi\u00f3s m\u00e9rn\u00f6ki munka, az innovat\u00edv megold\u00e1sok \u00e9s a rend\u00edthetetlen megb\u00edzhat\u00f3s\u00e1g ter\u00e9n, \u00e9s megb\u00edzhat\u00f3 partnerr\u00e9 v\u00e1lt mind a mez\u0151gazdas\u00e1gi, mind az ipari piacokon. Kiterjedt portf\u00f3li\u00f3nk mag\u00e1ban foglalja a f\u0171ny\u00edr\u00f3khoz, kard\u00e1ntengelyekhez \u00e9s egy\u00e9b alapvet\u0151 alkatr\u00e9szekhez k\u00e9sz\u00fclt, egyedi tervez\u00e9s\u0171 sebess\u00e9gv\u00e1lt\u00f3kat, amelyek mindegyike apr\u00f3l\u00e9kosan kidolgozott, hogy megfeleljen a k\u00fcl\u00f6nf\u00e9le alkalmaz\u00e1sok pontos ig\u00e9nyeinek.<\/p>\n<p>Az FMP-n\u00e9l meg\u00e9rtj\u00fck, hogy minden \u00fcgyf\u00e9l egyedi kih\u00edv\u00e1sokkal n\u00e9z szembe. Ez a bel\u00e1t\u00e1s vez\u00e9rli elk\u00f6telezetts\u00e9g\u00fcnket a szem\u00e9lyre szabott megold\u00e1sok sz\u00e1ll\u00edt\u00e1sa ir\u00e1nt, legyen sz\u00f3 ak\u00e1r egyedi komponensekr\u0151l, ak\u00e1r teljesen integr\u00e1lt rendszerekr\u0151l. \u00dcgyfeleinkkel val\u00f3 szoros egy\u00fcttm\u0171k\u00f6d\u00e9s r\u00e9v\u00e9n biztos\u00edtjuk, hogy minden megold\u00e1s ne csak pontosan megfeleljen az ig\u00e9nyeiknek, hanem maximaliz\u00e1lja a teljes\u00edtm\u00e9nyt \u00e9s az \u00e9rt\u00e9ket is. Elk\u00f6telezettek vagyunk a gyors, professzion\u00e1lis v\u00e1laszok \u00e9s a szak\u00e9rt\u0151i \u00fatmutat\u00e1s ir\u00e1nt, ami garant\u00e1lja, hogy minden megkeres\u00e9st prec\u00edzen kezel\u00fcnk, k\u00f6vetkezetesen optim\u00e1lis eredm\u00e9nyeket hozva.<\/p>\n<p>Nagy hangs\u00falyt fektet\u00fcnk az \u00e1tl\u00e1that\u00f3 \u00e9s folyamatos kommunik\u00e1ci\u00f3ra a term\u00e9kfejleszt\u00e9si ciklus minden szakasz\u00e1ban. Elk\u00f6telezett csapatunk k\u00f6zvetlen\u00fcl az \u00fcgyfelekkel dolgozik, hogy alaposan meg\u00e9rtse ig\u00e9nyeiket, \u00e9rt\u00e9kes betekint\u00e9st \u00e9s szak\u00e9rt\u0151i aj\u00e1nl\u00e1sokat k\u00edn\u00e1lva a legjobb eredm\u00e9nyek el\u00e9r\u00e9se \u00e9rdek\u00e9ben. Ak\u00e1r \u00e9lvonalbeli term\u00e9keket tervez\u00fcnk, ak\u00e1r rutinmegrendel\u00e9seket teljes\u00edt\u00fcnk, az FMP elk\u00f6telezett amellett, hogy minden alkalommal kiv\u00e1l\u00f3 min\u0151s\u00e9g\u0171, prec\u00edzi\u00f3san megtervezett megold\u00e1sokat sz\u00e1ll\u00edtson id\u0151ben. C\u00e9lunk, hogy kiv\u00e9teles szolg\u00e1ltat\u00e1s ny\u00fajt\u00e1s\u00e1val \u00e9s kiemelked\u0151 eredm\u00e9nyek el\u00e9r\u00e9s\u00e9vel minden projektben k\u00f6vetkezetesen fel\u00fclm\u00faljuk \u00fcgyfeleink elv\u00e1r\u00e1sait.<\/p>\n<p>Az FMP m\u0171k\u00f6d\u00e9s\u00e9nek k\u00f6z\u00e9ppontj\u00e1ban a min\u0151s\u00e9g ir\u00e1nti rend\u00edthetetlen elk\u00f6telezetts\u00e9g \u00e1ll. A legmagasabb gy\u00e1rt\u00e1si szabv\u00e1nyokat tartjuk be, \u00e9s szigor\u00fa min\u0151s\u00e9gellen\u0151rz\u00e9si folyamatokat alkalmazunk annak biztos\u00edt\u00e1sa \u00e9rdek\u00e9ben, hogy minden term\u00e9k ne csak megfeleljen, hanem meghaladja az ipar\u00e1gi szabv\u00e1nyokat. Ez a kiv\u00e1l\u00f3s\u00e1g ir\u00e1nti elk\u00f6telezetts\u00e9g, valamint az integrit\u00e1s, a csapatmunka \u00e9s a kitart\u00e1s alapvet\u0151 \u00e9rt\u00e9kei lehet\u0151v\u00e9 tett\u00e9k sz\u00e1munkra, hogy hossz\u00fa t\u00e1v\u00fa, bizalmon alapul\u00f3 kapcsolatokat alak\u00edtsunk ki \u00fcgyfeleinkkel a vil\u00e1g k\u00f6zel 30 orsz\u00e1g\u00e1ban.<\/p>\n<p>Az FMP elk\u00f6telezett a glob\u00e1lis partners\u00e9gek \u00e1pol\u00e1sa ir\u00e1nt szak\u00e9rt\u0151i tan\u00e1csokkal \u00e9s testreszabott megold\u00e1sokkal, amelyek megfelelnek \u00fcgyfeleink v\u00e1ltoz\u00f3 ig\u00e9nyeinek. Hossz\u00fa t\u00e1v\u00fa, k\u00f6lcs\u00f6n\u00f6sen el\u0151ny\u00f6s kapcsolatok ki\u00e9p\u00edt\u00e9s\u00e9re t\u00f6reksz\u00fcnk, amelyek hozz\u00e1j\u00e1rulnak minden projekt siker\u00e9hez. Ak\u00e1r innovat\u00edv megold\u00e1sokat keres egy \u00faj kezdem\u00e9nyez\u00e9shez, ak\u00e1r folyamatos t\u00e1mogat\u00e1st egy megl\u00e9v\u0151 rendszerhez, az FMP itt van, hogy seg\u00edtsen eligazodni a technikai kih\u00edv\u00e1sokban \u00e9s biztos\u00edtsa a folyamatos sikert.<\/p>\n<p><img loading=\"lazy\" decoding=\"async\" class=\"alignnone wp-image-2695\" src=\"https:\/\/fmp-components.com\/wp-content\/uploads\/2025\/01\/agricultural-gearbox3.webp\" alt=\"mez\u0151gazdas\u00e1gi sebess\u00e9gv\u00e1lt\u00f3\" width=\"1140\" height=\"1138\" title=\"\" srcset=\"https:\/\/fmp-components.com\/wp-content\/uploads\/2025\/01\/agricultural-gearbox3.webp 1140w, https:\/\/fmp-components.com\/wp-content\/uploads\/2025\/01\/agricultural-gearbox3-480x479.webp 480w\" sizes=\"(min-width: 0px) and (max-width: 480px) 480px, (min-width: 481px) 1140px, 100vw\" \/><\/p>\n<p>Szerz\u0151: CX<\/p>","protected":false},"excerpt":{"rendered":"<p>Rating Chart Drawing For 600 Series Shaft Rotation Alignment For 600 Series Key Features of Gearbox for Agricultural Machinery &#8211; 600 Series The 600 Series Gearbox is engineered for demanding agricultural applications, designed to deliver exceptional performance and durability. Built with a robust two-piece aluminum housing, this gearbox offers superior strength, corrosion resistance, and thermal [&hellip;]<\/p>","protected":false},"featured_media":3258,"comment_status":"open","ping_status":"closed","template":"","meta":{"_et_pb_use_builder":"","_et_pb_old_content":"","_et_gb_content_width":""},"product_brand":[],"product_cat":[78],"product_tag":[],"class_list":{"0":"post-3253","1":"product","2":"type-product","3":"status-publish","4":"has-post-thumbnail","6":"product_cat-gearbox-for-agricultural-machinery","8":"first","9":"instock","10":"shipping-taxable","11":"product-type-simple"},"_links":{"self":[{"href":"https:\/\/fmp-components.com\/hu\/wp-json\/wp\/v2\/product\/3253","targetHints":{"allow":["GET"]}}],"collection":[{"href":"https:\/\/fmp-components.com\/hu\/wp-json\/wp\/v2\/product"}],"about":[{"href":"https:\/\/fmp-components.com\/hu\/wp-json\/wp\/v2\/types\/product"}],"replies":[{"embeddable":true,"href":"https:\/\/fmp-components.com\/hu\/wp-json\/wp\/v2\/comments?post=3253"}],"wp:featuredmedia":[{"embeddable":true,"href":"https:\/\/fmp-components.com\/hu\/wp-json\/wp\/v2\/media\/3258"}],"wp:attachment":[{"href":"https:\/\/fmp-components.com\/hu\/wp-json\/wp\/v2\/media?parent=3253"}],"wp:term":[{"taxonomy":"product_brand","embeddable":true,"href":"https:\/\/fmp-components.com\/hu\/wp-json\/wp\/v2\/product_brand?post=3253"},{"taxonomy":"product_cat","embeddable":true,"href":"https:\/\/fmp-components.com\/hu\/wp-json\/wp\/v2\/product_cat?post=3253"},{"taxonomy":"product_tag","embeddable":true,"href":"https:\/\/fmp-components.com\/hu\/wp-json\/wp\/v2\/product_tag?post=3253"}],"curies":[{"name":"munkaf\u00fczet","href":"https:\/\/api.w.org\/{rel}","templated":true}]}}