{"id":3242,"date":"2025-01-06T00:58:53","date_gmt":"2025-01-06T00:58:53","guid":{"rendered":"https:\/\/fmp-components.com\/?page_id=8"},"modified":"2025-01-06T00:58:53","modified_gmt":"2025-01-06T00:58:53","slug":"gearbox-for-agricultural-machinery-500-series","status":"publish","type":"product","link":"https:\/\/fmp-components.com\/hu\/product\/gearbox-for-agricultural-machinery-500-series\/","title":{"rendered":"Sebess\u00e9gv\u00e1lt\u00f3 mez\u0151gazdas\u00e1gi g\u00e9pekhez 500-as sorozat"},"content":{"rendered":"<h2>\u00c9rt\u00e9kel\u00e9si t\u00e1bl\u00e1zat<\/h2>\n<p><img loading=\"lazy\" decoding=\"async\" class=\"alignnone  wp-image-3250\" src=\"https:\/\/fmp-components.com\/wp-content\/uploads\/2025\/01\/R500-rating-charts.webp\" alt=\"R500-besorol\u00e1si t\u00e1bl\u00e1zatok\" width=\"870\" height=\"1106\" title=\"\" srcset=\"https:\/\/fmp-components.com\/wp-content\/uploads\/2025\/01\/R500-rating-charts.webp 394w, https:\/\/fmp-components.com\/wp-content\/uploads\/2025\/01\/R500-rating-charts-236x300.webp 236w, https:\/\/fmp-components.com\/wp-content\/uploads\/2025\/01\/R500-rating-charts-9x12.webp 9w\" sizes=\"(max-width: 870px) 100vw, 870px\" \/><\/p>\n<h3>500-as sorozat rajza<\/h3>\n<p><img loading=\"lazy\" decoding=\"async\" class=\"alignnone  wp-image-3249\" src=\"https:\/\/fmp-components.com\/wp-content\/uploads\/2025\/01\/500drawing.webp\" alt=\"500 rajz\" width=\"888\" height=\"1150\" title=\"\" srcset=\"https:\/\/fmp-components.com\/wp-content\/uploads\/2025\/01\/500drawing.webp 888w, https:\/\/fmp-components.com\/wp-content\/uploads\/2025\/01\/500drawing-480x621.webp 480w\" sizes=\"(min-width: 0px) and (max-width: 480px) 480px, (min-width: 481px) 888px, 100vw\" \/><\/p>\n<h3>Tengelyforg\u00e1s-be\u00e1ll\u00edt\u00e1s 500-as sorozathoz<\/h3>\n<p><img loading=\"lazy\" decoding=\"async\" class=\"alignnone size-full wp-image-3251\" src=\"https:\/\/fmp-components.com\/wp-content\/uploads\/2025\/01\/500-rotation-option.webp\" alt=\"500-fordulatos opci\u00f3\" width=\"1024\" height=\"384\" title=\"\" srcset=\"https:\/\/fmp-components.com\/wp-content\/uploads\/2025\/01\/500-rotation-option.webp 1024w, https:\/\/fmp-components.com\/wp-content\/uploads\/2025\/01\/500-rotation-option-980x368.webp 980w, https:\/\/fmp-components.com\/wp-content\/uploads\/2025\/01\/500-rotation-option-480x180.webp 480w\" sizes=\"(min-width: 0px) and (max-width: 480px) 480px, (min-width: 481px) and (max-width: 980px) 980px, (min-width: 981px) 1024px, 100vw\" \/><\/p>\n<h3>500-as sorozat\u00fa sebess\u00e9gv\u00e1lt\u00f3 mez\u0151gazdas\u00e1gi g\u00e9pekhez<\/h3>\n<p><strong>Jellemz\u0151k \u00e9s el\u0151ny\u00f6k:<\/strong><\/p>\n<ul>\n<li><strong>K\u00e9tr\u00e9szes alum\u00ednium h\u00e1z:<\/strong> A nagy szil\u00e1rds\u00e1g\u00fa alum\u00edniumb\u00f3l k\u00e9sz\u00fclt h\u00e1z kiv\u00e9teles tart\u00f3ss\u00e1got, korr\u00f3zi\u00f3\u00e1ll\u00f3s\u00e1got \u00e9s kiv\u00e1l\u00f3 h\u0151kapacit\u00e1st k\u00edn\u00e1l. Ez optim\u00e1lis teljes\u00edtm\u00e9nyt biztos\u00edt m\u00e9g sz\u00e9ls\u0151s\u00e9ges \u00fczemi k\u00f6r\u00fclm\u00e9nyek k\u00f6z\u00f6tt is, \u00edgy kiv\u00e1l\u00f3an alkalmas mez\u0151gazdas\u00e1gi k\u00f6rnyezetbe.<\/li>\n<li><strong>Prec\u00edzi\u00f3s megmunk\u00e1l\u00e1s:<\/strong> Minden alkatr\u00e9sz prec\u00edzi\u00f3s megmunk\u00e1l\u00e1s\u00fa, hogy biztos\u00edtsa a t\u00f6k\u00e9letes fogasker\u00e9k-csatlakoz\u00e1st \u00e9s a pontos csap\u00e1gy-el\u0151fesz\u00edt\u00e9st. Ez a r\u00e9szletekre val\u00f3 odafigyel\u00e9s hozz\u00e1j\u00e1rul a sim\u00e1bb m\u0171k\u00f6d\u00e9shez, a cs\u00f6kkent s\u00farl\u00f3d\u00e1shoz \u00e9s a sebess\u00e9gv\u00e1lt\u00f3 hosszabb \u00e9lettartam\u00e1hoz.<\/li>\n<li><strong>Sokoldal\u00fa \u00e1tt\u00e9telek:<\/strong> Az 500-as sorozat prec\u00edzi\u00f3s kov\u00e1csol\u00e1s\u00fa fogaskerekekkel rendelkezik, amelyek n\u00e9gy \u00e1tt\u00e9telben kaphat\u00f3k: 1:1, 1,35:1, 1,5:1 \u00e9s 2:1, \u00edgy sz\u00e1mos opci\u00f3 k\u00f6z\u00fcl v\u00e1laszthat a k\u00fcl\u00f6nf\u00e9le alkalmaz\u00e1si ig\u00e9nyekhez. Ezenk\u00edv\u00fcl egy spir\u00e1lis k\u00fapkerekes fogasker\u00e9k is el\u00e9rhet\u0151 1:1 \u00e1tt\u00e9telben, ami tov\u00e1bb b\u0151v\u00edti a sebess\u00e9gv\u00e1lt\u00f3 alkalmazkod\u00f3k\u00e9pess\u00e9g\u00e9t a k\u00fcl\u00f6nb\u00f6z\u0151 feladatokhoz.<\/li>\n<li><strong>K\u00fapg\u00f6rg\u0151s csap\u00e1gyak:<\/strong> A kiv\u00e1l\u00f3 min\u0151s\u00e9g\u0171 k\u00fapg\u00f6rg\u0151s csap\u00e1gyak megn\u00f6velt teherb\u00edr\u00e1st \u00e9s hosszabb csap\u00e1gy-\u00e9lettartamot biztos\u00edtanak, \u00edgy biztos\u00edtva az \u00e1lland\u00f3, megb\u00edzhat\u00f3 teljes\u00edtm\u00e9nyt m\u00e9g ig\u00e9nyes alkalmaz\u00e1sokban is. Ezeket a csap\u00e1gyakat nagyobb radi\u00e1lis \u00e9s axi\u00e1lis terhel\u00e9sek elvisel\u00e9s\u00e9re tervezt\u00e9k, \u00edgy ide\u00e1lisak nagy teherb\u00edr\u00e1s\u00fa mez\u0151gazdas\u00e1gi g\u00e9pekhez.<\/li>\n<li><strong>Nagy szil\u00e1rds\u00e1g\u00fa ac\u00e9ltengely:<\/strong> Az 500-as sorozat\u00fa sebess\u00e9gv\u00e1lt\u00f3 1,375 h\u00fcvelykes, nagy szil\u00e1rds\u00e1g\u00fa ac\u00e9lb\u00f3l k\u00e9sz\u00fclt tengellyel rendelkezik, amely fokozott tart\u00f3ss\u00e1got \u00e9s kop\u00e1s\u00e1ll\u00f3s\u00e1got biztos\u00edt. Ez a robusztus tengelykialak\u00edt\u00e1s megb\u00edzhat\u00f3 er\u0151\u00e1tvitelt biztos\u00edt hosszabb ideig, m\u00e9g mostoha k\u00f6rnyezetben is.<\/li>\n<li><strong>Ken\u00e9s \u00e9s sziv\u00e1rg\u00e1svizsg\u00e1lat:<\/strong> A sebess\u00e9gv\u00e1lt\u00f3 80W90-es hajt\u00f3m\u0171olajjal van el\u0151re felt\u00f6ltve, ami a kezdetekt\u0151l fogva biztos\u00edtja a z\u00f6kken\u0151mentes \u00e9s hat\u00e9kony m\u0171k\u00f6d\u00e9st. Minden egys\u00e9g alapos sziv\u00e1rg\u00e1svizsg\u00e1laton esik \u00e1t a sz\u00e1ll\u00edt\u00e1s el\u0151tt, hogy garant\u00e1ltan sziv\u00e1rg\u00e1smentes term\u00e9ket sz\u00e1ll\u00edtsanak.<\/li>\n<li><strong>S\u00faly \u00e9s k\u00f6nny\u0171 haszn\u00e1lat:<\/strong> Az 500-as sorozat\u00fa sebess\u00e9gv\u00e1lt\u00f3 s\u00falya 25 \u00e9s 30 font k\u00f6z\u00f6tt van.<strong>.<\/strong>, bele\u00e9rtve a hajt\u00f3m\u0171olajat is. Ez a s\u00faly gondosan kiegyens\u00falyozott, hogy szil\u00e1rds\u00e1got biztos\u00edtson, mik\u00f6zben a telep\u00edt\u00e9s \u00e9s \u00fczemeltet\u00e9s szempontj\u00e1b\u00f3l kezelhet\u0151 marad.<\/li>\n<\/ul>\n<p>Az 500-as sorozat\u00fa sebess\u00e9gv\u00e1lt\u00f3 ide\u00e1lis megold\u00e1s mez\u0151gazdas\u00e1gi g\u00e9pekhez, fokozott tart\u00f3ss\u00e1got, hat\u00e9kony teljes\u00edtm\u00e9nyt \u00e9s sokoldal\u00fas\u00e1got k\u00edn\u00e1lva k\u00fcl\u00f6nf\u00e9le alkalmaz\u00e1sokhoz. Ak\u00e1r talajm\u0171vel\u0151, \u00fcltet\u0151 vagy betakar\u00edt\u00f3 g\u00e9pekben haszn\u00e1lj\u00e1k, ez a sebess\u00e9gv\u00e1lt\u00f3 megb\u00edzhat\u00f3 szolg\u00e1ltat\u00e1st biztos\u00edt m\u00e9g a legnehezebb munkak\u00f6r\u00fclm\u00e9nyek k\u00f6z\u00f6tt is. A robusztus kialak\u00edt\u00e1s \u00e9s a kiv\u00e1l\u00f3 min\u0151s\u00e9g\u0171 anyagok megb\u00edzhat\u00f3 v\u00e1laszt\u00e1ss\u00e1 teszik a mez\u0151gazdas\u00e1gi \u00e1gazatban m\u0171k\u00f6d\u0151 gy\u00e1rt\u00f3k \u00e9s \u00fczemeltet\u0151k sz\u00e1m\u00e1ra, akik hossz\u00fa \u00e9lettartam\u00fa, megb\u00edzhat\u00f3 sebess\u00e9gv\u00e1lt\u00f3 megold\u00e1sokat keresnek.<\/p>\n<h2>Az FMP-r\u0151l<\/h2>\n<p>Az olaszorsz\u00e1gi sz\u00e9khely\u0171 FMP egy elismert gy\u00e1rt\u00f3, amely nagy teljes\u00edtm\u00e9ny\u0171 sebess\u00e9gv\u00e1lt\u00f3k tervez\u00e9s\u00e9re, fejleszt\u00e9s\u00e9re \u00e9s gy\u00e1rt\u00e1s\u00e1ra specializ\u00e1l\u00f3dott. A mez\u0151gazdas\u00e1gi g\u00e9piparra nagy hangs\u00falyt fektetve az FMP prec\u00edzi\u00f3s m\u00e9rn\u00f6ki munk\u00e1j\u00e1r\u00f3l, innovat\u00edv megold\u00e1sair\u00f3l \u00e9s rend\u00edthetetlen megb\u00edzhat\u00f3s\u00e1g\u00e1r\u00f3l ismert. Az \u00e9vek sor\u00e1n az FMP szil\u00e1rd h\u00edrnevet szerzett mag\u00e1nak, mint megb\u00edzhat\u00f3 partner mind a mez\u0151gazdas\u00e1gi, mind az ipari piacokon. Kiterjedt portf\u00f3li\u00f3nk egyedi tervez\u00e9s\u0171 sebess\u00e9gv\u00e1lt\u00f3kat, kard\u00e1ntengelyeket \u00e9s sz\u00e1mos egy\u00e9b kritikus alkatr\u00e9szt tartalmaz, amelyek mindegyike apr\u00f3l\u00e9kosan megtervezett, hogy megfeleljen a k\u00fcl\u00f6nf\u00e9le alkalmaz\u00e1sok speci\u00e1lis ig\u00e9nyeinek.<\/p>\n<p>Az FMP-n\u00e9l felismerj\u00fck, hogy minden \u00fcgyf\u00e9lnek egyedi ig\u00e9nyei vannak. Ez a bel\u00e1t\u00e1s vez\u00e9rli elk\u00f6telezetts\u00e9g\u00fcnket a szem\u00e9lyre szabott megold\u00e1sok ir\u00e1nt, amelyek mind az egyes komponensek, mind a teljesen integr\u00e1lt rendszerek ig\u00e9nyeit kiel\u00e9g\u00edtik. Az \u00fcgyfelekkel val\u00f3 szoros egy\u00fcttm\u0171k\u00f6d\u00e9s r\u00e9v\u00e9n biztos\u00edtjuk, hogy minden megold\u00e1s ne csak az egyedi ig\u00e9nyeiket el\u00e9g\u00edtse ki, hanem n\u00f6velje a teljes\u00edtm\u00e9nyt, a hat\u00e9konys\u00e1got \u00e9s az \u00e9rt\u00e9ket is. A gyors, professzion\u00e1lis v\u00e1laszok \u00e9s a szak\u00e9rt\u0151i \u00fatmutat\u00e1s ir\u00e1nti elk\u00f6telezetts\u00e9g\u00fcnk biztos\u00edtja, hogy minden megkeres\u00e9sre pontosan v\u00e1laszoljunk, optim\u00e1lis eredm\u00e9nyeket hozva.<\/p>\n<p>A vil\u00e1gos \u00e9s \u00e1tl\u00e1that\u00f3 kommunik\u00e1ci\u00f3 alapvet\u0151 fontoss\u00e1g\u00fa megk\u00f6zel\u00edt\u00e9s\u00fcnk szempontj\u00e1b\u00f3l. A kezdeti tervez\u00e9si f\u00e1zist\u00f3l a term\u00e9k kisz\u00e1ll\u00edt\u00e1s\u00e1ig elk\u00f6telezett csapatunk az \u00fcgyfelekkel egy\u00fcttm\u0171k\u00f6dve alaposan meg\u00e9rti kih\u00edv\u00e1saikat. Ez az egy\u00fcttm\u0171k\u00f6d\u0151 megk\u00f6zel\u00edt\u00e9s lehet\u0151v\u00e9 teszi sz\u00e1munkra, hogy \u00e9rt\u00e9kes betekint\u00e9st ny\u00fajtsunk, innovat\u00edv megold\u00e1sokat osszunk meg, \u00e9s v\u00e9g\u00fcl a legjobb eredm\u00e9nyeket \u00e9rj\u00fck el. Ak\u00e1r \u00fatt\u00f6r\u0151 projekteken, ak\u00e1r rutinmegrendel\u00e9sek teljes\u00edt\u00e9s\u00e9n dolgozik, az FMP elk\u00f6telezett amellett, hogy minden alkalommal kiv\u00e1l\u00f3 min\u0151s\u00e9g\u0171, prec\u00edzi\u00f3san megtervezett megold\u00e1sokat sz\u00e1ll\u00edtson id\u0151ben. C\u00e9lunk, hogy minden egyes projektben kiv\u00e9teles szolg\u00e1ltat\u00e1st \u00e9s kiemelked\u0151 eredm\u00e9nyeket ny\u00fajtva k\u00f6vetkezetesen fel\u00fclm\u00faljuk \u00fcgyfeleink elv\u00e1r\u00e1sait.<\/p>\n<p>Az FMP m\u0171k\u00f6d\u00e9s\u00e9nek k\u00f6z\u00e9ppontj\u00e1ban a min\u0151s\u00e9g ir\u00e1nti rend\u00edthetetlen elk\u00f6telezetts\u00e9g \u00e1ll. A legmagasabb gy\u00e1rt\u00e1si szabv\u00e1nyokat tartjuk be, \u00e9s szigor\u00fa min\u0151s\u00e9gellen\u0151rz\u00e9si folyamatokat alkalmazunk annak biztos\u00edt\u00e1sa \u00e9rdek\u00e9ben, hogy minden term\u00e9k\u00fcnk meghaladja az ipar\u00e1gi referencia\u00e9rt\u00e9keket. Ez a kiv\u00e1l\u00f3s\u00e1g ir\u00e1nti elk\u00f6telezetts\u00e9g, valamint az olyan alapvet\u0151 \u00e9rt\u00e9keink, mint az integrit\u00e1s, a csapatmunka \u00e9s a kitart\u00e1s, lehet\u0151v\u00e9 tette sz\u00e1munkra, hogy tart\u00f3s, bizalmon alapul\u00f3 kapcsolatokat \u00e9p\u00edts\u00fcnk ki \u00fcgyfeleinkkel t\u00f6bb mint 30 orsz\u00e1gban vil\u00e1gszerte.<\/p>\n<p>Az FMP mindig a glob\u00e1lis partners\u00e9gek \u00e1pol\u00e1s\u00e1ra, szak\u00e9rt\u0151i tan\u00e1csad\u00e1sra \u00e9s az \u00fcgyfeleink ig\u00e9nyeivel egy\u00fctt fejl\u0151d\u0151, szem\u00e9lyre szabott megold\u00e1sok biztos\u00edt\u00e1s\u00e1ra \u00f6sszpontos\u00edt. C\u00e9lunk, hogy hossz\u00fa t\u00e1v\u00fa, k\u00f6lcs\u00f6n\u00f6sen el\u0151ny\u00f6s kapcsolatokat \u00e9p\u00edts\u00fcnk ki, amelyek hozz\u00e1j\u00e1rulnak minden projekt siker\u00e9hez. Ak\u00e1r innovat\u00edv megold\u00e1sokat keres egy \u00faj v\u00e1llalkoz\u00e1shoz, ak\u00e1r folyamatos t\u00e1mogat\u00e1sra van sz\u00fcks\u00e9ge egy m\u00e1r megl\u00e9v\u0151 rendszerhez, az FMP k\u00e9szen \u00e1ll arra, hogy seg\u00edtsen \u00d6nnek a technikai kih\u00edv\u00e1sok lek\u00fczd\u00e9s\u00e9ben \u00e9s a folyamatos siker biztos\u00edt\u00e1s\u00e1ban.<\/p>\n<p><img loading=\"lazy\" decoding=\"async\" class=\"alignnone wp-image-2695\" src=\"https:\/\/fmp-components.com\/wp-content\/uploads\/2025\/01\/agricultural-gearbox3.webp\" alt=\"mez\u0151gazdas\u00e1gi sebess\u00e9gv\u00e1lt\u00f3\" width=\"1140\" height=\"1138\" title=\"\" srcset=\"https:\/\/fmp-components.com\/wp-content\/uploads\/2025\/01\/agricultural-gearbox3.webp 1140w, https:\/\/fmp-components.com\/wp-content\/uploads\/2025\/01\/agricultural-gearbox3-480x479.webp 480w\" sizes=\"(min-width: 0px) and (max-width: 480px) 480px, (min-width: 481px) 1140px, 100vw\" \/><\/p>\n<p>Szerz\u0151: CX<\/p>","protected":false},"excerpt":{"rendered":"<p>Rating Chart Drawing For 500 Series Shaft Rotation Alignment For 500 Series 500 Series Gearbox for Agricultural Machinery Features and Benefits: Two-Piece Aluminum Housing: Crafted with high-strength aluminum, the housing offers exceptional durability, corrosion resistance, and superior thermal capacity. This ensures optimal performance even under extreme operational conditions, making it highly suited for agricultural environments. [&hellip;]<\/p>","protected":false},"featured_media":3252,"comment_status":"open","ping_status":"closed","template":"","meta":{"_et_pb_use_builder":"","_et_pb_old_content":"","_et_gb_content_width":""},"product_brand":[],"product_cat":[78],"product_tag":[],"class_list":{"0":"post-3242","1":"product","2":"type-product","3":"status-publish","4":"has-post-thumbnail","6":"product_cat-gearbox-for-agricultural-machinery","8":"first","9":"instock","10":"shipping-taxable","11":"product-type-simple"},"_links":{"self":[{"href":"https:\/\/fmp-components.com\/hu\/wp-json\/wp\/v2\/product\/3242","targetHints":{"allow":["GET"]}}],"collection":[{"href":"https:\/\/fmp-components.com\/hu\/wp-json\/wp\/v2\/product"}],"about":[{"href":"https:\/\/fmp-components.com\/hu\/wp-json\/wp\/v2\/types\/product"}],"replies":[{"embeddable":true,"href":"https:\/\/fmp-components.com\/hu\/wp-json\/wp\/v2\/comments?post=3242"}],"wp:featuredmedia":[{"embeddable":true,"href":"https:\/\/fmp-components.com\/hu\/wp-json\/wp\/v2\/media\/3252"}],"wp:attachment":[{"href":"https:\/\/fmp-components.com\/hu\/wp-json\/wp\/v2\/media?parent=3242"}],"wp:term":[{"taxonomy":"product_brand","embeddable":true,"href":"https:\/\/fmp-components.com\/hu\/wp-json\/wp\/v2\/product_brand?post=3242"},{"taxonomy":"product_cat","embeddable":true,"href":"https:\/\/fmp-components.com\/hu\/wp-json\/wp\/v2\/product_cat?post=3242"},{"taxonomy":"product_tag","embeddable":true,"href":"https:\/\/fmp-components.com\/hu\/wp-json\/wp\/v2\/product_tag?post=3242"}],"curies":[{"name":"munkaf\u00fczet","href":"https:\/\/api.w.org\/{rel}","templated":true}]}}