{"id":3241,"date":"2025-01-06T00:37:34","date_gmt":"2025-01-06T00:37:34","guid":{"rendered":"https:\/\/fmp-components.com\/?page_id=8"},"modified":"2025-01-06T06:53:06","modified_gmt":"2025-01-06T06:53:06","slug":"gearbox-for-agricultural-machinery-200-series","status":"publish","type":"product","link":"https:\/\/fmp-components.com\/hu\/product\/gearbox-for-agricultural-machinery-200-series\/","title":{"rendered":"Sebess\u00e9gv\u00e1lt\u00f3 mez\u0151gazdas\u00e1gi g\u00e9pekhez 200-as sorozat"},"content":{"rendered":"<h2>\u00c9rt\u00e9kel\u00e9si t\u00e1bl\u00e1zat<\/h2>\n<p><img loading=\"lazy\" decoding=\"async\" class=\"alignnone wp-image-3245\" src=\"https:\/\/fmp-components.com\/wp-content\/uploads\/2025\/01\/R200-rating-charts.webp\" alt=\"R200-besorol\u00e1si t\u00e1bl\u00e1zatok\" width=\"917\" height=\"863\" title=\"\" srcset=\"https:\/\/fmp-components.com\/wp-content\/uploads\/2025\/01\/R200-rating-charts.webp 441w, https:\/\/fmp-components.com\/wp-content\/uploads\/2025\/01\/R200-rating-charts-300x282.webp 300w, https:\/\/fmp-components.com\/wp-content\/uploads\/2025\/01\/R200-rating-charts-13x12.webp 13w\" sizes=\"(max-width: 917px) 100vw, 917px\" \/><\/p>\n<h3>200-as sorozat rajza<\/h3>\n<p><img loading=\"lazy\" decoding=\"async\" class=\"wp-image-3246 alignnone\" src=\"https:\/\/fmp-components.com\/wp-content\/uploads\/2025\/01\/200drawing.webp\" alt=\"200 rajz\" width=\"876\" height=\"1134\" title=\"\" srcset=\"https:\/\/fmp-components.com\/wp-content\/uploads\/2025\/01\/200drawing.webp 876w, https:\/\/fmp-components.com\/wp-content\/uploads\/2025\/01\/200drawing-480x621.webp 480w\" sizes=\"(min-width: 0px) and (max-width: 480px) 480px, (min-width: 481px) 876px, 100vw\" \/><\/p>\n<h3>Tengelyforg\u00e1s-be\u00e1ll\u00edt\u00e1s 200-as sorozathoz<\/h3>\n<p><img loading=\"lazy\" decoding=\"async\" class=\"alignnone wp-image-3247\" src=\"https:\/\/fmp-components.com\/wp-content\/uploads\/2025\/01\/100shaft-1.webp\" alt=\"100 tengely\" width=\"842\" height=\"255\" title=\"\" srcset=\"https:\/\/fmp-components.com\/wp-content\/uploads\/2025\/01\/100shaft-1.webp 360w, https:\/\/fmp-components.com\/wp-content\/uploads\/2025\/01\/100shaft-1-300x91.webp 300w, https:\/\/fmp-components.com\/wp-content\/uploads\/2025\/01\/100shaft-1-18x5.webp 18w\" sizes=\"(max-width: 842px) 100vw, 842px\" \/><\/p>\n<h3>200-as sorozat\u00fa sebess\u00e9gv\u00e1lt\u00f3 mez\u0151gazdas\u00e1gi g\u00e9pekhez<\/h3>\n<p>A 200-as sorozat\u00fa sebess\u00e9gv\u00e1lt\u00f3t a mez\u0151gazdas\u00e1gi g\u00e9pek ig\u00e9nyes ig\u00e9nyeinek kiel\u00e9g\u00edt\u00e9s\u00e9re tervezt\u00e9k, robusztus teljes\u00edtm\u00e9nyt, fokozott tart\u00f3ss\u00e1got \u00e9s kiv\u00e1l\u00f3 hat\u00e9konys\u00e1got k\u00edn\u00e1lva. A mez\u0151gazdas\u00e1gi alkalmaz\u00e1sok sz\u00e9les sk\u00e1l\u00e1j\u00e1hoz tervezett sebess\u00e9gv\u00e1lt\u00f3 a prec\u00edzi\u00f3s m\u00e9rn\u00f6ki munk\u00e1t kiv\u00e1l\u00f3 min\u0151s\u00e9g\u0171 anyagokkal \u00f6tv\u00f6zi, \u00edgy kiv\u00e1l\u00f3 megb\u00edzhat\u00f3s\u00e1got biztos\u00edt kih\u00edv\u00e1st jelent\u0151 k\u00f6r\u00fclm\u00e9nyek k\u00f6z\u00f6tt is.<\/p>\n<h4>Jellemz\u0151k:<\/h4>\n<ul>\n<li><strong>K\u00e9tr\u00e9szes alum\u00ednium h\u00e1z<\/strong>Tart\u00f3s, k\u00f6nny\u0171 alum\u00edniumb\u00f3l k\u00e9sz\u00fclt, a k\u00e9tr\u00e9szes h\u00e1z biztos\u00edtja a <strong>kiv\u00e9teles er\u0151<\/strong>, <strong>korr\u00f3zi\u00f3\u00e1ll\u00f3s\u00e1g<\/strong>, \u00e9s <strong>h\u0151kapacit\u00e1s<\/strong>, \u00edgy kiv\u00e1l\u00f3an alkalmas mez\u0151gazdas\u00e1gi k\u00f6rnyezetbe, ahol a zord k\u00f6r\u00fclm\u00e9nyeknek val\u00f3 kitetts\u00e9g gyakori.<\/li>\n<li><strong>Prec\u00edzi\u00f3s megmunk\u00e1l\u00e1s<\/strong>A sebess\u00e9gv\u00e1lt\u00f3 <strong>prec\u00edzi\u00f3s megmunk\u00e1l\u00e1s\u00fa<\/strong> a t\u00f6k\u00e9letes fogasker\u00e9k-kapcsolat \u00e9s csap\u00e1gy-el\u0151terhel\u00e9s biztos\u00edt\u00e1sa \u00e9rdek\u00e9ben, optimaliz\u00e1lva a hat\u00e9konys\u00e1got \u00e9s cs\u00f6kkentve a kop\u00e1st. Ez a apr\u00f3l\u00e9kos folyamat megb\u00edzhat\u00f3 \u00e9s csendes m\u0171k\u00f6d\u00e9st biztos\u00edt hosszabb ideig.<\/li>\n<li><strong>Kov\u00e1csolt fogaskerekek t\u00f6bb \u00e1tt\u00e9telben<\/strong>A 200-as sorozat\u00fa sebess\u00e9gv\u00e1lt\u00f3 a k\u00f6vetkez\u0151vel van felszerelve: <strong>prec\u00edzi\u00f3s kov\u00e1csolt fogaskerekek<\/strong> h\u00e1rom ar\u00e1nyban kaphat\u00f3: <strong>1:1<\/strong>, <strong>1.5:1<\/strong>, \u00e9s <strong>2:1<\/strong>, rugalmass\u00e1got biztos\u00edtva a k\u00fcl\u00f6nf\u00e9le alkalmaz\u00e1sokban, biztos\u00edtva a sebess\u00e9g \u00e9s a nyomat\u00e9k megfelel\u0151 egyens\u00faly\u00e1t a k\u00fcl\u00f6nb\u00f6z\u0151 mez\u0151gazdas\u00e1gi feladatokhoz.<\/li>\n<li><strong>K\u00fapg\u00f6rg\u0151s csap\u00e1gyak<\/strong>: <strong>K\u00fapg\u00f6rg\u0151s csap\u00e1gyak<\/strong> be\u00e9p\u00fclnek a tervbe, hogy fokozott <strong>teherb\u00edr\u00e1s<\/strong> \u00e9s <strong>hosszabb csap\u00e1gy \u00e9lettartam<\/strong>, biztos\u00edtva a stabil m\u0171k\u00f6d\u00e9st \u00e9s tart\u00f3ss\u00e1got, m\u00e9g nagy terhel\u00e9s \u00e9s nagy ig\u00e9nybev\u00e9tel eset\u00e9n is.<\/li>\n<li><strong>Nagy szil\u00e1rds\u00e1g\u00fa 1 h\u00fcvelykes tengely<\/strong>A sebess\u00e9gv\u00e1lt\u00f3 rendelkezik egy <strong>1 h\u00fcvelykes tengely<\/strong> k\u00e9sz\u00fclt <strong>nagy szil\u00e1rds\u00e1g\u00fa ac\u00e9l<\/strong>, amelyet a szigor\u00fa mez\u0151gazdas\u00e1gi m\u0171veletek lebonyol\u00edt\u00e1s\u00e1ra terveztek, biztos\u00edtva a sz\u00fcks\u00e9ges szil\u00e1rds\u00e1got \u00e9s megb\u00edzhat\u00f3s\u00e1got a neh\u00e9z k\u00f6rnyezetben val\u00f3 teljes\u00edtm\u00e9nyhez.<\/li>\n<li><strong>Ken\u00e9s \u00e9s sziv\u00e1rg\u00e1svizsg\u00e1lat<\/strong>El\u0151re felt\u00f6ltve <strong>80W90 hajt\u00f3m\u0171olaj<\/strong>, minden sebess\u00e9gv\u00e1lt\u00f3 alaposan \u00e1t van <strong>sziv\u00e1rg\u00e1stesztelt<\/strong> sz\u00e1ll\u00edt\u00e1s el\u0151tt a megfelel\u0151 lez\u00e1r\u00e1s biztos\u00edt\u00e1sa \u00e9s a z\u00f6kken\u0151mentes, probl\u00e9mamentes m\u0171k\u00f6d\u00e9s garant\u00e1l\u00e1sa \u00e9rdek\u00e9ben.<\/li>\n<li><strong>S\u00faly<\/strong>A 200-as sorozat s\u00falya k\u00f6r\u00fclbel\u00fcl <strong>12-15 font<\/strong>, bele\u00e9rtve az olajat is, egyens\u00falyt teremtve a szil\u00e1rds\u00e1g \u00e9s a k\u00f6nny\u0171 kialak\u00edt\u00e1s k\u00f6z\u00f6tt a mez\u0151gazdas\u00e1gi berendez\u00e9sek terhel\u00e9s\u00e9nek minimaliz\u00e1l\u00e1sa \u00e9rdek\u00e9ben.<\/li>\n<\/ul>\n<p>A 200-as sorozat\u00fa sebess\u00e9gv\u00e1lt\u00f3 egy rendk\u00edv\u00fcl sokoldal\u00fa megold\u00e1s mez\u0151gazdas\u00e1gi g\u00e9pek sz\u00e1m\u00e1ra, kiv\u00e1l\u00f3 er\u0151\u00e1tvitelt, hossz\u00fa \u00e9lettartamot \u00e9s minim\u00e1lis karbantart\u00e1si ig\u00e9nyt k\u00edn\u00e1lva. Ak\u00e1r talajm\u0171vel\u00e9sr\u0151l, betakar\u00edt\u00e1sr\u00f3l vagy egy\u00e9b mez\u0151gazdas\u00e1gi alkalmaz\u00e1sokr\u00f3l van sz\u00f3, a 200-as sorozat minden k\u00f6r\u00fclm\u00e9nyek k\u00f6z\u00f6tt z\u00f6kken\u0151mentes \u00e9s hat\u00e9kony m\u0171k\u00f6d\u00e9st biztos\u00edt.<\/p>\n<p>Ha speci\u00e1lis ig\u00e9nyei vannak, vagy egyedi megold\u00e1sra van sz\u00fcks\u00e9ge, az FMP k\u00e9szen \u00e1ll arra, hogy szak\u00e9rt\u0151i tan\u00e1csokkal \u00e9s szem\u00e9lyre szabott megold\u00e1sokkal seg\u00edtsen \u00d6nnek. Engedje meg, hogy seg\u00edts\u00fcnk optimaliz\u00e1lni mez\u0151gazdas\u00e1gi g\u00e9pei teljes\u00edtm\u00e9ny\u00e9t az \u00d6n ig\u00e9nyeinek megfelel\u0151 sebess\u00e9gv\u00e1lt\u00f3val.<\/p>\n<h2>Az FMP-r\u0151l<\/h2>\n<p>Az olaszorsz\u00e1gi sz\u00e9khely\u0171 FMP kiemelked\u0151 vezet\u0151 szerepet t\u00f6lt be a nagy teljes\u00edtm\u00e9ny\u0171 sebess\u00e9gv\u00e1lt\u00f3k tervez\u00e9s\u00e9ben, fejleszt\u00e9s\u00e9ben \u00e9s gy\u00e1rt\u00e1s\u00e1ban, k\u00fcl\u00f6n\u00f6s tekintettel a mez\u0151gazdas\u00e1gi g\u00e9pipar kiszolg\u00e1l\u00e1s\u00e1ra. A prec\u00edzi\u00f3s m\u00e9rn\u00f6ki munka, az innovat\u00edv megold\u00e1sok \u00e9s az \u00e1lland\u00f3 megb\u00edzhat\u00f3s\u00e1g ir\u00e1nti elk\u00f6telezetts\u00e9g\u00fcnknek k\u00f6sz\u00f6nhet\u0151en az FMP elismert poz\u00edci\u00f3t v\u00edvott ki megb\u00edzhat\u00f3 partnerk\u00e9nt mind a mez\u0151gazdas\u00e1gi, mind az ipari szektorban. Soksz\u00edn\u0171 term\u00e9kk\u00edn\u00e1latunkban megtal\u00e1lhat\u00f3k a f\u0171ny\u00edr\u00f3khoz, kard\u00e1ntengelyekhez \u00e9s egy\u00e9b alapvet\u0151 alkatr\u00e9szekhez k\u00e9sz\u00fclt, egyedi tervez\u00e9s\u0171 sebess\u00e9gv\u00e1lt\u00f3k, amelyek mindegyike apr\u00f3l\u00e9kosan kidolgozott, hogy megfeleljen a sz\u00e9les k\u00f6r\u0171 alkalmaz\u00e1sok egyedi ig\u00e9nyeinek.<\/p>\n<p>Az FMP-n\u00e9l meg\u00e9rtj\u00fck, hogy minden \u00fcgyf\u00e9lnek egyedi ig\u00e9nyei \u00e9s kih\u00edv\u00e1sai vannak. Ez arra \u00f6szt\u00f6n\u00f6z minket, hogy szem\u00e9lyre szabott megold\u00e1sokat sz\u00e1ll\u00edtsunk, legyen sz\u00f3 ak\u00e1r egyedi komponensekr\u0151l, ak\u00e1r teljesen integr\u00e1lt rendszerekr\u0151l. \u00dcgyfeleinkkel szorosan egy\u00fcttm\u0171k\u00f6dve biztos\u00edtjuk, hogy minden megold\u00e1s t\u00f6k\u00e9letesen illeszkedjen az adott ig\u00e9nyekhez, optimaliz\u00e1lva a teljes\u00edtm\u00e9nyt \u00e9s maximaliz\u00e1lva az \u00e9rt\u00e9ket. Az id\u0151ben t\u00f6rt\u00e9n\u0151 v\u00e1laszad\u00e1s, a professzion\u00e1lis \u00fatmutat\u00e1s \u00e9s a szak\u00e9rt\u0151i kivitelez\u00e9s ir\u00e1nti elk\u00f6telezetts\u00e9g\u00fcnk garant\u00e1lja, hogy minden projektet prec\u00edzen kezel\u00fcnk, k\u00f6vetkezetesen a lehet\u0151 legjobb eredm\u00e9nyeket \u00e9rve el.<\/p>\n<p>Kiemelt fontoss\u00e1g\u00fanak tartjuk a vil\u00e1gos \u00e9s folyamatos kommunik\u00e1ci\u00f3t a teljes term\u00e9kfejleszt\u00e9si folyamat sor\u00e1n. Elk\u00f6telezett csapatunk szorosan egy\u00fcttm\u0171k\u00f6dik \u00fcgyfeleinkkel, hogy alaposan meg\u00e9rtse ig\u00e9nyeiket, \u00e9rt\u00e9kes betekint\u00e9st \u00e9s aj\u00e1nl\u00e1sokat k\u00edn\u00e1lva az optim\u00e1lis eredm\u00e9nyek el\u00e9r\u00e9se \u00e9rdek\u00e9ben. Ak\u00e1r \u00e9lvonalbeli term\u00e9keket tervez, ak\u00e1r rutinmegrendel\u00e9seket teljes\u00edt, az FMP tov\u00e1bbra is rend\u00edthetetlen\u00fcl elk\u00f6telezett amellett, hogy minden alkalommal kiv\u00e1l\u00f3 min\u0151s\u00e9g\u0171, prec\u00edzi\u00f3san megtervezett megold\u00e1sokat sz\u00e1ll\u00edtson id\u0151ben. C\u00e9lunk, hogy fel\u00fclm\u00faljuk \u00fcgyfeleink elv\u00e1r\u00e1sait, kiv\u00e9teles szolg\u00e1ltat\u00e1st \u00e9s eredm\u00e9nyeket ny\u00fajtva minden projekt\u00fcnkkel.<\/p>\n<p>Az FMP k\u00f6z\u00e9ppontj\u00e1ban a min\u0151s\u00e9g ir\u00e1nti rend\u00edthetetlen elk\u00f6telezetts\u00e9g \u00e1ll. A legmagasabb ipar\u00e1gi szabv\u00e1nyokat tartjuk be, \u00e9s szigor\u00fa min\u0151s\u00e9gellen\u0151rz\u00e9si folyamatokat alkalmazunk annak biztos\u00edt\u00e1sa \u00e9rdek\u00e9ben, hogy minden term\u00e9k ne csak megfeleljen, hanem t\u00fal is sz\u00e1rnyalja az ipar\u00e1gi szabv\u00e1nyokat. Ez a kiv\u00e1l\u00f3s\u00e1g ir\u00e1nti elk\u00f6telezetts\u00e9g, valamint az integrit\u00e1s, a csapatmunka \u00e9s a kitart\u00e1s alapvet\u0151 \u00e9rt\u00e9kei lehet\u0151v\u00e9 tett\u00e9k sz\u00e1munkra, hogy hossz\u00fa t\u00e1v\u00fa, bizalmon alapul\u00f3 kapcsolatokat \u00e1poljunk \u00fcgyfeleinkkel vil\u00e1gszerte k\u00f6zel 30 orsz\u00e1gban.<\/p>\n<p>Az FMP szenved\u00e9lyesen \u00e1polja a glob\u00e1lis partners\u00e9geket, szak\u00e9rt\u0151i tan\u00e1csokat \u00e9s testreszabott megold\u00e1sokat k\u00edn\u00e1lva, amelyek \u00fcgyfeleink v\u00e1ltoz\u00f3 ig\u00e9nyeivel \u00f6sszhangban fejl\u0151dnek. C\u00e9lunk hossz\u00fa t\u00e1v\u00fa, k\u00f6lcs\u00f6n\u00f6sen el\u0151ny\u00f6s kapcsolatok ki\u00e9p\u00edt\u00e9se, amelyek minden projekt siker\u00e9t el\u0151mozd\u00edtj\u00e1k. Ak\u00e1r innovat\u00edv megold\u00e1sokra van sz\u00fcks\u00e9ge egy \u00faj kezdem\u00e9nyez\u00e9shez, ak\u00e1r folyamatos t\u00e1mogat\u00e1sra egy megl\u00e9v\u0151 rendszerhez, az FMP elk\u00f6telezett amellett, hogy seg\u00edtsen lek\u00fczdeni a technikai kih\u00edv\u00e1sokat \u00e9s biztos\u00edtsa a folyamatos sikert.<\/p>\n<p><img loading=\"lazy\" decoding=\"async\" class=\"alignnone wp-image-2695\" src=\"https:\/\/fmp-components.com\/wp-content\/uploads\/2025\/01\/agricultural-gearbox3.webp\" alt=\"mez\u0151gazdas\u00e1gi sebess\u00e9gv\u00e1lt\u00f3\" width=\"1140\" height=\"1138\" title=\"\" srcset=\"https:\/\/fmp-components.com\/wp-content\/uploads\/2025\/01\/agricultural-gearbox3.webp 1140w, https:\/\/fmp-components.com\/wp-content\/uploads\/2025\/01\/agricultural-gearbox3-480x479.webp 480w\" sizes=\"(min-width: 0px) and (max-width: 480px) 480px, (min-width: 481px) 1140px, 100vw\" \/><\/p>\n<p>Szerz\u0151: CX<\/p>","protected":false},"excerpt":{"rendered":"<p>Rating Chart Drawing for 200 Series Shaft Rotation Alignment For 200 Series 200 Series Gearbox for Agricultural Machinery The 200 Series Gearbox is engineered to meet the demanding needs of agricultural machinery, offering robust performance, enhanced durability, and excellent efficiency. Built for a range of agricultural applications, this gearbox combines precision engineering with high-quality materials [&hellip;]<\/p>","protected":false},"featured_media":3244,"comment_status":"open","ping_status":"closed","template":"","meta":{"_et_pb_use_builder":"","_et_pb_old_content":"","_et_gb_content_width":""},"product_brand":[],"product_cat":[78],"product_tag":[],"class_list":{"0":"post-3241","1":"product","2":"type-product","3":"status-publish","4":"has-post-thumbnail","6":"product_cat-gearbox-for-agricultural-machinery","8":"first","9":"instock","10":"shipping-taxable","11":"product-type-simple"},"_links":{"self":[{"href":"https:\/\/fmp-components.com\/hu\/wp-json\/wp\/v2\/product\/3241","targetHints":{"allow":["GET"]}}],"collection":[{"href":"https:\/\/fmp-components.com\/hu\/wp-json\/wp\/v2\/product"}],"about":[{"href":"https:\/\/fmp-components.com\/hu\/wp-json\/wp\/v2\/types\/product"}],"replies":[{"embeddable":true,"href":"https:\/\/fmp-components.com\/hu\/wp-json\/wp\/v2\/comments?post=3241"}],"wp:featuredmedia":[{"embeddable":true,"href":"https:\/\/fmp-components.com\/hu\/wp-json\/wp\/v2\/media\/3244"}],"wp:attachment":[{"href":"https:\/\/fmp-components.com\/hu\/wp-json\/wp\/v2\/media?parent=3241"}],"wp:term":[{"taxonomy":"product_brand","embeddable":true,"href":"https:\/\/fmp-components.com\/hu\/wp-json\/wp\/v2\/product_brand?post=3241"},{"taxonomy":"product_cat","embeddable":true,"href":"https:\/\/fmp-components.com\/hu\/wp-json\/wp\/v2\/product_cat?post=3241"},{"taxonomy":"product_tag","embeddable":true,"href":"https:\/\/fmp-components.com\/hu\/wp-json\/wp\/v2\/product_tag?post=3241"}],"curies":[{"name":"munkaf\u00fczet","href":"https:\/\/api.w.org\/{rel}","templated":true}]}}