{"id":3236,"date":"2025-01-05T08:24:05","date_gmt":"2025-01-05T08:24:05","guid":{"rendered":"https:\/\/fmp-components.com\/?page_id=8"},"modified":"2025-01-05T08:24:05","modified_gmt":"2025-01-05T08:24:05","slug":"gearbox-for-agricultural-machinery-100-series","status":"publish","type":"product","link":"https:\/\/fmp-components.com\/hu\/product\/gearbox-for-agricultural-machinery-100-series\/","title":{"rendered":"Sebess\u00e9gv\u00e1lt\u00f3 mez\u0151gazdas\u00e1gi g\u00e9pekhez 100-as sorozat"},"content":{"rendered":"<h3><span class=\"ws12\">\u00c9RT\u00c9KEL\u00c9SI T\u00c1BL\u00c1ZAT<\/span><\/h3>\n<p><img loading=\"lazy\" decoding=\"async\" class=\"alignnone  wp-image-3237\" src=\"https:\/\/fmp-components.com\/wp-content\/uploads\/2025\/01\/100drawing.webp\" alt=\"100 rajz\" width=\"886\" height=\"1250\" title=\"\" srcset=\"https:\/\/fmp-components.com\/wp-content\/uploads\/2025\/01\/100drawing.webp 886w, https:\/\/fmp-components.com\/wp-content\/uploads\/2025\/01\/100drawing-480x677.webp 480w\" sizes=\"(min-width: 0px) and (max-width: 480px) 480px, (min-width: 481px) 886px, 100vw\" \/><\/p>\n<h3>RAJZ A 100-AS SOROZATHOZ<\/h3>\n<p><img loading=\"lazy\" decoding=\"async\" class=\"alignnone  wp-image-3239\" src=\"https:\/\/fmp-components.com\/wp-content\/uploads\/2025\/01\/R100-rating-charts.webp\" alt=\"R100-besorol\u00e1si t\u00e1bl\u00e1zatok\" width=\"843\" height=\"661\" title=\"\" srcset=\"https:\/\/fmp-components.com\/wp-content\/uploads\/2025\/01\/R100-rating-charts.webp 843w, https:\/\/fmp-components.com\/wp-content\/uploads\/2025\/01\/R100-rating-charts-480x376.webp 480w\" sizes=\"(min-width: 0px) and (max-width: 480px) 480px, (min-width: 481px) 843px, 100vw\" \/><\/p>\n<h3>TENGELYFORG\u00c1S BE\u00c1LL\u00cdT\u00c1SA 100-AS SOROZATHOZ<\/h3>\n<p><img loading=\"lazy\" decoding=\"async\" class=\"alignnone  wp-image-3238\" src=\"https:\/\/fmp-components.com\/wp-content\/uploads\/2025\/01\/100shaft.webp\" alt=\"100 tengely\" width=\"830\" height=\"251\" title=\"\" srcset=\"https:\/\/fmp-components.com\/wp-content\/uploads\/2025\/01\/100shaft.webp 360w, https:\/\/fmp-components.com\/wp-content\/uploads\/2025\/01\/100shaft-300x91.webp 300w, https:\/\/fmp-components.com\/wp-content\/uploads\/2025\/01\/100shaft-18x5.webp 18w\" sizes=\"(max-width: 830px) 100vw, 830px\" \/><\/p>\n<h3>100-as sorozat\u00fa sebess\u00e9gv\u00e1lt\u00f3 mez\u0151gazdas\u00e1gi g\u00e9pekhez<\/h3>\n<p>A 100-as sorozat\u00fa sebess\u00e9gv\u00e1lt\u00f3t kifejezetten mez\u0151gazdas\u00e1gi g\u00e9pekhez tervezt\u00e9k, optim\u00e1lis teljes\u00edtm\u00e9nyt, tart\u00f3ss\u00e1got \u00e9s hat\u00e9konys\u00e1got biztos\u00edtva. Robusztus konstrukci\u00f3j\u00e1nak \u00e9s fejlett funkci\u00f3inak k\u00f6sz\u00f6nhet\u0151en megb\u00edzhat\u00f3 m\u0171k\u00f6d\u00e9st biztos\u00edt m\u00e9g ig\u00e9nyes mez\u0151gazdas\u00e1gi k\u00f6rnyezetben is. A sebess\u00e9gv\u00e1lt\u00f3 n\u00e9lk\u00fcl\u00f6zhetetlen alkatr\u00e9sze sz\u00e1mos mez\u0151gazdas\u00e1gi berendez\u00e9snek, p\u00e9ld\u00e1ul talajmar\u00f3knak, f\u0171ny\u00edr\u00f3knak \u00e9s egy\u00e9b, megb\u00edzhat\u00f3 er\u0151\u00e1tvitelt ig\u00e9nyl\u0151 g\u00e9peknek.<\/p>\n<p><strong>F\u0151bb jellemz\u0151k:<\/strong><\/p>\n<ul>\n<li><strong>K\u00e9tr\u00e9szes alum\u00ednium h\u00e1z<\/strong><br \/>\nA sebess\u00e9gv\u00e1lt\u00f3 k\u00e9tr\u00e9szes alum\u00ednium h\u00e1zzal rendelkezik, amelyet fokozott szil\u00e1rds\u00e1gra \u00e9s korr\u00f3zi\u00f3\u00e1ll\u00f3s\u00e1gra terveztek. A h\u00e1z kiv\u00e1l\u00f3 <strong>h\u0151kapacit\u00e1s<\/strong>, \u00edgy ide\u00e1lis a folyamatos \u00fczemhez zord mez\u0151gazdas\u00e1gi k\u00f6r\u00fclm\u00e9nyek k\u00f6z\u00f6tt.<\/li>\n<li><strong>Prec\u00edzi\u00f3s megmunk\u00e1l\u00e1s az optim\u00e1lis teljes\u00edtm\u00e9ny\u00e9rt<\/strong><br \/>\nMinden egys\u00e9g prec\u00edzi\u00f3s megmunk\u00e1l\u00e1s\u00fa, hogy biztos\u00edtsa a t\u00f6k\u00e9letes fogasker\u00e9k-kapcsolatot \u00e9s csap\u00e1gy-el\u0151terhel\u00e9st, garant\u00e1lva a z\u00f6kken\u0151mentes m\u0171k\u00f6d\u00e9st \u00e9s a minim\u00e1lis kop\u00e1st.<strong>r<\/strong> id\u0151vel. Ez a magas szint\u0171 kidolgoz\u00e1s n\u00f6veli a sebess\u00e9gv\u00e1lt\u00f3 hat\u00e9konys\u00e1g\u00e1t \u00e9s hossz\u00fa \u00e9lettartam\u00e1t.<\/li>\n<li><strong>Kov\u00e1csolt fogaskerekek t\u00f6bb \u00e1tt\u00e9tellel<\/strong><br \/>\nA sebess\u00e9gv\u00e1lt\u00f3 prec\u00edzi\u00f3s kov\u00e1csol\u00e1s\u00fa fogaskerekeket haszn\u00e1l, amelyek h\u00e1rom k\u00fcl\u00f6nb\u00f6z\u0151 \u00e1tt\u00e9telben kaphat\u00f3k: 1:1, 1,1:1 \u00e9s 1,43:1. Ezek a lehet\u0151s\u00e9gek rugalmass\u00e1got biztos\u00edtanak, lehet\u0151v\u00e9 t\u00e9ve a felhaszn\u00e1l\u00f3k sz\u00e1m\u00e1ra, hogy az adott berendez\u00e9shez \u00e9s \u00fczemeltet\u00e9si k\u00f6vetelm\u00e9nyekhez ide\u00e1lis \u00e1tt\u00e9telt v\u00e1lassz\u00e1k.<\/li>\n<li><strong>K\u00fapg\u00f6rg\u0151s csap\u00e1gyak a megn\u00f6velt teherb\u00edr\u00e1s \u00e9rdek\u00e9ben<\/strong><br \/>\nA k\u00fapg\u00f6rg\u0151s csap\u00e1gyakkal felszerelt 100-as sorozat\u00fa sebess\u00e9gv\u00e1lt\u00f3 megn\u00f6velt teherb\u00edr\u00e1st \u00e9s jelent\u0151sen meghosszabb\u00edtott csap\u00e1gy-\u00e9lettartamot k\u00edn\u00e1l. Ez a tulajdons\u00e1g k\u00fcl\u00f6n\u00f6sen alkalmass\u00e1 teszi nagy ig\u00e9nybev\u00e9tel\u0171 alkalmaz\u00e1sokhoz, biztos\u00edtva, hogy a sebess\u00e9gv\u00e1lt\u00f3 ellen\u00e1lljon a neh\u00e9z mez\u0151gazdas\u00e1gi haszn\u00e1lat k\u00f6vetelm\u00e9nyeinek.<\/li>\n<li><strong>Nagy szil\u00e1rds\u00e1g\u00fa ac\u00e9ltengely<\/strong><br \/>\nA sebess\u00e9gv\u00e1lt\u00f3hoz tartozik egy <strong>1 h\u00fcvelykes tengely<\/strong> Nagy szil\u00e1rds\u00e1g\u00fa ac\u00e9lb\u00f3l k\u00e9sz\u00fclt, ami egy standard jellemz\u0151, \u00e9s a tart\u00f3ss\u00e1g n\u00f6vel\u00e9s\u00e9t \u00e9s a k\u00fcl\u00f6nb\u00f6z\u0151 munkak\u00f6r\u00fclm\u00e9nyek k\u00f6z\u00f6tti \u00e1lland\u00f3 teljes\u00edtm\u00e9ny biztos\u00edt\u00e1s\u00e1t szolg\u00e1lja. Ez a strapab\u00edr\u00f3 tengely biztos\u00edtja a sebess\u00e9gv\u00e1lt\u00f3 z\u00f6kken\u0151mentes m\u0171k\u00f6d\u00e9s\u00e9t m\u00e9g kih\u00edv\u00e1st jelent\u0151 k\u00f6rnyezetben is.<\/li>\n<li><strong>80W90 hajt\u00f3m\u0171olaj<\/strong><br \/>\nA 80W90-es hajt\u00f3m\u0171olajjal el\u0151re felt\u00f6ltve a 100-as sorozat\u00fa hajt\u00f3m\u0171 azonnal haszn\u00e1latra k\u00e9sz. A ken\u0151anyag biztos\u00edtja a sima hajt\u00f3m\u0171kapcsol\u00e1st \u00e9s a hat\u00e9kony h\u0151elvezet\u00e9st. Minden hajt\u00f3m\u0171 sziv\u00e1rg\u00e1svizsg\u00e1laton esik \u00e1t a sz\u00e1ll\u00edt\u00e1s el\u0151tt, hogy biztos\u00edtsuk a t\u00f6k\u00e9letes t\u00f6m\u00edt\u00e9st \u00e9s a beszerel\u00e9sre val\u00f3 k\u00e9szenl\u00e9tet.<\/li>\n<li><strong>K\u00f6nny\u0171, m\u00e9gis tart\u00f3s kialak\u00edt\u00e1s<\/strong><br \/>\nA mind\u00f6ssze 3-4 kg-os (olajjal egy\u00fctt) s\u00faly\u00fa 100-as sorozat k\u00f6nny\u0171szerkezetes kialak\u00edt\u00e1s\u00fa a k\u00f6nny\u0171 telep\u00edt\u00e9s \u00e9s kezel\u00e9s \u00e9rdek\u00e9ben. Alacsony s\u00falya ellen\u00e9re a sebess\u00e9gv\u00e1lt\u00f3 meg\u0151rzi szil\u00e1rds\u00e1g\u00e1t \u00e9s tart\u00f3ss\u00e1g\u00e1t, \u00edgy kiv\u00e1l\u00f3 v\u00e1laszt\u00e1s k\u00fcl\u00f6nf\u00e9le mez\u0151gazdas\u00e1gi alkalmaz\u00e1sokhoz.<\/li>\n<\/ul>\n<p><strong>Alkalmaz\u00e1sok:<\/strong><br \/>\nA 100-as sorozat\u00fa sebess\u00e9gv\u00e1lt\u00f3 sokoldal\u00fa, \u00e9s sz\u00e1mos mez\u0151gazdas\u00e1gi g\u00e9pben haszn\u00e1lhat\u00f3, bele\u00e9rtve a f\u0171ny\u00edr\u00f3kat, talajm\u0171vel\u0151ket \u00e9s sz\u00f3r\u00f3g\u00e9peket. Prec\u00edzi\u00f3s m\u00e9rn\u00f6ki munk\u00e1j\u00e1nak k\u00f6sz\u00f6nhet\u0151en ide\u00e1lis azokhoz a feladatokhoz, amelyek \u00e1lland\u00f3 er\u0151\u00e1tvitelt \u00e9s megb\u00edzhat\u00f3 teljes\u00edtm\u00e9nyt ig\u00e9nyelnek, biztos\u00edtva a z\u00f6kken\u0151mentes m\u0171k\u00f6d\u00e9st a k\u00fcl\u00f6nb\u00f6z\u0151 mez\u0151gazdas\u00e1gi feladatok sor\u00e1n.<\/p>\n<p>A mez\u0151gazdas\u00e1gi g\u00e9pekhez k\u00e9sz\u00fclt 100-as sorozat\u00fa sebess\u00e9gv\u00e1lt\u00f3 nagy teljes\u00edtm\u00e9nyt, tart\u00f3ss\u00e1got \u00e9s rugalmass\u00e1got biztos\u00edt, \u00edgy megb\u00edzhat\u00f3 v\u00e1laszt\u00e1s a modern mez\u0151gazdas\u00e1gi berendez\u00e9sekhez. Ak\u00e1r prec\u00edzi\u00f3t, teherb\u00edr\u00e1st vagy testreszab\u00e1si lehet\u0151s\u00e9geket keres, ez a sebess\u00e9gv\u00e1lt\u00f3 mindent biztos\u00edt, amire sz\u00fcks\u00e9ge van a z\u00f6kken\u0151mentes munkav\u00e9gz\u00e9shez a terepen.<\/p>\n<h3>Az FMP-r\u0151l<\/h3>\n<p>Az olaszorsz\u00e1gi sz\u00e9khely\u0171 FMP egy elismert gy\u00e1rt\u00f3, amely nagy teljes\u00edtm\u00e9ny\u0171 sebess\u00e9gv\u00e1lt\u00f3k tervez\u00e9s\u00e9re, fejleszt\u00e9s\u00e9re \u00e9s gy\u00e1rt\u00e1s\u00e1ra specializ\u00e1l\u00f3dott, els\u0151sorban a mez\u0151gazdas\u00e1gi g\u00e9piparra \u00f6sszpontos\u00edtva. A prec\u00edzi\u00f3s m\u00e9rn\u00f6ki munk\u00e1r\u00f3l, innovat\u00edv megold\u00e1sokr\u00f3l \u00e9s rend\u00edthetetlen megb\u00edzhat\u00f3s\u00e1gr\u00f3l ismert FMP szil\u00e1rd h\u00edrnevet szerzett mag\u00e1nak, mint megb\u00edzhat\u00f3 partner mind a mez\u0151gazdas\u00e1gi, mind az ipari piacon. Kiterjedt portf\u00f3li\u00f3nk mag\u00e1ban foglalja a f\u0171ny\u00edr\u00f3khoz, kard\u00e1ntengelyekhez \u00e9s m\u00e1s l\u00e9tfontoss\u00e1g\u00fa alkatr\u00e9szekhez tervezett egyedi sebess\u00e9gv\u00e1lt\u00f3kat, amelyek mindegyike a k\u00fcl\u00f6nf\u00e9le alkalmaz\u00e1sok speci\u00e1lis ig\u00e9nyeinek kiel\u00e9g\u00edt\u00e9s\u00e9re k\u00e9sz\u00fclt.<\/p>\n<p>Az FMP-n\u00e9l tiszt\u00e1ban vagyunk azzal, hogy minden \u00fcgyf\u00e9l m\u00e1s \u00e9s m\u00e1s kih\u00edv\u00e1sokkal n\u00e9z szembe. Ez a meg\u00e9rt\u00e9s vez\u00e9rli a szem\u00e9lyre szabott megold\u00e1sok sz\u00e1ll\u00edt\u00e1s\u00e1ra ir\u00e1nyul\u00f3 megk\u00f6zel\u00edt\u00e9s\u00fcnket \u2013 legyen sz\u00f3 ak\u00e1r egyedi komponensekr\u0151l, ak\u00e1r teljesen integr\u00e1lt rendszerekr\u0151l. \u00dcgyfeleinkkel szorosan egy\u00fcttm\u0171k\u00f6dve biztos\u00edtjuk, hogy minden megold\u00e1s apr\u00f3l\u00e9kosan illeszkedjen az ig\u00e9nyeikhez, optimaliz\u00e1lva a teljes\u00edtm\u00e9nyt, mik\u00f6zben maximaliz\u00e1lja az \u00e9rt\u00e9ket. Elk\u00f6telezettek vagyunk a gyors v\u00e1laszid\u0151, a professzion\u00e1lis \u00fatmutat\u00e1s \u00e9s a prec\u00edz kivitelez\u00e9s ir\u00e1nt, \u00edgy minden megkeres\u00e9st szakszer\u0171en kezel\u00fcnk, a lehet\u0151 legjobb eredm\u00e9nyeket el\u00e9rve.<\/p>\n<p>A vil\u00e1gos, folyamatos kommunik\u00e1ci\u00f3 a teljes term\u00e9kfejleszt\u00e9si ciklus sor\u00e1n megk\u00f6zel\u00edt\u00e9s\u00fcnk k\u00f6zponti eleme. Elk\u00f6telezett csapatunk k\u00f6zvetlen\u00fcl az \u00fcgyfelekkel dolgozik, hogy \u00e1tfog\u00f3 k\u00e9pet kapjon ig\u00e9nyeikr\u0151l, \u00e9s \u00e9rt\u00e9kes betekint\u00e9st \u00e9s aj\u00e1nl\u00e1sokat k\u00edn\u00e1l a legkedvez\u0151bb eredm\u00e9nyek el\u00e9r\u00e9se \u00e9rdek\u00e9ben. Ak\u00e1r \u00e9lvonalbeli term\u00e9keket tervez\u00fcnk, ak\u00e1r rutinmegrendel\u00e9seket teljes\u00edt\u00fcnk, az FMP elk\u00f6telezett amellett, hogy minden alkalommal kiv\u00e1l\u00f3 min\u0151s\u00e9g\u0171, prec\u00edzi\u00f3san megtervezett megold\u00e1sokat sz\u00e1ll\u00edtson id\u0151ben. C\u00e9lunk, hogy fel\u00fclm\u00faljuk \u00fcgyfeleink elv\u00e1r\u00e1sait, kiv\u00e9teles szolg\u00e1ltat\u00e1st \u00e9s kiemelked\u0151 eredm\u00e9nyeket ny\u00fajtva minden projekt sor\u00e1n.<\/p>\n<p>A min\u0151s\u00e9g az FMP m\u0171k\u00f6d\u00e9s\u00e9nek sarokk\u00f6ve. A legmagasabb gy\u00e1rt\u00e1si szabv\u00e1nyokat tartjuk be, \u00e9s szigor\u00fa min\u0151s\u00e9gellen\u0151rz\u00e9si int\u00e9zked\u00e9seket alkalmazunk annak biztos\u00edt\u00e1s\u00e1ra, hogy minden term\u00e9k ne csak megfeleljen, hanem t\u00fal is sz\u00e1rnyalja az ipar\u00e1gi szabv\u00e1nyokat. Ez a kiv\u00e1l\u00f3s\u00e1g ir\u00e1nti elk\u00f6telezetts\u00e9g, valamint az olyan alapvet\u0151 \u00e9rt\u00e9keink, mint az integrit\u00e1s, a csapatmunka \u00e9s a kitart\u00e1s, lehet\u0151v\u00e9 tette sz\u00e1munkra, hogy hossz\u00fa t\u00e1v\u00fa, bizalmon alapul\u00f3 kapcsolatokat alak\u00edtsunk ki \u00fcgyfeleinkkel a vil\u00e1g k\u00f6zel 30 orsz\u00e1g\u00e1ban.<\/p>\n<p>Az FMP elk\u00f6telezett a glob\u00e1lis partners\u00e9gek \u00e1pol\u00e1sa ir\u00e1nt szak\u00e9rt\u0151i tan\u00e1csokkal \u00e9s testreszabott megold\u00e1sokkal, amelyek \u00fcgyfeleink ig\u00e9nyeivel egy\u00fctt fejl\u0151dnek. Hossz\u00fa t\u00e1v\u00fa, k\u00f6lcs\u00f6n\u00f6sen el\u0151ny\u00f6s kapcsolatok ki\u00e9p\u00edt\u00e9s\u00e9re t\u00f6reksz\u00fcnk, amelyek hozz\u00e1j\u00e1rulnak minden projekt folyamatos siker\u00e9hez. Ak\u00e1r innovat\u00edv megold\u00e1sokat keres egy \u00faj v\u00e1llalkoz\u00e1shoz, ak\u00e1r folyamatos t\u00e1mogat\u00e1sra van sz\u00fcks\u00e9ge egy megl\u00e9v\u0151 rendszerhez, az FMP itt van, hogy seg\u00edtsen \u00d6nnek a technikai kih\u00edv\u00e1sok kezel\u00e9s\u00e9ben \u00e9s a hossz\u00fa t\u00e1v\u00fa siker biztos\u00edt\u00e1s\u00e1ban.<\/p>\n<p><img loading=\"lazy\" decoding=\"async\" class=\"alignnone wp-image-2695\" src=\"https:\/\/fmp-components.com\/wp-content\/uploads\/2025\/01\/agricultural-gearbox3.webp\" alt=\"mez\u0151gazdas\u00e1gi sebess\u00e9gv\u00e1lt\u00f3\" width=\"1140\" height=\"1138\" title=\"\" srcset=\"https:\/\/fmp-components.com\/wp-content\/uploads\/2025\/01\/agricultural-gearbox3.webp 1140w, https:\/\/fmp-components.com\/wp-content\/uploads\/2025\/01\/agricultural-gearbox3-480x479.webp 480w\" sizes=\"(min-width: 0px) and (max-width: 480px) 480px, (min-width: 481px) 1140px, 100vw\" \/><\/p>\n<p>Szerz\u0151: CX<\/p>","protected":false},"excerpt":{"rendered":"<p>RATING CHART DRAWING FOR 100 SERIES SHAFT ROTATION ALIGNMENT FOR 100\u00a0SERIES 100 Series Gearbox for Agricultural Machinery The 100 Series Gearbox is designed specifically for agricultural machinery, providing optimal performance, durability, and efficiency. Engineered with a robust construction and advanced features, it ensures reliability even in demanding agricultural environments. The gearbox is an essential component [&hellip;]<\/p>","protected":false},"featured_media":3240,"comment_status":"open","ping_status":"closed","template":"","meta":{"_et_pb_use_builder":"","_et_pb_old_content":"","_et_gb_content_width":""},"product_brand":[],"product_cat":[78],"product_tag":[],"class_list":{"0":"post-3236","1":"product","2":"type-product","3":"status-publish","4":"has-post-thumbnail","6":"product_cat-gearbox-for-agricultural-machinery","8":"first","9":"instock","10":"shipping-taxable","11":"product-type-simple"},"_links":{"self":[{"href":"https:\/\/fmp-components.com\/hu\/wp-json\/wp\/v2\/product\/3236","targetHints":{"allow":["GET"]}}],"collection":[{"href":"https:\/\/fmp-components.com\/hu\/wp-json\/wp\/v2\/product"}],"about":[{"href":"https:\/\/fmp-components.com\/hu\/wp-json\/wp\/v2\/types\/product"}],"replies":[{"embeddable":true,"href":"https:\/\/fmp-components.com\/hu\/wp-json\/wp\/v2\/comments?post=3236"}],"wp:featuredmedia":[{"embeddable":true,"href":"https:\/\/fmp-components.com\/hu\/wp-json\/wp\/v2\/media\/3240"}],"wp:attachment":[{"href":"https:\/\/fmp-components.com\/hu\/wp-json\/wp\/v2\/media?parent=3236"}],"wp:term":[{"taxonomy":"product_brand","embeddable":true,"href":"https:\/\/fmp-components.com\/hu\/wp-json\/wp\/v2\/product_brand?post=3236"},{"taxonomy":"product_cat","embeddable":true,"href":"https:\/\/fmp-components.com\/hu\/wp-json\/wp\/v2\/product_cat?post=3236"},{"taxonomy":"product_tag","embeddable":true,"href":"https:\/\/fmp-components.com\/hu\/wp-json\/wp\/v2\/product_tag?post=3236"}],"curies":[{"name":"munkaf\u00fczet","href":"https:\/\/api.w.org\/{rel}","templated":true}]}}