{"id":3232,"date":"2025-01-05T08:05:23","date_gmt":"2025-01-05T08:05:23","guid":{"rendered":"https:\/\/fmp-components.com\/?page_id=8"},"modified":"2025-01-05T08:05:23","modified_gmt":"2025-01-05T08:05:23","slug":"gearbox-for-agricultural-machinery-h130-series","status":"publish","type":"product","link":"https:\/\/fmp-components.com\/hu\/product\/gearbox-for-agricultural-machinery-h130-series\/","title":{"rendered":"Hajt\u00f3m\u0171 mez\u0151gazdas\u00e1gi g\u00e9pekhez H130 sorozat"},"content":{"rendered":"<h3>M\u0171szaki rajz<\/h3>\n<p><img loading=\"lazy\" decoding=\"async\" class=\"alignnone size-full wp-image-3233\" src=\"https:\/\/fmp-components.com\/wp-content\/uploads\/2025\/01\/H130-Spec.webp\" alt=\"H130-Spec\" width=\"1024\" height=\"446\" title=\"\" srcset=\"https:\/\/fmp-components.com\/wp-content\/uploads\/2025\/01\/H130-Spec.webp 1024w, https:\/\/fmp-components.com\/wp-content\/uploads\/2025\/01\/H130-Spec-980x427.webp 980w, https:\/\/fmp-components.com\/wp-content\/uploads\/2025\/01\/H130-Spec-480x209.webp 480w\" sizes=\"(min-width: 0px) and (max-width: 480px) 480px, (min-width: 481px) and (max-width: 980px) 980px, (min-width: 981px) 1024px, 100vw\" \/><\/p>\n<h2>Forgat\u00e1si opci\u00f3 <img loading=\"lazy\" decoding=\"async\" class=\"alignnone size-full wp-image-3234\" src=\"https:\/\/fmp-components.com\/wp-content\/uploads\/2025\/01\/H130-Rotation-Option.webp\" alt=\"H130-Forgat\u00e1si opci\u00f3\" width=\"1024\" height=\"269\" title=\"\" srcset=\"https:\/\/fmp-components.com\/wp-content\/uploads\/2025\/01\/H130-Rotation-Option.webp 1024w, https:\/\/fmp-components.com\/wp-content\/uploads\/2025\/01\/H130-Rotation-Option-980x257.webp 980w, https:\/\/fmp-components.com\/wp-content\/uploads\/2025\/01\/H130-Rotation-Option-480x126.webp 480w\" sizes=\"(min-width: 0px) and (max-width: 480px) 480px, (min-width: 481px) and (max-width: 980px) 980px, (min-width: 981px) 1024px, 100vw\" \/><\/h2>\n<h3>A H130 sorozat\u00fa mez\u0151gazdas\u00e1gi sebess\u00e9gv\u00e1lt\u00f3 jellemz\u0151i<\/h3>\n<p>A H130 sorozat\u00fa mez\u0151gazdas\u00e1gi sebess\u00e9gv\u00e1lt\u00f3 egy pr\u00e9mium megold\u00e1s, amelyet mez\u0151gazdas\u00e1gi g\u00e9pekhez terveztek, \u00e9s amely a robusztus teljes\u00edtm\u00e9ny, a tart\u00f3ss\u00e1g \u00e9s a hat\u00e9konys\u00e1g kombin\u00e1ci\u00f3j\u00e1t k\u00edn\u00e1lja. Az al\u00e1bbiakban a nagy teljes\u00edtm\u00e9ny\u0171 sebess\u00e9gv\u00e1lt\u00f3 kiemelked\u0151 tulajdons\u00e1gait ismertetj\u00fck:<\/p>\n<ul>\n<li><strong>K\u00e9tr\u00e9szes alum\u00ednium h\u00e1z<\/strong>A H130 sorozat k\u00e9tr\u00e9szes alum\u00ednium h\u00e1zzal k\u00e9sz\u00fclt, amely kiv\u00e9teles szil\u00e1rds\u00e1got biztos\u00edt, mik\u00f6zben k\u00f6nny\u0171 szerkezetet biztos\u00edt. Ez a kialak\u00edt\u00e1s nemcsak a sebess\u00e9gv\u00e1lt\u00f3 \u00e1ltal\u00e1nos szerkezeti integrit\u00e1s\u00e1t jav\u00edtja, hanem kiv\u00e1l\u00f3 korr\u00f3zi\u00f3\u00e1ll\u00f3s\u00e1got is k\u00edn\u00e1l, \u00edgy ide\u00e1lis a zord mez\u0151gazdas\u00e1gi k\u00f6rnyezetekhez. Ezenk\u00edv\u00fcl az alum\u00ednium h\u00e1z seg\u00edti a h\u0151elvezet\u00e9st, megakad\u00e1lyozva a t\u00falmeleged\u00e9st hosszabb haszn\u00e1lat sor\u00e1n.<\/li>\n<li><strong>Prec\u00edzi\u00f3s megmunk\u00e1l\u00e1s az optim\u00e1lis teljes\u00edtm\u00e9ny\u00e9rt<\/strong>A sebess\u00e9gv\u00e1lt\u00f3 prec\u00edzi\u00f3s megmunk\u00e1l\u00e1ssal k\u00e9sz\u00fcl, hogy pontos fogasker\u00e9k-kapcsolatot \u00e9s megfelel\u0151 csap\u00e1gy-el\u0151terhel\u00e9st biztos\u00edtson. Ez a prec\u00edzi\u00f3s gy\u00e1rt\u00e1si folyamat minimaliz\u00e1lja a kop\u00e1st \u00e9s a s\u00farl\u00f3d\u00e1st, ami sim\u00e1bb m\u0171k\u00f6d\u00e9st \u00e9s jobb er\u0151\u00e1tviteli hat\u00e9konys\u00e1got eredm\u00e9nyez az id\u0151 m\u00fal\u00e1s\u00e1val. A sz\u0171k t\u0171r\u00e9sek seg\u00edtenek fenntartani a sebess\u00e9gv\u00e1lt\u00f3 teljes\u00edtm\u00e9ny\u00e9t m\u00e9g neh\u00e9z mez\u0151gazdas\u00e1gi k\u00f6r\u00fclm\u00e9nyek k\u00f6z\u00f6tt is.<\/li>\n<li><strong>Prec\u00edzi\u00f3s kov\u00e1csolt fogaskerekek 1,61:1 \u00e1tt\u00e9tellel<\/strong>A H130 sorozat\u00fa sebess\u00e9gv\u00e1lt\u00f3 fogaskerekei prec\u00edzi\u00f3s kov\u00e1csol\u00e1s\u00faak, kiv\u00e9teles szil\u00e1rds\u00e1got \u00e9s megb\u00edzhat\u00f3s\u00e1got biztos\u00edtva. Ezek a kiv\u00e1l\u00f3 min\u0151s\u00e9g\u0171 fogaskerekek 1,61:1 \u00e1tt\u00e9telt k\u00edn\u00e1lnak, egyens\u00falyt teremtve a sebess\u00e9g \u00e9s a nyomat\u00e9k k\u00f6z\u00f6tt, biztos\u00edtva az optim\u00e1lis teljes\u00edtm\u00e9nyt sz\u00e1mos mez\u0151gazdas\u00e1gi feladathoz, p\u00e9ld\u00e1ul forg\u00f3eszk\u00f6z\u00f6k, ek\u00e9k vagy m\u00e1s nagy teherb\u00edr\u00e1s\u00fa berendez\u00e9sek hajt\u00e1s\u00e1hoz.<\/li>\n<li><strong>K\u00fapg\u00f6rg\u0151s csap\u00e1gyak a fokozott tart\u00f3ss\u00e1g\u00e9rt<\/strong>A k\u00fapg\u00f6rg\u0151s csap\u00e1gyak haszn\u00e1lata n\u00f6veli a teherb\u00edr\u00e1st \u00e9s meghosszabb\u00edtja a csap\u00e1gy \u00e9lettartam\u00e1t, m\u00e9g nagy terhel\u00e9s \u00e9s neh\u00e9z alkalmaz\u00e1sok eset\u00e9n is. Ezek a csap\u00e1gyak kiv\u00e1l\u00f3 tart\u00e1st biztos\u00edtanak, cs\u00f6kkentik a meghib\u00e1sod\u00e1s kock\u00e1zat\u00e1t, \u00e9s biztos\u00edtj\u00e1k a sebess\u00e9gv\u00e1lt\u00f3 hat\u00e9kony m\u0171k\u00f6d\u00e9s\u00e9t hosszabb ideig, cs\u00f6kkentve a karbantart\u00e1si k\u00f6lts\u00e9geket \u00e9s az \u00e1ll\u00e1sid\u0151t.<\/li>\n<li><strong>Nagy szil\u00e1rds\u00e1g\u00fa ac\u00e9ltengelyek<\/strong>A H130 sorozat alapfelszerelts\u00e9gk\u00e9nt 1,375 h\u00fcvelykes, nagy szil\u00e1rds\u00e1g\u00fa ac\u00e9lb\u00f3l k\u00e9sz\u00fclt tengelyekkel van felszerelve. Ezeket az ac\u00e9ltengelyeket \u00fagy tervezt\u00e9k, hogy ellen\u00e1lljanak a mez\u0151gazdas\u00e1gi g\u00e9pekben el\u0151fordul\u00f3 nagy nyomat\u00e9knak \u00e9s \u00fczemi ig\u00e9nybev\u00e9telnek, biztos\u00edtva a maxim\u00e1lis megb\u00edzhat\u00f3s\u00e1got \u00e9s a hossz\u00fa \u00e9lettartamot neh\u00e9z k\u00f6r\u00fclm\u00e9nyek k\u00f6z\u00f6tt.<\/li>\n<li><strong>Szervizk\u00e9sz 80W90 hajt\u00f3m\u0171olajjal<\/strong>A H130 sorozat\u00fa hajt\u00f3m\u0171veket az els\u0151 napt\u00f3l kezdve z\u00f6kken\u0151mentes m\u0171k\u00f6d\u00e9s biztos\u00edt\u00e1sa \u00e9rdek\u00e9ben 80W90-es hajt\u00f3m\u0171olajjal szervizelj\u00fck. Minden egys\u00e9g szigor\u00fa tesztel\u00e9sen esik \u00e1t, bele\u00e9rtve a bej\u00e1rat\u00e1si folyamatot \u00e9s a sziv\u00e1rg\u00e1svizsg\u00e1latot, hogy biztos\u00edtsuk a hib\u00e1k hi\u00e1ny\u00e1t, \u00e9s hogy a hajt\u00f3m\u0171 a sz\u00e1ll\u00edt\u00e1s ut\u00e1n azonnal haszn\u00e1latra k\u00e9sz legyen.<\/li>\n<li><strong>K\u00f6nny\u0171 \u00e9s kompakt kialak\u00edt\u00e1s<\/strong>A nagy teherb\u00edr\u00e1s\u00fa teljes\u00edtm\u00e9ny ellen\u00e9re a H130 sorozat kompakt \u00e9s k\u00f6nny\u0171 kialak\u00edt\u00e1s\u00fa, mind\u00f6ssze 15-20 kg-ot nyom, bele\u00e9rtve a 900 ml ken\u0151anyagot is. Ez megk\u00f6nny\u00edti a kezel\u00e9s\u00e9t \u00e9s a k\u00fcl\u00f6nf\u00e9le mez\u0151gazdas\u00e1gi g\u00e9pkonfigur\u00e1ci\u00f3kba val\u00f3 beszerel\u00e9s\u00e9t, szil\u00e1rds\u00e1got \u00e9s man\u0151verezhet\u0151s\u00e9get biztos\u00edtva.<\/li>\n<\/ul>\n<p>\u00d6sszess\u00e9g\u00e9ben a H130 sorozat\u00fa mez\u0151gazdas\u00e1gi sebess\u00e9gv\u00e1lt\u00f3 a fejlett m\u00e9rn\u00f6ki munk\u00e1t, a tart\u00f3s anyagokat \u00e9s a prec\u00edz gy\u00e1rt\u00e1st \u00f6tv\u00f6zi, \u00edgy megb\u00edzhat\u00f3 \u00e9s nagy teljes\u00edtm\u00e9ny\u0171 megold\u00e1st k\u00edn\u00e1l a mez\u0151gazdas\u00e1gi alkalmaz\u00e1sok sz\u00e9les sk\u00e1l\u00e1j\u00e1hoz. Kiv\u00e9teles \u00e9rt\u00e9ket k\u00e9pvisel a hossz\u00fa t\u00e1v\u00fa tart\u00f3ss\u00e1g\u00e1val, az egyszer\u0171 karbantart\u00e1s\u00e1val \u00e9s a hat\u00e9kony m\u0171k\u00f6d\u00e9s\u00e9vel.<\/p>\n<h2>Az FMP-r\u0151l<\/h2>\n<p>Az olaszorsz\u00e1gi sz\u00e9khely\u0171 FMP vezet\u0151 gy\u00e1rt\u00f3, amely nagy teljes\u00edtm\u00e9ny\u0171 sebess\u00e9gv\u00e1lt\u00f3k tervez\u00e9s\u00e9ben, fejleszt\u00e9s\u00e9ben \u00e9s gy\u00e1rt\u00e1s\u00e1ban szerzett szak\u00e9rtelm\u00e9r\u0151l ismert, k\u00fcl\u00f6n\u00f6s tekintettel a mez\u0151gazdas\u00e1gi g\u00e9pek szektor\u00e1ra. A prec\u00edzi\u00f3s m\u00e9rn\u00f6ki munka, az innovat\u00edv megold\u00e1sok \u00e9s a rend\u00edthetetlen megb\u00edzhat\u00f3s\u00e1g h\u00edrnev\u00e9nek k\u00f6sz\u00f6nhet\u0151en az FMP megb\u00edzhat\u00f3 partnerr\u00e9 v\u00e1lt a mez\u0151gazdas\u00e1gon \u00e9s azon t\u00falmutat\u00f3 ipar\u00e1gak sz\u00e1m\u00e1ra. \u00c1tfog\u00f3 term\u00e9kportf\u00f3li\u00f3nk mag\u00e1ban foglalja a f\u0171ny\u00edr\u00f3khoz k\u00e9sz\u00fclt, egyedi tervez\u00e9s\u0171 sebess\u00e9gv\u00e1lt\u00f3kat, kard\u00e1ntengelyeket \u00e9s sz\u00e1mos alapvet\u0151 alkatr\u00e9szt, amelyek mindegyike a k\u00fcl\u00f6nb\u00f6z\u0151 alkalmaz\u00e1sok egyedi ig\u00e9nyeinek kiel\u00e9g\u00edt\u00e9s\u00e9re van szabva.<\/p>\n<p>Az FMP-n\u00e9l tiszt\u00e1ban vagyunk azzal, hogy minden \u00fcgyf\u00e9l egyedi kih\u00edv\u00e1sokkal \u00e9s k\u00f6vetelm\u00e9nyekkel n\u00e9z szembe. Ez a felismer\u00e9s \u00f6szt\u00f6n\u00f6z minket arra, hogy szem\u00e9lyre szabott, rendk\u00edv\u00fcl hat\u00e9kony megold\u00e1sokat ny\u00fajtsunk \u2013 legyen sz\u00f3 ak\u00e1r egyedi komponensekr\u0151l, ak\u00e1r teljesen integr\u00e1lt rendszerekr\u0151l. \u00dcgyfeleinkkel szorosan egy\u00fcttm\u0171k\u00f6dve biztos\u00edtjuk, hogy minden megold\u00e1s ne csak a pontos ig\u00e9nyeiket el\u00e9g\u00edtse ki, hanem maximaliz\u00e1lja a m\u0171k\u00f6d\u00e9si teljes\u00edtm\u00e9nyt \u00e9s \u00e9rt\u00e9ket is. B\u00fcszk\u00e9k vagyunk arra, hogy gyorsan, professzion\u00e1lisan \u00e9s szak\u00e9rt\u0151i \u00fatmutat\u00e1ssal tudunk reag\u00e1lni, garant\u00e1lva, hogy minden megkeres\u00e9st a r\u00e9szletekre val\u00f3 odafigyel\u00e9ssel kezel\u00fcnk, ami a lehet\u0151 legjobb eredm\u00e9nyekhez vezet.<\/p>\n<p>Megk\u00f6zel\u00edt\u00e9s\u00fcnk a teljes term\u00e9kfejleszt\u00e9si ciklus sor\u00e1n v\u00e9gig tart\u00f3 vil\u00e1gos \u00e9s folyamatos kommunik\u00e1ci\u00f3ra \u00e9p\u00fcl. Csapatunk k\u00f6zvetlen\u00fcl egy\u00fcttm\u0171k\u00f6dik az \u00fcgyfelekkel, hogy m\u00e9lyrehat\u00f3an meg\u00e9rtse ig\u00e9nyeiket, \u00e9s \u00e9rt\u00e9kes betekint\u00e9st \u00e9s aj\u00e1nl\u00e1sokat ny\u00fajtson az optim\u00e1lis eredm\u00e9nyek biztos\u00edt\u00e1sa \u00e9rdek\u00e9ben. Ak\u00e1r innovat\u00edv \u00faj term\u00e9keket tervez, ak\u00e1r rutinmegrendel\u00e9seket teljes\u00edt, az FMP elk\u00f6telezett a kiv\u00e1l\u00f3 min\u0151s\u00e9g\u0171, prec\u00edzi\u00f3san megtervezett megold\u00e1sok sz\u00e1ll\u00edt\u00e1sa ir\u00e1nt \u2013 id\u0151ben, minden alkalommal. K\u00fcldet\u00e9s\u00fcnk, hogy folyamatosan fel\u00fclm\u00faljuk \u00fcgyfeleink elv\u00e1r\u00e1sait, kiemelked\u0151 szolg\u00e1ltat\u00e1st \u00e9s eredm\u00e9nyeket ny\u00fajtva minden projekt sor\u00e1n.<\/p>\n<p>Az FMP-n\u00e9l a min\u0151s\u00e9g nem csup\u00e1n c\u00e9l; minden tev\u00e9kenys\u00e9g\u00fcnk alapja. A legmagasabb gy\u00e1rt\u00e1si szabv\u00e1nyokat tartjuk be, \u00e9s szigor\u00fa min\u0151s\u00e9gellen\u0151rz\u00e9si int\u00e9zked\u00e9seket alkalmazunk a gy\u00e1rt\u00e1si folyamat minden l\u00e9p\u00e9s\u00e9ben annak biztos\u00edt\u00e1sa \u00e9rdek\u00e9ben, hogy minden term\u00e9k ne csak megfeleljen, hanem gyakran meghaladja az ipar\u00e1gi szabv\u00e1nyokat. A kiv\u00e1l\u00f3s\u00e1g ir\u00e1nti elk\u00f6telezetts\u00e9g\u00fcnk, valamint az olyan alapvet\u0151 \u00e9rt\u00e9keink, mint az integrit\u00e1s, a csapatmunka \u00e9s a kitart\u00e1s, lehet\u0151v\u00e9 tett\u00e9k sz\u00e1munkra, hogy tart\u00f3s, bizalmon alapul\u00f3 kapcsolatokat \u00e9p\u00edts\u00fcnk ki \u00fcgyfeleinkkel k\u00f6zel 30 orsz\u00e1gban vil\u00e1gszerte.<\/p>\n<p>Elk\u00f6telezettek vagyunk a hossz\u00fa t\u00e1v\u00fa glob\u00e1lis partners\u00e9gek \u00e1pol\u00e1sa ir\u00e1nt szak\u00e9rt\u0151i tan\u00e1csokkal \u00e9s testreszabott megold\u00e1sokkal, amelyek megfelelnek \u00fcgyfeleink v\u00e1ltoz\u00f3 ig\u00e9nyeinek. Hisz\u00fcnk a k\u00f6lcs\u00f6n\u00f6sen el\u0151ny\u00f6s kapcsolatok \u00e1pol\u00e1s\u00e1ban, amelyek hozz\u00e1j\u00e1rulnak minden projekt siker\u00e9hez. Ak\u00e1r innovat\u00edv megold\u00e1sokat keres egy \u00faj kezdem\u00e9nyez\u00e9shez, ak\u00e1r folyamatos t\u00e1mogat\u00e1sra van sz\u00fcks\u00e9ge egy megl\u00e9v\u0151 rendszerhez, az FMP itt van, hogy seg\u00edtsen lek\u00fczdeni a technikai kih\u00edv\u00e1sokat \u00e9s biztos\u00edtsa a folyamatos sikert.<\/p>\n<p><img loading=\"lazy\" decoding=\"async\" class=\"alignnone wp-image-2695\" src=\"https:\/\/fmp-components.com\/wp-content\/uploads\/2025\/01\/agricultural-gearbox3.webp\" alt=\"mez\u0151gazdas\u00e1gi sebess\u00e9gv\u00e1lt\u00f3\" width=\"1140\" height=\"1138\" title=\"\" srcset=\"https:\/\/fmp-components.com\/wp-content\/uploads\/2025\/01\/agricultural-gearbox3.webp 1140w, https:\/\/fmp-components.com\/wp-content\/uploads\/2025\/01\/agricultural-gearbox3-480x479.webp 480w\" sizes=\"(min-width: 0px) and (max-width: 480px) 480px, (min-width: 481px) 1140px, 100vw\" \/><\/p>\n<p>Szerz\u0151: CX<\/p>","protected":false},"excerpt":{"rendered":"<p>Technical Drawing Rotation Option Features of H130 Series Agricultural Gearbox The H130 Series Agricultural Gearbox is a premium solution designed for agricultural machinery applications, offering a combination of robust performance, durability, and efficiency. Below are the standout features of this high-performance gearbox: Two-Piece Aluminum Housing: The H130 Series is built with a two-piece aluminum housing, [&hellip;]<\/p>","protected":false},"featured_media":3235,"comment_status":"open","ping_status":"closed","template":"","meta":{"_et_pb_use_builder":"","_et_pb_old_content":"","_et_gb_content_width":""},"product_brand":[],"product_cat":[78],"product_tag":[],"class_list":{"0":"post-3232","1":"product","2":"type-product","3":"status-publish","4":"has-post-thumbnail","6":"product_cat-gearbox-for-agricultural-machinery","8":"first","9":"instock","10":"shipping-taxable","11":"product-type-simple"},"_links":{"self":[{"href":"https:\/\/fmp-components.com\/hu\/wp-json\/wp\/v2\/product\/3232","targetHints":{"allow":["GET"]}}],"collection":[{"href":"https:\/\/fmp-components.com\/hu\/wp-json\/wp\/v2\/product"}],"about":[{"href":"https:\/\/fmp-components.com\/hu\/wp-json\/wp\/v2\/types\/product"}],"replies":[{"embeddable":true,"href":"https:\/\/fmp-components.com\/hu\/wp-json\/wp\/v2\/comments?post=3232"}],"wp:featuredmedia":[{"embeddable":true,"href":"https:\/\/fmp-components.com\/hu\/wp-json\/wp\/v2\/media\/3235"}],"wp:attachment":[{"href":"https:\/\/fmp-components.com\/hu\/wp-json\/wp\/v2\/media?parent=3232"}],"wp:term":[{"taxonomy":"product_brand","embeddable":true,"href":"https:\/\/fmp-components.com\/hu\/wp-json\/wp\/v2\/product_brand?post=3232"},{"taxonomy":"product_cat","embeddable":true,"href":"https:\/\/fmp-components.com\/hu\/wp-json\/wp\/v2\/product_cat?post=3232"},{"taxonomy":"product_tag","embeddable":true,"href":"https:\/\/fmp-components.com\/hu\/wp-json\/wp\/v2\/product_tag?post=3232"}],"curies":[{"name":"munkaf\u00fczet","href":"https:\/\/api.w.org\/{rel}","templated":true}]}}