{"id":3189,"date":"2025-01-05T06:08:04","date_gmt":"2025-01-05T06:08:04","guid":{"rendered":"https:\/\/fmp-components.com\/?page_id=8"},"modified":"2026-03-31T07:29:18","modified_gmt":"2026-03-31T07:29:18","slug":"corn-header-gearbox-replacement-of-comer-code-m-767a","status":"publish","type":"product","link":"https:\/\/fmp-components.com\/hu\/product\/corn-header-gearbox-replacement-of-comer-code-m-767a\/","title":{"rendered":"Kukoricav\u00e1g\u00f3 adapter sebess\u00e9gv\u00e1lt\u00f3ja \u2013 Az M-767A k\u00f3d\u00fa Comer hajt\u00f3m\u0171 cser\u00e9je"},"content":{"rendered":"<h2>Kukorica adapter sebess\u00e9gv\u00e1lt\u00f3 M-767A specifik\u00e1ci\u00f3k<\/h2>\n<p><img loading=\"lazy\" decoding=\"async\" class=\"alignnone size-full wp-image-3190\" src=\"https:\/\/fmp-components.com\/wp-content\/uploads\/2025\/01\/corn-header-gearbox-m767a-specification.webp\" alt=\"kukorica-adapter-sebess\u00e9gv\u00e1lt\u00f3-m767a-specifik\u00e1ci\u00f3\" width=\"958\" height=\"577\" title=\"\" srcset=\"https:\/\/fmp-components.com\/wp-content\/uploads\/2025\/01\/corn-header-gearbox-m767a-specification.webp 958w, https:\/\/fmp-components.com\/wp-content\/uploads\/2025\/01\/corn-header-gearbox-m767a-specification-480x289.webp 480w\" sizes=\"(min-width: 0px) and (max-width: 480px) 480px, (min-width: 481px) 958px, 100vw\" \/><\/p>\n<table style=\"width: 93.4311%; height: 237px;\" border=\"1\">\n<tbody>\n<tr>\n<td style=\"width: 35.1675%;\"><strong>\u00e9n<\/strong><\/td>\n<td style=\"width: 64.1148%;\">1.6<\/td>\n<\/tr>\n<tr>\n<td style=\"width: 35.1675%;\"><strong>\u00c9<sub>1<\/sub>[fordulat]<\/strong><\/td>\n<td style=\"width: 64.1148%;\">540<\/td>\n<\/tr>\n<tr>\n<td style=\"width: 35.1675%;\"><strong>P<sub>1<\/sub>[kW]<\/strong><\/td>\n<td style=\"width: 64.1148%;\">44.1<\/td>\n<\/tr>\n<tr>\n<td style=\"width: 35.1675%;\"><strong>M<sub>2<\/sub>[Nm]<\/strong><\/td>\n<td style=\"width: 64.1148%;\">473<\/td>\n<\/tr>\n<tr>\n<td style=\"width: 35.1675%;\"><strong>X t\u00edpus\u00fa tengely<\/strong><\/td>\n<td style=\"width: 64.1148%;\">1\u201d 3\/8 Z6<\/td>\n<\/tr>\n<tr>\n<td style=\"width: 35.1675%;\"><strong>Z t\u00edpus\u00fa tengely<\/strong><\/td>\n<td style=\"width: 64.1148%;\">1\u201d 3\/8 Z6<\/td>\n<\/tr>\n<tr>\n<td style=\"width: 35.1675%;\"><strong>Bemenet<\/strong><\/td>\n<td style=\"width: 64.1148%;\">Z<\/td>\n<\/tr>\n<\/tbody>\n<\/table>\n<h2>A kukoricav\u00e1g\u00f3 hajt\u00f3m\u0171 karbantart\u00e1sa<\/h2>\n<p>A kukoricaadapter sebess\u00e9gv\u00e1lt\u00f3j\u00e1nak megfelel\u0151 karbantart\u00e1sa elengedhetetlen ahhoz, hogy a berendez\u00e9s hat\u00e9konyan m\u0171k\u00f6dj\u00f6n \u00e9s hossz\u00fa szezonon \u00e1t kitartson. A j\u00f3l karbantartott sebess\u00e9gv\u00e1lt\u00f3 jav\u00edtja a kukoricaadapter teljes\u00edtm\u00e9ny\u00e9t, cs\u00f6kkenti a meghib\u00e1sod\u00e1sok val\u00f3sz\u00edn\u0171s\u00e9g\u00e9t, \u00e9s meghosszabb\u00edtja a g\u00e9p \u00e9lettartam\u00e1t. Az al\u00e1bbiakban a kukoricaadapter sebess\u00e9gv\u00e1lt\u00f3j\u00e1nak optim\u00e1lis \u00fczem\u00e1llapotban tart\u00e1s\u00e1hoz sz\u00fcks\u00e9ges legfontosabb karbantart\u00e1si gyakorlatokat ismertetj\u00fck.<\/p>\n<p><strong>1. Rendszeres ken\u00e9s \u00e9s olajcsere<\/strong><\/p>\n<ul>\n<li><strong>Ken\u00e9s:<\/strong> A kukoricacs\u0151t\u00f6r\u0151 sebess\u00e9gv\u00e1lt\u00f3i megfelel\u0151 ken\u00e9st ig\u00e9nyelnek a s\u00farl\u00f3d\u00e1s cs\u00f6kkent\u00e9se \u00e9s a bels\u0151 fogaskerekek \u00e9s csap\u00e1gyak k\u00f6z\u00f6tti kop\u00e1s megel\u0151z\u00e9se \u00e9rdek\u00e9ben. Rendszeresen ellen\u0151rizze az olajszintet, \u00e9s gondoskodjon a sebess\u00e9gv\u00e1lt\u00f3 megfelel\u0151 ken\u00e9s\u00e9r\u0151l.\n<ul>\n<li><strong>Olajszint ellen\u0151rz\u00e9se:<\/strong> Rendszeresen ellen\u0151rizze az olajszintet a sebess\u00e9gv\u00e1lt\u00f3ban, \u00e9s sz\u00fcks\u00e9g szerint t\u00f6ltse fel.<\/li>\n<li><strong>Olajmin\u0151s\u00e9g:<\/strong> Cser\u00e9lje ki az olajat, ha szennyez\u0151d\u00e9ssel szennyez\u0151dik, vagy ha a boml\u00e1s jeleit mutatja. Id\u0151vel az olaj elvesz\u00edtheti hat\u00e9konys\u00e1g\u00e1t, ami fokozott s\u00farl\u00f3d\u00e1shoz \u00e9s kop\u00e1shoz vezethet.<\/li>\n<li><strong>Haszn\u00e1lja a megfelel\u0151 olajat:<\/strong> A megfelel\u0151 teljes\u00edtm\u00e9ny biztos\u00edt\u00e1sa \u00e9rdek\u00e9ben mindig a gy\u00e1rt\u00f3 \u00e1ltal aj\u00e1nlott ken\u0151anyagot haszn\u00e1lja. A nem megfelel\u0151 olajt\u00edpus t\u00falmeleged\u00e9st vagy az alkatr\u00e9szek meghib\u00e1sod\u00e1s\u00e1t okozhatja.<\/li>\n<\/ul>\n<\/li>\n<li><strong>Olajcser\u00e9k:<\/strong> K\u00f6vesse a gy\u00e1rt\u00f3 \u00e1ltal aj\u00e1nlott olajcsere-intervallumokat, jellemz\u0151en 100-200 \u00fczem\u00f3ra ut\u00e1n. A r\u00e9gi olaj leereszt\u00e9se \u00e9s friss olajjal val\u00f3 cser\u00e9je seg\u00edt fenntartani a megfelel\u0151 ken\u00e9st \u00e9s meghosszabb\u00edtja a sebess\u00e9gv\u00e1lt\u00f3 \u00e9lettartam\u00e1t.<\/li>\n<\/ul>\n<p><strong>2. A kard\u00e1ntengely-csatlakoz\u00e1s ellen\u0151rz\u00e9se \u00e9s karbantart\u00e1sa<\/strong><\/p>\n<p>A teljes\u00edtm\u00e9nylead\u00f3 tengely (TLT) felel\u0151s a traktor \u00e9s a kukoricaadapter sebess\u00e9gv\u00e1lt\u00f3ja k\u00f6z\u00f6tti er\u0151\u00e1tvitel\u00e9rt. A hib\u00e1san m\u0171k\u00f6d\u0151 TLT k\u00e1ros\u00edthatja a sebess\u00e9gv\u00e1lt\u00f3t, ez\u00e9rt elengedhetetlen a rendszeres ellen\u0151rz\u00e9se.<\/p>\n<ul>\n<li><strong>Kop\u00e1s \u00e9s elhaszn\u00e1l\u00f3d\u00e1s ellen\u0151rz\u00e9se:<\/strong> Vizsg\u00e1lja meg a kard\u00e1ntengelyt kop\u00e1s vagy s\u00e9r\u00fcl\u00e9s jelei szempontj\u00e1b\u00f3l, bele\u00e9rtve a reped\u00e9seket, g\u00f6rb\u00fcleteket vagy t\u00f6r\u00f6tt alkatr\u00e9szeket. Azonnal cser\u00e9lje ki a s\u00e9r\u00fclt alkatr\u00e9szeket.<\/li>\n<li><strong>Kenje meg a kard\u00e1ntengelyt:<\/strong> Rendszeresen zs\u00edrozza meg a kard\u00e1ntengelyt a sima m\u0171k\u00f6d\u00e9s biztos\u00edt\u00e1sa \u00e9s a rozsda vagy korr\u00f3zi\u00f3 megel\u0151z\u00e9se \u00e9rdek\u00e9ben. Ford\u00edtson figyelmet a kard\u00e1ncsukl\u00f3kra \u00e9s a cs\u00fasz\u00f3 r\u00e9szekre.<\/li>\n<li><strong>Megfelel\u0151 igaz\u00edt\u00e1s:<\/strong> Gy\u0151z\u0151dj\u00f6n meg arr\u00f3l, hogy a kard\u00e1ntengely megfelel\u0151en illeszkedik a sebess\u00e9gv\u00e1lt\u00f3 bemen\u0151 tengely\u00e9hez. A rossz be\u00e1ll\u00edt\u00e1s t\u00falzott terhel\u00e9st okozhat a sebess\u00e9gv\u00e1lt\u00f3n \u00e9s a kard\u00e1ntengelyen, ami id\u0151 el\u0151tti kop\u00e1shoz vezethet.<\/li>\n<\/ul>\n<p><strong>3. Tiszt\u00edtsa meg a sebess\u00e9gv\u00e1lt\u00f3t \u00e9s a k\u00fcls\u0151 alkatr\u00e9szeket<\/strong><\/p>\n<p>A szennyez\u0151d\u00e9s, t\u00f6rmel\u00e9k \u00e9s n\u00f6v\u00e9nyi maradv\u00e1nyok felhalmoz\u00f3dhatnak a sebess\u00e9gv\u00e1lt\u00f3 k\u00fcls\u0151 r\u00e9sz\u00e9n \u00e9s a k\u00f6rnyez\u0151 alkatr\u00e9szeken, ami t\u00falmeleged\u00e9shez vagy a szell\u0151z\u0151ny\u00edl\u00e1sok elz\u00e1r\u00f3d\u00e1s\u00e1hoz vezethet.<\/p>\n<ul>\n<li><strong>Tiszta sebess\u00e9gv\u00e1lt\u00f3:<\/strong> Rendszeresen tiszt\u00edtsa meg a sebess\u00e9gv\u00e1lt\u00f3 h\u00e1z\u00e1t a port\u00f3l, szennyez\u0151d\u00e9sekt\u0151l \u00e9s n\u00f6v\u00e9nyi maradv\u00e1nyokt\u00f3l. A nehezen el\u00e9rhet\u0151 ter\u00fcletek tiszt\u00edt\u00e1s\u00e1hoz haszn\u00e1ljon s\u0171r\u00edtett leveg\u0151t vagy puha kef\u00e9t.<\/li>\n<li><strong>Ellen\u0151rizze a szell\u0151z\u0151ny\u00edl\u00e1sokat \u00e9s a h\u0171t\u0151bord\u00e1kat:<\/strong> A megfelel\u0151 l\u00e9g\u00e1raml\u00e1s biztos\u00edt\u00e1sa \u00e9rdek\u00e9ben gy\u0151z\u0151dj\u00f6n meg arr\u00f3l, hogy a h\u0171t\u0151ny\u00edl\u00e1sok \u00e9s bord\u00e1k nincsenek elt\u00f6m\u0151dve. A t\u00falmeleged\u00e9s a sebess\u00e9gv\u00e1lt\u00f3 meghib\u00e1sod\u00e1s\u00e1hoz vezethet.<\/li>\n<li><strong>Ker\u00fclje a v\u00edzbe jut\u00e1st:<\/strong> Tiszt\u00edt\u00e1s ut\u00e1n \u00fcgyeljen arra, hogy ne ker\u00fclj\u00f6n v\u00edz a sebess\u00e9gv\u00e1lt\u00f3ba. A v\u00edzszennyez\u0151d\u00e9s korr\u00f3zi\u00f3t okozhat \u00e9s cs\u00f6kkentheti a ken\u00e9si hat\u00e9konys\u00e1got.<\/li>\n<\/ul>\n<p><strong>4. A sebess\u00e9gv\u00e1lt\u00f3 h\u0151m\u00e9rs\u00e9klet\u00e9nek figyel\u00e9se<\/strong><\/p>\n<p>A t\u00falmeleged\u00e9s a sebess\u00e9gv\u00e1lt\u00f3 meghib\u00e1sod\u00e1s\u00e1nak gyakori oka. \u00dczem k\u00f6zben mindig figyelje a sebess\u00e9gv\u00e1lt\u00f3 h\u0151m\u00e9rs\u00e9klet\u00e9t, k\u00fcl\u00f6n\u00f6sen nagy terhel\u00e9s eset\u00e9n.<\/p>\n<ul>\n<li><strong>T\u00falzott h\u0151s\u00e9g:<\/strong> Ha a sebess\u00e9gv\u00e1lt\u00f3 szokatlanul forr\u00f3v\u00e1 v\u00e1lik, az alacsony olajszintre, rossz ken\u00e9sre vagy t\u00falzott terhel\u00e9sre utalhat. A k\u00e1rosod\u00e1s megel\u0151z\u00e9se \u00e9rdek\u00e9ben azonnal foglalkozzon a probl\u00e9m\u00e1val.<\/li>\n<li><strong>H\u0171t\u0151rendszerek:<\/strong> N\u00e9h\u00e1ny kukoricacsutka v\u00e1lt\u00f3m\u0171 h\u0171t\u0151rendszerrel van felszerelve. Gy\u0151z\u0151dj\u00f6n meg arr\u00f3l, hogy ezek megfelel\u0151en m\u0171k\u00f6dnek, \u00e9s ellen\u0151rizze, hogy nincsenek-e elt\u00f6m\u0151d\u00e9sek vagy sziv\u00e1rg\u00e1sok a h\u0171t\u0151vezet\u00e9kekben.<\/li>\n<\/ul>\n<p><strong>5. Csavarok \u00e9s r\u00f6gz\u00edt\u0151elemek ellen\u0151rz\u00e9se \u00e9s megh\u00faz\u00e1sa<\/strong><\/p>\n<p>A sebess\u00e9gv\u00e1lt\u00f3 alkatr\u00e9szei id\u0151vel meglazulhatnak a m\u0171k\u00f6d\u00e9s k\u00f6zben fell\u00e9p\u0151 rezg\u00e9sek \u00e9s er\u0151k miatt. A laza csavarok vagy r\u00f6gz\u00edt\u0151k be\u00e1ll\u00edt\u00e1si hib\u00e1t, t\u00falzott kop\u00e1st, vagy ak\u00e1r a sebess\u00e9gv\u00e1lt\u00f3 teljes meghib\u00e1sod\u00e1s\u00e1t okozhatj\u00e1k.<\/p>\n<ul>\n<li><strong>Csavarok ellen\u0151rz\u00e9se:<\/strong> Rendszeresen ellen\u0151rizze a sebess\u00e9gv\u00e1lt\u00f3 \u00f6sszes csavarj\u00e1t \u00e9s r\u00f6gz\u00edt\u0151elem\u00e9t, k\u00fcl\u00f6n\u00f6sen a be- \u00e9s kimen\u0151 tengelyek k\u00f6r\u00fcl.<\/li>\n<li><strong>Sz\u00fcks\u00e9g szerint h\u00fazza meg:<\/strong> H\u00fazza meg a laza csavarokat \u00e9s r\u00f6gz\u00edt\u0151ket, hogy minden alkatr\u00e9sz biztosan a hely\u00e9n legyen. Ez seg\u00edt megel\u0151zni a sz\u00fcks\u00e9gtelen rezg\u00e9seket is, amelyek id\u0151vel k\u00e1rt okozhatnak.<\/li>\n<\/ul>\n<p>A kukoricaadapter sebess\u00e9gv\u00e1lt\u00f3j\u00e1nak rendszeres karbantart\u00e1sa elengedhetetlen az \u00e9lettartam\u00e1nak, teljes\u00edtm\u00e9ny\u00e9nek \u00e9s hat\u00e9konys\u00e1g\u00e1nak maximaliz\u00e1l\u00e1sa \u00e9rdek\u00e9ben. A megfelel\u0151 ken\u00e9si \u00fctemterv betart\u00e1s\u00e1val, a vizu\u00e1lis ellen\u0151rz\u00e9sek elv\u00e9gz\u00e9s\u00e9vel \u00e9s az esetleges probl\u00e9m\u00e1k azonnali kezel\u00e9s\u00e9vel biztos\u00edthatja, hogy a sebess\u00e9gv\u00e1lt\u00f3 z\u00f6kken\u0151mentesen m\u0171k\u00f6dj\u00f6n a betakar\u00edt\u00e1si szezonban. A sebess\u00e9gv\u00e1lt\u00f3 \u00e9s a kard\u00e1ntengely megfelel\u0151 gondoz\u00e1sa \u00e9s odafigyel\u00e9se cs\u00f6kkenti a k\u00f6lts\u00e9ges jav\u00edt\u00e1sok val\u00f3sz\u00edn\u0171s\u00e9g\u00e9t \u00e9s minimaliz\u00e1lja az \u00e1ll\u00e1sid\u0151t, \u00edgy a betakar\u00edt\u00e1s sor\u00e1n a termel\u00e9kenys\u00e9g maximaliz\u00e1l\u00e1s\u00e1ra koncentr\u00e1lhat.<\/p>\n<p><img loading=\"lazy\" decoding=\"async\" class=\"wp-image-3191 aligncenter\" src=\"https:\/\/fmp-components.com\/wp-content\/uploads\/2025\/01\/corn-header-gearbox-m767a1.webp\" alt=\"kukorica-adapter-sebess\u00e9gv\u00e1lt\u00f3-m767a-specifik\u00e1ci\u00f3\" width=\"780\" height=\"780\" title=\"\" srcset=\"https:\/\/fmp-components.com\/wp-content\/uploads\/2025\/01\/corn-header-gearbox-m767a1.webp 300w, https:\/\/fmp-components.com\/wp-content\/uploads\/2025\/01\/corn-header-gearbox-m767a1-150x150.webp 150w, https:\/\/fmp-components.com\/wp-content\/uploads\/2025\/01\/corn-header-gearbox-m767a1-12x12.webp 12w, https:\/\/fmp-components.com\/wp-content\/uploads\/2025\/01\/corn-header-gearbox-m767a1-100x100.webp 100w\" sizes=\"(max-width: 780px) 100vw, 780px\" \/><\/p>\n<h2>Az FMP-r\u0151l<\/h2>\n<p>Az olaszorsz\u00e1gi sz\u00e9khely\u0171 FMP vezet\u0151 gy\u00e1rt\u00f3, amely nagy teljes\u00edtm\u00e9ny\u0171 sebess\u00e9gv\u00e1lt\u00f3k tervez\u00e9s\u00e9re, fejleszt\u00e9s\u00e9re \u00e9s gy\u00e1rt\u00e1s\u00e1ra specializ\u00e1l\u00f3dott, els\u0151sorban a mez\u0151gazdas\u00e1gi g\u00e9pipar sz\u00e1m\u00e1ra. A prec\u00edzi\u00f3s m\u00e9rn\u00f6ki munk\u00e1r\u00f3l, innovat\u00edv megold\u00e1sokr\u00f3l \u00e9s \u00e1lland\u00f3 megb\u00edzhat\u00f3s\u00e1gr\u00f3l ismert FMP er\u0151s h\u00edrnevet \u00e9p\u00edtett ki, mint megb\u00edzhat\u00f3 partner mind a mez\u0151gazdas\u00e1gi, mind az ipari piacon. \u00c1tfog\u00f3 portf\u00f3li\u00f3nk mag\u00e1ban foglalja a f\u0171ny\u00edr\u00f3khoz, kard\u00e1ntengelyekhez \u00e9s egy\u00e9b alapvet\u0151 alkatr\u00e9szekhez k\u00e9sz\u00fclt, egyedi tervez\u00e9s\u0171 sebess\u00e9gv\u00e1lt\u00f3kat, amelyek mindegyike a k\u00fcl\u00f6nf\u00e9le alkalmaz\u00e1sok speci\u00e1lis ig\u00e9nyeinek kiel\u00e9g\u00edt\u00e9s\u00e9re szolg\u00e1l.<\/p>\n<p>Az FMP-n\u00e9l meg\u00e9rtj\u00fck, hogy minden \u00fcgyf\u00e9l egyedi kih\u00edv\u00e1sokkal n\u00e9z szembe. Ez arra \u00f6szt\u00f6n\u00f6z minket, hogy szem\u00e9lyre szabott megold\u00e1sokat ny\u00fajtsunk, legyen sz\u00f3 ak\u00e1r egyedi komponensekr\u0151l, ak\u00e1r teljesen integr\u00e1lt rendszerekr\u0151l. \u00dcgyfeleinkkel szorosan egy\u00fcttm\u0171k\u00f6dve biztos\u00edtjuk, hogy minden megold\u00e1s megfeleljen ig\u00e9nyeiknek, mik\u00f6zben optimaliz\u00e1lja a teljes\u00edtm\u00e9nyt \u00e9s maximaliz\u00e1lja az \u00e9rt\u00e9ket. Az id\u0151ben t\u00f6rt\u00e9n\u0151, professzion\u00e1lis v\u00e1laszok \u00e9s a szak\u00e9rt\u0151i \u00fatmutat\u00e1s ir\u00e1nti elk\u00f6telezetts\u00e9g\u00fcnk biztos\u00edtja, hogy minden megkeres\u00e9st prec\u00edzen kezelj\u00fcnk, optim\u00e1lis eredm\u00e9nyeket \u00e9rve el.<\/p>\n<p>A teljes term\u00e9kfejleszt\u00e9si folyamat sor\u00e1n kiemelt fontoss\u00e1g\u00fanak tartjuk az \u00e1tl\u00e1that\u00f3, folyamatos kommunik\u00e1ci\u00f3t. Elk\u00f6telezett csapatunk szorosan egy\u00fcttm\u0171k\u00f6dik \u00fcgyfeleinkkel, hogy teljes m\u00e9rt\u00e9kben meg\u00e9rtse ig\u00e9nyeiket, \u00e9rt\u00e9kes betekint\u00e9st \u00e9s aj\u00e1nl\u00e1sokat k\u00edn\u00e1lva a legjobb eredm\u00e9nyek el\u00e9r\u00e9se \u00e9rdek\u00e9ben. Ak\u00e1r innovat\u00edv term\u00e9keket tervez, ak\u00e1r rutinmegrendel\u00e9seket teljes\u00edt, az FMP elk\u00f6telezett amellett, hogy minden alkalommal kiv\u00e1l\u00f3 min\u0151s\u00e9g\u0171, prec\u00edzi\u00f3san megtervezett megold\u00e1sokat sz\u00e1ll\u00edtson id\u0151ben. C\u00e9lunk, hogy fel\u00fclm\u00faljuk \u00fcgyfeleink elv\u00e1r\u00e1sait, \u00e9s minden projekt sor\u00e1n kiv\u00e9teles szolg\u00e1ltat\u00e1st ny\u00fajtsunk.<\/p>\n<p>Az FMP m\u0171k\u00f6d\u00e9s\u00e9nek k\u00f6z\u00e9ppontj\u00e1ban a min\u0151s\u00e9g ir\u00e1nti rend\u00edthetetlen elk\u00f6telezetts\u00e9g \u00e1ll. A legmagasabb gy\u00e1rt\u00e1si szabv\u00e1nyokat \u00e9s a szigor\u00fa min\u0151s\u00e9gellen\u0151rz\u00e9si folyamatokat k\u00f6vetj\u00fck annak biztos\u00edt\u00e1sa \u00e9rdek\u00e9ben, hogy minden term\u00e9k\u00fcnk meghaladja az ipar\u00e1gi szabv\u00e1nyokat. Ez a kiv\u00e1l\u00f3s\u00e1g ir\u00e1nti elk\u00f6telezetts\u00e9g, az integrit\u00e1s, a csapatmunka \u00e9s a kitart\u00e1s \u00e9rt\u00e9keinkkel p\u00e1rosulva lehet\u0151v\u00e9 tette sz\u00e1munkra, hogy hossz\u00fa t\u00e1v\u00fa, bizalmon alapul\u00f3 kapcsolatokat \u00e9p\u00edts\u00fcnk ki \u00fcgyfeleinkkel vil\u00e1gszerte k\u00f6zel 30 orsz\u00e1gban.<\/p>\n<p>Az FMP elk\u00f6telezett a glob\u00e1lis partners\u00e9gek \u00e1pol\u00e1sa ir\u00e1nt szak\u00e9rt\u0151i tan\u00e1csokkal \u00e9s testreszabott megold\u00e1sokkal, amelyek megfelelnek \u00fcgyfeleink v\u00e1ltoz\u00f3 ig\u00e9nyeinek. C\u00e9lunk hossz\u00fa t\u00e1v\u00fa, k\u00f6lcs\u00f6n\u00f6sen el\u0151ny\u00f6s kapcsolatok ki\u00e9p\u00edt\u00e9se, amelyek hozz\u00e1j\u00e1rulnak minden projekt siker\u00e9hez. Ak\u00e1r innovat\u00edv megold\u00e1sokra van sz\u00fcks\u00e9ge egy \u00faj kezdem\u00e9nyez\u00e9shez, ak\u00e1r folyamatos t\u00e1mogat\u00e1sra egy megl\u00e9v\u0151 rendszerhez, az FMP itt van, hogy seg\u00edtsen lek\u00fczdeni a technikai kih\u00edv\u00e1sokat \u00e9s biztos\u00edtsa a folyamatos sikert.<\/p>\n<p><img loading=\"lazy\" decoding=\"async\" class=\"alignnone wp-image-2695\" src=\"https:\/\/fmp-components.com\/wp-content\/uploads\/2025\/01\/agricultural-gearbox3.webp\" alt=\"mez\u0151gazdas\u00e1gi sebess\u00e9gv\u00e1lt\u00f3\" width=\"1140\" height=\"1138\" title=\"\" srcset=\"https:\/\/fmp-components.com\/wp-content\/uploads\/2025\/01\/agricultural-gearbox3.webp 1140w, https:\/\/fmp-components.com\/wp-content\/uploads\/2025\/01\/agricultural-gearbox3-480x479.webp 480w\" sizes=\"(min-width: 0px) and (max-width: 480px) 480px, (min-width: 481px) 1140px, 100vw\" \/><\/p>\n<p>Szerz\u0151: CX<\/p>","protected":false},"excerpt":{"rendered":"<p>Corn Header Gearbox M-767A Specifications i 1.6 N1[rpm] 540 P1[kW] 44.1 M2[Nm] 473 Shaft Type X 1&#8221; 3\/8 Z6 Shaft Type Z 1&#8221; 3\/8 Z6 Input Z Maintenance of Corn Header Gearbox Proper maintenance of the corn header gearbox is essential to ensure the equipment operates efficiently and lasts for many seasons. A well-maintained gearbox [&hellip;]<\/p>","protected":false},"featured_media":3191,"comment_status":"open","ping_status":"closed","template":"","meta":{"_et_pb_use_builder":"","_et_pb_old_content":"","_et_gb_content_width":""},"product_brand":[],"product_cat":[77],"product_tag":[],"class_list":{"0":"post-3189","1":"product","2":"type-product","3":"status-publish","4":"has-post-thumbnail","6":"product_cat-corn-headers-gearbox","8":"first","9":"instock","10":"shipping-taxable","11":"product-type-simple"},"_links":{"self":[{"href":"https:\/\/fmp-components.com\/hu\/wp-json\/wp\/v2\/product\/3189","targetHints":{"allow":["GET"]}}],"collection":[{"href":"https:\/\/fmp-components.com\/hu\/wp-json\/wp\/v2\/product"}],"about":[{"href":"https:\/\/fmp-components.com\/hu\/wp-json\/wp\/v2\/types\/product"}],"replies":[{"embeddable":true,"href":"https:\/\/fmp-components.com\/hu\/wp-json\/wp\/v2\/comments?post=3189"}],"wp:featuredmedia":[{"embeddable":true,"href":"https:\/\/fmp-components.com\/hu\/wp-json\/wp\/v2\/media\/3191"}],"wp:attachment":[{"href":"https:\/\/fmp-components.com\/hu\/wp-json\/wp\/v2\/media?parent=3189"}],"wp:term":[{"taxonomy":"product_brand","embeddable":true,"href":"https:\/\/fmp-components.com\/hu\/wp-json\/wp\/v2\/product_brand?post=3189"},{"taxonomy":"product_cat","embeddable":true,"href":"https:\/\/fmp-components.com\/hu\/wp-json\/wp\/v2\/product_cat?post=3189"},{"taxonomy":"product_tag","embeddable":true,"href":"https:\/\/fmp-components.com\/hu\/wp-json\/wp\/v2\/product_tag?post=3189"}],"curies":[{"name":"munkaf\u00fczet","href":"https:\/\/api.w.org\/{rel}","templated":true}]}}