{"id":3185,"date":"2025-01-05T05:56:59","date_gmt":"2025-01-05T05:56:59","guid":{"rendered":"https:\/\/fmp-components.com\/?page_id=8"},"modified":"2025-01-06T02:16:30","modified_gmt":"2025-01-06T02:16:30","slug":"corn-header-gearbox-replacement-of-comer-code-t-304a","status":"publish","type":"product","link":"https:\/\/fmp-components.com\/hu\/product\/corn-header-gearbox-replacement-of-comer-code-t-304a\/","title":{"rendered":"Kukoricav\u00e1g\u00f3 adapter sebess\u00e9gv\u00e1lt\u00f3ja \u2013 Comer T-304A k\u00f3d\u00fa hajt\u00f3m\u0171 cser\u00e9je"},"content":{"rendered":"<h2>A T-304A kukoricav\u00e1g\u00f3 hajt\u00f3m\u0171 m\u0171szaki adatai<\/h2>\n<p><img loading=\"lazy\" decoding=\"async\" class=\"alignnone size-full wp-image-3187\" src=\"https:\/\/fmp-components.com\/wp-content\/uploads\/2025\/01\/corn-header-gearbox-specification-t304a.webp\" alt=\"kukorica-adapter-sebess\u00e9gv\u00e1lt\u00f3-specifik\u00e1ci\u00f3-t304a\" width=\"971\" height=\"483\" title=\"\" srcset=\"https:\/\/fmp-components.com\/wp-content\/uploads\/2025\/01\/corn-header-gearbox-specification-t304a.webp 971w, https:\/\/fmp-components.com\/wp-content\/uploads\/2025\/01\/corn-header-gearbox-specification-t304a-480x239.webp 480w\" sizes=\"(min-width: 0px) and (max-width: 480px) 480px, (min-width: 481px) 971px, 100vw\" \/><\/p>\n<table class=\"kh-1xzm1su\" border=\"1\" data-intent=\"lists-product-attributes\" data-test-id=\"attributes-list\">\n<tbody class=\"kh-1ago99h\">\n<tr id=\"attProductDetails\" class=\"kh-bwvum6\" data-test-id=\"attribute-row\">\n<th class=\"kh-10oizfy\">Term\u00e9kadatok<\/th>\n<td class=\"kh-1f5nhat\">\n<ul>\n<li class=\"kh-16zd49f\">Minden sebess\u00e9gv\u00e1lt\u00f3 olaj n\u00e9lk\u00fcl ker\u00fcl kisz\u00e1ll\u00edt\u00e1sra.<\/li>\n<li class=\"kh-16zd49f\">Els\u0151 olajcsere 50-70 \u00fczem\u00f3ra ut\u00e1n, majd 500-700 \u00fczem\u00f3ra ut\u00e1n, vagy legal\u00e1bb \u00e9vente egyszer.<\/li>\n<li class=\"kh-16zd49f\">Elt\u00e9r\u0151 fordulatsz\u00e1m\u00fa teljes\u00edtm\u00e9ny\u00e9rt vegye fel vel\u00fcnk a kapcsolatot.<\/li>\n<\/ul>\n<\/td>\n<\/tr>\n<tr id=\"attApplicationRange\" class=\"kh-bwvum6\" data-test-id=\"attribute-row\">\n<th class=\"kh-10oizfy\">Alkalmaz\u00e1si tartom\u00e1ny<\/th>\n<td class=\"kh-1f5nhat\">\n<ul>\n<li class=\"kh-16zd49f\">K\u00fcl\u00f6nb\u00f6z\u0151 (mez\u0151gazdas\u00e1gi) alkalmaz\u00e1sok<\/li>\n<li class=\"kh-16zd49f\">F\u00far\u00f3f\u00far\u00f3<\/li>\n<\/ul>\n<\/td>\n<\/tr>\n<tr id=\"attConsistsOf\" class=\"kh-bwvum6\" data-test-id=\"attribute-row\">\n<th class=\"kh-10oizfy\">Tartalmaz<\/th>\n<td class=\"kh-1f5nhat\">\n<ul>\n<li class=\"kh-16zd49f\">Sebess\u00e9gv\u00e1lt\u00f3<\/li>\n<li class=\"kh-16zd49f\">Olaj n\u00e9lk\u00fcl<\/li>\n<\/ul>\n<\/td>\n<\/tr>\n<\/tbody>\n<\/table>\n<h2>A kukoricav\u00e1g\u00f3 hajt\u00f3m\u0171vek jellemz\u0151i<\/h2>\n<ol>\n<li><strong>Nagy nyomat\u00e9kkapacit\u00e1s<\/strong><br \/>\nA kukorica adapter sebess\u00e9gv\u00e1lt\u00f3i nagy nyomat\u00e9kterhel\u00e9sek kezel\u00e9s\u00e9re vannak tervezve, biztos\u00edtva a hat\u00e9kony er\u0151\u00e1tvitelt a traktorr\u00f3l a adapter mechanizmus\u00e1ra. Ez k\u00fcl\u00f6n\u00f6sen fontos a kukorica betakar\u00edt\u00e1sakor, mivel a sebess\u00e9gv\u00e1lt\u00f3nak ellen kell \u00e1llnia a term\u00e9s v\u00e1g\u00e1sa \u00e9s begy\u0171jt\u00e9se sor\u00e1n fell\u00e9p\u0151 mechanikai ig\u00e9nybev\u00e9telnek.<\/li>\n<li><strong>Tart\u00f3s konstrukci\u00f3<\/strong><br \/>\nA robusztus anyagokb\u00f3l, p\u00e9ld\u00e1ul kiv\u00e1l\u00f3 min\u0151s\u00e9g\u0171 ac\u00e9lb\u00f3l vagy \u00f6nt\u00f6ttvasb\u00f3l k\u00e9sz\u00fclt kukoricacs\u0151t\u00f6r\u0151-hajt\u00f3m\u0171veket tart\u00f3ss\u00e1gra \u00e9s hossz\u00fa \u00e9lettartamra tervezt\u00e9k. Ezek a sebess\u00e9gv\u00e1lt\u00f3k k\u00e9pesek nagy ig\u00e9nybev\u00e9tel\u0171 mez\u0151gazdas\u00e1gi k\u00f6rnyezetben is teljes\u00edteni, ellen\u00e1llva a zord id\u0151j\u00e1r\u00e1si k\u00f6r\u00fclm\u00e9nyeknek \u00e9s a hosszabb \u00fczem\u00f3r\u00e1knak.<\/li>\n<li><strong>Prec\u00edzi\u00f3s m\u00e9rn\u00f6ki munka<\/strong><br \/>\nA kukorica adapter sebess\u00e9gv\u00e1lt\u00f3it prec\u00edzen tervezt\u00e9k a sima \u00e9s megb\u00edzhat\u00f3 m\u0171k\u00f6d\u00e9s biztos\u00edt\u00e1sa \u00e9rdek\u00e9ben. A sebess\u00e9gv\u00e1lt\u00f3n bel\u00fcli fogaskerekek sz\u0171k t\u0171r\u00e9shat\u00e1rokkal k\u00e9sz\u00fclnek, cs\u00f6kkentve a s\u00farl\u00f3d\u00e1st \u00e9s n\u00f6velve a hat\u00e9konys\u00e1got, ami viszont jav\u00edtja a teljes betakar\u00edt\u00f3 rendszer teljes\u00edtm\u00e9ny\u00e9t.<\/li>\n<li><strong>Kompakt \u00e9s hat\u00e9kony kialak\u00edt\u00e1s<\/strong><br \/>\nEzek a sebess\u00e9gv\u00e1lt\u00f3k kompaktak, m\u00e9gis nagy teljes\u00edtm\u00e9ny\u0171ek, \u00edgy ide\u00e1lisak a kukoricabetakar\u00edt\u00f3 g\u00e9pekbe val\u00f3 integr\u00e1l\u00e1shoz, ahol korl\u00e1tozott a hely. Kis m\u00e9ret\u00fck ellen\u00e9re \u00fagy tervezt\u00e9k \u0151ket, hogy jelent\u0151s teljes\u00edtm\u00e9nyterhel\u00e9st kezeljenek, mik\u00f6zben meg\u0151rzik a m\u0171k\u00f6d\u00e9si hat\u00e9konys\u00e1got.<\/li>\n<li><strong>\u00c1tt\u00e9telek<\/strong><br \/>\nA kukoricav\u00e1g\u00f3 adapterek sebess\u00e9gv\u00e1lt\u00f3i jellemz\u0151en speci\u00e1lis, a kukorica betakar\u00edt\u00e1s\u00e1nak ig\u00e9nyeihez optimaliz\u00e1lt \u00e1tt\u00e9telekkel rendelkeznek. A megfelel\u0151 \u00e1tt\u00e9tel biztos\u00edtja a megfelel\u0151 sebess\u00e9get \u00e9s teljes\u00edtm\u00e9nyt a v\u00e1g\u00e1si \u00e9s begy\u0171jt\u00e9si m\u0171veletekhez, jav\u00edtva a adapter \u00e1ltal\u00e1nos termel\u00e9kenys\u00e9g\u00e9t \u00e9s teljes\u00edtm\u00e9ny\u00e9t.<\/li>\n<\/ol>\n<p>\u00d6sszefoglalva, a kard\u00e1ntengelyek alapvet\u0151 fontoss\u00e1g\u00fa alkatr\u00e9szek, amelyek \u00f6sszek\u00f6tik a traktort a kukoricaadapter sebess\u00e9gv\u00e1lt\u00f3j\u00e1val, lehet\u0151v\u00e9 t\u00e9ve a hat\u00e9kony er\u0151\u00e1tvitelt a betakar\u00edt\u00e1si folyamat sor\u00e1n. A megfelel\u0151 kard\u00e1ntengely megb\u00edzhat\u00f3, biztons\u00e1gos \u00e9s hat\u00e9kony m\u0171k\u00f6d\u00e9st biztos\u00edt, hozz\u00e1j\u00e1rulva a magasabb termel\u00e9kenys\u00e9ghez \u00e9s a cs\u00f6kkentett \u00e1ll\u00e1sid\u0151h\u00f6z a betakar\u00edt\u00e1s sor\u00e1n.<\/p>\n<p><img loading=\"lazy\" decoding=\"async\" class=\"wp-image-3186 aligncenter\" src=\"https:\/\/fmp-components.com\/wp-content\/uploads\/2025\/01\/corn-header-gearbox-t304a1.webp\" alt=\"kukorica-adapter-sebess\u00e9gv\u00e1lt\u00f3-t304a(1)\" width=\"576\" height=\"576\" title=\"\" srcset=\"https:\/\/fmp-components.com\/wp-content\/uploads\/2025\/01\/corn-header-gearbox-t304a1.webp 300w, https:\/\/fmp-components.com\/wp-content\/uploads\/2025\/01\/corn-header-gearbox-t304a1-150x150.webp 150w, https:\/\/fmp-components.com\/wp-content\/uploads\/2025\/01\/corn-header-gearbox-t304a1-12x12.webp 12w, https:\/\/fmp-components.com\/wp-content\/uploads\/2025\/01\/corn-header-gearbox-t304a1-100x100.webp 100w\" sizes=\"(max-width: 576px) 100vw, 576px\" \/><\/p>\n<h3><strong>Kard\u00e1ntengelyek kukorica adapter sebess\u00e9gv\u00e1lt\u00f3hoz<\/strong><\/h3>\n<p>A teljes\u00edtm\u00e9nylead\u00f3 tengelyek (PTO) kritikus fontoss\u00e1g\u00fa alkatr\u00e9szek, amelyek a mechanikai teljes\u00edtm\u00e9nyt a traktor motorj\u00e1t\u00f3l a kukoricaadapter sebess\u00e9gv\u00e1lt\u00f3j\u00e1hoz tov\u00e1bb\u00edtj\u00e1k. A teljes\u00edtm\u00e9nylead\u00f3 tengely \u00f6sszek\u00f6ti a traktor teljes\u00edtm\u00e9nylead\u00f3 tengely\u00e9t a kukoricaadapter sebess\u00e9gv\u00e1lt\u00f3j\u00e1val, lehet\u0151v\u00e9 t\u00e9ve az er\u0151 hat\u00e9kony \u00e1tvitel\u00e9t a v\u00e1g\u00f3- \u00e9s gy\u0171jt\u0151mechanizmusok meghajt\u00e1s\u00e1hoz. \u00cdme egy \u00e1ttekint\u00e9s a jellemz\u0151kr\u0151l \u00e9s a szempontokr\u00f3l a kukoricaadapter sebess\u00e9gv\u00e1lt\u00f3ihoz tartoz\u00f3 teljes\u00edtm\u00e9nylead\u00f3 tengelyek kiv\u00e1laszt\u00e1sakor:<\/p>\n<ol>\n<li><strong>Nagy nyomat\u00e9k\u00fa v\u00e1lt\u00f3<\/strong><br \/>\nA kukoricaadapterek sebess\u00e9gv\u00e1lt\u00f3inak kard\u00e1ntengelyeit \u00fagy tervezt\u00e9k, hogy nagy nyomat\u00e9kterhel\u00e9seket kezeljenek, amelyek a kukoricaadapter v\u00e1g\u00f3-, gy\u0171jt\u0151- \u00e9s cs\u00e9pl\u0151mechanizmusainak m\u0171k\u00f6dtet\u00e9s\u00e9hez sz\u00fcks\u00e9gesek. A tengelynek jelent\u0151s teljes\u00edtm\u00e9nyt kell \u00e1tvinnie a traktorr\u00f3l a sebess\u00e9gv\u00e1lt\u00f3ra, mik\u00f6zben meg\u0151rzi a sima m\u0171k\u00f6d\u00e9st.<\/li>\n<li><strong>Tart\u00f3ss\u00e1g \u00e9s szil\u00e1rds\u00e1g<\/strong><br \/>\nKiv\u00e1l\u00f3 min\u0151s\u00e9g\u0171 anyagokb\u00f3l, p\u00e9ld\u00e1ul nagy szil\u00e1rds\u00e1g\u00fa ac\u00e9lb\u00f3l vagy \u00f6tv\u00f6z\u00f6tt f\u00e9mekb\u0151l k\u00e9sz\u00fcltek, ezek a kard\u00e1ntengelyek hossz\u00fa \u00e9lettartamra tervezt\u00e9k \u0151ket. \u00dagy tervezt\u00e9k \u0151ket, hogy ellen\u00e1lljanak a kop\u00e1snak \u00e9s elhaszn\u00e1l\u00f3d\u00e1snak a mez\u0151gazdas\u00e1gi g\u00e9pek nagy ig\u00e9nybev\u00e9tele alatt, biztos\u00edtva a hossz\u00fa \u00e9lettartamot.<\/li>\n<li><strong>Univerz\u00e1lis kompatibilit\u00e1s<\/strong><br \/>\nA kukoricaadapterek hajt\u00f3m\u0171veinek kard\u00e1ntengelyei gyakran univerz\u00e1lis csatlakoz\u00e1sokkal vannak ell\u00e1tva, \u00edgy kompatibilisek a k\u00fcl\u00f6nf\u00e9le traktormodellekkel \u00e9s kukoricaadapter m\u00e1rk\u00e1kkal. Ez az alkalmazkod\u00f3k\u00e9pess\u00e9g biztos\u00edtja, hogy a kard\u00e1ntengely k\u00f6nnyen integr\u00e1lhat\u00f3 legyen k\u00fcl\u00f6nb\u00f6z\u0151 g\u00e9pekbe \u00e9s m\u0171k\u00f6d\u00e9si be\u00e1ll\u00edt\u00e1sokba.<\/li>\n<li><strong>Rugalmass\u00e1g \u00e9s \u00e1ll\u00edthat\u00f3s\u00e1g<\/strong><br \/>\nA kard\u00e1ntengelyek gyakran teleszk\u00f3pos r\u00e9szekkel vannak felszerelve, ami rugalmass\u00e1got \u00e9s k\u00f6nny\u0171 be\u00e1ll\u00edt\u00e1st biztos\u00edt. Ez a funkci\u00f3 lehet\u0151v\u00e9 teszi a kezel\u0151k sz\u00e1m\u00e1ra, hogy a tengely hossz\u00e1t a traktor \u00e9s a v\u00e1g\u00f3asztal k\u00f6z\u00f6tti k\u00fcl\u00f6nb\u00f6z\u0151 t\u00e1vols\u00e1gokhoz igaz\u00edts\u00e1k, megk\u00f6nny\u00edtve a megfelel\u0151 be\u00e1ll\u00edt\u00e1st \u00e9s cs\u00f6kkentve a tengelyre \u00e9s a sebess\u00e9gv\u00e1lt\u00f3ra nehezed\u0151 terhel\u00e9st.<\/li>\n<li><strong>Hat\u00e9kony energia\u00e1tvitel<\/strong><br \/>\nEzeket a tengelyeket \u00fagy tervezt\u00e9k, hogy minimaliz\u00e1lj\u00e1k az energiavesztes\u00e9get az er\u0151\u00e1tvitel sor\u00e1n. A j\u00f3l megtervezett kard\u00e1ntengely biztos\u00edtja, hogy a traktor motorj\u00e1b\u00f3l sz\u00e1rmaz\u00f3 maxim\u00e1lis teljes\u00edtm\u00e9ny hat\u00e9konyan ker\u00fclj\u00f6n \u00e1tvitelre a kukoricaadapter sebess\u00e9gv\u00e1lt\u00f3j\u00e1ba, jav\u00edtva a betakar\u00edt\u00e1si folyamat \u00e1ltal\u00e1nos hat\u00e9konys\u00e1g\u00e1t.<\/li>\n<\/ol>\n<p>\u00d6sszefoglalva, a kard\u00e1ntengelyek alapvet\u0151 fontoss\u00e1g\u00fa alkatr\u00e9szek, amelyek \u00f6sszek\u00f6tik a traktort a kukoricaadapter sebess\u00e9gv\u00e1lt\u00f3j\u00e1val, lehet\u0151v\u00e9 t\u00e9ve a hat\u00e9kony er\u0151\u00e1tvitelt a betakar\u00edt\u00e1si folyamat sor\u00e1n. A megfelel\u0151 kard\u00e1ntengely megb\u00edzhat\u00f3, biztons\u00e1gos \u00e9s hat\u00e9kony m\u0171k\u00f6d\u00e9st biztos\u00edt, hozz\u00e1j\u00e1rulva a magasabb termel\u00e9kenys\u00e9ghez \u00e9s a cs\u00f6kkentett \u00e1ll\u00e1sid\u0151h\u00f6z a betakar\u00edt\u00e1s sor\u00e1n.<\/p>\n<p><img loading=\"lazy\" decoding=\"async\" class=\"wp-image-3188 aligncenter\" src=\"https:\/\/fmp-components.com\/wp-content\/uploads\/2025\/01\/corn-header-gearbox-t304a-11.webp\" alt=\"kukorica-adapter-sebess\u00e9gv\u00e1lt\u00f3-t304a-1(1)\" width=\"690\" height=\"690\" title=\"\" srcset=\"https:\/\/fmp-components.com\/wp-content\/uploads\/2025\/01\/corn-header-gearbox-t304a-11.webp 300w, https:\/\/fmp-components.com\/wp-content\/uploads\/2025\/01\/corn-header-gearbox-t304a-11-150x150.webp 150w, https:\/\/fmp-components.com\/wp-content\/uploads\/2025\/01\/corn-header-gearbox-t304a-11-12x12.webp 12w, https:\/\/fmp-components.com\/wp-content\/uploads\/2025\/01\/corn-header-gearbox-t304a-11-100x100.webp 100w\" sizes=\"(max-width: 690px) 100vw, 690px\" \/><\/p>\n<h3>Az FMP-r\u0151l<\/h3>\n<p>Az olaszorsz\u00e1gi sz\u00e9khely\u0171 FMP egy kiemelked\u0151 gy\u00e1rt\u00f3, amely elismert szak\u00e9rtelm\u00e9r\u0151l ismert a nagy teljes\u00edtm\u00e9ny\u0171 sebess\u00e9gv\u00e1lt\u00f3k tervez\u00e9s\u00e9ben, fejleszt\u00e9s\u00e9ben \u00e9s gy\u00e1rt\u00e1s\u00e1ban, els\u0151sorban a mez\u0151gazdas\u00e1gi g\u00e9piparra \u00f6sszpontos\u00edtva. A prec\u00edzi\u00f3s m\u00e9rn\u00f6ki munk\u00e1r\u00f3l, innovat\u00edv megold\u00e1sair\u00f3l \u00e9s \u00e1lland\u00f3 megb\u00edzhat\u00f3s\u00e1g\u00e1r\u00f3l ismert FMP er\u0151s h\u00edrnevet szerzett mag\u00e1nak, mint megb\u00edzhat\u00f3 partner mind a mez\u0151gazdas\u00e1gi, mind az ipari piacokon. Soksz\u00edn\u0171 portf\u00f3li\u00f3nk mag\u00e1ban foglalja a f\u0171ny\u00edr\u00f3khoz, kard\u00e1ntengelyekhez \u00e9s sz\u00e1mos m\u00e1s kritikus alkatr\u00e9szhez k\u00e9sz\u00fclt, egyedi tervez\u00e9s\u0171 sebess\u00e9gv\u00e1lt\u00f3kat, amelyek mindegyik\u00e9t apr\u00f3l\u00e9kosan \u00fagy tervezt\u00fck, hogy megfeleljen a k\u00fcl\u00f6nb\u00f6z\u0151 alkalmaz\u00e1sok speci\u00e1lis ig\u00e9nyeinek.<\/p>\n<p>Az FMP-n\u00e9l felismerj\u00fck, hogy minden \u00fcgyf\u00e9l egyedi kih\u00edv\u00e1sokkal n\u00e9z szembe. Ez a meg\u00e9rt\u00e9s \u00f6szt\u00f6n\u00f6z minket az egyedi megold\u00e1sok sz\u00e1ll\u00edt\u00e1s\u00e1ra, legyen sz\u00f3 ak\u00e1r egyedi komponensekr\u0151l, ak\u00e1r teljesen integr\u00e1lt rendszerekr\u0151l. \u00dcgyfeleinkkel val\u00f3 szoros egy\u00fcttm\u0171k\u00f6d\u00e9s\u00fcnk r\u00e9v\u00e9n biztos\u00edtjuk, hogy minden megold\u00e1s ne csak az egyedi ig\u00e9nyeiket el\u00e9g\u00edtse ki, hanem optimaliz\u00e1lja a teljes\u00edtm\u00e9nyt \u00e9s maximaliz\u00e1lja az \u00e9rt\u00e9ket. Az id\u0151ben t\u00f6rt\u00e9n\u0151, professzion\u00e1lis v\u00e1laszok \u00e9s a szak\u00e9rt\u0151i \u00fatmutat\u00e1s ir\u00e1nti elk\u00f6telezetts\u00e9g\u00fcnk biztos\u00edtja, hogy minden megkeres\u00e9st prec\u00edzen kezelj\u00fcnk, k\u00f6vetkezetesen optim\u00e1lis eredm\u00e9nyeket \u00e9rve el.<\/p>\n<p>Nagy hangs\u00falyt fektet\u00fcnk az \u00e1tl\u00e1that\u00f3, folyamatos kommunik\u00e1ci\u00f3ra a teljes term\u00e9kfejleszt\u00e9si ciklus sor\u00e1n. Elk\u00f6telezett csapatunk szorosan egy\u00fcttm\u0171k\u00f6dik az \u00fcgyfelekkel, hogy teljes m\u00e9rt\u00e9kben meg\u00e9rtse ig\u00e9nyeiket, \u00e9s \u00e9rt\u00e9kes betekint\u00e9st \u00e9s aj\u00e1nl\u00e1sokat ny\u00fajtson a legjobb eredm\u00e9nyek el\u00e9r\u00e9se \u00e9rdek\u00e9ben. Ak\u00e1r \u00e9lvonalbeli term\u00e9keket tervez, ak\u00e1r rutinmegrendel\u00e9seket teljes\u00edt, az FMP elk\u00f6telezett amellett, hogy minden alkalommal kiv\u00e1l\u00f3 min\u0151s\u00e9g\u0171, prec\u00edzi\u00f3san megtervezett megold\u00e1sokat sz\u00e1ll\u00edtson id\u0151ben. C\u00e9lunk, hogy fel\u00fclm\u00faljuk \u00fcgyfeleink elv\u00e1r\u00e1sait, kiv\u00e9teles szolg\u00e1ltat\u00e1st \u00e9s eredm\u00e9nyeket ny\u00fajtva minden projekt sor\u00e1n.<\/p>\n<p>Az FMP m\u0171k\u00f6d\u00e9s\u00e9nek k\u00f6z\u00e9ppontj\u00e1ban a min\u0151s\u00e9g ir\u00e1nti rend\u00edthetetlen elk\u00f6telezetts\u00e9g \u00e1ll. A legmagasabb gy\u00e1rt\u00e1si szabv\u00e1nyokat tartjuk be, \u00e9s szigor\u00fa min\u0151s\u00e9gellen\u0151rz\u00e9si folyamatokat alkalmazunk annak biztos\u00edt\u00e1sa \u00e9rdek\u00e9ben, hogy minden term\u00e9k ne csak megfeleljen, hanem meghaladja az ipar\u00e1gi szabv\u00e1nyokat. Ez a kiv\u00e1l\u00f3s\u00e1gra val\u00f3 rend\u00edthetetlen \u00f6sszpontos\u00edt\u00e1s, valamint az integrit\u00e1s, a csapatmunka \u00e9s a kitart\u00e1s alapvet\u0151 \u00e9rt\u00e9kei lehet\u0151v\u00e9 tett\u00e9k sz\u00e1munkra, hogy hossz\u00fa t\u00e1v\u00fa, bizalmon alapul\u00f3 kapcsolatokat \u00e9p\u00edts\u00fcnk ki \u00fcgyfeleinkkel vil\u00e1gszerte k\u00f6zel 30 orsz\u00e1gban.<\/p>\n<p>Az FMP-n\u00e9l mindig arra t\u00f6reksz\u00fcnk, hogy glob\u00e1lis partners\u00e9geket \u00e1poljunk szak\u00e9rt\u0151i tan\u00e1csokkal \u00e9s testreszabott megold\u00e1sokkal, amelyek \u00fcgyfeleink folyamatosan v\u00e1ltoz\u00f3 ig\u00e9nyeit el\u00e9g\u00edtik ki. Hossz\u00fa t\u00e1v\u00fa, k\u00f6lcs\u00f6n\u00f6sen el\u0151ny\u00f6s kapcsolatok ki\u00e9p\u00edt\u00e9s\u00e9re t\u00f6reksz\u00fcnk, amelyek hozz\u00e1j\u00e1rulnak minden projekt siker\u00e9hez. Ak\u00e1r innovat\u00edv megold\u00e1sokat keres egy \u00faj kezdem\u00e9nyez\u00e9shez, ak\u00e1r folyamatos t\u00e1mogat\u00e1st egy megl\u00e9v\u0151 rendszerhez, az FMP k\u00e9szen \u00e1ll, hogy seg\u00edtsen lek\u00fczdeni a technikai kih\u00edv\u00e1sokat \u00e9s biztos\u00edtsa a folyamatos sikert.<\/p>\n<p><img loading=\"lazy\" decoding=\"async\" class=\"alignnone wp-image-2695\" src=\"https:\/\/fmp-components.com\/wp-content\/uploads\/2025\/01\/agricultural-gearbox3.webp\" alt=\"mez\u0151gazdas\u00e1gi sebess\u00e9gv\u00e1lt\u00f3\" width=\"1140\" height=\"1138\" title=\"\" srcset=\"https:\/\/fmp-components.com\/wp-content\/uploads\/2025\/01\/agricultural-gearbox3.webp 1140w, https:\/\/fmp-components.com\/wp-content\/uploads\/2025\/01\/agricultural-gearbox3-480x479.webp 480w\" sizes=\"(min-width: 0px) and (max-width: 480px) 480px, (min-width: 481px) 1140px, 100vw\" \/><\/p>\n<p>Szerz\u0151: CX<\/p>","protected":false},"excerpt":{"rendered":"<p>Specifications of Corn Header Gearbox T-304A Product details All gearboxes are supplied without oil. First oil change after 50-70 operating hours, then after 500-700 operating hours or at least once a year. Contact us for power at a different RPM. Application range Various (agricultural) applications Hole borer Consists of Gearbox Without oil Characteristics of Corn [&hellip;]<\/p>","protected":false},"featured_media":3186,"comment_status":"open","ping_status":"closed","template":"","meta":{"_et_pb_use_builder":"","_et_pb_old_content":"","_et_gb_content_width":""},"product_brand":[],"product_cat":[78],"product_tag":[],"class_list":{"0":"post-3185","1":"product","2":"type-product","3":"status-publish","4":"has-post-thumbnail","6":"product_cat-gearbox-for-agricultural-machinery","8":"first","9":"instock","10":"shipping-taxable","11":"product-type-simple"},"_links":{"self":[{"href":"https:\/\/fmp-components.com\/hu\/wp-json\/wp\/v2\/product\/3185","targetHints":{"allow":["GET"]}}],"collection":[{"href":"https:\/\/fmp-components.com\/hu\/wp-json\/wp\/v2\/product"}],"about":[{"href":"https:\/\/fmp-components.com\/hu\/wp-json\/wp\/v2\/types\/product"}],"replies":[{"embeddable":true,"href":"https:\/\/fmp-components.com\/hu\/wp-json\/wp\/v2\/comments?post=3185"}],"wp:featuredmedia":[{"embeddable":true,"href":"https:\/\/fmp-components.com\/hu\/wp-json\/wp\/v2\/media\/3186"}],"wp:attachment":[{"href":"https:\/\/fmp-components.com\/hu\/wp-json\/wp\/v2\/media?parent=3185"}],"wp:term":[{"taxonomy":"product_brand","embeddable":true,"href":"https:\/\/fmp-components.com\/hu\/wp-json\/wp\/v2\/product_brand?post=3185"},{"taxonomy":"product_cat","embeddable":true,"href":"https:\/\/fmp-components.com\/hu\/wp-json\/wp\/v2\/product_cat?post=3185"},{"taxonomy":"product_tag","embeddable":true,"href":"https:\/\/fmp-components.com\/hu\/wp-json\/wp\/v2\/product_tag?post=3185"}],"curies":[{"name":"munkaf\u00fczet","href":"https:\/\/api.w.org\/{rel}","templated":true}]}}