{"id":3178,"date":"2025-01-05T05:37:53","date_gmt":"2025-01-05T05:37:53","guid":{"rendered":"https:\/\/fmp-components.com\/?page_id=8"},"modified":"2025-01-05T05:37:53","modified_gmt":"2025-01-05T05:37:53","slug":"corn-header-gearbox-replacement-of-comer-code-n669-j","status":"publish","type":"product","link":"https:\/\/fmp-components.com\/hu\/product\/corn-header-gearbox-replacement-of-comer-code-n669-j\/","title":{"rendered":"Kukoricav\u00e1g\u00f3 adapter sebess\u00e9gv\u00e1lt\u00f3ja \u2013 N669-J k\u00f3d\u00fa Comer hajt\u00f3m\u0171 cser\u00e9je"},"content":{"rendered":"<h2>A kukoricav\u00e1g\u00f3 hajt\u00f3m\u0171 r\u00e9szletei<\/h2>\n<table style=\"width: 98.2981%; height: 363px;\" border=\"1\">\n<tbody>\n<tr>\n<td><strong><span class=\"attr-name J-attr-name\" title=\"Term\u00e9k neve\">Term\u00e9k neve:<\/span><\/strong><\/td>\n<td>Kukorica adapter sebess\u00e9gv\u00e1lt\u00f3<\/td>\n<\/tr>\n<tr>\n<td><strong><span class=\"attr-name J-attr-name\" title=\"Fogasker\u00e9k-elrendez\u00e9s\">Hajt\u00f3m\u0171 elrendez\u00e9s:<\/span><\/strong><\/td>\n<td>Ferde \/ G\u00e9rv\u00e1g\u00e1s<\/td>\n<\/tr>\n<tr>\n<td><strong><span class=\"attr-name J-attr-name\" title=\"Kimeneti nyomat\u00e9k\">Kimeneti nyomat\u00e9k:<\/span><\/strong><\/td>\n<td>rajzk\u00e9nt<\/td>\n<\/tr>\n<tr>\n<td><strong><span class=\"attr-name J-attr-name\" title=\"Bemeneti sebess\u00e9g\">Bemeneti sebess\u00e9g:<\/span><\/strong><\/td>\n<td>1000 fordulat\/perc<\/td>\n<\/tr>\n<tr>\n<td><strong><span class=\"attr-name J-attr-name\" title=\"Kimeneti sebess\u00e9g\">Kimeneti sebess\u00e9g:<\/span><\/strong><\/td>\n<td>rajzk\u00e9nt<\/td>\n<\/tr>\n<tr>\n<td><strong>Sz\u00edn:<\/strong><\/td>\n<td>\u00dcgyf\u00e9lk\u00e9r\u00e9sek<\/td>\n<\/tr>\n<tr>\n<td><strong><span class=\"attr-name J-attr-name\" title=\"S\u00faly\">S\u00faly:<\/span><\/strong><\/td>\n<td>82 kg<\/td>\n<\/tr>\n<tr>\n<td><strong><span class=\"attr-name J-attr-name\" title=\"l\u00e1ncker\u00e9k \u00e1tt\u00e9tele\">L\u00e1ncker\u00e9k \u00e1tt\u00e9tel:<\/span><\/strong><\/td>\n<td>1.91:1<\/td>\n<\/tr>\n<tr>\n<td><strong><span class=\"attr-name J-attr-name\" title=\"Sz\u00e1rh\u00faz\u00f3 henger ar\u00e1nya\">Sz\u00e1rh\u00faz\u00f3 henger ar\u00e1nya:<\/span><\/strong><\/td>\n<td>1:1.2<\/td>\n<\/tr>\n<tr>\n<td><strong><span class=\"attr-name J-attr-name\" title=\"Sz\u00e1rh\u00faz\u00f3 henger ar\u00e1nya\"><span class=\"attr-name J-attr-name\" title=\"Zaj\">Zaj:<\/span><\/span><\/strong><\/td>\n<td>Kevesebb, mint 92 dB zajszint 1 m\u00e9teres t\u00e1vols\u00e1gban a sebess\u00e9gv\u00e1lt\u00f3 el\u0151tt<\/td>\n<\/tr>\n<tr>\n<td><strong><span class=\"attr-name J-attr-name\" title=\"Sz\u00e1rh\u00faz\u00f3 henger ar\u00e1nya\"><span class=\"attr-name J-attr-name\" title=\"Alkalmaz\u00e1s\">Alkalmaz\u00e1s:<\/span><\/span><\/strong><\/td>\n<td>Kukorica betakar\u00edt\u00f3<\/td>\n<\/tr>\n<tr>\n<td><strong><span class=\"attr-name J-attr-name\" title=\"Sz\u00e1rmaz\u00e1si hely\">Sz\u00e1rmaz\u00e1si hely:<\/span><\/strong><\/td>\n<td>Olaszorsz\u00e1g<\/td>\n<\/tr>\n<\/tbody>\n<\/table>\n<h2 title=\"mint rajz\">A kukoricav\u00e1g\u00f3 hajt\u00f3m\u0171 specifik\u00e1ci\u00f3i<\/h2>\n<p><img loading=\"lazy\" decoding=\"async\" class=\"alignnone  wp-image-3179\" src=\"https:\/\/fmp-components.com\/wp-content\/uploads\/2025\/01\/corn-header-gearbox-N669J-specifications-1.webp\" alt=\"kukorica-adapter-sebess\u00e9gv\u00e1lt\u00f3-N669J-specifik\u00e1ci\u00f3k-1\" width=\"878\" height=\"549\" title=\"\" srcset=\"https:\/\/fmp-components.com\/wp-content\/uploads\/2025\/01\/corn-header-gearbox-N669J-specifications-1.webp 878w, https:\/\/fmp-components.com\/wp-content\/uploads\/2025\/01\/corn-header-gearbox-N669J-specifications-1-480x300.webp 480w\" sizes=\"(min-width: 0px) and (max-width: 480px) 480px, (min-width: 481px) 878px, 100vw\" \/><\/p>\n<p><img loading=\"lazy\" decoding=\"async\" class=\"alignnone  wp-image-3180\" src=\"https:\/\/fmp-components.com\/wp-content\/uploads\/2025\/01\/corn-header-gearbox-N669J-specifications-2.webp\" alt=\"kukorica-adapter-sebess\u00e9gv\u00e1lt\u00f3-N669J-specifik\u00e1ci\u00f3k-2\" width=\"884\" height=\"714\" title=\"\" srcset=\"https:\/\/fmp-components.com\/wp-content\/uploads\/2025\/01\/corn-header-gearbox-N669J-specifications-2.webp 884w, https:\/\/fmp-components.com\/wp-content\/uploads\/2025\/01\/corn-header-gearbox-N669J-specifications-2-480x388.webp 480w\" sizes=\"(min-width: 0px) and (max-width: 480px) 480px, (min-width: 481px) 884px, 100vw\" \/><\/p>\n<article class=\"w-full scroll-mb-[var(--thread-trailing-height,150px)] text-token-text-primary focus-visible:outline-2 focus-visible:outline-offset-[-4px]\" dir=\"auto\" data-testid=\"conversation-turn-146\" data-scroll-anchor=\"false\">\n<div class=\"m-auto text-base py-[18px] px-3 md:px-4 w-full md:px-5 lg:px-4 xl:px-5\">\n<div class=\"mx-auto flex flex-1 gap-4 text-base md:gap-5 lg:gap-6 md:max-w-3xl lg:max-w-[40rem] xl:max-w-[48rem]\">\n<div class=\"group\/conversation-turn relative flex w-full min-w-0 flex-col\">\n<div class=\"flex-col gap-1 md:gap-3\">\n<div class=\"flex max-w-full flex-col flex-grow\">\n<div class=\"min-h-8 text-message flex w-full flex-col items-end gap-2 whitespace-normal break-words text-start [.text-message+&amp;]:mt-5\" dir=\"auto\" data-message-author-role=\"user\" data-message-id=\"aaa23ba6-ebb0-4f57-b7bd-42c63bb0c8fa\">\n<div class=\"flex w-full flex-col gap-1 empty:hidden items-end rtl:items-start\">\n<div class=\"relative max-w-[var(--user-chat-width,70%)] rounded-3xl bg-token-message-surface px-5 py-2.5\">\n<h2 class=\"whitespace-pre-wrap\">A kukoricav\u00e1g\u00f3 hajt\u00f3m\u0171 jellemz\u0151i<\/h2>\n<\/div>\n<\/div>\n<\/div>\n<\/div>\n<\/div>\n<\/div>\n<\/div>\n<\/div>\n<\/article>\n<p>A kukoricaadapter sebess\u00e9gv\u00e1lt\u00f3ja a modern betakar\u00edt\u00f3 berendez\u00e9sek kritikus fontoss\u00e1g\u00fa alkatr\u00e9sze, amely felel\u0151s az er\u0151\u00e1tvitel\u00e9rt a kukoricaadapter k\u00fcl\u00f6nb\u00f6z\u0151 mechanizmusaihoz, p\u00e9ld\u00e1ul a gy\u0171jt\u0151l\u00e1ncokhoz, a csig\u00e1khoz \u00e9s a k\u00e9sekhez. A sebess\u00e9gv\u00e1lt\u00f3 kialak\u00edt\u00e1sa \u00e9s m\u0171k\u00f6d\u00e9se elengedhetetlen a kukoricabetakar\u00edt\u00e1si folyamat hat\u00e9konys\u00e1g\u00e1hoz \u00e9s megb\u00edzhat\u00f3s\u00e1g\u00e1hoz. \u00cdme a kukoricaadapter sebess\u00e9gv\u00e1lt\u00f3j\u00e1nak f\u0151bb jellemz\u0151i:<\/p>\n<p>1. <strong>Er\u0151\u00e1tvitel<\/strong><\/p>\n<ul>\n<li>A kukoricaadapter sebess\u00e9gv\u00e1lt\u00f3j\u00e1nak els\u0151dleges funkci\u00f3ja a mechanikai teljes\u00edtm\u00e9ny \u00e1tvitele a traktor kard\u00e1ntengely\u00e9r\u0151l a kukoricaadapter m\u0171k\u00f6d\u00e9si alkatr\u00e9szeire. A sebess\u00e9gv\u00e1lt\u00f3t nagy nyomat\u00e9kterhel\u00e9sek kezel\u00e9s\u00e9re tervezt\u00e9k, lehet\u0151v\u00e9 t\u00e9ve a adapter v\u00e1g\u00f3- \u00e9s gy\u0171jt\u0151mechanizmusainak z\u00f6kken\u0151mentes m\u0171k\u00f6d\u00e9s\u00e9t.<\/li>\n<\/ul>\n<p>2. <strong>Nagy nyomat\u00e9kkapacit\u00e1s<\/strong><\/p>\n<ul>\n<li>A kukorica betakar\u00edt\u00e1sa energiaig\u00e9nyes feladat, \u00e9s a sebess\u00e9gv\u00e1lt\u00f3nak k\u00e9pesnek kell lennie a kezel\u00e9s\u00e9re <strong>nagy nyomat\u00e9ker\u0151k<\/strong> meghib\u00e1sod\u00e1s n\u00e9lk\u00fcl. A kukoricaadapterek sebess\u00e9gv\u00e1lt\u00f3it kifejezetten \u00fagy tervezt\u00e9k, hogy ellen\u00e1lljanak ezeknek a nagy terhel\u00e9seknek, mik\u00f6zben hat\u00e9kony er\u0151eloszt\u00e1st biztos\u00edtanak az \u00f6sszes sz\u00fcks\u00e9ges alkatr\u00e9szhez.<\/li>\n<\/ul>\n<p>3. <strong>T\u00f6bbsz\u00f6r\u00f6s \u00e1tt\u00e9tel<\/strong><\/p>\n<ul>\n<li><strong>V\u00e1ltoztathat\u00f3 \u00e1tt\u00e9telek<\/strong> a kukoricaadapter sebess\u00e9gv\u00e1lt\u00f3j\u00e1nak kulcsfontoss\u00e1g\u00fa jellemz\u0151i. Ezek az \u00e1tt\u00e9telek lehet\u0151v\u00e9 teszik a kezel\u0151k sz\u00e1m\u00e1ra, hogy a terepviszonyok, a term\u00e9nyviszonyok \u00e9s az \u00fczemeltet\u00e9si k\u00f6vetelm\u00e9nyek alapj\u00e1n \u00e1ll\u00edts\u00e1k be az adapter alkatr\u00e9szeinek sebess\u00e9g\u00e9t \u00e9s teljes\u00edtm\u00e9ny\u00e9t. Az \u00e1tt\u00e9telek finomhangol\u00e1s\u00e1nak k\u00e9pess\u00e9ge seg\u00edt optimaliz\u00e1lni a teljes\u00edtm\u00e9nyt.<\/li>\n<\/ul>\n<p>4. <strong>Tart\u00f3ss\u00e1g \u00e9s robusztus konstrukci\u00f3<\/strong><\/p>\n<ul>\n<li>A kukoricacs\u0151t\u00f6r\u0151 sebess\u00e9gv\u00e1lt\u00f3it \u00fagy tervezt\u00e9k, hogy ellen\u00e1lljanak a mez\u0151gazdas\u00e1gi ter\u00fcleteken el\u0151fordul\u00f3 zord k\u00f6r\u00fclm\u00e9nyeknek. \u00dagy vannak kialak\u00edtva, hogy <strong>nagy szil\u00e1rds\u00e1g\u00fa anyagok<\/strong> p\u00e9ld\u00e1ul edzett ac\u00e9l, \u00e9s gyakran jellemz\u0151 r\u00e1juk <strong>korr\u00f3zi\u00f3\u00e1ll\u00f3 bevonatok<\/strong>Ez biztos\u00edtja, hogy m\u00e9g neh\u00e9z k\u00f6r\u00fclm\u00e9nyek k\u00f6z\u00f6tt is meg\u0151rizz\u00e9k tart\u00f3ss\u00e1gukat \u00e9s m\u0171k\u00f6d\u00e9si hat\u00e9konys\u00e1gukat.<\/li>\n<\/ul>\n<p>5. <strong>Kompakt \u00e9s helytakar\u00e9kos kialak\u00edt\u00e1s<\/strong><\/p>\n<ul>\n<li>A sebess\u00e9gv\u00e1lt\u00f3 jellemz\u0151en kompakt \u00e9s k\u00f6nny\u0171, \u00edgy k\u00f6nnyebben integr\u00e1lhat\u00f3 a kukoricaadapterbe, mik\u00f6zben helyet takar\u00edt meg. Ez a hat\u00e9kony kialak\u00edt\u00e1s seg\u00edt cs\u00f6kkenteni a g\u00e9p \u00f6sszt\u00f6meg\u00e9t, jav\u00edtja a man\u0151verezhet\u0151s\u00e9g\u00e9t \u00e9s cs\u00f6kkenti az \u00fczemanyag-fogyaszt\u00e1st \u00fczem k\u00f6zben.<\/li>\n<\/ul>\n<p>\u00d6sszefoglalva, a kukoricaadapter sebess\u00e9gv\u00e1lt\u00f3ja egy alapvet\u0151 alkatr\u00e9sz, amely lehet\u0151v\u00e9 teszi a kukoricaadapter z\u00f6kken\u0151mentes, hat\u00e9kony \u00e9s megb\u00edzhat\u00f3 m\u0171k\u00f6d\u00e9s\u00e9t. Nagy nyomat\u00e9kkapacit\u00e1s\u00e1val, tart\u00f3ss\u00e1g\u00e1val, k\u00f6nny\u0171 integr\u00e1ci\u00f3j\u00e1val \u00e9s alacsony karbantart\u00e1si ig\u00e9ny\u0171 kialak\u00edt\u00e1s\u00e1val a sebess\u00e9gv\u00e1lt\u00f3 optim\u00e1lis teljes\u00edtm\u00e9nyt biztos\u00edt betakar\u00edt\u00e1s k\u00f6zben, cs\u00f6kkentve az \u00e1ll\u00e1sid\u0151t \u00e9s n\u00f6velve a gazd\u00e1lkod\u00f3k termel\u00e9kenys\u00e9g\u00e9t.<\/p>\n<p><img loading=\"lazy\" decoding=\"async\" class=\"alignnone size-full wp-image-3182\" src=\"https:\/\/fmp-components.com\/wp-content\/uploads\/2025\/01\/corn-header-gearbox-N669J-41.webp\" alt=\"kukorica-adapter-sebess\u00e9gv\u00e1lt\u00f3-N669J-4(1)\" width=\"965\" height=\"444\" title=\"\" srcset=\"https:\/\/fmp-components.com\/wp-content\/uploads\/2025\/01\/corn-header-gearbox-N669J-41.webp 965w, https:\/\/fmp-components.com\/wp-content\/uploads\/2025\/01\/corn-header-gearbox-N669J-41-480x221.webp 480w\" sizes=\"(min-width: 0px) and (max-width: 480px) 480px, (min-width: 481px) 965px, 100vw\" \/><\/p>\n<article class=\"w-full scroll-mb-[var(--thread-trailing-height,150px)] text-token-text-primary focus-visible:outline-2 focus-visible:outline-offset-[-4px]\" dir=\"auto\" data-testid=\"conversation-turn-148\" data-scroll-anchor=\"false\">\n<div class=\"m-auto text-base py-[18px] px-3 md:px-4 w-full md:px-5 lg:px-4 xl:px-5\">\n<div class=\"mx-auto flex flex-1 gap-4 text-base md:gap-5 lg:gap-6 md:max-w-3xl lg:max-w-[40rem] xl:max-w-[48rem]\">\n<div class=\"group\/conversation-turn relative flex w-full min-w-0 flex-col\">\n<div class=\"flex-col gap-1 md:gap-3\">\n<div class=\"flex max-w-full flex-col flex-grow\">\n<div class=\"min-h-8 text-message flex w-full flex-col items-end gap-2 whitespace-normal break-words text-start [.text-message+&amp;]:mt-5\" dir=\"auto\" data-message-author-role=\"user\" data-message-id=\"aaa28861-7069-46a7-8873-87eb33aa5162\">\n<div class=\"flex w-full flex-col gap-1 empty:hidden items-end rtl:items-start\">\n<div class=\"relative max-w-[var(--user-chat-width,70%)] rounded-3xl bg-token-message-surface px-5 py-2.5\">\n<h2 class=\"whitespace-pre-wrap\">Kard\u00e1ntengely kukorica adapter sebess\u00e9gv\u00e1lt\u00f3hoz<\/h2>\n<div class=\"absolute bottom-0 right-full top-0 -mr-3.5 hidden pr-5 pt-1 [.group\\\/conversation-turn:hover_&amp;]:block\">\n<p>A teljes\u00edtm\u00e9nylead\u00f3 tengely (TLT) kulcsszerepet j\u00e1tszik a traktorr\u00f3l a kukoricaadapter sebess\u00e9gv\u00e1lt\u00f3j\u00e1ra t\u00f6rt\u00e9n\u0151 er\u0151\u00e1tvitelben, lehet\u0151v\u00e9 t\u00e9ve a k\u00fcl\u00f6nb\u00f6z\u0151 adapter-alkatr\u00e9szek, p\u00e9ld\u00e1ul a gy\u0171jt\u0151l\u00e1ncok, a csig\u00e1k \u00e9s a k\u00e9sek hat\u00e9kony m\u0171k\u00f6d\u00e9s\u00e9t. A teljes\u00edtm\u00e9nylead\u00f3 tengely \u00f6sszek\u00f6t\u0151 kapocsk\u00e9nt szolg\u00e1l a traktor motorja \u00e9s a g\u00e9p k\u00f6z\u00f6tt, a motor mechanikai erej\u00e9t a betakar\u00edt\u00e1shoz sz\u00fcks\u00e9ges \u00fczemi teljes\u00edtm\u00e9nyr\u00e9 alak\u00edtva.<\/p>\n<p>1. <strong>Er\u0151\u00e1tvitel<\/strong><\/p>\n<ul>\n<li>A kard\u00e1ntengely a f\u0151 eszk\u00f6z <strong>mechanikai er\u0151\u00e1tvitel<\/strong> a traktor motorj\u00e1t\u00f3l a kukoricaadapter sebess\u00e9gv\u00e1lt\u00f3j\u00e1ig. Ez az er\u0151 a adapter k\u00fcl\u00f6nb\u00f6z\u0151 alkatr\u00e9szeinek meghajt\u00e1s\u00e1ra szolg\u00e1l, biztos\u00edtva a z\u00f6kken\u0151mentes \u00e9s hat\u00e9kony betakar\u00edt\u00e1si m\u0171veleteket. \u00c1ltal\u00e1ban a traktor TLT kimenet\u00e9hez csatlakozik, \u00e9s egy tengelykapcsol\u00f3n vagy univerz\u00e1lis csatlakoz\u00e1son kereszt\u00fcl kapcsol\u00f3dik a sebess\u00e9gv\u00e1lt\u00f3hoz.<\/li>\n<\/ul>\n<p>2. <strong>Nagy nyomat\u00e9kkapacit\u00e1s<\/strong><\/p>\n<ul>\n<li>A kard\u00e1ntengelyt \u00fagy kell kialak\u00edtani, hogy megb\u00edrja <strong>magas nyomat\u00e9kszintek<\/strong>, k\u00fcl\u00f6n\u00f6sen neh\u00e9z betakar\u00edt\u00e1si k\u00f6r\u00fclm\u00e9nyek k\u00f6z\u00f6tt. A kard\u00e1ntengelyhez csatlakoztatott sebess\u00e9gv\u00e1lt\u00f3nak stabil \u00e9s megb\u00edzhat\u00f3 \u00e1ramforr\u00e1sra van sz\u00fcks\u00e9ge a kukoricaadapter nagy teherb\u00edr\u00e1s\u00fa alkatr\u00e9szeinek, p\u00e9ld\u00e1ul a csig\u00e1knak, a gy\u0171jt\u0151l\u00e1ncoknak \u00e9s a v\u00e1g\u00f3peng\u00e9knek a m\u0171k\u00f6dtet\u00e9s\u00e9hez.<\/li>\n<\/ul>\n<p>3. <strong>Tart\u00f3s konstrukci\u00f3<\/strong><\/p>\n<ul>\n<li><strong>Nagy teherb\u00edr\u00e1s\u00fa konstrukci\u00f3<\/strong> elengedhetetlen a kukoricacsutka hajt\u00f3m\u0171veiben haszn\u00e1lt kard\u00e1ntengelyekhez. Ezek a tengelyek jellemz\u0151en ebb\u0151l k\u00e9sz\u00fclnek: <strong>edzett ac\u00e9l<\/strong> vagy m\u00e1s nagy szil\u00e1rds\u00e1g\u00fa anyagokb\u00f3l k\u00e9sz\u00fclt, hogy ellen\u00e1lljon a folyamatos m\u0171k\u00f6d\u00e9s viszontags\u00e1gainak zord mez\u0151gazdas\u00e1gi k\u00f6rnyezetben. Ez biztos\u00edtja a hossz\u00fa t\u00e1v\u00fa tart\u00f3ss\u00e1got \u00e9s a megb\u00edzhat\u00f3 teljes\u00edtm\u00e9nyt kih\u00edv\u00e1st jelent\u0151 k\u00f6r\u00fclm\u00e9nyek k\u00f6z\u00f6tt.<\/li>\n<\/ul>\n<p><strong>4. Gyors \u00e9s egyszer\u0171 csatlakoz\u00e1s<\/strong><\/p>\n<ul>\n<li>A kukoricaadapterek sebess\u00e9gv\u00e1lt\u00f3inak kard\u00e1ntengelyeit \u00fagy tervezt\u00e9k, hogy a traktor \u00e9s a adapter k\u00f6nnyen csatlakoztathat\u00f3 \u00e9s lev\u00e1laszthat\u00f3 legyen. Ezt gyakran univerz\u00e1lis csatlakoz\u00e1ssal vagy gyorsz\u00e1ras mechanizmussal \u00e9rik el, amely lehet\u0151v\u00e9 teszi az egyszer\u0171 \u00e9s biztons\u00e1gos csatlakoztat\u00e1st \u00e9s lev\u00e1laszt\u00e1st speci\u00e1lis szersz\u00e1mok n\u00e9lk\u00fcl, \u00edgy id\u0151t takar\u00edt meg a be\u00e1ll\u00edt\u00e1s vagy a karbantart\u00e1s sor\u00e1n.<\/li>\n<\/ul>\n<p>5. <strong>\u00c1ll\u00edthat\u00f3 hossz\u00fas\u00e1g<\/strong><\/p>\n<ul>\n<li>N\u00e9h\u00e1ny kukoricaadapter sebess\u00e9gv\u00e1lt\u00f3j\u00e1nak kard\u00e1ntengelye \u00fagy van kialak\u00edtva, hogy <strong>\u00e1ll\u00edthat\u00f3 hossz\u00fas\u00e1g\u00fa<\/strong>, biztos\u00edtva a kompatibilit\u00e1st a k\u00fcl\u00f6nb\u00f6z\u0151 traktorokkal \u00e9s v\u00e1g\u00f3asztal-konfigur\u00e1ci\u00f3kkal. Ez az \u00e1ll\u00edthat\u00f3s\u00e1g biztos\u00edtja, hogy a kard\u00e1ntengely k\u00f6nnyen a k\u00edv\u00e1nt hossz\u00fas\u00e1ghoz igaz\u00edthat\u00f3 legyen, alkalmazkodva a k\u00fcl\u00f6nf\u00e9le berendez\u00e9sbe\u00e1ll\u00edt\u00e1sokhoz, \u00e9s cs\u00f6kkentve a mechanikai ig\u00e9nybev\u00e9tel vagy s\u00e9r\u00fcl\u00e9s kock\u00e1zat\u00e1t.<\/li>\n<\/ul>\n<p>A kard\u00e1ntengely a kukoricaadapterek sebess\u00e9gv\u00e1lt\u00f3inak er\u0151\u00e1tviteli rendszer\u00e9nek alapvet\u0151 eleme. Megb\u00edzhat\u00f3, hat\u00e9kony \u00e9s biztons\u00e1gos kapcsolatot biztos\u00edt a traktor \u00e9s a kukoricaadapter k\u00f6z\u00f6tt, biztos\u00edtva a teljes betakar\u00edt\u00f3rendszer z\u00f6kken\u0151mentes m\u0171k\u00f6d\u00e9s\u00e9t. A kard\u00e1ntengely megfelel\u0151 karbantart\u00e1sa \u00e9s id\u0151ben t\u00f6rt\u00e9n\u0151 cser\u00e9je n\u00f6velheti a m\u0171k\u00f6d\u00e9si hat\u00e9konys\u00e1got, cs\u00f6kkentheti az \u00e1ll\u00e1sid\u0151t \u00e9s meghosszabb\u00edthatja a berendez\u00e9s \u00e9lettartam\u00e1t.<\/p>\n<\/div>\n<\/div>\n<\/div>\n<\/div>\n<\/div>\n<\/div>\n<\/div>\n<\/div>\n<\/div>\n<\/article>\n<article class=\"w-full scroll-mb-[var(--thread-trailing-height,150px)] text-token-text-primary focus-visible:outline-2 focus-visible:outline-offset-[-4px]\" dir=\"auto\" data-testid=\"conversation-turn-149\" data-scroll-anchor=\"true\">\n<table style=\"border-collapse: collapse; width: 94.3906%; height: 48px;\" border=\"0\" width=\"128\" cellspacing=\"0\" cellpadding=\"0\">\n<tbody>\n<tr style=\"height: 13.8pt;\">\n<td style=\"height: 13.8pt; width: 48pt;\" align=\"right\" width=\"64\" height=\"18\"><img loading=\"lazy\" decoding=\"async\" class=\"alignnone size-full wp-image-3181\" src=\"https:\/\/fmp-components.com\/wp-content\/uploads\/2025\/01\/corn-header-gearbox-N669J-51.webp\" alt=\"kukorica-adapter-sebess\u00e9gv\u00e1lt\u00f3-N669J-5(1)\" width=\"500\" height=\"500\" title=\"\" srcset=\"https:\/\/fmp-components.com\/wp-content\/uploads\/2025\/01\/corn-header-gearbox-N669J-51.webp 500w, https:\/\/fmp-components.com\/wp-content\/uploads\/2025\/01\/corn-header-gearbox-N669J-51-480x480.webp 480w\" sizes=\"(min-width: 0px) and (max-width: 480px) 480px, (min-width: 481px) 500px, 100vw\" \/><\/td>\n<td style=\"width: 48pt;\" align=\"right\" width=\"64\"><img loading=\"lazy\" decoding=\"async\" class=\"alignnone size-full wp-image-3183\" src=\"https:\/\/fmp-components.com\/wp-content\/uploads\/2025\/01\/corn-header-gearbox-N669J1.webp\" alt=\"kukorica-adapter-sebess\u00e9gv\u00e1lt\u00f3-N669J(1)\" width=\"500\" height=\"500\" title=\"\" srcset=\"https:\/\/fmp-components.com\/wp-content\/uploads\/2025\/01\/corn-header-gearbox-N669J1.webp 500w, https:\/\/fmp-components.com\/wp-content\/uploads\/2025\/01\/corn-header-gearbox-N669J1-480x480.webp 480w\" sizes=\"(min-width: 0px) and (max-width: 480px) 480px, (min-width: 481px) 500px, 100vw\" \/><\/td>\n<\/tr>\n<\/tbody>\n<\/table>\n<h2>Az FMP-r\u0151l<\/h2>\n<p>Az olaszorsz\u00e1gi sz\u00e9khely\u0171 FMP vezet\u0151 gy\u00e1rt\u00f3, amely a mez\u0151gazdas\u00e1gi g\u00e9pek szektor\u00e1ra specializ\u00e1l\u00f3dott, nagy teljes\u00edtm\u00e9ny\u0171 sebess\u00e9gv\u00e1lt\u00f3k tervez\u00e9s\u00e9ben, fejleszt\u00e9s\u00e9ben \u00e9s gy\u00e1rt\u00e1s\u00e1ban szerzett szak\u00e9rtelm\u00e9r\u0151l ismert. A prec\u00edzi\u00f3s m\u00e9rn\u00f6ki munk\u00e1r\u00f3l, innovat\u00edv megold\u00e1sair\u00f3l \u00e9s rend\u00edthetetlen megb\u00edzhat\u00f3s\u00e1g\u00e1r\u00f3l ismert FMP megb\u00edzhat\u00f3 partnerk\u00e9nt szerzett h\u00edrnevet mind a mez\u0151gazdas\u00e1gi, mind az ipari piacokon. Soksz\u00edn\u0171 portf\u00f3li\u00f3nk mag\u00e1ban foglalja a f\u0171ny\u00edr\u00f3khoz k\u00e9sz\u00fclt egyedi tervez\u00e9s\u0171 sebess\u00e9gv\u00e1lt\u00f3kat, kard\u00e1ntengelyeket \u00e9s sz\u00e1mos alapvet\u0151 alkatr\u00e9szt, amelyek mindegyike apr\u00f3l\u00e9kosan kidolgozott, hogy megfeleljen a k\u00fcl\u00f6nf\u00e9le alkalmaz\u00e1sok egyedi ig\u00e9nyeinek.<\/p>\n<p>Az FMP-n\u00e9l felismerj\u00fck, hogy minden \u00fcgyf\u00e9l egyedi kih\u00edv\u00e1sokkal n\u00e9z szembe. Ez\u00e9rt kiv\u00e1l\u00f3an teljes\u00edt\u00fcnk a szem\u00e9lyre szabott megold\u00e1sok ny\u00fajt\u00e1s\u00e1ban, legyen sz\u00f3 ak\u00e1r egyedi komponensekr\u0151l, ak\u00e1r teljesen integr\u00e1lt rendszerekr\u0151l. \u00dcgyfeleinkkel szorosan egy\u00fcttm\u0171k\u00f6dve biztos\u00edtjuk, hogy minden megold\u00e1s ne csak az \u0151 egyedi ig\u00e9nyeiket el\u00e9g\u00edtse ki, hanem optimaliz\u00e1lja a teljes\u00edtm\u00e9nyt \u00e9s n\u00f6velje az \u00f6ssz\u00e9rt\u00e9ket. Elk\u00f6telezettek vagyunk a gyors reag\u00e1l\u00e1s\u00fa, professzion\u00e1lis szolg\u00e1ltat\u00e1s \u00e9s a szak\u00e9rt\u0151i \u00fatmutat\u00e1s ir\u00e1nt, \u00edgy minden megkeres\u00e9st prec\u00edzen kezel\u00fcnk, ami a lehet\u0151 legjobb eredm\u00e9nyekhez vezet.<\/p>\n<p>Nagy hangs\u00falyt fektet\u00fcnk az \u00e1tl\u00e1that\u00f3, folyamatos kommunik\u00e1ci\u00f3ra a teljes term\u00e9kfejleszt\u00e9si folyamat sor\u00e1n. Elk\u00f6telezett csapatunk szorosan egy\u00fcttm\u0171k\u00f6dik \u00fcgyfeleinkkel, hogy teljes m\u00e9rt\u00e9kben meg\u00e9rtse ig\u00e9nyeiket, \u00e9s \u00e1tfog\u00f3 aj\u00e1nl\u00e1sokat adjon az optim\u00e1lis eredm\u00e9nyek el\u00e9r\u00e9se \u00e9rdek\u00e9ben. Ak\u00e1r \u00e9lvonalbeli term\u00e9keket fejleszt\u00fcnk, ak\u00e1r rutinmegrendel\u00e9seket teljes\u00edt\u00fcnk, az FMP elk\u00f6telezett amellett, hogy minden alkalommal kiv\u00e1l\u00f3 min\u0151s\u00e9g\u0171, prec\u00edzi\u00f3san megtervezett megold\u00e1sokat sz\u00e1ll\u00edtson id\u0151ben. K\u00fcldet\u00e9s\u00fcnk, hogy minden projektben kiv\u00e9teles szolg\u00e1ltat\u00e1st \u00e9s kiemelked\u0151 eredm\u00e9nyeket ny\u00fajtva k\u00f6vetkezetesen fel\u00fclm\u00faljuk \u00fcgyfeleink elv\u00e1r\u00e1sait.<\/p>\n<p>Az FMP m\u0171k\u00f6d\u00e9s\u00e9nek k\u00f6z\u00e9ppontj\u00e1ban a min\u0151s\u00e9g ir\u00e1nti elk\u00f6telezetts\u00e9g \u00e1ll. A legmagasabb gy\u00e1rt\u00e1si szabv\u00e1nyokat tartjuk be, \u00e9s szigor\u00fa min\u0151s\u00e9gellen\u0151rz\u00e9si int\u00e9zked\u00e9seket alkalmazunk annak biztos\u00edt\u00e1sa \u00e9rdek\u00e9ben, hogy minden term\u00e9k ne csak megfeleljen, hanem meghaladja az ipar\u00e1gi szabv\u00e1nyokat. Ez a kiv\u00e1l\u00f3s\u00e1g ir\u00e1nti elk\u00f6telezetts\u00e9g, valamint az olyan alapvet\u0151 \u00e9rt\u00e9keink, mint az integrit\u00e1s, a csapatmunka \u00e9s a kitart\u00e1s, lehet\u0151v\u00e9 tette sz\u00e1munkra, hogy hossz\u00fa t\u00e1v\u00fa, bizalmon alapul\u00f3 kapcsolatokat \u00e9p\u00edts\u00fcnk ki \u00fcgyfeleinkkel vil\u00e1gszerte k\u00f6zel 30 orsz\u00e1gban.<\/p>\n<p>Az FMP mindig is sz\u00edvesen \u00e1polta a glob\u00e1lis partners\u00e9geket, szak\u00e9rt\u0151i tan\u00e1csokat \u00e9s szem\u00e9lyre szabott megold\u00e1sokat k\u00edn\u00e1lva, amelyek megfelelnek \u00fcgyfeleink v\u00e1ltoz\u00f3 ig\u00e9nyeinek. Elk\u00f6telezettek vagyunk a tart\u00f3s, k\u00f6lcs\u00f6n\u00f6sen el\u0151ny\u00f6s kapcsolatok ki\u00e9p\u00edt\u00e9se ir\u00e1nt, amelyek hozz\u00e1j\u00e1rulnak minden projekt siker\u00e9hez. Ak\u00e1r innovat\u00edv megold\u00e1sokat keres egy \u00faj kezdem\u00e9nyez\u00e9shez, ak\u00e1r folyamatos t\u00e1mogat\u00e1st egy megl\u00e9v\u0151 rendszerhez, az FMP itt van, hogy seg\u00edtsen lek\u00fczdeni a technikai kih\u00edv\u00e1sokat \u00e9s biztos\u00edtsa a folyamatos sikert.<\/p>\n<p><img loading=\"lazy\" decoding=\"async\" class=\"alignnone wp-image-2695\" src=\"https:\/\/fmp-components.com\/wp-content\/uploads\/2025\/01\/agricultural-gearbox3.webp\" alt=\"mez\u0151gazdas\u00e1gi sebess\u00e9gv\u00e1lt\u00f3\" width=\"1140\" height=\"1138\" title=\"\" srcset=\"https:\/\/fmp-components.com\/wp-content\/uploads\/2025\/01\/agricultural-gearbox3.webp 1140w, https:\/\/fmp-components.com\/wp-content\/uploads\/2025\/01\/agricultural-gearbox3-480x479.webp 480w\" sizes=\"(min-width: 0px) and (max-width: 480px) 480px, (min-width: 481px) 1140px, 100vw\" \/><\/p>\n<p>Szerz\u0151: CX<\/p>\n<\/article>","protected":false},"excerpt":{"rendered":"<p>Details of Corn Header Gearbox Product name: Corn header gearbox Gearing Arrangement: Bevel \/ Miter Output Torque: as drawing Input Speed: 1000rpm Output Speed: as drawing Color: Customer Requests Weight: 82kg Chain wheel ratio: 1.91:1 Stalk pulled roller ratio: 1:1.2 Noise: Less than 92db at 1-meter distance in front of the gearbox Application: Corn harvester [&hellip;]<\/p>","protected":false},"featured_media":3181,"comment_status":"open","ping_status":"closed","template":"","meta":{"_et_pb_use_builder":"","_et_pb_old_content":"","_et_gb_content_width":""},"product_brand":[],"product_cat":[76],"product_tag":[],"class_list":{"0":"post-3178","1":"product","2":"type-product","3":"status-publish","4":"has-post-thumbnail","6":"product_cat-gearbox-for-rotary-rakes","8":"first","9":"instock","10":"shipping-taxable","11":"product-type-simple"},"_links":{"self":[{"href":"https:\/\/fmp-components.com\/hu\/wp-json\/wp\/v2\/product\/3178","targetHints":{"allow":["GET"]}}],"collection":[{"href":"https:\/\/fmp-components.com\/hu\/wp-json\/wp\/v2\/product"}],"about":[{"href":"https:\/\/fmp-components.com\/hu\/wp-json\/wp\/v2\/types\/product"}],"replies":[{"embeddable":true,"href":"https:\/\/fmp-components.com\/hu\/wp-json\/wp\/v2\/comments?post=3178"}],"wp:featuredmedia":[{"embeddable":true,"href":"https:\/\/fmp-components.com\/hu\/wp-json\/wp\/v2\/media\/3181"}],"wp:attachment":[{"href":"https:\/\/fmp-components.com\/hu\/wp-json\/wp\/v2\/media?parent=3178"}],"wp:term":[{"taxonomy":"product_brand","embeddable":true,"href":"https:\/\/fmp-components.com\/hu\/wp-json\/wp\/v2\/product_brand?post=3178"},{"taxonomy":"product_cat","embeddable":true,"href":"https:\/\/fmp-components.com\/hu\/wp-json\/wp\/v2\/product_cat?post=3178"},{"taxonomy":"product_tag","embeddable":true,"href":"https:\/\/fmp-components.com\/hu\/wp-json\/wp\/v2\/product_tag?post=3178"}],"curies":[{"name":"munkaf\u00fczet","href":"https:\/\/api.w.org\/{rel}","templated":true}]}}