{"id":3123,"date":"2025-01-05T02:34:03","date_gmt":"2025-01-05T02:34:03","guid":{"rendered":"https:\/\/fmp-components.com\/?page_id=8"},"modified":"2025-01-05T02:37:15","modified_gmt":"2025-01-05T02:37:15","slug":"grain-transportation-gearbox-fmp-1001-for-agricultural-grain-transportation","status":"publish","type":"product","link":"https:\/\/fmp-components.com\/hu\/product\/grain-transportation-gearbox-fmp-1001-for-agricultural-grain-transportation\/","title":{"rendered":"Gabonasz\u00e1ll\u00edt\u00f3 sebess\u00e9gv\u00e1lt\u00f3 FMP-1001 mez\u0151gazdas\u00e1gi gabonasz\u00e1ll\u00edt\u00e1shoz"},"content":{"rendered":"<h2>Gabonasz\u00e1ll\u00edt\u00f3 sebess\u00e9gv\u00e1lt\u00f3 FMP-1001 m\u00e9ret<\/h2>\n<p><img loading=\"lazy\" decoding=\"async\" class=\"alignnone size-full wp-image-3127\" src=\"https:\/\/fmp-components.com\/wp-content\/uploads\/2025\/01\/Grain-Transportation-Gearbox-EP-1001-Dimensions.webp\" alt=\"Gabonasz\u00e1ll\u00edt\u00f3-hajt\u00f3m\u0171-EP-1001-M\u00e9retek\" width=\"891\" height=\"593\" title=\"\" srcset=\"https:\/\/fmp-components.com\/wp-content\/uploads\/2025\/01\/Grain-Transportation-Gearbox-EP-1001-Dimensions.webp 891w, https:\/\/fmp-components.com\/wp-content\/uploads\/2025\/01\/Grain-Transportation-Gearbox-EP-1001-Dimensions-480x319.webp 480w\" sizes=\"(min-width: 0px) and (max-width: 480px) 480px, (min-width: 481px) 891px, 100vw\" \/><\/p>\n<h2>Gabonasz\u00e1ll\u00edt\u00f3 sebess\u00e9gv\u00e1lt\u00f3 FMP-1001 specifik\u00e1ci\u00f3k<\/h2>\n<table border=\"1\" width=\"100%\" cellspacing=\"0\" cellpadding=\"0\">\n<tbody>\n<tr>\n<td>Term\u00e9k neve<\/td>\n<td>Gabonasz\u00e1ll\u00edt\u00f3 sebess\u00e9gv\u00e1lt\u00f3<\/td>\n<\/tr>\n<tr>\n<td>Modell<\/td>\n<td>EP-1001<\/td>\n<\/tr>\n<tr>\n<td>Sz\u00edn<\/td>\n<td>Testreszab\u00e1s<\/td>\n<\/tr>\n<tr>\n<td>Anyag<\/td>\n<td>HT250 h\u00e1zhoz, 20CrMnTi fogasker\u00e9ktengelyhez.<\/td>\n<\/tr>\n<tr>\n<td>Haszn\u00e1lt<\/td>\n<td>Gabonasz\u00e1ll\u00edt\u00e1s<\/td>\n<\/tr>\n<\/tbody>\n<\/table>\n<h3>Az FMP-1001 gabonasz\u00e1ll\u00edt\u00f3 sebess\u00e9gv\u00e1lt\u00f3 haszn\u00e1lat\u00e1nak el\u0151nyei<\/h3>\n<ol>\n<li><strong>Fokozott hat\u00e9konys\u00e1g<\/strong>Az FMP-1001 gabonasz\u00e1ll\u00edt\u00f3 sebess\u00e9gv\u00e1lt\u00f3t optim\u00e1lis er\u0151\u00e1tvitelre tervezt\u00e9k, biztos\u00edtva a sima \u00e9s hat\u00e9kony gabonamozgat\u00e1st. Nagy nyomat\u00e9kkapacit\u00e1sa lehet\u0151v\u00e9 teszi a hat\u00e9kony sz\u00e1ll\u00edt\u00e1st, cs\u00f6kkenti az \u00e1ll\u00e1sid\u0151t \u00e9s jav\u00edtja az \u00e1ltal\u00e1nos m\u0171k\u00f6d\u00e9si hat\u00e9konys\u00e1got.<\/li>\n<li><strong>Tart\u00f3s konstrukci\u00f3<\/strong>A robusztus anyagokb\u00f3l k\u00e9sz\u00fclt FMP-1001-et \u00fagy tervezt\u00e9k, hogy ellen\u00e1lljon a gabonasz\u00e1ll\u00edt\u00e1s sor\u00e1n gyakran el\u0151fordul\u00f3 zord munkak\u00f6r\u00fclm\u00e9nyeknek. Tart\u00f3s konstrukci\u00f3ja hossz\u00fa t\u00e1v\u00fa megb\u00edzhat\u00f3s\u00e1got biztos\u00edt, m\u00e9g nagy terhel\u00e9s alatt is, \u00edgy biztos\u00edtva az alacsony fenntart\u00e1si k\u00f6lts\u00e9geket.<\/li>\n<li><strong>Prec\u00edzi\u00f3s m\u00e9rn\u00f6ki munka<\/strong>A sebess\u00e9gv\u00e1lt\u00f3 apr\u00f3l\u00e9kosan \u00e9s prec\u00edzen lett kidolgozva, hogy garant\u00e1lja a gabonakezel\u0151 berendez\u00e9sekkel val\u00f3 z\u00f6kken\u0151mentes integr\u00e1ci\u00f3t. Ez biztos\u00edtja az optim\u00e1lis teljes\u00edtm\u00e9nyt, \u00e9s cs\u00f6kkenti a m\u0171k\u00f6d\u00e9st megzavar\u00f3 mechanikai probl\u00e9m\u00e1k val\u00f3sz\u00edn\u0171s\u00e9g\u00e9t.<\/li>\n<li><strong>Energiamegtakar\u00edt\u00e1s<\/strong>Az FMP-1001 hat\u00e9kony kialak\u00edt\u00e1sa seg\u00edt cs\u00f6kkenteni az energiafogyaszt\u00e1st, \u00edgy k\u00f6rnyezetbar\u00e1t v\u00e1laszt\u00e1s a gabonasz\u00e1ll\u00edt\u00f3 rendszerek sz\u00e1m\u00e1ra. Ez alacsonyabb \u00fczemeltet\u00e9si k\u00f6lts\u00e9geket \u00e9s kisebb k\u00f6rnyezeti l\u00e1bnyomot eredm\u00e9nyez.<\/li>\n<li><strong>Testreszabhat\u00f3 megold\u00e1sok<\/strong>Az FMP rugalmass\u00e1got k\u00edn\u00e1l az FMP-1001 speci\u00e1lis k\u00f6vetelm\u00e9nyekhez val\u00f3 igaz\u00edt\u00e1s\u00e1ban, testreszabott megold\u00e1sokat k\u00edn\u00e1lva, amelyek optimaliz\u00e1lj\u00e1k a sebess\u00e9gv\u00e1lt\u00f3 teljes\u00edtm\u00e9ny\u00e9t a k\u00fcl\u00f6nf\u00e9le gabonakezel\u00e9si \u00e9s sz\u00e1ll\u00edt\u00e1si ig\u00e9nyekhez.<\/li>\n<\/ol>\n<p><img loading=\"lazy\" decoding=\"async\" class=\"alignnone size-full wp-image-3128\" src=\"https:\/\/fmp-components.com\/wp-content\/uploads\/2025\/01\/Grain-Transportation-Gearbox-11.webp\" alt=\"Gabonasz\u00e1ll\u00edt\u00f3 sebess\u00e9gv\u00e1lt\u00f3-11\" width=\"1534\" height=\"1286\" title=\"\" srcset=\"https:\/\/fmp-components.com\/wp-content\/uploads\/2025\/01\/Grain-Transportation-Gearbox-11.webp 1534w, https:\/\/fmp-components.com\/wp-content\/uploads\/2025\/01\/Grain-Transportation-Gearbox-11-1280x1073.webp 1280w, https:\/\/fmp-components.com\/wp-content\/uploads\/2025\/01\/Grain-Transportation-Gearbox-11-980x822.webp 980w, https:\/\/fmp-components.com\/wp-content\/uploads\/2025\/01\/Grain-Transportation-Gearbox-11-480x402.webp 480w\" sizes=\"(min-width: 0px) and (max-width: 480px) 480px, (min-width: 481px) and (max-width: 980px) 980px, (min-width: 981px) and (max-width: 1280px) 1280px, (min-width: 1281px) 1534px, 100vw\" \/><\/p>\n<h3>Az FMP-1001 gabonasz\u00e1ll\u00edt\u00f3 sebess\u00e9gv\u00e1lt\u00f3 alkalmaz\u00e1sai<\/h3>\n<ol>\n<li><strong>Gabonasilv\u00e1torok<\/strong>Az FMP-1001 sebess\u00e9gv\u00e1lt\u00f3 ide\u00e1lis gabonafelvon\u00f3kban val\u00f3 haszn\u00e1latra, ahol megk\u00f6nny\u00edti a gabona emel\u00e9s\u00e9t \u00e9s sz\u00e1ll\u00edt\u00e1s\u00e1t az als\u00f3bb szintekr\u0151l a t\u00e1rol\u00f3sil\u00f3kba vagy feldolgoz\u00f3 ter\u00fcletekre, biztos\u00edtva a z\u00f6kken\u0151mentes \u00e9s hat\u00e9kony m\u0171k\u00f6d\u00e9st.<\/li>\n<li><strong>Sz\u00e1ll\u00edt\u00f3szalag-rendszerek<\/strong>A gabonasz\u00e1ll\u00edt\u00f3 rendszerekben haszn\u00e1lt FMP-1001 sebess\u00e9gv\u00e1lt\u00f3 seg\u00edti az \u00f6mlesztett gabon\u00e1k nagy t\u00e1vols\u00e1gokra t\u00f6rt\u00e9n\u0151 mozgat\u00e1s\u00e1t a gabonakezel\u0151 l\u00e9tes\u00edtm\u00e9nyekben, biztos\u00edtva az \u00e1lland\u00f3 \u00e9s megb\u00edzhat\u00f3 \u00e1raml\u00e1st.<\/li>\n<li><strong>Sil\u00f3 be- \u00e9s kirakod\u00e1s<\/strong>Az FMP-1001 sebess\u00e9gv\u00e1lt\u00f3 elengedhetetlen a sil\u00f3bet\u00f6lt\u0151 \u00e9s -kirakod\u00f3 rendszerek m\u0171k\u00f6dtet\u00e9s\u00e9hez, lehet\u0151v\u00e9 t\u00e9ve a gabona hat\u00e9kony \u00e9s minim\u00e1lis k\u00e1rosod\u00e1si kock\u00e1zattal t\u00f6rt\u00e9n\u0151 \u00e1trak\u00e1s\u00e1t a t\u00e1rol\u00f3sil\u00f3kba \u00e9s onnan.<\/li>\n<li><strong>Gabonasz\u00e1r\u00edt\u00f3k<\/strong>Gabonasz\u00e1r\u00edt\u00f3 rendszerekben az FMP-1001-et olyan sz\u00e1ll\u00edt\u00f3szalagok meghajt\u00e1s\u00e1ra haszn\u00e1lj\u00e1k, amelyek a gabon\u00e1t a sz\u00e1r\u00edt\u00f3egys\u00e9geken kereszt\u00fcl sz\u00e1ll\u00edtj\u00e1k, biztos\u00edtva a gabona megfelel\u0151 sz\u00e1r\u00edt\u00e1s\u00e1t \u00e9s a folyamaton kereszt\u00fcli mozgat\u00e1s\u00e1t.<\/li>\n<li><strong>Gabonasz\u00e1ll\u00edt\u00f3 teheraut\u00f3k<\/strong>A sebess\u00e9gv\u00e1lt\u00f3 integr\u00e1lhat\u00f3 gabonasz\u00e1ll\u00edt\u00f3 teheraut\u00f3kba vagy p\u00f3tkocsikba, n\u00f6velve a kirakod\u00f3rendszer teljes\u00edtm\u00e9ny\u00e9t \u00e9s hat\u00e9konyabb\u00e1 t\u00e9ve a sz\u00e1ll\u00edt\u00e1si folyamatot.<\/li>\n<\/ol>\n<p><img loading=\"lazy\" decoding=\"async\" class=\"alignnone size-full wp-image-3096\" src=\"https:\/\/fmp-components.com\/wp-content\/uploads\/2025\/01\/Grain-Storage-Gearbox-28.webp\" alt=\"Gabonat\u00e1rol\u00f3 hajt\u00f3m\u0171\" width=\"1200\" height=\"950\" title=\"\" srcset=\"https:\/\/fmp-components.com\/wp-content\/uploads\/2025\/01\/Grain-Storage-Gearbox-28.webp 1200w, https:\/\/fmp-components.com\/wp-content\/uploads\/2025\/01\/Grain-Storage-Gearbox-28-980x776.webp 980w, https:\/\/fmp-components.com\/wp-content\/uploads\/2025\/01\/Grain-Storage-Gearbox-28-480x380.webp 480w\" sizes=\"(min-width: 0px) and (max-width: 480px) 480px, (min-width: 481px) and (max-width: 980px) 980px, (min-width: 981px) 1200px, 100vw\" \/><\/p>\n<h3>Az FMP-r\u0151l<\/h3>\n<p>Az olaszorsz\u00e1gi sz\u00e9khely\u0171 FMP egy kiemelked\u0151 gy\u00e1rt\u00f3, amely a nagy teljes\u00edtm\u00e9ny\u0171 sebess\u00e9gv\u00e1lt\u00f3k tervez\u00e9s\u00e9ben, fejleszt\u00e9s\u00e9ben \u00e9s gy\u00e1rt\u00e1s\u00e1ban szerzett szak\u00e9rtelm\u00e9r\u0151l ismert, els\u0151sorban mez\u0151gazdas\u00e1gi g\u00e9pekre \u00f6sszpontos\u00edtva. A prec\u00edzi\u00f3s m\u00e9rn\u00f6ki munk\u00e1r\u00f3l, innovat\u00edv megold\u00e1sokr\u00f3l \u00e9s rend\u00edthetetlen megb\u00edzhat\u00f3s\u00e1gr\u00f3l ismert FMP megb\u00edzhat\u00f3 h\u00edrnevet szerzett mind a mez\u0151gazdas\u00e1gi, mind az ipari szektorban. Kiterjedt term\u00e9kportf\u00f3li\u00f3nk mag\u00e1ban foglalja a f\u0171ny\u00edr\u00f3khoz tervezett egyedi sebess\u00e9gv\u00e1lt\u00f3kat, kard\u00e1ntengelyeket \u00e9s sz\u00e1mos alapvet\u0151 alkatr\u00e9szt, amelyeket gondosan \u00fagy tervezt\u00fcnk, hogy megfeleljenek a k\u00fcl\u00f6nf\u00e9le alkalmaz\u00e1sok speci\u00e1lis ig\u00e9nyeinek.<\/p>\n<p>Az FMP-n\u00e9l felismerj\u00fck, hogy minden \u00fcgyf\u00e9l egyedi kih\u00edv\u00e1sokkal n\u00e9z szembe. Ez\u00e9rt specializ\u00e1l\u00f3dtunk a szem\u00e9lyre szabott megold\u00e1sok sz\u00e1ll\u00edt\u00e1s\u00e1ra \u2013 legyen sz\u00f3 ak\u00e1r egyedi komponensekr\u0151l, ak\u00e1r teljesen integr\u00e1lt rendszerekr\u0151l. \u00dcgyfeleinkkel szorosan egy\u00fcttm\u0171k\u00f6dve biztos\u00edtjuk, hogy minden megold\u00e1s ne csak az ig\u00e9nyeiket el\u00e9g\u00edtse ki, hanem n\u00f6velje a teljes\u00edtm\u00e9nyt \u00e9s maximaliz\u00e1lja az \u00e9rt\u00e9ket. Az id\u0151ben t\u00f6rt\u00e9n\u0151, professzion\u00e1lis v\u00e1laszok \u00e9s szak\u00e9rt\u0151i \u00fatmutat\u00e1s ir\u00e1nti elk\u00f6telezetts\u00e9g\u00fcnk biztos\u00edtja, hogy minden megkeres\u00e9st prec\u00edzen kezelj\u00fcnk, k\u00f6vetkezetesen optim\u00e1lis eredm\u00e9nyeket biztos\u00edtva.<\/p>\n<p>Nagy hangs\u00falyt fektet\u00fcnk a vil\u00e1gos, folyamatos kommunik\u00e1ci\u00f3ra a teljes term\u00e9kfejleszt\u00e9si ciklus sor\u00e1n. Elk\u00f6telezett csapatunk egy\u00fcttm\u0171k\u00f6dik az \u00fcgyfelekkel, hogy teljes m\u00e9rt\u00e9kben meg\u00e9rtse ig\u00e9nyeiket, \u00e9s \u00e9rt\u00e9kes betekint\u00e9st \u00e9s aj\u00e1nl\u00e1sokat k\u00edn\u00e1ljon a lehet\u0151 legjobb eredm\u00e9nyek el\u00e9r\u00e9se \u00e9rdek\u00e9ben. Ak\u00e1r \u00e9lvonalbeli term\u00e9keket tervez, ak\u00e1r rutinmegrendel\u00e9seket teljes\u00edt, az FMP elk\u00f6telezett a kiv\u00e1l\u00f3 min\u0151s\u00e9g\u0171, prec\u00edzi\u00f3san megtervezett megold\u00e1sok id\u0151ben \u00e9s k\u00f6vetkezetesen t\u00f6rt\u00e9n\u0151 sz\u00e1ll\u00edt\u00e1sa ir\u00e1nt. C\u00e9lunk, hogy k\u00f6vetkezetesen fel\u00fclm\u00faljuk \u00fcgyfeleink elv\u00e1r\u00e1sait, kiv\u00e9teles szolg\u00e1ltat\u00e1st \u00e9s eredm\u00e9nyeket ny\u00fajtva minden projektben.<\/p>\n<p>A min\u0151s\u00e9g az alapja mindennek, amit az FMP-n\u00e9l tesz\u00fcnk. Betartjuk a legmagasabb gy\u00e1rt\u00e1si szabv\u00e1nyokat, \u00e9s szigor\u00fa min\u0151s\u00e9gellen\u0151rz\u00e9si folyamatokat alkalmazunk annak biztos\u00edt\u00e1s\u00e1ra, hogy minden term\u00e9k ne csak megfeleljen, hanem meghaladja az ipar\u00e1gi szabv\u00e1nyokat. Ez a kiv\u00e1l\u00f3s\u00e1g ir\u00e1nti elk\u00f6telezetts\u00e9g, valamint az integrit\u00e1s, a csapatmunka \u00e9s a kitart\u00e1s alapvet\u0151 \u00e9rt\u00e9kei lehet\u0151v\u00e9 tett\u00e9k sz\u00e1munkra, hogy tart\u00f3s, bizalmon alapul\u00f3 kapcsolatokat \u00e9p\u00edts\u00fcnk ki \u00fcgyfeleinkkel k\u00f6zel 30 orsz\u00e1gban vil\u00e1gszerte.<\/p>\n<p>Az FMP mindig k\u00e9szs\u00e9ggel \u00e9p\u00edt ki glob\u00e1lis partners\u00e9geket, szak\u00e9rt\u0151i tan\u00e1csokat \u00e9s testreszabott megold\u00e1sokat k\u00edn\u00e1lva, amelyek megfelelnek \u00fcgyfeleink v\u00e1ltoz\u00f3 ig\u00e9nyeinek. C\u00e9lunk hossz\u00fa t\u00e1v\u00fa, k\u00f6lcs\u00f6n\u00f6sen el\u0151ny\u00f6s kapcsolatok ki\u00e9p\u00edt\u00e9se, amelyek hozz\u00e1j\u00e1rulnak minden projekt siker\u00e9hez. Ak\u00e1r innovat\u00edv megold\u00e1sokat keres egy \u00faj kezdem\u00e9nyez\u00e9shez, ak\u00e1r folyamatos t\u00e1mogat\u00e1sra van sz\u00fcks\u00e9ge egy megl\u00e9v\u0151 rendszerhez, az FMP k\u00e9szen \u00e1ll arra, hogy seg\u00edtsen eligazodni a technikai kih\u00edv\u00e1sokban \u00e9s biztos\u00edtsa a folyamatos sikert.<\/p>\n<p><img loading=\"lazy\" decoding=\"async\" class=\"alignnone wp-image-2695\" src=\"https:\/\/fmp-components.com\/wp-content\/uploads\/2025\/01\/agricultural-gearbox3.webp\" alt=\"mez\u0151gazdas\u00e1gi sebess\u00e9gv\u00e1lt\u00f3\" width=\"1140\" height=\"1138\" title=\"\" srcset=\"https:\/\/fmp-components.com\/wp-content\/uploads\/2025\/01\/agricultural-gearbox3.webp 1140w, https:\/\/fmp-components.com\/wp-content\/uploads\/2025\/01\/agricultural-gearbox3-480x479.webp 480w\" sizes=\"(min-width: 0px) and (max-width: 480px) 480px, (min-width: 481px) 1140px, 100vw\" \/><\/p>\n<p>Szerz\u0151: CX<\/p>","protected":false},"excerpt":{"rendered":"<p>Grain Transportation Gearbox FMP-1001 Dimension Grain Transportation Gearbox FMP-1001 Specifications Product Name Grain transportation gearbox Model EP-1001 Color Customization Material HT250 for housing, 20CrMnTi for gear shaft. Used Grain transportation transmission Advantages of Using Grain Transportation Gearbox FMP-1001 Enhanced Efficiency: The FMP-1001 Grain Transportation Gearbox is engineered for optimal power transmission, ensuring smooth and efficient [&hellip;]<\/p>","protected":false},"featured_media":3126,"comment_status":"open","ping_status":"closed","template":"","meta":{"_et_pb_use_builder":"","_et_pb_old_content":"","_et_gb_content_width":""},"product_brand":[],"product_cat":[74],"product_tag":[],"class_list":{"0":"post-3123","1":"product","2":"type-product","3":"status-publish","4":"has-post-thumbnail","6":"product_cat-grain-transportation-gearbox","8":"first","9":"instock","10":"shipping-taxable","11":"product-type-simple"},"_links":{"self":[{"href":"https:\/\/fmp-components.com\/hu\/wp-json\/wp\/v2\/product\/3123","targetHints":{"allow":["GET"]}}],"collection":[{"href":"https:\/\/fmp-components.com\/hu\/wp-json\/wp\/v2\/product"}],"about":[{"href":"https:\/\/fmp-components.com\/hu\/wp-json\/wp\/v2\/types\/product"}],"replies":[{"embeddable":true,"href":"https:\/\/fmp-components.com\/hu\/wp-json\/wp\/v2\/comments?post=3123"}],"wp:featuredmedia":[{"embeddable":true,"href":"https:\/\/fmp-components.com\/hu\/wp-json\/wp\/v2\/media\/3126"}],"wp:attachment":[{"href":"https:\/\/fmp-components.com\/hu\/wp-json\/wp\/v2\/media?parent=3123"}],"wp:term":[{"taxonomy":"product_brand","embeddable":true,"href":"https:\/\/fmp-components.com\/hu\/wp-json\/wp\/v2\/product_brand?post=3123"},{"taxonomy":"product_cat","embeddable":true,"href":"https:\/\/fmp-components.com\/hu\/wp-json\/wp\/v2\/product_cat?post=3123"},{"taxonomy":"product_tag","embeddable":true,"href":"https:\/\/fmp-components.com\/hu\/wp-json\/wp\/v2\/product_tag?post=3123"}],"curies":[{"name":"munkaf\u00fczet","href":"https:\/\/api.w.org\/{rel}","templated":true}]}}