{"id":3119,"date":"2025-01-05T02:26:27","date_gmt":"2025-01-05T02:26:27","guid":{"rendered":"https:\/\/fmp-components.com\/?page_id=8"},"modified":"2025-01-05T02:26:27","modified_gmt":"2025-01-05T02:26:27","slug":"grain-transportation-gearbox-fmp-1002-for-agricultural-grain-transportation","status":"publish","type":"product","link":"https:\/\/fmp-components.com\/hu\/product\/grain-transportation-gearbox-fmp-1002-for-agricultural-grain-transportation\/","title":{"rendered":"Gabonasz\u00e1ll\u00edt\u00f3 sebess\u00e9gv\u00e1lt\u00f3 FMP-1002 mez\u0151gazdas\u00e1gi gabonasz\u00e1ll\u00edt\u00e1shoz"},"content":{"rendered":"<h2>Gabonasz\u00e1ll\u00edt\u00f3 sebess\u00e9gv\u00e1lt\u00f3 FMP-1002 specifik\u00e1ci\u00f3k<\/h2>\n<table border=\"1\" width=\"100%\" cellspacing=\"0\" cellpadding=\"0\">\n<tbody>\n<tr>\n<td>Term\u00e9k neve<\/td>\n<td>Gabonasz\u00e1ll\u00edt\u00f3 sebess\u00e9gv\u00e1lt\u00f3<\/td>\n<\/tr>\n<tr>\n<td>Modell<\/td>\n<td>EP-1002<\/td>\n<\/tr>\n<tr>\n<td>Sz\u00edn<\/td>\n<td>Testreszab\u00e1s<\/td>\n<\/tr>\n<tr>\n<td>Anyag<\/td>\n<td>HT250 h\u00e1zhoz, 20CrMnTi fogasker\u00e9ktengelyhez.<\/td>\n<\/tr>\n<tr>\n<td>Haszn\u00e1lt<\/td>\n<td>Gabonasz\u00e1ll\u00edt\u00e1s<\/td>\n<\/tr>\n<\/tbody>\n<\/table>\n<h2>Az FMP-1002 gabonasz\u00e1ll\u00edt\u00f3 sebess\u00e9gv\u00e1lt\u00f3 f\u0151bb elemei<\/h2>\n<p>Az FMP-1002 gabonasz\u00e1ll\u00edt\u00f3 sebess\u00e9gv\u00e1lt\u00f3t \u00fagy tervezt\u00e9k, hogy optim\u00e1lis teljes\u00edtm\u00e9nyt ny\u00fajtson gabonasz\u00e1ll\u00edt\u00f3 rendszerekhez, p\u00e9ld\u00e1ul sz\u00e1ll\u00edt\u00f3szalagokhoz \u00e9s csig\u00e1khoz. A sebess\u00e9gv\u00e1lt\u00f3 f\u0151bb alkatr\u00e9szei a k\u00f6vetkez\u0151k:<\/p>\n<p><strong>1. Lakhat\u00e1s:<\/strong><\/p>\n<ul>\n<li>Anyag: A h\u00e1z jellemz\u0151en kiv\u00e1l\u00f3 min\u0151s\u00e9g\u0171 \u00f6nt\u00f6ttvasb\u00f3l vagy tart\u00f3s \u00f6tv\u00f6zetekb\u0151l k\u00e9sz\u00fcl, \u00e9s a bels\u0151 alkatr\u00e9szek f\u0151 v\u00e9d\u0151burkolatak\u00e9nt szolg\u00e1l.<\/li>\n<li>Funkci\u00f3: Szerkezeti t\u00e1maszt \u00e9s v\u00e9delmet ny\u00fajt a k\u00fcls\u0151 kop\u00e1s \u00e9s elhaszn\u00e1l\u00f3d\u00e1s ellen, mik\u00f6zben biztos\u00edtja a bels\u0151 fogaskerekek megfelel\u0151 be\u00e1ll\u00edt\u00e1s\u00e1t.<\/li>\n<\/ul>\n<p><strong>2. Fogaskerekek:<\/strong><\/p>\n<ul>\n<li>Csavarkerekek: A hat\u00e9konys\u00e1guk \u00e9s csendesebb m\u0171k\u00f6d\u00e9s\u00fck miatt gyakran haszn\u00e1lt ferde fogaskerekek sim\u00e1bb \u00e1tmenetet biztos\u00edtanak a fogak k\u00f6z\u00f6tt, cs\u00f6kkentve a zajt \u00e9s jav\u00edtva a sebess\u00e9gv\u00e1lt\u00f3 \u00e1ltal\u00e1nos teljes\u00edtm\u00e9ny\u00e9t.<\/li>\n<li>K\u00fapkerekek: Egyes kivitelekben az er\u0151\u00e1raml\u00e1s ir\u00e1ny\u00e1nak megv\u00e1ltoztat\u00e1s\u00e1ra haszn\u00e1lj\u00e1k, a k\u00fapkerekek lehet\u0151v\u00e9 teszik a sebess\u00e9gv\u00e1lt\u00f3 sz\u00f6gben t\u00f6rt\u00e9n\u0151 m\u0171k\u00f6d\u00e9s\u00e9t, ami sokoldal\u00fa alkalmaz\u00e1sokat tesz lehet\u0151v\u00e9.<\/li>\n<li>Anyag: A fogaskerekek gyakran edzett ac\u00e9lb\u00f3l vagy m\u00e1s tart\u00f3s anyagb\u00f3l k\u00e9sz\u00fclnek, hogy ellen\u00e1lljanak a m\u0171k\u00f6d\u00e9s sor\u00e1n fell\u00e9p\u0151 nagy nyomat\u00e9knak \u00e9s mechanikai ig\u00e9nybev\u00e9telnek.<\/li>\n<\/ul>\n<p><strong>3. Tengelyek:<\/strong><\/p>\n<ul>\n<li>Bemeneti \u00e9s kimen\u0151 tengelyek: Ezek a tengelyek jelentik az els\u0151dleges mechanikus kapcsolatot a motor, a sebess\u00e9gv\u00e1lt\u00f3 \u00e9s a gabonasz\u00e1ll\u00edt\u00f3 rendszer k\u00f6z\u00f6tt.<\/li>\n<li>Anyag: Az edzett ac\u00e9l tengelyek szil\u00e1rds\u00e1got \u00e9s hossz\u00fa \u00e9lettartamot biztos\u00edtanak nagy terhel\u00e9s alatt.<\/li>\n<\/ul>\n<p><strong>4. Csap\u00e1gyak:<\/strong><\/p>\n<ul>\n<li>G\u00f6rg\u0151scsap\u00e1gyak vagy goly\u00f3scsap\u00e1gyak: A csap\u00e1gyak cs\u00f6kkentik a forg\u00f3 alkatr\u00e9szek k\u00f6z\u00f6tti s\u00farl\u00f3d\u00e1st, biztos\u00edtva a sima m\u0171k\u00f6d\u00e9st \u00e9s minimaliz\u00e1lva a kop\u00e1st.<\/li>\n<li>Funkci\u00f3: A csap\u00e1gyak t\u00e1masztj\u00e1k al\u00e1 a forg\u00f3 alkatr\u00e9szeket, lehet\u0151v\u00e9 t\u00e9ve a fogaskerekek \u00e9s tengelyek szabad \u00e9s hat\u00e9kony forg\u00e1s\u00e1t, mik\u00f6zben fenntartj\u00e1k a megfelel\u0151 be\u00e1ll\u00edt\u00e1st.<\/li>\n<\/ul>\n<p><strong>5. T\u00f6m\u00edt\u00e9sek \u00e9s t\u00f6m\u00edt\u0151gy\u0171r\u0171k:<\/strong><\/p>\n<ul>\n<li>Funkci\u00f3: Megakad\u00e1lyozza a ken\u0151anyag sziv\u00e1rg\u00e1s\u00e1t, \u00e9s v\u00e9di a bels\u0151 alkatr\u00e9szeket a szennyez\u0151d\u00e9sekt\u0151l, p\u00e9ld\u00e1ul a port\u00f3l, a szennyez\u0151d\u00e9st\u0151l \u00e9s a nedvess\u00e9gt\u0151l. A t\u00f6m\u00edt\u00e9sek seg\u00edtenek fenntartani a sebess\u00e9gv\u00e1lt\u00f3 hat\u00e9konys\u00e1g\u00e1t \u00e9s megakad\u00e1lyozz\u00e1k az id\u0151 el\u0151tti kop\u00e1st.<\/li>\n<\/ul>\n<p>Ezen alkatr\u00e9szek kombin\u00e1l\u00e1s\u00e1val az FMP-1002 gabonasz\u00e1ll\u00edt\u00f3 sebess\u00e9gv\u00e1lt\u00f3 megb\u00edzhat\u00f3 \u00e9s hat\u00e9kony er\u0151\u00e1tvitelt biztos\u00edt a gabonasz\u00e1ll\u00edt\u00f3 rendszerekhez, biztos\u00edtva a z\u00f6kken\u0151mentes \u00e9s k\u00f6vetkezetes m\u0171k\u00f6d\u00e9st m\u00e9g nagy terhel\u00e9s mellett is.<\/p>\n<h2><img loading=\"lazy\" decoding=\"async\" class=\"alignnone size-full wp-image-3120\" src=\"https:\/\/fmp-components.com\/wp-content\/uploads\/2025\/01\/Grain-Transportation-Gearbox-3.webp\" alt=\"Gabonasz\u00e1ll\u00edt\u00f3 sebess\u00e9gv\u00e1lt\u00f3-3\" width=\"1534\" height=\"1286\" title=\"\" srcset=\"https:\/\/fmp-components.com\/wp-content\/uploads\/2025\/01\/Grain-Transportation-Gearbox-3.webp 1534w, https:\/\/fmp-components.com\/wp-content\/uploads\/2025\/01\/Grain-Transportation-Gearbox-3-1280x1073.webp 1280w, https:\/\/fmp-components.com\/wp-content\/uploads\/2025\/01\/Grain-Transportation-Gearbox-3-980x822.webp 980w, https:\/\/fmp-components.com\/wp-content\/uploads\/2025\/01\/Grain-Transportation-Gearbox-3-480x402.webp 480w\" sizes=\"(min-width: 0px) and (max-width: 480px) 480px, (min-width: 481px) and (max-width: 980px) 980px, (min-width: 981px) and (max-width: 1280px) 1280px, (min-width: 1281px) 1534px, 100vw\" \/>\u00a0Az FMP-1002 gabonasz\u00e1ll\u00edt\u00f3 sebess\u00e9gv\u00e1lt\u00f3 alkalmaz\u00e1sai<\/h2>\n<p>Az FMP-1002 gabonasz\u00e1ll\u00edt\u00f3 sebess\u00e9gv\u00e1lt\u00f3t optim\u00e1lis teljes\u00edtm\u00e9nyre tervezt\u00e9k k\u00fcl\u00f6nf\u00e9le mez\u0151gazdas\u00e1gi \u00e9s ipari alkalmaz\u00e1sokban, ahol gabona \u00e9s egy\u00e9b \u00f6mlesztett anyagok sz\u00e1ll\u00edt\u00e1sa t\u00f6rt\u00e9nik. Megb\u00edzhat\u00f3 er\u0151\u00e1tvitel\u00e9nek \u00e9s tart\u00f3ss\u00e1g\u00e1nak k\u00f6sz\u00f6nhet\u0151en ide\u00e1lis a k\u00f6vetkez\u0151 kulcsfontoss\u00e1g\u00fa alkalmaz\u00e1sokhoz:<\/p>\n<p><strong>1. Gabonasil\u00f3<\/strong><\/p>\n<ul>\n<li>Alkalmaz\u00e1s: Gabonasil\u00f3kban haszn\u00e1lj\u00e1k a gabona egyik szintr\u0151l a m\u00e1sikra t\u00f6rt\u00e9n\u0151 emel\u00e9s\u00e9re \u00e9s mozgat\u00e1s\u00e1ra.<\/li>\n<li>Feladat: A sebess\u00e9gv\u00e1lt\u00f3 tov\u00e1bb\u00edtja az er\u0151t a motorr\u00f3l a felvon\u00f3 sz\u00e1ll\u00edt\u00f3szalag-rendszer\u00e9re, lehet\u0151v\u00e9 t\u00e9ve a gabona f\u00fcgg\u0151leges sz\u00e1ll\u00edt\u00e1s\u00e1t a t\u00e1rol\u00f3- vagy feldolgoz\u00f3\u00fczemekben.<\/li>\n<\/ul>\n<p><strong>2. Sz\u00e1ll\u00edt\u00f3szalag-rendszerek<\/strong><\/p>\n<ul>\n<li>Alkalmaz\u00e1s: A gabonasz\u00e1ll\u00edt\u00f3 hajt\u00f3m\u0171vek elengedhetetlenek a sz\u00e1ll\u00edt\u00f3rendszerekben, amelyeket \u00e1ltal\u00e1ban gabona feldolgoz\u00f3\u00fczemeken, sil\u00f3kon vagy t\u00e1rol\u00f3ter\u00fcleteken bel\u00fcli t\u00e1vols\u00e1gok k\u00f6z\u00f6tti sz\u00e1ll\u00edt\u00e1s\u00e1ra haszn\u00e1lnak.<\/li>\n<li>Szerep: A sebess\u00e9gv\u00e1lt\u00f3 hajtja a sz\u00e1ll\u00edt\u00f3szalagot, biztos\u00edtva a gabona sima \u00e9s egyenletes mozg\u00e1s\u00e1t k\u00fcl\u00f6nb\u00f6z\u0151 t\u00e1vols\u00e1gokon \u00e9s a k\u00fcl\u00f6nb\u00f6z\u0151 feldolgoz\u00e1si szakaszokon kereszt\u00fcl.<\/li>\n<\/ul>\n<p><strong>3. Csiga- \u00e9s csig\u00e1s sz\u00e1ll\u00edt\u00f3szalagok<\/strong><\/p>\n<ul>\n<li>Alkalmaz\u00e1s: Csig\u00e1kban \u00e9s csig\u00e1s sz\u00e1ll\u00edt\u00f3szalagokban haszn\u00e1lj\u00e1k gabona \u00e9s egy\u00e9b \u00f6mlesztett anyagok hat\u00e9kony mozgat\u00e1s\u00e1ra mez\u0151gazdas\u00e1gi \u00e9s ipari k\u00f6rnyezetben.<\/li>\n<li>Szerep: A sebess\u00e9gv\u00e1lt\u00f3 hajtja a csigamechanizmust, lehet\u0151v\u00e9 t\u00e9ve a gabona sz\u00e1ll\u00edt\u00e1s\u00e1t egyik tart\u00e1lyb\u00f3l a m\u00e1sikba, vagy a feldolgoz\u00f3sor k\u00fcl\u00f6nb\u00f6z\u0151 szakaszai k\u00f6z\u00f6tt.<\/li>\n<\/ul>\n<p><strong>4. Gabonabetakar\u00edt\u00f3 berendez\u00e9sek<\/strong><\/p>\n<ul>\n<li>Alkalmaz\u00e1s: A komb\u00e1jnokba \u00e9s m\u00e1s gabonabetakar\u00edt\u00f3 g\u00e9pekbe integr\u00e1lt hajt\u00f3m\u0171 megk\u00f6nny\u00edti a betakar\u00edtott gabona \u00e1thelyez\u00e9s\u00e9t a gy\u0171jt\u0151ter\u00fcletr\u0151l a t\u00e1rol\u00f3rekeszbe vagy a tart\u00e1lyba.<\/li>\n<li>Szerep: A sebess\u00e9gv\u00e1lt\u00f3 seg\u00edt a sz\u00e1ll\u00edt\u00f3szalagok, csig\u00e1k vagy m\u00e1s gabonasz\u00e1ll\u00edt\u00f3 alkatr\u00e9szek m\u0171k\u00f6dtet\u00e9s\u00e9ben a betakar\u00edt\u00f3g\u00e9pben, biztos\u00edtva a gabona gyors \u00e9s hat\u00e9kony kirakod\u00e1s\u00e1t.<\/li>\n<\/ul>\n<p><strong>5. Gabonat\u00e1rol\u00f3 rendszerek<\/strong><\/p>\n<ul>\n<li>Alkalmaz\u00e1s: Gabonat\u00e1rol\u00f3 rendszerekben haszn\u00e1lj\u00e1k, k\u00fcl\u00f6n\u00f6sen gabona sil\u00f3kba vagy t\u00e1rol\u00f3tart\u00e1lyokba t\u00f6rt\u00e9n\u0151 sz\u00e1ll\u00edt\u00e1s\u00e1ra.<\/li>\n<li>Feladat: A sebess\u00e9gv\u00e1lt\u00f3 sz\u00e1ll\u00edt\u00f3szalagokat vagy csigarendszereket hajt meg, biztos\u00edtva a gabona z\u00f6kken\u0151mentes sz\u00e1ll\u00edt\u00e1s\u00e1t \u00e9s t\u00e1rol\u00e1s\u00e1t a l\u00e9tes\u00edtm\u00e9nyen bel\u00fcl.<\/li>\n<\/ul>\n<p>Az FMP-1002 gabonasz\u00e1ll\u00edt\u00f3 sebess\u00e9gv\u00e1lt\u00f3 egy sokoldal\u00fa \u00e9s hat\u00e9kony alkatr\u00e9sz, amelyet sz\u00e9les k\u00f6rben haszn\u00e1lnak a mez\u0151gazdas\u00e1gi szektorban, biztos\u00edtva a gabona \u00e9s \u00f6mlesztett anyagok z\u00f6kken\u0151mentes, k\u00f6vetkezetes \u00e9s megb\u00edzhat\u00f3 sz\u00e1ll\u00edt\u00e1s\u00e1t k\u00fcl\u00f6nb\u00f6z\u0151 rendszerekben.<\/p>\n<p><img loading=\"lazy\" decoding=\"async\" class=\"alignnone size-full wp-image-3096\" src=\"https:\/\/fmp-components.com\/wp-content\/uploads\/2025\/01\/Grain-Storage-Gearbox-28.webp\" alt=\"Gabonat\u00e1rol\u00f3 hajt\u00f3m\u0171\" width=\"1200\" height=\"950\" title=\"\" srcset=\"https:\/\/fmp-components.com\/wp-content\/uploads\/2025\/01\/Grain-Storage-Gearbox-28.webp 1200w, https:\/\/fmp-components.com\/wp-content\/uploads\/2025\/01\/Grain-Storage-Gearbox-28-980x776.webp 980w, https:\/\/fmp-components.com\/wp-content\/uploads\/2025\/01\/Grain-Storage-Gearbox-28-480x380.webp 480w\" sizes=\"(min-width: 0px) and (max-width: 480px) 480px, (min-width: 481px) and (max-width: 980px) 980px, (min-width: 981px) 1200px, 100vw\" \/><\/p>\n<h3>Az FMP-r\u0151l<\/h3>\n<p>Az olaszorsz\u00e1gi sz\u00e9khely\u0171 FMP egy kiemelked\u0151 gy\u00e1rt\u00f3, amely elismert szak\u00e9rtelm\u00e9r\u0151l ismert a nagy teljes\u00edtm\u00e9ny\u0171 sebess\u00e9gv\u00e1lt\u00f3k tervez\u00e9s\u00e9ben, fejleszt\u00e9s\u00e9ben \u00e9s gy\u00e1rt\u00e1s\u00e1ban, els\u0151sorban a mez\u0151gazdas\u00e1gi g\u00e9piparra \u00f6sszpontos\u00edtva. A prec\u00edzi\u00f3s m\u00e9rn\u00f6ki munk\u00e1r\u00f3l, innovat\u00edv megold\u00e1sair\u00f3l \u00e9s \u00e1lland\u00f3 megb\u00edzhat\u00f3s\u00e1g\u00e1r\u00f3l ismert FMP er\u0151s h\u00edrnevet szerzett mag\u00e1nak, mint megb\u00edzhat\u00f3 partner mind a mez\u0151gazdas\u00e1gi, mind az ipari piacokon. Soksz\u00edn\u0171 portf\u00f3li\u00f3nk mag\u00e1ban foglalja a f\u0171ny\u00edr\u00f3khoz, kard\u00e1ntengelyekhez \u00e9s sz\u00e1mos m\u00e1s kritikus alkatr\u00e9szhez k\u00e9sz\u00fclt, egyedi tervez\u00e9s\u0171 sebess\u00e9gv\u00e1lt\u00f3kat, amelyek mindegyik\u00e9t apr\u00f3l\u00e9kosan \u00fagy tervezt\u00fck, hogy megfeleljen a k\u00fcl\u00f6nb\u00f6z\u0151 alkalmaz\u00e1sok speci\u00e1lis ig\u00e9nyeinek.<\/p>\n<p>Az FMP-n\u00e9l felismerj\u00fck, hogy minden \u00fcgyf\u00e9l egyedi kih\u00edv\u00e1sokkal n\u00e9z szembe. Ez a meg\u00e9rt\u00e9s \u00f6szt\u00f6n\u00f6z minket az egyedi megold\u00e1sok sz\u00e1ll\u00edt\u00e1s\u00e1ra, legyen sz\u00f3 ak\u00e1r egyedi komponensekr\u0151l, ak\u00e1r teljesen integr\u00e1lt rendszerekr\u0151l. \u00dcgyfeleinkkel val\u00f3 szoros egy\u00fcttm\u0171k\u00f6d\u00e9s\u00fcnk r\u00e9v\u00e9n biztos\u00edtjuk, hogy minden megold\u00e1s ne csak az egyedi ig\u00e9nyeiket el\u00e9g\u00edtse ki, hanem optimaliz\u00e1lja a teljes\u00edtm\u00e9nyt \u00e9s maximaliz\u00e1lja az \u00e9rt\u00e9ket. Az id\u0151ben t\u00f6rt\u00e9n\u0151, professzion\u00e1lis v\u00e1laszok \u00e9s a szak\u00e9rt\u0151i \u00fatmutat\u00e1s ir\u00e1nti elk\u00f6telezetts\u00e9g\u00fcnk biztos\u00edtja, hogy minden megkeres\u00e9st prec\u00edzen kezelj\u00fcnk, k\u00f6vetkezetesen optim\u00e1lis eredm\u00e9nyeket \u00e9rve el.<\/p>\n<p>Nagy hangs\u00falyt fektet\u00fcnk az \u00e1tl\u00e1that\u00f3, folyamatos kommunik\u00e1ci\u00f3ra a teljes term\u00e9kfejleszt\u00e9si ciklus sor\u00e1n. Elk\u00f6telezett csapatunk szorosan egy\u00fcttm\u0171k\u00f6dik az \u00fcgyfelekkel, hogy teljes m\u00e9rt\u00e9kben meg\u00e9rtse ig\u00e9nyeiket, \u00e9s \u00e9rt\u00e9kes betekint\u00e9st \u00e9s aj\u00e1nl\u00e1sokat ny\u00fajtson a legjobb eredm\u00e9nyek el\u00e9r\u00e9se \u00e9rdek\u00e9ben. Ak\u00e1r \u00e9lvonalbeli term\u00e9keket tervez, ak\u00e1r rutinmegrendel\u00e9seket teljes\u00edt, az FMP elk\u00f6telezett amellett, hogy minden alkalommal kiv\u00e1l\u00f3 min\u0151s\u00e9g\u0171, prec\u00edzi\u00f3san megtervezett megold\u00e1sokat sz\u00e1ll\u00edtson id\u0151ben. C\u00e9lunk, hogy fel\u00fclm\u00faljuk \u00fcgyfeleink elv\u00e1r\u00e1sait, kiv\u00e9teles szolg\u00e1ltat\u00e1st \u00e9s eredm\u00e9nyeket ny\u00fajtva minden projekt sor\u00e1n.<\/p>\n<p>Az FMP m\u0171k\u00f6d\u00e9s\u00e9nek k\u00f6z\u00e9ppontj\u00e1ban a min\u0151s\u00e9g ir\u00e1nti rend\u00edthetetlen elk\u00f6telezetts\u00e9g \u00e1ll. A legmagasabb gy\u00e1rt\u00e1si szabv\u00e1nyokat tartjuk be, \u00e9s szigor\u00fa min\u0151s\u00e9gellen\u0151rz\u00e9si folyamatokat alkalmazunk annak biztos\u00edt\u00e1sa \u00e9rdek\u00e9ben, hogy minden term\u00e9k ne csak megfeleljen, hanem meghaladja az ipar\u00e1gi szabv\u00e1nyokat. Ez a kiv\u00e1l\u00f3s\u00e1gra val\u00f3 rend\u00edthetetlen \u00f6sszpontos\u00edt\u00e1s, valamint az integrit\u00e1s, a csapatmunka \u00e9s a kitart\u00e1s alapvet\u0151 \u00e9rt\u00e9kei lehet\u0151v\u00e9 tett\u00e9k sz\u00e1munkra, hogy hossz\u00fa t\u00e1v\u00fa, bizalmon alapul\u00f3 kapcsolatokat \u00e9p\u00edts\u00fcnk ki \u00fcgyfeleinkkel vil\u00e1gszerte k\u00f6zel 30 orsz\u00e1gban.<\/p>\n<p>Az FMP-n\u00e9l mindig arra t\u00f6reksz\u00fcnk, hogy glob\u00e1lis partners\u00e9geket \u00e1poljunk szak\u00e9rt\u0151i tan\u00e1csokkal \u00e9s testreszabott megold\u00e1sokkal, amelyek \u00fcgyfeleink folyamatosan v\u00e1ltoz\u00f3 ig\u00e9nyeit el\u00e9g\u00edtik ki. Hossz\u00fa t\u00e1v\u00fa, k\u00f6lcs\u00f6n\u00f6sen el\u0151ny\u00f6s kapcsolatok ki\u00e9p\u00edt\u00e9s\u00e9re t\u00f6reksz\u00fcnk, amelyek hozz\u00e1j\u00e1rulnak minden projekt siker\u00e9hez. Ak\u00e1r innovat\u00edv megold\u00e1sokat keres egy \u00faj kezdem\u00e9nyez\u00e9shez, ak\u00e1r folyamatos t\u00e1mogat\u00e1st egy megl\u00e9v\u0151 rendszerhez, az FMP k\u00e9szen \u00e1ll, hogy seg\u00edtsen lek\u00fczdeni a technikai kih\u00edv\u00e1sokat \u00e9s biztos\u00edtsa a folyamatos sikert.<\/p>\n<p><img loading=\"lazy\" decoding=\"async\" class=\"alignnone wp-image-2695\" src=\"https:\/\/fmp-components.com\/wp-content\/uploads\/2025\/01\/agricultural-gearbox3.webp\" alt=\"mez\u0151gazdas\u00e1gi sebess\u00e9gv\u00e1lt\u00f3\" width=\"1140\" height=\"1138\" title=\"\" srcset=\"https:\/\/fmp-components.com\/wp-content\/uploads\/2025\/01\/agricultural-gearbox3.webp 1140w, https:\/\/fmp-components.com\/wp-content\/uploads\/2025\/01\/agricultural-gearbox3-480x479.webp 480w\" sizes=\"(min-width: 0px) and (max-width: 480px) 480px, (min-width: 481px) 1140px, 100vw\" \/><\/p>\n<p>Szerz\u0151: CX<\/p>\n<p>&nbsp;<\/p>\n<p>&nbsp;<\/p>","protected":false},"excerpt":{"rendered":"<p>Grain Transportation Gearbox FMP-1002 Specifications Product Name Grain transportation gearbox Model EP-1002 Color Customization Material HT250 for housing, 20CrMnTi for gear shaft. Used Grain transportation Key Components of Grain Transportation Gearbox FMP-1002 The Grain Transportation Gearbox FMP-1002 is designed to provide optimal performance for grain transportation systems, such as conveyors and augers. Key components of [&hellip;]<\/p>","protected":false},"featured_media":3121,"comment_status":"open","ping_status":"closed","template":"","meta":{"_et_pb_use_builder":"","_et_pb_old_content":"","_et_gb_content_width":""},"product_brand":[],"product_cat":[74],"product_tag":[],"class_list":{"0":"post-3119","1":"product","2":"type-product","3":"status-publish","4":"has-post-thumbnail","6":"product_cat-grain-transportation-gearbox","8":"first","9":"instock","10":"shipping-taxable","11":"product-type-simple"},"_links":{"self":[{"href":"https:\/\/fmp-components.com\/hu\/wp-json\/wp\/v2\/product\/3119","targetHints":{"allow":["GET"]}}],"collection":[{"href":"https:\/\/fmp-components.com\/hu\/wp-json\/wp\/v2\/product"}],"about":[{"href":"https:\/\/fmp-components.com\/hu\/wp-json\/wp\/v2\/types\/product"}],"replies":[{"embeddable":true,"href":"https:\/\/fmp-components.com\/hu\/wp-json\/wp\/v2\/comments?post=3119"}],"wp:featuredmedia":[{"embeddable":true,"href":"https:\/\/fmp-components.com\/hu\/wp-json\/wp\/v2\/media\/3121"}],"wp:attachment":[{"href":"https:\/\/fmp-components.com\/hu\/wp-json\/wp\/v2\/media?parent=3119"}],"wp:term":[{"taxonomy":"product_brand","embeddable":true,"href":"https:\/\/fmp-components.com\/hu\/wp-json\/wp\/v2\/product_brand?post=3119"},{"taxonomy":"product_cat","embeddable":true,"href":"https:\/\/fmp-components.com\/hu\/wp-json\/wp\/v2\/product_cat?post=3119"},{"taxonomy":"product_tag","embeddable":true,"href":"https:\/\/fmp-components.com\/hu\/wp-json\/wp\/v2\/product_tag?post=3119"}],"curies":[{"name":"munkaf\u00fczet","href":"https:\/\/api.w.org\/{rel}","templated":true}]}}