{"id":3115,"date":"2025-01-05T02:03:05","date_gmt":"2025-01-05T02:03:05","guid":{"rendered":"https:\/\/fmp-components.com\/?page_id=8"},"modified":"2025-01-05T02:03:05","modified_gmt":"2025-01-05T02:03:05","slug":"grain-transportation-gearbox-fmp-2168-for-agricultural-grain-transportation","status":"publish","type":"product","link":"https:\/\/fmp-components.com\/hu\/product\/grain-transportation-gearbox-fmp-2168-for-agricultural-grain-transportation\/","title":{"rendered":"Gabonasz\u00e1ll\u00edt\u00f3 sebess\u00e9gv\u00e1lt\u00f3 FMP-2168 mez\u0151gazdas\u00e1gi gabonasz\u00e1ll\u00edt\u00e1shoz"},"content":{"rendered":"<h2>Gabonasz\u00e1ll\u00edt\u00f3 sebess\u00e9gv\u00e1lt\u00f3 FMP-2168 m\u00e9ret<\/h2>\n<p><img loading=\"lazy\" decoding=\"async\" class=\"alignnone size-full wp-image-3117\" src=\"https:\/\/fmp-components.com\/wp-content\/uploads\/2025\/01\/Grain-Transportation-Gearbox-EP-2168-Dimension.webp\" alt=\"Gabonasz\u00e1ll\u00edt\u00f3-sebess\u00e9gv\u00e1lt\u00f3-EP-2168-M\u00e9ret\" width=\"1031\" height=\"706\" title=\"\" srcset=\"https:\/\/fmp-components.com\/wp-content\/uploads\/2025\/01\/Grain-Transportation-Gearbox-EP-2168-Dimension.webp 1031w, https:\/\/fmp-components.com\/wp-content\/uploads\/2025\/01\/Grain-Transportation-Gearbox-EP-2168-Dimension-980x671.webp 980w, https:\/\/fmp-components.com\/wp-content\/uploads\/2025\/01\/Grain-Transportation-Gearbox-EP-2168-Dimension-480x329.webp 480w\" sizes=\"(min-width: 0px) and (max-width: 480px) 480px, (min-width: 481px) and (max-width: 980px) 980px, (min-width: 981px) 1031px, 100vw\" \/><\/p>\n<h2>Gabonasz\u00e1ll\u00edt\u00f3 sebess\u00e9gv\u00e1lt\u00f3 FMP-2168 specifik\u00e1ci\u00f3k<\/h2>\n<table style=\"width: 96.0108%; height: 218px;\" border=\"1\" cellspacing=\"0\" cellpadding=\"0\">\n<tbody>\n<tr class=\"firstRow\">\n<td>Term\u00e9k neve<\/td>\n<td>Gabonasz\u00e1ll\u00edt\u00f3 sebess\u00e9gv\u00e1lt\u00f3<\/td>\n<\/tr>\n<tr>\n<td>Anyag<\/td>\n<td>HT250 h\u00e1zhoz, 40CrMnTi fogasker\u00e9ktengelyhez.<\/td>\n<\/tr>\n<tr>\n<td>Sz\u00edn<\/td>\n<td>Testreszabott<\/td>\n<\/tr>\n<tr>\n<td>H\u00e1nyados<\/td>\n<td>1:1<\/td>\n<\/tr>\n<tr>\n<td>Teljes\u00edtm\u00e9ny<\/td>\n<td>24 LE<\/td>\n<\/tr>\n<tr>\n<td>S\u00faly<\/td>\n<td>11,5 kg<\/td>\n<\/tr>\n<tr>\n<td>Haszn\u00e1lt<\/td>\n<td>Gabonasz\u00e1ll\u00edt\u00e1s<\/td>\n<\/tr>\n<\/tbody>\n<\/table>\n<h2>Az FMP-2168 gabonasz\u00e1ll\u00edt\u00f3 sebess\u00e9gv\u00e1lt\u00f3 haszn\u00e1lat\u00e1nak el\u0151nyei<\/h2>\n<ol>\n<li><strong>Nagy nyomat\u00e9kkapacit\u00e1s<\/strong><br \/>\nAz FMP-2168 gabonasz\u00e1ll\u00edt\u00f3 sebess\u00e9gv\u00e1lt\u00f3 nagy nyomat\u00e9kterhel\u00e9sek kezel\u00e9s\u00e9re lett tervezve, \u00edgy ide\u00e1lis olyan gabonasz\u00e1ll\u00edt\u00f3 rendszerekhez, amelyek megb\u00edzhat\u00f3 \u00e9s hat\u00e9kony er\u0151\u00e1tvitelt ig\u00e9nyelnek. K\u00f6nnyed\u00e9n kezeli a nagy gabonaterhel\u00e9seket, biztos\u00edtva a z\u00f6kken\u0151mentes m\u0171k\u00f6d\u00e9st m\u00e9g ig\u00e9nyes k\u00f6r\u00fclm\u00e9nyek k\u00f6z\u00f6tt is.<\/li>\n<li><strong>Fokozott hat\u00e9konys\u00e1g<\/strong><br \/>\nA fejlett hajt\u00f3m\u0171technol\u00f3gi\u00e1nak k\u00f6sz\u00f6nhet\u0151en az FMP-2168 jobb hat\u00e9konys\u00e1got k\u00edn\u00e1l az er\u0151\u00e1tvitelben. Cs\u00f6kkenti az energiavesztes\u00e9get, biztos\u00edtva, hogy a bemeneti teljes\u00edtm\u00e9ny nagyobb r\u00e9sze hat\u00e9konyan ker\u00fclj\u00f6n a gabonasz\u00e1ll\u00edt\u00f3 rendszerbe, minimaliz\u00e1lva az \u00fczemeltet\u00e9si k\u00f6lts\u00e9geket \u00e9s jav\u00edtva a rendszer teljes\u00edtm\u00e9ny\u00e9t.<\/li>\n<li><strong>Tart\u00f3s konstrukci\u00f3<\/strong><br \/>\nA robusztus anyagokb\u00f3l \u00e9s prec\u00edzi\u00f3san megtervezett alkatr\u00e9szekb\u0151l k\u00e9sz\u00fclt FMP-2168 sebess\u00e9gv\u00e1lt\u00f3 rendk\u00edv\u00fcl tart\u00f3s, \u00e9s k\u00e9pes ellen\u00e1llni a gabonakezel\u00e9s \u00e9s -sz\u00e1ll\u00edt\u00e1s sor\u00e1n jellemz\u0151en el\u0151fordul\u00f3 zord k\u00f6r\u00fclm\u00e9nyeknek. Massz\u00edv konstrukci\u00f3ja hossz\u00fa \u00e9lettartamot biztos\u00edt, \u00e9s cs\u00f6kkenti a karbantart\u00e1s \u00e9s jav\u00edt\u00e1sok gyakoris\u00e1g\u00e1t.<\/li>\n<li><strong>Kompakt kialak\u00edt\u00e1s<\/strong><br \/>\nNagy nyomat\u00e9kkapacit\u00e1sa ellen\u00e9re az FMP-2168 kompakt \u00e9s helytakar\u00e9kos kialak\u00edt\u00e1s\u00fa. Ez lehet\u0151v\u00e9 teszi, hogy k\u00f6nnyen integr\u00e1lhat\u00f3 legyen k\u00fcl\u00f6nf\u00e9le gabonasz\u00e1ll\u00edt\u00f3 rendszerekbe an\u00e9lk\u00fcl, hogy t\u00falzott helyet foglalna el, vagy sz\u00fcks\u00e9gtelen\u00fcl n\u00f6veln\u00e9 a g\u00e9pek m\u00e9ret\u00e9t, \u00edgy hat\u00e9kony megold\u00e1st jelent a sz\u0171k helyeken.<\/li>\n<li><strong>Sokoldal\u00fas\u00e1g<\/strong><br \/>\nAz FMP-2168 sebess\u00e9gv\u00e1lt\u00f3 rendk\u00edv\u00fcl sokoldal\u00fa, \u00e9s sz\u00e1mos gabonasz\u00e1ll\u00edt\u00f3 rendszerben haszn\u00e1lhat\u00f3, bele\u00e9rtve a sz\u00e1ll\u00edt\u00f3szalagokat, felvon\u00f3kat, csig\u00e1kat \u00e9s egy\u00e9b anyagmozgat\u00f3 berendez\u00e9seket. Alkalmazkod\u00f3k\u00e9pess\u00e9ge alkalmass\u00e1 teszi k\u00fcl\u00f6nf\u00e9le mez\u0151gazdas\u00e1gi alkalmaz\u00e1sokhoz, rugalmass\u00e1got biztos\u00edtva a rendszertervez\u00e9sben.<\/li>\n<\/ol>\n<p>Az FMP-2168 gabonasz\u00e1ll\u00edt\u00f3 sebess\u00e9gv\u00e1lt\u00f3 robusztus, hat\u00e9kony \u00e9s k\u00f6lts\u00e9ghat\u00e9kony megold\u00e1st k\u00edn\u00e1l gabonakezel\u00e9si alkalmaz\u00e1sokhoz. Nagy nyomat\u00e9kkapacit\u00e1s\u00e1val, tart\u00f3ss\u00e1g\u00e1val, alacsony karbantart\u00e1si ig\u00e9ny\u00e9vel \u00e9s sokoldal\u00fas\u00e1g\u00e1val kiv\u00e1l\u00f3 v\u00e1laszt\u00e1s a gabonasz\u00e1ll\u00edt\u00f3 rendszerek teljes\u00edtm\u00e9ny\u00e9nek \u00e9s megb\u00edzhat\u00f3s\u00e1g\u00e1nak jav\u00edt\u00e1s\u00e1ra. Ak\u00e1r a hat\u00e9konys\u00e1g jav\u00edt\u00e1s\u00e1ra, ak\u00e1r az \u00e1ll\u00e1sid\u0151 cs\u00f6kkent\u00e9s\u00e9re, ak\u00e1r a berendez\u00e9s \u00e9lettartam\u00e1nak meghosszabb\u00edt\u00e1s\u00e1ra t\u00f6rekszik, az FMP-2168 sebess\u00e9gv\u00e1lt\u00f3 jelent\u0151s el\u0151ny\u00f6ket k\u00edn\u00e1l b\u00e1rmilyen gabonakezel\u00e9si m\u0171velethez.<\/p>\n<p><img loading=\"lazy\" decoding=\"async\" class=\"size-full wp-image-3116 aligncenter\" src=\"https:\/\/fmp-components.com\/wp-content\/uploads\/2025\/01\/Grain-Transportation-Gearbox-32-2.webp\" alt=\"Gabonasz\u00e1ll\u00edt\u00f3-Sebess\u00e9gv\u00e1lt\u00f3-32 (2)\" width=\"800\" height=\"800\" title=\"\" srcset=\"https:\/\/fmp-components.com\/wp-content\/uploads\/2025\/01\/Grain-Transportation-Gearbox-32-2.webp 800w, https:\/\/fmp-components.com\/wp-content\/uploads\/2025\/01\/Grain-Transportation-Gearbox-32-2-480x480.webp 480w\" sizes=\"(min-width: 0px) and (max-width: 480px) 480px, (min-width: 481px) 800px, 100vw\" \/><\/p>\n<h2>Az FMP-2168 gabonasz\u00e1ll\u00edt\u00f3 sebess\u00e9gv\u00e1lt\u00f3 alkalmaz\u00e1sai<\/h2>\n<p>Az FMP-2168 gabonasz\u00e1ll\u00edt\u00f3 sebess\u00e9gv\u00e1lt\u00f3 egy sokoldal\u00fa \u00e9s tart\u00f3s alkatr\u00e9sz, amelyet k\u00fcl\u00f6nf\u00e9le mez\u0151gazdas\u00e1gi \u00e9s gabonakezel\u00e9si alkalmaz\u00e1sokban haszn\u00e1lnak. Hat\u00e9kony teljes\u00edtm\u00e9ny\u00e1tviteli k\u00e9pess\u00e9ge \u00e9s a neh\u00e9z terhek elvisel\u00e9se alkalmass\u00e1 teszi a gabonasz\u00e1ll\u00edt\u00e1sban haszn\u00e1lt g\u00e9pek sz\u00e9les sk\u00e1l\u00e1j\u00e1hoz. Az al\u00e1bbiakban a f\u0151bb alkalmaz\u00e1sok l\u00e1that\u00f3k:<\/p>\n<p><strong>1. Gabonasil\u00f3<\/strong><\/p>\n<p>Az FMP-2168 sebess\u00e9gv\u00e1lt\u00f3t gyakran haszn\u00e1lj\u00e1k gabonafelvon\u00f3kban, ahol a f\u00fcgg\u0151leges sz\u00e1ll\u00edt\u00f3szalagokat hajtja, amelyek az als\u00f3bb szintekr\u0151l a magasabb szintekre mozgatj\u00e1k a gabon\u00e1t. Nagy nyomat\u00e9kkapacit\u00e1sa biztos\u00edtja, hogy a felvon\u00f3 hat\u00e9konyan kezeljen nagy mennyis\u00e9g\u0171 gabon\u00e1t minim\u00e1lis kop\u00e1ssal.<\/p>\n<p><strong>2. Sz\u00e1ll\u00edt\u00f3szalag-rendszerek<\/strong><\/p>\n<p>A gabonat\u00e1rol\u00f3 \u00e9s -sz\u00e1ll\u00edt\u00f3 l\u00e9tes\u00edtm\u00e9nyekben haszn\u00e1lt sz\u00e1ll\u00edt\u00f3szalagok olyan sebess\u00e9gv\u00e1lt\u00f3kra t\u00e1maszkodnak, mint az FMP-2168, amelyek az er\u0151\u00e1tvitelt \u00e9s a szalag mozg\u00e1s\u00e1nak meghajt\u00e1s\u00e1t v\u00e9gzik. A sebess\u00e9gv\u00e1lt\u00f3 biztos\u00edtja a gabona sima, folyamatos \u00e1raml\u00e1s\u00e1t, megakad\u00e1lyozva az elt\u00f6m\u0151d\u00e9seket \u00e9s a rendszer \u00e1ll\u00e1sidej\u00e9t.<\/p>\n<p><strong>3. Csigaf\u00far\u00f3k<\/strong><\/p>\n<p>A gabonat\u00e1rol\u00f3k \u00e9s sil\u00f3k be- \u00e9s kirakod\u00e1s\u00e1hoz haszn\u00e1lt gabonacsig\u00e1khoz nagy teljes\u00edtm\u00e9ny\u0171 sebess\u00e9gv\u00e1lt\u00f3kra van sz\u00fcks\u00e9g a gabona hat\u00e9kony mozgat\u00e1s\u00e1hoz a spir\u00e1lis csig\u00e1kon kereszt\u00fcl. Az FMP-2168 sebess\u00e9gv\u00e1lt\u00f3 tart\u00f3ss\u00e1ga \u00e9s nagy nyomat\u00e9kkimenete ide\u00e1liss\u00e1 teszi ezt az alkalmaz\u00e1st, biztos\u00edtva a hat\u00e9kony gabonamozgat\u00e1st \u00e9s cs\u00f6kkentve a rendszer t\u00falterhel\u00e9s\u00e9nek kock\u00e1zat\u00e1t.<\/p>\n<p><strong>4. Gabonakezel\u0151 \u00e9s -v\u00e1logat\u00f3 rendszerek<\/strong><\/p>\n<p>Gabonafeldolgoz\u00f3 \u00fczemekben, ahol a gabon\u00e1t v\u00e1logatj\u00e1k, tiszt\u00edtj\u00e1k \u00e9s feldolgozz\u00e1k, az FMP-2168 sebess\u00e9gv\u00e1lt\u00f3 haszn\u00e1lhat\u00f3 v\u00e1logat\u00f3- \u00e9s tiszt\u00edt\u00f3g\u00e9pek hajt\u00e1srendszereiben. Hat\u00e9konys\u00e1ga z\u00f6kken\u0151mentes m\u0171k\u00f6d\u00e9st biztos\u00edt a k\u00fcl\u00f6nb\u00f6z\u0151 gabonafajt\u00e1k kezel\u00e9se sor\u00e1n, \u00e9s minimaliz\u00e1lja a rendszer \u00e1ll\u00e1sidej\u00e9t.<\/p>\n<p><strong>5. Gabonasz\u00e1ll\u00edt\u00f3 teheraut\u00f3k (Auger Systems)<\/strong><\/p>\n<p>Az FMP-2168 ide\u00e1lis gabonasz\u00e1ll\u00edt\u00f3 teheraut\u00f3kra szerelt csigarendszerekben val\u00f3 haszn\u00e1latra. Ezeket a rendszereket gabona be- \u00e9s kirakod\u00e1s\u00e1ra haszn\u00e1lj\u00e1k sz\u00e1ll\u00edt\u00e1s k\u00f6zben. A sebess\u00e9gv\u00e1lt\u00f3 biztos\u00edtja az \u00e1lland\u00f3 teljes\u00edtm\u00e9nyt, m\u00e9g v\u00e1ltoz\u00f3 terhel\u00e9si k\u00f6r\u00fclm\u00e9nyek k\u00f6z\u00f6tt is, \u00edgy elengedhetetlen a megb\u00edzhat\u00f3, teheraut\u00f3n t\u00f6rt\u00e9n\u0151 gabonasz\u00e1ll\u00edt\u00e1shoz.<\/p>\n<p>Az FMP-2168 gabonasz\u00e1ll\u00edt\u00f3 sebess\u00e9gv\u00e1lt\u00f3 sokoldal\u00fa \u00e9s ide\u00e1lis a gabonakezel\u00e9si alkalmaz\u00e1sok sz\u00e9les sk\u00e1l\u00e1j\u00e1hoz. A gabonafelvon\u00f3kt\u00f3l \u00e9s sz\u00e1ll\u00edt\u00f3szalagokt\u00f3l kezdve a csigarendszerekig \u00e9s a mobil gabonaberendez\u00e9sekig ez a sebess\u00e9gv\u00e1lt\u00f3 biztos\u00edtja a sima, megb\u00edzhat\u00f3 \u00e9s hat\u00e9kony er\u0151\u00e1tvitelt a mez\u0151gazdas\u00e1gi \u00e9s gabonat\u00e1rol\u00f3 rendszerekben. Robusztus fel\u00e9p\u00edt\u00e9se, tart\u00f3ss\u00e1ga \u00e9s alkalmazkod\u00f3k\u00e9pess\u00e9ge n\u00e9lk\u00fcl\u00f6zhetetlen alkot\u00f3elem\u00e9v\u00e9 teszi minden gabonasz\u00e1ll\u00edt\u00f3 vagy -kezel\u0151 rendszernek, hossz\u00fa t\u00e1v\u00fa m\u0171k\u00f6d\u00e9si hat\u00e9konys\u00e1got \u00e9s megb\u00edzhat\u00f3s\u00e1got biztos\u00edtva.<\/p>\n<p><img loading=\"lazy\" decoding=\"async\" class=\"alignnone size-full wp-image-3118\" src=\"https:\/\/fmp-components.com\/wp-content\/uploads\/2025\/01\/Grain-Transportation-Gearbox-28.webp\" alt=\"Gabonasz\u00e1ll\u00edt\u00f3 sebess\u00e9gv\u00e1lt\u00f3-28\" width=\"1060\" height=\"519\" title=\"\" srcset=\"https:\/\/fmp-components.com\/wp-content\/uploads\/2025\/01\/Grain-Transportation-Gearbox-28.webp 1060w, https:\/\/fmp-components.com\/wp-content\/uploads\/2025\/01\/Grain-Transportation-Gearbox-28-980x480.webp 980w, https:\/\/fmp-components.com\/wp-content\/uploads\/2025\/01\/Grain-Transportation-Gearbox-28-480x235.webp 480w\" sizes=\"(min-width: 0px) and (max-width: 480px) 480px, (min-width: 481px) and (max-width: 980px) 980px, (min-width: 981px) 1060px, 100vw\" \/><\/p>\n<h2>Az FMP-r\u0151l<\/h2>\n<p>Az olaszorsz\u00e1gi sz\u00e9khely\u0171 FMP vezet\u0151 gy\u00e1rt\u00f3, amely kiv\u00e1l\u00f3 h\u00edrn\u00e9vnek \u00f6rvend a nagy teljes\u00edtm\u00e9ny\u0171 sebess\u00e9gv\u00e1lt\u00f3k tervez\u00e9s\u00e9ben, fejleszt\u00e9s\u00e9ben \u00e9s gy\u00e1rt\u00e1s\u00e1ban szerzett szak\u00e9rtelm\u00e9r\u0151l, k\u00fcl\u00f6n\u00f6sen a mez\u0151gazdas\u00e1gi g\u00e9pek szektor\u00e1ban. A prec\u00edzi\u00f3s m\u00e9rn\u00f6ki munk\u00e1r\u00f3l, innovat\u00edv megold\u00e1sair\u00f3l \u00e9s p\u00e1ratlan megb\u00edzhat\u00f3s\u00e1g\u00e1r\u00f3l ismert FMP megb\u00edzhat\u00f3 partnerr\u00e9 v\u00e1lt mind a mez\u0151gazdas\u00e1gi, mind az ipari piacon. Kiterjedt term\u00e9kportf\u00f3li\u00f3nk mag\u00e1ban foglalja a f\u0171ny\u00edr\u00f3khoz, kard\u00e1ntengelyekhez \u00e9s sz\u00e1mos egy\u00e9b alapvet\u0151 alkatr\u00e9szhez k\u00e9sz\u00fclt, egyedi tervez\u00e9s\u0171 sebess\u00e9gv\u00e1lt\u00f3kat \u2013 mindegyiket apr\u00f3l\u00e9kosan kidolgozva, hogy megfeleljen a k\u00fcl\u00f6nf\u00e9le alkalmaz\u00e1sok egyedi k\u00f6vetelm\u00e9nyeinek.<\/p>\n<p>Az FMP-n\u00e9l tiszt\u00e1ban vagyunk azzal, hogy minden \u00fcgyf\u00e9l egyedi kih\u00edv\u00e1sokkal n\u00e9z szembe. Ez a meg\u00e9rt\u00e9s \u00f6szt\u00f6n\u00f6z minket arra, hogy szem\u00e9lyre szabott megold\u00e1sokat k\u00edn\u00e1ljunk, legyen sz\u00f3 ak\u00e1r egyedi komponensekr\u0151l, ak\u00e1r teljesen integr\u00e1lt rendszerekr\u0151l. \u00dcgyfeleinkkel szorosan egy\u00fcttm\u0171k\u00f6dve biztos\u00edtjuk, hogy minden megold\u00e1s ne csak a pontos ig\u00e9nyeiket el\u00e9g\u00edtse ki, hanem optimaliz\u00e1lja a teljes\u00edtm\u00e9nyt \u00e9s maximaliz\u00e1lja az \u00e9rt\u00e9ket. A gyors, professzion\u00e1lis v\u00e1laszok \u00e9s a szak\u00e9rt\u0151i \u00fatmutat\u00e1s ir\u00e1nti elk\u00f6telezetts\u00e9g\u00fcnk biztos\u00edtja, hogy minden megkeres\u00e9sre pontosan v\u00e1laszoljunk, ami a lehet\u0151 legjobb eredm\u00e9nyekhez vezet.<\/p>\n<p>A teljes term\u00e9kfejleszt\u00e9si ciklus sor\u00e1n kiemelt fontoss\u00e1g\u00fanak tartjuk a vil\u00e1gos \u00e9s folyamatos kommunik\u00e1ci\u00f3t. Elk\u00f6telezett csapatunk szorosan egy\u00fcttm\u0171k\u00f6dik az \u00fcgyfelekkel, hogy m\u00e9lyrehat\u00f3an meg\u00e9rtse ig\u00e9nyeiket, \u00e9s \u00e9rt\u00e9kes betekint\u00e9st \u00e9s aj\u00e1nl\u00e1sokat k\u00edn\u00e1ljon az optim\u00e1lis eredm\u00e9nyek biztos\u00edt\u00e1sa \u00e9rdek\u00e9ben. Ak\u00e1r \u00e9lvonalbeli term\u00e9keket tervez\u00fcnk, ak\u00e1r rutinmegrendel\u00e9seket teljes\u00edt\u00fcnk, az FMP tov\u00e1bbra is rend\u00edthetetlen\u00fcl magas min\u0151s\u00e9g\u0171, prec\u00edzi\u00f3san megtervezett megold\u00e1sokat sz\u00e1ll\u00edt id\u0151ben \u2013 minden alkalommal. K\u00fcldet\u00e9s\u00fcnk, hogy minden projektben kiv\u00e9teles szolg\u00e1ltat\u00e1st \u00e9s eredm\u00e9nyeket ny\u00fajtva fel\u00fclm\u00faljuk \u00fcgyfeleink elv\u00e1r\u00e1sait.<\/p>\n<p>A min\u0151s\u00e9g az FMP m\u0171k\u00f6d\u00e9s\u00e9nek sarokk\u00f6ve. A legmagasabb gy\u00e1rt\u00e1si szabv\u00e1nyokat tartjuk be, \u00e9s szigor\u00fa min\u0151s\u00e9gellen\u0151rz\u00e9si folyamatokat alkalmazunk annak biztos\u00edt\u00e1s\u00e1ra, hogy minden term\u00e9k ne csak megfeleljen, hanem gyakran meghaladja az ipar\u00e1gi szabv\u00e1nyokat. Ez a kiv\u00e1l\u00f3s\u00e1g ir\u00e1nti rend\u00edthetetlen elk\u00f6telezetts\u00e9g, valamint az olyan alapvet\u0151 \u00e9rt\u00e9keink, mint az integrit\u00e1s, a csapatmunka \u00e9s a kitart\u00e1s, lehet\u0151v\u00e9 tette sz\u00e1munkra, hogy hossz\u00fa t\u00e1v\u00fa, bizalmon alapul\u00f3 kapcsolatokat alak\u00edtsunk ki \u00fcgyfeleinkkel vil\u00e1gszerte k\u00f6zel 30 orsz\u00e1gban.<\/p>\n<p>Az FMP-n\u00e9l mindig arra t\u00f6reksz\u00fcnk, hogy glob\u00e1lis partners\u00e9geket \u00e1poljunk szak\u00e9rt\u0151i tan\u00e1csokkal \u00e9s testreszabott megold\u00e1sokkal, amelyek megfelelnek \u00fcgyfeleink v\u00e1ltoz\u00f3 ig\u00e9nyeinek. Hossz\u00fa t\u00e1v\u00fa, k\u00f6lcs\u00f6n\u00f6sen el\u0151ny\u00f6s kapcsolatok ki\u00e9p\u00edt\u00e9s\u00e9re t\u00f6reksz\u00fcnk, amelyek minden projekt siker\u00e9t el\u0151mozd\u00edtj\u00e1k. Ak\u00e1r innovat\u00edv megold\u00e1sokat keres egy \u00faj kezdem\u00e9nyez\u00e9shez, ak\u00e1r folyamatos t\u00e1mogat\u00e1sra van sz\u00fcks\u00e9ge egy megl\u00e9v\u0151 rendszerhez, az FMP k\u00e9szen \u00e1ll arra, hogy seg\u00edtsen lek\u00fczdeni a technikai kih\u00edv\u00e1sokat \u00e9s biztos\u00edtsa a folyamatos sikert.<\/p>\n<p><img loading=\"lazy\" decoding=\"async\" class=\"alignnone wp-image-2695\" src=\"https:\/\/fmp-components.com\/wp-content\/uploads\/2025\/01\/agricultural-gearbox3.webp\" alt=\"mez\u0151gazdas\u00e1gi sebess\u00e9gv\u00e1lt\u00f3\" width=\"1140\" height=\"1138\" title=\"\" srcset=\"https:\/\/fmp-components.com\/wp-content\/uploads\/2025\/01\/agricultural-gearbox3.webp 1140w, https:\/\/fmp-components.com\/wp-content\/uploads\/2025\/01\/agricultural-gearbox3-480x479.webp 480w\" sizes=\"(min-width: 0px) and (max-width: 480px) 480px, (min-width: 481px) 1140px, 100vw\" \/><\/p>\n<p>Szerz\u0151: CX<\/p>","protected":false},"excerpt":{"rendered":"<p>Grain Transportation Gearbox FMP-2168 Dimension Grain Transportation Gearbox FMP-2168 Specifications Product Name Grain Transportation\u00a0gearbox Material HT250\u00a0for housing, 40CrMnTi for gear shaft. Color Customized Ratio 1:1 Rate power 24HP Weight 11.5KG Used Grain transportation Advantages of Using Grain Transportation Gearbox FMP-2168 High Torque Capacity The FMP-2168 grain transportation gearbox is designed to handle high torque loads, [&hellip;]<\/p>","protected":false},"featured_media":3116,"comment_status":"open","ping_status":"closed","template":"","meta":{"_et_pb_use_builder":"","_et_pb_old_content":"","_et_gb_content_width":""},"product_brand":[],"product_cat":[74],"product_tag":[],"class_list":{"0":"post-3115","1":"product","2":"type-product","3":"status-publish","4":"has-post-thumbnail","6":"product_cat-grain-transportation-gearbox","8":"first","9":"instock","10":"shipping-taxable","11":"product-type-simple"},"_links":{"self":[{"href":"https:\/\/fmp-components.com\/hu\/wp-json\/wp\/v2\/product\/3115","targetHints":{"allow":["GET"]}}],"collection":[{"href":"https:\/\/fmp-components.com\/hu\/wp-json\/wp\/v2\/product"}],"about":[{"href":"https:\/\/fmp-components.com\/hu\/wp-json\/wp\/v2\/types\/product"}],"replies":[{"embeddable":true,"href":"https:\/\/fmp-components.com\/hu\/wp-json\/wp\/v2\/comments?post=3115"}],"wp:featuredmedia":[{"embeddable":true,"href":"https:\/\/fmp-components.com\/hu\/wp-json\/wp\/v2\/media\/3116"}],"wp:attachment":[{"href":"https:\/\/fmp-components.com\/hu\/wp-json\/wp\/v2\/media?parent=3115"}],"wp:term":[{"taxonomy":"product_brand","embeddable":true,"href":"https:\/\/fmp-components.com\/hu\/wp-json\/wp\/v2\/product_brand?post=3115"},{"taxonomy":"product_cat","embeddable":true,"href":"https:\/\/fmp-components.com\/hu\/wp-json\/wp\/v2\/product_cat?post=3115"},{"taxonomy":"product_tag","embeddable":true,"href":"https:\/\/fmp-components.com\/hu\/wp-json\/wp\/v2\/product_tag?post=3115"}],"curies":[{"name":"munkaf\u00fczet","href":"https:\/\/api.w.org\/{rel}","templated":true}]}}