{"id":3094,"date":"2025-01-05T00:29:23","date_gmt":"2025-01-05T00:29:23","guid":{"rendered":"https:\/\/fmp-components.com\/?page_id=8"},"modified":"2025-01-05T00:53:33","modified_gmt":"2025-01-05T00:53:33","slug":"t-series-grain-storage-gearbox-fmp-4090-for-agricultural-grain-storage","status":"publish","type":"product","link":"https:\/\/fmp-components.com\/hu\/product\/t-series-grain-storage-gearbox-fmp-4090-for-agricultural-grain-storage\/","title":{"rendered":"T sorozat\u00fa gabonat\u00e1rol\u00f3 sebess\u00e9gv\u00e1lt\u00f3 FMP-4090 mez\u0151gazdas\u00e1gi gabonat\u00e1rol\u00e1shoz"},"content":{"rendered":"<h2>T sorozat\u00fa gabonat\u00e1rol\u00f3 sebess\u00e9gv\u00e1lt\u00f3 FMP-4090 specifik\u00e1ci\u00f3k<\/h2>\n<table style=\"width: 97.8083%; height: 184px;\" border=\"1\" cellspacing=\"0\" cellpadding=\"0\">\n<tbody>\n<tr class=\"firstRow\">\n<td>Term\u00e9k neve<\/td>\n<td>Gabonat\u00e1rol\u00f3 sebess\u00e9gv\u00e1lt\u00f3<\/td>\n<\/tr>\n<tr>\n<td>Anyag<\/td>\n<td>A380 h\u00e1zhoz, 40CrMnTi fogasker\u00e9ktengelyhez.<\/td>\n<\/tr>\n<tr>\n<td>Sz\u00edn<\/td>\n<td>Testreszabott<\/td>\n<\/tr>\n<tr>\n<td>H\u00e1nyados<\/td>\n<td>1:35:1<\/td>\n<\/tr>\n<tr>\n<td>Teljes\u00edtm\u00e9ny<\/td>\n<td>45 LE<\/td>\n<\/tr>\n<tr>\n<td>S\u00faly<\/td>\n<td>13,2 kg<\/td>\n<\/tr>\n<tr>\n<td>Haszn\u00e1lt<\/td>\n<td>Gabonat\u00e1rol\u00e1s<\/td>\n<\/tr>\n<\/tbody>\n<\/table>\n<h2>A T sorozat\u00fa gabonat\u00e1rol\u00f3 sebess\u00e9gv\u00e1lt\u00f3 mez\u0151gazdas\u00e1gi haszn\u00e1lat\u00e1nak el\u0151nyei<\/h2>\n<p>A T sorozat\u00fa gabonat\u00e1rol\u00f3 hajt\u00f3m\u0171 sz\u00e1mos el\u0151nnyel j\u00e1r mez\u0151gazdas\u00e1gi alkalmaz\u00e1sokban, k\u00fcl\u00f6n\u00f6sen a gabonat\u00e1rol\u00f3 rendszerekben. \u00cdme a hajt\u00f3m\u0171 haszn\u00e1lat\u00e1nak f\u0151bb el\u0151nyei:<\/p>\n<p><strong>1. Fokozott tart\u00f3ss\u00e1g \u00e9s megb\u00edzhat\u00f3s\u00e1g<\/strong><\/p>\n<ul>\n<li>Hosszan tart\u00f3 teljes\u00edtm\u00e9ny: A T sorozat\u00fa sebess\u00e9gv\u00e1lt\u00f3k robusztus anyagokb\u00f3l \u00e9s prec\u00edzi\u00f3s m\u00e9rn\u00f6ki munk\u00e1val k\u00e9sz\u00fclnek, \u00edgy biztos\u00edtva, hogy ellen\u00e1lljanak a mez\u0151gazdas\u00e1gi k\u00f6rnyezetben jellemz\u0151 zord k\u00f6r\u00fclm\u00e9nyeknek. Ez a tart\u00f3ss\u00e1g kevesebb meghib\u00e1sod\u00e1shoz \u00e9s hosszabb \u00e9lettartamhoz vezet, cs\u00f6kkentve a karbantart\u00e1si k\u00f6lts\u00e9geket \u00e9s az \u00e1ll\u00e1sid\u0151t.<\/li>\n<\/ul>\n<p><strong>2. Nagy hat\u00e9konys\u00e1g<\/strong><\/p>\n<ul>\n<li>Optimaliz\u00e1lt er\u0151\u00e1tvitel: A sebess\u00e9gv\u00e1lt\u00f3kat hat\u00e9kony er\u0151\u00e1tvitelre tervezt\u00e9k, biztos\u00edtva a teljes gabonakezel\u0151 \u00e9s -t\u00e1rol\u00f3 rendszer z\u00f6kken\u0151mentes m\u0171k\u00f6d\u00e9s\u00e9t. Ez a hat\u00e9konys\u00e1g seg\u00edt cs\u00f6kkenteni az energiafogyaszt\u00e1st \u00e9s az \u00fczemeltet\u00e9si k\u00f6lts\u00e9geket, mik\u00f6zben optim\u00e1lis teljes\u00edtm\u00e9nyt ny\u00fajt.<\/li>\n<\/ul>\n<p><strong>3. Testreszab\u00e1si lehet\u0151s\u00e9gek<\/strong><\/p>\n<ul>\n<li>Egyedi ig\u00e9nyekre szabva: A T sorozat testreszabhat\u00f3 a k\u00fcl\u00f6nb\u00f6z\u0151 gabonat\u00e1rol\u00e1si alkalmaz\u00e1sok egyedi ig\u00e9nyeinek kiel\u00e9g\u00edt\u00e9s\u00e9re. Ak\u00e1r kis\u00fczemi m\u0171veletekr\u0151l, ak\u00e1r nagy t\u00e1rol\u00f3l\u00e9tes\u00edtm\u00e9nyekr\u0151l van sz\u00f3, ez a sebess\u00e9gv\u00e1lt\u00f3 a k\u00fcl\u00f6nf\u00e9le konfigur\u00e1ci\u00f3khoz \u00e9s rendszerm\u00e9retekhez igaz\u00edthat\u00f3.<\/li>\n<\/ul>\n<p><strong>4. Z\u00f6kken\u0151mentes m\u0171k\u00f6d\u00e9s<\/strong><\/p>\n<ul>\n<li>Zaj- \u00e9s rezg\u00e9scs\u00f6kkent\u00e9s: A T sorozat\u00fa sebess\u00e9gv\u00e1lt\u00f3 fejlett kialak\u00edt\u00e1sa \u00e9s kivitelez\u00e9se minimaliz\u00e1lja az \u00fczemi zajt \u00e9s rezg\u00e9seket. Ez csendesebb \u00e9s stabilabb munkak\u00f6rnyezetet teremt, hozz\u00e1j\u00e1rulva a rendszer jobb teljes\u00edtm\u00e9ny\u00e9hez.<\/li>\n<\/ul>\n<p><strong>5. Jav\u00edtott gabonakezel\u00e9s<\/strong><\/p>\n<ul>\n<li>Egyenletes m\u0171k\u00f6d\u00e9s: Megb\u00edzhat\u00f3 er\u0151\u00e1tvitel\u00e9vel \u00e9s prec\u00edzi\u00f3s vez\u00e9rl\u00e9s\u00e9vel a T sorozat\u00fa sebess\u00e9gv\u00e1lt\u00f3 biztos\u00edtja a gabonakezel\u0151 berendez\u00e9sek, p\u00e9ld\u00e1ul a sz\u00e1ll\u00edt\u00f3szalagok \u00e9s a csig\u00e1k egyenletes \u00e9s k\u00f6vetkezetes m\u0171k\u00f6d\u00e9s\u00e9t. Ez seg\u00edt megel\u0151zni a gabona k\u00e1rosod\u00e1s\u00e1t, \u00e9s biztos\u00edtja a hat\u00e9kony t\u00e1rol\u00e1st.<\/li>\n<\/ul>\n<p>A T sorozat\u00fa gabonat\u00e1rol\u00f3 sebess\u00e9gv\u00e1lt\u00f3 mez\u0151gazdas\u00e1gi alkalmaz\u00e1sokban t\u00f6rt\u00e9n\u0151 haszn\u00e1lata n\u00f6veli a hat\u00e9konys\u00e1got, cs\u00f6kkenti az \u00fczemeltet\u00e9si k\u00f6lts\u00e9geket \u00e9s meghosszabb\u00edtja a berendez\u00e9sek \u00e9lettartam\u00e1t, mik\u00f6zben magas megb\u00edzhat\u00f3s\u00e1got \u00e9s alacsony karbantart\u00e1si ig\u00e9nyt biztos\u00edt. Ezek az el\u0151ny\u00f6k kiv\u00e1l\u00f3 v\u00e1laszt\u00e1ss\u00e1 teszik b\u00e1rmely modern gabonat\u00e1rol\u00f3 l\u00e9tes\u00edtm\u00e9ny sz\u00e1m\u00e1ra, biztos\u00edtva a z\u00f6kken\u0151mentesebb m\u0171k\u00f6d\u00e9st \u00e9s a magasabb megt\u00e9r\u00fcl\u00e9st a befektet\u00e9sek tekintet\u00e9ben.<\/p>\n<table style=\"border-collapse: collapse; width: 102.065%; height: 354px;\" border=\"0\" width=\"128\" cellspacing=\"0\" cellpadding=\"0\">\n<tbody>\n<tr style=\"height: 13.8pt;\">\n<td style=\"height: 13.8pt; width: 48.318%;\" align=\"right\" width=\"64\" height=\"18\"><img loading=\"lazy\" decoding=\"async\" class=\"alignnone size-full wp-image-3099\" src=\"https:\/\/fmp-components.com\/wp-content\/uploads\/2025\/01\/T-Series-Grain-Storage-Gearbox-for-Agricultural-1.webp\" alt=\"Gabonat\u00e1rol\u00f3 hajt\u00f3m\u0171\" width=\"1000\" height=\"623\" title=\"\" srcset=\"https:\/\/fmp-components.com\/wp-content\/uploads\/2025\/01\/T-Series-Grain-Storage-Gearbox-for-Agricultural-1.webp 1000w, https:\/\/fmp-components.com\/wp-content\/uploads\/2025\/01\/T-Series-Grain-Storage-Gearbox-for-Agricultural-1-980x611.webp 980w, https:\/\/fmp-components.com\/wp-content\/uploads\/2025\/01\/T-Series-Grain-Storage-Gearbox-for-Agricultural-1-480x299.webp 480w\" sizes=\"(min-width: 0px) and (max-width: 480px) 480px, (min-width: 481px) and (max-width: 980px) 980px, (min-width: 981px) 1000px, 100vw\" \/><\/td>\n<td style=\"width: 51.58%;\" align=\"right\" width=\"64\"><img loading=\"lazy\" decoding=\"async\" class=\"alignnone size-full wp-image-3101\" src=\"https:\/\/fmp-components.com\/wp-content\/uploads\/2025\/01\/Grain-Storage-Gearbox-21.webp\" alt=\"Gabonat\u00e1rol\u00f3 hajt\u00f3m\u0171\" width=\"946\" height=\"551\" title=\"\" srcset=\"https:\/\/fmp-components.com\/wp-content\/uploads\/2025\/01\/Grain-Storage-Gearbox-21.webp 946w, https:\/\/fmp-components.com\/wp-content\/uploads\/2025\/01\/Grain-Storage-Gearbox-21-480x280.webp 480w\" sizes=\"(min-width: 0px) and (max-width: 480px) 480px, (min-width: 481px) 946px, 100vw\" \/><\/td>\n<\/tr>\n<\/tbody>\n<\/table>\n<h2>A T sorozat\u00fa gabonat\u00e1rol\u00f3 sebess\u00e9gv\u00e1lt\u00f3 alkalmaz\u00e1sa mez\u0151gazdas\u00e1gi c\u00e9lokra<\/h2>\n<p>A T sorozat\u00fa gabonat\u00e1rol\u00f3 sebess\u00e9gv\u00e1lt\u00f3t sz\u00e9les k\u00f6rben haszn\u00e1lj\u00e1k k\u00fcl\u00f6nf\u00e9le mez\u0151gazdas\u00e1gi alkalmaz\u00e1sokban, k\u00fcl\u00f6n\u00f6sen a gabonakezel\u00e9ssel \u00e9s -t\u00e1rol\u00e1ssal kapcsolatosakban. Robusztus kialak\u00edt\u00e1sa \u00e9s hat\u00e9konys\u00e1ga n\u00e9lk\u00fcl\u00f6zhetetlen elemm\u00e9 teszi sz\u00e1mos mez\u0151gazdas\u00e1gi m\u0171veletben. \u00cdme a T sorozat\u00fa gabonat\u00e1rol\u00f3 sebess\u00e9gv\u00e1lt\u00f3 n\u00e9h\u00e1ny f\u0151bb alkalmaz\u00e1sa:<\/p>\n<p><strong>1. Gabonasz\u00e1ll\u00edt\u00f3 rendszerek<\/strong><\/p>\n<ul>\n<li>Feladat: A sebess\u00e9gv\u00e1lt\u00f3 hajtja a sz\u00e1ll\u00edt\u00f3szalagokat, amelyek a gabon\u00e1t a t\u00e1rol\u00f3l\u00e9tes\u00edtm\u00e9nyeken bel\u00fcl egyik helyr\u0151l a m\u00e1sikra, vagy a feldolgoz\u00e1s k\u00fcl\u00f6nb\u00f6z\u0151 szakaszai k\u00f6z\u00f6tt sz\u00e1ll\u00edtj\u00e1k.<\/li>\n<li>Alkalmaz\u00e1s: A serleges felvon\u00f3kban, v\u00edzszintes \u00e9s ferde sz\u00e1ll\u00edt\u00f3szalagokban haszn\u00e1lt T sorozat\u00fa sebess\u00e9gv\u00e1lt\u00f3 biztos\u00edtja a sima \u00e9s hat\u00e9kony gabonamozg\u00e1st, cs\u00f6kkentve az elakad\u00e1sok \u00e9s k\u00e9sedelmek kock\u00e1zat\u00e1t.<\/li>\n<\/ul>\n<p><strong>2. Gabonacs\u00edrok<\/strong><\/p>\n<ul>\n<li>Feladat: A csig\u00e1kat \u00e1ltal\u00e1ban a gabona teheraut\u00f3kb\u00f3l vagy sil\u00f3kb\u00f3l t\u00f6rt\u00e9n\u0151 be- \u00e9s kirakod\u00e1s\u00e1ra haszn\u00e1lj\u00e1k. A T sorozat\u00fa sebess\u00e9gv\u00e1lt\u00f3 hajtja a csigarendszert, biztos\u00edtva a megb\u00edzhat\u00f3 \u00e9s folyamatos gabona\u00e1raml\u00e1st.<\/li>\n<li>Alkalmaz\u00e1s: A sebess\u00e9gv\u00e1lt\u00f3 biztos\u00edtja az \u00e1lland\u00f3 forg\u00e1st \u00e9s az optim\u00e1lis vez\u00e9rl\u00e9st, megakad\u00e1lyozza az elt\u00f6m\u0151d\u00e9seket \u00e9s minimaliz\u00e1lja a csigarendszer kop\u00e1s\u00e1t, ez\u00e1ltal jav\u00edtva a m\u0171k\u00f6d\u00e9si hat\u00e9konys\u00e1got.<\/li>\n<\/ul>\n<p><strong>3. Gabonasz\u00e1r\u00edt\u00f3 rendszerek<\/strong><\/p>\n<ul>\n<li>Szerep: A gabonasz\u00e1r\u00edt\u00f3kban a sebess\u00e9gv\u00e1lt\u00f3 hajtja a forg\u00f3 dobot vagy sz\u00e1ll\u00edt\u00f3szalag-rendszereket, amelyek a gabon\u00e1t egyenletes sz\u00e1r\u00edt\u00e1s \u00e9rdek\u00e9ben keringetik.<\/li>\n<li>Alkalmaz\u00e1s: A sz\u00fcks\u00e9ges nyomat\u00e9k biztos\u00edt\u00e1s\u00e1val a T sorozat\u00fa sebess\u00e9gv\u00e1lt\u00f3 hat\u00e9kony \u00e9s eredm\u00e9nyes sz\u00e1r\u00edt\u00e1st biztos\u00edt, ami elengedhetetlen a gabonamin\u0151s\u00e9g fenntart\u00e1s\u00e1hoz \u00e9s a nedvess\u00e9gtartalom cs\u00f6kkent\u00e9s\u00e9hez.<\/li>\n<\/ul>\n<p><strong>4. Gabonat\u00e1rol\u00f3 sil\u00f3k \u00fczemeltet\u00e9se<\/strong><\/p>\n<ul>\n<li>Feladat: A T sorozat\u00fa sebess\u00e9gv\u00e1lt\u00f3 k\u00fcl\u00f6nf\u00e9le mechanizmusokat hajt meg a gabonasil\u00f3kban, bele\u00e9rtve a leveg\u0151ztet\u0151 rendszereket, az \u00fcr\u00edt\u0151csig\u00e1kat \u00e9s a sz\u00e1ll\u00edt\u00f3szalagokat.<\/li>\n<li>Alkalmaz\u00e1s: Biztos\u00edtja a gabona sil\u00f3kba t\u00f6rt\u00e9n\u0151 be- \u00e9s kisz\u00e1ll\u00edt\u00e1s\u00e1nak z\u00f6kken\u0151mentes \u00e9s megb\u00edzhat\u00f3 folyamat\u00e1t, jobb t\u00e1rol\u00e1si k\u00f6r\u00fclm\u00e9nyeket biztos\u00edtva \u00e9s cs\u00f6kkentve a rossz szell\u0151z\u00e9s miatti roml\u00e1s lehet\u0151s\u00e9g\u00e9t.<\/li>\n<\/ul>\n<p><strong>5. Gabonatiszt\u00edt\u00f3 \u00e9s -v\u00e1logat\u00f3 berendez\u00e9sek<\/strong><\/p>\n<ul>\n<li>Szerep: A sebess\u00e9gv\u00e1lt\u00f3 a tiszt\u00edt\u00f3- \u00e9s v\u00e1logat\u00f3g\u00e9pek, p\u00e9ld\u00e1ul vibr\u00e1ci\u00f3s szit\u00e1k, tiszt\u00edt\u00f3k \u00e9s v\u00e1logat\u00f3k motorjainak meghajt\u00e1s\u00e1ra szolg\u00e1l, amelyeket a gabona t\u00e1rol\u00e1sra vagy \u00e9rt\u00e9kes\u00edt\u00e9sre val\u00f3 el\u0151k\u00e9sz\u00edt\u00e9s\u00e9re haszn\u00e1lnak.<\/li>\n<li>Alkalmaz\u00e1s: Hat\u00e9kony er\u0151\u00e1tvitel\u00e9nek k\u00f6sz\u00f6nhet\u0151en a T sorozat\u00fa sebess\u00e9gv\u00e1lt\u00f3 biztos\u00edtja a tiszt\u00edt\u00f3berendez\u00e9sek egyenletes teljes\u00edtm\u00e9ny\u00e9t, seg\u00edt elt\u00e1vol\u00edtani a szennyez\u0151d\u00e9seket, \u00e9s biztos\u00edtja, hogy csak kiv\u00e1l\u00f3 min\u0151s\u00e9g\u0171 gabona ker\u00fclj\u00f6n t\u00e1rol\u00e1sra vagy sz\u00e1ll\u00edt\u00e1sra.<\/li>\n<\/ul>\n<p>A T sorozat\u00fa gabonat\u00e1rol\u00f3 hajt\u00f3m\u0171 n\u00e9lk\u00fcl\u00f6zhetetlen eleme sz\u00e1mos mez\u0151gazdas\u00e1gi folyamatnak, megb\u00edzhat\u00f3 \u00e9s hat\u00e9kony er\u0151\u00e1tvitelt biztos\u00edtva a k\u00fcl\u00f6nf\u00e9le gabonakezel\u00e9si, -feldolgoz\u00e1si \u00e9s -t\u00e1rol\u00f3 rendszerekhez. Sokoldal\u00fas\u00e1ga, hat\u00e9konys\u00e1ga \u00e9s tart\u00f3ss\u00e1ga ide\u00e1liss\u00e1 teszi gabonasz\u00e1ll\u00edt\u00e1shoz, sz\u00e1r\u00edt\u00e1shoz, v\u00e1logat\u00e1shoz, \u0151rl\u00e9shez \u00e9s egyebekhez, biztos\u00edtva a z\u00f6kken\u0151mentes m\u0171k\u00f6d\u00e9st a mez\u0151gazdas\u00e1gi alkalmaz\u00e1sok sz\u00e9les k\u00f6r\u00e9ben.<\/p>\n<p><img loading=\"lazy\" decoding=\"async\" class=\"alignnone size-full wp-image-3096\" src=\"https:\/\/fmp-components.com\/wp-content\/uploads\/2025\/01\/Grain-Storage-Gearbox-28.webp\" alt=\"Gabonat\u00e1rol\u00f3 hajt\u00f3m\u0171\" width=\"1200\" height=\"950\" title=\"\" srcset=\"https:\/\/fmp-components.com\/wp-content\/uploads\/2025\/01\/Grain-Storage-Gearbox-28.webp 1200w, https:\/\/fmp-components.com\/wp-content\/uploads\/2025\/01\/Grain-Storage-Gearbox-28-980x776.webp 980w, https:\/\/fmp-components.com\/wp-content\/uploads\/2025\/01\/Grain-Storage-Gearbox-28-480x380.webp 480w\" sizes=\"(min-width: 0px) and (max-width: 480px) 480px, (min-width: 481px) and (max-width: 980px) 980px, (min-width: 981px) 1200px, 100vw\" \/><\/p>\n<h2>Az FMP-r\u0151l<\/h2>\n<p>Az olaszorsz\u00e1gi sz\u00e9khely\u0171 FMP vezet\u0151 gy\u00e1rt\u00f3, amely nagy teljes\u00edtm\u00e9ny\u0171 sebess\u00e9gv\u00e1lt\u00f3k tervez\u00e9s\u00e9ben, fejleszt\u00e9s\u00e9ben \u00e9s gy\u00e1rt\u00e1s\u00e1ban szerzett szak\u00e9rtelm\u00e9r\u0151l ismert, els\u0151sorban a mez\u0151gazdas\u00e1gi g\u00e9piparra \u00f6sszpontos\u00edtva. A prec\u00edzi\u00f3s m\u00e9rn\u00f6ki munk\u00e1r\u00f3l, innovat\u00edv megold\u00e1sokr\u00f3l \u00e9s rend\u00edthetetlen megb\u00edzhat\u00f3s\u00e1gr\u00f3l ismert FMP megb\u00edzhat\u00f3 partnerr\u00e9 v\u00e1lt mind a mez\u0151gazdas\u00e1gi, mind az ipari piacon. Kiterjedt portf\u00f3li\u00f3nk mag\u00e1ban foglalja a f\u0171ny\u00edr\u00f3khoz, kard\u00e1ntengelyekhez \u00e9s sz\u00e1mos kritikus alkatr\u00e9szhez k\u00e9sz\u00fclt, egyedi tervez\u00e9s\u0171 sebess\u00e9gv\u00e1lt\u00f3kat, amelyek mindegyike apr\u00f3l\u00e9kos odafigyel\u00e9ssel k\u00e9sz\u00fclt, hogy megfeleljen a k\u00fcl\u00f6nf\u00e9le alkalmaz\u00e1sok sokr\u00e9t\u0171 ig\u00e9nyeinek.<\/p>\n<p>Az FMP-n\u00e9l felismerj\u00fck, hogy minden \u00fcgyf\u00e9l egyedi kih\u00edv\u00e1sokkal n\u00e9z szembe. Ez\u00e9rt specializ\u00e1l\u00f3dtunk a szem\u00e9lyre szabott megold\u00e1sok ny\u00fajt\u00e1s\u00e1ra, legyen sz\u00f3 ak\u00e1r egyedi komponensekr\u0151l, ak\u00e1r teljesen integr\u00e1lt rendszerekr\u0151l. \u00dcgyfeleinkkel szorosan egy\u00fcttm\u0171k\u00f6dve biztos\u00edtjuk, hogy minden megold\u00e1s ne csak megfeleljen az egyedi ig\u00e9nyeiknek, hanem n\u00f6velje a teljes\u00edtm\u00e9nyt \u00e9s maximaliz\u00e1lja az \u00e9rt\u00e9ket. Elk\u00f6telezettek vagyunk a gyors, professzion\u00e1lis v\u00e1laszok \u00e9s a szak\u00e9rt\u0151i \u00fatmutat\u00e1s ir\u00e1nt, \u00edgy minden megkeres\u00e9st prec\u00edzen kezel\u00fcnk, mindig optim\u00e1lis eredm\u00e9nyekhez vezetve.<\/p>\n<p>A teljes term\u00e9kfejleszt\u00e9si ciklus sor\u00e1n a vil\u00e1gos \u00e9s folyamatos kommunik\u00e1ci\u00f3 \u00e1ll megk\u00f6zel\u00edt\u00e9s\u00fcnk k\u00f6z\u00e9ppontj\u00e1ban. Elk\u00f6telezett csapatunk k\u00f6zvetlen\u00fcl egy\u00fcttm\u0171k\u00f6dik az \u00fcgyfelekkel, hogy m\u00e9lyrehat\u00f3an meg\u00e9rtse ig\u00e9nyeiket, \u00e9rt\u00e9kes betekint\u00e9st \u00e9s aj\u00e1nl\u00e1sokat k\u00edn\u00e1lva a legjobb eredm\u00e9nyek el\u00e9r\u00e9se \u00e9rdek\u00e9ben. Ak\u00e1r \u00e9lvonalbeli term\u00e9keket tervez\u00fcnk, ak\u00e1r rutinmegrendel\u00e9seket teljes\u00edt\u00fcnk, az FMP elk\u00f6telezett amellett, hogy minden alkalommal kiv\u00e1l\u00f3 min\u0151s\u00e9g\u0171, prec\u00edzi\u00f3san megtervezett megold\u00e1sokat sz\u00e1ll\u00edtson id\u0151ben. K\u00fcldet\u00e9s\u00fcnk, hogy minden projektben kiv\u00e9teles szolg\u00e1ltat\u00e1st \u00e9s kiemelked\u0151 eredm\u00e9nyeket ny\u00fajtva k\u00f6vetkezetesen fel\u00fclm\u00faljuk \u00fcgyfeleink elv\u00e1r\u00e1sait.<\/p>\n<p>A min\u0151s\u00e9g k\u00f6zponti szerepet j\u00e1tszik mindenben, amit az FMP-n\u00e9l tesz\u00fcnk. Betartjuk a legmagasabb gy\u00e1rt\u00e1si szabv\u00e1nyokat, \u00e9s szigor\u00fa min\u0151s\u00e9gellen\u0151rz\u00e9si int\u00e9zked\u00e9seket alkalmazunk annak biztos\u00edt\u00e1sa \u00e9rdek\u00e9ben, hogy minden term\u00e9k ne csak megfeleljen, hanem gyakran meghaladja az ipar\u00e1gi szabv\u00e1nyokat. Ez a kiv\u00e1l\u00f3s\u00e1g ir\u00e1nti elk\u00f6telezetts\u00e9g, valamint az olyan alapvet\u0151 \u00e9rt\u00e9keink, mint az integrit\u00e1s, a csapatmunka \u00e9s a kitart\u00e1s, lehet\u0151v\u00e9 tette sz\u00e1munkra, hogy hossz\u00fa t\u00e1v\u00fa, bizalmon alapul\u00f3 kapcsolatokat \u00e9p\u00edts\u00fcnk ki \u00fcgyfeleinkkel vil\u00e1gszerte k\u00f6zel 30 orsz\u00e1gban.<\/p>\n<p>Az FMP mindig is sz\u00edvesen \u00e1polta a glob\u00e1lis partners\u00e9geket, szak\u00e9rt\u0151i tan\u00e1csokat \u00e9s szem\u00e9lyre szabott megold\u00e1sokat k\u00edn\u00e1lva \u00fcgyfeleink v\u00e1ltoz\u00f3 ig\u00e9nyeinek kiel\u00e9g\u00edt\u00e9s\u00e9re. Elk\u00f6telezettek vagyunk a hossz\u00fa t\u00e1v\u00fa, k\u00f6lcs\u00f6n\u00f6sen el\u0151ny\u00f6s kapcsolatok ki\u00e9p\u00edt\u00e9se ir\u00e1nt, amelyek minden projekt siker\u00e9t el\u0151mozd\u00edtj\u00e1k. Ak\u00e1r innovat\u00edv megold\u00e1sokat keres egy \u00faj v\u00e1llalkoz\u00e1shoz, ak\u00e1r folyamatos t\u00e1mogat\u00e1sra van sz\u00fcks\u00e9ge egy megl\u00e9v\u0151 rendszerhez, az FMP itt van, hogy seg\u00edtsen lek\u00fczdeni a technikai kih\u00edv\u00e1sokat \u00e9s biztos\u00edtani a folyamatos sikert.<\/p>\n<p><img loading=\"lazy\" decoding=\"async\" class=\"alignnone wp-image-2695\" src=\"https:\/\/fmp-components.com\/wp-content\/uploads\/2025\/01\/agricultural-gearbox3.webp\" alt=\"mez\u0151gazdas\u00e1gi sebess\u00e9gv\u00e1lt\u00f3\" width=\"1140\" height=\"1138\" title=\"\" srcset=\"https:\/\/fmp-components.com\/wp-content\/uploads\/2025\/01\/agricultural-gearbox3.webp 1140w, https:\/\/fmp-components.com\/wp-content\/uploads\/2025\/01\/agricultural-gearbox3-480x479.webp 480w\" sizes=\"(min-width: 0px) and (max-width: 480px) 480px, (min-width: 481px) 1140px, 100vw\" \/><\/p>\n<p>Szerz\u0151: CX<\/p>","protected":false},"excerpt":{"rendered":"<p>T Series Grain Storage Gearbox FMP-4090 Specifications Product Name Grain storage gearbox Material A380 for housing, 40CrMnTi for gear shaft. Color Customized Ratio 1:35:1 Rate power 45HP Weight 13.2KG Used Grain storage Benefits of Using the T Series Grain Storage Gearbox for Agricultural The T Series Grain Storage Gearbox offers numerous advantages for agricultural applications, [&hellip;]<\/p>","protected":false},"featured_media":3098,"comment_status":"open","ping_status":"closed","template":"","meta":{"_et_pb_use_builder":"","_et_pb_old_content":"","_et_gb_content_width":""},"product_brand":[],"product_cat":[73],"product_tag":[],"class_list":{"0":"post-3094","1":"product","2":"type-product","3":"status-publish","4":"has-post-thumbnail","6":"product_cat-grain-storage-gearbox","8":"first","9":"instock","10":"shipping-taxable","11":"product-type-simple"},"_links":{"self":[{"href":"https:\/\/fmp-components.com\/hu\/wp-json\/wp\/v2\/product\/3094","targetHints":{"allow":["GET"]}}],"collection":[{"href":"https:\/\/fmp-components.com\/hu\/wp-json\/wp\/v2\/product"}],"about":[{"href":"https:\/\/fmp-components.com\/hu\/wp-json\/wp\/v2\/types\/product"}],"replies":[{"embeddable":true,"href":"https:\/\/fmp-components.com\/hu\/wp-json\/wp\/v2\/comments?post=3094"}],"wp:featuredmedia":[{"embeddable":true,"href":"https:\/\/fmp-components.com\/hu\/wp-json\/wp\/v2\/media\/3098"}],"wp:attachment":[{"href":"https:\/\/fmp-components.com\/hu\/wp-json\/wp\/v2\/media?parent=3094"}],"wp:term":[{"taxonomy":"product_brand","embeddable":true,"href":"https:\/\/fmp-components.com\/hu\/wp-json\/wp\/v2\/product_brand?post=3094"},{"taxonomy":"product_cat","embeddable":true,"href":"https:\/\/fmp-components.com\/hu\/wp-json\/wp\/v2\/product_cat?post=3094"},{"taxonomy":"product_tag","embeddable":true,"href":"https:\/\/fmp-components.com\/hu\/wp-json\/wp\/v2\/product_tag?post=3094"}],"curies":[{"name":"munkaf\u00fczet","href":"https:\/\/api.w.org\/{rel}","templated":true}]}}