{"id":3074,"date":"2025-01-04T08:48:51","date_gmt":"2025-01-04T08:48:51","guid":{"rendered":"https:\/\/fmp-components.com\/?page_id=8"},"modified":"2025-01-04T08:53:07","modified_gmt":"2025-01-04T08:53:07","slug":"double-disc-fertilizer-spreader-gearbox-fmp-sf11-for-fertilizer-spreader","status":"publish","type":"product","link":"https:\/\/fmp-components.com\/hu\/product\/double-disc-fertilizer-spreader-gearbox-fmp-sf11-for-fertilizer-spreader\/","title":{"rendered":"Dupla t\u00e1rcs\u00e1s m\u0171tr\u00e1gyasz\u00f3r\u00f3 sebess\u00e9gv\u00e1lt\u00f3 FMP-SF11 m\u0171tr\u00e1gyasz\u00f3r\u00f3hoz"},"content":{"rendered":"<h2>K\u00e9tt\u00e1rcs\u00e1s m\u0171tr\u00e1gyasz\u00f3r\u00f3 hajt\u00f3m\u0171 FMP-SF11 m\u00e9retei<\/h2>\n<p><img loading=\"lazy\" decoding=\"async\" class=\"alignnone size-full wp-image-3083\" src=\"https:\/\/fmp-components.com\/wp-content\/uploads\/2025\/01\/Double-Disc-Fertilizer-Spreader-Gearbox-FMP-SF11-Dimensions-2.webp\" alt=\"Dupla-t\u00e1rcs\u00e1s-m\u0171tr\u00e1gyasz\u00f3r\u00f3-hajt\u00f3m\u0171-FMP-SF11-M\u00e9retek-2\" width=\"1606\" height=\"904\" title=\"\" srcset=\"https:\/\/fmp-components.com\/wp-content\/uploads\/2025\/01\/Double-Disc-Fertilizer-Spreader-Gearbox-FMP-SF11-Dimensions-2.webp 1606w, https:\/\/fmp-components.com\/wp-content\/uploads\/2025\/01\/Double-Disc-Fertilizer-Spreader-Gearbox-FMP-SF11-Dimensions-2-1280x720.webp 1280w, https:\/\/fmp-components.com\/wp-content\/uploads\/2025\/01\/Double-Disc-Fertilizer-Spreader-Gearbox-FMP-SF11-Dimensions-2-980x552.webp 980w, https:\/\/fmp-components.com\/wp-content\/uploads\/2025\/01\/Double-Disc-Fertilizer-Spreader-Gearbox-FMP-SF11-Dimensions-2-480x270.webp 480w\" sizes=\"(min-width: 0px) and (max-width: 480px) 480px, (min-width: 481px) and (max-width: 980px) 980px, (min-width: 981px) and (max-width: 1280px) 1280px, (min-width: 1281px) 1606px, 100vw\" \/> <img loading=\"lazy\" decoding=\"async\" class=\"alignnone size-full wp-image-3084\" src=\"https:\/\/fmp-components.com\/wp-content\/uploads\/2025\/01\/Double-Disc-Fertilizer-Spreader-Gearbox-FMP-SF11-Dimensions-1.webp\" alt=\"Dupla-t\u00e1rcs\u00e1s-m\u0171tr\u00e1gyasz\u00f3r\u00f3-hajt\u00f3m\u0171-FMP-SF11-M\u00e9retek-1\" width=\"1625\" height=\"820\" title=\"\" srcset=\"https:\/\/fmp-components.com\/wp-content\/uploads\/2025\/01\/Double-Disc-Fertilizer-Spreader-Gearbox-FMP-SF11-Dimensions-1.webp 1625w, https:\/\/fmp-components.com\/wp-content\/uploads\/2025\/01\/Double-Disc-Fertilizer-Spreader-Gearbox-FMP-SF11-Dimensions-1-1280x646.webp 1280w, https:\/\/fmp-components.com\/wp-content\/uploads\/2025\/01\/Double-Disc-Fertilizer-Spreader-Gearbox-FMP-SF11-Dimensions-1-980x495.webp 980w, https:\/\/fmp-components.com\/wp-content\/uploads\/2025\/01\/Double-Disc-Fertilizer-Spreader-Gearbox-FMP-SF11-Dimensions-1-480x242.webp 480w\" sizes=\"(min-width: 0px) and (max-width: 480px) 480px, (min-width: 481px) and (max-width: 980px) 980px, (min-width: 981px) and (max-width: 1280px) 1280px, (min-width: 1281px) 1625px, 100vw\" \/><\/p>\n<h2>FMP-SF11 k\u00e9tt\u00e1rcs\u00e1s m\u0171tr\u00e1gyasz\u00f3r\u00f3 sebess\u00e9gv\u00e1lt\u00f3 m\u0171szaki adatai<\/h2>\n<table style=\"width: 97.1772%; height: 151px;\" border=\"1\" cellspacing=\"0\" cellpadding=\"0\">\n<tbody>\n<tr>\n<td colspan=\"2\" rowspan=\"2\">\u00e9n<\/td>\n<td rowspan=\"2\">Alkalmas<\/td>\n<td>Fordulatsz\u00e1m bemenet<\/td>\n<td>Fordulatsz\u00e1m-kimenet<\/td>\n<td colspan=\"2\">Hatalom<\/td>\n<td rowspan=\"2\">Fogazat<\/td>\n<\/tr>\n<tr>\n<td>fordulat\/perc<\/td>\n<td>fordulat\/perc<\/td>\n<td>kW<\/td>\n<td>LE<\/td>\n<\/tr>\n<tr>\n<td><\/td>\n<td>1:1<\/td>\n<td>M\u0171tr\u00e1gyasz\u00f3r\u00f3 stb.<\/td>\n<td>540<\/td>\n<td>540<\/td>\n<td>15<\/td>\n<td>20<\/td>\n<td>Gleason spir\u00e1lis<br \/>\nFogak<\/td>\n<\/tr>\n<tr>\n<td colspan=\"8\">Megjegyz\u00e9s: Ha b\u00e1rmilyen k\u00fcl\u00f6nleges ig\u00e9nye van, nyugodtan sz\u00f3ljon, mi is elfogadjuk az egyedi megrendel\u00e9seket.<\/td>\n<\/tr>\n<\/tbody>\n<\/table>\n<h2>Az FMP-SF11 dupla t\u00e1rcs\u00e1s m\u0171tr\u00e1gyasz\u00f3r\u00f3 sebess\u00e9gv\u00e1lt\u00f3 el\u0151nyei<\/h2>\n<p>Az FMP-SF11 k\u00e9tt\u00e1rcs\u00e1s m\u0171tr\u00e1gyasz\u00f3r\u00f3 hajt\u00f3m\u0171 sz\u00e1mos el\u0151nnyel j\u00e1r, amelyek n\u00f6velik a m\u0171tr\u00e1gya kijuttat\u00e1s\u00e1nak teljes\u00edtm\u00e9ny\u00e9t \u00e9s hat\u00e9konys\u00e1g\u00e1t a mez\u0151gazdas\u00e1gi m\u0171veletek sor\u00e1n. \u00cdme a hajt\u00f3m\u0171 legfontosabb el\u0151nyei:<\/p>\n<p><strong>1. Pontoss\u00e1g \u00e9s egyenletess\u00e9g<\/strong><\/p>\n<ul>\n<li>Az FMP-SF11 sebess\u00e9gv\u00e1lt\u00f3 biztos\u00edtja a m\u0171tr\u00e1gya egyenletes eloszt\u00e1s\u00e1t a sz\u00e1nt\u00f3f\u00f6ld\u00f6n, biztos\u00edtva a m\u0171tr\u00e1gya egyenletes sz\u00f3r\u00e1s\u00e1t. Ez kulcsfontoss\u00e1g\u00fa a term\u00e9shozam optimaliz\u00e1l\u00e1sa \u00e9s a m\u0171tr\u00e1gyapazarl\u00e1s elker\u00fcl\u00e9se \u00e9rdek\u00e9ben.<\/li>\n<\/ul>\n<p><strong>2. Fokozott tart\u00f3ss\u00e1g<\/strong><\/p>\n<ul>\n<li>A kiv\u00e1l\u00f3 min\u0151s\u00e9g\u0171 anyagokb\u00f3l k\u00e9sz\u00fclt FMP-SF11 sebess\u00e9gv\u00e1lt\u00f3t \u00fagy tervezt\u00e9k, hogy ellen\u00e1lljon a zord mez\u0151gazdas\u00e1gi k\u00f6r\u00fclm\u00e9nyeknek. Ellen\u00e1ll a kop\u00e1snak, \u00edgy hossz\u00fa t\u00e1v\u00fa teljes\u00edtm\u00e9nyt biztos\u00edt m\u00e9g neh\u00e9z ig\u00e9nybev\u00e9tel eset\u00e9n is.<\/li>\n<\/ul>\n<p><strong>3. Optimaliz\u00e1lt er\u0151\u00e1tvitel<\/strong><\/p>\n<ul>\n<li>A sebess\u00e9gv\u00e1lt\u00f3t \u00fagy tervezt\u00e9k, hogy hat\u00e9konyan vigye \u00e1t az er\u0151t a traktor \u00e9s a m\u0171tr\u00e1gyasz\u00f3r\u00f3 k\u00f6z\u00f6tt, jav\u00edtva az \u00fczemanyag-hat\u00e9konys\u00e1got \u00e9s cs\u00f6kkentve az energiavesztes\u00e9get. Ez az optimaliz\u00e1lt er\u0151\u00e1tvitel z\u00f6kken\u0151mentes m\u0171k\u00f6d\u00e9st biztos\u00edt \u00e9s n\u00f6veli az \u00f6ssztermel\u00e9kenys\u00e9get.<\/li>\n<\/ul>\n<p><strong>4. Cs\u00f6kkentett karbantart\u00e1si k\u00f6lts\u00e9gek<\/strong><\/p>\n<ul>\n<li>Robusztus kialak\u00edt\u00e1s\u00e1nak \u00e9s kiv\u00e1l\u00f3 min\u0151s\u00e9g\u0171 konstrukci\u00f3j\u00e1nak k\u00f6sz\u00f6nhet\u0151en az FMP-SF11 sebess\u00e9gv\u00e1lt\u00f3 hossz\u00fa \u00e9lettartamra k\u00e9sz\u00fclt. Alacsony karbantart\u00e1si ig\u00e9nye cs\u00f6kkenti a jav\u00edt\u00e1sok gyakoris\u00e1g\u00e1t \u00e9s a kapcsol\u00f3d\u00f3 k\u00f6lts\u00e9geket, \u00edgy k\u00f6lts\u00e9ghat\u00e9kony megold\u00e1st k\u00edn\u00e1l a hossz\u00fa t\u00e1v\u00fa \u00fczemeltet\u00e9shez.<\/li>\n<\/ul>\n<p><strong>5. Jav\u00edtott m\u0171k\u00f6d\u00e9si hat\u00e9konys\u00e1g<\/strong><\/p>\n<ul>\n<li>A sebess\u00e9gv\u00e1lt\u00f3t \u00fagy tervezt\u00e9k, hogy biztos\u00edtsa a k\u00e9tt\u00e1rcs\u00e1s m\u0171tr\u00e1gyasz\u00f3r\u00f3 z\u00f6kken\u0151mentes, hat\u00e9kony \u00e9s megb\u00edzhat\u00f3 m\u0171k\u00f6d\u00e9s\u00e9t. Az\u00e1ltal, hogy \u00e1lland\u00f3 teljes\u00edtm\u00e9nyt biztos\u00edt, seg\u00edt a kezel\u0151knek gyorsabban \u00e9s minim\u00e1lis \u00e1ll\u00e1sid\u0151vel elv\u00e9gezni a feladatokat, n\u00f6velve az \u00e1ltal\u00e1nos m\u0171k\u00f6d\u00e9si hat\u00e9konys\u00e1got.<\/li>\n<\/ul>\n<p>Az FMP-SF11 k\u00e9tt\u00e1rcs\u00e1s m\u0171tr\u00e1gyasz\u00f3r\u00f3 sebess\u00e9gv\u00e1lt\u00f3 sz\u00e1mos el\u0151nnyel j\u00e1r, mint p\u00e9ld\u00e1ul a pontoss\u00e1g, a tart\u00f3ss\u00e1g, az alacsony karbantart\u00e1si ig\u00e9ny \u00e9s a hat\u00e9kony er\u0151\u00e1tvitel, amelyek mind hozz\u00e1j\u00e1rulnak a mez\u0151gazdas\u00e1gi m\u0171veletek termel\u00e9kenys\u00e9g\u00e9nek n\u00f6veked\u00e9s\u00e9hez \u00e9s a jobb term\u00e9shozamokhoz. Robusztuss\u00e1ga \u00e9s a k\u00fcl\u00f6nf\u00e9le mez\u0151gazdas\u00e1gi rendszerekkel val\u00f3 kompatibilit\u00e1sa n\u00e9lk\u00fcl\u00f6zhetetlen elem\u00e9v\u00e9 teszi a modern mez\u0151gazdas\u00e1gban a hat\u00e9kony m\u0171tr\u00e1gyasz\u00f3r\u00e1snak.<\/p>\n<p><img loading=\"lazy\" decoding=\"async\" class=\"alignnone size-full wp-image-3085\" src=\"https:\/\/fmp-components.com\/wp-content\/uploads\/2025\/01\/Double-Disc-Fertilizer-Spreader-Gearbox-FMP-SF11-Benefits1.webp\" alt=\"Dupla-t\u00e1rcs\u00e1s-m\u0171tr\u00e1gyasz\u00f3r\u00f3-sebess\u00e9gv\u00e1lt\u00f3-FMP-SF11-el\u0151ny\u00f6k(1)\" width=\"2336\" height=\"1046\" title=\"\" srcset=\"https:\/\/fmp-components.com\/wp-content\/uploads\/2025\/01\/Double-Disc-Fertilizer-Spreader-Gearbox-FMP-SF11-Benefits1.webp 2336w, https:\/\/fmp-components.com\/wp-content\/uploads\/2025\/01\/Double-Disc-Fertilizer-Spreader-Gearbox-FMP-SF11-Benefits1-1280x573.webp 1280w, https:\/\/fmp-components.com\/wp-content\/uploads\/2025\/01\/Double-Disc-Fertilizer-Spreader-Gearbox-FMP-SF11-Benefits1-980x439.webp 980w, https:\/\/fmp-components.com\/wp-content\/uploads\/2025\/01\/Double-Disc-Fertilizer-Spreader-Gearbox-FMP-SF11-Benefits1-480x215.webp 480w\" sizes=\"(min-width: 0px) and (max-width: 480px) 480px, (min-width: 481px) and (max-width: 980px) 980px, (min-width: 981px) and (max-width: 1280px) 1280px, (min-width: 1281px) 2336px, 100vw\" \/><\/p>\n<h2>Dupla t\u00e1rcs\u00e1s m\u0171tr\u00e1gyasz\u00f3r\u00f3 sebess\u00e9gv\u00e1lt\u00f3 FMP-SF11 alkalmaz\u00e1sok<\/h2>\n<p>Az FMP-SF11 k\u00e9tt\u00e1rcs\u00e1s m\u0171tr\u00e1gyasz\u00f3r\u00f3 sebess\u00e9gv\u00e1lt\u00f3t k\u00fcl\u00f6nf\u00e9le mez\u0151gazdas\u00e1gi alkalmaz\u00e1sokhoz, k\u00fcl\u00f6n\u00f6sen m\u0171tr\u00e1gyasz\u00f3r\u00e1si m\u0171veletekhez tervezt\u00e9k. Az al\u00e1bbiakban a sebess\u00e9gv\u00e1lt\u00f3 n\u00e9h\u00e1ny f\u0151bb alkalmaz\u00e1si ter\u00fclet\u00e9t ismertetj\u00fck:<\/p>\n<p><strong>1. M\u0171tr\u00e1gya kijuttat\u00e1sa nagy mez\u0151gazdas\u00e1gi ter\u00fcleteken<\/strong><\/p>\n<ul>\n<li>Az FMP-SF11 sebess\u00e9gv\u00e1lt\u00f3t els\u0151sorban nagy\u00fczemi mez\u0151gazdas\u00e1gi m\u0171veletekben haszn\u00e1lj\u00e1k a m\u0171tr\u00e1gya hat\u00e9kony eloszt\u00e1s\u00e1ra hatalmas ter\u00fcleteken. Biztos\u00edtja az egyenletes \u00e9s pontos m\u0171tr\u00e1gyasz\u00f3r\u00e1st, ami kritikus fontoss\u00e1g\u00fa a term\u00e9shozam optimaliz\u00e1l\u00e1sa \u00e9s az eg\u00e9szs\u00e9ges talaj biztos\u00edt\u00e1sa \u00e9rdek\u00e9ben.<\/li>\n<\/ul>\n<p><strong>2. Gabona- \u00e9s n\u00f6v\u00e9nytr\u00e1gy\u00e1z\u00e1s<\/strong><\/p>\n<ul>\n<li>A sebess\u00e9gv\u00e1lt\u00f3 ide\u00e1lis gabonatermeszt\u00e9sben (p\u00e9ld\u00e1ul b\u00faza, kukorica \u00e9s rizs) val\u00f3 haszn\u00e1latra, ahol az egyenletes m\u0171tr\u00e1gya-kijuttat\u00e1s elengedhetetlen az eg\u00e9szs\u00e9ges n\u00f6v\u00e9nyn\u00f6veked\u00e9s el\u0151seg\u00edt\u00e9s\u00e9hez \u00e9s a term\u00e9shozam maximaliz\u00e1l\u00e1s\u00e1hoz. Seg\u00edt a m\u0171tr\u00e1gya egyenletes eloszl\u00e1s\u00e1ban a sz\u00e1nt\u00f3f\u00f6ld\u00f6n, jav\u00edtva a n\u00f6v\u00e9ny eg\u00e9szs\u00e9g\u00e9t.<\/li>\n<\/ul>\n<p><strong>3. Z\u00f6lds\u00e9g- \u00e9s gy\u00fcm\u00f6lcs\u00f6s\u00f6k<\/strong><\/p>\n<ul>\n<li>Gy\u00fcm\u00f6lcs\u00f6s\u00f6kben \u00e9s z\u00f6lds\u00e9gtermeszt\u0151 gazdas\u00e1gokban az FMP-SF11 sebess\u00e9gv\u00e1lt\u00f3 biztos\u00edtja, hogy a m\u0171tr\u00e1gya egyenletesen oszlik el a f\u00e1k \u00e9s a n\u00f6v\u00e9nyek k\u00f6r\u00fcli talajon. Ez fontos a kiegyens\u00falyozott t\u00e1panyagell\u00e1t\u00e1s el\u0151seg\u00edt\u00e9se, a n\u00f6v\u00e9nyek n\u00f6veked\u00e9s\u00e9nek t\u00e1mogat\u00e1sa, valamint a gy\u00fcm\u00f6lcs- \u00e9s z\u00f6lds\u00e9ghozam maximaliz\u00e1l\u00e1sa szempontj\u00e1b\u00f3l.<\/li>\n<\/ul>\n<p><strong>4. Legel\u0151k \u00e9s f\u00fcves ter\u00fcletek tr\u00e1gy\u00e1z\u00e1sa<\/strong><\/p>\n<ul>\n<li>A sebess\u00e9gv\u00e1lt\u00f3 legel\u0151k \u00e9s f\u00fcves ter\u00fcletek tr\u00e1gy\u00e1z\u00e1s\u00e1ra haszn\u00e1lhat\u00f3, amelyek kritikus fontoss\u00e1g\u00faak az \u00e1llatteny\u00e9szt\u00e9s szempontj\u00e1b\u00f3l. A m\u0171tr\u00e1gya egyenletes eloszt\u00e1sa jav\u00edtja a f\u0171 min\u0151s\u00e9g\u00e9t \u00e9s a legel\u0151 \u00e1ltal\u00e1nos eg\u00e9szs\u00e9g\u00e9t, t\u00e1mogatva az \u00e1llatok jobb legeltet\u00e9s\u00e9t.<\/li>\n<\/ul>\n<p><strong>5. Talajd\u00fas\u00edt\u00e1s \u00e9s -meg\u00faj\u00edt\u00e1s<\/strong><\/p>\n<ul>\n<li>Az FMP-SF11 alkalmas talajd\u00fas\u00edt\u00e1si m\u0171veletekhez is, ahol a c\u00e9l a gyenge vagy leromlott talajok regener\u00e1l\u00e1sa. A m\u0171tr\u00e1gy\u00e1k egyenletes kijuttat\u00e1sa seg\u00edt helyre\u00e1ll\u00edtani a talaj term\u00e9kenys\u00e9g\u00e9t, ami id\u0151vel a term\u00e9shozam n\u00f6veked\u00e9s\u00e9hez vezet.<\/li>\n<\/ul>\n<p>Az FMP-SF11 k\u00e9tt\u00e1rcs\u00e1s m\u0171tr\u00e1gyasz\u00f3r\u00f3 hajt\u00f3m\u0171ve rendk\u00edv\u00fcl sokoldal\u00fa, \u00e9s sz\u00e9les k\u00f6r\u0171 mez\u0151gazdas\u00e1gi alkalmaz\u00e1sokhoz alkalmas, bele\u00e9rtve a nagy sz\u00e1nt\u00f3f\u00f6ldek tr\u00e1gy\u00e1z\u00e1s\u00e1t, a gy\u00fcm\u00f6lcs\u00f6s- \u00e9s z\u00f6lds\u00e9ggazd\u00e1lkod\u00e1st, a legel\u0151k gondoz\u00e1s\u00e1t \u00e9s a prec\u00edzi\u00f3s mez\u0151gazdas\u00e1got. A m\u0171tr\u00e1gya egyenletes eloszt\u00e1s\u00e1nak k\u00e9pess\u00e9ge n\u00e9lk\u00fcl\u00f6zhetetlen elem\u00e9v\u00e9 teszi a term\u00e9shozamok jav\u00edt\u00e1s\u00e1ban, a talaj term\u00e9kenys\u00e9g\u00e9nek fokoz\u00e1s\u00e1ban \u00e9s a fenntarthat\u00f3 gazd\u00e1lkod\u00e1si gyakorlatok t\u00e1mogat\u00e1s\u00e1ban a k\u00fcl\u00f6nb\u00f6z\u0151 mez\u0151gazdas\u00e1gi \u00e1gazatokban.<\/p>\n<p><img loading=\"lazy\" decoding=\"async\" class=\"alignnone size-full wp-image-3086\" src=\"https:\/\/fmp-components.com\/wp-content\/uploads\/2025\/01\/Double-Disc-Fertilizer-Spreader-Gearbox-FMP-SF11-Applications1.webp\" alt=\"Dupla-t\u00e1rcs\u00e1s-m\u0171tr\u00e1gyasz\u00f3r\u00f3-sebess\u00e9gv\u00e1lt\u00f3-FMP-SF11-alkalmaz\u00e1sok(1)\" width=\"1588\" height=\"902\" title=\"\" srcset=\"https:\/\/fmp-components.com\/wp-content\/uploads\/2025\/01\/Double-Disc-Fertilizer-Spreader-Gearbox-FMP-SF11-Applications1.webp 1588w, https:\/\/fmp-components.com\/wp-content\/uploads\/2025\/01\/Double-Disc-Fertilizer-Spreader-Gearbox-FMP-SF11-Applications1-1280x727.webp 1280w, https:\/\/fmp-components.com\/wp-content\/uploads\/2025\/01\/Double-Disc-Fertilizer-Spreader-Gearbox-FMP-SF11-Applications1-980x557.webp 980w, https:\/\/fmp-components.com\/wp-content\/uploads\/2025\/01\/Double-Disc-Fertilizer-Spreader-Gearbox-FMP-SF11-Applications1-480x273.webp 480w\" sizes=\"(min-width: 0px) and (max-width: 480px) 480px, (min-width: 481px) and (max-width: 980px) 980px, (min-width: 981px) and (max-width: 1280px) 1280px, (min-width: 1281px) 1588px, 100vw\" \/><\/p>\n<h3>Az FMP-r\u0151l<\/h3>\n<p>Az olaszorsz\u00e1gi sz\u00e9khely\u0171 FMP vezet\u0151 gy\u00e1rt\u00f3, amely a nagy teljes\u00edtm\u00e9ny\u0171 sebess\u00e9gv\u00e1lt\u00f3k tervez\u00e9s\u00e9ben, fejleszt\u00e9s\u00e9ben \u00e9s gy\u00e1rt\u00e1s\u00e1ban szerzett szak\u00e9rtelm\u00e9r\u0151l ismert, k\u00fcl\u00f6n\u00f6sen a mez\u0151gazdas\u00e1gi g\u00e9pek szektor\u00e1ban. A prec\u00edzi\u00f3s m\u00e9rn\u00f6ki munk\u00e1ra, az innovat\u00edv megold\u00e1sokra \u00e9s a rend\u00edthetetlen megb\u00edzhat\u00f3s\u00e1gra \u00e9p\u00fcl\u0151 h\u00edrn\u00e9vnek k\u00f6sz\u00f6nhet\u0151en az FMP megb\u00edzhat\u00f3 partnerr\u00e9 v\u00e1lt mind a mez\u0151gazdas\u00e1gi, mind az ipari piacokon. Kiterjedt term\u00e9kportf\u00f3li\u00f3nk mag\u00e1ban foglalja a f\u0171ny\u00edr\u00f3khoz, kard\u00e1ntengelyekhez \u00e9s sz\u00e1mos m\u00e1s l\u00e9tfontoss\u00e1g\u00fa alkatr\u00e9szhez k\u00e9sz\u00fclt, mindegyiket apr\u00f3l\u00e9kos figyelemmel gy\u00e1rtjuk, hogy megfeleljen a k\u00fcl\u00f6nf\u00e9le alkalmaz\u00e1sok v\u00e1ltozatos ig\u00e9nyeinek.<\/p>\n<p>Az FMP-n\u00e9l meg\u00e9rtj\u00fck, hogy minden \u00fcgyf\u00e9l egyedi kih\u00edv\u00e1sokkal n\u00e9z szembe. Ez\u00e9rt specializ\u00e1l\u00f3dtunk a szem\u00e9lyre szabott megold\u00e1sok k\u00edn\u00e1lat\u00e1ra, legyen sz\u00f3 ak\u00e1r egyedi komponensekr\u0151l, ak\u00e1r teljesen integr\u00e1lt rendszerekr\u0151l. \u00dcgyfeleinkkel szorosan egy\u00fcttm\u0171k\u00f6dve biztos\u00edtjuk, hogy minden megold\u00e1s ne csak megfeleljen az egyedi ig\u00e9nyeiknek, hanem optimaliz\u00e1lja a teljes\u00edtm\u00e9nyt \u00e9s maxim\u00e1lis \u00e9rt\u00e9ket teremtsen. Elk\u00f6telezettek vagyunk a gyors, professzion\u00e1lis v\u00e1laszok \u00e9s a szak\u00e9rt\u0151i \u00fatmutat\u00e1s ir\u00e1nt, \u00edgy minden megkeres\u00e9st prec\u00edzen kezel\u00fcnk, \u00e9s a lehet\u0151 legjobb eredm\u00e9nyeket \u00e9rj\u00fck el.<\/p>\n<p>Nagy hangs\u00falyt fektet\u00fcnk a vil\u00e1gos, folyamatos kommunik\u00e1ci\u00f3ra a teljes term\u00e9kfejleszt\u00e9si folyamat sor\u00e1n. Elk\u00f6telezett csapatunk k\u00f6zvetlen\u00fcl egy\u00fcttm\u0171k\u00f6dik az \u00fcgyfelekkel, hogy teljes m\u00e9rt\u00e9kben meg\u00e9rtse ig\u00e9nyeiket, \u00e9s \u00e9rt\u00e9kes betekint\u00e9st \u00e9s aj\u00e1nl\u00e1sokat k\u00edn\u00e1ljon az optim\u00e1lis eredm\u00e9nyek el\u00e9r\u00e9se \u00e9rdek\u00e9ben. Ak\u00e1r \u00e9lvonalbeli term\u00e9keket fejleszt\u00fcnk, ak\u00e1r rutinmegrendel\u00e9seket teljes\u00edt\u00fcnk, az FMP elk\u00f6telezett amellett, hogy minden alkalommal kiv\u00e1l\u00f3 min\u0151s\u00e9g\u0171, prec\u00edzi\u00f3san megtervezett megold\u00e1sokat sz\u00e1ll\u00edtson id\u0151ben. C\u00e9lunk, hogy folyamatosan fel\u00fclm\u00faljuk az \u00fcgyfelek elv\u00e1r\u00e1sait, kiv\u00e9teles szolg\u00e1ltat\u00e1st \u00e9s eredm\u00e9nyeket ny\u00fajtva minden projekttel.<\/p>\n<p>A min\u0151s\u00e9g az FMP m\u0171k\u00f6d\u00e9s\u00e9nek sarokk\u00f6ve. A legmagasabb gy\u00e1rt\u00e1si szabv\u00e1nyokat tartjuk be, \u00e9s szigor\u00fa min\u0151s\u00e9gellen\u0151rz\u00e9si folyamatokat alkalmazunk annak biztos\u00edt\u00e1sa \u00e9rdek\u00e9ben, hogy minden term\u00e9k megfeleljen \u2013 s\u0151t gyakran meghaladja \u2013 az ipar\u00e1gi szabv\u00e1nyokat. Ez a kiv\u00e1l\u00f3s\u00e1g ir\u00e1nti rend\u00edthetetlen elk\u00f6telezetts\u00e9g, valamint az olyan alapvet\u0151 \u00e9rt\u00e9keink, mint az integrit\u00e1s, a csapatmunka \u00e9s a kitart\u00e1s, lehet\u0151v\u00e9 tette sz\u00e1munkra, hogy tart\u00f3s, bizalmon alapul\u00f3 kapcsolatokat \u00e9p\u00edts\u00fcnk ki \u00fcgyfeleinkkel k\u00f6zel 30 orsz\u00e1gban vil\u00e1gszerte.<\/p>\n<p>Az FMP elk\u00f6telezett a glob\u00e1lis partners\u00e9gek \u00e1pol\u00e1sa ir\u00e1nt, szak\u00e9rt\u0151i tan\u00e1csokat \u00e9s testreszabott megold\u00e1sokat k\u00edn\u00e1lva, amelyek \u00fcgyfeleink ig\u00e9nyeivel egy\u00fctt fejl\u0151dnek. C\u00e9lunk, hogy hossz\u00fa t\u00e1v\u00fa, k\u00f6lcs\u00f6n\u00f6sen el\u0151ny\u00f6s kapcsolatokat \u00e9p\u00edts\u00fcnk ki, amelyek hozz\u00e1j\u00e1rulnak minden projekt siker\u00e9hez. Ak\u00e1r innovat\u00edv megold\u00e1sokat keres egy \u00faj v\u00e1llalkoz\u00e1shoz, ak\u00e1r folyamatos t\u00e1mogat\u00e1st egy megl\u00e9v\u0151 rendszerhez, az FMP k\u00e9szen \u00e1ll arra, hogy seg\u00edtsen eligazodni a technikai kih\u00edv\u00e1sokban, \u00e9s biztos\u00edtsa a folyamatos sikert.<\/p>\n<p><img loading=\"lazy\" decoding=\"async\" class=\"alignnone wp-image-2695\" src=\"https:\/\/fmp-components.com\/wp-content\/uploads\/2025\/01\/agricultural-gearbox3.webp\" alt=\"mez\u0151gazdas\u00e1gi sebess\u00e9gv\u00e1lt\u00f3\" width=\"1140\" height=\"1138\" title=\"\" srcset=\"https:\/\/fmp-components.com\/wp-content\/uploads\/2025\/01\/agricultural-gearbox3.webp 1140w, https:\/\/fmp-components.com\/wp-content\/uploads\/2025\/01\/agricultural-gearbox3-480x479.webp 480w\" sizes=\"(min-width: 0px) and (max-width: 480px) 480px, (min-width: 481px) 1140px, 100vw\" \/><\/p>\n<p>Szerz\u0151: CX<\/p>","protected":false},"excerpt":{"rendered":"<p>Double Disc Fertilizer Spreader Gearbox FMP-SF11 Dimensions Double Disc Fertilizer Spreader Gearbox FMP-SF11 Technical Data i Suitable Rpm input Rpm output Power Toothing r\/min r\/min Kw Hp 1:1 Fertilizer spreader, etc 540 540 15 20 Gleason Helical Teeth Remark: If you have any special require feel free let me know, we also accept custom. Benefits [&hellip;]<\/p>","protected":false},"featured_media":3087,"comment_status":"open","ping_status":"closed","template":"","meta":{"_et_pb_use_builder":"","_et_pb_old_content":"","_et_gb_content_width":""},"product_brand":[],"product_cat":[71],"product_tag":[],"class_list":{"0":"post-3074","1":"product","2":"type-product","3":"status-publish","4":"has-post-thumbnail","6":"product_cat-fertilizer-seeder-gearbox","8":"first","9":"instock","10":"shipping-taxable","11":"product-type-simple"},"_links":{"self":[{"href":"https:\/\/fmp-components.com\/hu\/wp-json\/wp\/v2\/product\/3074","targetHints":{"allow":["GET"]}}],"collection":[{"href":"https:\/\/fmp-components.com\/hu\/wp-json\/wp\/v2\/product"}],"about":[{"href":"https:\/\/fmp-components.com\/hu\/wp-json\/wp\/v2\/types\/product"}],"replies":[{"embeddable":true,"href":"https:\/\/fmp-components.com\/hu\/wp-json\/wp\/v2\/comments?post=3074"}],"wp:featuredmedia":[{"embeddable":true,"href":"https:\/\/fmp-components.com\/hu\/wp-json\/wp\/v2\/media\/3087"}],"wp:attachment":[{"href":"https:\/\/fmp-components.com\/hu\/wp-json\/wp\/v2\/media?parent=3074"}],"wp:term":[{"taxonomy":"product_brand","embeddable":true,"href":"https:\/\/fmp-components.com\/hu\/wp-json\/wp\/v2\/product_brand?post=3074"},{"taxonomy":"product_cat","embeddable":true,"href":"https:\/\/fmp-components.com\/hu\/wp-json\/wp\/v2\/product_cat?post=3074"},{"taxonomy":"product_tag","embeddable":true,"href":"https:\/\/fmp-components.com\/hu\/wp-json\/wp\/v2\/product_tag?post=3074"}],"curies":[{"name":"munkaf\u00fczet","href":"https:\/\/api.w.org\/{rel}","templated":true}]}}