{"id":3061,"date":"2025-01-04T07:59:04","date_gmt":"2025-01-04T07:59:04","guid":{"rendered":"https:\/\/fmp-components.com\/?page_id=8"},"modified":"2025-01-04T07:59:04","modified_gmt":"2025-01-04T07:59:04","slug":"fertilizer-seeder-gearbox-fmp190-r3-for-fertilizer-broadcaster","status":"publish","type":"product","link":"https:\/\/fmp-components.com\/hu\/product\/fertilizer-seeder-gearbox-fmp190-r3-for-fertilizer-broadcaster\/","title":{"rendered":"M\u0171tr\u00e1gyavet\u0151g\u00e9p sebess\u00e9gv\u00e1lt\u00f3 FMP190-R3 m\u0171tr\u00e1gyasz\u00f3r\u00f3hoz"},"content":{"rendered":"<h2>M\u0171tr\u00e1gyavet\u0151g\u00e9p hajt\u00f3m\u0171 FMP190-R3 m\u00e9retei<\/h2>\n<h2><img loading=\"lazy\" decoding=\"async\" class=\"alignnone size-full wp-image-3062\" src=\"https:\/\/fmp-components.com\/wp-content\/uploads\/2025\/01\/Fertilizer-Seeder-Gearbox-EP190-R3-Dimensions.webp\" alt=\"M\u0171tr\u00e1gya-Vet\u0151g\u00e9p-Sebess\u00e9gv\u00e1lt\u00f3-FMP190-R3-M\u00e9retek\" width=\"1306\" height=\"866\" title=\"\" srcset=\"https:\/\/fmp-components.com\/wp-content\/uploads\/2025\/01\/Fertilizer-Seeder-Gearbox-EP190-R3-Dimensions.webp 1306w, https:\/\/fmp-components.com\/wp-content\/uploads\/2025\/01\/Fertilizer-Seeder-Gearbox-EP190-R3-Dimensions-1280x849.webp 1280w, https:\/\/fmp-components.com\/wp-content\/uploads\/2025\/01\/Fertilizer-Seeder-Gearbox-EP190-R3-Dimensions-980x650.webp 980w, https:\/\/fmp-components.com\/wp-content\/uploads\/2025\/01\/Fertilizer-Seeder-Gearbox-EP190-R3-Dimensions-480x318.webp 480w\" sizes=\"(min-width: 0px) and (max-width: 480px) 480px, (min-width: 481px) and (max-width: 980px) 980px, (min-width: 981px) and (max-width: 1280px) 1280px, (min-width: 1281px) 1306px, 100vw\" \/> <img loading=\"lazy\" decoding=\"async\" class=\"alignnone size-full wp-image-3063\" src=\"https:\/\/fmp-components.com\/wp-content\/uploads\/2025\/01\/Fertilizer-Seeder-Gearbox-EP190-R3-Shaft-Dimensions.webp\" alt=\"M\u0171tr\u00e1gya-Vet\u0151g\u00e9p-Sebess\u00e9gv\u00e1lt\u00f3-FMP190-R3-M\u00e9retek\" width=\"1139\" height=\"296\" title=\"\" srcset=\"https:\/\/fmp-components.com\/wp-content\/uploads\/2025\/01\/Fertilizer-Seeder-Gearbox-EP190-R3-Shaft-Dimensions.webp 1139w, https:\/\/fmp-components.com\/wp-content\/uploads\/2025\/01\/Fertilizer-Seeder-Gearbox-EP190-R3-Shaft-Dimensions-980x255.webp 980w, https:\/\/fmp-components.com\/wp-content\/uploads\/2025\/01\/Fertilizer-Seeder-Gearbox-EP190-R3-Shaft-Dimensions-480x125.webp 480w\" sizes=\"(min-width: 0px) and (max-width: 480px) 480px, (min-width: 481px) and (max-width: 980px) 980px, (min-width: 981px) 1139px, 100vw\" \/>\u00a0M\u0171tr\u00e1gyavet\u0151g\u00e9p sebess\u00e9gv\u00e1lt\u00f3 FMP190-R3 m\u0171szaki adatok<\/h2>\n<table style=\"width: 89.3855%;\" border=\"1\" cellspacing=\"0\" cellpadding=\"0\">\n<tbody>\n<tr>\n<td style=\"width: 20.1097%;\" colspan=\"2\" rowspan=\"2\">\u00e9n<\/td>\n<td style=\"width: 28.702%;\" rowspan=\"2\">Alkalmas<\/td>\n<td style=\"width: 11.883%;\">Fordulatsz\u00e1m bemenet<\/td>\n<td style=\"width: 13.3455%;\">Fordulatsz\u00e1m-kimenet<\/td>\n<td style=\"width: 7.67824%;\" colspan=\"2\">Hatalom<\/td>\n<td style=\"width: 98.5375%;\" rowspan=\"2\">Fogazat<\/td>\n<\/tr>\n<tr>\n<td style=\"width: 11.883%;\">fordulat\/perc<\/td>\n<td style=\"width: 13.3455%;\">fordulat\/perc<\/td>\n<td style=\"width: 4.02194%;\">kW<\/td>\n<td style=\"width: 3.65631%;\">LE<\/td>\n<\/tr>\n<tr>\n<td style=\"width: 12.6143%;\">Lass\u00edt\u00e1s<\/td>\n<td style=\"width: 7.49543%;\">1.38:1<\/td>\n<td style=\"width: 28.702%;\">M\u0171tr\u00e1gyasz\u00f3r\u00f3 stb.<\/td>\n<td style=\"width: 11.883%;\">540<\/td>\n<td style=\"width: 13.3455%;\">390<\/td>\n<td style=\"width: 4.02194%;\">62<\/td>\n<td style=\"width: 3.65631%;\">85<\/td>\n<td style=\"width: 98.5375%;\">Gleason spir\u00e1lis<br \/>\nFogak<\/td>\n<\/tr>\n<tr>\n<td style=\"width: 180.256%;\" colspan=\"8\">Megjegyz\u00e9s: Ha b\u00e1rmilyen k\u00fcl\u00f6nleges ig\u00e9nye van, nyugodtan sz\u00f3ljon, mi is elfogadjuk az egyedi megrendel\u00e9seket.<\/td>\n<\/tr>\n<\/tbody>\n<\/table>\n<h2>Az FMP190-R3 m\u0171tr\u00e1gyavet\u0151g\u00e9p sebess\u00e9gv\u00e1lt\u00f3j\u00e1nak el\u0151nyei<\/h2>\n<div class=\"m-auto text-base py-[18px] px-3 md:px-4 w-full md:px-5 lg:px-4 xl:px-5\">\n<div class=\"mx-auto flex flex-1 gap-4 text-base md:gap-5 lg:gap-6 md:max-w-3xl lg:max-w-[40rem] xl:max-w-[48rem]\">\n<div class=\"group\/conversation-turn relative flex w-full min-w-0 flex-col agent-turn\">\n<div class=\"flex-col gap-1 md:gap-3\">\n<div class=\"flex max-w-full flex-col flex-grow\">\n<div class=\"min-h-8 text-message flex w-full flex-col items-end gap-2 whitespace-normal break-words text-start [.text-message+&amp;]:mt-5\" dir=\"auto\" data-message-author-role=\"assistant\" data-message-id=\"b5d5baad-aa49-48fd-a4ec-b7e79369c90f\" data-message-model-slug=\"gpt-4o\">\n<div class=\"flex w-full flex-col gap-1 empty:hidden first:pt-[3px]\">\n<div class=\"markdown prose w-full break-words dark:prose-invert light\">\n<p>Az FM190-R3 m\u0171tr\u00e1gyavet\u0151g\u00e9p hajt\u00f3m\u0171ve sz\u00e1mos kulcsfontoss\u00e1g\u00fa el\u0151nnyel j\u00e1r, amelyek jav\u00edtj\u00e1k a m\u0171tr\u00e1gyavet\u0151 \u00e9s -eloszt\u00f3 rendszerek teljes\u00edtm\u00e9ny\u00e9t \u00e9s hat\u00e9konys\u00e1g\u00e1t. \u00cdme a f\u0151bb el\u0151ny\u00f6k:<\/p>\n<p><strong>1. Pontos m\u0171tr\u00e1gyaeloszt\u00e1s<\/strong><\/p>\n<ul>\n<li>Az FM190-R3 sebess\u00e9gv\u00e1lt\u00f3 biztos\u00edtja az egyenletes \u00e9s pontos m\u0171tr\u00e1gya kijuttat\u00e1st a sz\u00e1nt\u00f3f\u00f6ld\u00f6n. A vet\u0151mag- \u00e9s m\u0171tr\u00e1gyaeloszt\u00f3 mechanizmusok sebess\u00e9g\u00e9nek szab\u00e1lyoz\u00e1s\u00e1val seg\u00edt az egyenletes sz\u00f3r\u00e1si mint\u00e1zat el\u00e9r\u00e9s\u00e9ben, jav\u00edtja a term\u00e9shozamot \u00e9s minimaliz\u00e1lja a hullad\u00e9kot.<\/li>\n<\/ul>\n<p><strong>2. Nagy tart\u00f3ss\u00e1g \u00e9s hossz\u00fa \u00e9lettartam<\/strong><\/p>\n<ul>\n<li>A kiv\u00e1l\u00f3 min\u0151s\u00e9g\u0171 anyagokb\u00f3l \u00e9s robusztus konstrukci\u00f3b\u00f3l k\u00e9sz\u00fclt FM190-R3 sebess\u00e9gv\u00e1lt\u00f3t hossz\u00fa t\u00e1v\u00fa megb\u00edzhat\u00f3s\u00e1gra tervezt\u00e9k. Ellen\u00e1ll a zord terepi k\u00f6r\u00fclm\u00e9nyeknek, bele\u00e9rtve a nedvess\u00e9gnek, pornak \u00e9s sz\u00e9ls\u0151s\u00e9ges h\u0151m\u00e9rs\u00e9kleteknek val\u00f3 kitetts\u00e9get, \u00edgy cs\u00f6kkenti a gyakori karbantart\u00e1s \u00e9s csere sz\u00fcks\u00e9gess\u00e9g\u00e9t.<\/li>\n<\/ul>\n<p><strong>3. Optimaliz\u00e1lt teljes\u00edtm\u00e9ny<\/strong><\/p>\n<ul>\n<li>A sebess\u00e9gv\u00e1lt\u00f3t \u00fagy tervezt\u00e9k, hogy optim\u00e1lis er\u0151\u00e1tvitelt biztos\u00edtson, biztos\u00edtva a z\u00f6kken\u0151mentes m\u0171k\u00f6d\u00e9st \u00e9s megakad\u00e1lyozva a rendszer t\u00falzott terhel\u00e9s\u00e9t. Hat\u00e9kony energia\u00e1talak\u00edt\u00e1sa alacsonyabb energiafogyaszt\u00e1st eredm\u00e9nyez, hozz\u00e1j\u00e1rulva az \u00fczemanyag-megtakar\u00edt\u00e1shoz \u00e9s az \u00e1ltal\u00e1nos \u00fczemeltet\u00e9si k\u00f6lts\u00e9gek cs\u00f6kkent\u00e9s\u00e9hez.<\/li>\n<\/ul>\n<p><strong>4. Testreszabhat\u00f3s\u00e1g \u00e9s rugalmass\u00e1g<\/strong><\/p>\n<ul>\n<li>Az FM190-R3 sebess\u00e9gv\u00e1lt\u00f3 rugalmas alkalmaz\u00e1si lehet\u0151s\u00e9geket k\u00edn\u00e1l, \u00edgy alkalmass\u00e1 teszi k\u00fcl\u00f6nf\u00e9le m\u0171tr\u00e1gyavet\u0151g\u00e9pekhez \u00e9s nagyter\u00fclet\u0171 sz\u00f3r\u00f3g\u00e9pekhez. Alkalmazkod\u00f3k\u00e9pess\u00e9ge biztos\u00edtja, hogy megfeleljen a k\u00fcl\u00f6nb\u00f6z\u0151 n\u00f6v\u00e9nyt\u00edpusok \u00e9s sz\u00e1nt\u00f3f\u00f6ldi k\u00f6r\u00fclm\u00e9nyek speci\u00e1lis ig\u00e9nyeinek, jav\u00edtva mind a kis-, mind a nagy\u00fczemi m\u0171veletek hat\u00e9konys\u00e1g\u00e1t.<\/li>\n<\/ul>\n<p><strong>5. K\u00f6nny\u0171 karbantart\u00e1s<\/strong><\/p>\n<ul>\n<li>Az FM190-R3 sebess\u00e9gv\u00e1lt\u00f3t a k\u00f6nny\u0171 karbantart\u00e1s \u00e9s szervizel\u00e9s jegy\u00e9ben tervezt\u00e9k. Felhaszn\u00e1l\u00f3bar\u00e1t fel\u00e9p\u00edt\u00e9se lehet\u0151v\u00e9 teszi az egyszer\u0171 ellen\u0151rz\u00e9seket, ken\u00e9st \u00e9s alkatr\u00e9szcser\u00e9t, ami seg\u00edt cs\u00f6kkenteni az \u00e1ll\u00e1sid\u0151t \u00e9s biztos\u00edtja a folyamatos, megb\u00edzhat\u00f3 m\u0171k\u00f6d\u00e9st a terepen.<\/li>\n<\/ul>\n<p>Az FM190-R3 m\u0171tr\u00e1gyavet\u0151g\u00e9p hajt\u00f3m\u0171ve kiv\u00e1l\u00f3 v\u00e1laszt\u00e1s azoknak a gazd\u00e1lkod\u00f3knak, akik optimaliz\u00e1lni szeretn\u00e9k a m\u0171tr\u00e1gya kijuttat\u00e1si folyamat\u00e1t, jav\u00edtani szeretn\u00e9k a m\u0171k\u00f6d\u00e9si hat\u00e9konys\u00e1got \u00e9s cs\u00f6kkenteni a karbantart\u00e1si k\u00f6lts\u00e9geket, mik\u00f6zben kiv\u00e1l\u00f3 min\u0151s\u00e9g\u0171, egyenletes eredm\u00e9nyeket biztos\u00edtanak.<\/p>\n<p><img loading=\"lazy\" decoding=\"async\" class=\"alignnone size-full wp-image-3065\" src=\"https:\/\/fmp-components.com\/wp-content\/uploads\/2025\/01\/Fertilizer-Seeder-Gearbox-EP190-R3-Benefits-11.webp\" alt=\"M\u0171tr\u00e1gya-Vet\u0151g\u00e9p-Sebess\u00e9gv\u00e1lt\u00f3-FMP190-R3-El\u0151ny\u00f6k-1(1)\" width=\"1446\" height=\"755\" title=\"\" srcset=\"https:\/\/fmp-components.com\/wp-content\/uploads\/2025\/01\/Fertilizer-Seeder-Gearbox-EP190-R3-Benefits-11.webp 1446w, https:\/\/fmp-components.com\/wp-content\/uploads\/2025\/01\/Fertilizer-Seeder-Gearbox-EP190-R3-Benefits-11-1280x668.webp 1280w, https:\/\/fmp-components.com\/wp-content\/uploads\/2025\/01\/Fertilizer-Seeder-Gearbox-EP190-R3-Benefits-11-980x512.webp 980w, https:\/\/fmp-components.com\/wp-content\/uploads\/2025\/01\/Fertilizer-Seeder-Gearbox-EP190-R3-Benefits-11-480x251.webp 480w\" sizes=\"(min-width: 0px) and (max-width: 480px) 480px, (min-width: 481px) and (max-width: 980px) 980px, (min-width: 981px) and (max-width: 1280px) 1280px, (min-width: 1281px) 1446px, 100vw\" \/><\/p>\n<h2>V\u00e1lassza ki a megfelel\u0151 FMP190-R3 m\u0171tr\u00e1gyavet\u0151g\u00e9p sebess\u00e9gv\u00e1lt\u00f3t m\u0171tr\u00e1gyasz\u00f3r\u00f3j\u00e1hoz<\/h2>\n<p>A megfelel\u0151 FMP190-R3 m\u0171tr\u00e1gyavet\u0151g\u00e9p hajt\u00f3m\u0171 kiv\u00e1laszt\u00e1sa elengedhetetlen a m\u0171tr\u00e1gyasz\u00f3r\u00f3 optim\u00e1lis teljes\u00edtm\u00e9ny\u00e9nek, hat\u00e9konys\u00e1g\u00e1nak \u00e9s tart\u00f3ss\u00e1g\u00e1nak biztos\u00edt\u00e1s\u00e1hoz. \u00cdme egy \u00fatmutat\u00f3, amely seg\u00edt a megalapozott d\u00f6nt\u00e9s meghozatal\u00e1ban:<\/p>\n<h3>A megfelel\u0151 sebess\u00e9gv\u00e1lt\u00f3 kiv\u00e1laszt\u00e1s\u00e1nak f\u0151 szempontjai<\/h3>\n<p><strong>1. Jelentkez\u00e9si k\u00f6vetelm\u00e9nyek<\/strong><\/p>\n<ul>\n<li>T\u00e1blam\u00e9ret \u00e9s n\u00f6v\u00e9nyt\u00edpus: Ismerje meg a termesztett n\u00f6v\u00e9nyek t\u00edpus\u00e1t \u00e9s a gazd\u00e1lkod\u00e1s m\u00e9rt\u00e9k\u00e9t. Nagyobb f\u00f6ldter\u00fcletek vagy nagy volumen\u0171 m\u0171veletek eset\u00e9n el\u0151ny\u00f6s lehet az FMP190-R3, mivel k\u00e9pes egyenletes \u00e9s nagy ter\u00fclet\u0171 kijuttat\u00e1sra.<\/li>\n<li>M\u0171tr\u00e1gya t\u00edpusa: Hat\u00e1rozza meg a haszn\u00e1lt m\u0171tr\u00e1gya t\u00edpus\u00e1t. A sebess\u00e9gv\u00e1lt\u00f3nak kompatibilisnek kell lennie az adott m\u0171tr\u00e1gyat\u00edpussal, legyen az szil\u00e1rd, foly\u00e9kony vagy granul\u00e1lt, \u00e9s k\u00e9pesnek kell lennie a k\u00fcl\u00f6nb\u00f6z\u0151 m\u00e9ret\u0171 \u00e9s kijuttat\u00e1si mennyis\u00e9gek kezel\u00e9s\u00e9re.<\/li>\n<\/ul>\n<p><strong>2. Teljes\u00edtm\u00e9ny\u00e1tviteli hat\u00e9konys\u00e1g<\/strong><\/p>\n<ul>\n<li>TLT kompatibilit\u00e1s: Gy\u0151z\u0151dj\u00f6n meg arr\u00f3l, hogy az FMP190-R3 kompatibilis a traktor TLT (teljes\u00edtm\u00e9nylead\u00f3 tengely) rendszer\u00e9vel vagy m\u00e1s er\u0151forr\u00e1sokkal. Ez a sebess\u00e9gv\u00e1lt\u00f3 hat\u00e9kony er\u0151\u00e1tvitelt biztos\u00edt a TLT-r\u0151l a m\u0171tr\u00e1gyasz\u00f3r\u00f3ra, biztos\u00edtva a z\u00f6kken\u0151mentes m\u0171k\u00f6d\u00e9st \u00e9s a hat\u00e9kony teljes\u00edtm\u00e9nyt.<\/li>\n<li>\u00c1tt\u00e9tel: A sebess\u00e9gv\u00e1lt\u00f3 \u00e1tt\u00e9teleinek meg kell egyezni\u00fck a sz\u00f3r\u00f3g\u00e9p ig\u00e9nyeivel. Az FMP190-R3 optimaliz\u00e1lt er\u0151\u00e1tvitelt k\u00edn\u00e1l az egyenletes m\u0171tr\u00e1gyaeloszt\u00e1s \u00e9rdek\u00e9ben, n\u00f6velve a m\u0171k\u00f6d\u00e9si hat\u00e9konys\u00e1got.<\/li>\n<\/ul>\n<p><strong>3. Tart\u00f3ss\u00e1g \u00e9s megb\u00edzhat\u00f3s\u00e1g<\/strong><\/p>\n<ul>\n<li>Anyagmin\u0151s\u00e9g: V\u00e1lasszon olyan sebess\u00e9gv\u00e1lt\u00f3t, amely kiv\u00e1l\u00f3 min\u0151s\u00e9g\u0171, tart\u00f3s anyagokb\u00f3l k\u00e9sz\u00fclt, \u00e9s k\u00e9pes ellen\u00e1llni a mez\u0151gazdas\u00e1gi k\u00f6rnyezet viszontags\u00e1gainak, p\u00e9ld\u00e1ul a vegyszereknek, m\u0171tr\u00e1gy\u00e1knak, nedvess\u00e9gnek \u00e9s fizikai kop\u00e1snak. Az FMP190-R3-at \u00fagy tervezt\u00e9k, hogy neh\u00e9z k\u00f6r\u00fclm\u00e9nyek k\u00f6z\u00f6tt is meg\u00e1llja a hely\u00e9t.<\/li>\n<li>Korr\u00f3zi\u00f3\u00e1ll\u00f3s\u00e1g: Tekintettel a m\u0171tr\u00e1gy\u00e1knak \u00e9s m\u00e1s korroz\u00edv anyagoknak val\u00f3 kitetts\u00e9gre, v\u00e1lasszon olyan sebess\u00e9gv\u00e1lt\u00f3t, amely ellen\u00e1ll a rozsd\u00e1nak \u00e9s a korr\u00f3zi\u00f3nak. Az FMP190-R3 korr\u00f3zi\u00f3g\u00e1tl\u00f3 tulajdons\u00e1gokkal rendelkezik az \u00e9lettartam\u00e1nak n\u00f6vel\u00e9se \u00e9rdek\u00e9ben.<\/li>\n<\/ul>\n<p><strong>4. K\u00f6nny\u0171 karbantart\u00e1s<\/strong><\/p>\n<ul>\n<li>Karbantart\u00e1s \u00e9s ken\u00e9s: Olyan sebess\u00e9gv\u00e1lt\u00f3t v\u00e1lasszon, amely k\u00f6nnyen karbantarthat\u00f3 \u00e9s szervizelhet\u0151. Az FMP190-R3-at egyszer\u0171 karbantart\u00e1sra tervezt\u00e9k, ami cs\u00f6kkenti az \u00e1ll\u00e1sid\u0151t, \u00e9s biztos\u00edtja, hogy a sz\u00f3r\u00f3g\u00e9p a cs\u00facsid\u0151szakokban is m\u0171k\u00f6d\u0151k\u00e9pes maradjon.<\/li>\n<li>Alkatr\u00e9szek el\u00e9rhet\u0151s\u00e9ge: Gondoskodjon arr\u00f3l, hogy az FMP190-R3 alkatr\u00e9szei k\u00f6nnyen el\u00e9rhet\u0151ek \u00e9s cser\u00e9lhet\u0151k legyenek, amikor sz\u00fcks\u00e9ges. Ez megakad\u00e1lyozhatja a sz\u00fcks\u00e9gtelen k\u00e9sedelmeket \u00e9s k\u00f6lts\u00e9geket alkatr\u00e9szhiba eset\u00e9n.<\/li>\n<\/ul>\n<p><strong>5. Teljes\u00edtm\u00e9ny \u00e9s sebess\u00e9gszab\u00e1lyoz\u00e1s<\/strong><\/p>\n<ul>\n<li>\u00c1ll\u00edthat\u00f3 sebess\u00e9g: A termesztett n\u00f6v\u00e9nyek t\u00edpus\u00e1t\u00f3l f\u00fcgg\u0151en sz\u00fcks\u00e9g lehet a m\u0171tr\u00e1gya kijuttat\u00e1si sebess\u00e9g\u00e9nek szab\u00e1lyoz\u00e1s\u00e1ra. Az FMP190-R3 rugalmas be\u00e1ll\u00edt\u00e1sokat tesz lehet\u0151v\u00e9 a m\u0171tr\u00e1gya pontos kijuttat\u00e1sa, a ter\u00fclet lefedetts\u00e9g\u00e9nek jav\u00edt\u00e1sa \u00e9s a hullad\u00e9k cs\u00f6kkent\u00e9se \u00e9rdek\u00e9ben.<\/li>\n<li>Teljes\u00edtm\u00e9ny terhel\u00e9s alatt: A sebess\u00e9gv\u00e1lt\u00f3nak hat\u00e9konyan kell m\u0171k\u00f6dnie a felmer\u00fcl\u0151 terhel\u00e9si k\u00f6r\u00fclm\u00e9nyek k\u00f6z\u00f6tt. Az FMP190-R3-at \u00fagy tervezt\u00e9k, hogy optim\u00e1lis teljes\u00edtm\u00e9nyt \u00e9s szab\u00e1lyozhat\u00f3s\u00e1got biztos\u00edtson m\u00e9g neh\u00e9z terepi munkav\u00e9gz\u00e9s eset\u00e9n is.<\/li>\n<\/ul>\n<h3>Mi\u00e9rt v\u00e1lassza az FMP190-R3 m\u0171tr\u00e1gyavet\u0151g\u00e9p sebess\u00e9gv\u00e1lt\u00f3j\u00e1t?<\/h3>\n<ul>\n<li>Optimaliz\u00e1lt teljes\u00edtm\u00e9ny: Az FMP190-R3 sebess\u00e9gv\u00e1lt\u00f3 sima, megb\u00edzhat\u00f3 \u00e9s hat\u00e9kony teljes\u00edtm\u00e9nyt ny\u00fajt, biztos\u00edtva a m\u0171tr\u00e1gya egyenletes eloszl\u00e1s\u00e1t a k\u00fcl\u00f6nb\u00f6z\u0151 sz\u00e1nt\u00f3f\u00f6ldek \u00e9s n\u00f6v\u00e9nyt\u00edpusok k\u00f6z\u00f6tt.<\/li>\n<li>Testreszab\u00e1s: Az \u00e1ll\u00edthat\u00f3 sebess\u00e9g- \u00e9s teljes\u00edtm\u00e9nybe\u00e1ll\u00edt\u00e1soknak k\u00f6sz\u00f6nhet\u0151en az FMP190-R3 a m\u0171tr\u00e1gyasz\u00f3r\u00f3 egyedi ig\u00e9nyeihez igaz\u00edthat\u00f3.<\/li>\n<li>Tart\u00f3ss\u00e1g: Kiv\u00e1l\u00f3 min\u0151s\u00e9g\u0171 anyagokb\u00f3l \u00e9s korr\u00f3zi\u00f3\u00e1ll\u00f3 tulajdons\u00e1gokkal k\u00e9sz\u00fclt, az FMP190-R3 a legmostoh\u00e1bb mez\u0151gazdas\u00e1gi k\u00f6rnyezeteknek is ellen\u00e1ll.<\/li>\n<li>K\u00f6nny\u0171 karbantart\u00e1s: Az egyszer\u0171 kialak\u00edt\u00e1s \u00e9s a k\u00f6nny\u0171 karbantart\u00e1s seg\u00edt cs\u00f6kkenteni az \u00e1ll\u00e1sid\u0151t \u00e9s biztos\u00edtani a z\u00f6kken\u0151mentes m\u0171k\u00f6d\u00e9st.<\/li>\n<li>Kompatibilit\u00e1s: Az FMP190-R3 sz\u00e1mos m\u0171tr\u00e1gyasz\u00f3r\u00f3val \u00e9s vet\u0151g\u00e9ppel kompatibilis, \u00edgy sokoldal\u00fa v\u00e1laszt\u00e1st k\u00edn\u00e1l k\u00fcl\u00f6nf\u00e9le mez\u0151gazdas\u00e1gi alkalmaz\u00e1sokhoz.<\/li>\n<\/ul>\n<p>Amikor m\u0171tr\u00e1gyasz\u00f3r\u00f3j\u00e1hoz vet\u0151g\u00e9p sebess\u00e9gv\u00e1lt\u00f3t v\u00e1laszt, az FMP190-R3 kiv\u00e1l\u00f3 v\u00e1laszt\u00e1s a megb\u00edzhat\u00f3 er\u0151\u00e1tvitel, a tart\u00f3ss\u00e1g \u00e9s a k\u00f6nny\u0171 karbantart\u00e1s miatt. K\u00fcl\u00f6nb\u00f6z\u0151 vet\u0151- \u00e9s tr\u00e1gy\u00e1z\u00f3rendszerekkel val\u00f3 kompatibilit\u00e1sa, valamint a hat\u00e9kony m\u0171tr\u00e1gyaeloszt\u00e1si k\u00e9pess\u00e9ge sokoldal\u00fa \u00e9s k\u00f6lts\u00e9ghat\u00e9kony megold\u00e1st k\u00edn\u00e1l a modern mez\u0151gazdas\u00e1gi ig\u00e9nyekre.<\/p>\n<p>Felt\u00e9tlen\u00fcl m\u00e9rje fel m\u0171k\u00f6d\u00e9se konkr\u00e9t ig\u00e9nyeit, \u00e9s gy\u0151z\u0151dj\u00f6n meg arr\u00f3l, hogy az FMP190-R3 j\u00f3l illeszkedik a berendez\u00e9s\u00e9hez \u00e9s a teljes\u00edtm\u00e9nyk\u00f6vetelm\u00e9nyekhez, hogy a legjobb eredm\u00e9nyeket \u00e9rje el a m\u0171tr\u00e1gya kijuttat\u00e1sa sor\u00e1n.<\/p>\n<p><img loading=\"lazy\" decoding=\"async\" class=\"alignnone  wp-image-3060\" src=\"https:\/\/fmp-components.com\/wp-content\/uploads\/2025\/01\/Fertilizer-Seeder-Gearbox-EP50-Common-Applications-1.webp\" alt=\"M\u0171tr\u00e1gya-Vet\u0151g\u00e9p-Sebess\u00e9gv\u00e1lt\u00f3-EP50-\u00c1ltal\u00e1nos-Alkalmaz\u00e1s-1\" width=\"1075\" height=\"627\" title=\"\" srcset=\"https:\/\/fmp-components.com\/wp-content\/uploads\/2025\/01\/Fertilizer-Seeder-Gearbox-EP50-Common-Applications-1.webp 1075w, https:\/\/fmp-components.com\/wp-content\/uploads\/2025\/01\/Fertilizer-Seeder-Gearbox-EP50-Common-Applications-1-980x571.webp 980w, https:\/\/fmp-components.com\/wp-content\/uploads\/2025\/01\/Fertilizer-Seeder-Gearbox-EP50-Common-Applications-1-480x280.webp 480w\" sizes=\"(min-width: 0px) and (max-width: 480px) 480px, (min-width: 481px) and (max-width: 980px) 980px, (min-width: 981px) 1075px, 100vw\" \/><\/p>\n<h3>Az FMP-r\u0151l<\/h3>\n<p>Az olaszorsz\u00e1gi sz\u00e9khely\u0171 FMP vezet\u0151 gy\u00e1rt\u00f3, amelyet a nagy teljes\u00edtm\u00e9ny\u0171 sebess\u00e9gv\u00e1lt\u00f3k tervez\u00e9s\u00e9ben, fejleszt\u00e9s\u00e9ben \u00e9s gy\u00e1rt\u00e1s\u00e1ban szerzett szak\u00e9rtelm\u00e9r\u0151l ismernek, k\u00fcl\u00f6n\u00f6s tekintettel a mez\u0151gazdas\u00e1gi g\u00e9pek szektor\u00e1ra. A prec\u00edzi\u00f3s m\u00e9rn\u00f6ki munk\u00e1r\u00f3l, innovat\u00edv megold\u00e1sokr\u00f3l \u00e9s rend\u00edthetetlen megb\u00edzhat\u00f3s\u00e1gr\u00f3l ismert FMP megb\u00edzhat\u00f3 partnerr\u00e9 v\u00e1lt mind a mez\u0151gazdas\u00e1gi, mind az ipari piacon. Sz\u00e9les term\u00e9kportf\u00f3li\u00f3nk mag\u00e1ban foglalja a f\u0171ny\u00edr\u00f3khoz, kard\u00e1ntengelyekhez \u00e9s egy\u00e9b alapvet\u0151 alkatr\u00e9szekhez tervezett, egyedi tervez\u00e9s\u0171 sebess\u00e9gv\u00e1lt\u00f3kat, amelyek mindegyike apr\u00f3l\u00e9kosan kidolgozott, hogy megfeleljen a k\u00fcl\u00f6nf\u00e9le alkalmaz\u00e1sok sokf\u00e9le ig\u00e9ny\u00e9nek.<\/p>\n<p>Az FMP-n\u00e9l meg\u00e9rtj\u00fck, hogy minden \u00fcgyf\u00e9l egyedi kih\u00edv\u00e1sokkal n\u00e9z szembe. Ez\u00e9rt specializ\u00e1l\u00f3dtunk a szem\u00e9lyre szabott megold\u00e1sok sz\u00e1ll\u00edt\u00e1s\u00e1ra, legyen sz\u00f3 ak\u00e1r egyedi komponensekr\u0151l, ak\u00e1r teljesen integr\u00e1lt rendszerekr\u0151l. \u00dcgyfeleinkkel val\u00f3 szoros egy\u00fcttm\u0171k\u00f6d\u00e9s r\u00e9v\u00e9n biztos\u00edtjuk, hogy minden megold\u00e1s ne csak az \u0151 egyedi ig\u00e9nyeiket el\u00e9g\u00edtse ki, hanem optimaliz\u00e1lja a teljes\u00edtm\u00e9nyt \u00e9s maximaliz\u00e1lja az \u00e9rt\u00e9ket. Elk\u00f6telezettek vagyunk a gyors, professzion\u00e1lis v\u00e1laszok \u00e9s a szak\u00e9rt\u0151i \u00fatmutat\u00e1s ir\u00e1nt, \u00edgy minden megkeres\u00e9st prec\u00edzen kezel\u00fcnk, a lehet\u0151 legjobb eredm\u00e9nyeket el\u00e9rve.<\/p>\n<p>A teljes term\u00e9kfejleszt\u00e9si ciklus sor\u00e1n kiemelt fontoss\u00e1g\u00fanak tartjuk a vil\u00e1gos, folyamatos kommunik\u00e1ci\u00f3t. Elk\u00f6telezett csapatunk k\u00f6zvetlen\u00fcl az \u00fcgyfelekkel dolgozik, hogy teljes m\u00e9rt\u00e9kben meg\u00e9rtse ig\u00e9nyeiket, \u00e9s \u00e9rt\u00e9kes betekint\u00e9st \u00e9s aj\u00e1nl\u00e1sokat k\u00edn\u00e1ljon az optim\u00e1lis eredm\u00e9nyek el\u00e9r\u00e9se \u00e9rdek\u00e9ben. Ak\u00e1r a legmodernebb term\u00e9keket tervezz\u00fck, ak\u00e1r rutinmegrendel\u00e9seket teljes\u00edt\u00fcnk, az FMP elk\u00f6telezett amellett, hogy minden alkalommal kiv\u00e1l\u00f3 min\u0151s\u00e9g\u0171, prec\u00edzi\u00f3san megtervezett megold\u00e1sokat ny\u00fajtson id\u0151ben. K\u00fcldet\u00e9s\u00fcnk, hogy k\u00f6vetkezetesen fel\u00fclm\u00faljuk \u00fcgyfeleink elv\u00e1r\u00e1sait, kiv\u00e9teles szolg\u00e1ltat\u00e1st \u00e9s eredm\u00e9nyeket ny\u00fajtva minden projekttel.<\/p>\n<p>A min\u0151s\u00e9g az FMP m\u0171k\u00f6d\u00e9s\u00e9nek sarokk\u00f6ve. A legmagasabb gy\u00e1rt\u00e1si szabv\u00e1nyokat tartjuk be, \u00e9s szigor\u00fa min\u0151s\u00e9gellen\u0151rz\u00e9si folyamatokat alkalmazunk annak biztos\u00edt\u00e1sa \u00e9rdek\u00e9ben, hogy minden term\u00e9k ne csak megfeleljen, hanem meghaladja az ipar\u00e1gi szabv\u00e1nyokat. Ez a kiv\u00e1l\u00f3s\u00e1g ir\u00e1nti elk\u00f6telezetts\u00e9g, valamint az olyan alapvet\u0151 \u00e9rt\u00e9keink, mint az integrit\u00e1s, a csapatmunka \u00e9s a kitart\u00e1s, lehet\u0151v\u00e9 tette sz\u00e1munkra, hogy tart\u00f3s, bizalmon alapul\u00f3 kapcsolatokat \u00e9p\u00edts\u00fcnk ki \u00fcgyfeleinkkel k\u00f6zel 30 orsz\u00e1gban vil\u00e1gszerte.<\/p>\n<p>Az FMP mindig is t\u00f6rekedett a glob\u00e1lis partners\u00e9gek \u00e1pol\u00e1s\u00e1ra, szak\u00e9rt\u0151i tan\u00e1csokat \u00e9s szem\u00e9lyre szabott megold\u00e1sokat k\u00edn\u00e1lva, amelyek megfelelnek \u00fcgyfeleink v\u00e1ltoz\u00f3 ig\u00e9nyeinek. C\u00e9lunk hossz\u00fa t\u00e1v\u00fa, k\u00f6lcs\u00f6n\u00f6sen el\u0151ny\u00f6s kapcsolatok ki\u00e9p\u00edt\u00e9se, amelyek hozz\u00e1j\u00e1rulnak minden projekt siker\u00e9hez. Ak\u00e1r innovat\u00edv megold\u00e1sokat keres egy \u00faj kezdem\u00e9nyez\u00e9shez, ak\u00e1r folyamatos t\u00e1mogat\u00e1sra van sz\u00fcks\u00e9ge egy megl\u00e9v\u0151 rendszerhez, az FMP k\u00e9szen \u00e1ll arra, hogy seg\u00edtsen \u00d6nnek lek\u00fczdeni a technikai kih\u00edv\u00e1sokat \u00e9s biztos\u00edtani a folyamatos sikert.<\/p>\n<p><img loading=\"lazy\" decoding=\"async\" class=\"alignnone wp-image-2695\" src=\"https:\/\/fmp-components.com\/wp-content\/uploads\/2025\/01\/agricultural-gearbox3.webp\" alt=\"mez\u0151gazdas\u00e1gi sebess\u00e9gv\u00e1lt\u00f3\" width=\"1140\" height=\"1138\" title=\"\" srcset=\"https:\/\/fmp-components.com\/wp-content\/uploads\/2025\/01\/agricultural-gearbox3.webp 1140w, https:\/\/fmp-components.com\/wp-content\/uploads\/2025\/01\/agricultural-gearbox3-480x479.webp 480w\" sizes=\"(min-width: 0px) and (max-width: 480px) 480px, (min-width: 481px) 1140px, 100vw\" \/><\/p>\n<p>Szerz\u0151: CX<\/p>\n<\/div>\n<\/div>\n<\/div>\n<\/div>\n<\/div>\n<\/div>\n<\/div>\n<\/div>","protected":false},"excerpt":{"rendered":"<p>Fertilizer Seeder Gearbox FMP190-R3 Dimensions \u00a0Fertilizer Seeder Gearbox FMP190-R3 Technical Data i Suitable Rpm input Rpm output Power Toothing r\/min r\/min Kw Hp Decelerate 1.38:1 Fertilizer broadcaster, etc 540 390 62 85 Gleason Helical Teeth Remark: If you have any special require feel free let me know, we also accept custom. Benefits of the Fertilizer [&hellip;]<\/p>","protected":false},"featured_media":3064,"comment_status":"open","ping_status":"closed","template":"","meta":{"_et_pb_use_builder":"","_et_pb_old_content":"","_et_gb_content_width":""},"product_brand":[],"product_cat":[71],"product_tag":[],"class_list":{"0":"post-3061","1":"product","2":"type-product","3":"status-publish","4":"has-post-thumbnail","6":"product_cat-fertilizer-seeder-gearbox","8":"first","9":"instock","10":"shipping-taxable","11":"product-type-simple"},"_links":{"self":[{"href":"https:\/\/fmp-components.com\/hu\/wp-json\/wp\/v2\/product\/3061","targetHints":{"allow":["GET"]}}],"collection":[{"href":"https:\/\/fmp-components.com\/hu\/wp-json\/wp\/v2\/product"}],"about":[{"href":"https:\/\/fmp-components.com\/hu\/wp-json\/wp\/v2\/types\/product"}],"replies":[{"embeddable":true,"href":"https:\/\/fmp-components.com\/hu\/wp-json\/wp\/v2\/comments?post=3061"}],"wp:featuredmedia":[{"embeddable":true,"href":"https:\/\/fmp-components.com\/hu\/wp-json\/wp\/v2\/media\/3064"}],"wp:attachment":[{"href":"https:\/\/fmp-components.com\/hu\/wp-json\/wp\/v2\/media?parent=3061"}],"wp:term":[{"taxonomy":"product_brand","embeddable":true,"href":"https:\/\/fmp-components.com\/hu\/wp-json\/wp\/v2\/product_brand?post=3061"},{"taxonomy":"product_cat","embeddable":true,"href":"https:\/\/fmp-components.com\/hu\/wp-json\/wp\/v2\/product_cat?post=3061"},{"taxonomy":"product_tag","embeddable":true,"href":"https:\/\/fmp-components.com\/hu\/wp-json\/wp\/v2\/product_tag?post=3061"}],"curies":[{"name":"munkaf\u00fczet","href":"https:\/\/api.w.org\/{rel}","templated":true}]}}