{"id":3057,"date":"2025-01-04T07:45:41","date_gmt":"2025-01-04T07:45:41","guid":{"rendered":"https:\/\/fmp-components.com\/?page_id=8"},"modified":"2025-01-04T07:45:42","modified_gmt":"2025-01-04T07:45:42","slug":"fertilizer-seeder-gearbox-fmp50-for-fertilizer-broadcaster","status":"publish","type":"product","link":"https:\/\/fmp-components.com\/hu\/product\/fertilizer-seeder-gearbox-fmp50-for-fertilizer-broadcaster\/","title":{"rendered":"M\u0171tr\u00e1gya vet\u0151g\u00e9p sebess\u00e9gv\u00e1lt\u00f3 FMP50 m\u0171tr\u00e1gyasz\u00f3r\u00f3hoz"},"content":{"rendered":"<h2>M\u0171tr\u00e1gyavet\u0151g\u00e9p sebess\u00e9gv\u00e1lt\u00f3 FMP50 m\u00e9retei<\/h2>\n<p><img loading=\"lazy\" decoding=\"async\" class=\"alignnone size-full wp-image-3058\" src=\"https:\/\/fmp-components.com\/wp-content\/uploads\/2025\/01\/Fertilizer-Seeder-Gearbox-EP50-Dimensions.webp\" alt=\"M\u0171tr\u00e1gya-Vet\u0151g\u00e9p-Sebess\u00e9gv\u00e1lt\u00f3-EP50-M\u00e9retek\" width=\"1265\" height=\"730\" title=\"\" srcset=\"https:\/\/fmp-components.com\/wp-content\/uploads\/2025\/01\/Fertilizer-Seeder-Gearbox-EP50-Dimensions.webp 1265w, https:\/\/fmp-components.com\/wp-content\/uploads\/2025\/01\/Fertilizer-Seeder-Gearbox-EP50-Dimensions-980x566.webp 980w, https:\/\/fmp-components.com\/wp-content\/uploads\/2025\/01\/Fertilizer-Seeder-Gearbox-EP50-Dimensions-480x277.webp 480w\" sizes=\"(min-width: 0px) and (max-width: 480px) 480px, (min-width: 481px) and (max-width: 980px) 980px, (min-width: 981px) 1265px, 100vw\" \/><\/p>\n<h2>M\u0171tr\u00e1gya vet\u0151g\u00e9p sebess\u00e9gv\u00e1lt\u00f3 FMP50 m\u0171szaki adatok<\/h2>\n<table style=\"width: 98.9862%; height: 186px;\" border=\"1\" cellspacing=\"0\" cellpadding=\"0\">\n<tbody>\n<tr>\n<td colspan=\"2\" rowspan=\"2\">\u00e9n<\/td>\n<td rowspan=\"2\">Alkalmas<\/td>\n<td>Fordulatsz\u00e1m bemenet<\/td>\n<td>Fordulatsz\u00e1m-kimenet<\/td>\n<td>Kimeneti nyomat\u00e9k<\/td>\n<td>S\u00faly<\/td>\n<td rowspan=\"2\">Fogazat<\/td>\n<\/tr>\n<tr>\n<td>fordulat\/perc<\/td>\n<td>fordulat\/perc<\/td>\n<td>Nm<\/td>\n<td>kg<\/td>\n<\/tr>\n<tr>\n<td>Lass\u00edt\u00e1s<\/td>\n<td>43.54:1<\/td>\n<td>M\u0171tr\u00e1gyasz\u00f3r\u00f3 stb.<\/td>\n<td>1000<\/td>\n<td>23<\/td>\n<td>5000<\/td>\n<td>55<\/td>\n<td>Gleason spir\u00e1lis<br \/>\nFogak<\/td>\n<\/tr>\n<tr>\n<td colspan=\"8\">Megjegyz\u00e9s: Ha b\u00e1rmilyen k\u00fcl\u00f6nleges ig\u00e9nye van, nyugodtan sz\u00f3ljon, mi is elfogadjuk az egyedi megrendel\u00e9seket.<\/td>\n<\/tr>\n<\/tbody>\n<\/table>\n<table style=\"height: 204px;\" border=\"1\" width=\"1073\" cellspacing=\"0\" cellpadding=\"0\">\n<tbody>\n<tr>\n<td style=\"width: 406.125px;\">Egy<\/td>\n<td style=\"width: 246.458px;\">B.<\/td>\n<td style=\"width: 413.306px;\">C<\/td>\n<\/tr>\n<tr>\n<td style=\"width: 406.125px;\">\u03a650<\/td>\n<td style=\"width: 246.458px;\">14<\/td>\n<td style=\"width: 413.306px;\">53.8<\/td>\n<\/tr>\n<tr>\n<td style=\"width: 406.125px;\">\u03a655<\/td>\n<td style=\"width: 246.458px;\">16<\/td>\n<td style=\"width: 413.306px;\">59.3<\/td>\n<\/tr>\n<tr>\n<td style=\"width: 406.125px;\">\u03a660<\/td>\n<td style=\"width: 246.458px;\">18<\/td>\n<td style=\"width: 413.306px;\">64.4<\/td>\n<\/tr>\n<\/tbody>\n<\/table>\n<h2>Hogyan m\u0171k\u00f6dik a m\u0171tr\u00e1gyasz\u00f3r\u00f3hoz val\u00f3 FMP50 m\u0171tr\u00e1gyavet\u0151g\u00e9p sebess\u00e9gv\u00e1lt\u00f3ja?<\/h2>\n<p>A m\u0171tr\u00e1gyasz\u00f3r\u00f3khoz haszn\u00e1lt FMP50 m\u0171tr\u00e1gyavet\u0151g\u00e9p-hajt\u00f3m\u0171 kulcsfontoss\u00e1g\u00fa eleme a m\u0171tr\u00e1gya hat\u00e9kony \u00e9s eredm\u00e9nyes eloszt\u00e1s\u00e1nak biztos\u00edt\u00e1s\u00e1ban a mez\u0151gazdas\u00e1gi m\u0171veletek sor\u00e1n. Ez a sebess\u00e9gv\u00e1lt\u00f3 kritikus szerepet j\u00e1tszik a traktor vagy a f\u0151g\u00e9p teljes\u00edtm\u00e9ny\u00e9nek a m\u0171tr\u00e1gyasz\u00f3r\u00f3 mechanizmushoz val\u00f3 \u00e1tvitel\u00e9ben. Az al\u00e1bbiakban r\u00e9szletesen ismertetj\u00fck, hogyan m\u0171k\u00f6dik az FMP50 sebess\u00e9gv\u00e1lt\u00f3 egy m\u0171tr\u00e1gyasz\u00f3r\u00f3ban:<\/p>\n<p><strong>1. Er\u0151\u00e1tvitel<\/strong><\/p>\n<ul>\n<li>Az FMP50 sebess\u00e9gv\u00e1lt\u00f3 a traktor kard\u00e1ntengely\u00e9r\u0151l (teljes\u00edtm\u00e9nylead\u00f3 tengely\u00e9r\u0151l) vagy m\u00e1s energiaforr\u00e1sokr\u00f3l kapja a forg\u00f3 teljes\u00edtm\u00e9nyt. A kard\u00e1ntengely jellemz\u0151en \u00e1lland\u00f3 sebess\u00e9ggel m\u0171k\u00f6dik, \u00e9s a teljes\u00edtm\u00e9nyt a sebess\u00e9gv\u00e1lt\u00f3hoz tov\u00e1bb\u00edtja.<\/li>\n<li>Az FMP50 sebess\u00e9gv\u00e1lt\u00f3 a m\u0171tr\u00e1gyasz\u00f3r\u00f3 konkr\u00e9t \u00fczemeltet\u00e9si k\u00f6vetelm\u00e9nyeit\u0151l f\u00fcgg\u0151en cs\u00f6kkenti vagy n\u00f6veli az \u00e1tvitt teljes\u00edtm\u00e9ny sebess\u00e9g\u00e9t. Ez lehet\u0151v\u00e9 teszi a sebess\u00e9gv\u00e1lt\u00f3 sz\u00e1m\u00e1ra, hogy a m\u0171tr\u00e1gyasz\u00f3r\u00f3 mechanizmus optim\u00e1lis sebess\u00e9g\u00e9t szab\u00e1lyozza.<\/li>\n<\/ul>\n<p><strong>2. Sebess\u00e9gszab\u00e1lyoz\u00e1s<\/strong><\/p>\n<ul>\n<li>Az FMP50 sebess\u00e9gv\u00e1lt\u00f3 egyik kulcsfontoss\u00e1g\u00fa funkci\u00f3ja a sebess\u00e9gszab\u00e1lyoz\u00e1s. A sebess\u00e9gv\u00e1lt\u00f3 a m\u0171tr\u00e1gyasz\u00f3r\u00f3ban l\u00e9v\u0151 forg\u00f3 sz\u00f3r\u00f3t\u00e1rcs\u00e1k sebess\u00e9g\u00e9t \u00e1ll\u00edtja be.<\/li>\n<li>A sebess\u00e9g szab\u00e1lyoz\u00e1s\u00e1val a sebess\u00e9gv\u00e1lt\u00f3 biztos\u00edtja, hogy a m\u0171tr\u00e1gya egyenletesen, a megfelel\u0151 mennyis\u00e9gben sz\u00f3r\u00f3djon sz\u00e9t a sz\u00e1nt\u00f3f\u00f6ld\u00f6n. Ez seg\u00edt fenntartani az egyenletes lefedetts\u00e9get, \u00e9s megakad\u00e1lyozza a m\u0171tr\u00e1gya t\u00falzott vagy alulkijuttat\u00e1s\u00e1t.<\/li>\n<\/ul>\n<p><strong>3. Komponensek szinkroniz\u00e1l\u00e1sa<\/strong><\/p>\n<ul>\n<li>A sebess\u00e9gv\u00e1lt\u00f3 felel\u0151s a m\u0171tr\u00e1gyasz\u00f3r\u00f3 k\u00fcl\u00f6nb\u00f6z\u0151 alkatr\u00e9szeinek szinkroniz\u00e1l\u00e1s\u00e1\u00e9rt. Biztos\u00edtja, hogy a m\u0171tr\u00e1gyaadagol\u00f3 mechanizmus \u00e9s a sz\u00f3r\u00f3t\u00e1rcs\u00e1k harm\u00f3ni\u00e1ban forogjanak.<\/li>\n<li>A m\u0171tr\u00e1gyaadagol\u00f3 mechanizmus szab\u00e1lyozza a m\u0171tr\u00e1gya \u00e1raml\u00e1s\u00e1t, m\u00edg a sz\u00f3r\u00f3t\u00e1rcs\u00e1k elosztj\u00e1k a m\u0171tr\u00e1gy\u00e1t a sz\u00e1nt\u00f3f\u00f6ld\u00f6n. Az\u00e1ltal, hogy ezek az alkatr\u00e9szek egy\u00fcttm\u0171k\u00f6dnek, a sebess\u00e9gv\u00e1lt\u00f3 biztos\u00edtja a pontos \u00e9s egyenletes m\u0171tr\u00e1gya kijuttat\u00e1st.<\/li>\n<\/ul>\n<p><strong>4. Tart\u00f3ss\u00e1g \u00e9s precizit\u00e1s<\/strong><\/p>\n<ul>\n<li>Az FMP50 sebess\u00e9gv\u00e1lt\u00f3t \u00fagy tervezt\u00e9k, hogy kezelje a m\u0171k\u00f6d\u00e9s sor\u00e1n keletkez\u0151 nagy nyomat\u00e9kterhel\u00e9seket, biztos\u00edtva a megb\u00edzhat\u00f3s\u00e1got \u00e9s a tart\u00f3ss\u00e1got zord mez\u0151gazdas\u00e1gi k\u00f6r\u00fclm\u00e9nyek k\u00f6z\u00f6tt.<\/li>\n<li>Prec\u00edz m\u00e9rn\u00f6ki munk\u00e1ja biztos\u00edtja az alkatr\u00e9szek megfelel\u0151 be\u00e1ll\u00edt\u00e1s\u00e1t, minimaliz\u00e1lja a kop\u00e1st, \u00e9s meghosszabb\u00edtja a sebess\u00e9gv\u00e1lt\u00f3 \u00e9s a teljes m\u0171tr\u00e1gyasz\u00f3r\u00f3 \u00e9lettartam\u00e1t.<\/li>\n<\/ul>\n<p><strong>5. Ken\u00e9s \u00e9s h\u0171t\u00e9s<\/strong><\/p>\n<ul>\n<li>A megfelel\u0151 ken\u00e9s elengedhetetlen az FMP50 sebess\u00e9gv\u00e1lt\u00f3 hat\u00e9kony m\u0171k\u00f6d\u00e9s\u00e9hez. A sebess\u00e9gv\u00e1lt\u00f3 ken\u0151rendszerekkel van felszerelve, amelyek cs\u00f6kkentik a bels\u0151 fogaskerekek k\u00f6z\u00f6tti s\u00farl\u00f3d\u00e1st \u00e9s megakad\u00e1lyozz\u00e1k a t\u00falmeleged\u00e9st. Ez biztos\u00edtja a z\u00f6kken\u0151mentes m\u0171k\u00f6d\u00e9st hosszabb haszn\u00e1lat sor\u00e1n, k\u00fcl\u00f6n\u00f6sen nagym\u00e9ret\u0171 mez\u0151gazdas\u00e1gi ter\u00fcleteken.<\/li>\n<\/ul>\n<p>L\u00e9nyeg\u00e9ben az FMP50 m\u0171tr\u00e1gyavet\u0151g\u00e9p sebess\u00e9gv\u00e1lt\u00f3ja egy szerves alkatr\u00e9sz, amely biztos\u00edtja a m\u0171tr\u00e1gyasz\u00f3r\u00f3 hat\u00e9kony, pontos \u00e9s megb\u00edzhat\u00f3 m\u0171k\u00f6d\u00e9s\u00e9t, optimaliz\u00e1lja a m\u0171tr\u00e1gyafelhaszn\u00e1l\u00e1st \u00e9s n\u00f6veli a term\u00e9ny termel\u00e9kenys\u00e9g\u00e9t.<\/p>\n<p><img loading=\"lazy\" decoding=\"async\" class=\"alignnone size-full wp-image-3055\" src=\"https:\/\/fmp-components.com\/wp-content\/uploads\/2025\/01\/Fertilizer-Seeder-Gearbox-Agriculture-Applications-scaled.webp\" alt=\"M\u0171tr\u00e1gya-Vet\u0151g\u00e9p-Sebess\u00e9gv\u00e1lt\u00f3-Mez\u0151gazdas\u00e1gi-Alkalmaz\u00e1sok\" width=\"2560\" height=\"892\" title=\"\" srcset=\"https:\/\/fmp-components.com\/wp-content\/uploads\/2025\/01\/Fertilizer-Seeder-Gearbox-Agriculture-Applications-scaled.webp 2560w, https:\/\/fmp-components.com\/wp-content\/uploads\/2025\/01\/Fertilizer-Seeder-Gearbox-Agriculture-Applications-1280x446.webp 1280w, https:\/\/fmp-components.com\/wp-content\/uploads\/2025\/01\/Fertilizer-Seeder-Gearbox-Agriculture-Applications-980x341.webp 980w, https:\/\/fmp-components.com\/wp-content\/uploads\/2025\/01\/Fertilizer-Seeder-Gearbox-Agriculture-Applications-480x167.webp 480w\" sizes=\"(min-width: 0px) and (max-width: 480px) 480px, (min-width: 481px) and (max-width: 980px) 980px, (min-width: 981px) and (max-width: 1280px) 1280px, (min-width: 1281px) 2560px, 100vw\" \/><\/p>\n<h2>M\u0171tr\u00e1gya vet\u0151g\u00e9p sebess\u00e9gv\u00e1lt\u00f3 EP50 \u00c1ltal\u00e1nos alkalmaz\u00e1sok<\/h2>\n<p>Az FMP50 m\u0171tr\u00e1gyavet\u0151g\u00e9p hajt\u00f3m\u0171 sokoldal\u00fa \u00e9s n\u00e9lk\u00fcl\u00f6zhetetlen alkatr\u00e9sze a k\u00fcl\u00f6nf\u00e9le mez\u0151gazdas\u00e1gi g\u00e9peknek, amelyet a m\u0171tr\u00e1gya \u00e9s a vet\u0151mag hat\u00e9kony eloszt\u00e1s\u00e1ra terveztek nagy ter\u00fcleteken. Az al\u00e1bbiakban az FMP50 hajt\u00f3m\u0171 gyakori alkalmaz\u00e1sai l\u00e1that\u00f3k:<\/p>\n<p><strong>1. M\u0171tr\u00e1gyasz\u00f3r\u00f3k<\/strong><\/p>\n<ul>\n<li>Az FMP50 sebess\u00e9gv\u00e1lt\u00f3t sz\u00e9les k\u00f6rben haszn\u00e1lj\u00e1k m\u0171tr\u00e1gyasz\u00f3r\u00f3kban, ahol biztos\u00edtja a granul\u00e1lt vagy por \u00e1llag\u00fa m\u0171tr\u00e1gy\u00e1k pontos \u00e9s egyenletes eloszl\u00e1s\u00e1t a sz\u00e1nt\u00f3f\u00f6ld\u00f6n. A sz\u00f3r\u00f3t\u00e1rcs\u00e1k forg\u00e1si sebess\u00e9g\u00e9nek szab\u00e1lyoz\u00e1s\u00e1val a sebess\u00e9gv\u00e1lt\u00f3 garant\u00e1lja a m\u0171tr\u00e1gya egyenletes kijuttat\u00e1s\u00e1t, el\u0151seg\u00edtve az optim\u00e1lis n\u00f6v\u00e9nyn\u00f6veked\u00e9st, mik\u00f6zben minimaliz\u00e1lja a hullad\u00e9kot.<\/li>\n<\/ul>\n<p><strong>2. Vet\u0151g\u00e9p \u00e9s m\u0171tr\u00e1gya kombin\u00e1ci\u00f3k (pneumatikus vet\u0151g\u00e9pek)<\/strong><\/p>\n<ul>\n<li>Az FMP50 sebess\u00e9gv\u00e1lt\u00f3t gyakran haszn\u00e1lj\u00e1k kombin\u00e1lt vet\u0151- \u00e9s m\u0171tr\u00e1gyasz\u00f3r\u00f3 g\u00e9pekben, p\u00e9ld\u00e1ul pneumatikus vet\u0151g\u00e9pekben. Ezeket a g\u00e9peket \u00fagy tervezt\u00e9k, hogy egyszerre vessenek magokat \u00e9s jussanak m\u0171tr\u00e1gy\u00e1t. A sebess\u00e9gv\u00e1lt\u00f3 seg\u00edt szinkroniz\u00e1lni a vet\u0151mag-adagol\u00f3 \u00e9s a m\u0171tr\u00e1gyaeloszt\u00f3 rendszerek m\u0171k\u00f6d\u00e9s\u00e9t, biztos\u00edtva, hogy mind a magok, mind a m\u0171tr\u00e1gya pontosan \u00e9s hat\u00e9konyan ker\u00fclj\u00f6n kijuttat\u00e1sra.<\/li>\n<li>Ez az integr\u00e1ci\u00f3 cs\u00f6kkenti a terepen val\u00f3 t\u00f6bbsz\u00f6ri \u00e1thalad\u00e1s sz\u00fcks\u00e9gess\u00e9g\u00e9t, id\u0151t \u00e9s munkaer\u0151k\u00f6lts\u00e9geket takar\u00edtva meg, mik\u00f6zben jav\u00edtja a m\u0171k\u00f6d\u00e9si hat\u00e9konys\u00e1got.<\/li>\n<\/ul>\n<p><strong>3. Prec\u00edzi\u00f3s mez\u0151gazdas\u00e1gi berendez\u00e9sek<\/strong><\/p>\n<ul>\n<li>Az FMP50 sebess\u00e9gv\u00e1lt\u00f3 prec\u00edzi\u00f3s mez\u0151gazdas\u00e1gi berendez\u00e9sekben is megtal\u00e1lhat\u00f3, amelyek pontos \u00e9s v\u00e1ltoz\u00f3 mennyis\u00e9g\u0171 m\u0171tr\u00e1gya kijuttat\u00e1st ig\u00e9nyelnek. Ezek a rendszerek fejlett technol\u00f3gi\u00e1kat, p\u00e9ld\u00e1ul GPS-t \u00e9s \u00e9rz\u00e9kel\u0151ket haszn\u00e1lnak a m\u0171tr\u00e1gya kijuttat\u00e1si mennyis\u00e9g\u00e9nek a terepi k\u00f6r\u00fclm\u00e9nyekhez val\u00f3 igaz\u00edt\u00e1s\u00e1hoz.<\/li>\n<li>Az FMP50 sebess\u00e9gv\u00e1lt\u00f3 seg\u00edt biztos\u00edtani a m\u0171tr\u00e1gya egyenletes \u00e9s pontos sz\u00f3r\u00e1s\u00e1t, hozz\u00e1j\u00e1rulva az er\u0151forr\u00e1sok hat\u00e9kony felhaszn\u00e1l\u00e1s\u00e1hoz \u00e9s a k\u00f6rnyezeti terhel\u00e9s minimaliz\u00e1l\u00e1s\u00e1hoz.<\/li>\n<\/ul>\n<p><strong>4. Traktorra szerelt m\u0171tr\u00e1gyasz\u00f3r\u00f3k<\/strong><\/p>\n<ul>\n<li>A traktorra szerelt m\u0171tr\u00e1gyasz\u00f3r\u00f3kban az FMP50 sebess\u00e9gv\u00e1lt\u00f3 a traktor teljes\u00edtm\u00e9nylead\u00f3 tengely\u00e9r\u0151l (TLT) tov\u00e1bb\u00edtja a teljes\u00edtm\u00e9nyt a sz\u00f3r\u00f3szerkezethez. A sebess\u00e9gv\u00e1lt\u00f3 szab\u00e1lyozza a sz\u00f3r\u00f3t\u00e1rcs\u00e1k forg\u00e1si sebess\u00e9g\u00e9t, biztos\u00edtva a m\u0171tr\u00e1gya egyenletes kijuttat\u00e1s\u00e1t a sz\u00e1nt\u00f3f\u00f6ld\u00f6n.<\/li>\n<li>Ezeket a sz\u00f3r\u00f3g\u00e9peket jellemz\u0151en nagy\u00fczemi mez\u0151gazdas\u00e1gi \u00fczemekben haszn\u00e1lj\u00e1k, ahol a m\u0171tr\u00e1gya k\u00f6vetkezetes \u00e9s pontos eloszt\u00e1sa kulcsfontoss\u00e1g\u00fa a term\u00e9shozam maximaliz\u00e1l\u00e1sa \u00e9rdek\u00e9ben.<\/li>\n<\/ul>\n<p><strong>5. Granul\u00e1lt m\u0171tr\u00e1gya kijuttat\u00f3 rendszerek<\/strong><\/p>\n<ul>\n<li>Az FMP50 sebess\u00e9gv\u00e1lt\u00f3t granul\u00e1lt m\u0171tr\u00e1gya kijuttat\u00f3 rendszerekben haszn\u00e1lj\u00e1k, ahol a granul\u00e1lt m\u0171tr\u00e1gy\u00e1k talajon t\u00f6rt\u00e9n\u0151 eloszt\u00e1s\u00e1\u00e9rt felel\u0151s mechanizmust hajtja meg. A sebess\u00e9gv\u00e1lt\u00f3 biztos\u00edtja, hogy a m\u0171tr\u00e1gya a megfelel\u0151 sebess\u00e9ggel ker\u00fclj\u00f6n kijuttat\u00e1sra \u00e9s egyenletesen oszoljon el a talajban, optimaliz\u00e1lva a t\u00e1panyagok el\u00e9rhet\u0151s\u00e9g\u00e9t a n\u00f6v\u00e9nyek sz\u00e1m\u00e1ra.<\/li>\n<li>Ezeket a rendszereket gyakran haszn\u00e1lj\u00e1k k\u00fcl\u00f6nf\u00e9le n\u00f6v\u00e9nyek, p\u00e9ld\u00e1ul gabonaf\u00e9l\u00e9k, h\u00fcvelyesek \u00e9s z\u00f6lds\u00e9gek termeszt\u00e9s\u00e9hez, ahol a pontos m\u0171tr\u00e1gya-kijuttat\u00e1s elengedhetetlen az eg\u00e9szs\u00e9ges n\u00f6v\u00e9nyn\u00f6veked\u00e9s el\u0151seg\u00edt\u00e9s\u00e9hez.<\/li>\n<\/ul>\n<p>Az FMP50 m\u0171tr\u00e1gyavet\u0151g\u00e9p sebess\u00e9gv\u00e1lt\u00f3j\u00e1t \u00fagy tervezt\u00e9k, hogy biztos\u00edtsa a m\u0171tr\u00e1gya prec\u00edz \u00e9s hat\u00e9kony kijuttat\u00e1s\u00e1t a k\u00fcl\u00f6nf\u00e9le mez\u0151gazdas\u00e1gi alkalmaz\u00e1sokban, ami v\u00e9gs\u0151 soron jobb term\u00e9shozamhoz, hat\u00e9konyabb m\u0171tr\u00e1gya-felhaszn\u00e1l\u00e1shoz \u00e9s fenntarthat\u00f3 gazd\u00e1lkod\u00e1si gyakorlatokhoz vezet.<\/p>\n<p><img loading=\"lazy\" decoding=\"async\" class=\"alignnone  wp-image-3060\" src=\"https:\/\/fmp-components.com\/wp-content\/uploads\/2025\/01\/Fertilizer-Seeder-Gearbox-EP50-Common-Applications-1.webp\" alt=\"M\u0171tr\u00e1gya-Vet\u0151g\u00e9p-Sebess\u00e9gv\u00e1lt\u00f3-EP50-\u00c1ltal\u00e1nos-Alkalmaz\u00e1s-1\" width=\"1103\" height=\"643\" title=\"\" srcset=\"https:\/\/fmp-components.com\/wp-content\/uploads\/2025\/01\/Fertilizer-Seeder-Gearbox-EP50-Common-Applications-1.webp 1103w, https:\/\/fmp-components.com\/wp-content\/uploads\/2025\/01\/Fertilizer-Seeder-Gearbox-EP50-Common-Applications-1-980x571.webp 980w, https:\/\/fmp-components.com\/wp-content\/uploads\/2025\/01\/Fertilizer-Seeder-Gearbox-EP50-Common-Applications-1-480x280.webp 480w\" sizes=\"(min-width: 0px) and (max-width: 480px) 480px, (min-width: 481px) and (max-width: 980px) 980px, (min-width: 981px) 1103px, 100vw\" \/><\/p>\n<h3>Az FMP-r\u0151l<\/h3>\n<p>Az olaszorsz\u00e1gi sz\u00e9khely\u0171 FMP vezet\u0151 gy\u00e1rt\u00f3, amely a nagy teljes\u00edtm\u00e9ny\u0171 sebess\u00e9gv\u00e1lt\u00f3k tervez\u00e9s\u00e9ben, fejleszt\u00e9s\u00e9ben \u00e9s gy\u00e1rt\u00e1s\u00e1ban szerzett szak\u00e9rtelm\u00e9r\u0151l ismert, k\u00fcl\u00f6n\u00f6s tekintettel a mez\u0151gazdas\u00e1gi g\u00e9pek szektor\u00e1ra. A prec\u00edzi\u00f3s m\u00e9rn\u00f6ki munk\u00e1r\u00f3l, az innov\u00e1ci\u00f3r\u00f3l \u00e9s a kiv\u00e9teles megb\u00edzhat\u00f3s\u00e1gr\u00f3l ismert FMP er\u0151s h\u00edrnevet szerzett mag\u00e1nak, mint megb\u00edzhat\u00f3 partner mind a mez\u0151gazdas\u00e1gi, mind az ipari ipar\u00e1gakban. Sz\u00e9les portf\u00f3li\u00f3nk mag\u00e1ban foglalja a f\u0171ny\u00edr\u00f3khoz, kard\u00e1ntengelyekhez \u00e9s sz\u00e1mos kritikus alkatr\u00e9szhez k\u00e9sz\u00fclt, egyedi tervez\u00e9s\u0171 sebess\u00e9gv\u00e1lt\u00f3kat, amelyek mindegyike a k\u00fcl\u00f6nf\u00e9le alkalmaz\u00e1sok egyedi ig\u00e9nyeinek kiel\u00e9g\u00edt\u00e9s\u00e9re van szabva.<\/p>\n<p>Az FMP-n\u00e9l meg\u00e9rtj\u00fck, hogy minden \u00fcgyf\u00e9l egyedi kih\u00edv\u00e1sokkal \u00e9s k\u00f6vetelm\u00e9nyekkel n\u00e9z szembe. Ez\u00e9rt elk\u00f6telezettek vagyunk a szem\u00e9lyre szabott megold\u00e1sok ny\u00fajt\u00e1sa ir\u00e1nt, legyen sz\u00f3 ak\u00e1r egyedi komponensekr\u0151l, ak\u00e1r teljesen integr\u00e1lt rendszerekr\u0151l. \u00dcgyfeleinkkel szorosan egy\u00fcttm\u0171k\u00f6dve biztos\u00edtjuk, hogy minden megold\u00e1s ne csak megfeleljen az ig\u00e9nyeiknek, hanem jav\u00edtsa az \u00e1ltal\u00e1nos teljes\u00edtm\u00e9nyt \u00e9s maxim\u00e1lis \u00e9rt\u00e9ket ny\u00fajtson. A gyors, professzion\u00e1lis v\u00e1laszok ir\u00e1nti elk\u00f6telezetts\u00e9g\u00fcnk, valamint a szak\u00e9rt\u0151i \u00fatmutat\u00e1s garant\u00e1lja, hogy minden megkeres\u00e9st gondosan \u00e9s prec\u00edzen kezel\u00fcnk, biztos\u00edtva az optim\u00e1lis eredm\u00e9nyeket.<\/p>\n<p>A teljes term\u00e9kfejleszt\u00e9si ciklus sor\u00e1n a ny\u00edlt \u00e9s folyamatos kommunik\u00e1ci\u00f3t helyezz\u00fck el\u0151t\u00e9rbe. Csapatunk k\u00f6zvetlen\u00fcl egy\u00fcttm\u0171k\u00f6dik az \u00fcgyfelekkel, hogy m\u00e9lyrehat\u00f3an meg\u00e9rtse ig\u00e9nyeiket, szak\u00e9rt\u0151i megl\u00e1t\u00e1sokat \u00e9s aj\u00e1nl\u00e1sokat k\u00edn\u00e1lva a lehet\u0151 legjobb eredm\u00e9nyek el\u00e9r\u00e9se \u00e9rdek\u00e9ben. Ak\u00e1r innovat\u00edv term\u00e9keket tervez\u00fcnk, ak\u00e1r rutinmegrendel\u00e9seket teljes\u00edt\u00fcnk, az FMP elk\u00f6telezett amellett, hogy minden alkalommal kiv\u00e1l\u00f3 min\u0151s\u00e9g\u0171, prec\u00edzen megtervezett megold\u00e1sokat sz\u00e1ll\u00edtson, id\u0151ben. C\u00e9lunk, hogy minden projektben kiv\u00e9teles szolg\u00e1ltat\u00e1st \u00e9s k\u00e9zzelfoghat\u00f3 eredm\u00e9nyeket ny\u00fajtva fel\u00fclm\u00faljuk az \u00fcgyfelek elv\u00e1r\u00e1sait.<\/p>\n<p>A min\u0151s\u00e9g az FMP-n\u00e9l v\u00e9gzett minden tev\u00e9kenys\u00e9g\u00fcnk sarokk\u00f6ve. A legmagasabb gy\u00e1rt\u00e1si szabv\u00e1nyokat tartjuk be, \u00e9s szigor\u00fa min\u0151s\u00e9gellen\u0151rz\u00e9si folyamatokat alkalmazunk annak biztos\u00edt\u00e1sa \u00e9rdek\u00e9ben, hogy minden term\u00e9k\u00fcnk megfeleljen, s\u0151t gyakran meghaladja az ipar\u00e1gi szabv\u00e1nyokat. Ez a kiv\u00e1l\u00f3s\u00e1g ir\u00e1nti elk\u00f6telezetts\u00e9g, valamint az olyan alapvet\u0151 \u00e9rt\u00e9keink, mint az integrit\u00e1s, a csapatmunka \u00e9s a kitart\u00e1s, lehet\u0151v\u00e9 tette sz\u00e1munkra, hogy hossz\u00fa t\u00e1v\u00fa, bizalmon alapul\u00f3 kapcsolatokat alak\u00edtsunk ki \u00fcgyfeleinkkel vil\u00e1gszerte k\u00f6zel 30 orsz\u00e1gban.<\/p>\n<p>Az FMP mindig is t\u00f6rekedett a glob\u00e1lis partners\u00e9gek \u00e1pol\u00e1s\u00e1ra, \u00e9s elk\u00f6telezett amellett, hogy szak\u00e9rt\u0151i tan\u00e1csokat \u00e9s szem\u00e9lyre szabott megold\u00e1sokat k\u00edn\u00e1ljon, amelyek \u00f6sszhangban vannak \u00fcgyfeleink v\u00e1ltoz\u00f3 ig\u00e9nyeivel. Nemcsak a term\u00e9kek sz\u00e1ll\u00edt\u00e1s\u00e1ra t\u00f6reksz\u00fcnk; c\u00e9lunk hossz\u00fa t\u00e1v\u00fa, k\u00f6lcs\u00f6n\u00f6sen el\u0151ny\u00f6s partners\u00e9gek ki\u00e9p\u00edt\u00e9se, amelyek hozz\u00e1j\u00e1rulnak minden projekt siker\u00e9hez. Ak\u00e1r innovat\u00edv megold\u00e1sokra van sz\u00fcks\u00e9ge egy \u00faj kezdem\u00e9nyez\u00e9shez, ak\u00e1r folyamatos t\u00e1mogat\u00e1sra egy megl\u00e9v\u0151 rendszerhez, az FMP k\u00e9szen \u00e1ll arra, hogy seg\u00edtsen \u00d6nnek a technikai kih\u00edv\u00e1sok lek\u00fczd\u00e9s\u00e9ben \u00e9s a folyamatos siker biztos\u00edt\u00e1s\u00e1ban.<\/p>\n<p><img loading=\"lazy\" decoding=\"async\" class=\"alignnone wp-image-2695\" src=\"https:\/\/fmp-components.com\/wp-content\/uploads\/2025\/01\/agricultural-gearbox3.webp\" alt=\"mez\u0151gazdas\u00e1gi sebess\u00e9gv\u00e1lt\u00f3\" width=\"1140\" height=\"1138\" title=\"\" srcset=\"https:\/\/fmp-components.com\/wp-content\/uploads\/2025\/01\/agricultural-gearbox3.webp 1140w, https:\/\/fmp-components.com\/wp-content\/uploads\/2025\/01\/agricultural-gearbox3-480x479.webp 480w\" sizes=\"(min-width: 0px) and (max-width: 480px) 480px, (min-width: 481px) 1140px, 100vw\" \/><\/p>\n<p>Szerz\u0151: CX<\/p>","protected":false},"excerpt":{"rendered":"<p>Fertilizer Seeder Gearbox FMP50 Dimensions Fertilizer Seeder Gearbox FMP50 Technical Data i Suitable Rpm input Rpm output Output torque Weight Toothing r\/min r\/min N.m kg Decelerate 43.54:1 Fertilizer broadcaster, etc 1000 23 5000 55 Gleason Helical Teeth Remark: If you have any special require feel free let me know, we also accept custom. A B [&hellip;]<\/p>","protected":false},"featured_media":3059,"comment_status":"open","ping_status":"closed","template":"","meta":{"_et_pb_use_builder":"","_et_pb_old_content":"","_et_gb_content_width":""},"product_brand":[],"product_cat":[71],"product_tag":[],"class_list":{"0":"post-3057","1":"product","2":"type-product","3":"status-publish","4":"has-post-thumbnail","6":"product_cat-fertilizer-seeder-gearbox","8":"first","9":"instock","10":"shipping-taxable","11":"product-type-simple"},"_links":{"self":[{"href":"https:\/\/fmp-components.com\/hu\/wp-json\/wp\/v2\/product\/3057","targetHints":{"allow":["GET"]}}],"collection":[{"href":"https:\/\/fmp-components.com\/hu\/wp-json\/wp\/v2\/product"}],"about":[{"href":"https:\/\/fmp-components.com\/hu\/wp-json\/wp\/v2\/types\/product"}],"replies":[{"embeddable":true,"href":"https:\/\/fmp-components.com\/hu\/wp-json\/wp\/v2\/comments?post=3057"}],"wp:featuredmedia":[{"embeddable":true,"href":"https:\/\/fmp-components.com\/hu\/wp-json\/wp\/v2\/media\/3059"}],"wp:attachment":[{"href":"https:\/\/fmp-components.com\/hu\/wp-json\/wp\/v2\/media?parent=3057"}],"wp:term":[{"taxonomy":"product_brand","embeddable":true,"href":"https:\/\/fmp-components.com\/hu\/wp-json\/wp\/v2\/product_brand?post=3057"},{"taxonomy":"product_cat","embeddable":true,"href":"https:\/\/fmp-components.com\/hu\/wp-json\/wp\/v2\/product_cat?post=3057"},{"taxonomy":"product_tag","embeddable":true,"href":"https:\/\/fmp-components.com\/hu\/wp-json\/wp\/v2\/product_tag?post=3057"}],"curies":[{"name":"munkaf\u00fczet","href":"https:\/\/api.w.org\/{rel}","templated":true}]}}