{"id":3047,"date":"2025-01-04T07:16:41","date_gmt":"2025-01-04T07:16:41","guid":{"rendered":"https:\/\/fmp-components.com\/?page_id=8"},"modified":"2025-01-04T07:16:41","modified_gmt":"2025-01-04T07:16:41","slug":"double-disc-silage-machine-gearbox-fmp-qz115-for-silage-machines","status":"publish","type":"product","link":"https:\/\/fmp-components.com\/hu\/product\/double-disc-silage-machine-gearbox-fmp-qz115-for-silage-machines\/","title":{"rendered":"Dupla t\u00e1rcs\u00e1s sil\u00f3z\u00f3g\u00e9p sebess\u00e9gv\u00e1lt\u00f3 FMP-QZ115 sil\u00f3z\u00f3g\u00e9pekhez"},"content":{"rendered":"<h2>Dupla t\u00e1rcs\u00e1s sil\u00f3z\u00f3g\u00e9p hajt\u00f3m\u0171 FMP-QZ115 M\u0171szaki adatok<\/h2>\n<p><img loading=\"lazy\" decoding=\"async\" class=\"alignnone size-full wp-image-3049\" src=\"https:\/\/fmp-components.com\/wp-content\/uploads\/2025\/01\/Double-Disc-Silage-Machine-Gearbox-EP-QZ115-Dimensions.webp\" alt=\"Dupla-t\u00e1rcs\u00e1s-sil\u00f3z\u00f3-g\u00e9p-hajt\u00f3m\u0171-EP-QZ115-m\u00e9retek\" width=\"1237\" height=\"890\" title=\"\" srcset=\"https:\/\/fmp-components.com\/wp-content\/uploads\/2025\/01\/Double-Disc-Silage-Machine-Gearbox-EP-QZ115-Dimensions.webp 1237w, https:\/\/fmp-components.com\/wp-content\/uploads\/2025\/01\/Double-Disc-Silage-Machine-Gearbox-EP-QZ115-Dimensions-980x705.webp 980w, https:\/\/fmp-components.com\/wp-content\/uploads\/2025\/01\/Double-Disc-Silage-Machine-Gearbox-EP-QZ115-Dimensions-480x345.webp 480w\" sizes=\"(min-width: 0px) and (max-width: 480px) 480px, (min-width: 481px) and (max-width: 980px) 980px, (min-width: 981px) 1237px, 100vw\" \/><\/p>\n<h2>Dupla t\u00e1rcs\u00e1s sil\u00f3z\u00f3g\u00e9p hajt\u00f3m\u0171 FMP-QZ115 M\u0171szaki adatok<\/h2>\n<table style=\"width: 92.4037%; height: 146px;\" border=\"1\" cellspacing=\"0\" cellpadding=\"0\">\n<tbody>\n<tr>\n<td colspan=\"2\" rowspan=\"2\">\u00e9n<\/td>\n<td rowspan=\"2\">Alkalmas<\/td>\n<td>Fordulatsz\u00e1m bemenet<\/td>\n<td>Fordulatsz\u00e1m-kimenet<\/td>\n<td>Kimeneti nyomat\u00e9k<\/td>\n<td>S\u00faly<\/td>\n<td rowspan=\"2\">Fogazat<\/td>\n<\/tr>\n<tr>\n<td>fordulat\/perc<\/td>\n<td>fordulat\/perc<\/td>\n<td>Nm<\/td>\n<td>kg<\/td>\n<\/tr>\n<tr>\n<td>Lass\u00edt\u00e1s<\/td>\n<td>1: 1<\/td>\n<td>sil\u00f3z\u00f3g\u00e9pek stb.<\/td>\n<td>1000<\/td>\n<td>1000<\/td>\n<td>580<\/td>\n<td>35<\/td>\n<td>Gleason spir\u00e1lis<br \/>\nFogak<\/td>\n<\/tr>\n<tr>\n<td colspan=\"8\">Megjegyz\u00e9s: Ha b\u00e1rmilyen k\u00fcl\u00f6nleges ig\u00e9nye van, nyugodtan sz\u00f3ljon, mi is elfogadjuk az egyedi megrendel\u00e9seket.<\/td>\n<\/tr>\n<\/tbody>\n<\/table>\n<table style=\"height: 128px; width: 92.5728%;\" border=\"1\" width=\"1005\" cellspacing=\"0\" cellpadding=\"0\">\n<tbody>\n<tr>\n<td style=\"width: 27.4354%;\">Egy<\/td>\n<td style=\"width: 16.6998%;\">B.<\/td>\n<td style=\"width: 27.9324%;\">C<\/td>\n<td style=\"width: 28.329%;\">D<\/td>\n<\/tr>\n<tr>\n<td style=\"width: 27.4354%;\">\u03a645<\/td>\n<td style=\"width: 16.6998%;\">14<\/td>\n<td style=\"width: 27.9324%;\">39.5<\/td>\n<td style=\"width: 28.329%;\">M14<\/td>\n<\/tr>\n<tr>\n<td style=\"width: 27.4354%;\">\u03a640<\/td>\n<td style=\"width: 16.6998%;\">12<\/td>\n<td style=\"width: 27.9324%;\">35<\/td>\n<td style=\"width: 28.329%;\">M12<\/td>\n<\/tr>\n<tr>\n<td style=\"width: 27.4354%;\">\u03a635<\/td>\n<td style=\"width: 16.6998%;\">10<\/td>\n<td style=\"width: 27.9324%;\">30<\/td>\n<td style=\"width: 28.329%;\">M12<\/td>\n<\/tr>\n<\/tbody>\n<\/table>\n<h2>Az FMP-QZ115 dupla t\u00e1rcs\u00e1s sil\u00f3z\u00f3g\u00e9p sebess\u00e9gv\u00e1lt\u00f3 el\u0151nyei<\/h2>\n<p>Az FMP-QZ115 dupla t\u00e1rcs\u00e1s sil\u00f3z\u00f3g\u00e9p sebess\u00e9gv\u00e1lt\u00f3 sz\u00e1mos el\u0151nnyel rendelkezik, amelyek c\u00e9lja a sil\u00f3z\u00e1si m\u0171veletek hat\u00e9konys\u00e1g\u00e1nak, megb\u00edzhat\u00f3s\u00e1g\u00e1nak \u00e9s teljes\u00edtm\u00e9ny\u00e9nek jav\u00edt\u00e1sa. Kifejezetten a dupla v\u00e1g\u00f3t\u00e1rcs\u00e1s g\u00e9pekhez tervezett sebess\u00e9gv\u00e1lt\u00f3 kulcsszerepet j\u00e1tszik a sil\u00f3z\u00e1si folyamatban az\u00e1ltal, hogy biztos\u00edtja a sima \u00e9s prec\u00edz m\u0171k\u00f6d\u00e9st. \u00cdme az FMP-QZ115 f\u0151bb el\u0151nyei:<\/p>\n<p><strong>1. Nagy energiahat\u00e9konys\u00e1g \u00e9s nyomat\u00e9k\u00e1tvitel<\/strong><\/p>\n<ul>\n<li>Az FMP-QZ115 sebess\u00e9gv\u00e1lt\u00f3t nagy nyomat\u00e9k\u00fa alkalmaz\u00e1sokhoz tervezt\u00e9k, hat\u00e9kony er\u0151\u00e1tvitelt biztos\u00edtva a traktor teljes\u00edtm\u00e9nylead\u00f3 tengely\u00e9r\u0151l a sil\u00f3z\u00f3g\u00e9p v\u00e1g\u00f3t\u00e1rcs\u00e1ira.<\/li>\n<li>Robusztus kialak\u00edt\u00e1s\u00e1nak k\u00f6sz\u00f6nhet\u0151en a teljes\u00edtm\u00e9ny egyenletesen oszlik el mindk\u00e9t v\u00e1g\u00f3t\u00e1rcs\u00e1n, \u00edgy a teljes fejr\u00e9szen egyenletes v\u00e1g\u00f3er\u0151t biztos\u00edt.<\/li>\n<li>A sebess\u00e9gv\u00e1lt\u00f3 minimaliz\u00e1lja a teljes\u00edtm\u00e9nyvesztes\u00e9get, maximaliz\u00e1lja a sil\u00f3z\u00f3g\u00e9p \u00f6sszteljes\u00edtm\u00e9ny\u00e9t.<\/li>\n<\/ul>\n<p><strong>2. Prec\u00edzi\u00f3s v\u00e1g\u00e1s a kiv\u00e1l\u00f3 min\u0151s\u00e9g\u0171 sil\u00f3z\u00e1s\u00e9rt<\/strong><\/p>\n<ul>\n<li>Az FMP-QZ115 sebess\u00e9gv\u00e1lt\u00f3 \u00e1ltal hajtott kett\u0151s t\u00e1rcs\u00e1s rendszer lehet\u0151v\u00e9 teszi a takarm\u00e1nyn\u00f6v\u00e9nyek egyenletes m\u00e9ret\u0171 darabokra apr\u00edt\u00e1s\u00e1t, ami elengedhetetlen a kiv\u00e1l\u00f3 min\u0151s\u00e9g\u0171 sil\u00f3z\u00e1s biztos\u00edt\u00e1s\u00e1hoz.<\/li>\n<li>A v\u00e1g\u00f3t\u00e1rcs\u00e1k szinkroniz\u00e1lt m\u0171k\u00f6d\u00e9se prec\u00edz \u00e9s \u00e1lland\u00f3 szecskahosszt biztos\u00edt, ami kritikus fontoss\u00e1g\u00fa a szil\u00e1zs megfelel\u0151 erjed\u00e9s\u00e9hez \u00e9s optim\u00e1lis t\u00e1rol\u00e1s\u00e1hoz.<\/li>\n<li>A prec\u00edz apr\u00edt\u00e1snak k\u00f6sz\u00f6nhet\u0151en a szil\u00e1zs jobban em\u00e9szthet\u0151 az \u00e1llatok sz\u00e1m\u00e1ra, jav\u00edtva a takarm\u00e1ny t\u00e1p\u00e9rt\u00e9k\u00e9t.<\/li>\n<\/ul>\n<p><strong>3. Tart\u00f3ss\u00e1g \u00e9s hossz\u00fa \u00e9lettartam<\/strong><\/p>\n<ul>\n<li>Az FMP-QZ115 sebess\u00e9gv\u00e1lt\u00f3 tart\u00f3s anyagokb\u00f3l \u00e9s fejlett m\u00e9rn\u00f6ki megold\u00e1sokb\u00f3l k\u00e9sz\u00fclt, \u00edgy hossz\u00fa t\u00e1v\u00fa teljes\u00edtm\u00e9nyt biztos\u00edt m\u00e9g ig\u00e9nyes mez\u0151gazdas\u00e1gi k\u00f6rnyezetben is.<\/li>\n<li>\u00dagy tervezt\u00e9k, hogy hat\u00e9konyan m\u0171k\u00f6dj\u00f6n zord k\u00f6r\u00fclm\u00e9nyek k\u00f6z\u00f6tt, bele\u00e9rtve a nagy terhel\u00e9st, a nedvess\u00e9get \u00e9s a szennyez\u0151d\u00e9snek val\u00f3 kitetts\u00e9get, a megb\u00edzhat\u00f3s\u00e1g fel\u00e1ldoz\u00e1sa n\u00e9lk\u00fcl.<\/li>\n<li>A sebess\u00e9gv\u00e1lt\u00f3 kiv\u00e1l\u00f3 min\u0151s\u00e9g\u0171 konstrukci\u00f3ja meghosszabb\u00edtja a g\u00e9p \u00e9lettartam\u00e1t, cs\u00f6kkentve a gyakori jav\u00edt\u00e1sok \u00e9s karbantart\u00e1s sz\u00fcks\u00e9gess\u00e9g\u00e9t.<\/li>\n<\/ul>\n<p><strong>4. Kompakt \u00e9s k\u00f6nny\u0171 kialak\u00edt\u00e1s<\/strong><\/p>\n<ul>\n<li>Az FMP-QZ115 sebess\u00e9gv\u00e1lt\u00f3 kompakt \u00e9s k\u00f6nny\u0171, \u00edgy k\u00f6nnyebben integr\u00e1lhat\u00f3 a sil\u00f3z\u00f3g\u00e9pbe an\u00e9lk\u00fcl, hogy felesleges s\u00falyt vagy m\u00e9retn\u00f6veked\u00e9st okozna.<\/li>\n<li>Ez hozz\u00e1j\u00e1rul a g\u00e9p \u00e1ltal\u00e1nos mozg\u00e9konys\u00e1g\u00e1hoz \u00e9s man\u0151verezhet\u0151s\u00e9g\u00e9hez, lehet\u0151v\u00e9 t\u00e9ve a jobb kezelhet\u0151s\u00e9get \u00e9s a traktor \u00fczemi terhel\u00e9s\u00e9nek cs\u00f6kkent\u00e9s\u00e9t.<\/li>\n<\/ul>\n<p><strong>5. Cs\u00f6kkentett karbantart\u00e1si ig\u00e9ny<\/strong><\/p>\n<ul>\n<li>A sebess\u00e9gv\u00e1lt\u00f3 alacsony karbantart\u00e1si ig\u00e9ny\u0171 kialak\u00edt\u00e1s\u00fa, t\u00f6m\u00edtett csap\u00e1gyakkal \u00e9s fejlett ken\u0151rendszerekkel rendelkezik, amelyek cs\u00f6kkentik a bels\u0151 alkatr\u00e9szek kop\u00e1s\u00e1t.<\/li>\n<li>Ez minimaliz\u00e1lja az \u00e1ll\u00e1sid\u0151t \u00e9s cs\u00f6kkenti a teljes \u00fczemeltet\u00e9si k\u00f6lts\u00e9get a karbantart\u00e1si \u00e9s szervizig\u00e9nyek cs\u00f6kkent\u00e9s\u00e9vel.<\/li>\n<li>Az \u00f6nken\u0151 funkci\u00f3k biztos\u00edtj\u00e1k a bels\u0151 alkatr\u00e9szek megfelel\u0151 olajoz\u00e1s\u00e1t, ami sim\u00e1bb m\u0171k\u00f6d\u00e9st \u00e9s nagyobb megb\u00edzhat\u00f3s\u00e1got eredm\u00e9nyez.<\/li>\n<\/ul>\n<p>Az FMP-QZ115 k\u00e9tt\u00e1rcs\u00e1s sil\u00f3z\u00f3g\u00e9p hajt\u00f3m\u0171 a tart\u00f3ss\u00e1g, a precizit\u00e1s \u00e9s a hat\u00e9konys\u00e1g kiv\u00e9teles kombin\u00e1ci\u00f3j\u00e1t ny\u00fajtja, \u00edgy ide\u00e1lis v\u00e1laszt\u00e1s a modern sil\u00f3z\u00e1si m\u0171veletekhez. Fejlett funkci\u00f3i jav\u00edtj\u00e1k a sil\u00f3 min\u0151s\u00e9g\u00e9t, cs\u00f6kkentik a karbantart\u00e1si k\u00f6lts\u00e9geket, \u00e9s n\u00f6velik mind a hajt\u00f3m\u0171, mind a g\u00e9p \u00e9lettartam\u00e1t, ami produkt\u00edvabb \u00e9s k\u00f6lts\u00e9ghat\u00e9konyabb betakar\u00edt\u00e1si folyamatot eredm\u00e9nyez.<\/p>\n<p><img loading=\"lazy\" decoding=\"async\" class=\"alignnone  wp-image-3042\" src=\"https:\/\/fmp-components.com\/wp-content\/uploads\/2025\/01\/Silage-Machine-Gearbox-EP-QZ-QGXRL-for-German-Champion-Four-Disc-Type-3500-Applications-2-1024x641-1.webp\" alt=\"Sil\u00f3z\u00f3g\u00e9p-hajt\u00f3m\u0171-EP-QZ-QGXRL-a-n\u00e9met-bajnok-n\u00e9gyt\u00e1rcs\u00e1s-3500-as-t\u00edpus\u00fa-alkalmaz\u00e1sokhoz-2-1024x641\" width=\"1093\" height=\"684\" title=\"\" srcset=\"https:\/\/fmp-components.com\/wp-content\/uploads\/2025\/01\/Silage-Machine-Gearbox-EP-QZ-QGXRL-for-German-Champion-Four-Disc-Type-3500-Applications-2-1024x641-1.webp 1093w, https:\/\/fmp-components.com\/wp-content\/uploads\/2025\/01\/Silage-Machine-Gearbox-EP-QZ-QGXRL-for-German-Champion-Four-Disc-Type-3500-Applications-2-1024x641-1-980x613.webp 980w, https:\/\/fmp-components.com\/wp-content\/uploads\/2025\/01\/Silage-Machine-Gearbox-EP-QZ-QGXRL-for-German-Champion-Four-Disc-Type-3500-Applications-2-1024x641-1-480x300.webp 480w\" sizes=\"(min-width: 0px) and (max-width: 480px) 480px, (min-width: 481px) and (max-width: 980px) 980px, (min-width: 981px) 1093px, 100vw\" \/><\/p>\n<h2>Az FMP-QZ115 dupla t\u00e1rcs\u00e1s sil\u00f3z\u00f3g\u00e9p sebess\u00e9gv\u00e1lt\u00f3 alkalmaz\u00e1sai<\/h2>\n<p>Az FMP-QZ115 k\u00e9tt\u00e1rcs\u00e1s sil\u00f3z\u00f3g\u00e9p sebess\u00e9gv\u00e1lt\u00f3t kifejezetten a sil\u00f3z\u00e1si m\u0171veletek teljes\u00edtm\u00e9ny\u00e9nek \u00e9s hat\u00e9konys\u00e1g\u00e1nak n\u00f6vel\u00e9s\u00e9re tervezt\u00e9k. Robusztus m\u00e9rn\u00f6ki fel\u00e9p\u00edt\u00e9se \u00e9s prec\u00edzi\u00f3s jellemz\u0151i sz\u00e9les k\u00f6r\u0171 mez\u0151gazdas\u00e1gi alkalmaz\u00e1sokhoz alkalmass\u00e1 teszik. Az al\u00e1bbiakban az FMP-QZ115 sebess\u00e9gv\u00e1lt\u00f3 f\u0151bb alkalmaz\u00e1sai l\u00e1that\u00f3k:<\/p>\n<p><strong>1. Sil\u00f3z\u00e1si betakar\u00edt\u00e1s<\/strong><\/p>\n<ul>\n<li>Az FMP-QZ115 sebess\u00e9gv\u00e1lt\u00f3t els\u0151sorban sil\u00f3z\u00f3g\u00e9pekben haszn\u00e1lj\u00e1k, ahol a kett\u0151s v\u00e1g\u00f3t\u00e1rcs\u00e1kat hajtja, amelyek a takarm\u00e1nyn\u00f6v\u00e9nyek apr\u00f3, egyenletes darabokra apr\u00edt\u00e1s\u00e1\u00e9rt felel\u0151sek. Ezeket a finomra apr\u00edtott darabokat ezut\u00e1n sil\u00f3zatk\u00e9nt dolgozz\u00e1k fel \u00e9s t\u00e1rolj\u00e1k.<\/li>\n<li>A sebess\u00e9gv\u00e1lt\u00f3 biztos\u00edtja, hogy a traktor teljes\u00edtm\u00e9nylead\u00f3 tengely\u00e9r\u0151l (TLT) \u00e9rkez\u0151 teljes\u00edtm\u00e9ny hat\u00e9konyan tov\u00e1bb\u00edt\u00f3djon mindk\u00e9t v\u00e1g\u00f3t\u00e1rcs\u00e1hoz, \u00edgy biztos\u00edtva a sil\u00f3z\u00e1si folyamat sor\u00e1n a konzisztens \u00e9s megb\u00edzhat\u00f3 teljes\u00edtm\u00e9nyt.<\/li>\n<\/ul>\n<p><strong>2. Takarm\u00e1nyv\u00e1g\u00e1s \u00e9s -apr\u00edt\u00e1s<\/strong><\/p>\n<ul>\n<li>A sebess\u00e9gv\u00e1lt\u00f3 szerves r\u00e9sze azoknak a g\u00e9peknek, amelyek k\u00fcl\u00f6nf\u00e9le takarm\u00e1nyn\u00f6v\u00e9nyeket apr\u00edtanak, bele\u00e9rtve a kukoric\u00e1t, a f\u00fcvet, a lucern\u00e1t \u00e9s m\u00e1s sil\u00f3z\u00e1sra alkalmas n\u00f6v\u00e9nyeket.<\/li>\n<li>Lehet\u0151v\u00e9 teszi a prec\u00edz \u00e9s egyenletes v\u00e1g\u00e1st, ami elengedhetetlen a szil\u00e1zs min\u0151s\u00e9g\u00e9nek \u00e9s \u00e1lland\u00f3s\u00e1g\u00e1nak biztos\u00edt\u00e1s\u00e1hoz. A szecskahossz egyenletess\u00e9ge jav\u00edtja az erjed\u00e9si folyamatot \u00e9s a szil\u00e1zs \u00e1ltal\u00e1nos t\u00e1p\u00e9rt\u00e9k\u00e9t, \u00edgy kulcsfontoss\u00e1g\u00fa eszk\u00f6z mind a kis-, mind a nagy\u00fczemi takarm\u00e1nytermel\u00e9sben.<\/li>\n<\/ul>\n<p><strong>3. T\u00f6bbt\u00e1rcs\u00e1s sil\u00f3z\u00f3k<\/strong><\/p>\n<ul>\n<li>Az FMP-QZ115 k\u00fcl\u00f6n\u00f6sen alkalmas t\u00f6bbt\u00e1rcs\u00e1s takarm\u00e1nybetakar\u00edt\u00f3 rendszerekhez, ahol k\u00e9t v\u00e1g\u00f3t\u00e1rcs\u00e1t hajt meg egyszerre. Ez biztos\u00edtja a szinkroniz\u00e1lt m\u0171k\u00f6d\u00e9st, lehet\u0151v\u00e9 t\u00e9ve a hat\u00e9kony \u00e9s egyenletes term\u00e9nyfeldolgoz\u00e1st.<\/li>\n<li>T\u00f6bb t\u00e1rcsa egyidej\u0171 meghajt\u00e1s\u00e1val a hajt\u00f3m\u0171 jav\u00edtja a v\u00e1g\u00e1si pontoss\u00e1got \u00e9s n\u00f6veli a teljes sil\u00f3z\u00f3g\u00e9p termel\u00e9kenys\u00e9g\u00e9t.<\/li>\n<\/ul>\n<p><strong>4. Sz\u00e9nagy\u00e1rt\u00e1s<\/strong><\/p>\n<ul>\n<li>A sebess\u00e9gv\u00e1lt\u00f3 sz\u00e9na el\u0151\u00e1ll\u00edt\u00e1s\u00e1n\u00e1l is haszn\u00e1lhat\u00f3, amelyet a f\u0171 vagy h\u00fcvelyesek apr\u00edt\u00e1s\u00e1val \u00e9s a hagyom\u00e1nyos sz\u00e9n\u00e1hoz k\u00e9pest magasabb nedvess\u00e9gtartalm\u00fa t\u00e1rol\u00e1s\u00e1val k\u00e9sz\u00edtenek.<\/li>\n<li>Az FMP-QZ115 biztos\u00edtja, hogy a v\u00e1g\u00f3mechanizmus a sz\u00e9nagy\u00e1rt\u00e1shoz jellemz\u0151en kapcsol\u00f3d\u00f3 nedvesebb anyagokat is k\u00e9pes feldolgozni a hat\u00e9konys\u00e1g vagy a v\u00e1g\u00e1si min\u0151s\u00e9g fel\u00e1ldoz\u00e1sa n\u00e9lk\u00fcl.<\/li>\n<\/ul>\n<p><strong>5. Nagy nyomat\u00e9k\u00fa mez\u0151gazdas\u00e1gi alkalmaz\u00e1sok<\/strong><\/p>\n<ul>\n<li>A nagy nyomat\u00e9kig\u00e9nyek kezel\u00e9s\u00e9re tervezett FMP-QZ115 sebess\u00e9gv\u00e1lt\u00f3 ide\u00e1lis neh\u00e9z mez\u0151gazdas\u00e1gi feladatokhoz, p\u00e9ld\u00e1ul s\u0171r\u0171, rostos n\u00f6v\u00e9nyek vagy vastag sz\u00e1rak v\u00e1g\u00e1s\u00e1hoz. Robusztus konstrukci\u00f3ja biztos\u00edtja, hogy a kih\u00edv\u00e1st jelent\u0151 anyagokat, p\u00e9ld\u00e1ul az \u00e9rett kukoricasz\u00e1rakat vagy a f\u00e1s takarm\u00e1nyt is feldolgozza, nagy nyomat\u00e9kot biztos\u00edtva a teljes\u00edtm\u00e9ny fel\u00e1ldoz\u00e1sa n\u00e9lk\u00fcl.<\/li>\n<li>Nagy nyomat\u00e9kk\u00e9pess\u00e9ge alkalmass\u00e1 teszi nagy ig\u00e9nybev\u00e9tel\u0171 betakar\u00edt\u00e1si k\u00f6rnyezetben val\u00f3 haszn\u00e1latra, ahol az \u00e1lland\u00f3, megb\u00edzhat\u00f3 teljes\u00edtm\u00e9ny elengedhetetlen.<\/li>\n<\/ul>\n<p>Az FMP-QZ115 k\u00e9tt\u00e1rcs\u00e1s sil\u00f3z\u00f3g\u00e9p sebess\u00e9gv\u00e1lt\u00f3 elengedhetetlen a sil\u00f3z\u00f3g\u00e9pek hat\u00e9konys\u00e1g\u00e1nak, megb\u00edzhat\u00f3s\u00e1g\u00e1nak \u00e9s pontoss\u00e1g\u00e1nak jav\u00edt\u00e1s\u00e1hoz. Alkalmazkod\u00f3k\u00e9pess\u00e9ge a k\u00fcl\u00f6nf\u00e9le n\u00f6v\u00e9nyekhez, a nagy nyomat\u00e9k\u00fa alkalmaz\u00e1sokhoz val\u00f3 k\u00e9pess\u00e9ge \u00e9s sokoldal\u00fa kialak\u00edt\u00e1sa \u00e9rt\u00e9kes alkatr\u00e9sz\u00e9v\u00e9 teszi a sil\u00f3z\u00e1si termel\u00e9s optimaliz\u00e1l\u00e1s\u00e1ra t\u00f6rekv\u0151 mez\u0151gazdas\u00e1gi m\u0171veletek sz\u00e1m\u00e1ra, ak\u00e1r kis, ak\u00e1r nagy l\u00e9pt\u00e9kben.<\/p>\n<p><img loading=\"lazy\" decoding=\"async\" class=\"alignnone size-full wp-image-3051\" src=\"https:\/\/fmp-components.com\/wp-content\/uploads\/2025\/01\/Double-Disc-Silage-Machine-Gearbox-EP-QZ115-Applications.webp\" alt=\"Dupla-t\u00e1rcs\u00e1s-sil\u00f3z\u00f3-g\u00e9p-hajt\u00f3m\u0171-EP-QZ115-alkalmaz\u00e1sok\" width=\"1024\" height=\"576\" title=\"\" srcset=\"https:\/\/fmp-components.com\/wp-content\/uploads\/2025\/01\/Double-Disc-Silage-Machine-Gearbox-EP-QZ115-Applications.webp 1024w, https:\/\/fmp-components.com\/wp-content\/uploads\/2025\/01\/Double-Disc-Silage-Machine-Gearbox-EP-QZ115-Applications-980x551.webp 980w, https:\/\/fmp-components.com\/wp-content\/uploads\/2025\/01\/Double-Disc-Silage-Machine-Gearbox-EP-QZ115-Applications-480x270.webp 480w\" sizes=\"(min-width: 0px) and (max-width: 480px) 480px, (min-width: 481px) and (max-width: 980px) 980px, (min-width: 981px) 1024px, 100vw\" \/><\/p>\n<h3>Az FMP-r\u0151l<\/h3>\n<p>Az olaszorsz\u00e1gi sz\u00e9khely\u0171 FMP vezet\u0151 gy\u00e1rt\u00f3, amely nagy teljes\u00edtm\u00e9ny\u0171 sebess\u00e9gv\u00e1lt\u00f3k tervez\u00e9s\u00e9ben, fejleszt\u00e9s\u00e9ben \u00e9s gy\u00e1rt\u00e1s\u00e1ban szerzett szak\u00e9rtelm\u00e9r\u0151l ismert, k\u00fcl\u00f6n\u00f6s tekintettel a mez\u0151gazdas\u00e1gi g\u00e9pek szektor\u00e1ra. Az FMP prec\u00edzi\u00f3s m\u00e9rn\u00f6ki munk\u00e1j\u00e1r\u00f3l, innovat\u00edv megold\u00e1sair\u00f3l \u00e9s rend\u00edthetetlen megb\u00edzhat\u00f3s\u00e1g\u00e1r\u00f3l ismert, \u00edgy megb\u00edzhat\u00f3 partnerr\u00e9 v\u00e1lt mind a mez\u0151gazdas\u00e1gi, mind az ipari ipar\u00e1gak sz\u00e1m\u00e1ra. \u00c1tfog\u00f3 term\u00e9kportf\u00f3li\u00f3nk mag\u00e1ban foglalja a f\u0171ny\u00edr\u00f3khoz k\u00e9sz\u00fclt egyedi tervez\u00e9s\u0171 sebess\u00e9gv\u00e1lt\u00f3kat, kard\u00e1ntengelyeket \u00e9s sz\u00e1mos alapvet\u0151 alkatr\u00e9szt, amelyek mindegyike a k\u00fcl\u00f6nf\u00e9le alkalmaz\u00e1sok v\u00e1ltozatos k\u00f6vetelm\u00e9nyeinek megfelel.<\/p>\n<p>Az FMP-n\u00e9l meg\u00e9rtj\u00fck, hogy minden \u00fcgyf\u00e9l egyedi kih\u00edv\u00e1sokkal \u00e9s ig\u00e9nyekkel n\u00e9z szembe. Ez\u00e9rt specializ\u00e1l\u00f3dtunk a szem\u00e9lyre szabott megold\u00e1sok ny\u00fajt\u00e1s\u00e1ra, legyen sz\u00f3 ak\u00e1r egyedi komponensekr\u0151l, ak\u00e1r teljesen integr\u00e1lt rendszerekr\u0151l. \u00dcgyfeleinkkel szorosan egy\u00fcttm\u0171k\u00f6dve biztos\u00edtjuk, hogy minden megold\u00e1s ne csak az \u0151 egyedi ig\u00e9nyeiket el\u00e9g\u00edtse ki, hanem optimaliz\u00e1lja a teljes\u00edtm\u00e9nyt \u00e9s jelent\u0151s \u00e9rt\u00e9ket teremtsen. A gyors, professzion\u00e1lis v\u00e1laszok \u00e9s a szak\u00e9rt\u0151i \u00fatmutat\u00e1s ir\u00e1nti elk\u00f6telezetts\u00e9g\u00fcnk garant\u00e1lja, hogy minden megkeres\u00e9st prec\u00edzen kezel\u00fcnk, biztos\u00edtva a legjobb eredm\u00e9nyeket minden alkalommal.<\/p>\n<p>Nagy hangs\u00falyt fektet\u00fcnk az \u00e1tl\u00e1that\u00f3 \u00e9s folyamatos kommunik\u00e1ci\u00f3ra a teljes term\u00e9kfejleszt\u00e9si folyamat sor\u00e1n. Tapasztalt csapatunk k\u00f6zvetlen\u00fcl egy\u00fcttm\u0171k\u00f6dik az \u00fcgyfelekkel, hogy m\u00e9lyrehat\u00f3an meg\u00e9rtse ig\u00e9nyeiket, \u00e9s \u00e1tfog\u00f3 aj\u00e1nl\u00e1sokat k\u00edn\u00e1ljon az optim\u00e1lis eredm\u00e9nyek biztos\u00edt\u00e1sa \u00e9rdek\u00e9ben. Ak\u00e1r \u00e9lvonalbeli term\u00e9keket k\u00e9sz\u00edt\u00fcnk, ak\u00e1r rutinmegrendel\u00e9seket teljes\u00edt\u00fcnk, az FMP elk\u00f6telezett amellett, hogy kiv\u00e1l\u00f3 min\u0151s\u00e9g\u0171, prec\u00edzi\u00f3san megtervezett megold\u00e1sokat sz\u00e1ll\u00edtson, amelyek k\u00f6vetkezetesen betartj\u00e1k a hat\u00e1rid\u0151ket. K\u00fcldet\u00e9s\u00fcnk, hogy minden projektben kiv\u00e9teles szolg\u00e1ltat\u00e1st \u00e9s eredm\u00e9nyeket ny\u00fajtva fel\u00fclm\u00faljuk \u00fcgyfeleink elv\u00e1r\u00e1sait.<\/p>\n<p>Az FMP-n\u00e9l a min\u0151s\u00e9g minden tev\u00e9kenys\u00e9g\u00fcnk sarokk\u00f6ve. A legmagasabb gy\u00e1rt\u00e1si szabv\u00e1nyokat tartjuk be, \u00e9s szigor\u00fa min\u0151s\u00e9gellen\u0151rz\u00e9si int\u00e9zked\u00e9seket alkalmazunk annak biztos\u00edt\u00e1s\u00e1ra, hogy minden term\u00e9k ne csak megfeleljen, hanem meghaladja az ipar\u00e1gi szabv\u00e1nyokat. Ez a kiv\u00e1l\u00f3s\u00e1g ir\u00e1nti elk\u00f6telezetts\u00e9g, valamint az olyan alapvet\u0151 \u00e9rt\u00e9keink, mint az integrit\u00e1s, a csapatmunka \u00e9s a kitart\u00e1s, lehet\u0151v\u00e9 tette sz\u00e1munkra, hogy er\u0151s, bizalmon alapul\u00f3 kapcsolatokat \u00e9p\u00edts\u00fcnk ki \u00fcgyfeleinkkel k\u00f6zel 30 orsz\u00e1gban vil\u00e1gszerte.<\/p>\n<p>Az FMP mindig is t\u00f6rekedett a glob\u00e1lis partners\u00e9gek \u00e1pol\u00e1s\u00e1ra, \u00e9s tov\u00e1bbra is elk\u00f6telezett amellett, hogy szak\u00e9rt\u0151i tan\u00e1csokat \u00e9s szem\u00e9lyre szabott megold\u00e1sokat k\u00edn\u00e1ljon, amelyek megfelelnek \u00fcgyfeleink v\u00e1ltoz\u00f3 ig\u00e9nyeinek. Nemcsak a term\u00e9kek sz\u00e1ll\u00edt\u00e1s\u00e1ra t\u00f6reksz\u00fcnk; olyan hossz\u00fa t\u00e1v\u00fa partners\u00e9gek kialak\u00edt\u00e1s\u00e1ra t\u00f6reksz\u00fcnk, amelyek hozz\u00e1j\u00e1rulnak minden egyes projekt siker\u00e9hez. Ak\u00e1r innovat\u00edv megold\u00e1sokra van sz\u00fcks\u00e9ge egy \u00faj kezdem\u00e9nyez\u00e9shez, ak\u00e1r folyamatos t\u00e1mogat\u00e1sra egy megl\u00e9v\u0151 rendszerhez, az FMP k\u00e9szen \u00e1ll arra, hogy seg\u00edtsen eligazodni a technikai kih\u00edv\u00e1sokban, \u00e9s biztos\u00edtsa a folyamatos sikert.<\/p>\n<p><img loading=\"lazy\" decoding=\"async\" class=\"alignnone wp-image-2695\" src=\"https:\/\/fmp-components.com\/wp-content\/uploads\/2025\/01\/agricultural-gearbox3.webp\" alt=\"mez\u0151gazdas\u00e1gi sebess\u00e9gv\u00e1lt\u00f3\" width=\"953\" height=\"951\" title=\"\" srcset=\"https:\/\/fmp-components.com\/wp-content\/uploads\/2025\/01\/agricultural-gearbox3.webp 953w, https:\/\/fmp-components.com\/wp-content\/uploads\/2025\/01\/agricultural-gearbox3-480x479.webp 480w\" sizes=\"(min-width: 0px) and (max-width: 480px) 480px, (min-width: 481px) 953px, 100vw\" \/><\/p>\n<p>Szerz\u0151: CX<\/p>\n<p>&nbsp;<\/p>","protected":false},"excerpt":{"rendered":"<p>Double Disc Silage Machine Gearbox FMP-QZ115 Technical Data Double Disc Silage Machine Gearbox FMP-QZ115 Technical Data i Suitable Rpm input Rpm output Output torque Weight Toothing r\/min r\/min N.m kg Decelerate 1: 1 silage machines, etc 1000 1000 580 35 Gleason Helical Teeth Remark: If you have any special require feel free let me know, [&hellip;]<\/p>","protected":false},"featured_media":3050,"comment_status":"open","ping_status":"closed","template":"","meta":{"_et_pb_use_builder":"","_et_pb_old_content":"","_et_gb_content_width":""},"product_brand":[],"product_cat":[69],"product_tag":[],"class_list":{"0":"post-3047","1":"product","2":"type-product","3":"status-publish","4":"has-post-thumbnail","6":"product_cat-silage-machine-gearbox","8":"first","9":"instock","10":"shipping-taxable","11":"product-type-simple"},"_links":{"self":[{"href":"https:\/\/fmp-components.com\/hu\/wp-json\/wp\/v2\/product\/3047","targetHints":{"allow":["GET"]}}],"collection":[{"href":"https:\/\/fmp-components.com\/hu\/wp-json\/wp\/v2\/product"}],"about":[{"href":"https:\/\/fmp-components.com\/hu\/wp-json\/wp\/v2\/types\/product"}],"replies":[{"embeddable":true,"href":"https:\/\/fmp-components.com\/hu\/wp-json\/wp\/v2\/comments?post=3047"}],"wp:featuredmedia":[{"embeddable":true,"href":"https:\/\/fmp-components.com\/hu\/wp-json\/wp\/v2\/media\/3050"}],"wp:attachment":[{"href":"https:\/\/fmp-components.com\/hu\/wp-json\/wp\/v2\/media?parent=3047"}],"wp:term":[{"taxonomy":"product_brand","embeddable":true,"href":"https:\/\/fmp-components.com\/hu\/wp-json\/wp\/v2\/product_brand?post=3047"},{"taxonomy":"product_cat","embeddable":true,"href":"https:\/\/fmp-components.com\/hu\/wp-json\/wp\/v2\/product_cat?post=3047"},{"taxonomy":"product_tag","embeddable":true,"href":"https:\/\/fmp-components.com\/hu\/wp-json\/wp\/v2\/product_tag?post=3047"}],"curies":[{"name":"munkaf\u00fczet","href":"https:\/\/api.w.org\/{rel}","templated":true}]}}