{"id":304,"date":"2024-12-09T06:10:04","date_gmt":"2024-12-09T06:10:04","guid":{"rendered":"https:\/\/fmp-components.com\/?page_id=8"},"modified":"2024-12-09T06:44:10","modified_gmt":"2024-12-09T06:44:10","slug":"forklift-lifting-hydraulic-cylinder","status":"publish","type":"product","link":"https:\/\/fmp-components.com\/hu\/product\/forklift-lifting-hydraulic-cylinder\/","title":{"rendered":"Targonca emel\u0151 hidraulikus henger"},"content":{"rendered":"<p style=\"text-align: center;\"><span style=\"font-size: 24pt;\">Targonca emel\u0151 hidraulikus henger<\/span><\/p>\n<h2><img loading=\"lazy\" decoding=\"async\" class=\"alignnone wp-image-311\" src=\"https:\/\/fmp-components.com\/wp-content\/uploads\/2024\/12\/Forklift-Lifting-Hydraulic-Cylinder-2.webp\" alt=\"Targonca-Emel\u0151-Hidraulikus-Henger\" width=\"931\" height=\"931\" title=\"\" srcset=\"https:\/\/fmp-components.com\/wp-content\/uploads\/2024\/12\/Forklift-Lifting-Hydraulic-Cylinder-2.webp 931w, https:\/\/fmp-components.com\/wp-content\/uploads\/2024\/12\/Forklift-Lifting-Hydraulic-Cylinder-2-480x480.webp 480w\" sizes=\"(min-width: 0px) and (max-width: 480px) 480px, (min-width: 481px) 931px, 100vw\" \/><\/h2>\n<h2><strong>Targonca emel\u0151 hidraulikus henger m\u00e9retei:<\/strong><\/h2>\n<p><img loading=\"lazy\" decoding=\"async\" class=\"alignnone size-full wp-image-306\" src=\"https:\/\/fmp-components.com\/wp-content\/uploads\/2024\/12\/Forklift-Lifting-Hydraulic-Cylinder-Dimensions.webp\" alt=\"Targonca-Emel\u0151-Hidraulikus-Henger-M\u00e9retek\" width=\"1024\" height=\"403\" title=\"\" srcset=\"https:\/\/fmp-components.com\/wp-content\/uploads\/2024\/12\/Forklift-Lifting-Hydraulic-Cylinder-Dimensions.webp 1024w, https:\/\/fmp-components.com\/wp-content\/uploads\/2024\/12\/Forklift-Lifting-Hydraulic-Cylinder-Dimensions-980x386.webp 980w, https:\/\/fmp-components.com\/wp-content\/uploads\/2024\/12\/Forklift-Lifting-Hydraulic-Cylinder-Dimensions-480x189.webp 480w\" sizes=\"(min-width: 0px) and (max-width: 480px) 480px, (min-width: 481px) and (max-width: 980px) 980px, (min-width: 981px) 1024px, 100vw\" \/><\/p>\n<table border=\"1\" cellspacing=\"0\" cellpadding=\"0\">\n<tbody>\n<tr>\n<td width=\"246\">Henger neve<\/td>\n<td width=\"336\">rajzsz\u00e1m<\/td>\n<td width=\"126\">furat\u00e1tm\u00e9r\u0151 (D)<\/td>\n<td width=\"123\">r\u00fad\u00e1tm\u00e9r\u0151 (d)<\/td>\n<td width=\"114\">l\u00f6ket (S)<\/td>\n<td width=\"170\">Telep\u00edt\u00e9si t\u00e1vols\u00e1g (L)<\/td>\n<td width=\"172\">\u00fczemi nyom\u00e1s<\/td>\n<td width=\"366\">Interf\u00e9sz m\u00e9retei (M)<\/td>\n<td width=\"96\">s\u00faly<\/td>\n<\/tr>\n<tr>\n<td class=\"et3\" width=\"246\" height=\"153\">Emel\u0151henger<\/td>\n<td class=\"et4\" width=\"336\">N30M300-5\/400000-000<\/td>\n<td class=\"et4\" width=\"126\">\u03a656<\/td>\n<td class=\"et4\" width=\"123\">\u03a645<\/td>\n<td class=\"et4\" width=\"114\">1500<\/td>\n<td class=\"et4\" width=\"170\">1658<\/td>\n<td class=\"et4\" width=\"172\">18,1 MPa<\/td>\n<td class=\"et4\" width=\"366\">G1\/2<\/td>\n<td class=\"et4\" width=\"96\">32,6 kg<\/td>\n<\/tr>\n<tr>\n<td class=\"et3\" width=\"246\" height=\"153\">Emel\u0151henger<\/td>\n<td class=\"et4\">A2A30M300-400000-000<\/td>\n<td class=\"et4\">\u03a656<\/td>\n<td class=\"et4\">\u03a645<\/td>\n<td class=\"et4\">1500<\/td>\n<td class=\"et4\">1658<\/td>\n<td class=\"et4\">18,1 MPa<\/td>\n<td class=\"et4\">M22*1.5<\/td>\n<td class=\"et4\">36 kg<\/td>\n<\/tr>\n<tr>\n<td class=\"et3\" width=\"246\" height=\"153\">Emel\u0151henger<\/td>\n<td class=\"et4\">3,5N4,5H-400000-003<\/td>\n<td class=\"et4\">\u03a660<\/td>\n<td class=\"et4\">\u03a645<\/td>\n<td class=\"et4\">1505<\/td>\n<td class=\"et4\">1780<\/td>\n<td class=\"et4\">17,5 MPa<\/td>\n<td class=\"et4\">M22*1.5<\/td>\n<td class=\"et4\">41 kg<\/td>\n<\/tr>\n<tr>\n<td class=\"et3\" width=\"246\" height=\"153\">Emel\u0151henger<\/td>\n<td class=\"et4\">N35M300-5\/400000-001A<\/td>\n<td class=\"et4\">\u03a660<\/td>\n<td class=\"et4\">\u03a645<\/td>\n<td class=\"et4\">1500<\/td>\n<td class=\"et4\">1808<\/td>\n<td class=\"et4\">18,1 MPa<\/td>\n<td class=\"et4\">G1\/2<\/td>\n<td class=\"et4\">46 kg<\/td>\n<\/tr>\n<tr>\n<td class=\"et3\" width=\"246\" height=\"153\">Emel\u0151henger<\/td>\n<td class=\"et4\">A2A35M300-400000-000<\/td>\n<td class=\"et4\">\u03a660<\/td>\n<td class=\"et4\">\u03a645<\/td>\n<td class=\"et4\">1500<\/td>\n<td class=\"et4\">1808<\/td>\n<td class=\"et4\">18,1 MPa<\/td>\n<td class=\"et4\">M22*1.5<\/td>\n<td class=\"et4\">50 kg<\/td>\n<\/tr>\n<\/tbody>\n<\/table>\n<h3>A targonca emel\u0151 hidraulikus henger\u00e9nek jellemz\u0151i<\/h3>\n<p><strong>Nagy emel\u0151kapacit\u00e1s<\/strong><br \/>\nA targonca emel\u0151 hidraulikus munkahenger\u00e9t neh\u00e9z terhek kezel\u00e9s\u00e9re tervezt\u00e9k, biztos\u00edtva a sz\u00fcks\u00e9ges er\u0151t jelent\u0151s s\u00falyok emel\u00e9s\u00e9hez. Robusztus fel\u00e9p\u00edt\u00e9s\u00e9nek \u00e9s nagynyom\u00e1s\u00fa hidraulikus rendszer\u00e9nek k\u00f6sz\u00f6nhet\u0151en biztos\u00edtja az \u00e1ruk, raklapok \u00e9s berendez\u00e9sek sima \u00e9s hat\u00e9kony emel\u00e9s\u00e9t. A henger szil\u00e1rds\u00e1ga l\u00e9tfontoss\u00e1g\u00fa a rakt\u00e1rakban, eloszt\u00f3k\u00f6zpontokban \u00e9s gy\u00e1rt\u00f3\u00fczemekben m\u0171k\u00f6d\u0151 targonc\u00e1k sz\u00e1m\u00e1ra, ahol az emel\u0151kapacit\u00e1s elengedhetetlen a nagy \u00e9s terjedelmes t\u00e1rgyak biztons\u00e1gos \u00e9s hat\u00e9kony kezel\u00e9s\u00e9hez.<\/p>\n<p><strong>Tart\u00f3ss\u00e1g \u00e9s megb\u00edzhat\u00f3s\u00e1g<\/strong><br \/>\nA targonca emel\u0151 hidraulikus munkahengerei zord munkak\u00f6r\u00fclm\u00e9nyeknek, p\u00e9ld\u00e1ul nagy ig\u00e9nybev\u00e9tel\u0171 ciklusoknak \u00e9s sz\u00e9ls\u0151s\u00e9ges k\u00f6rnyezeti t\u00e9nyez\u0151knek val\u00f3 ellen\u00e1ll\u00e1sra k\u00e9sz\u00fcltek. Kiv\u00e1l\u00f3 min\u0151s\u00e9g\u0171 anyagokb\u00f3l k\u00e9sz\u00fclnek, ellen\u00e1llnak a kop\u00e1snak, a korr\u00f3zi\u00f3nak \u00e9s a gyakori haszn\u00e1lat okozta k\u00e1roknak. A henger megb\u00edzhat\u00f3 teljes\u00edtm\u00e9nye biztos\u00edtja, hogy a targonca minim\u00e1lis \u00e1ll\u00e1sid\u0151vel m\u0171k\u00f6dj\u00f6n, ami kulcsfontoss\u00e1g\u00fa a termel\u00e9kenys\u00e9g fenntart\u00e1s\u00e1hoz a gyors temp\u00f3j\u00fa k\u00f6rnyezetben. A rendszeres karbantart\u00e1s \u00e9s ellen\u0151rz\u00e9s biztos\u00edtja, hogy ezek a hengerek tov\u00e1bbra is optim\u00e1lis szinten m\u0171k\u00f6djenek, n\u00f6velve a berendez\u00e9s \u00e9lettartam\u00e1t.<\/p>\n<p><strong>Sima \u00e9s prec\u00edz m\u0171k\u00f6d\u00e9s<\/strong><br \/>\nA targonca emel\u0151hidraulikus munkahengere sima \u00e9s prec\u00edz emel\u00e9si \u00e9s s\u00fcllyeszt\u00e9si m\u0171veleteket biztos\u00edt. A hidraulikus rendszer lehet\u0151v\u00e9 teszi a szab\u00e1lyozott, fokozatos mozg\u00e1st, cs\u00f6kkentve a r\u00e1ngat\u00f3z\u00f3 mozg\u00e1sok vagy hirtelen elmozdul\u00e1sok kock\u00e1zat\u00e1t, amelyek k\u00e1ros\u00edthatj\u00e1k a rakom\u00e1nyt vagy vesz\u00e9lyeztethetik a biztons\u00e1got. Ez a prec\u00edz vez\u00e9rl\u00e9s n\u00f6veli a kezel\u0151 magabiztoss\u00e1g\u00e1t \u00e9s hat\u00e9konys\u00e1g\u00e1t, mivel pontosan emelhetik \u00e9s pozicion\u00e1lhatj\u00e1k a rakom\u00e1nyokat, m\u00e9g z\u00e1rt vagy nagy t\u00e9ttel b\u00edr\u00f3 helyzetekben is. Az eredm\u00e9ny egy biztons\u00e1gosabb \u00e9s hat\u00e9konyabb emel\u00e9si m\u0171velet, amely jav\u00edtja a targonca \u00e1ltal\u00e1nos teljes\u00edtm\u00e9ny\u00e9t.<\/p>\n<h3><img loading=\"lazy\" decoding=\"async\" class=\"alignnone size-full wp-image-310\" src=\"https:\/\/fmp-components.com\/wp-content\/uploads\/2024\/12\/Forklift-Lifting-Hydraulic-Cylinder-1.webp\" alt=\"Targonca-Emel\u0151-Hidraulikus-Henger\" width=\"1280\" height=\"720\" title=\"\" srcset=\"https:\/\/fmp-components.com\/wp-content\/uploads\/2024\/12\/Forklift-Lifting-Hydraulic-Cylinder-1.webp 1280w, https:\/\/fmp-components.com\/wp-content\/uploads\/2024\/12\/Forklift-Lifting-Hydraulic-Cylinder-1-980x551.webp 980w, https:\/\/fmp-components.com\/wp-content\/uploads\/2024\/12\/Forklift-Lifting-Hydraulic-Cylinder-1-480x270.webp 480w\" sizes=\"(min-width: 0px) and (max-width: 480px) 480px, (min-width: 481px) and (max-width: 980px) 980px, (min-width: 981px) 1280px, 100vw\" \/><\/h3>\n<h3>Az FMP-r\u0151l<\/h3>\n<p>Az FMP egy hidraulikus hengerek gy\u00e1rt\u00f3ja, amely nagy hangs\u00falyt fektet a kutat\u00e1sra \u00e9s a termel\u00e9sre. A v\u00e1llalat alap\u00edt\u00e1sa \u00f3ta k\u00f6vetkezetesen a hidraulikus hengerek fejleszt\u00e9s\u00e9re \u00f6sszpontos\u00edt, \u00e9s a k\u00fcl\u00f6nf\u00e9le term\u00e9kek, p\u00e9ld\u00e1ul betakar\u00edt\u00f3 \u00e9s \u00e9p\u00edt\u0151ipari g\u00e9pek gy\u00e1rt\u00e1s\u00e1t\u00f3l kezdve a mez\u0151gazdas\u00e1gi traktoralkatr\u00e9szek gy\u00e1rt\u00e1s\u00e1ig fejl\u0151d\u00f6tt. T\u00f6bb mint egy \u00e9vtizedes gy\u00e1rt\u00e1si szak\u00e9rtelemmel, vezet\u0151i tapasztalattal \u00e9s fejlett gy\u00e1rt\u00e1stechnol\u00f3gi\u00e1val az FMP garant\u00e1lja term\u00e9kei legmagasabb min\u0151s\u00e9g\u00e9t.<\/p>\n<p>Ahogy a v\u00e1llalat szakmailag n\u00f6vekedett, \u00e1tfog\u00f3 megmunk\u00e1l\u00f3 gy\u00e1rt\u00f3sort, \u00f6sszeszerel\u0151 sort \u00e9s bevon\u00f3sort hozott l\u00e9tre. Az FMP-t tapasztalt vezet\u0151kb\u0151l, k\u00e9pzett g\u00e9p\u00e9sztervez\u0151kb\u0151l \u00e9s magasan k\u00e9pzett m\u0171szaki munk\u00e1sokb\u00f3l \u00e1ll\u00f3 elk\u00f6telezett csapat t\u00e1mogatja. Ez biztos\u00edtja a stabil term\u00e9kmin\u0151s\u00e9get, mik\u00f6zben hat\u00e9konyan ellen\u0151rzi a folyamatfolytonoss\u00e1got \u00e9s az \u00e1ltal\u00e1nos termel\u00e9si hat\u00e9konys\u00e1got.<\/p>\n<p>Az FMP a k\u00f6vetkez\u0151 alap\u00e9rt\u00e9kekhez ragaszkodik: \u201eA technol\u00f3giai innov\u00e1ci\u00f3 a fejl\u0151d\u00e9s hajt\u00f3ereje, a min\u0151s\u00e9get teremt\u0151 m\u00e1rk\u00e1k, a min\u0151s\u00e9get biztos\u00edt\u00f3 szak\u00e9rtelem \u00e9s a hossz\u00fa t\u00e1v\u00fa, mindenki sz\u00e1m\u00e1ra el\u0151ny\u00f6s kapcsolatok \u00e9p\u00edt\u00e9se.\u201d A v\u00e1llalat tov\u00e1bbra is elk\u00f6telezett a kiv\u00e1l\u00f3 min\u0151s\u00e9g\u0171 term\u00e9kek biztos\u00edt\u00e1sa mellett, mik\u00f6zben kiv\u00e1l\u00f3 \u00fcgyf\u00e9lszolg\u00e1latot ny\u00fajt, \u00e9s mindig igyekszik megfelelni a piac v\u00e1ltoz\u00f3 ig\u00e9nyeinek.<\/p>\n<p><img loading=\"lazy\" decoding=\"async\" class=\"alignnone wp-image-303\" src=\"https:\/\/fmp-components.com\/wp-content\/uploads\/2024\/12\/hydraulic-cylinder-factory-11_1.webp\" alt=\"hidraulikus hengergy\u00e1r\" width=\"917\" height=\"1003\" title=\"\" srcset=\"https:\/\/fmp-components.com\/wp-content\/uploads\/2024\/12\/hydraulic-cylinder-factory-11_1.webp 917w, https:\/\/fmp-components.com\/wp-content\/uploads\/2024\/12\/hydraulic-cylinder-factory-11_1-480x525.webp 480w\" sizes=\"(min-width: 0px) and (max-width: 480px) 480px, (min-width: 481px) 917px, 100vw\" \/><\/p>\n<table style=\"width: 100%;\" border=\"1\" width=\"100%\" cellspacing=\"0\" cellpadding=\"0\">\n<tbody>\n<tr>\n<td style=\"width: 41.9294%;\" width=\"226\"><img loading=\"lazy\" decoding=\"async\" class=\"alignnone size-full wp-image-309\" src=\"https:\/\/fmp-components.com\/wp-content\/uploads\/2024\/12\/Forklift-Tilt-Hydraulic-Cylinder.webp\" alt=\"Targonca d\u00f6nthet\u0151 hidraulikus henger\" width=\"1000\" height=\"750\" title=\"\" srcset=\"https:\/\/fmp-components.com\/wp-content\/uploads\/2024\/12\/Forklift-Tilt-Hydraulic-Cylinder.webp 1000w, https:\/\/fmp-components.com\/wp-content\/uploads\/2024\/12\/Forklift-Tilt-Hydraulic-Cylinder-980x735.webp 980w, https:\/\/fmp-components.com\/wp-content\/uploads\/2024\/12\/Forklift-Tilt-Hydraulic-Cylinder-480x360.webp 480w\" sizes=\"(min-width: 0px) and (max-width: 480px) 480px, (min-width: 481px) and (max-width: 980px) 980px, (min-width: 981px) 1000px, 100vw\" \/><\/td>\n<td style=\"width: 55.6484%;\" width=\"64\"><img loading=\"lazy\" decoding=\"async\" class=\"alignnone wp-image-283\" src=\"https:\/\/fmp-components.com\/wp-content\/uploads\/2024\/12\/hydraulic-cylinder-factory-5.webp\" alt=\"hidraulikus hengergy\u00e1r\" width=\"542\" height=\"312\" title=\"\"><\/td>\n<\/tr>\n<\/tbody>\n<\/table>\n<p>Szerz\u0151: CX<\/p>","protected":false},"excerpt":{"rendered":"<p>A targonca emel\u0151 hidraulikus hengere felel\u0151s a neh\u00e9z terhek emel\u00e9s\u00e9hez \u00e9s s\u00fcllyeszt\u00e9s\u00e9hez sz\u00fcks\u00e9ges f\u00fcgg\u0151leges emel\u0151er\u0151 biztos\u00edt\u00e1s\u00e1\u00e9rt. Ez a henger hidraulikus nyom\u00e1st haszn\u00e1l a targonca oszlop\u00e1nak \u00e9s tartoz\u00e9kainak emel\u00e9s\u00e9re, lehet\u0151v\u00e9 t\u00e9ve a kezel\u0151k sz\u00e1m\u00e1ra a raklapok, kont\u00e9nerek \u00e9s egy\u00e9b anyagok hat\u00e9kony kezel\u00e9s\u00e9t \u00e9s mozgat\u00e1s\u00e1t. A nagy nyom\u00e1snak \u00e9s neh\u00e9z m\u0171veleteknek val\u00f3 ellen\u00e1ll\u00e1sra tervezett emel\u0151 hidraulikus henger sima, szab\u00e1lyozott emel\u00e9si mozg\u00e1sokat biztos\u00edt, mik\u00f6zben stabilit\u00e1st \u00e9s biztons\u00e1got ny\u00fajt, m\u00e9g nagy vagy terjedelmes t\u00e1rgyak kezel\u00e9sekor is. Robusztus fel\u00e9p\u00edt\u00e9s\u00e9nek k\u00f6sz\u00f6nhet\u0151en n\u00e9lk\u00fcl\u00f6zhetetlen alkatr\u00e9sz a rakt\u00e1rakban, eloszt\u00f3k\u00f6zpontokban \u00e9s m\u00e1s ipari k\u00f6rnyezetben m\u0171k\u00f6d\u0151 targonc\u00e1k sz\u00e1m\u00e1ra, ahol a megb\u00edzhat\u00f3 \u00e9s er\u0151teljes emel\u00e9s kritikus fontoss\u00e1g\u00fa a termel\u00e9kenys\u00e9g szempontj\u00e1b\u00f3l.<\/p>","protected":false},"featured_media":311,"comment_status":"open","ping_status":"closed","template":"","meta":{"_et_pb_use_builder":"","_et_pb_old_content":"","_et_gb_content_width":""},"product_brand":[],"product_cat":[20],"product_tag":[],"class_list":{"0":"post-304","1":"product","2":"type-product","3":"status-publish","4":"has-post-thumbnail","6":"product_cat-forklift-hydraulic-cylinders","8":"first","9":"instock","10":"shipping-taxable","11":"product-type-simple"},"_links":{"self":[{"href":"https:\/\/fmp-components.com\/hu\/wp-json\/wp\/v2\/product\/304","targetHints":{"allow":["GET"]}}],"collection":[{"href":"https:\/\/fmp-components.com\/hu\/wp-json\/wp\/v2\/product"}],"about":[{"href":"https:\/\/fmp-components.com\/hu\/wp-json\/wp\/v2\/types\/product"}],"replies":[{"embeddable":true,"href":"https:\/\/fmp-components.com\/hu\/wp-json\/wp\/v2\/comments?post=304"}],"wp:featuredmedia":[{"embeddable":true,"href":"https:\/\/fmp-components.com\/hu\/wp-json\/wp\/v2\/media\/311"}],"wp:attachment":[{"href":"https:\/\/fmp-components.com\/hu\/wp-json\/wp\/v2\/media?parent=304"}],"wp:term":[{"taxonomy":"product_brand","embeddable":true,"href":"https:\/\/fmp-components.com\/hu\/wp-json\/wp\/v2\/product_brand?post=304"},{"taxonomy":"product_cat","embeddable":true,"href":"https:\/\/fmp-components.com\/hu\/wp-json\/wp\/v2\/product_cat?post=304"},{"taxonomy":"product_tag","embeddable":true,"href":"https:\/\/fmp-components.com\/hu\/wp-json\/wp\/v2\/product_tag?post=304"}],"curies":[{"name":"munkaf\u00fczet","href":"https:\/\/api.w.org\/{rel}","templated":true}]}}