{"id":3036,"date":"2025-01-04T06:44:35","date_gmt":"2025-01-04T06:44:35","guid":{"rendered":"https:\/\/fmp-components.com\/?page_id=8"},"modified":"2025-01-04T06:58:59","modified_gmt":"2025-01-04T06:58:59","slug":"silage-machine-gearbox-fmp-qz-wrxr-for-german-champion-four-disc-type-3500","status":"publish","type":"product","link":"https:\/\/fmp-components.com\/hu\/product\/silage-machine-gearbox-fmp-qz-wrxr-for-german-champion-four-disc-type-3500\/","title":{"rendered":"Sil\u00f3z\u00f3g\u00e9p hajt\u00f3m\u0171 FMP-QZ-WRXR German Champion n\u00e9gyt\u00e1rcs\u00e1s sil\u00f3z\u00f3g\u00e9phez (3500 t\u00edpus)"},"content":{"rendered":"<h2>Sil\u00f3z\u00f3g\u00e9p hajt\u00f3m\u0171 FMP-QZ-WRXR m\u00e9retei<\/h2>\n<p><img loading=\"lazy\" decoding=\"async\" class=\"alignnone size-full wp-image-3039\" src=\"https:\/\/fmp-components.com\/wp-content\/uploads\/2025\/01\/Silage-Machine-Gearbox-EP-QZ-WRXR-Dimensions-1.webp\" alt=\"Sil\u00f3z\u00f3g\u00e9p-hajt\u00f3m\u0171-EP-QZ-WRXR-M\u00e9retek-1\" width=\"1332\" height=\"626\" title=\"\" srcset=\"https:\/\/fmp-components.com\/wp-content\/uploads\/2025\/01\/Silage-Machine-Gearbox-EP-QZ-WRXR-Dimensions-1.webp 1332w, https:\/\/fmp-components.com\/wp-content\/uploads\/2025\/01\/Silage-Machine-Gearbox-EP-QZ-WRXR-Dimensions-1-1280x602.webp 1280w, https:\/\/fmp-components.com\/wp-content\/uploads\/2025\/01\/Silage-Machine-Gearbox-EP-QZ-WRXR-Dimensions-1-980x461.webp 980w, https:\/\/fmp-components.com\/wp-content\/uploads\/2025\/01\/Silage-Machine-Gearbox-EP-QZ-WRXR-Dimensions-1-480x226.webp 480w\" sizes=\"(min-width: 0px) and (max-width: 480px) 480px, (min-width: 481px) and (max-width: 980px) 980px, (min-width: 981px) and (max-width: 1280px) 1280px, (min-width: 1281px) 1332px, 100vw\" \/><\/p>\n<p><img loading=\"lazy\" decoding=\"async\" class=\"alignnone size-full wp-image-3038\" src=\"https:\/\/fmp-components.com\/wp-content\/uploads\/2025\/01\/Silage-Machine-Gearbox-EP-QZ-WRXR-Dimensions-2.webp\" alt=\"Sil\u00f3z\u00f3g\u00e9p-hajt\u00f3m\u0171-EP-QZ-WRXR-M\u00e9retek-2\" width=\"1332\" height=\"569\" title=\"\" srcset=\"https:\/\/fmp-components.com\/wp-content\/uploads\/2025\/01\/Silage-Machine-Gearbox-EP-QZ-WRXR-Dimensions-2.webp 1332w, https:\/\/fmp-components.com\/wp-content\/uploads\/2025\/01\/Silage-Machine-Gearbox-EP-QZ-WRXR-Dimensions-2-1280x547.webp 1280w, https:\/\/fmp-components.com\/wp-content\/uploads\/2025\/01\/Silage-Machine-Gearbox-EP-QZ-WRXR-Dimensions-2-980x419.webp 980w, https:\/\/fmp-components.com\/wp-content\/uploads\/2025\/01\/Silage-Machine-Gearbox-EP-QZ-WRXR-Dimensions-2-480x205.webp 480w\" sizes=\"(min-width: 0px) and (max-width: 480px) 480px, (min-width: 481px) and (max-width: 980px) 980px, (min-width: 981px) and (max-width: 1280px) 1280px, (min-width: 1281px) 1332px, 100vw\" \/><\/p>\n<h2>Sil\u00f3z\u00f3g\u00e9p hajt\u00f3m\u0171 FMP-QZ-WRXR m\u0171szaki adatok<\/h2>\n<table style=\"width: 94.2519%; height: 94px;\" border=\"1\" cellspacing=\"0\" cellpadding=\"0\">\n<tbody>\n<tr>\n<td>N\u00e9v<\/td>\n<td>Alkalmas<\/td>\n<td>Fordulat<\/td>\n<td>fejl\u00e9c sorozat<\/td>\n<td>Fogazat<\/td>\n<\/tr>\n<tr>\n<td>Etet\u0151doboz<\/td>\n<td>sil\u00f3z\u00f3g\u00e9pek<\/td>\n<td>jobbra forgat\u00e1s<\/td>\n<td>3-as sorozat<\/td>\n<td>Gleason spir\u00e1lis fogak<\/td>\n<\/tr>\n<tr>\n<td colspan=\"5\">Megjegyz\u00e9s: Ha b\u00e1rmilyen k\u00fcl\u00f6nleges ig\u00e9nye van, nyugodtan sz\u00f3ljon, mi is elfogadjuk az egyedi megrendel\u00e9seket.<\/td>\n<\/tr>\n<\/tbody>\n<\/table>\n<h2>A sil\u00f3z\u00f3g\u00e9p EP-QZ-WRXR hajt\u00f3m\u0171v\u00e9nek jellemz\u0151i a German Champion n\u00e9gyt\u00e1rcs\u00e1s sil\u00f3z\u00f3g\u00e9pekhez (3500-as t\u00edpus)<\/h2>\n<p>A German Champion Four Disc (3500-as t\u00edpus) sil\u00f3z\u00f3g\u00e9p FMP-QZ-WRXR sebess\u00e9gv\u00e1lt\u00f3j\u00e1t \u00fagy tervezt\u00e9k, hogy kiv\u00e1l\u00f3 teljes\u00edtm\u00e9nyt \u00e9s megb\u00edzhat\u00f3s\u00e1got biztos\u00edtson a sil\u00f3z\u00e1si \u00e9s takarm\u00e1nyfeldolgoz\u00e1si alkalmaz\u00e1sokban. Az al\u00e1bbiakban a sebess\u00e9gv\u00e1lt\u00f3 f\u0151bb jellemz\u0151it ismertetj\u00fck:<\/p>\n<h3>1. Nagy nyomat\u00e9kkapacit\u00e1s<\/h3>\n<ul>\n<li>Az FMP-QZ-WRXR sebess\u00e9gv\u00e1lt\u00f3t \u00fagy tervezt\u00e9k, hogy nagy nyomat\u00e9kig\u00e9nyt kezeljen, \u00edgy biztos\u00edtva a sima m\u0171k\u00f6d\u00e9st m\u00e9g nagy terhel\u00e9s mellett is. Ez a funkci\u00f3 kulcsfontoss\u00e1g\u00fa a sil\u00f3z\u00f3g\u00e9pekn\u00e9l, amelyeknek s\u0171r\u0171, rostos takarm\u00e1nyn\u00f6v\u00e9nyeket kell apr\u00edtaniuk a teljes\u00edtm\u00e9ny fel\u00e1ldoz\u00e1sa n\u00e9lk\u00fcl.<\/li>\n<\/ul>\n<h3>2. Prec\u00edzi\u00f3s m\u00e9rn\u00f6ki munka a megb\u00edzhat\u00f3s\u00e1g\u00e9rt<\/h3>\n<ul>\n<li>A prec\u00edzi\u00f3s tervez\u00e9ssel gy\u00e1rtott sebess\u00e9gv\u00e1lt\u00f3 biztos\u00edtja, hogy minden alkatr\u00e9sz z\u00f6kken\u0151mentesen m\u0171k\u00f6dj\u00f6n egy\u00fctt, ami \u00e1lland\u00f3 teljes\u00edtm\u00e9nyt \u00e9s megb\u00edzhat\u00f3s\u00e1got eredm\u00e9nyez. Ez a m\u00e9rn\u00f6ki munka minimaliz\u00e1lja a kop\u00e1st, meghosszabb\u00edtja a sebess\u00e9gv\u00e1lt\u00f3 \u00e9lettartam\u00e1t \u00e9s cs\u00f6kkenti a karbantart\u00e1si k\u00f6lts\u00e9geket.<\/li>\n<\/ul>\n<h3>3. Hat\u00e9kony er\u0151\u00e1tvitel<\/h3>\n<ul>\n<li>A sebess\u00e9gv\u00e1lt\u00f3 a traktor kard\u00e1ntengely\u00e9r\u0151l a v\u00e1g\u00f3t\u00e1rcs\u00e1kra t\u00f6rt\u00e9n\u0151 hat\u00e9kony er\u0151\u00e1tvitelre van optimaliz\u00e1lva. Biztos\u00edtja, hogy a kard\u00e1ntengely \u00e1ltal termelt energia hat\u00e9konyan alakuljon \u00e1t a sil\u00f3z\u00f3g\u00e9p v\u00e1g\u00f3mechanizmus\u00e1nak m\u0171k\u00f6dtet\u00e9s\u00e9hez sz\u00fcks\u00e9ges forg\u00f3mozg\u00e1ss\u00e1, jav\u00edtva az \u00e1ltal\u00e1nos m\u0171k\u00f6d\u00e9si hat\u00e9konys\u00e1got.<\/li>\n<\/ul>\n<h3>4. Sebess\u00e9gcs\u00f6kkent\u00e9s \u00e9s nyomat\u00e9kn\u00f6vel\u00e9s<\/h3>\n<ul>\n<li>A bemeneti fordulatsz\u00e1m cs\u00f6kkent\u00e9s\u00e9re \u00e9s a nyomat\u00e9k n\u00f6vel\u00e9s\u00e9re tervezett sebess\u00e9gv\u00e1lt\u00f3 biztos\u00edtja, hogy a v\u00e1g\u00f3t\u00e1rcs\u00e1k optim\u00e1lis sebess\u00e9ggel m\u0171k\u00f6djenek a takarm\u00e1nyn\u00f6v\u00e9nyek apr\u00edt\u00e1s\u00e1hoz. A traktor TLT-j\u00e9nek nagy fordulatsz\u00e1m\u00fa forg\u00e1s\u00e1nak cs\u00f6kkent\u00e9s\u00e9vel a sebess\u00e9gv\u00e1lt\u00f3 lehet\u0151v\u00e9 teszi, hogy a g\u00e9p a hat\u00e9kony apr\u00edt\u00e1shoz sz\u00fcks\u00e9ges lassabb sebess\u00e9ggel m\u0171k\u00f6dj\u00f6n, mik\u00f6zben meg\u0151rzi a neh\u00e9z terhek kezel\u00e9s\u00e9hez sz\u00fcks\u00e9ges teljes\u00edtm\u00e9nyt.<\/li>\n<\/ul>\n<h3>5. Kompakt \u00e9s robusztus kialak\u00edt\u00e1s<\/h3>\n<ul>\n<li>Az FMP-QZ-WRXR sebess\u00e9gv\u00e1lt\u00f3 kompakt \u00e9s robusztus kialak\u00edt\u00e1sa alkalmass\u00e1 teszi a zord mez\u0151gazdas\u00e1gi k\u00f6rnyezetben val\u00f3 haszn\u00e1latra. Massz\u00edv konstrukci\u00f3ja biztos\u00edtja, hogy ellen\u00e1lljon a folyamatos haszn\u00e1lat fizikai terhel\u00e9s\u00e9nek ig\u00e9nyes sz\u00e1nt\u00f3f\u00f6ldi k\u00f6r\u00fclm\u00e9nyek k\u00f6z\u00f6tt, tart\u00f3ss\u00e1got \u00e9s hossz\u00fa t\u00e1v\u00fa megb\u00edzhat\u00f3s\u00e1got biztos\u00edtva.<\/li>\n<\/ul>\n<p>A German Champion Four Disc (3500-as t\u00edpus) sil\u00f3z\u00f3g\u00e9phez k\u00e9sz\u00fclt FMP-QZ-WRXR sebess\u00e9gv\u00e1lt\u00f3 a nagy teljes\u00edtm\u00e9ny\u0171 m\u00e9rn\u00f6ki munk\u00e1t, a tart\u00f3ss\u00e1got \u00e9s az alkalmazkod\u00f3k\u00e9pess\u00e9get \u00f6tv\u00f6zi, \u00edgy n\u00e9lk\u00fcl\u00f6zhetetlen alkatr\u00e9sz a modern sil\u00f3- \u00e9s takarm\u00e1nybetakar\u00edt\u00f3 berendez\u00e9sekben. Optim\u00e1lis teljes\u00edtm\u00e9nyt biztos\u00edt a neh\u00e9z mez\u0151gazdas\u00e1gi m\u0171veletek sor\u00e1n, mik\u00f6zben rugalmass\u00e1got, megb\u00edzhat\u00f3s\u00e1got \u00e9s hat\u00e9konys\u00e1got k\u00edn\u00e1l.<\/p>\n<p><img loading=\"lazy\" decoding=\"async\" class=\"alignnone size-full wp-image-2971\" src=\"https:\/\/fmp-components.com\/wp-content\/uploads\/2025\/01\/Silage-Machine-Gearbox-EP-QZ-WRXL-for-German-Champion-Four-Disc-Type-3500.webp\" alt=\"Sil\u00f3z\u00f3g\u00e9p-hajt\u00f3m\u0171-EP-QZ-WRXL-a-N\u00e9met-Bajnok-N\u00e9gyt\u00e1rcs\u00e1s-3500-as-T\u00edpushoz\" width=\"1024\" height=\"607\" title=\"\" srcset=\"https:\/\/fmp-components.com\/wp-content\/uploads\/2025\/01\/Silage-Machine-Gearbox-EP-QZ-WRXL-for-German-Champion-Four-Disc-Type-3500.webp 1024w, https:\/\/fmp-components.com\/wp-content\/uploads\/2025\/01\/Silage-Machine-Gearbox-EP-QZ-WRXL-for-German-Champion-Four-Disc-Type-3500-980x581.webp 980w, https:\/\/fmp-components.com\/wp-content\/uploads\/2025\/01\/Silage-Machine-Gearbox-EP-QZ-WRXL-for-German-Champion-Four-Disc-Type-3500-480x285.webp 480w\" sizes=\"(min-width: 0px) and (max-width: 480px) 480px, (min-width: 481px) and (max-width: 980px) 980px, (min-width: 981px) 1024px, 100vw\" \/><\/p>\n<h2>A sil\u00f3z\u00f3g\u00e9p FMP-QZ-WRXR sebess\u00e9gv\u00e1lt\u00f3j\u00e1nak alkalmaz\u00e1sai a German Champion n\u00e9gyt\u00e1rcs\u00e1s (3500-as t\u00edpus) szecsk\u00e1z\u00f3khoz<\/h2>\n<p>A n\u00e9met Champion Four Disc (3500-as t\u00edpus) sil\u00f3z\u00f3g\u00e9phez val\u00f3 FMP-QZ-WRXR sebess\u00e9gv\u00e1lt\u00f3 egy nagy teljes\u00edtm\u00e9ny\u0171, prec\u00edzi\u00f3san megtervezett alkatr\u00e9sz, amelyet kifejezetten a sil\u00f3z\u00e1shoz \u00e9s takarm\u00e1nyfeldolgoz\u00e1shoz haszn\u00e1lt mez\u0151gazdas\u00e1gi g\u00e9pekhez terveztek. Az al\u00e1bbiakban a sebess\u00e9gv\u00e1lt\u00f3 f\u0151bb alkalmaz\u00e1sai l\u00e1that\u00f3k:<\/p>\n<h3>1. Sil\u00f3z\u00e1si betakar\u00edt\u00e1s \u00e9s feldolgoz\u00e1s<\/h3>\n<ul>\n<li>Els\u0151dleges alkalmaz\u00e1s: Az FMP-QZ-WRXR sebess\u00e9gv\u00e1lt\u00f3t els\u0151sorban sil\u00f3z\u00f3g\u00e9pekben haszn\u00e1lj\u00e1k, ahol a takarm\u00e1nyn\u00f6v\u00e9nyek apr\u00edt\u00e1s\u00e1hoz \u00e9s feldolgoz\u00e1s\u00e1hoz sz\u00fcks\u00e9ges v\u00e1g\u00f3t\u00e1rcs\u00e1kat hajtja. A kard\u00e1ntengelyr\u0151l a v\u00e1g\u00f3t\u00e1rcs\u00e1kra hat\u00e9konyan \u00e1tvitt er\u0151 r\u00e9v\u00e9n a sebess\u00e9gv\u00e1lt\u00f3 lehet\u0151v\u00e9 teszi a g\u00e9p sz\u00e1m\u00e1ra, hogy k\u00fcl\u00f6nf\u00e9le takarm\u00e1nyn\u00f6v\u00e9nyeket, p\u00e9ld\u00e1ul kukoric\u00e1t, f\u00fcvet, lucern\u00e1t \u00e9s cirokot finomra apr\u00edtott, sil\u00f3z\u00e1sra alkalmas anyagg\u00e1 alak\u00edtson.<\/li>\n<li>N\u00f6v\u00e9nyt\u00edpusok: A sebess\u00e9gv\u00e1lt\u00f3 t\u00e1mogatja mind a magas nedvess\u00e9gtartalm\u00fa n\u00f6v\u00e9nyek (p\u00e9ld\u00e1ul kukorica), mind a sz\u00e1razabb n\u00f6v\u00e9nyek (p\u00e9ld\u00e1ul f\u0171f\u00e9l\u00e9k \u00e9s h\u00fcvelyesek) betakar\u00edt\u00e1s\u00e1t, biztos\u00edtva az optim\u00e1lis teljes\u00edtm\u00e9nyt a k\u00fcl\u00f6nb\u00f6z\u0151 n\u00f6v\u00e9nyt\u00edpusok eset\u00e9ben.<\/li>\n<\/ul>\n<h3>2. Takarm\u00e1nyv\u00e1g\u00e1s \u00e9s -apr\u00edt\u00e1s<\/h3>\n<ul>\n<li>A sebess\u00e9gv\u00e1lt\u00f3 hajtja a v\u00e1g\u00f3t\u00e1rcs\u00e1kat, amelyek apr\u00edtj\u00e1k \u00e9s apr\u00edtj\u00e1k a betakar\u00edtott takarm\u00e1nyt. Az FMP-QZ-WRXR prec\u00edzi\u00f3s m\u00e9rn\u00f6ki tervez\u00e9se biztos\u00edtja, hogy a t\u00e1rcs\u00e1k optim\u00e1lis sebess\u00e9ggel \u00e9s nyomat\u00e9kkal m\u0171k\u00f6djenek, egyenletes szecskahosszt biztos\u00edtva, ami elengedhetetlen a sil\u00f3t\u00e1rol\u00e1s sor\u00e1n a megfelel\u0151 erjed\u00e9s \u00e9rdek\u00e9ben.<\/li>\n<li>Egyenletes v\u00e1g\u00e1s: Biztos\u00edtja a term\u00e9nyanyag egyenletes v\u00e1g\u00e1s\u00e1t, jav\u00edtja az erjed\u00e9si folyamatot \u00e9s a takarm\u00e1nymin\u0151s\u00e9get, ami l\u00e9tfontoss\u00e1g\u00fa az \u00e1llat\u00e1llom\u00e1ny t\u00e1pl\u00e1lkoz\u00e1sa szempontj\u00e1b\u00f3l.<\/li>\n<\/ul>\n<h3>3. Szennyez\u0151d\u00e9s \u00e9s magas nedvess\u00e9gtartalm\u00fa takarm\u00e1ny el\u0151\u00e1ll\u00edt\u00e1sa<\/h3>\n<ul>\n<li>A sil\u00f3z\u00e1shoz hasonl\u00f3an az FMP-QZ-WRXR sebess\u00e9gv\u00e1lt\u00f3 alkalmazhat\u00f3 sz\u00e9nagy\u00e1rt\u00e1sban is, ahol a nedves takarm\u00e1nyt apr\u00edt\u00f3 \u00e9s feldolgoz\u00f3 g\u00e9peket hajtja t\u00e1rol\u00e1s c\u00e9lj\u00e1b\u00f3l. A sebess\u00e9gv\u00e1lt\u00f3 nagy nyomat\u00e9k\u00fa alkalmaz\u00e1sok kezel\u00e9s\u00e9re val\u00f3 k\u00e9pess\u00e9ge kulcsfontoss\u00e1g\u00fa ilyen k\u00f6r\u00fclm\u00e9nyek k\u00f6z\u00f6tt a nedvesebb, s\u0171r\u0171bb anyagok feldolgoz\u00e1sa k\u00f6zbeni \u00e1lland\u00f3 teljes\u00edtm\u00e9ny fenntart\u00e1s\u00e1hoz.<\/li>\n<li>Nedvess\u00e9gtartalom fenntart\u00e1sa: A sebess\u00e9gv\u00e1lt\u00f3 lehet\u0151v\u00e9 teszi a g\u00e9pek hat\u00e9kony m\u0171k\u00f6d\u00e9s\u00e9t nedvess\u00e9gtartalom-vesztes\u00e9g n\u00e9lk\u00fcl, ami elengedhetetlen a kiv\u00e1l\u00f3 min\u0151s\u00e9g\u0171 sz\u00e9na el\u0151\u00e1ll\u00edt\u00e1s\u00e1hoz.<\/li>\n<\/ul>\n<h3>4. F\u0171- \u00e9s h\u00fcvelyes szil\u00e1zs<\/h3>\n<ul>\n<li>A hajt\u00f3m\u0171 rendk\u00edv\u00fcl hat\u00e9kony a f\u0171szil\u00e1zs (p\u00e9ld\u00e1ul rozs, eb\u00edr \u00e9s l\u00f3here) \u00e9s a h\u00fcvelyes szil\u00e1zs feldolgoz\u00e1s\u00e1ban, amelyek alapvet\u0151 takarm\u00e1nyok a tejel\u0151 \u00e9s h\u00fasmarh\u00e1k sz\u00e1m\u00e1ra. A sz\u00e9les k\u00f6r\u0171 n\u00f6v\u00e9nyi anyagok kezel\u00e9s\u00e9re \u00e9s az egyenletes apr\u00edt\u00e1s biztos\u00edt\u00e1s\u00e1ra val\u00f3 k\u00e9pess\u00e9ge elengedhetetlen a kiv\u00e1l\u00f3 min\u0151s\u00e9g\u0171, jobb t\u00e1p\u00e9rt\u00e9k\u0171 szil\u00e1zs el\u0151\u00e1ll\u00edt\u00e1s\u00e1hoz az \u00e1llat\u00e1llom\u00e1ny sz\u00e1m\u00e1ra.<\/li>\n<li>A takarm\u00e1nymin\u0151s\u00e9g optimaliz\u00e1l\u00e1sa: A prec\u00edz apr\u00edt\u00e1s el\u0151seg\u00edt\u00e9s\u00e9vel biztos\u00edtja, hogy a szil\u00e1zs megfelel\u0151en felk\u00e9sz\u00fclj\u00f6n az erjeszt\u00e9sre, jav\u00edtva annak em\u00e9szthet\u0151s\u00e9g\u00e9t \u00e9s t\u00e1p\u00e9rt\u00e9k\u00e9t.<\/li>\n<\/ul>\n<h3>5. Nagy volumen\u0171 kereskedelmi gazd\u00e1lkod\u00e1s<\/h3>\n<ul>\n<li>Az FMP-QZ-WRXR sebess\u00e9gv\u00e1lt\u00f3 ide\u00e1lis nagym\u00e9ret\u0171 sil\u00f3z\u00e1shoz kereskedelmi gazdas\u00e1gokban. Nagy mennyis\u00e9g\u0171 takarm\u00e1nyn\u00f6v\u00e9nyt is k\u00e9pes kezelni, \u00edgy n\u00e9lk\u00fcl\u00f6zhetetlen eleme a nagy, \u00f6nj\u00e1r\u00f3 betakar\u00edt\u00f3g\u00e9pek vagy vontatott sil\u00f3z\u00f3g\u00e9pek m\u0171k\u00f6dtet\u00e9s\u00e9nek. A sebess\u00e9gv\u00e1lt\u00f3 robusztus kialak\u00edt\u00e1sa biztos\u00edtja a megb\u00edzhat\u00f3s\u00e1got a nagy mez\u0151gazdas\u00e1gi \u00fczemekre jellemz\u0151 folyamatos, nagy ig\u00e9nybev\u00e9tel\u0171 m\u0171veletek sor\u00e1n.<\/li>\n<li>Tart\u00f3ss\u00e1g neh\u00e9z \u00fczemi k\u00f6r\u00fclm\u00e9nyek k\u00f6z\u00f6tt: A sebess\u00e9gv\u00e1lt\u00f3 azon k\u00e9pess\u00e9ge, hogy nagy nyomat\u00e9kot k\u00e9pes tov\u00e1bb\u00edtani a teljes\u00edtm\u00e9ny fel\u00e1ldoz\u00e1sa n\u00e9lk\u00fcl, t\u00f6k\u00e9letess\u00e9 teszi a neh\u00e9z mez\u0151gazdas\u00e1gi m\u0171veletekhez, jav\u00edtva a hat\u00e9konys\u00e1got \u00e9s cs\u00f6kkentve az \u00e1ll\u00e1sid\u0151t.<\/li>\n<\/ul>\n<p>L\u00e9nyeg\u00e9ben az FMP-QZ-WRXR sebess\u00e9gv\u00e1lt\u00f3 egy robusztus, sokoldal\u00fa \u00e9s rendk\u00edv\u00fcl hat\u00e9kony alkatr\u00e9sz mez\u0151gazdas\u00e1gi g\u00e9pekhez, amelyet kifejezetten a sil\u00f3z\u00e1s \u00e9s -feldolgoz\u00e1s optimaliz\u00e1l\u00e1s\u00e1ra terveztek. Biztos\u00edtja a z\u00f6kken\u0151mentes m\u0171k\u00f6d\u00e9st ig\u00e9nyl\u0151 k\u00f6r\u00fclm\u00e9nyek k\u00f6z\u00f6tt, jav\u00edtja a takarm\u00e1nymin\u0151s\u00e9get, \u00e9s t\u00e1mogatja a nagy\u00fczemi mez\u0151gazdas\u00e1gi m\u0171veleteket.<\/p>\n<p><img loading=\"lazy\" decoding=\"async\" class=\"alignnone size-full wp-image-2972\" src=\"https:\/\/fmp-components.com\/wp-content\/uploads\/2025\/01\/Silage-Machine-Gearbox-for-German-Champion-Four-Disc-Type-3500-Working-Principle-scaled.webp\" alt=\"Sil\u00f3z\u00f3g\u00e9p-hajt\u00f3m\u0171-a-n\u00e9met-bajnok-n\u00e9gyt\u00e1rcs\u00e1s-3500-as-t\u00edpus\u00fa-szil\u00e1rd\u00edt\u00f3 ...\" width=\"2560\" height=\"1212\" title=\"\" srcset=\"https:\/\/fmp-components.com\/wp-content\/uploads\/2025\/01\/Silage-Machine-Gearbox-for-German-Champion-Four-Disc-Type-3500-Working-Principle-scaled.webp 2560w, https:\/\/fmp-components.com\/wp-content\/uploads\/2025\/01\/Silage-Machine-Gearbox-for-German-Champion-Four-Disc-Type-3500-Working-Principle-1280x606.webp 1280w, https:\/\/fmp-components.com\/wp-content\/uploads\/2025\/01\/Silage-Machine-Gearbox-for-German-Champion-Four-Disc-Type-3500-Working-Principle-980x464.webp 980w, https:\/\/fmp-components.com\/wp-content\/uploads\/2025\/01\/Silage-Machine-Gearbox-for-German-Champion-Four-Disc-Type-3500-Working-Principle-480x227.webp 480w\" sizes=\"(min-width: 0px) and (max-width: 480px) 480px, (min-width: 481px) and (max-width: 980px) 980px, (min-width: 981px) and (max-width: 1280px) 1280px, (min-width: 1281px) 2560px, 100vw\" \/><\/p>\n<h2>Az FMP-r\u0151l<\/h2>\n<p>Az olaszorsz\u00e1gi sz\u00e9khely\u0171 FMP vezet\u0151 gy\u00e1rt\u00f3, amely a nagy teljes\u00edtm\u00e9ny\u0171 sebess\u00e9gv\u00e1lt\u00f3k tervez\u00e9s\u00e9ben, fejleszt\u00e9s\u00e9ben \u00e9s gy\u00e1rt\u00e1s\u00e1ban szerzett szak\u00e9rtelm\u00e9r\u0151l ismert, k\u00fcl\u00f6n\u00f6s tekintettel a mez\u0151gazdas\u00e1gi g\u00e9piparra. A prec\u00edzi\u00f3s m\u00e9rn\u00f6ki munk\u00e1r\u00f3l, innovat\u00edv megold\u00e1sair\u00f3l \u00e9s rend\u00edthetetlen megb\u00edzhat\u00f3s\u00e1g\u00e1r\u00f3l ismert FMP megb\u00edzhat\u00f3 partnerk\u00e9nt szerzett h\u00edrnevet mind a mez\u0151gazdas\u00e1gi, mind az ipari szektorban. Kiterjedt term\u00e9kk\u00edn\u00e1latunkban megtal\u00e1lhat\u00f3k egyedi tervez\u00e9s\u0171 sebess\u00e9gv\u00e1lt\u00f3k f\u0171ny\u00edr\u00f3khoz, kard\u00e1ntengelyekhez \u00e9s egy\u00e9b alapvet\u0151 alkatr\u00e9szekhez, amelyek mindegyike a sz\u00e9les k\u00f6r\u0171 alkalmaz\u00e1sok sokr\u00e9t\u0171 ig\u00e9nyeinek kiel\u00e9g\u00edt\u00e9s\u00e9re szolg\u00e1l.<\/p>\n<p>Az FMP-n\u00e9l meg\u00e9rtj\u00fck, hogy minden \u00fcgyf\u00e9lnek egyedi kih\u00edv\u00e1sai \u00e9s ig\u00e9nyei vannak. Ez\u00e9rt specializ\u00e1l\u00f3dtunk a szem\u00e9lyre szabott megold\u00e1sok ny\u00fajt\u00e1s\u00e1ra, legyen sz\u00f3 ak\u00e1r egyedi komponensekr\u0151l, ak\u00e1r teljesen integr\u00e1lt rendszerekr\u0151l. \u00dcgyfeleinkkel szorosan egy\u00fcttm\u0171k\u00f6dve biztos\u00edtjuk, hogy minden megold\u00e1s ne csak megfeleljen az egyedi ig\u00e9nyeiknek, hanem n\u00f6velje a teljes\u00edtm\u00e9nyt \u00e9s az \u00e9rt\u00e9ket is. A gyors, professzion\u00e1lis v\u00e1laszok ir\u00e1nti elk\u00f6telezetts\u00e9g\u00fcnk, valamint a szak\u00e9rt\u0151i \u00fatmutat\u00e1s garant\u00e1lja, hogy minden megkeres\u00e9st a legnagyobb k\u00f6r\u00fcltekint\u00e9ssel \u00e9s pontoss\u00e1ggal kezel\u00fcnk, minden alkalommal optim\u00e1lis eredm\u00e9nyeket hozva.<\/p>\n<p>Els\u0151dleges szempontunk az \u00e1tl\u00e1that\u00f3 \u00e9s folyamatos kommunik\u00e1ci\u00f3 a teljes term\u00e9kfejleszt\u00e9si ciklus sor\u00e1n. Elk\u00f6telezett csapatunk k\u00f6zvetlen\u00fcl az \u00fcgyfelekkel dolgozik, hogy teljes m\u00e9rt\u00e9kben meg\u00e9rtse egyedi ig\u00e9nyeiket, \u00e9s \u00e1tfog\u00f3 aj\u00e1nl\u00e1sokat k\u00edn\u00e1ljon a lehet\u0151 legjobb eredm\u00e9nyek el\u00e9r\u00e9se \u00e9rdek\u00e9ben. Ak\u00e1r innovat\u00edv term\u00e9keket tervez\u00fcnk, ak\u00e1r folyamatos megrendel\u00e9seket teljes\u00edt\u00fcnk, az FMP elk\u00f6telezett amellett, hogy minden alkalommal kiv\u00e1l\u00f3 min\u0151s\u00e9g\u0171, prec\u00edzi\u00f3san megtervezett megold\u00e1sokat sz\u00e1ll\u00edtson id\u0151ben. C\u00e9lunk, hogy folyamatosan fel\u00fclm\u00faljuk \u00fcgyfeleink elv\u00e1r\u00e1sait, kiv\u00e9teles szolg\u00e1ltat\u00e1st \u00e9s eredm\u00e9nyeket ny\u00fajtva minden projektben.<\/p>\n<p>A min\u0151s\u00e9g az FMP m\u0171k\u00f6d\u00e9s\u00e9nek alapja. Betartjuk a legmagasabb gy\u00e1rt\u00e1si szabv\u00e1nyokat, \u00e9s szigor\u00fa min\u0151s\u00e9gellen\u0151rz\u00e9si int\u00e9zked\u00e9seket alkalmazunk annak biztos\u00edt\u00e1sa \u00e9rdek\u00e9ben, hogy minden term\u00e9k ne csak megfeleljen, hanem meghaladja az ipar\u00e1gi szabv\u00e1nyokat. Ez a kiv\u00e1l\u00f3s\u00e1g ir\u00e1nti elk\u00f6telezetts\u00e9g, valamint az integrit\u00e1s, a csapatmunka \u00e9s a kitart\u00e1s alapvet\u0151 \u00e9rt\u00e9kei lehet\u0151v\u00e9 tett\u00e9k sz\u00e1munkra, hogy tart\u00f3s, bizalmon alapul\u00f3 kapcsolatokat \u00e9p\u00edts\u00fcnk ki \u00fcgyfeleinkkel vil\u00e1gszerte k\u00f6zel 30 orsz\u00e1gban.<\/p>\n<p>Az FMP mindig is t\u00f6rekedett a glob\u00e1lis partners\u00e9gek \u00e1pol\u00e1s\u00e1ra, \u00e9s elk\u00f6telezett amellett, hogy szak\u00e9rt\u0151i tan\u00e1csokat \u00e9s szem\u00e9lyre szabott megold\u00e1sokat k\u00edn\u00e1ljon, amelyek megfelelnek \u00fcgyfeleink v\u00e1ltoz\u00f3 ig\u00e9nyeinek. Nemcsak a term\u00e9kek sz\u00e1ll\u00edt\u00e1s\u00e1ra t\u00f6reksz\u00fcnk \u2013 olyan tart\u00f3s kapcsolatok ki\u00e9p\u00edt\u00e9s\u00e9re t\u00f6reksz\u00fcnk, amelyek hozz\u00e1j\u00e1rulnak minden egyes projekt siker\u00e9hez. Ak\u00e1r innovat\u00edv megold\u00e1sokra van sz\u00fcks\u00e9ge egy \u00faj v\u00e1llalkoz\u00e1shoz, ak\u00e1r folyamatos t\u00e1mogat\u00e1sra egy megl\u00e9v\u0151 rendszerhez, az FMP k\u00e9szen \u00e1ll arra, hogy megfeleljen a technikai kih\u00edv\u00e1soknak \u00e9s biztos\u00edtsa a folyamatos sikert.<\/p>\n<p><img loading=\"lazy\" decoding=\"async\" class=\"alignnone wp-image-2695\" src=\"https:\/\/fmp-components.com\/wp-content\/uploads\/2025\/01\/agricultural-gearbox3.webp\" alt=\"mez\u0151gazdas\u00e1gi sebess\u00e9gv\u00e1lt\u00f3\" width=\"953\" height=\"951\" title=\"\" srcset=\"https:\/\/fmp-components.com\/wp-content\/uploads\/2025\/01\/agricultural-gearbox3.webp 953w, https:\/\/fmp-components.com\/wp-content\/uploads\/2025\/01\/agricultural-gearbox3-480x479.webp 480w\" sizes=\"(min-width: 0px) and (max-width: 480px) 480px, (min-width: 481px) 953px, 100vw\" \/><\/p>\n<p>Szerz\u0151: CX<\/p>","protected":false},"excerpt":{"rendered":"<p>Silage Machine Gearbox FMP-QZ-WRXR Dimensions Silage Machine Gearbox FMP-QZ-WRXR Technical Data Name Suitable Turn header series Toothing Feeding box silage machines dextrorotation 3 series Gleason Helical Teeth Remark: If you have any special require feel free let me know, we also accept custom. Features of Silage Machine Gearbox EP-QZ-WRXR for German Champion Four Disc (Type [&hellip;]<\/p>","protected":false},"featured_media":3037,"comment_status":"open","ping_status":"closed","template":"","meta":{"_et_pb_use_builder":"","_et_pb_old_content":"","_et_gb_content_width":""},"product_brand":[],"product_cat":[69],"product_tag":[],"class_list":{"0":"post-3036","1":"product","2":"type-product","3":"status-publish","4":"has-post-thumbnail","6":"product_cat-silage-machine-gearbox","8":"first","9":"instock","10":"shipping-taxable","11":"product-type-simple"},"_links":{"self":[{"href":"https:\/\/fmp-components.com\/hu\/wp-json\/wp\/v2\/product\/3036","targetHints":{"allow":["GET"]}}],"collection":[{"href":"https:\/\/fmp-components.com\/hu\/wp-json\/wp\/v2\/product"}],"about":[{"href":"https:\/\/fmp-components.com\/hu\/wp-json\/wp\/v2\/types\/product"}],"replies":[{"embeddable":true,"href":"https:\/\/fmp-components.com\/hu\/wp-json\/wp\/v2\/comments?post=3036"}],"wp:featuredmedia":[{"embeddable":true,"href":"https:\/\/fmp-components.com\/hu\/wp-json\/wp\/v2\/media\/3037"}],"wp:attachment":[{"href":"https:\/\/fmp-components.com\/hu\/wp-json\/wp\/v2\/media?parent=3036"}],"wp:term":[{"taxonomy":"product_brand","embeddable":true,"href":"https:\/\/fmp-components.com\/hu\/wp-json\/wp\/v2\/product_brand?post=3036"},{"taxonomy":"product_cat","embeddable":true,"href":"https:\/\/fmp-components.com\/hu\/wp-json\/wp\/v2\/product_cat?post=3036"},{"taxonomy":"product_tag","embeddable":true,"href":"https:\/\/fmp-components.com\/hu\/wp-json\/wp\/v2\/product_tag?post=3036"}],"curies":[{"name":"munkaf\u00fczet","href":"https:\/\/api.w.org\/{rel}","templated":true}]}}